{"id":10,"date":"2024-03-26T09:22:57","date_gmt":"2024-03-26T09:22:57","guid":{"rendered":"https:\/\/fliparas.com\/?page_id=10"},"modified":"2024-03-26T09:26:41","modified_gmt":"2024-03-26T09:26:41","slug":"refusion_returneringer","status":"publish","type":"page","link":"https:\/\/fliparas.com\/da\/refusion_returneringer\/","title":{"rendered":"Politik for refundering og returnering"},"content":{"rendered":"<p>&nbsp;<\/p>\r\n\r\n\r\n\r\n<h3>Oversigt<\/h3>\r\n\r\n\r\n\r\n<p>Vores refusions- og returpolitik varer 15 dage. Hvis der er g\u00e5et 15 dage siden dit k\u00f8b, kan vi ikke tilbyde dig fuld tilbagebetaling eller ombytning.<\/p>\r\n\r\n\r\n\r\n<p>For at v\u00e6re berettiget til returnering skal din vare v\u00e6re ubrugt og i samme stand, som du modtog den. Den skal ogs\u00e5 v\u00e6re i den originale emballage.<\/p>\r\n\r\n\r\n\r\n<p>Flere typer varer er undtaget fra at blive returneret. Letford\u00e6rvelige varer som mad, blomster, aviser eller magasiner kan ikke returneres. Vi tager heller ikke imod produkter, der er intim- eller hygiejneartikler, farlige materialer eller br\u00e6ndbare v\u00e6sker eller gasser.<\/p>\r\n\r\n\r\n\r\n<p>Yderligere varer, der ikke kan returneres:<\/p>\r\n\r\n\r\n\r\n<ul class=\"wp-block-list\">\r\n<li>Gavekort<\/li>\r\n<li>Softwareprodukter, der kan downloades<\/li>\r\n<li>Nogle sundheds- og personlige plejeartikler<\/li>\r\n<\/ul>\r\n\r\n\r\n\r\n<p>For at gennemf\u00f8re din returnering skal vi bruge en kvittering eller et k\u00f8bsbevis.<\/p>\r\n\r\n\r\n\r\n<p>Send ikke dit k\u00f8b tilbage til producenten.<\/p>\r\n\r\n\r\n\r\n<p>Der er visse situationer, hvor der kun gives delvis refusion:<\/p>\r\n\r\n\r\n\r\n<ul class=\"wp-block-list\">\r\n<li>Bog med tydelige brugsspor<\/li>\r\n<li>CD, DVD, VHS-b\u00e5nd, software, videospil, kassetteb\u00e5nd eller vinylplader, der har v\u00e6ret \u00e5bnet.<\/li>\r\n<li>Enhver vare, der ikke er i sin oprindelige stand, er beskadiget eller mangler dele af \u00e5rsager, der ikke skyldes vores fejl.<\/li>\r\n<li>Enhver vare, der returneres mere end 30 dage efter levering<\/li>\r\n<\/ul>\r\n\r\n\r\n\r\n<h2>Tilbagebetaling<\/h2>\r\n\r\n\r\n\r\n<p>N\u00e5r din returnering er modtaget og kontrolleret, sender vi dig en e-mail med besked om, at vi har modtaget din returnerede vare. Vi giver dig ogs\u00e5 besked om godkendelse eller afvisning af din refusion.<\/p>\r\n\r\n\r\n\r\n<p>Hvis du bliver godkendt, vil din tilbagebetaling blive behandlet, og en kreditering vil automatisk blive foretaget p\u00e5 dit kreditkort eller den oprindelige betalingsmetode inden for et bestemt antal dage.<\/p>\r\n\r\n\r\n\r\n<p><b>Forsinket eller manglende tilbagebetaling<\/b><\/p>\r\n\r\n\r\n\r\n<p>Hvis du endnu ikke har modtaget en tilbagebetaling, skal du f\u00f8rst tjekke din bankkonto igen.<\/p>\r\n\r\n\r\n\r\n<p>Kontakt derefter dit kreditkortselskab, det kan tage lidt tid, f\u00f8r din tilbagebetaling er officielt bogf\u00f8rt.<\/p>\r\n\r\n\r\n\r\n<p>Kontakt derefter din bank. Der er ofte en vis behandlingstid, f\u00f8r en tilbagebetaling bliver bogf\u00f8rt.<\/p>\r\n\r\n\r\n\r\n<p>Hvis du har gjort alt dette, og du stadig ikke har modtaget din tilbagebetaling, bedes du kontakte os p\u00e5 hola@fliparas.com.<\/p>\r\n\r\n\r\n\r\n<p><b>Udsalgsvarer<\/b><\/p>\r\n\r\n\r\n\r\n<p>Kun varer til almindelig pris kan refunderes. Udsalgsvarer kan ikke refunderes.<\/p>\r\n\r\n\r\n\r\n<h2>Udvekslinger<\/h2>\r\n\r\n\r\n\r\n<p>Vi erstatter kun varer, hvis de er defekte eller beskadigede. Hvis du har brug for at bytte den til den samme vare, skal du sende os en e-mail p\u00e5 hola@fliparas.com.<\/p>\r\n\r\n\r\n\r\n<h2>Gaver<\/h2>\r\n\r\n\r\n\r\n<p>Hvis varen var markeret som en gave, da den blev k\u00f8bt og sendt direkte til dig, vil du modtage en gavekredit til v\u00e6rdien af din returnering. N\u00e5r vi har modtaget den returnerede vare, f\u00e5r du tilsendt et gavekort.<\/p>\r\n\r\n\r\n\r\n<p>Hvis varen ikke var markeret som en gave, da den blev k\u00f8bt, eller hvis gavegiveren fik ordren sendt til sig selv for at give den til dig senere, sender vi en refusion til gavegiveren, og de vil finde ud af, at du har returneret den.<\/p>\r\n\r\n\r\n\r\n<h2>Forsendelse af returvarer<\/h2>\r\n\r\n\r\n\r\n<p>Hvis du vil returnere dit produkt, skal du sende det med posten.<\/p>\r\n\r\n\r\n\r\n<p>Du er ansvarlig for at betale dine egne forsendelsesomkostninger for at returnere din vare. Forsendelsesomkostninger kan ikke refunderes. Hvis du modtager en tilbagebetaling, vil omkostningerne til returforsendelse blive trukket fra din tilbagebetaling.<\/p>\r\n\r\n\r\n\r\n<p>Afh\u00e6ngigt af hvor du bor, kan den tid, det tager for dit ombyttede produkt at n\u00e5 frem til dig, variere.<\/p>\r\n\r\n\r\n\r\n<p>Hvis du returnerer dyrere varer, kan du overveje at bruge en sporbar forsendelsestjeneste eller k\u00f8be en forsendelsesforsikring. Vi garanterer ikke, at vi modtager din returnerede vare.<\/p>\r\n\r\n\r\n\r\n<h2>Har du brug for hj\u00e6lp?<\/h2>\r\n\r\n\r\n\r\n<p>Kontakt os p\u00e5 hola@fliparas.com, hvis du har sp\u00f8rgsm\u00e5l om tilbagebetaling og returnering.<\/p>","protected":false},"excerpt":{"rendered":"<p>&nbsp; Overview Our refund and returns policy lasts 15 days. If 15 days have passed since your purchase, we can\u2019t offer you a full refund or exchange. To be eligible for a return, your item must be unused and in the same condition that you received it. It must also be in the original packaging. [&#8230;]\n","protected":false},"author":1,"featured_media":0,"parent":0,"menu_order":0,"comment_status":"closed","ping_status":"closed","template":"","meta":{"footnotes":""},"class_list":["post-10","page","type-page","status-publish","hentry"],"yoast_head":"<!-- This site is optimized with the Yoast SEO plugin v26.9 - https:\/\/yoast.com\/product\/yoast-seo-wordpress\/ -->\n<title>Refund and Returns Policy<\/title>\n<meta name=\"description\" content=\"&nbsp; Overview Our refund and returns policy lasts 15 days. If 15 days have passed since your purchase, we can\u2019t offer you a full refund or exchange. To\" \/>\n<meta name=\"robots\" content=\"index, follow, max-snippet:-1, max-image-preview:large, max-video-preview:-1\" \/>\n<link rel=\"canonical\" href=\"https:\/\/fliparas.com\/da\/refusion_returneringer\/\" \/>\n<meta property=\"og:locale\" content=\"da_DK\" \/>\n<meta property=\"og:type\" content=\"article\" \/>\n<meta property=\"og:title\" content=\"Refund and Returns Policy\" \/>\n<meta property=\"og:description\" content=\"&nbsp; Overview Our refund and returns policy lasts 15 days. If 15 days have passed since your purchase, we can\u2019t offer you a full refund or exchange. To\" \/>\n<meta property=\"og:url\" content=\"https:\/\/fliparas.com\/da\/refusion_returneringer\/\" \/>\n<meta property=\"og:site_name\" content=\"Agency Specialised in Stag and Hen Parties\" \/>\n<meta property=\"article:modified_time\" content=\"2024-03-26T09:26:41+00:00\" \/>\n<meta property=\"og:image\" content=\"https:\/\/fliparas.com\/wp-content\/uploads\/2024\/03\/Logo-Fliparas-Rec.png\" \/>\n\t<meta property=\"og:image:width\" content=\"1024\" \/>\n\t<meta property=\"og:image:height\" content=\"576\" \/>\n\t<meta property=\"og:image:type\" content=\"image\/png\" \/>\n<meta name=\"twitter:card\" content=\"summary_large_image\" \/>\n<meta name=\"twitter:label1\" content=\"Estimeret l\u00e6setid\" \/>\n\t<meta name=\"twitter:data1\" content=\"3 minutter\" \/>\n<script type=\"application\/ld+json\" class=\"yoast-schema-graph\">{\"@context\":\"https:\/\/schema.org\",\"@graph\":[{\"@type\":\"WebPage\",\"@id\":\"https:\/\/fliparas.com\/refund_returns\/\",\"url\":\"https:\/\/fliparas.com\/refund_returns\/\",\"name\":\"Refund and Returns Policy\",\"isPartOf\":{\"@id\":\"https:\/\/fliparas.com\/#website\"},\"datePublished\":\"2024-03-26T09:22:57+00:00\",\"dateModified\":\"2024-03-26T09:26:41+00:00\",\"description\":\"&nbsp; Overview Our refund and returns policy lasts 15 days. If 15 days have passed since your purchase, we can\u2019t offer you a full refund or exchange. To\",\"breadcrumb\":{\"@id\":\"https:\/\/fliparas.com\/refund_returns\/#breadcrumb\"},\"inLanguage\":\"da-DK\",\"potentialAction\":[{\"@type\":\"ReadAction\",\"target\":[\"https:\/\/fliparas.com\/refund_returns\/\"]}]},{\"@type\":\"BreadcrumbList\",\"@id\":\"https:\/\/fliparas.com\/refund_returns\/#breadcrumb\",\"itemListElement\":[{\"@type\":\"ListItem\",\"position\":1,\"name\":\"Home\",\"item\":\"https:\/\/fliparas.com\/\"},{\"@type\":\"ListItem\",\"position\":2,\"name\":\"Refund and Returns Policy\"}]},{\"@type\":\"WebSite\",\"@id\":\"https:\/\/fliparas.com\/#website\",\"url\":\"https:\/\/fliparas.com\/\",\"name\":\"Agency Specialised in Stag and Hen Parties\",\"description\":\"Trust the highest rated agency to organize an unforgettable stag and hen parties in Europe\",\"publisher\":{\"@id\":\"https:\/\/fliparas.com\/#organization\"},\"alternateName\":\"Fliparas Agency Specialised in Stag and Hen Parties\",\"potentialAction\":[{\"@type\":\"SearchAction\",\"target\":{\"@type\":\"EntryPoint\",\"urlTemplate\":\"https:\/\/fliparas.com\/?s={search_term_string}\"},\"query-input\":{\"@type\":\"PropertyValueSpecification\",\"valueRequired\":true,\"valueName\":\"search_term_string\"}}],\"inLanguage\":\"da-DK\"},{\"@type\":\"Organization\",\"@id\":\"https:\/\/fliparas.com\/#organization\",\"name\":\"Fliparas\",\"alternateName\":\"Agency Specialised in Stag and Hen Parties\",\"url\":\"https:\/\/fliparas.com\/\",\"logo\":{\"@type\":\"ImageObject\",\"inLanguage\":\"da-DK\",\"@id\":\"https:\/\/fliparas.com\/#\/schema\/logo\/image\/\",\"url\":\"https:\/\/fliparas.com\/wp-content\/uploads\/2024\/03\/Logo-Fliparas.png\",\"contentUrl\":\"https:\/\/fliparas.com\/wp-content\/uploads\/2024\/03\/Logo-Fliparas.png\",\"width\":1024,\"height\":1024,\"caption\":\"Fliparas\"},\"image\":{\"@id\":\"https:\/\/fliparas.com\/#\/schema\/logo\/image\/\"}}]}<\/script>\n<!-- \/ Yoast SEO plugin. -->","yoast_head_json":{"title":"Politik for refundering og returnering","description":"&nbsp; Overview Our refund and returns policy lasts 15 days. If 15 days have passed since your purchase, we can\u2019t offer you a full refund or exchange. To","robots":{"index":"index","follow":"follow","max-snippet":"max-snippet:-1","max-image-preview":"max-image-preview:large","max-video-preview":"max-video-preview:-1"},"canonical":"https:\/\/fliparas.com\/da\/refusion_returneringer\/","og_locale":"da_DK","og_type":"article","og_title":"Refund and Returns Policy","og_description":"&nbsp; Overview Our refund and returns policy lasts 15 days. If 15 days have passed since your purchase, we can\u2019t offer you a full refund or exchange. To","og_url":"https:\/\/fliparas.com\/da\/refusion_returneringer\/","og_site_name":"Agency Specialised in Stag and Hen Parties","article_modified_time":"2024-03-26T09:26:41+00:00","og_image":[{"width":1024,"height":576,"url":"https:\/\/fliparas.com\/wp-content\/uploads\/2024\/03\/Logo-Fliparas-Rec.png","type":"image\/png"}],"twitter_card":"summary_large_image","twitter_misc":{"Estimeret l\u00e6setid":"3 minutter"},"schema":{"@context":"https:\/\/schema.org","@graph":[{"@type":"WebPage","@id":"https:\/\/fliparas.com\/refund_returns\/","url":"https:\/\/fliparas.com\/refund_returns\/","name":"Politik for refundering og returnering","isPartOf":{"@id":"https:\/\/fliparas.com\/#website"},"datePublished":"2024-03-26T09:22:57+00:00","dateModified":"2024-03-26T09:26:41+00:00","description":"&nbsp; Overview Our refund and returns policy lasts 15 days. If 15 days have passed since your purchase, we can\u2019t offer you a full refund or exchange. To","breadcrumb":{"@id":"https:\/\/fliparas.com\/refund_returns\/#breadcrumb"},"inLanguage":"da-DK","potentialAction":[{"@type":"ReadAction","target":["https:\/\/fliparas.com\/refund_returns\/"]}]},{"@type":"BreadcrumbList","@id":"https:\/\/fliparas.com\/refund_returns\/#breadcrumb","itemListElement":[{"@type":"ListItem","position":1,"name":"Home","item":"https:\/\/fliparas.com\/"},{"@type":"ListItem","position":2,"name":"Refund and Returns Policy"}]},{"@type":"WebSite","@id":"https:\/\/fliparas.com\/#website","url":"https:\/\/fliparas.com\/","name":"Agentur specialiseret i polterabend og h\u00f8nefest","description":"Stol p\u00e5 det bedst bed\u00f8mte bureau til at arrangere en uforglemmelig polterabend i Europa","publisher":{"@id":"https:\/\/fliparas.com\/#organization"},"alternateName":"Fliparas Agency Specialised in Stag and Hen Parties","potentialAction":[{"@type":"SearchAction","target":{"@type":"EntryPoint","urlTemplate":"https:\/\/fliparas.com\/?s={search_term_string}"},"query-input":{"@type":"PropertyValueSpecification","valueRequired":true,"valueName":"search_term_string"}}],"inLanguage":"da-DK"},{"@type":"Organization","@id":"https:\/\/fliparas.com\/#organization","name":"Fliparas","alternateName":"Agency Specialised in Stag and Hen Parties","url":"https:\/\/fliparas.com\/","logo":{"@type":"ImageObject","inLanguage":"da-DK","@id":"https:\/\/fliparas.com\/#\/schema\/logo\/image\/","url":"https:\/\/fliparas.com\/wp-content\/uploads\/2024\/03\/Logo-Fliparas.png","contentUrl":"https:\/\/fliparas.com\/wp-content\/uploads\/2024\/03\/Logo-Fliparas.png","width":1024,"height":1024,"caption":"Fliparas"},"image":{"@id":"https:\/\/fliparas.com\/#\/schema\/logo\/image\/"}}]}},"_links":{"self":[{"href":"https:\/\/fliparas.com\/da\/wp-json\/wp\/v2\/pages\/10","targetHints":{"allow":["GET"]}}],"collection":[{"href":"https:\/\/fliparas.com\/da\/wp-json\/wp\/v2\/pages"}],"about":[{"href":"https:\/\/fliparas.com\/da\/wp-json\/wp\/v2\/types\/page"}],"author":[{"embeddable":true,"href":"https:\/\/fliparas.com\/da\/wp-json\/wp\/v2\/users\/1"}],"replies":[{"embeddable":true,"href":"https:\/\/fliparas.com\/da\/wp-json\/wp\/v2\/comments?post=10"}],"version-history":[{"count":3,"href":"https:\/\/fliparas.com\/da\/wp-json\/wp\/v2\/pages\/10\/revisions"}],"predecessor-version":[{"id":1392,"href":"https:\/\/fliparas.com\/da\/wp-json\/wp\/v2\/pages\/10\/revisions\/1392"}],"wp:attachment":[{"href":"https:\/\/fliparas.com\/da\/wp-json\/wp\/v2\/media?parent=10"}],"curies":[{"name":"wp","href":"https:\/\/api.w.org\/{rel}","templated":true}]}}