{"id":17,"date":"2024-03-14T09:10:41","date_gmt":"2024-03-14T09:10:41","guid":{"rendered":"https:\/\/fliparas.com\/index.php\/wishlist\/"},"modified":"2024-03-14T09:10:41","modified_gmt":"2024-03-14T09:10:41","slug":"wishlist","status":"publish","type":"page","link":"https:\/\/fliparas.com\/da\/wishlist\/","title":{"rendered":"Wishlist"},"content":{"rendered":"<form\n\tid=\"yith-wcwl-form\"\n\taction=\"https:\/\/fliparas.com\/da\/wishlist\/\"\n\tmethod=\"post\"\n\tclass=\"woocommerce yith-wcwl-form wishlist-fragment\"\n\tdata-fragment-options=\"{&quot;per_page&quot;:5,&quot;current_page&quot;:1,&quot;pagination&quot;:&quot;no&quot;,&quot;wishlist_id&quot;:false,&quot;action_params&quot;:false,&quot;no_interactions&quot;:false,&quot;layout&quot;:&quot;modern&quot;,&quot;wishlist&quot;:false,&quot;is_default&quot;:true,&quot;is_custom_list&quot;:false,&quot;wishlist_token&quot;:&quot;&quot;,&quot;is_private&quot;:false,&quot;count&quot;:0,&quot;page_title&quot;:&quot;My wishlist&quot;,&quot;default_wishlsit_title&quot;:&quot;My wishlist&quot;,&quot;page_links&quot;:false,&quot;is_user_logged_in&quot;:false,&quot;is_user_owner&quot;:true,&quot;can_user_edit_title&quot;:false,&quot;show_price&quot;:true,&quot;show_dateadded&quot;:false,&quot;show_stock_status&quot;:true,&quot;show_add_to_cart&quot;:true,&quot;show_remove_product&quot;:true,&quot;add_to_cart_text&quot;:&quot;Add to cart&quot;,&quot;show_ask_estimate_button&quot;:false,&quot;ask_estimate_url&quot;:false,&quot;price_excl_tax&quot;:true,&quot;show_cb&quot;:false,&quot;show_quantity&quot;:false,&quot;show_variation&quot;:false,&quot;show_price_variations&quot;:false,&quot;show_update&quot;:false,&quot;enable_drag_n_drop&quot;:false,&quot;enable_add_all_to_cart&quot;:false,&quot;move_to_another_wishlist&quot;:false,&quot;repeat_remove_button&quot;:false,&quot;show_last_column&quot;:true,&quot;heading_icon&quot;:&quot;&lt;svg id=\\&quot;yith-wcwl-icon-heart-outline\\&quot; class=\\&quot;yith-wcwl-icon-svg\\&quot; fill=\\&quot;none\\&quot; stroke-width=\\&quot;1.5\\&quot; stroke=\\&quot;currentColor\\&quot; viewBox=\\&quot;0 0 24 24\\&quot; xmlns=\\&quot;http:\\\/\\\/www.w3.org\\\/2000\\\/svg\\&quot;&gt;\\n  &lt;path stroke-linecap=\\&quot;round\\&quot; stroke-linejoin=\\&quot;round\\&quot; d=\\&quot;M21 8.25c0-2.485-2.099-4.5-4.688-4.5-1.935 0-3.597 1.126-4.312 2.733-.715-1.607-2.377-2.733-4.313-2.733C5.1 3.75 3 5.765 3 8.25c0 7.22 9 12 9 12s9-4.78 9-12Z\\&quot;&gt;&lt;\\\/path&gt;\\n&lt;\\\/svg&gt;&quot;,&quot;share_enabled&quot;:false,&quot;template_part&quot;:&quot;view&quot;,&quot;additional_info&quot;:true,&quot;available_multi_wishlist&quot;:false,&quot;form_action&quot;:&quot;https:\\\/\\\/fliparas.com\\\/da\\\/wishlist\\\/&quot;,&quot;ask_an_estimate_classes&quot;:&quot;&quot;,&quot;ask_an_estimate_icon&quot;:&quot;&quot;,&quot;ask_an_estimate_text&quot;:&quot;&quot;,&quot;additional_info_label&quot;:&quot;Additional notes&quot;,&quot;move_to_another_wishlist_type&quot;:&quot;popup&quot;,&quot;move_to_another_wishlist_url&quot;:false,&quot;item&quot;:&quot;wishlist&quot;}\" data-trp-original-action=\"https:\/\/fliparas.com\/da\/wishlist\/\"\n>\n\n\t<!-- TITLE -->\n\t\t\t<div class=\"wishlist-title-container\">\n\t\t\t<div class=\"wishlist-title\">\n\t\t\t\t<h2>My wishlist<\/h2>\t\t\t\t\t\t\t<\/div>\n\t\t\t\t\t<\/div>\n\t\n\n<!-- WISHLIST GRID -->\n<ul\n\tclass=\"wishlist_table wishlist_view shop_table cart modern_grid responsive\"\n\tdata-pagination=\"no\" data-per-page=\"5\" data-page=\"1\"\n\tdata-id=\"\" data-token=\"\">\n\n\t\t\t<li class=\"wishlist-empty\">\n\t\t\tNo products added to the wishlist\t\t<\/li>\n\t<\/ul>\n\n\n<div class=\"yith_wcwl_wishlist_footer\">\n\t\n\n\t\n\n\t\n\t<\/div>\n\n<input type=\"hidden\" id=\"yith_wcwl_edit_wishlist\" name=\"yith_wcwl_edit_wishlist\" value=\"f2bd026ef2\" \/><input type=\"hidden\" name=\"_wp_http_referer\" value=\"\/da\/wp-json\/wp\/v2\/pages\/17\" \/><input type=\"hidden\" value=\"\" name=\"wishlist_id\" id=\"wishlist_id\">\n\n\n<input type=\"hidden\" name=\"trp-form-language\" value=\"da\"\/><\/form>\n\n\n\n<div class=\"wishlist-page-links\"><a href=\"https:\/\/fliparas.com\/da\/min-konto\/min-onskeliste\/\" class=\"view\" title=\"View your wishlists\">Your wishlist<\/a> <span class=\"wishlist-page-links-separator\">|<\/span> <a href=\"https:\/\/fliparas.com\/da\/min-konto\/min-onskeliste\/search\/\" class=\"search\" title=\"Search wishlist\">Search wishlist<\/a><\/div>\n<div id=\"create_new_wishlist\">\n\t<form method=\"post\" action=\"https:\/\/fliparas.com\/da\/min-konto\/min-onskeliste\/create\/\" data-trp-original-action=\"https:\/\/fliparas.com\/da\/min-konto\/min-onskeliste\/create\/\">\n\t\t\n\t\t<div class=\"yith-wcwl-popup-content\">\n\t\t\t\t\t\t\t<p class=\"heading-icon\">\n\t\t\t\t\t<svg id=\"yith-wcwl-icon-heart-outline\" class=\"yith-wcwl-icon-svg\" fill=\"none\" stroke-width=\"1.5\" stroke=\"currentColor\" viewbox=\"0 0 24 24\" xmlns=\"http:\/\/www.w3.org\/2000\/svg\">\n  <path stroke-linecap=\"round\" stroke-linejoin=\"round\" d=\"M21 8.25c0-2.485-2.099-4.5-4.688-4.5-1.935 0-3.597 1.126-4.312 2.733-.715-1.607-2.377-2.733-4.313-2.733C5.1 3.75 3 5.765 3 8.25c0 7.22 9 12 9 12s9-4.78 9-12Z\"><\/path>\n<\/svg>\t\t\t\t<\/p>\n\t\t\t\n\t\t\t<p class=\"popup-description\">\n\t\t\t\tCreate a wishlist\t\t\t<\/p>\n\n\t\t\t\n<div class=\"yith-wcwl-wishlist-new\">\n\n\t<p class=\"form-row form-row-wide\">\n\t\t\t\t<input name=\"wishlist_name\" type=\"text\" class=\"wishlist-name input-text\" placeholder=\"Name your list\" required=\"required\"\/>\n\t<\/p>\n\n\t<p class=\"form-row form-row-wide wishlist-privacy-radio\">\n\t\t<label>\n\t\t\t<input type=\"radio\" checked=\"checked\" name=\"wishlist_visibility\" class=\"wishlist-visiblity\" value=\"0\"\/>\n\t\t\t<b>Public<\/b> - Anybody can view it\t\t<\/label>\n\t\t<label>\n\t\t\t<input type=\"radio\" name=\"wishlist_visibility\" class=\"wishlist-visiblity\" value=\"1\"\/>\n\t\t\t<b>Shared<\/b> - Only people with the link can view it\t\t<\/label>\n\t\t<label>\n\t\t\t<input type=\"radio\" name=\"wishlist_visibility\" class=\"wishlist-visiblity\" value=\"2\"\/>\n\t\t\t<b>Private<\/b> - Only you can view it\t\t<\/label>\n\t<\/p>\n\t\t<input class=\"create-wishlist-button\" type=\"submit\" name=\"create_wishlist\" value=\"Create wishlist\"\/>\n\n\t<input type=\"hidden\" id=\"yith_wcwl_create\" name=\"yith_wcwl_create\" value=\"6dbd6e3b05\" \/><input type=\"hidden\" name=\"_wp_http_referer\" value=\"\/da\/wp-json\/wp\/v2\/pages\/17\" \/>\n<\/div>\n\t\t<\/div>\n\n\t\t\t<input type=\"hidden\" name=\"trp-form-language\" value=\"da\"\/><\/form>\n\n<\/div>","protected":false},"excerpt":{"rendered":"","protected":false},"author":1,"featured_media":0,"parent":0,"menu_order":0,"comment_status":"closed","ping_status":"closed","template":"","meta":{"footnotes":""},"class_list":["post-17","page","type-page","status-publish","hentry"],"yoast_head":"<!-- This site is optimized with the Yoast SEO plugin v26.9 - https:\/\/yoast.com\/product\/yoast-seo-wordpress\/ -->\n<title>Wishlist<\/title>\n<meta name=\"robots\" content=\"index, follow, max-snippet:-1, max-image-preview:large, max-video-preview:-1\" \/>\n<link rel=\"canonical\" href=\"https:\/\/fliparas.com\/da\/wishlist\/\" \/>\n<meta property=\"og:locale\" content=\"da_DK\" \/>\n<meta property=\"og:type\" content=\"article\" \/>\n<meta property=\"og:title\" content=\"Wishlist\" \/>\n<meta property=\"og:url\" content=\"https:\/\/fliparas.com\/da\/wishlist\/\" \/>\n<meta property=\"og:site_name\" content=\"Agency Specialised in Stag and Hen Parties\" \/>\n<meta property=\"og:image\" content=\"https:\/\/fliparas.com\/wp-content\/uploads\/2024\/03\/Logo-Fliparas-Rec.png\" \/>\n\t<meta property=\"og:image:width\" content=\"1024\" \/>\n\t<meta property=\"og:image:height\" content=\"576\" \/>\n\t<meta property=\"og:image:type\" content=\"image\/png\" \/>\n<meta name=\"twitter:card\" content=\"summary_large_image\" \/>\n<script type=\"application\/ld+json\" class=\"yoast-schema-graph\">{\"@context\":\"https:\/\/schema.org\",\"@graph\":[{\"@type\":\"WebPage\",\"@id\":\"https:\/\/fliparas.com\/wishlist\/\",\"url\":\"https:\/\/fliparas.com\/wishlist\/\",\"name\":\"Wishlist\",\"isPartOf\":{\"@id\":\"https:\/\/fliparas.com\/#website\"},\"datePublished\":\"2024-03-14T09:10:41+00:00\",\"breadcrumb\":{\"@id\":\"https:\/\/fliparas.com\/wishlist\/#breadcrumb\"},\"inLanguage\":\"da-DK\",\"potentialAction\":[{\"@type\":\"ReadAction\",\"target\":[\"https:\/\/fliparas.com\/wishlist\/\"]}]},{\"@type\":\"BreadcrumbList\",\"@id\":\"https:\/\/fliparas.com\/wishlist\/#breadcrumb\",\"itemListElement\":[{\"@type\":\"ListItem\",\"position\":1,\"name\":\"Home\",\"item\":\"https:\/\/fliparas.com\/\"},{\"@type\":\"ListItem\",\"position\":2,\"name\":\"Wishlist\"}]},{\"@type\":\"WebSite\",\"@id\":\"https:\/\/fliparas.com\/#website\",\"url\":\"https:\/\/fliparas.com\/\",\"name\":\"Agency Specialised in Stag and Hen Parties\",\"description\":\"Trust the highest rated agency to organize an unforgettable stag and hen parties in Europe\",\"publisher\":{\"@id\":\"https:\/\/fliparas.com\/#organization\"},\"alternateName\":\"Fliparas Agency Specialised in Stag and Hen Parties\",\"potentialAction\":[{\"@type\":\"SearchAction\",\"target\":{\"@type\":\"EntryPoint\",\"urlTemplate\":\"https:\/\/fliparas.com\/?s={search_term_string}\"},\"query-input\":{\"@type\":\"PropertyValueSpecification\",\"valueRequired\":true,\"valueName\":\"search_term_string\"}}],\"inLanguage\":\"da-DK\"},{\"@type\":\"Organization\",\"@id\":\"https:\/\/fliparas.com\/#organization\",\"name\":\"Fliparas\",\"alternateName\":\"Agency Specialised in Stag and Hen Parties\",\"url\":\"https:\/\/fliparas.com\/\",\"logo\":{\"@type\":\"ImageObject\",\"inLanguage\":\"da-DK\",\"@id\":\"https:\/\/fliparas.com\/#\/schema\/logo\/image\/\",\"url\":\"https:\/\/fliparas.com\/wp-content\/uploads\/2024\/03\/Logo-Fliparas.png\",\"contentUrl\":\"https:\/\/fliparas.com\/wp-content\/uploads\/2024\/03\/Logo-Fliparas.png\",\"width\":1024,\"height\":1024,\"caption\":\"Fliparas\"},\"image\":{\"@id\":\"https:\/\/fliparas.com\/#\/schema\/logo\/image\/\"}}]}<\/script>\n<!-- \/ Yoast SEO plugin. -->","yoast_head_json":{"title":"Wishlist","robots":{"index":"index","follow":"follow","max-snippet":"max-snippet:-1","max-image-preview":"max-image-preview:large","max-video-preview":"max-video-preview:-1"},"canonical":"https:\/\/fliparas.com\/da\/wishlist\/","og_locale":"da_DK","og_type":"article","og_title":"Wishlist","og_url":"https:\/\/fliparas.com\/da\/wishlist\/","og_site_name":"Agency Specialised in Stag and Hen Parties","og_image":[{"width":1024,"height":576,"url":"https:\/\/fliparas.com\/wp-content\/uploads\/2024\/03\/Logo-Fliparas-Rec.png","type":"image\/png"}],"twitter_card":"summary_large_image","schema":{"@context":"https:\/\/schema.org","@graph":[{"@type":"WebPage","@id":"https:\/\/fliparas.com\/wishlist\/","url":"https:\/\/fliparas.com\/wishlist\/","name":"Wishlist","isPartOf":{"@id":"https:\/\/fliparas.com\/#website"},"datePublished":"2024-03-14T09:10:41+00:00","breadcrumb":{"@id":"https:\/\/fliparas.com\/wishlist\/#breadcrumb"},"inLanguage":"da-DK","potentialAction":[{"@type":"ReadAction","target":["https:\/\/fliparas.com\/wishlist\/"]}]},{"@type":"BreadcrumbList","@id":"https:\/\/fliparas.com\/wishlist\/#breadcrumb","itemListElement":[{"@type":"ListItem","position":1,"name":"Home","item":"https:\/\/fliparas.com\/"},{"@type":"ListItem","position":2,"name":"Wishlist"}]},{"@type":"WebSite","@id":"https:\/\/fliparas.com\/#website","url":"https:\/\/fliparas.com\/","name":"Agentur specialiseret i polterabend og h\u00f8nefest","description":"Stol p\u00e5 det bedst bed\u00f8mte bureau til at arrangere en uforglemmelig polterabend i Europa","publisher":{"@id":"https:\/\/fliparas.com\/#organization"},"alternateName":"Fliparas Agency Specialised in Stag and Hen Parties","potentialAction":[{"@type":"SearchAction","target":{"@type":"EntryPoint","urlTemplate":"https:\/\/fliparas.com\/?s={search_term_string}"},"query-input":{"@type":"PropertyValueSpecification","valueRequired":true,"valueName":"search_term_string"}}],"inLanguage":"da-DK"},{"@type":"Organization","@id":"https:\/\/fliparas.com\/#organization","name":"Fliparas","alternateName":"Agency Specialised in Stag and Hen Parties","url":"https:\/\/fliparas.com\/","logo":{"@type":"ImageObject","inLanguage":"da-DK","@id":"https:\/\/fliparas.com\/#\/schema\/logo\/image\/","url":"https:\/\/fliparas.com\/wp-content\/uploads\/2024\/03\/Logo-Fliparas.png","contentUrl":"https:\/\/fliparas.com\/wp-content\/uploads\/2024\/03\/Logo-Fliparas.png","width":1024,"height":1024,"caption":"Fliparas"},"image":{"@id":"https:\/\/fliparas.com\/#\/schema\/logo\/image\/"}}]}},"_links":{"self":[{"href":"https:\/\/fliparas.com\/da\/wp-json\/wp\/v2\/pages\/17","targetHints":{"allow":["GET"]}}],"collection":[{"href":"https:\/\/fliparas.com\/da\/wp-json\/wp\/v2\/pages"}],"about":[{"href":"https:\/\/fliparas.com\/da\/wp-json\/wp\/v2\/types\/page"}],"author":[{"embeddable":true,"href":"https:\/\/fliparas.com\/da\/wp-json\/wp\/v2\/users\/1"}],"replies":[{"embeddable":true,"href":"https:\/\/fliparas.com\/da\/wp-json\/wp\/v2\/comments?post=17"}],"version-history":[{"count":0,"href":"https:\/\/fliparas.com\/da\/wp-json\/wp\/v2\/pages\/17\/revisions"}],"wp:attachment":[{"href":"https:\/\/fliparas.com\/da\/wp-json\/wp\/v2\/media?parent=17"}],"curies":[{"name":"wp","href":"https:\/\/api.w.org\/{rel}","templated":true}]}}