{"id":3,"date":"2024-03-14T09:01:09","date_gmt":"2024-03-14T09:01:09","guid":{"rendered":"https:\/\/fliparas.com\/?page_id=3"},"modified":"2024-03-26T09:10:03","modified_gmt":"2024-03-26T09:10:03","slug":"privatlivspolitik","status":"publish","type":"page","link":"https:\/\/fliparas.com\/da\/privatlivspolitik\/","title":{"rendered":"Privatlivspolitik"},"content":{"rendered":"<p>Privatlivspolitik <br \/>Sidst opdateret den 26. marts 2024 <br \/>Ikrafttr\u00e6delsesdato 26. marts 2024 <\/p>\n<p>Denne privatlivspolitik beskriver politikkerne for Fliparas, Reina Amalia 8, Barcelona 08001, Spanien, e-mail: hola@fliparas.com, telefon: +34669811920 om indsamling, brug og videregivelse af dine oplysninger, som vi indsamler, n\u00e5r du bruger vores hjemmeside ( https:\/\/fliparas.com ). (\"Tjenesten\"). Ved at f\u00e5 adgang til eller bruge tjenesten giver du samtykke til indsamling, brug og videregivelse af dine oplysninger i overensstemmelse med denne fortrolighedspolitik. Hvis du ikke giver samtykke til det samme, skal du ikke f\u00e5 adgang til eller bruge tjenesten. <br \/>Vi kan \u00e6ndre denne fortrolighedspolitik til enhver tid uden forudg\u00e5ende varsel til dig og vil sende den reviderede fortrolighedspolitik p\u00e5 tjenesten. Den reviderede politik tr\u00e6der i kraft 180 dage efter, at den reviderede politik er offentliggjort i tjenesten, og din fortsatte adgang til eller brug af tjenesten efter dette tidspunkt vil udg\u00f8re din accept af den reviderede fortrolighedspolitik. Vi anbefaler derfor, at du j\u00e6vnligt gennemg\u00e5r denne side. <\/p>\n<p>Hvordan vi bruger dine oplysninger: <br \/>Vi vil bruge de oplysninger, vi indsamler om dig, til f\u00f8lgende form\u00e5l: <\/p>\n<p>Markedsf\u00f8ring\/ reklame<br \/>M\u00e5lrettet annoncering<br \/>Administrer kundeordrer<br \/>Hvis vi \u00f8nsker at bruge dine oplysninger til et andet form\u00e5l, vil vi bede dig om samtykke og vil kun bruge dine oplysninger, n\u00e5r vi har modtaget dit samtykke, og derefter kun til det eller de form\u00e5l, der er givet samtykke til, medmindre vi er forpligtet til at g\u00f8re andet ved lov. <\/p>\n<p>Dine rettigheder: <br \/>Afh\u00e6ngigt af den g\u00e6ldende lovgivning kan du have ret til at f\u00e5 adgang til og rette eller slette dine personoplysninger eller modtage en kopi af dine personoplysninger, begr\u00e6nse eller g\u00f8re indsigelse mod den aktive behandling af dine oplysninger, bede os om at dele (portere) dine personoplysninger til en anden enhed, tr\u00e6kke ethvert samtykke, du har givet os til at behandle dine oplysninger, tilbage, ret til at indgive en klage til en lovbestemt myndighed og andre rettigheder, der m\u00e5tte v\u00e6re relevante i henhold til g\u00e6ldende lovgivning. For at ud\u00f8ve disse rettigheder kan du skrive til os p\u00e5 hola@fliparas.com. Vi vil svare p\u00e5 din anmodning i overensstemmelse med g\u00e6ldende lovgivning. <br \/>Bem\u00e6rk, at hvis du ikke tillader os at indsamle eller behandle de kr\u00e6vede personlige oplysninger eller tr\u00e6kker samtykket til at behandle dem til de kr\u00e6vede form\u00e5l tilbage, kan du muligvis ikke f\u00e5 adgang til eller bruge de tjenester, som dine oplysninger blev s\u00f8gt til. <\/p>\n<p>Cookies osv. <br \/>Hvis du vil vide mere om, hvordan vi bruger disse og dine valg i forhold til disse sporingsteknologier, bedes du l\u00e6se vores cookiepolitik. <\/p>\n<p>Sikkerhed: <br \/>Sikkerheden af dine oplysninger er vigtig for os, og vi vil bruge rimelige sikkerhedsforanstaltninger for at forhindre tab, misbrug eller uautoriseret \u00e6ndring af dine oplysninger under vores kontrol. I betragtning af de iboende risici kan vi dog ikke garantere absolut sikkerhed, og derfor kan vi ikke sikre eller garantere sikkerheden for de oplysninger, du sender til os, og du g\u00f8r det p\u00e5 egen risiko. <\/p>\n<p>Klagemulighed \/ databeskyttelsesansvarlig: <br \/>Hvis du har sp\u00f8rgsm\u00e5l eller bekymringer om behandlingen af dine oplysninger, der er tilg\u00e6ngelige hos os, kan du sende en e-mail til vores klageansvarlige p\u00e5 Fliparas, Reina Amalia 8, e-mail: hola@fliparas.com. Vi vil tage os af dine bekymringer i overensstemmelse med g\u00e6ldende lovgivning. <\/p>\n<p>Privatlivspolitik genereret med CookieYes. <\/p>","protected":false},"excerpt":{"rendered":"<p>Privacy Policy Last Updated On 26-Mar-2024 Effective Date 26-Mar-2024 This Privacy Policy describes the policies of Fliparas, Reina Amalia 8, Barcelona 08001, Spain, email: hola@fliparas.com, phone: +34669811920 on the collection, use and disclosure of your information that we collect when you use our website ( https:\/\/fliparas.com ). (the \u201cService\u201d). By accessing or using the Service, [&#8230;]\n","protected":false},"author":1,"featured_media":0,"parent":0,"menu_order":0,"comment_status":"closed","ping_status":"open","template":"","meta":{"footnotes":""},"class_list":["post-3","page","type-page","status-publish","hentry"],"yoast_head":"<!-- This site is optimized with the Yoast SEO plugin v26.9 - https:\/\/yoast.com\/product\/yoast-seo-wordpress\/ -->\n<title>Privacy Policy<\/title>\n<meta name=\"description\" content=\"Privacy Policy Last Updated On 26-Mar-2024 Effective Date 26-Mar-2024 This Privacy Policy describes the policies of Fliparas, Reina Amalia 8, Barcelona\" \/>\n<meta name=\"robots\" content=\"index, follow, max-snippet:-1, max-image-preview:large, max-video-preview:-1\" \/>\n<link rel=\"canonical\" href=\"https:\/\/fliparas.com\/da\/privatlivspolitik\/\" \/>\n<meta property=\"og:locale\" content=\"da_DK\" \/>\n<meta property=\"og:type\" content=\"article\" \/>\n<meta property=\"og:title\" content=\"Privacy Policy\" \/>\n<meta property=\"og:description\" content=\"Privacy Policy Last Updated On 26-Mar-2024 Effective Date 26-Mar-2024 This Privacy Policy describes the policies of Fliparas, Reina Amalia 8, Barcelona\" \/>\n<meta property=\"og:url\" content=\"https:\/\/fliparas.com\/da\/privatlivspolitik\/\" \/>\n<meta property=\"og:site_name\" content=\"Agency Specialised in Stag and Hen Parties\" \/>\n<meta property=\"article:modified_time\" content=\"2024-03-26T09:10:03+00:00\" \/>\n<meta property=\"og:image\" content=\"https:\/\/fliparas.com\/wp-content\/uploads\/2024\/03\/Logo-Fliparas-Rec.png\" \/>\n\t<meta property=\"og:image:width\" content=\"1024\" \/>\n\t<meta property=\"og:image:height\" content=\"576\" \/>\n\t<meta property=\"og:image:type\" content=\"image\/png\" \/>\n<meta name=\"twitter:card\" content=\"summary_large_image\" \/>\n<meta name=\"twitter:label1\" content=\"Estimeret l\u00e6setid\" \/>\n\t<meta name=\"twitter:data1\" content=\"3 minutter\" \/>\n<script type=\"application\/ld+json\" class=\"yoast-schema-graph\">{\"@context\":\"https:\/\/schema.org\",\"@graph\":[{\"@type\":\"WebPage\",\"@id\":\"https:\/\/fliparas.com\/privacy-policy\/\",\"url\":\"https:\/\/fliparas.com\/privacy-policy\/\",\"name\":\"Privacy Policy\",\"isPartOf\":{\"@id\":\"https:\/\/fliparas.com\/#website\"},\"datePublished\":\"2024-03-14T09:01:09+00:00\",\"dateModified\":\"2024-03-26T09:10:03+00:00\",\"description\":\"Privacy Policy Last Updated On 26-Mar-2024 Effective Date 26-Mar-2024 This Privacy Policy describes the policies of Fliparas, Reina Amalia 8, Barcelona\",\"breadcrumb\":{\"@id\":\"https:\/\/fliparas.com\/privacy-policy\/#breadcrumb\"},\"inLanguage\":\"da-DK\",\"potentialAction\":[{\"@type\":\"ReadAction\",\"target\":[\"https:\/\/fliparas.com\/privacy-policy\/\"]}]},{\"@type\":\"BreadcrumbList\",\"@id\":\"https:\/\/fliparas.com\/privacy-policy\/#breadcrumb\",\"itemListElement\":[{\"@type\":\"ListItem\",\"position\":1,\"name\":\"Home\",\"item\":\"https:\/\/fliparas.com\/\"},{\"@type\":\"ListItem\",\"position\":2,\"name\":\"Privacy Policy\"}]},{\"@type\":\"WebSite\",\"@id\":\"https:\/\/fliparas.com\/#website\",\"url\":\"https:\/\/fliparas.com\/\",\"name\":\"Agency Specialised in Stag and Hen Parties\",\"description\":\"Trust the highest rated agency to organize an unforgettable stag and hen parties in Europe\",\"publisher\":{\"@id\":\"https:\/\/fliparas.com\/#organization\"},\"alternateName\":\"Fliparas Agency Specialised in Stag and Hen Parties\",\"potentialAction\":[{\"@type\":\"SearchAction\",\"target\":{\"@type\":\"EntryPoint\",\"urlTemplate\":\"https:\/\/fliparas.com\/?s={search_term_string}\"},\"query-input\":{\"@type\":\"PropertyValueSpecification\",\"valueRequired\":true,\"valueName\":\"search_term_string\"}}],\"inLanguage\":\"da-DK\"},{\"@type\":\"Organization\",\"@id\":\"https:\/\/fliparas.com\/#organization\",\"name\":\"Fliparas\",\"alternateName\":\"Agency Specialised in Stag and Hen Parties\",\"url\":\"https:\/\/fliparas.com\/\",\"logo\":{\"@type\":\"ImageObject\",\"inLanguage\":\"da-DK\",\"@id\":\"https:\/\/fliparas.com\/#\/schema\/logo\/image\/\",\"url\":\"https:\/\/fliparas.com\/wp-content\/uploads\/2024\/03\/Logo-Fliparas.png\",\"contentUrl\":\"https:\/\/fliparas.com\/wp-content\/uploads\/2024\/03\/Logo-Fliparas.png\",\"width\":1024,\"height\":1024,\"caption\":\"Fliparas\"},\"image\":{\"@id\":\"https:\/\/fliparas.com\/#\/schema\/logo\/image\/\"}}]}<\/script>\n<!-- \/ Yoast SEO plugin. -->","yoast_head_json":{"title":"Privatlivspolitik","description":"Privacy Policy Last Updated On 26-Mar-2024 Effective Date 26-Mar-2024 This Privacy Policy describes the policies of Fliparas, Reina Amalia 8, Barcelona","robots":{"index":"index","follow":"follow","max-snippet":"max-snippet:-1","max-image-preview":"max-image-preview:large","max-video-preview":"max-video-preview:-1"},"canonical":"https:\/\/fliparas.com\/da\/privatlivspolitik\/","og_locale":"da_DK","og_type":"article","og_title":"Privacy Policy","og_description":"Privacy Policy Last Updated On 26-Mar-2024 Effective Date 26-Mar-2024 This Privacy Policy describes the policies of Fliparas, Reina Amalia 8, Barcelona","og_url":"https:\/\/fliparas.com\/da\/privatlivspolitik\/","og_site_name":"Agency Specialised in Stag and Hen Parties","article_modified_time":"2024-03-26T09:10:03+00:00","og_image":[{"width":1024,"height":576,"url":"https:\/\/fliparas.com\/wp-content\/uploads\/2024\/03\/Logo-Fliparas-Rec.png","type":"image\/png"}],"twitter_card":"summary_large_image","twitter_misc":{"Estimeret l\u00e6setid":"3 minutter"},"schema":{"@context":"https:\/\/schema.org","@graph":[{"@type":"WebPage","@id":"https:\/\/fliparas.com\/privacy-policy\/","url":"https:\/\/fliparas.com\/privacy-policy\/","name":"Privatlivspolitik","isPartOf":{"@id":"https:\/\/fliparas.com\/#website"},"datePublished":"2024-03-14T09:01:09+00:00","dateModified":"2024-03-26T09:10:03+00:00","description":"Privacy Policy Last Updated On 26-Mar-2024 Effective Date 26-Mar-2024 This Privacy Policy describes the policies of Fliparas, Reina Amalia 8, Barcelona","breadcrumb":{"@id":"https:\/\/fliparas.com\/privacy-policy\/#breadcrumb"},"inLanguage":"da-DK","potentialAction":[{"@type":"ReadAction","target":["https:\/\/fliparas.com\/privacy-policy\/"]}]},{"@type":"BreadcrumbList","@id":"https:\/\/fliparas.com\/privacy-policy\/#breadcrumb","itemListElement":[{"@type":"ListItem","position":1,"name":"Home","item":"https:\/\/fliparas.com\/"},{"@type":"ListItem","position":2,"name":"Privacy Policy"}]},{"@type":"WebSite","@id":"https:\/\/fliparas.com\/#website","url":"https:\/\/fliparas.com\/","name":"Agentur specialiseret i polterabend og h\u00f8nefest","description":"Stol p\u00e5 det bedst bed\u00f8mte bureau til at arrangere en uforglemmelig polterabend i Europa","publisher":{"@id":"https:\/\/fliparas.com\/#organization"},"alternateName":"Fliparas Agency Specialised in Stag and Hen Parties","potentialAction":[{"@type":"SearchAction","target":{"@type":"EntryPoint","urlTemplate":"https:\/\/fliparas.com\/?s={search_term_string}"},"query-input":{"@type":"PropertyValueSpecification","valueRequired":true,"valueName":"search_term_string"}}],"inLanguage":"da-DK"},{"@type":"Organization","@id":"https:\/\/fliparas.com\/#organization","name":"Fliparas","alternateName":"Agency Specialised in Stag and Hen Parties","url":"https:\/\/fliparas.com\/","logo":{"@type":"ImageObject","inLanguage":"da-DK","@id":"https:\/\/fliparas.com\/#\/schema\/logo\/image\/","url":"https:\/\/fliparas.com\/wp-content\/uploads\/2024\/03\/Logo-Fliparas.png","contentUrl":"https:\/\/fliparas.com\/wp-content\/uploads\/2024\/03\/Logo-Fliparas.png","width":1024,"height":1024,"caption":"Fliparas"},"image":{"@id":"https:\/\/fliparas.com\/#\/schema\/logo\/image\/"}}]}},"_links":{"self":[{"href":"https:\/\/fliparas.com\/da\/wp-json\/wp\/v2\/pages\/3","targetHints":{"allow":["GET"]}}],"collection":[{"href":"https:\/\/fliparas.com\/da\/wp-json\/wp\/v2\/pages"}],"about":[{"href":"https:\/\/fliparas.com\/da\/wp-json\/wp\/v2\/types\/page"}],"author":[{"embeddable":true,"href":"https:\/\/fliparas.com\/da\/wp-json\/wp\/v2\/users\/1"}],"replies":[{"embeddable":true,"href":"https:\/\/fliparas.com\/da\/wp-json\/wp\/v2\/comments?post=3"}],"version-history":[{"count":1,"href":"https:\/\/fliparas.com\/da\/wp-json\/wp\/v2\/pages\/3\/revisions"}],"predecessor-version":[{"id":1385,"href":"https:\/\/fliparas.com\/da\/wp-json\/wp\/v2\/pages\/3\/revisions\/1385"}],"wp:attachment":[{"href":"https:\/\/fliparas.com\/da\/wp-json\/wp\/v2\/media?parent=3"}],"curies":[{"name":"wp","href":"https:\/\/api.w.org\/{rel}","templated":true}]}}