{"id":1367,"date":"2024-03-25T12:41:36","date_gmt":"2024-03-25T12:41:36","guid":{"rendered":"https:\/\/fliparas.com\/?post_type=product&#038;p=1367"},"modified":"2025-01-31T11:30:07","modified_gmt":"2025-01-31T10:30:07","slug":"at-kore-en-buggy-ibiza","status":"publish","type":"product","link":"https:\/\/fliparas.com\/da\/aktivitet\/at-kore-en-buggy-ibiza\/","title":{"rendered":"K\u00f8rsel i buggy Ibiza"},"content":{"rendered":"<p>Drive a Ibiza Buggy. Enjoy a four-hour guided buggy tour in Ibiza. Drive Buugy Ibiza.<\/p>\n<p>The best bachelor parties with <a href=\"https:\/\/fliparas.com\/stag-party\/\">Stag Party<\/a>! <a href=\"https:\/\/fliparas.com\/hen-party\/\">Hen Party<\/a>!<\/p>\n<h2 style=\"text-align: center;\">Drive a Ibiza Buggy\ud83c\udfce\ufe0f<\/h2>\n<div class=\"flex-1 overflow-hidden\">\n<div class=\"react-scroll-to-bottom--css-toqol-79elbk h-full\">\n<div class=\"react-scroll-to-bottom--css-toqol-1n7m0yu\">\n<div class=\"flex flex-col pb-9 text-sm\">\n<div class=\"w-full text-token-text-primary\" data-testid=\"conversation-turn-15\">\n<div class=\"px-4 py-2 justify-center text-base md:gap-6 m-auto\">\n<div class=\"flex flex-1 text-base mx-auto gap-3 md:px-5 lg:px-1 xl:px-5 md:max-w-3xl lg:max-w-[40rem ] xl:max-w-[48rem] group final-completion\">\n<div class=\"relative flex w-full flex-col lg:w-[calc(100%-115px)] agent-turn\">\n<div class=\"flex-col gap-1 md:gap-3\">\n<div class=\"flex flex-grow flex-col max-w-full\">\n<div class=\"min-h-[20px] text-message flex flex-col items-start gap-3 whitespace-pre-wrap break-words [.text-message+&amp;]:mt-5 overflow- x-auto\" data-message-author-role=\"assistant\" data-message-id=\"7760fcf0-8030-4af9-ba7d-2f84a892c00e\">\n<div class=\"markdown prose w-full break-words dark:prose-invert light\">\n<h4>\ud83c\udfce\ufe0f <strong>Discover the Buggy Adventure: Explore Ibiza Like Never Before!<\/strong> \ud83c\udf1f<\/h4>\n<p>Prepare for an epic experience with our four-hour buggy tour from Ibiza!<\/p>\n<p>\ud83c\udfdc\ufe0f Immerse yourself in the excitement of driving your own buggy through the beautiful landscapes of Ibiza, providing a unique and memorable experience.<\/p>\n<p>Your adventure begins with picking up your off-road buggy, ready to conquer the picturesque roads and captivating trails of Ibiza. Our comprehensive package includes all the necessary equipment, ensuring you have a worry-free experience. Helmets, goggles and a detailed briefing: we make sure you are ready for action. \ud83d\uded1\ud83d\udd27<\/p>\n<p>For four hours, explore the most secret corners of the island, discover breathtaking views and live an immersive experience in the heart of Mediterranean nature. Our carefully planned itinerary guarantees a variety of terrain, from golden beaches to mountainous trails, offering the perfect blend of adventure and discovery. \ud83c\udfde\ufe0f\ud83c\udf05<\/p>\n<p>Join us for an unforgettable buggy experience, combining adrenaline, exploration and spectacular landscapes. Dare to drive a Ibiza buggy!<\/p>\n<p>Book now and get ready for an exciting adventure at Ibiza!\u00a0\ud83c\udf1e<\/p>\n<p class=\"p1\"><strong>RESERVATION POSSIBLE FOR GROUPS OF: 2 to 8 PERSONS.<\/strong><\/p>\n<\/div>\n<\/div>\n<\/div>\n<\/div>\n<\/div>\n<\/div>\n<\/div>\n<\/div>\n<\/div>\n<\/div>\n<\/div>\n<\/div>\n","protected":false},"excerpt":{"rendered":"<p>K\u00f8r i en Ibiza Buggy. Nyd en fire timers guidet buggytur p\u00e5 Ibiza. K\u00f8r i Buugy Ibiza.<br \/>\n<strong>RESERVERING MULIG FOR GRUPPER P\u00c5: 2 til 8 PERSONER.<\/strong><\/p>","protected":false},"featured_media":753,"template":"","meta":[],"product_brand":[425],"product_cat":[266,265,267],"product_tag":[210,312],"class_list":{"0":"post-1367","1":"product","2":"type-product","3":"status-publish","4":"has-post-thumbnail","6":"product_brand-fliparas-inc","7":"product_cat-hen-party-ibiza-activities","8":"product_cat-ibiza","9":"product_cat-stag-party-ibiza-activities","10":"product_tag-driving-a-buggy","11":"product_tag-driving-a-buggy-ibiza","13":"first","14":"instock","15":"virtual","16":"sold-individually","17":"purchasable","18":"product-type-booking"},"yoast_head":"<!-- This site is optimized with the Yoast SEO plugin v26.9 - https:\/\/yoast.com\/product\/yoast-seo-wordpress\/ -->\n<title>Driving a Buggy Ibiza<\/title>\n<meta name=\"description\" content=\"Drive a Ibiza Buggy. Enjoy a four-hour guided buggy tour in Ibiza. Drive Buugy Ibiza.\" \/>\n<meta name=\"robots\" content=\"index, follow, max-snippet:-1, max-image-preview:large, max-video-preview:-1\" \/>\n<link rel=\"canonical\" href=\"https:\/\/fliparas.com\/da\/aktivitet\/at-kore-en-buggy-ibiza\/\" \/>\n<meta property=\"og:locale\" content=\"da_DK\" \/>\n<meta property=\"og:type\" content=\"article\" \/>\n<meta property=\"og:title\" content=\"Driving a Buggy Ibiza\" \/>\n<meta property=\"og:description\" content=\"Drive a Ibiza Buggy. Enjoy a four-hour guided buggy tour in Ibiza. Drive Buugy Ibiza.\" \/>\n<meta property=\"og:url\" content=\"https:\/\/fliparas.com\/da\/aktivitet\/at-kore-en-buggy-ibiza\/\" \/>\n<meta property=\"og:site_name\" content=\"Agency Specialised in Stag and Hen Parties\" \/>\n<meta property=\"article:modified_time\" content=\"2025-01-31T10:30:07+00:00\" \/>\n<meta property=\"og:image\" content=\"https:\/\/fliparas.com\/wp-content\/uploads\/2024\/03\/Driving-a-Buggy-Mallorca-img.jpeg\" \/>\n\t<meta property=\"og:image:width\" content=\"1024\" \/>\n\t<meta property=\"og:image:height\" content=\"1024\" \/>\n\t<meta property=\"og:image:type\" content=\"image\/jpeg\" \/>\n<meta name=\"twitter:card\" content=\"summary_large_image\" \/>\n<meta name=\"twitter:label1\" content=\"Pris\" \/>\n\t<meta name=\"twitter:data1\" content=\"180,00&nbsp;&euro;\" \/>\n\t<meta name=\"twitter:label2\" content=\"Tilg\u00e6ngelighed\" \/>\n\t<meta name=\"twitter:data2\" content=\"P\u00e5 lager\" \/>\n<script type=\"application\/ld+json\" class=\"yoast-schema-graph\">{\"@context\":\"https:\/\/schema.org\",\"@graph\":[{\"@type\":\"WebPage\",\"@id\":\"https:\/\/fliparas.com\/activity\/driving-a-buggy-ibiza\/\",\"url\":\"https:\/\/fliparas.com\/activity\/driving-a-buggy-ibiza\/\",\"name\":\"Driving a Buggy Ibiza\",\"isPartOf\":{\"@id\":\"https:\/\/fliparas.com\/#website\"},\"primaryImageOfPage\":{\"@id\":\"https:\/\/fliparas.com\/activity\/driving-a-buggy-ibiza\/#primaryimage\"},\"image\":{\"@id\":\"https:\/\/fliparas.com\/activity\/driving-a-buggy-ibiza\/#primaryimage\"},\"thumbnailUrl\":\"https:\/\/fliparas.com\/wp-content\/uploads\/2024\/03\/Driving-a-Buggy-Mallorca-img.jpeg\",\"datePublished\":\"2024-03-25T12:41:36+00:00\",\"dateModified\":\"2025-01-31T10:30:07+00:00\",\"description\":\"Drive a Ibiza Buggy. Enjoy a four-hour guided buggy tour in Ibiza. Drive Buugy Ibiza.\",\"breadcrumb\":{\"@id\":\"https:\/\/fliparas.com\/activity\/driving-a-buggy-ibiza\/#breadcrumb\"},\"inLanguage\":\"da-DK\",\"potentialAction\":[{\"@type\":\"ReadAction\",\"target\":[\"https:\/\/fliparas.com\/activity\/driving-a-buggy-ibiza\/\"]}]},{\"@type\":\"ImageObject\",\"inLanguage\":\"da-DK\",\"@id\":\"https:\/\/fliparas.com\/activity\/driving-a-buggy-ibiza\/#primaryimage\",\"url\":\"https:\/\/fliparas.com\/wp-content\/uploads\/2024\/03\/Driving-a-Buggy-Mallorca-img.jpeg\",\"contentUrl\":\"https:\/\/fliparas.com\/wp-content\/uploads\/2024\/03\/Driving-a-Buggy-Mallorca-img.jpeg\",\"width\":1024,\"height\":1024},{\"@type\":\"BreadcrumbList\",\"@id\":\"https:\/\/fliparas.com\/activity\/driving-a-buggy-ibiza\/#breadcrumb\",\"itemListElement\":[{\"@type\":\"ListItem\",\"position\":1,\"name\":\"Home\",\"item\":\"https:\/\/fliparas.com\/\"},{\"@type\":\"ListItem\",\"position\":2,\"name\":\"Shop\",\"item\":\"https:\/\/fliparas.com\/shop\/\"},{\"@type\":\"ListItem\",\"position\":3,\"name\":\"Driving a Buggy Ibiza\"}]},{\"@type\":\"WebSite\",\"@id\":\"https:\/\/fliparas.com\/#website\",\"url\":\"https:\/\/fliparas.com\/\",\"name\":\"Agency Specialised in Stag and Hen Parties\",\"description\":\"Trust the highest rated agency to organize an unforgettable stag and hen parties in Europe\",\"publisher\":{\"@id\":\"https:\/\/fliparas.com\/#organization\"},\"alternateName\":\"Fliparas Agency Specialised in Stag and Hen Parties\",\"potentialAction\":[{\"@type\":\"SearchAction\",\"target\":{\"@type\":\"EntryPoint\",\"urlTemplate\":\"https:\/\/fliparas.com\/?s={search_term_string}\"},\"query-input\":{\"@type\":\"PropertyValueSpecification\",\"valueRequired\":true,\"valueName\":\"search_term_string\"}}],\"inLanguage\":\"da-DK\"},{\"@type\":\"Organization\",\"@id\":\"https:\/\/fliparas.com\/#organization\",\"name\":\"Fliparas\",\"alternateName\":\"Agency Specialised in Stag and Hen Parties\",\"url\":\"https:\/\/fliparas.com\/\",\"logo\":{\"@type\":\"ImageObject\",\"inLanguage\":\"da-DK\",\"@id\":\"https:\/\/fliparas.com\/#\/schema\/logo\/image\/\",\"url\":\"https:\/\/fliparas.com\/wp-content\/uploads\/2024\/03\/Logo-Fliparas.png\",\"contentUrl\":\"https:\/\/fliparas.com\/wp-content\/uploads\/2024\/03\/Logo-Fliparas.png\",\"width\":1024,\"height\":1024,\"caption\":\"Fliparas\"},\"image\":{\"@id\":\"https:\/\/fliparas.com\/#\/schema\/logo\/image\/\"}}]}<\/script>\n<meta property=\"product:price:amount\" content=\"180.00\" \/>\n<meta property=\"product:price:currency\" content=\"EUR\" \/>\n<meta property=\"og:availability\" content=\"instock\" \/>\n<meta property=\"product:availability\" content=\"instock\" \/>\n<meta property=\"product:condition\" content=\"new\" \/>\n<!-- \/ Yoast SEO plugin. -->","yoast_head_json":{"title":"K\u00f8rsel i buggy Ibiza","description":"K\u00f8r i en Ibiza Buggy. Nyd en fire timers guidet buggytur p\u00e5 Ibiza. K\u00f8r i Buugy Ibiza.","robots":{"index":"index","follow":"follow","max-snippet":"max-snippet:-1","max-image-preview":"max-image-preview:large","max-video-preview":"max-video-preview:-1"},"canonical":"https:\/\/fliparas.com\/da\/aktivitet\/at-kore-en-buggy-ibiza\/","og_locale":"da_DK","og_type":"article","og_title":"Driving a Buggy Ibiza","og_description":"Drive a Ibiza Buggy. Enjoy a four-hour guided buggy tour in Ibiza. Drive Buugy Ibiza.","og_url":"https:\/\/fliparas.com\/da\/aktivitet\/at-kore-en-buggy-ibiza\/","og_site_name":"Agency Specialised in Stag and Hen Parties","article_modified_time":"2025-01-31T10:30:07+00:00","og_image":[{"width":1024,"height":1024,"url":"https:\/\/fliparas.com\/wp-content\/uploads\/2024\/03\/Driving-a-Buggy-Mallorca-img.jpeg","type":"image\/jpeg"}],"twitter_card":"summary_large_image","twitter_misc":{"Pris":"180,00&nbsp;&euro;","Tilg\u00e6ngelighed":"P\u00e5 lager"},"schema":{"@context":"https:\/\/schema.org","@graph":[{"@type":"WebPage","@id":"https:\/\/fliparas.com\/activity\/driving-a-buggy-ibiza\/","url":"https:\/\/fliparas.com\/activity\/driving-a-buggy-ibiza\/","name":"K\u00f8rsel i buggy Ibiza","isPartOf":{"@id":"https:\/\/fliparas.com\/#website"},"primaryImageOfPage":{"@id":"https:\/\/fliparas.com\/activity\/driving-a-buggy-ibiza\/#primaryimage"},"image":{"@id":"https:\/\/fliparas.com\/activity\/driving-a-buggy-ibiza\/#primaryimage"},"thumbnailUrl":"https:\/\/fliparas.com\/wp-content\/uploads\/2024\/03\/Driving-a-Buggy-Mallorca-img.jpeg","datePublished":"2024-03-25T12:41:36+00:00","dateModified":"2025-01-31T10:30:07+00:00","description":"K\u00f8r i en Ibiza Buggy. Nyd en fire timers guidet buggytur p\u00e5 Ibiza. K\u00f8r i Buugy Ibiza.","breadcrumb":{"@id":"https:\/\/fliparas.com\/activity\/driving-a-buggy-ibiza\/#breadcrumb"},"inLanguage":"da-DK","potentialAction":[{"@type":"ReadAction","target":["https:\/\/fliparas.com\/activity\/driving-a-buggy-ibiza\/"]}]},{"@type":"ImageObject","inLanguage":"da-DK","@id":"https:\/\/fliparas.com\/activity\/driving-a-buggy-ibiza\/#primaryimage","url":"https:\/\/fliparas.com\/wp-content\/uploads\/2024\/03\/Driving-a-Buggy-Mallorca-img.jpeg","contentUrl":"https:\/\/fliparas.com\/wp-content\/uploads\/2024\/03\/Driving-a-Buggy-Mallorca-img.jpeg","width":1024,"height":1024},{"@type":"BreadcrumbList","@id":"https:\/\/fliparas.com\/activity\/driving-a-buggy-ibiza\/#breadcrumb","itemListElement":[{"@type":"ListItem","position":1,"name":"Home","item":"https:\/\/fliparas.com\/"},{"@type":"ListItem","position":2,"name":"Shop","item":"https:\/\/fliparas.com\/shop\/"},{"@type":"ListItem","position":3,"name":"Driving a Buggy Ibiza"}]},{"@type":"WebSite","@id":"https:\/\/fliparas.com\/#website","url":"https:\/\/fliparas.com\/","name":"Agentur specialiseret i polterabend og h\u00f8nefest","description":"Stol p\u00e5 det bedst bed\u00f8mte bureau til at arrangere en uforglemmelig polterabend i Europa","publisher":{"@id":"https:\/\/fliparas.com\/#organization"},"alternateName":"Fliparas Agency Specialised in Stag and Hen Parties","potentialAction":[{"@type":"SearchAction","target":{"@type":"EntryPoint","urlTemplate":"https:\/\/fliparas.com\/?s={search_term_string}"},"query-input":{"@type":"PropertyValueSpecification","valueRequired":true,"valueName":"search_term_string"}}],"inLanguage":"da-DK"},{"@type":"Organization","@id":"https:\/\/fliparas.com\/#organization","name":"Fliparas","alternateName":"Agency Specialised in Stag and Hen Parties","url":"https:\/\/fliparas.com\/","logo":{"@type":"ImageObject","inLanguage":"da-DK","@id":"https:\/\/fliparas.com\/#\/schema\/logo\/image\/","url":"https:\/\/fliparas.com\/wp-content\/uploads\/2024\/03\/Logo-Fliparas.png","contentUrl":"https:\/\/fliparas.com\/wp-content\/uploads\/2024\/03\/Logo-Fliparas.png","width":1024,"height":1024,"caption":"Fliparas"},"image":{"@id":"https:\/\/fliparas.com\/#\/schema\/logo\/image\/"}}]},"product_price_amount":"180.00","product_price_currency":"EUR","og_availability":"instock","product_availability":"instock","product_condition":"new"},"_links":{"self":[{"href":"https:\/\/fliparas.com\/da\/wp-json\/wp\/v2\/product\/1367","targetHints":{"allow":["GET"]}}],"collection":[{"href":"https:\/\/fliparas.com\/da\/wp-json\/wp\/v2\/product"}],"about":[{"href":"https:\/\/fliparas.com\/da\/wp-json\/wp\/v2\/types\/product"}],"wp:featuredmedia":[{"embeddable":true,"href":"https:\/\/fliparas.com\/da\/wp-json\/wp\/v2\/media\/753"}],"wp:attachment":[{"href":"https:\/\/fliparas.com\/da\/wp-json\/wp\/v2\/media?parent=1367"}],"wp:term":[{"taxonomy":"product_brand","embeddable":true,"href":"https:\/\/fliparas.com\/da\/wp-json\/wp\/v2\/product_brand?post=1367"},{"taxonomy":"product_cat","embeddable":true,"href":"https:\/\/fliparas.com\/da\/wp-json\/wp\/v2\/product_cat?post=1367"},{"taxonomy":"product_tag","embeddable":true,"href":"https:\/\/fliparas.com\/da\/wp-json\/wp\/v2\/product_tag?post=1367"}],"curies":[{"name":"wp","href":"https:\/\/api.w.org\/{rel}","templated":true}]}}