{"id":1376,"date":"2024-03-25T14:50:26","date_gmt":"2024-03-25T14:50:26","guid":{"rendered":"https:\/\/fliparas.com\/?post_type=product&#038;p=1376"},"modified":"2025-01-31T11:30:06","modified_gmt":"2025-01-31T10:30:06","slug":"jetski-ibiza","status":"publish","type":"product","link":"https:\/\/fliparas.com\/da\/aktivitet\/jetski-ibiza\/","title":{"rendered":"Jetski Ibiza"},"content":{"rendered":"<p>Jetski Ibiza. Nyd en halv time med den sjoveste vandaktivitet: jetski.<\/p>\n<p>De bedste polterabender med <a href=\"https:\/\/fliparas.com\/da\/polterabend-2\/\">Polterabend<\/a>! <a href=\"https:\/\/fliparas.com\/da\/polterabend\/\">Polterabend<\/a>!<\/p>\n<h2 style=\"text-align: center;\">Jetski Ibiza \ud83c\udf0a.<\/h2>\n<h5>\ud83c\udf0a Oplev akvatisk adrenalin! \ud83d\udea4\ud83d\udca6<\/h5>\n<p>Oplev en halv times uforglemmelig sp\u00e6nding p\u00e5 Ibizas krystalklare vand med vores utrolige vandmotorcykelaktivitet! \ud83c\udf34\ud83c\udf0a<\/p>\n<p>S\u00e6t dig op p\u00e5 din vandcykel, og m\u00e6rk sp\u00e6ndingen ved at k\u00f8re p\u00e5 Middelhavets b\u00f8lger.<\/p>\n<p>\ud83d\udc6c Uanset om du foretr\u00e6kker uafh\u00e6ngigheden ved en individuel oplevelse eller at dele et eventyr som et par, har du friheden til at v\u00e6lge. Par kan skiftes til at v\u00e6re chauff\u00f8r og f\u00e5 dobbelt s\u00e5 meget sjov, mens de opdager sp\u00e6ndingen ved at k\u00f8re til s\u00f8s.<\/p>\n<p>\ud83d\udca8 Glid af sted i fuld fart, m\u00e6rk vinden i h\u00e5ret, og nyd hvert \u00f8jeblik af denne sp\u00e6ndende vandoplevelse. Med Ibizas pragt som baggrund bliver hvert eneste sving til et uforglemmeligt eventyr.<\/p>\n<p>\ud83c\udf05 Book nu til et uforglemmeligt vandeventyr!<\/p>\n<p>\ud83c\udf1f Fork\u00e6l dig selv med en halv times sjov under Ibizas sol. Lad havet lede dig p\u00e5 et eventyr fuld af grin, sp\u00e6nding og uforglemmelige minder. Tag p\u00e5 en vandmotorcykeloplevelse, der vil blive indgraveret i din hukommelse! \ud83c\udfc4\u200d\u2642\ufe0f\ud83c\udfc4\u200d\u2640\ufe0f<\/p>\n<p style=\"text-align: center;\"><strong>MINIMUMSSALG: 10 PERSONER.<\/strong><\/p>","protected":false},"excerpt":{"rendered":"<p>Jetski Ibiza. Nyd en halv time med den sjoveste vandaktivitet: jetski.<br \/>\n<strong>MINIMUMSSALG: 10 PERSONER.<\/strong><\/p>","protected":false},"featured_media":899,"template":"","meta":[],"product_brand":[425],"product_cat":[266,265,267],"product_tag":[259,298],"class_list":{"0":"post-1376","1":"product","2":"type-product","3":"status-publish","4":"has-post-thumbnail","6":"product_brand-fliparas-inc","7":"product_cat-hen-party-ibiza-activities","8":"product_cat-ibiza","9":"product_cat-stag-party-ibiza-activities","10":"product_tag-jet-ski","11":"product_tag-jet-ski-ibiza","13":"first","14":"instock","15":"virtual","16":"sold-individually","17":"purchasable","18":"product-type-booking"},"yoast_head":"<!-- This site is optimized with the Yoast SEO plugin v26.9 - https:\/\/yoast.com\/product\/yoast-seo-wordpress\/ -->\n<title>Jet Ski Ibiza - IBIZA Jet Ski!<\/title>\n<meta name=\"description\" content=\"Jet Ski Ibiza. Enjoy half an hour of the most fun water activity: jet skiing. Jet Ski Ibiza. Ibiza Jet Ski! Have fun with your friends!!!\" \/>\n<meta name=\"robots\" content=\"index, follow, max-snippet:-1, max-image-preview:large, max-video-preview:-1\" \/>\n<link rel=\"canonical\" href=\"https:\/\/fliparas.com\/da\/aktivitet\/jetski-ibiza\/\" \/>\n<meta property=\"og:locale\" content=\"da_DK\" \/>\n<meta property=\"og:type\" content=\"article\" \/>\n<meta property=\"og:title\" content=\"Jet Ski Ibiza - IBIZA Jet Ski!\" \/>\n<meta property=\"og:description\" content=\"Jet Ski Ibiza. Enjoy half an hour of the most fun water activity: jet skiing. Jet Ski Ibiza. Ibiza Jet Ski! Have fun with your friends!!!\" \/>\n<meta property=\"og:url\" content=\"https:\/\/fliparas.com\/da\/aktivitet\/jetski-ibiza\/\" \/>\n<meta property=\"og:site_name\" content=\"Agency Specialised in Stag and Hen Parties\" \/>\n<meta property=\"article:modified_time\" content=\"2025-01-31T10:30:06+00:00\" \/>\n<meta property=\"og:image\" content=\"https:\/\/fliparas.com\/wp-content\/uploads\/2024\/03\/Jet-Ski-img.jpeg\" \/>\n\t<meta property=\"og:image:width\" content=\"1024\" \/>\n\t<meta property=\"og:image:height\" content=\"1024\" \/>\n\t<meta property=\"og:image:type\" content=\"image\/jpeg\" \/>\n<meta name=\"twitter:card\" content=\"summary_large_image\" \/>\n<meta name=\"twitter:label1\" content=\"Pris\" \/>\n\t<meta name=\"twitter:data1\" content=\"110,00&nbsp;&euro;\" \/>\n\t<meta name=\"twitter:label2\" content=\"Tilg\u00e6ngelighed\" \/>\n\t<meta name=\"twitter:data2\" content=\"P\u00e5 lager\" \/>\n<script type=\"application\/ld+json\" class=\"yoast-schema-graph\">{\"@context\":\"https:\/\/schema.org\",\"@graph\":[{\"@type\":\"WebPage\",\"@id\":\"https:\/\/fliparas.com\/activity\/jet-ski-ibiza\/\",\"url\":\"https:\/\/fliparas.com\/activity\/jet-ski-ibiza\/\",\"name\":\"Jet Ski Ibiza - IBIZA Jet Ski!\",\"isPartOf\":{\"@id\":\"https:\/\/fliparas.com\/#website\"},\"primaryImageOfPage\":{\"@id\":\"https:\/\/fliparas.com\/activity\/jet-ski-ibiza\/#primaryimage\"},\"image\":{\"@id\":\"https:\/\/fliparas.com\/activity\/jet-ski-ibiza\/#primaryimage\"},\"thumbnailUrl\":\"https:\/\/fliparas.com\/wp-content\/uploads\/2024\/03\/Jet-Ski-img.jpeg\",\"datePublished\":\"2024-03-25T14:50:26+00:00\",\"dateModified\":\"2025-01-31T10:30:06+00:00\",\"description\":\"Jet Ski Ibiza. Enjoy half an hour of the most fun water activity: jet skiing. Jet Ski Ibiza. Ibiza Jet Ski! Have fun with your friends!!!\",\"breadcrumb\":{\"@id\":\"https:\/\/fliparas.com\/activity\/jet-ski-ibiza\/#breadcrumb\"},\"inLanguage\":\"da-DK\",\"potentialAction\":[{\"@type\":\"ReadAction\",\"target\":[\"https:\/\/fliparas.com\/activity\/jet-ski-ibiza\/\"]}]},{\"@type\":\"ImageObject\",\"inLanguage\":\"da-DK\",\"@id\":\"https:\/\/fliparas.com\/activity\/jet-ski-ibiza\/#primaryimage\",\"url\":\"https:\/\/fliparas.com\/wp-content\/uploads\/2024\/03\/Jet-Ski-img.jpeg\",\"contentUrl\":\"https:\/\/fliparas.com\/wp-content\/uploads\/2024\/03\/Jet-Ski-img.jpeg\",\"width\":1024,\"height\":1024},{\"@type\":\"BreadcrumbList\",\"@id\":\"https:\/\/fliparas.com\/activity\/jet-ski-ibiza\/#breadcrumb\",\"itemListElement\":[{\"@type\":\"ListItem\",\"position\":1,\"name\":\"Home\",\"item\":\"https:\/\/fliparas.com\/\"},{\"@type\":\"ListItem\",\"position\":2,\"name\":\"Shop\",\"item\":\"https:\/\/fliparas.com\/shop\/\"},{\"@type\":\"ListItem\",\"position\":3,\"name\":\"Jet Ski Ibiza\"}]},{\"@type\":\"WebSite\",\"@id\":\"https:\/\/fliparas.com\/#website\",\"url\":\"https:\/\/fliparas.com\/\",\"name\":\"Agency Specialised in Stag and Hen Parties\",\"description\":\"Trust the highest rated agency to organize an unforgettable stag and hen parties in Europe\",\"publisher\":{\"@id\":\"https:\/\/fliparas.com\/#organization\"},\"alternateName\":\"Fliparas Agency Specialised in Stag and Hen Parties\",\"potentialAction\":[{\"@type\":\"SearchAction\",\"target\":{\"@type\":\"EntryPoint\",\"urlTemplate\":\"https:\/\/fliparas.com\/?s={search_term_string}\"},\"query-input\":{\"@type\":\"PropertyValueSpecification\",\"valueRequired\":true,\"valueName\":\"search_term_string\"}}],\"inLanguage\":\"da-DK\"},{\"@type\":\"Organization\",\"@id\":\"https:\/\/fliparas.com\/#organization\",\"name\":\"Fliparas\",\"alternateName\":\"Agency Specialised in Stag and Hen Parties\",\"url\":\"https:\/\/fliparas.com\/\",\"logo\":{\"@type\":\"ImageObject\",\"inLanguage\":\"da-DK\",\"@id\":\"https:\/\/fliparas.com\/#\/schema\/logo\/image\/\",\"url\":\"https:\/\/fliparas.com\/wp-content\/uploads\/2024\/03\/Logo-Fliparas.png\",\"contentUrl\":\"https:\/\/fliparas.com\/wp-content\/uploads\/2024\/03\/Logo-Fliparas.png\",\"width\":1024,\"height\":1024,\"caption\":\"Fliparas\"},\"image\":{\"@id\":\"https:\/\/fliparas.com\/#\/schema\/logo\/image\/\"}}]}<\/script>\n<meta property=\"product:price:amount\" content=\"110.00\" \/>\n<meta property=\"product:price:currency\" content=\"EUR\" \/>\n<meta property=\"og:availability\" content=\"instock\" \/>\n<meta property=\"product:availability\" content=\"instock\" \/>\n<meta property=\"product:condition\" content=\"new\" \/>\n<!-- \/ Yoast SEO plugin. -->","yoast_head_json":{"title":"Jet Ski Ibiza - IBIZA Jet Ski!","description":"Jetski Ibiza. Nyd en halv time med den sjoveste vandaktivitet: jetski. Jet Ski Ibiza. Jetski p\u00e5 Ibiza! Hav det sjovt med dine venner!!!","robots":{"index":"index","follow":"follow","max-snippet":"max-snippet:-1","max-image-preview":"max-image-preview:large","max-video-preview":"max-video-preview:-1"},"canonical":"https:\/\/fliparas.com\/da\/aktivitet\/jetski-ibiza\/","og_locale":"da_DK","og_type":"article","og_title":"Jet Ski Ibiza - IBIZA Jet Ski!","og_description":"Jet Ski Ibiza. Enjoy half an hour of the most fun water activity: jet skiing. Jet Ski Ibiza. Ibiza Jet Ski! Have fun with your friends!!!","og_url":"https:\/\/fliparas.com\/da\/aktivitet\/jetski-ibiza\/","og_site_name":"Agency Specialised in Stag and Hen Parties","article_modified_time":"2025-01-31T10:30:06+00:00","og_image":[{"width":1024,"height":1024,"url":"https:\/\/fliparas.com\/wp-content\/uploads\/2024\/03\/Jet-Ski-img.jpeg","type":"image\/jpeg"}],"twitter_card":"summary_large_image","twitter_misc":{"Pris":"110,00&nbsp;&euro;","Tilg\u00e6ngelighed":"P\u00e5 lager"},"schema":{"@context":"https:\/\/schema.org","@graph":[{"@type":"WebPage","@id":"https:\/\/fliparas.com\/activity\/jet-ski-ibiza\/","url":"https:\/\/fliparas.com\/activity\/jet-ski-ibiza\/","name":"Jet Ski Ibiza - IBIZA Jet Ski!","isPartOf":{"@id":"https:\/\/fliparas.com\/#website"},"primaryImageOfPage":{"@id":"https:\/\/fliparas.com\/activity\/jet-ski-ibiza\/#primaryimage"},"image":{"@id":"https:\/\/fliparas.com\/activity\/jet-ski-ibiza\/#primaryimage"},"thumbnailUrl":"https:\/\/fliparas.com\/wp-content\/uploads\/2024\/03\/Jet-Ski-img.jpeg","datePublished":"2024-03-25T14:50:26+00:00","dateModified":"2025-01-31T10:30:06+00:00","description":"Jetski Ibiza. Nyd en halv time med den sjoveste vandaktivitet: jetski. Jet Ski Ibiza. Jetski p\u00e5 Ibiza! Hav det sjovt med dine venner!!!","breadcrumb":{"@id":"https:\/\/fliparas.com\/activity\/jet-ski-ibiza\/#breadcrumb"},"inLanguage":"da-DK","potentialAction":[{"@type":"ReadAction","target":["https:\/\/fliparas.com\/activity\/jet-ski-ibiza\/"]}]},{"@type":"ImageObject","inLanguage":"da-DK","@id":"https:\/\/fliparas.com\/activity\/jet-ski-ibiza\/#primaryimage","url":"https:\/\/fliparas.com\/wp-content\/uploads\/2024\/03\/Jet-Ski-img.jpeg","contentUrl":"https:\/\/fliparas.com\/wp-content\/uploads\/2024\/03\/Jet-Ski-img.jpeg","width":1024,"height":1024},{"@type":"BreadcrumbList","@id":"https:\/\/fliparas.com\/activity\/jet-ski-ibiza\/#breadcrumb","itemListElement":[{"@type":"ListItem","position":1,"name":"Home","item":"https:\/\/fliparas.com\/"},{"@type":"ListItem","position":2,"name":"Shop","item":"https:\/\/fliparas.com\/shop\/"},{"@type":"ListItem","position":3,"name":"Jet Ski Ibiza"}]},{"@type":"WebSite","@id":"https:\/\/fliparas.com\/#website","url":"https:\/\/fliparas.com\/","name":"Agentur specialiseret i polterabend og h\u00f8nefest","description":"Stol p\u00e5 det bedst bed\u00f8mte bureau til at arrangere en uforglemmelig polterabend i Europa","publisher":{"@id":"https:\/\/fliparas.com\/#organization"},"alternateName":"Fliparas Agency Specialised in Stag and Hen Parties","potentialAction":[{"@type":"SearchAction","target":{"@type":"EntryPoint","urlTemplate":"https:\/\/fliparas.com\/?s={search_term_string}"},"query-input":{"@type":"PropertyValueSpecification","valueRequired":true,"valueName":"search_term_string"}}],"inLanguage":"da-DK"},{"@type":"Organization","@id":"https:\/\/fliparas.com\/#organization","name":"Fliparas","alternateName":"Agency Specialised in Stag and Hen Parties","url":"https:\/\/fliparas.com\/","logo":{"@type":"ImageObject","inLanguage":"da-DK","@id":"https:\/\/fliparas.com\/#\/schema\/logo\/image\/","url":"https:\/\/fliparas.com\/wp-content\/uploads\/2024\/03\/Logo-Fliparas.png","contentUrl":"https:\/\/fliparas.com\/wp-content\/uploads\/2024\/03\/Logo-Fliparas.png","width":1024,"height":1024,"caption":"Fliparas"},"image":{"@id":"https:\/\/fliparas.com\/#\/schema\/logo\/image\/"}}]},"product_price_amount":"110.00","product_price_currency":"EUR","og_availability":"instock","product_availability":"instock","product_condition":"new"},"_links":{"self":[{"href":"https:\/\/fliparas.com\/da\/wp-json\/wp\/v2\/product\/1376","targetHints":{"allow":["GET"]}}],"collection":[{"href":"https:\/\/fliparas.com\/da\/wp-json\/wp\/v2\/product"}],"about":[{"href":"https:\/\/fliparas.com\/da\/wp-json\/wp\/v2\/types\/product"}],"wp:featuredmedia":[{"embeddable":true,"href":"https:\/\/fliparas.com\/da\/wp-json\/wp\/v2\/media\/899"}],"wp:attachment":[{"href":"https:\/\/fliparas.com\/da\/wp-json\/wp\/v2\/media?parent=1376"}],"wp:term":[{"taxonomy":"product_brand","embeddable":true,"href":"https:\/\/fliparas.com\/da\/wp-json\/wp\/v2\/product_brand?post=1376"},{"taxonomy":"product_cat","embeddable":true,"href":"https:\/\/fliparas.com\/da\/wp-json\/wp\/v2\/product_cat?post=1376"},{"taxonomy":"product_tag","embeddable":true,"href":"https:\/\/fliparas.com\/da\/wp-json\/wp\/v2\/product_tag?post=1376"}],"curies":[{"name":"wp","href":"https:\/\/api.w.org\/{rel}","templated":true}]}}