{"id":1378,"date":"2024-03-25T15:12:39","date_gmt":"2024-03-25T15:12:39","guid":{"rendered":"https:\/\/fliparas.com\/?post_type=product&#038;p=1378"},"modified":"2025-01-31T11:30:06","modified_gmt":"2025-01-31T10:30:06","slug":"flyboard-ibiza","status":"publish","type":"product","link":"https:\/\/fliparas.com\/da\/aktivitet\/flyboard-ibiza\/","title":{"rendered":"Flyboard Ibiza"},"content":{"rendered":"<p style=\"text-align: center;\">Flyboard Ibiza. Nyd ti minutters adrenalin, og hold fast i vandet for at vise din styrke!<\/p>\n<p style=\"text-align: center;\">De bedste polterabender med <a href=\"https:\/\/fliparas.com\/da\/polterabend-2\/\">Polterabend<\/a>! <a href=\"https:\/\/fliparas.com\/da\/polterabend\/\">Polterabend<\/a>!<\/p>\n<h2 style=\"text-align: center;\">Flyboard Ibiza \ud83c\udf0a.<\/h2>\n<h4 style=\"text-align: center;\"><strong>\ud83d\udea4 Flyboard Ibiza: Luftsp\u00e6nding for adrenalin-elskere! \ud83c\udf0a<\/strong><\/h4>\n<p style=\"text-align: center;\">Forbered dig p\u00e5 et episk vandeventyr p\u00e5 Ibiza med vores Flyboard-oplevelse! \ud83e\ude82<\/p>\n<p style=\"text-align: center;\">Denne attraktion er forbeholdt \u00e6gte adrenalinj\u00e6gere og sender dig ti meter op over det glitrende vand og udfordrer dig til at holde balancen for at f\u00e5 en sp\u00e6ndende oplevelse.<\/p>\n<p style=\"text-align: center;\">Hold godt fast i vores oppustelige flyboard, og lad dig glide hen over b\u00f8lgerne og trodse tyngdeloven. Du vil opleve ti minutters ren sp\u00e6nding, mens du flyver over Ibizas krystalklare vand. Hvad er udfordringen? At holde balancen i de mange sving og drejninger!<\/p>\n<p style=\"text-align: center;\">Denne oplevelse er designet til frygtl\u00f8se eventyrere, der er p\u00e5 udkig efter den perfekte blanding af f\u00f8lelser og latter. Uanset om du er alene eller sammen med venner, lover Flyboard dig et uforglemmeligt eventyr i vandet.<\/p>\n<p style=\"text-align: center;\">Book nu til en unik oplevelse, hvor himmel og hav m\u00f8des i et v\u00e6gtl\u00f8st eventyr. Trods tyngdekraften, og oplev sp\u00e6ndende \u00f8jeblikke p\u00e5 Ibiza med vores Flyboard-oplevelse.<\/p>\n<p style=\"text-align: center;\">Book Flyboard Ibiza nu!<\/p>\n<p style=\"text-align: center;\">Er du klar til at lette? \ud83c\udf0a\ud83e\ude82\ud83d\ude80<\/p>\n<p>&nbsp;<\/p>\n<p class=\"p1\" style=\"text-align: center;\"><strong>RESERVERING MULIG FOR GRUPPER P\u00c5: 8 til 12 PERSONER.<\/strong><\/p>","protected":false},"excerpt":{"rendered":"<p>Flyboard Ibiza. Nyd ti minutters adrenalin, og hold fast i vandet for at vise din styrke!<br \/>\n<strong>RESERVERING MULIG FOR GRUPPER P\u00c5: 8 til 12 PERSONER.<\/strong><\/p>","protected":false},"featured_media":843,"template":"","meta":[],"product_brand":[425],"product_cat":[266,265,267],"product_tag":[339,340],"class_list":{"0":"post-1378","1":"product","2":"type-product","3":"status-publish","4":"has-post-thumbnail","6":"product_brand-fliparas-inc","7":"product_cat-hen-party-ibiza-activities","8":"product_cat-ibiza","9":"product_cat-stag-party-ibiza-activities","10":"product_tag-flyboard","11":"product_tag-flyboard-ibiza","13":"first","14":"instock","15":"virtual","16":"sold-individually","17":"purchasable","18":"product-type-booking"},"yoast_head":"<!-- This site is optimized with the Yoast SEO plugin v26.9 - https:\/\/yoast.com\/product\/yoast-seo-wordpress\/ -->\n<title>Flyboard Ibiza - IBIZA: Flyboard!<\/title>\n<meta name=\"description\" content=\"Flyboard Ibiza. Enjoy ten minutes of adrenaline and hold on to the water to show your strength! Flyboard Ibiza. Have fun with your friends!\" \/>\n<meta name=\"robots\" content=\"index, follow, max-snippet:-1, max-image-preview:large, max-video-preview:-1\" \/>\n<link rel=\"canonical\" href=\"https:\/\/fliparas.com\/da\/aktivitet\/flyboard-ibiza\/\" \/>\n<meta property=\"og:locale\" content=\"da_DK\" \/>\n<meta property=\"og:type\" content=\"article\" \/>\n<meta property=\"og:title\" content=\"Flyboard Ibiza - IBIZA: Flyboard!\" \/>\n<meta property=\"og:description\" content=\"Flyboard Ibiza. Enjoy ten minutes of adrenaline and hold on to the water to show your strength! Flyboard Ibiza. Have fun with your friends!\" \/>\n<meta property=\"og:url\" content=\"https:\/\/fliparas.com\/da\/aktivitet\/flyboard-ibiza\/\" \/>\n<meta property=\"og:site_name\" content=\"Agency Specialised in Stag and Hen Parties\" \/>\n<meta property=\"article:modified_time\" content=\"2025-01-31T10:30:06+00:00\" \/>\n<meta property=\"og:image\" content=\"https:\/\/fliparas.com\/wp-content\/uploads\/2024\/03\/Flyfish-img.jpeg\" \/>\n\t<meta property=\"og:image:width\" content=\"1024\" \/>\n\t<meta property=\"og:image:height\" content=\"1024\" \/>\n\t<meta property=\"og:image:type\" content=\"image\/jpeg\" \/>\n<meta name=\"twitter:card\" content=\"summary_large_image\" \/>\n<meta name=\"twitter:label1\" content=\"Pris\" \/>\n\t<meta name=\"twitter:data1\" content=\"40,00&nbsp;&euro;\" \/>\n\t<meta name=\"twitter:label2\" content=\"Tilg\u00e6ngelighed\" \/>\n\t<meta name=\"twitter:data2\" content=\"P\u00e5 lager\" \/>\n<script type=\"application\/ld+json\" class=\"yoast-schema-graph\">{\"@context\":\"https:\/\/schema.org\",\"@graph\":[{\"@type\":\"WebPage\",\"@id\":\"https:\/\/fliparas.com\/activity\/flyboard-ibiza\/\",\"url\":\"https:\/\/fliparas.com\/activity\/flyboard-ibiza\/\",\"name\":\"Flyboard Ibiza - IBIZA: Flyboard!\",\"isPartOf\":{\"@id\":\"https:\/\/fliparas.com\/#website\"},\"primaryImageOfPage\":{\"@id\":\"https:\/\/fliparas.com\/activity\/flyboard-ibiza\/#primaryimage\"},\"image\":{\"@id\":\"https:\/\/fliparas.com\/activity\/flyboard-ibiza\/#primaryimage\"},\"thumbnailUrl\":\"https:\/\/fliparas.com\/wp-content\/uploads\/2024\/03\/Flyfish-img.jpeg\",\"datePublished\":\"2024-03-25T15:12:39+00:00\",\"dateModified\":\"2025-01-31T10:30:06+00:00\",\"description\":\"Flyboard Ibiza. Enjoy ten minutes of adrenaline and hold on to the water to show your strength! Flyboard Ibiza. Have fun with your friends!\",\"breadcrumb\":{\"@id\":\"https:\/\/fliparas.com\/activity\/flyboard-ibiza\/#breadcrumb\"},\"inLanguage\":\"da-DK\",\"potentialAction\":[{\"@type\":\"ReadAction\",\"target\":[\"https:\/\/fliparas.com\/activity\/flyboard-ibiza\/\"]}]},{\"@type\":\"ImageObject\",\"inLanguage\":\"da-DK\",\"@id\":\"https:\/\/fliparas.com\/activity\/flyboard-ibiza\/#primaryimage\",\"url\":\"https:\/\/fliparas.com\/wp-content\/uploads\/2024\/03\/Flyfish-img.jpeg\",\"contentUrl\":\"https:\/\/fliparas.com\/wp-content\/uploads\/2024\/03\/Flyfish-img.jpeg\",\"width\":1024,\"height\":1024},{\"@type\":\"BreadcrumbList\",\"@id\":\"https:\/\/fliparas.com\/activity\/flyboard-ibiza\/#breadcrumb\",\"itemListElement\":[{\"@type\":\"ListItem\",\"position\":1,\"name\":\"Home\",\"item\":\"https:\/\/fliparas.com\/\"},{\"@type\":\"ListItem\",\"position\":2,\"name\":\"Shop\",\"item\":\"https:\/\/fliparas.com\/shop\/\"},{\"@type\":\"ListItem\",\"position\":3,\"name\":\"Flyboard Ibiza\"}]},{\"@type\":\"WebSite\",\"@id\":\"https:\/\/fliparas.com\/#website\",\"url\":\"https:\/\/fliparas.com\/\",\"name\":\"Agency Specialised in Stag and Hen Parties\",\"description\":\"Trust the highest rated agency to organize an unforgettable stag and hen parties in Europe\",\"publisher\":{\"@id\":\"https:\/\/fliparas.com\/#organization\"},\"alternateName\":\"Fliparas Agency Specialised in Stag and Hen Parties\",\"potentialAction\":[{\"@type\":\"SearchAction\",\"target\":{\"@type\":\"EntryPoint\",\"urlTemplate\":\"https:\/\/fliparas.com\/?s={search_term_string}\"},\"query-input\":{\"@type\":\"PropertyValueSpecification\",\"valueRequired\":true,\"valueName\":\"search_term_string\"}}],\"inLanguage\":\"da-DK\"},{\"@type\":\"Organization\",\"@id\":\"https:\/\/fliparas.com\/#organization\",\"name\":\"Fliparas\",\"alternateName\":\"Agency Specialised in Stag and Hen Parties\",\"url\":\"https:\/\/fliparas.com\/\",\"logo\":{\"@type\":\"ImageObject\",\"inLanguage\":\"da-DK\",\"@id\":\"https:\/\/fliparas.com\/#\/schema\/logo\/image\/\",\"url\":\"https:\/\/fliparas.com\/wp-content\/uploads\/2024\/03\/Logo-Fliparas.png\",\"contentUrl\":\"https:\/\/fliparas.com\/wp-content\/uploads\/2024\/03\/Logo-Fliparas.png\",\"width\":1024,\"height\":1024,\"caption\":\"Fliparas\"},\"image\":{\"@id\":\"https:\/\/fliparas.com\/#\/schema\/logo\/image\/\"}}]}<\/script>\n<meta property=\"product:price:amount\" content=\"40.00\" \/>\n<meta property=\"product:price:currency\" content=\"EUR\" \/>\n<meta property=\"og:availability\" content=\"instock\" \/>\n<meta property=\"product:availability\" content=\"instock\" \/>\n<meta property=\"product:condition\" content=\"new\" \/>\n<!-- \/ Yoast SEO plugin. -->","yoast_head_json":{"title":"Flyboard Ibiza - IBIZA: Flyboard!","description":"Flyboard Ibiza. Nyd ti minutters adrenalin, og hold fast i vandet for at vise din styrke! Flyboard Ibiza. Hav det sjovt med dine venner!","robots":{"index":"index","follow":"follow","max-snippet":"max-snippet:-1","max-image-preview":"max-image-preview:large","max-video-preview":"max-video-preview:-1"},"canonical":"https:\/\/fliparas.com\/da\/aktivitet\/flyboard-ibiza\/","og_locale":"da_DK","og_type":"article","og_title":"Flyboard Ibiza - IBIZA: Flyboard!","og_description":"Flyboard Ibiza. Enjoy ten minutes of adrenaline and hold on to the water to show your strength! Flyboard Ibiza. Have fun with your friends!","og_url":"https:\/\/fliparas.com\/da\/aktivitet\/flyboard-ibiza\/","og_site_name":"Agency Specialised in Stag and Hen Parties","article_modified_time":"2025-01-31T10:30:06+00:00","og_image":[{"width":1024,"height":1024,"url":"https:\/\/fliparas.com\/wp-content\/uploads\/2024\/03\/Flyfish-img.jpeg","type":"image\/jpeg"}],"twitter_card":"summary_large_image","twitter_misc":{"Pris":"40,00&nbsp;&euro;","Tilg\u00e6ngelighed":"P\u00e5 lager"},"schema":{"@context":"https:\/\/schema.org","@graph":[{"@type":"WebPage","@id":"https:\/\/fliparas.com\/activity\/flyboard-ibiza\/","url":"https:\/\/fliparas.com\/activity\/flyboard-ibiza\/","name":"Flyboard Ibiza - IBIZA: Flyboard!","isPartOf":{"@id":"https:\/\/fliparas.com\/#website"},"primaryImageOfPage":{"@id":"https:\/\/fliparas.com\/activity\/flyboard-ibiza\/#primaryimage"},"image":{"@id":"https:\/\/fliparas.com\/activity\/flyboard-ibiza\/#primaryimage"},"thumbnailUrl":"https:\/\/fliparas.com\/wp-content\/uploads\/2024\/03\/Flyfish-img.jpeg","datePublished":"2024-03-25T15:12:39+00:00","dateModified":"2025-01-31T10:30:06+00:00","description":"Flyboard Ibiza. Nyd ti minutters adrenalin, og hold fast i vandet for at vise din styrke! Flyboard Ibiza. Hav det sjovt med dine venner!","breadcrumb":{"@id":"https:\/\/fliparas.com\/activity\/flyboard-ibiza\/#breadcrumb"},"inLanguage":"da-DK","potentialAction":[{"@type":"ReadAction","target":["https:\/\/fliparas.com\/activity\/flyboard-ibiza\/"]}]},{"@type":"ImageObject","inLanguage":"da-DK","@id":"https:\/\/fliparas.com\/activity\/flyboard-ibiza\/#primaryimage","url":"https:\/\/fliparas.com\/wp-content\/uploads\/2024\/03\/Flyfish-img.jpeg","contentUrl":"https:\/\/fliparas.com\/wp-content\/uploads\/2024\/03\/Flyfish-img.jpeg","width":1024,"height":1024},{"@type":"BreadcrumbList","@id":"https:\/\/fliparas.com\/activity\/flyboard-ibiza\/#breadcrumb","itemListElement":[{"@type":"ListItem","position":1,"name":"Home","item":"https:\/\/fliparas.com\/"},{"@type":"ListItem","position":2,"name":"Shop","item":"https:\/\/fliparas.com\/shop\/"},{"@type":"ListItem","position":3,"name":"Flyboard Ibiza"}]},{"@type":"WebSite","@id":"https:\/\/fliparas.com\/#website","url":"https:\/\/fliparas.com\/","name":"Agentur specialiseret i polterabend og h\u00f8nefest","description":"Stol p\u00e5 det bedst bed\u00f8mte bureau til at arrangere en uforglemmelig polterabend i Europa","publisher":{"@id":"https:\/\/fliparas.com\/#organization"},"alternateName":"Fliparas Agency Specialised in Stag and Hen Parties","potentialAction":[{"@type":"SearchAction","target":{"@type":"EntryPoint","urlTemplate":"https:\/\/fliparas.com\/?s={search_term_string}"},"query-input":{"@type":"PropertyValueSpecification","valueRequired":true,"valueName":"search_term_string"}}],"inLanguage":"da-DK"},{"@type":"Organization","@id":"https:\/\/fliparas.com\/#organization","name":"Fliparas","alternateName":"Agency Specialised in Stag and Hen Parties","url":"https:\/\/fliparas.com\/","logo":{"@type":"ImageObject","inLanguage":"da-DK","@id":"https:\/\/fliparas.com\/#\/schema\/logo\/image\/","url":"https:\/\/fliparas.com\/wp-content\/uploads\/2024\/03\/Logo-Fliparas.png","contentUrl":"https:\/\/fliparas.com\/wp-content\/uploads\/2024\/03\/Logo-Fliparas.png","width":1024,"height":1024,"caption":"Fliparas"},"image":{"@id":"https:\/\/fliparas.com\/#\/schema\/logo\/image\/"}}]},"product_price_amount":"40.00","product_price_currency":"EUR","og_availability":"instock","product_availability":"instock","product_condition":"new"},"_links":{"self":[{"href":"https:\/\/fliparas.com\/da\/wp-json\/wp\/v2\/product\/1378","targetHints":{"allow":["GET"]}}],"collection":[{"href":"https:\/\/fliparas.com\/da\/wp-json\/wp\/v2\/product"}],"about":[{"href":"https:\/\/fliparas.com\/da\/wp-json\/wp\/v2\/types\/product"}],"wp:featuredmedia":[{"embeddable":true,"href":"https:\/\/fliparas.com\/da\/wp-json\/wp\/v2\/media\/843"}],"wp:attachment":[{"href":"https:\/\/fliparas.com\/da\/wp-json\/wp\/v2\/media?parent=1378"}],"wp:term":[{"taxonomy":"product_brand","embeddable":true,"href":"https:\/\/fliparas.com\/da\/wp-json\/wp\/v2\/product_brand?post=1378"},{"taxonomy":"product_cat","embeddable":true,"href":"https:\/\/fliparas.com\/da\/wp-json\/wp\/v2\/product_cat?post=1378"},{"taxonomy":"product_tag","embeddable":true,"href":"https:\/\/fliparas.com\/da\/wp-json\/wp\/v2\/product_tag?post=1378"}],"curies":[{"name":"wp","href":"https:\/\/api.w.org\/{rel}","templated":true}]}}