{"id":1380,"date":"2024-03-25T15:27:03","date_gmt":"2024-03-25T15:27:03","guid":{"rendered":"https:\/\/fliparas.com\/?post_type=product&#038;p=1380"},"modified":"2025-01-31T11:26:04","modified_gmt":"2025-01-31T10:26:04","slug":"lesbisk-show-i-ibiza","status":"publish","type":"product","link":"https:\/\/fliparas.com\/da\/aktivitet\/lesbisk-show-i-ibiza\/","title":{"rendered":"Lesbisk show p\u00e5 Ibiza"},"content":{"rendered":"<p>Lesbisk show p\u00e5 Ibiza. Overrask brudgommen med et unikt og specielt lesbisk show. Erotisk, sjovt og deltagende show. Mulighed for at v\u00e6lge strippere. Mulighed for at rejse til din lejlighed, villa, restaurant, bar med privat lounge eller endda i limousine.<\/p>\n<p>De bedste polterabender <a href=\"https:\/\/fliparas.com\/da\/polterabend-2\/\">Polterabend<\/a>!<\/p>\n<h2 style=\"text-align: center;\"><span style=\"vertical-align: inherit;\"><span style=\"vertical-align: inherit;\">Lesbisk show p\u00e5 Ibiza \ud83d\udd25<\/span> <\/span><\/h2>\n<h4>Oplev sensualitet og sjov: en striptease ikke af \u00e9n pige, men af to! \ud83d\udd25<\/h4>\n<p>Book et \u00f8jeblik af ren erotik og nydelse med vores eksklusive femten minutters sensuelle danseshow. To dansere eksklusivt for dig, der bringer et strejf af sensualitet og nydelse, hvor end du \u00f8nsker det, ledsaget af deres musik valgt til lejligheden.<\/p>\n<p>Hvis den ene er sexet, er de to sammen erotik i sin reneste form:<\/p>\n<p>Vi ved alle, hvor sexet en striptease er og h\u00e6ver temperaturen hos danseren, s\u00e5 forestil dig, hvordan det er for to. De er meget k\u00e6rlige over for hinanden, r\u00f8rer, gnider og hj\u00e6lper endda hinanden med at kl\u00e6de sig af....<\/p>\n<p>\ud83d\udc83 En oplevelse, der er skr\u00e6ddersyet til dig:<\/p>\n<p>Dette show drejer sig om brudgommen. Danserne bev\u00e6ger sig, hvor du vil, og sikrer en personlig og unik oplevelse. I intime omgivelser derhjemme eller p\u00e5 et s\u00e6rligt sted kan du forberede dig p\u00e5 at blive stjernen i et uforglemmeligt show.<\/p>\n<p>\ud83d\udd25 Et show, der efterlader et varigt indtryk:<\/p>\n<p>Den sensuelle atmosf\u00e6re, den stigende temperatur og alle dine venner, som undrer sig over dansens kvalitet og dansernes hengivenhed. Hver bev\u00e6gelse er designet til at v\u00e6kke... \u00a1<\/p>\n<p>Nyd solen p\u00e5 Ibiza!<\/p>\n<p>Book vores lesbiske show p\u00e5 Ibiza nu!<\/p>","protected":false},"excerpt":{"rendered":"<p><span style=\"vertical-align: inherit;\"><span style=\"vertical-align: inherit;\">S\u00f8rg for, at din bedste vens begivenhed er speciel og unik. Lesbisk show p\u00e5 Ibiza<\/span><span style=\"vertical-align: inherit;\">\u00a0er en sensuel, erotisk, festlig og deltagende forestilling. <\/span><span style=\"vertical-align: inherit;\">Vis \u00f8jeblikket frem, og opbevar det i lang tid.<\/span><\/span><\/p>","protected":false},"featured_media":456,"template":"","meta":[],"product_brand":[425],"product_cat":[265,267],"product_tag":[274,275,276,277],"class_list":{"0":"post-1380","1":"product","2":"type-product","3":"status-publish","4":"has-post-thumbnail","6":"product_brand-fliparas-inc","7":"product_cat-ibiza","8":"product_cat-stag-party-ibiza-activities","9":"product_tag-lesbian-girls-in-ibiza","10":"product_tag-lesbian-show-ibiza","11":"product_tag-lesbian-strip-in-ibiza","12":"product_tag-lesbians-in-ibiza","14":"first","15":"instock","16":"virtual","17":"sold-individually","18":"purchasable","19":"product-type-booking"},"yoast_head":"<!-- This site is optimized with the Yoast SEO plugin v26.9 - https:\/\/yoast.com\/product\/yoast-seo-wordpress\/ -->\n<title>Lesbian Show in Ibiza<\/title>\n<meta name=\"description\" content=\"Lesbian show in Ibiza - Lesbian striptease is a sensual, erotic, festive and participatory show - Streaptease lesbico - Hot Girls Ibiza\" \/>\n<meta name=\"robots\" content=\"index, follow, max-snippet:-1, max-image-preview:large, max-video-preview:-1\" \/>\n<link rel=\"canonical\" href=\"https:\/\/fliparas.com\/da\/aktivitet\/lesbisk-show-i-ibiza\/\" \/>\n<meta property=\"og:locale\" content=\"da_DK\" \/>\n<meta property=\"og:type\" content=\"article\" \/>\n<meta property=\"og:title\" content=\"Lesbian Show in Ibiza\" \/>\n<meta property=\"og:description\" content=\"Lesbian show in Ibiza - Lesbian striptease is a sensual, erotic, festive and participatory show - Streaptease lesbico - Hot Girls Ibiza\" \/>\n<meta property=\"og:url\" content=\"https:\/\/fliparas.com\/da\/aktivitet\/lesbisk-show-i-ibiza\/\" \/>\n<meta property=\"og:site_name\" content=\"Agency Specialised in Stag and Hen Parties\" \/>\n<meta property=\"article:modified_time\" content=\"2025-01-31T10:26:04+00:00\" \/>\n<meta property=\"og:image\" content=\"https:\/\/fliparas.com\/wp-content\/uploads\/2024\/03\/lesbian-show-1.jpg\" \/>\n\t<meta property=\"og:image:width\" content=\"919\" \/>\n\t<meta property=\"og:image:height\" content=\"1074\" \/>\n\t<meta property=\"og:image:type\" content=\"image\/jpeg\" \/>\n<meta name=\"twitter:card\" content=\"summary_large_image\" \/>\n<meta name=\"twitter:label1\" content=\"Pris\" \/>\n\t<meta name=\"twitter:data1\" content=\"450,00&nbsp;&euro;\" \/>\n\t<meta name=\"twitter:label2\" content=\"Tilg\u00e6ngelighed\" \/>\n\t<meta name=\"twitter:data2\" content=\"P\u00e5 lager\" \/>\n<script type=\"application\/ld+json\" class=\"yoast-schema-graph\">{\"@context\":\"https:\/\/schema.org\",\"@graph\":[{\"@type\":\"WebPage\",\"@id\":\"https:\/\/fliparas.com\/activity\/lesbian-show-in-ibiza\/\",\"url\":\"https:\/\/fliparas.com\/activity\/lesbian-show-in-ibiza\/\",\"name\":\"Lesbian Show in Ibiza\",\"isPartOf\":{\"@id\":\"https:\/\/fliparas.com\/#website\"},\"primaryImageOfPage\":{\"@id\":\"https:\/\/fliparas.com\/activity\/lesbian-show-in-ibiza\/#primaryimage\"},\"image\":{\"@id\":\"https:\/\/fliparas.com\/activity\/lesbian-show-in-ibiza\/#primaryimage\"},\"thumbnailUrl\":\"https:\/\/fliparas.com\/wp-content\/uploads\/2024\/03\/lesbian-show-1.jpg\",\"datePublished\":\"2024-03-25T15:27:03+00:00\",\"dateModified\":\"2025-01-31T10:26:04+00:00\",\"description\":\"Lesbian show in Ibiza - Lesbian striptease is a sensual, erotic, festive and participatory show - Streaptease lesbico - Hot Girls Ibiza\",\"breadcrumb\":{\"@id\":\"https:\/\/fliparas.com\/activity\/lesbian-show-in-ibiza\/#breadcrumb\"},\"inLanguage\":\"da-DK\",\"potentialAction\":[{\"@type\":\"ReadAction\",\"target\":[\"https:\/\/fliparas.com\/activity\/lesbian-show-in-ibiza\/\"]}]},{\"@type\":\"ImageObject\",\"inLanguage\":\"da-DK\",\"@id\":\"https:\/\/fliparas.com\/activity\/lesbian-show-in-ibiza\/#primaryimage\",\"url\":\"https:\/\/fliparas.com\/wp-content\/uploads\/2024\/03\/lesbian-show-1.jpg\",\"contentUrl\":\"https:\/\/fliparas.com\/wp-content\/uploads\/2024\/03\/lesbian-show-1.jpg\",\"width\":919,\"height\":1074},{\"@type\":\"BreadcrumbList\",\"@id\":\"https:\/\/fliparas.com\/activity\/lesbian-show-in-ibiza\/#breadcrumb\",\"itemListElement\":[{\"@type\":\"ListItem\",\"position\":1,\"name\":\"Home\",\"item\":\"https:\/\/fliparas.com\/\"},{\"@type\":\"ListItem\",\"position\":2,\"name\":\"Shop\",\"item\":\"https:\/\/fliparas.com\/shop\/\"},{\"@type\":\"ListItem\",\"position\":3,\"name\":\"Lesbian Show in Ibiza\"}]},{\"@type\":\"WebSite\",\"@id\":\"https:\/\/fliparas.com\/#website\",\"url\":\"https:\/\/fliparas.com\/\",\"name\":\"Agency Specialised in Stag and Hen Parties\",\"description\":\"Trust the highest rated agency to organize an unforgettable stag and hen parties in Europe\",\"publisher\":{\"@id\":\"https:\/\/fliparas.com\/#organization\"},\"alternateName\":\"Fliparas Agency Specialised in Stag and Hen Parties\",\"potentialAction\":[{\"@type\":\"SearchAction\",\"target\":{\"@type\":\"EntryPoint\",\"urlTemplate\":\"https:\/\/fliparas.com\/?s={search_term_string}\"},\"query-input\":{\"@type\":\"PropertyValueSpecification\",\"valueRequired\":true,\"valueName\":\"search_term_string\"}}],\"inLanguage\":\"da-DK\"},{\"@type\":\"Organization\",\"@id\":\"https:\/\/fliparas.com\/#organization\",\"name\":\"Fliparas\",\"alternateName\":\"Agency Specialised in Stag and Hen Parties\",\"url\":\"https:\/\/fliparas.com\/\",\"logo\":{\"@type\":\"ImageObject\",\"inLanguage\":\"da-DK\",\"@id\":\"https:\/\/fliparas.com\/#\/schema\/logo\/image\/\",\"url\":\"https:\/\/fliparas.com\/wp-content\/uploads\/2024\/03\/Logo-Fliparas.png\",\"contentUrl\":\"https:\/\/fliparas.com\/wp-content\/uploads\/2024\/03\/Logo-Fliparas.png\",\"width\":1024,\"height\":1024,\"caption\":\"Fliparas\"},\"image\":{\"@id\":\"https:\/\/fliparas.com\/#\/schema\/logo\/image\/\"}}]}<\/script>\n<meta property=\"product:price:amount\" content=\"450.00\" \/>\n<meta property=\"product:price:currency\" content=\"EUR\" \/>\n<meta property=\"og:availability\" content=\"instock\" \/>\n<meta property=\"product:availability\" content=\"instock\" \/>\n<meta property=\"product:condition\" content=\"new\" \/>\n<!-- \/ Yoast SEO plugin. -->","yoast_head_json":{"title":"Lesbisk show p\u00e5 Ibiza","description":"Lesbisk show p\u00e5 Ibiza - Lesbisk striptease er et sensuelt, erotisk, festligt og deltagende show - Streaptease lesbico - Hot Girls Ibiza","robots":{"index":"index","follow":"follow","max-snippet":"max-snippet:-1","max-image-preview":"max-image-preview:large","max-video-preview":"max-video-preview:-1"},"canonical":"https:\/\/fliparas.com\/da\/aktivitet\/lesbisk-show-i-ibiza\/","og_locale":"da_DK","og_type":"article","og_title":"Lesbian Show in Ibiza","og_description":"Lesbian show in Ibiza - Lesbian striptease is a sensual, erotic, festive and participatory show - Streaptease lesbico - Hot Girls Ibiza","og_url":"https:\/\/fliparas.com\/da\/aktivitet\/lesbisk-show-i-ibiza\/","og_site_name":"Agency Specialised in Stag and Hen Parties","article_modified_time":"2025-01-31T10:26:04+00:00","og_image":[{"width":919,"height":1074,"url":"https:\/\/fliparas.com\/wp-content\/uploads\/2024\/03\/lesbian-show-1.jpg","type":"image\/jpeg"}],"twitter_card":"summary_large_image","twitter_misc":{"Pris":"450,00&nbsp;&euro;","Tilg\u00e6ngelighed":"P\u00e5 lager"},"schema":{"@context":"https:\/\/schema.org","@graph":[{"@type":"WebPage","@id":"https:\/\/fliparas.com\/activity\/lesbian-show-in-ibiza\/","url":"https:\/\/fliparas.com\/activity\/lesbian-show-in-ibiza\/","name":"Lesbisk show p\u00e5 Ibiza","isPartOf":{"@id":"https:\/\/fliparas.com\/#website"},"primaryImageOfPage":{"@id":"https:\/\/fliparas.com\/activity\/lesbian-show-in-ibiza\/#primaryimage"},"image":{"@id":"https:\/\/fliparas.com\/activity\/lesbian-show-in-ibiza\/#primaryimage"},"thumbnailUrl":"https:\/\/fliparas.com\/wp-content\/uploads\/2024\/03\/lesbian-show-1.jpg","datePublished":"2024-03-25T15:27:03+00:00","dateModified":"2025-01-31T10:26:04+00:00","description":"Lesbisk show p\u00e5 Ibiza - Lesbisk striptease er et sensuelt, erotisk, festligt og deltagende show - Streaptease lesbico - Hot Girls Ibiza","breadcrumb":{"@id":"https:\/\/fliparas.com\/activity\/lesbian-show-in-ibiza\/#breadcrumb"},"inLanguage":"da-DK","potentialAction":[{"@type":"ReadAction","target":["https:\/\/fliparas.com\/activity\/lesbian-show-in-ibiza\/"]}]},{"@type":"ImageObject","inLanguage":"da-DK","@id":"https:\/\/fliparas.com\/activity\/lesbian-show-in-ibiza\/#primaryimage","url":"https:\/\/fliparas.com\/wp-content\/uploads\/2024\/03\/lesbian-show-1.jpg","contentUrl":"https:\/\/fliparas.com\/wp-content\/uploads\/2024\/03\/lesbian-show-1.jpg","width":919,"height":1074},{"@type":"BreadcrumbList","@id":"https:\/\/fliparas.com\/activity\/lesbian-show-in-ibiza\/#breadcrumb","itemListElement":[{"@type":"ListItem","position":1,"name":"Home","item":"https:\/\/fliparas.com\/"},{"@type":"ListItem","position":2,"name":"Shop","item":"https:\/\/fliparas.com\/shop\/"},{"@type":"ListItem","position":3,"name":"Lesbian Show in Ibiza"}]},{"@type":"WebSite","@id":"https:\/\/fliparas.com\/#website","url":"https:\/\/fliparas.com\/","name":"Agentur specialiseret i polterabend og h\u00f8nefest","description":"Stol p\u00e5 det bedst bed\u00f8mte bureau til at arrangere en uforglemmelig polterabend i Europa","publisher":{"@id":"https:\/\/fliparas.com\/#organization"},"alternateName":"Fliparas Agency Specialised in Stag and Hen Parties","potentialAction":[{"@type":"SearchAction","target":{"@type":"EntryPoint","urlTemplate":"https:\/\/fliparas.com\/?s={search_term_string}"},"query-input":{"@type":"PropertyValueSpecification","valueRequired":true,"valueName":"search_term_string"}}],"inLanguage":"da-DK"},{"@type":"Organization","@id":"https:\/\/fliparas.com\/#organization","name":"Fliparas","alternateName":"Agency Specialised in Stag and Hen Parties","url":"https:\/\/fliparas.com\/","logo":{"@type":"ImageObject","inLanguage":"da-DK","@id":"https:\/\/fliparas.com\/#\/schema\/logo\/image\/","url":"https:\/\/fliparas.com\/wp-content\/uploads\/2024\/03\/Logo-Fliparas.png","contentUrl":"https:\/\/fliparas.com\/wp-content\/uploads\/2024\/03\/Logo-Fliparas.png","width":1024,"height":1024,"caption":"Fliparas"},"image":{"@id":"https:\/\/fliparas.com\/#\/schema\/logo\/image\/"}}]},"product_price_amount":"450.00","product_price_currency":"EUR","og_availability":"instock","product_availability":"instock","product_condition":"new"},"_links":{"self":[{"href":"https:\/\/fliparas.com\/da\/wp-json\/wp\/v2\/product\/1380","targetHints":{"allow":["GET"]}}],"collection":[{"href":"https:\/\/fliparas.com\/da\/wp-json\/wp\/v2\/product"}],"about":[{"href":"https:\/\/fliparas.com\/da\/wp-json\/wp\/v2\/types\/product"}],"wp:featuredmedia":[{"embeddable":true,"href":"https:\/\/fliparas.com\/da\/wp-json\/wp\/v2\/media\/456"}],"wp:attachment":[{"href":"https:\/\/fliparas.com\/da\/wp-json\/wp\/v2\/media?parent=1380"}],"wp:term":[{"taxonomy":"product_brand","embeddable":true,"href":"https:\/\/fliparas.com\/da\/wp-json\/wp\/v2\/product_brand?post=1380"},{"taxonomy":"product_cat","embeddable":true,"href":"https:\/\/fliparas.com\/da\/wp-json\/wp\/v2\/product_cat?post=1380"},{"taxonomy":"product_tag","embeddable":true,"href":"https:\/\/fliparas.com\/da\/wp-json\/wp\/v2\/product_tag?post=1380"}],"curies":[{"name":"wp","href":"https:\/\/api.w.org\/{rel}","templated":true}]}}