{"id":1381,"date":"2024-03-25T15:32:27","date_gmt":"2024-03-25T15:32:27","guid":{"rendered":"https:\/\/fliparas.com\/?post_type=product&#038;p=1381"},"modified":"2025-01-31T11:26:04","modified_gmt":"2025-01-31T10:26:04","slug":"toplos-tjener-i-ibiza","status":"publish","type":"product","link":"https:\/\/fliparas.com\/da\/aktivitet\/toplos-tjener-i-ibiza\/","title":{"rendered":"TopLess-tjener p\u00e5 Ibiza"},"content":{"rendered":"<p>Topl\u00f8s tjener p\u00e5 Ibiza. Sexet topl\u00f8s servitrice, hvor hun serverer drinks, tager billeder og er krydret, opm\u00e6rksom og venlig. 1 times service.<\/p>\n<p>De bedste polterabender med <a href=\"https:\/\/fliparas.com\/da\/polterabend-2\/\">Polterabend<\/a>! <a href=\"https:\/\/fliparas.com\/da\/polterabend\/\">Polterabend<\/a>!<\/p>\n<h2 style=\"text-align: center;\">\ud83c\udf1f Uforglemmelig oplevelse p\u00e5 Ibiza: En topl\u00f8s servitrice til din polterabend! \ud83c\udf1f<\/h2>\n<p>Har du besluttet dig for at fejre din polterabend p\u00e5 Ibiza, paradiset p\u00e5 De Baleariske \u00d8er? G\u00f8r oplevelsen endnu mere mindev\u00e6rdig med vores eksklusive tilbud: en sensuel servitrice, der er klar til at g\u00f8re din fest uforglemmelig!<\/p>\n<p>\ud83d\udd25 Vores sexede servitrice \ud83d\udd25 Forestil dig en middelhavssk\u00f8nhed, fuld af ressourcer og klar til at overraske. Vores servitrice er den perfekte tilf\u00f8jelse til en ubekymret og sjov fest. Kl\u00e6dt provokerende og klar til at gl\u00e6de dig med sin professionalisme og charme, vil hun v\u00e6re det element, der g\u00f8r din polterabend til en unik oplevelse.<\/p>\n<p>\ud83c\udf34 Ibiza, det perfekte sted \ud83c\udf34 Ibiza ligger i hjertet af Middelhavet og tilbyder en betagende ramme for din fest. Hvide sandstrande, krystalklart vand og et pulserende natteliv skaber det perfekte milj\u00f8 til at fejre dette s\u00e6rlige \u00f8jeblik.<\/p>\n<p>\ud83d\udcbc S\u00e5dan fungerer det \ud83d\udcbc Vores service er enkel og personlig til din polterabend. Du skal blot kontakte os, give os dine festoplysninger og lade os g\u00f8re resten. Vores sexede servitrice p\u00e5 Ibiza vil underholde gruppen og sikre, at hvert \u00f8jeblik er sjovt og fuld af overraskelser.<\/p>\n<p>Book nu! \ud83d\udcde G\u00e5 ikke glip af muligheden for at g\u00f8re din polterabend til en unik begivenhed. Kontakt os i dag for at booke din sexede servitrice. Vi er her for at g\u00f8re din fest til et uforglemmeligt minde!<\/p>\n<p>Sexet og eksplosiv servitrice p\u00e5 Ibiza, som serverer dig drinks i undert\u00f8j og afslutter servicen i top mindre. Tjenester p\u00e5 timebasis.<\/p>\n<p>\ud83c\udf89 Fest, sjov og sensualitet p\u00e5 Ibiza - kun med os: Polterabend! \ud83c\udf89<\/p>","protected":false},"excerpt":{"rendered":"<p>En servitrice uden top, der serverer drinks i din lejlighed i en time. Hj\u00e6lpsom, venlig og sjov. Mulighed for at g\u00f8re det i en restaurant med et privat rum.<\/p>","protected":false},"featured_media":903,"template":"","meta":[],"product_brand":[425],"product_cat":[265,267],"product_tag":[286,287],"class_list":{"0":"post-1381","1":"product","2":"type-product","3":"status-publish","4":"has-post-thumbnail","6":"product_brand-fliparas-inc","7":"product_cat-ibiza","8":"product_cat-stag-party-ibiza-activities","9":"product_tag-erotic-waitresses-in-ibiza","10":"product_tag-sexy-waiter-in-ibiza","12":"first","13":"instock","14":"virtual","15":"sold-individually","16":"purchasable","17":"product-type-booking"},"yoast_head":"<!-- This site is optimized with the Yoast SEO plugin v26.9 - https:\/\/yoast.com\/product\/yoast-seo-wordpress\/ -->\n<title>TopLess Waiter in Ibiza<\/title>\n<meta name=\"description\" content=\"TopLess Waiter in Ibiza. Sexy topless waitress where she will serve drinks, take photos and be spicy, attentive and friendly.\" \/>\n<meta name=\"robots\" content=\"index, follow, max-snippet:-1, max-image-preview:large, max-video-preview:-1\" \/>\n<link rel=\"canonical\" href=\"https:\/\/fliparas.com\/da\/aktivitet\/toplos-tjener-i-ibiza\/\" \/>\n<meta property=\"og:locale\" content=\"da_DK\" \/>\n<meta property=\"og:type\" content=\"article\" \/>\n<meta property=\"og:title\" content=\"TopLess Waiter in Ibiza\" \/>\n<meta property=\"og:description\" content=\"TopLess Waiter in Ibiza. Sexy topless waitress where she will serve drinks, take photos and be spicy, attentive and friendly.\" \/>\n<meta property=\"og:url\" content=\"https:\/\/fliparas.com\/da\/aktivitet\/toplos-tjener-i-ibiza\/\" \/>\n<meta property=\"og:site_name\" content=\"Agency Specialised in Stag and Hen Parties\" \/>\n<meta property=\"article:modified_time\" content=\"2025-01-31T10:26:04+00:00\" \/>\n<meta property=\"og:image\" content=\"https:\/\/fliparas.com\/wp-content\/uploads\/2024\/03\/Sexy-waiter-img.jpeg\" \/>\n\t<meta property=\"og:image:width\" content=\"1024\" \/>\n\t<meta property=\"og:image:height\" content=\"1024\" \/>\n\t<meta property=\"og:image:type\" content=\"image\/jpeg\" \/>\n<meta name=\"twitter:card\" content=\"summary_large_image\" \/>\n<meta name=\"twitter:label1\" content=\"Pris\" \/>\n\t<meta name=\"twitter:data1\" content=\"250,00&nbsp;&euro;\" \/>\n\t<meta name=\"twitter:label2\" content=\"Tilg\u00e6ngelighed\" \/>\n\t<meta name=\"twitter:data2\" content=\"P\u00e5 lager\" \/>\n<script type=\"application\/ld+json\" class=\"yoast-schema-graph\">{\"@context\":\"https:\/\/schema.org\",\"@graph\":[{\"@type\":\"WebPage\",\"@id\":\"https:\/\/fliparas.com\/activity\/topless-waiter-in-ibiza\/\",\"url\":\"https:\/\/fliparas.com\/activity\/topless-waiter-in-ibiza\/\",\"name\":\"TopLess Waiter in Ibiza\",\"isPartOf\":{\"@id\":\"https:\/\/fliparas.com\/#website\"},\"primaryImageOfPage\":{\"@id\":\"https:\/\/fliparas.com\/activity\/topless-waiter-in-ibiza\/#primaryimage\"},\"image\":{\"@id\":\"https:\/\/fliparas.com\/activity\/topless-waiter-in-ibiza\/#primaryimage\"},\"thumbnailUrl\":\"https:\/\/fliparas.com\/wp-content\/uploads\/2024\/03\/Sexy-waiter-img.jpeg\",\"datePublished\":\"2024-03-25T15:32:27+00:00\",\"dateModified\":\"2025-01-31T10:26:04+00:00\",\"description\":\"TopLess Waiter in Ibiza. Sexy topless waitress where she will serve drinks, take photos and be spicy, attentive and friendly.\",\"breadcrumb\":{\"@id\":\"https:\/\/fliparas.com\/activity\/topless-waiter-in-ibiza\/#breadcrumb\"},\"inLanguage\":\"da-DK\",\"potentialAction\":[{\"@type\":\"ReadAction\",\"target\":[\"https:\/\/fliparas.com\/activity\/topless-waiter-in-ibiza\/\"]}]},{\"@type\":\"ImageObject\",\"inLanguage\":\"da-DK\",\"@id\":\"https:\/\/fliparas.com\/activity\/topless-waiter-in-ibiza\/#primaryimage\",\"url\":\"https:\/\/fliparas.com\/wp-content\/uploads\/2024\/03\/Sexy-waiter-img.jpeg\",\"contentUrl\":\"https:\/\/fliparas.com\/wp-content\/uploads\/2024\/03\/Sexy-waiter-img.jpeg\",\"width\":1024,\"height\":1024},{\"@type\":\"BreadcrumbList\",\"@id\":\"https:\/\/fliparas.com\/activity\/topless-waiter-in-ibiza\/#breadcrumb\",\"itemListElement\":[{\"@type\":\"ListItem\",\"position\":1,\"name\":\"Home\",\"item\":\"https:\/\/fliparas.com\/\"},{\"@type\":\"ListItem\",\"position\":2,\"name\":\"Shop\",\"item\":\"https:\/\/fliparas.com\/shop\/\"},{\"@type\":\"ListItem\",\"position\":3,\"name\":\"TopLess Waiter in Ibiza\"}]},{\"@type\":\"WebSite\",\"@id\":\"https:\/\/fliparas.com\/#website\",\"url\":\"https:\/\/fliparas.com\/\",\"name\":\"Agency Specialised in Stag and Hen Parties\",\"description\":\"Trust the highest rated agency to organize an unforgettable stag and hen parties in Europe\",\"publisher\":{\"@id\":\"https:\/\/fliparas.com\/#organization\"},\"alternateName\":\"Fliparas Agency Specialised in Stag and Hen Parties\",\"potentialAction\":[{\"@type\":\"SearchAction\",\"target\":{\"@type\":\"EntryPoint\",\"urlTemplate\":\"https:\/\/fliparas.com\/?s={search_term_string}\"},\"query-input\":{\"@type\":\"PropertyValueSpecification\",\"valueRequired\":true,\"valueName\":\"search_term_string\"}}],\"inLanguage\":\"da-DK\"},{\"@type\":\"Organization\",\"@id\":\"https:\/\/fliparas.com\/#organization\",\"name\":\"Fliparas\",\"alternateName\":\"Agency Specialised in Stag and Hen Parties\",\"url\":\"https:\/\/fliparas.com\/\",\"logo\":{\"@type\":\"ImageObject\",\"inLanguage\":\"da-DK\",\"@id\":\"https:\/\/fliparas.com\/#\/schema\/logo\/image\/\",\"url\":\"https:\/\/fliparas.com\/wp-content\/uploads\/2024\/03\/Logo-Fliparas.png\",\"contentUrl\":\"https:\/\/fliparas.com\/wp-content\/uploads\/2024\/03\/Logo-Fliparas.png\",\"width\":1024,\"height\":1024,\"caption\":\"Fliparas\"},\"image\":{\"@id\":\"https:\/\/fliparas.com\/#\/schema\/logo\/image\/\"}}]}<\/script>\n<meta property=\"product:price:amount\" content=\"250.00\" \/>\n<meta property=\"product:price:currency\" content=\"EUR\" \/>\n<meta property=\"og:availability\" content=\"instock\" \/>\n<meta property=\"product:availability\" content=\"instock\" \/>\n<meta property=\"product:condition\" content=\"new\" \/>\n<!-- \/ Yoast SEO plugin. -->","yoast_head_json":{"title":"TopLess-tjener p\u00e5 Ibiza","description":"Topl\u00f8s tjener p\u00e5 Ibiza. Sexet topl\u00f8s servitrice, hvor hun vil servere drinks, tage billeder og v\u00e6re krydret, opm\u00e6rksom og venlig.","robots":{"index":"index","follow":"follow","max-snippet":"max-snippet:-1","max-image-preview":"max-image-preview:large","max-video-preview":"max-video-preview:-1"},"canonical":"https:\/\/fliparas.com\/da\/aktivitet\/toplos-tjener-i-ibiza\/","og_locale":"da_DK","og_type":"article","og_title":"TopLess Waiter in Ibiza","og_description":"TopLess Waiter in Ibiza. Sexy topless waitress where she will serve drinks, take photos and be spicy, attentive and friendly.","og_url":"https:\/\/fliparas.com\/da\/aktivitet\/toplos-tjener-i-ibiza\/","og_site_name":"Agency Specialised in Stag and Hen Parties","article_modified_time":"2025-01-31T10:26:04+00:00","og_image":[{"width":1024,"height":1024,"url":"https:\/\/fliparas.com\/wp-content\/uploads\/2024\/03\/Sexy-waiter-img.jpeg","type":"image\/jpeg"}],"twitter_card":"summary_large_image","twitter_misc":{"Pris":"250,00&nbsp;&euro;","Tilg\u00e6ngelighed":"P\u00e5 lager"},"schema":{"@context":"https:\/\/schema.org","@graph":[{"@type":"WebPage","@id":"https:\/\/fliparas.com\/activity\/topless-waiter-in-ibiza\/","url":"https:\/\/fliparas.com\/activity\/topless-waiter-in-ibiza\/","name":"TopLess-tjener p\u00e5 Ibiza","isPartOf":{"@id":"https:\/\/fliparas.com\/#website"},"primaryImageOfPage":{"@id":"https:\/\/fliparas.com\/activity\/topless-waiter-in-ibiza\/#primaryimage"},"image":{"@id":"https:\/\/fliparas.com\/activity\/topless-waiter-in-ibiza\/#primaryimage"},"thumbnailUrl":"https:\/\/fliparas.com\/wp-content\/uploads\/2024\/03\/Sexy-waiter-img.jpeg","datePublished":"2024-03-25T15:32:27+00:00","dateModified":"2025-01-31T10:26:04+00:00","description":"Topl\u00f8s tjener p\u00e5 Ibiza. Sexet topl\u00f8s servitrice, hvor hun vil servere drinks, tage billeder og v\u00e6re krydret, opm\u00e6rksom og venlig.","breadcrumb":{"@id":"https:\/\/fliparas.com\/activity\/topless-waiter-in-ibiza\/#breadcrumb"},"inLanguage":"da-DK","potentialAction":[{"@type":"ReadAction","target":["https:\/\/fliparas.com\/activity\/topless-waiter-in-ibiza\/"]}]},{"@type":"ImageObject","inLanguage":"da-DK","@id":"https:\/\/fliparas.com\/activity\/topless-waiter-in-ibiza\/#primaryimage","url":"https:\/\/fliparas.com\/wp-content\/uploads\/2024\/03\/Sexy-waiter-img.jpeg","contentUrl":"https:\/\/fliparas.com\/wp-content\/uploads\/2024\/03\/Sexy-waiter-img.jpeg","width":1024,"height":1024},{"@type":"BreadcrumbList","@id":"https:\/\/fliparas.com\/activity\/topless-waiter-in-ibiza\/#breadcrumb","itemListElement":[{"@type":"ListItem","position":1,"name":"Home","item":"https:\/\/fliparas.com\/"},{"@type":"ListItem","position":2,"name":"Shop","item":"https:\/\/fliparas.com\/shop\/"},{"@type":"ListItem","position":3,"name":"TopLess Waiter in Ibiza"}]},{"@type":"WebSite","@id":"https:\/\/fliparas.com\/#website","url":"https:\/\/fliparas.com\/","name":"Agentur specialiseret i polterabend og h\u00f8nefest","description":"Stol p\u00e5 det bedst bed\u00f8mte bureau til at arrangere en uforglemmelig polterabend i Europa","publisher":{"@id":"https:\/\/fliparas.com\/#organization"},"alternateName":"Fliparas Agency Specialised in Stag and Hen Parties","potentialAction":[{"@type":"SearchAction","target":{"@type":"EntryPoint","urlTemplate":"https:\/\/fliparas.com\/?s={search_term_string}"},"query-input":{"@type":"PropertyValueSpecification","valueRequired":true,"valueName":"search_term_string"}}],"inLanguage":"da-DK"},{"@type":"Organization","@id":"https:\/\/fliparas.com\/#organization","name":"Fliparas","alternateName":"Agency Specialised in Stag and Hen Parties","url":"https:\/\/fliparas.com\/","logo":{"@type":"ImageObject","inLanguage":"da-DK","@id":"https:\/\/fliparas.com\/#\/schema\/logo\/image\/","url":"https:\/\/fliparas.com\/wp-content\/uploads\/2024\/03\/Logo-Fliparas.png","contentUrl":"https:\/\/fliparas.com\/wp-content\/uploads\/2024\/03\/Logo-Fliparas.png","width":1024,"height":1024,"caption":"Fliparas"},"image":{"@id":"https:\/\/fliparas.com\/#\/schema\/logo\/image\/"}}]},"product_price_amount":"250.00","product_price_currency":"EUR","og_availability":"instock","product_availability":"instock","product_condition":"new"},"_links":{"self":[{"href":"https:\/\/fliparas.com\/da\/wp-json\/wp\/v2\/product\/1381","targetHints":{"allow":["GET"]}}],"collection":[{"href":"https:\/\/fliparas.com\/da\/wp-json\/wp\/v2\/product"}],"about":[{"href":"https:\/\/fliparas.com\/da\/wp-json\/wp\/v2\/types\/product"}],"wp:featuredmedia":[{"embeddable":true,"href":"https:\/\/fliparas.com\/da\/wp-json\/wp\/v2\/media\/903"}],"wp:attachment":[{"href":"https:\/\/fliparas.com\/da\/wp-json\/wp\/v2\/media?parent=1381"}],"wp:term":[{"taxonomy":"product_brand","embeddable":true,"href":"https:\/\/fliparas.com\/da\/wp-json\/wp\/v2\/product_brand?post=1381"},{"taxonomy":"product_cat","embeddable":true,"href":"https:\/\/fliparas.com\/da\/wp-json\/wp\/v2\/product_cat?post=1381"},{"taxonomy":"product_tag","embeddable":true,"href":"https:\/\/fliparas.com\/da\/wp-json\/wp\/v2\/product_tag?post=1381"}],"curies":[{"name":"wp","href":"https:\/\/api.w.org\/{rel}","templated":true}]}}