{"id":1422,"date":"2024-03-26T12:02:44","date_gmt":"2024-03-26T12:02:44","guid":{"rendered":"https:\/\/fliparas.com\/?post_type=product&#038;p=1422"},"modified":"2025-01-31T11:26:03","modified_gmt":"2025-01-31T10:26:03","slug":"ibiza-beach-club-pool-party","status":"publish","type":"product","link":"https:\/\/fliparas.com\/da\/aktivitet\/ibiza-beach-club-pool-party\/","title":{"rendered":"Ibiza Beach Club + Pool Party"},"content":{"rendered":"<p>Ibiza Beach Club + Pool Party. Nyd en varm dag p\u00e5 Beach Club. Solsenge, tre cocktails og masser af sol.<\/p>\n<p>De bedste polterabender med <a href=\"https:\/\/fliparas.com\/da\/polterabend-2\/\">Polterabend<\/a>! <a href=\"https:\/\/fliparas.com\/da\/polterabend\/\">Polterabend<\/a>!<\/p>\n<h2 style=\"text-align: center;\">Ibiza Beach Club + Pool Party \ud83c\udf1e<\/h2>\n<h5>\ud83c\udfd6\ufe0f Velkommen til Ibiza Beach Club + Pool Party - dit tilflugtssted for sommersjov!\ud83c\udf34<\/h5>\n<p>Oplev den ultimative afslapningsoplevelse p\u00e5 Ibiza, Beach Club, der omdefinerer afslappet luksus p\u00e5 Ibiza! \ud83c\udf0a<\/p>\n<p>\ud83c\udf1e Fork\u00e6l dig selv med en solrig flugt til hjertet af \u00f8en med eksklusiv adgang til klubben, VIP-h\u00e6ngek\u00f8jer til at fylde din solbr\u00e6ndthed op og tre forfriskende drinks til at g\u00f8re din dag lysere.<\/p>\n<p>\ud83c\udf05 Fordyb dig i den livlige atmosf\u00e6re i Beach Club, hvor gyldent sand m\u00f8der Middelhavets krystalklare vand. Nyd adgangen til vores VIP-h\u00e6ngek\u00f8jer, som giver ultimativ komfort til at slappe af og nyde hvert \u00f8jeblik under den str\u00e5lende Ibizasol.<\/p>\n<p>\ud83c\udf79 Tre drinks efter eget valg fuldender oplevelsen og byder p\u00e5 en palet af uds\u00f8gte smagsoplevelser, som tilfredsstiller dine smagsl\u00f8g, mens du indsnuser den festlige atmosf\u00e6re.<\/p>\n<p>\ud83c\udf34 Uanset om du er p\u00e5 ferie, sammen med venner eller p\u00e5 udkig efter et \u00f8jebliks afslapning efter en dag med fest, er Beach Club det ideelle sted at nyde det bedste af Ibiza.<\/p>\n<p>\ud83c\udf1f Book nu for at opleve essensen af sommer i <a href=\"https:\/\/es.wikipedia.org\/wiki\/Ibiza\">Ibiza<\/a>!<\/p>\n<p>\ud83c\udf89 Vores Beach Club lover dig en uforglemmelig ferie, der kombinerer raffinement med strandens afslappede forn\u00f8jelser. G\u00e5 ikke glip af denne mulighed for at skabe varige minder p\u00e5 et af de mest popul\u00e6re steder p\u00e5 \u00f8en! \ud83c\udfdd\ufe0f<\/p>\n<p class=\"p1\" style=\"text-align: center;\"><strong>MINIMUMSSALG: 10 PERSONER.<\/strong><\/p>","protected":false},"excerpt":{"rendered":"<p>Ibiza Beach Club + Pool Party. Nyd en varm dag p\u00e5 Beach Club. Solsenge, tre cocktails og masser af sol.<br \/>\n<strong>MINIMUMSSALG: 10 PERSONER.<\/strong><\/p>","protected":false},"featured_media":882,"template":"","meta":[],"product_brand":[425],"product_cat":[266,265,267],"product_tag":[255,296,346],"class_list":{"0":"post-1422","1":"product","2":"type-product","3":"status-publish","4":"has-post-thumbnail","6":"product_brand-fliparas-inc","7":"product_cat-hen-party-ibiza-activities","8":"product_cat-ibiza","9":"product_cat-stag-party-ibiza-activities","10":"product_tag-beach-club","11":"product_tag-ibiza-beach-club","12":"product_tag-ibiza-pool-party","14":"first","15":"instock","16":"virtual","17":"sold-individually","18":"purchasable","19":"product-type-booking"},"yoast_head":"<!-- This site is optimized with the Yoast SEO plugin v26.9 - https:\/\/yoast.com\/product\/yoast-seo-wordpress\/ -->\n<title>Ibiza Beach Club + Pool Part<\/title>\n<meta name=\"description\" content=\"Ibiza Beach Club + Pool Party. Enjoy a hot day at the Ibiza Beach Club. Sun loungers, three cocktails and lots of sun. Have fun!\" \/>\n<meta name=\"robots\" content=\"index, follow, max-snippet:-1, max-image-preview:large, max-video-preview:-1\" \/>\n<link rel=\"canonical\" href=\"https:\/\/fliparas.com\/da\/aktivitet\/ibiza-beach-club-pool-party\/\" \/>\n<meta property=\"og:locale\" content=\"da_DK\" \/>\n<meta property=\"og:type\" content=\"article\" \/>\n<meta property=\"og:title\" content=\"Ibiza Beach Club + Pool Part\" \/>\n<meta property=\"og:description\" content=\"Ibiza Beach Club + Pool Party. Enjoy a hot day at the Ibiza Beach Club. Sun loungers, three cocktails and lots of sun. Have fun!\" \/>\n<meta property=\"og:url\" content=\"https:\/\/fliparas.com\/da\/aktivitet\/ibiza-beach-club-pool-party\/\" \/>\n<meta property=\"og:site_name\" content=\"Agency Specialised in Stag and Hen Parties\" \/>\n<meta property=\"article:modified_time\" content=\"2025-01-31T10:26:03+00:00\" \/>\n<meta property=\"og:image\" content=\"https:\/\/fliparas.com\/wp-content\/uploads\/2024\/03\/Beach-Club-img.jpeg\" \/>\n\t<meta property=\"og:image:width\" content=\"1024\" \/>\n\t<meta property=\"og:image:height\" content=\"1024\" \/>\n\t<meta property=\"og:image:type\" content=\"image\/jpeg\" \/>\n<meta name=\"twitter:card\" content=\"summary_large_image\" \/>\n<meta name=\"twitter:label1\" content=\"Pris\" \/>\n\t<meta name=\"twitter:data1\" content=\"95,00&nbsp;&euro;\" \/>\n\t<meta name=\"twitter:label2\" content=\"Tilg\u00e6ngelighed\" \/>\n\t<meta name=\"twitter:data2\" content=\"P\u00e5 lager\" \/>\n<script type=\"application\/ld+json\" class=\"yoast-schema-graph\">{\"@context\":\"https:\/\/schema.org\",\"@graph\":[{\"@type\":\"WebPage\",\"@id\":\"https:\/\/fliparas.com\/activity\/ibiza-beach-club-pool-party\/\",\"url\":\"https:\/\/fliparas.com\/activity\/ibiza-beach-club-pool-party\/\",\"name\":\"Ibiza Beach Club + Pool Part\",\"isPartOf\":{\"@id\":\"https:\/\/fliparas.com\/#website\"},\"primaryImageOfPage\":{\"@id\":\"https:\/\/fliparas.com\/activity\/ibiza-beach-club-pool-party\/#primaryimage\"},\"image\":{\"@id\":\"https:\/\/fliparas.com\/activity\/ibiza-beach-club-pool-party\/#primaryimage\"},\"thumbnailUrl\":\"https:\/\/fliparas.com\/wp-content\/uploads\/2024\/03\/Beach-Club-img.jpeg\",\"datePublished\":\"2024-03-26T12:02:44+00:00\",\"dateModified\":\"2025-01-31T10:26:03+00:00\",\"description\":\"Ibiza Beach Club + Pool Party. Enjoy a hot day at the Ibiza Beach Club. Sun loungers, three cocktails and lots of sun. Have fun!\",\"breadcrumb\":{\"@id\":\"https:\/\/fliparas.com\/activity\/ibiza-beach-club-pool-party\/#breadcrumb\"},\"inLanguage\":\"da-DK\",\"potentialAction\":[{\"@type\":\"ReadAction\",\"target\":[\"https:\/\/fliparas.com\/activity\/ibiza-beach-club-pool-party\/\"]}]},{\"@type\":\"ImageObject\",\"inLanguage\":\"da-DK\",\"@id\":\"https:\/\/fliparas.com\/activity\/ibiza-beach-club-pool-party\/#primaryimage\",\"url\":\"https:\/\/fliparas.com\/wp-content\/uploads\/2024\/03\/Beach-Club-img.jpeg\",\"contentUrl\":\"https:\/\/fliparas.com\/wp-content\/uploads\/2024\/03\/Beach-Club-img.jpeg\",\"width\":1024,\"height\":1024},{\"@type\":\"BreadcrumbList\",\"@id\":\"https:\/\/fliparas.com\/activity\/ibiza-beach-club-pool-party\/#breadcrumb\",\"itemListElement\":[{\"@type\":\"ListItem\",\"position\":1,\"name\":\"Home\",\"item\":\"https:\/\/fliparas.com\/\"},{\"@type\":\"ListItem\",\"position\":2,\"name\":\"Shop\",\"item\":\"https:\/\/fliparas.com\/shop\/\"},{\"@type\":\"ListItem\",\"position\":3,\"name\":\"Ibiza Beach Club + Pool Party\"}]},{\"@type\":\"WebSite\",\"@id\":\"https:\/\/fliparas.com\/#website\",\"url\":\"https:\/\/fliparas.com\/\",\"name\":\"Agency Specialised in Stag and Hen Parties\",\"description\":\"Trust the highest rated agency to organize an unforgettable stag and hen parties in Europe\",\"publisher\":{\"@id\":\"https:\/\/fliparas.com\/#organization\"},\"alternateName\":\"Fliparas Agency Specialised in Stag and Hen Parties\",\"potentialAction\":[{\"@type\":\"SearchAction\",\"target\":{\"@type\":\"EntryPoint\",\"urlTemplate\":\"https:\/\/fliparas.com\/?s={search_term_string}\"},\"query-input\":{\"@type\":\"PropertyValueSpecification\",\"valueRequired\":true,\"valueName\":\"search_term_string\"}}],\"inLanguage\":\"da-DK\"},{\"@type\":\"Organization\",\"@id\":\"https:\/\/fliparas.com\/#organization\",\"name\":\"Fliparas\",\"alternateName\":\"Agency Specialised in Stag and Hen Parties\",\"url\":\"https:\/\/fliparas.com\/\",\"logo\":{\"@type\":\"ImageObject\",\"inLanguage\":\"da-DK\",\"@id\":\"https:\/\/fliparas.com\/#\/schema\/logo\/image\/\",\"url\":\"https:\/\/fliparas.com\/wp-content\/uploads\/2024\/03\/Logo-Fliparas.png\",\"contentUrl\":\"https:\/\/fliparas.com\/wp-content\/uploads\/2024\/03\/Logo-Fliparas.png\",\"width\":1024,\"height\":1024,\"caption\":\"Fliparas\"},\"image\":{\"@id\":\"https:\/\/fliparas.com\/#\/schema\/logo\/image\/\"}}]}<\/script>\n<meta property=\"product:price:amount\" content=\"95.00\" \/>\n<meta property=\"product:price:currency\" content=\"EUR\" \/>\n<meta property=\"og:availability\" content=\"instock\" \/>\n<meta property=\"product:availability\" content=\"instock\" \/>\n<meta property=\"product:condition\" content=\"new\" \/>\n<!-- \/ Yoast SEO plugin. -->","yoast_head_json":{"title":"Ibiza Beach Club + Pool Part","description":"Ibiza Beach Club + Pool Party. Nyd en varm dag p\u00e5 Ibiza Beach Club. Solsenge, tre cocktails og masser af sol. Hav det sjovt!","robots":{"index":"index","follow":"follow","max-snippet":"max-snippet:-1","max-image-preview":"max-image-preview:large","max-video-preview":"max-video-preview:-1"},"canonical":"https:\/\/fliparas.com\/da\/aktivitet\/ibiza-beach-club-pool-party\/","og_locale":"da_DK","og_type":"article","og_title":"Ibiza Beach Club + Pool Part","og_description":"Ibiza Beach Club + Pool Party. Enjoy a hot day at the Ibiza Beach Club. Sun loungers, three cocktails and lots of sun. Have fun!","og_url":"https:\/\/fliparas.com\/da\/aktivitet\/ibiza-beach-club-pool-party\/","og_site_name":"Agency Specialised in Stag and Hen Parties","article_modified_time":"2025-01-31T10:26:03+00:00","og_image":[{"width":1024,"height":1024,"url":"https:\/\/fliparas.com\/wp-content\/uploads\/2024\/03\/Beach-Club-img.jpeg","type":"image\/jpeg"}],"twitter_card":"summary_large_image","twitter_misc":{"Pris":"95,00&nbsp;&euro;","Tilg\u00e6ngelighed":"P\u00e5 lager"},"schema":{"@context":"https:\/\/schema.org","@graph":[{"@type":"WebPage","@id":"https:\/\/fliparas.com\/activity\/ibiza-beach-club-pool-party\/","url":"https:\/\/fliparas.com\/activity\/ibiza-beach-club-pool-party\/","name":"Ibiza Beach Club + Pool Part","isPartOf":{"@id":"https:\/\/fliparas.com\/#website"},"primaryImageOfPage":{"@id":"https:\/\/fliparas.com\/activity\/ibiza-beach-club-pool-party\/#primaryimage"},"image":{"@id":"https:\/\/fliparas.com\/activity\/ibiza-beach-club-pool-party\/#primaryimage"},"thumbnailUrl":"https:\/\/fliparas.com\/wp-content\/uploads\/2024\/03\/Beach-Club-img.jpeg","datePublished":"2024-03-26T12:02:44+00:00","dateModified":"2025-01-31T10:26:03+00:00","description":"Ibiza Beach Club + Pool Party. Nyd en varm dag p\u00e5 Ibiza Beach Club. Solsenge, tre cocktails og masser af sol. Hav det sjovt!","breadcrumb":{"@id":"https:\/\/fliparas.com\/activity\/ibiza-beach-club-pool-party\/#breadcrumb"},"inLanguage":"da-DK","potentialAction":[{"@type":"ReadAction","target":["https:\/\/fliparas.com\/activity\/ibiza-beach-club-pool-party\/"]}]},{"@type":"ImageObject","inLanguage":"da-DK","@id":"https:\/\/fliparas.com\/activity\/ibiza-beach-club-pool-party\/#primaryimage","url":"https:\/\/fliparas.com\/wp-content\/uploads\/2024\/03\/Beach-Club-img.jpeg","contentUrl":"https:\/\/fliparas.com\/wp-content\/uploads\/2024\/03\/Beach-Club-img.jpeg","width":1024,"height":1024},{"@type":"BreadcrumbList","@id":"https:\/\/fliparas.com\/activity\/ibiza-beach-club-pool-party\/#breadcrumb","itemListElement":[{"@type":"ListItem","position":1,"name":"Home","item":"https:\/\/fliparas.com\/"},{"@type":"ListItem","position":2,"name":"Shop","item":"https:\/\/fliparas.com\/shop\/"},{"@type":"ListItem","position":3,"name":"Ibiza Beach Club + Pool Party"}]},{"@type":"WebSite","@id":"https:\/\/fliparas.com\/#website","url":"https:\/\/fliparas.com\/","name":"Agentur specialiseret i polterabend og h\u00f8nefest","description":"Stol p\u00e5 det bedst bed\u00f8mte bureau til at arrangere en uforglemmelig polterabend i Europa","publisher":{"@id":"https:\/\/fliparas.com\/#organization"},"alternateName":"Fliparas Agency Specialised in Stag and Hen Parties","potentialAction":[{"@type":"SearchAction","target":{"@type":"EntryPoint","urlTemplate":"https:\/\/fliparas.com\/?s={search_term_string}"},"query-input":{"@type":"PropertyValueSpecification","valueRequired":true,"valueName":"search_term_string"}}],"inLanguage":"da-DK"},{"@type":"Organization","@id":"https:\/\/fliparas.com\/#organization","name":"Fliparas","alternateName":"Agency Specialised in Stag and Hen Parties","url":"https:\/\/fliparas.com\/","logo":{"@type":"ImageObject","inLanguage":"da-DK","@id":"https:\/\/fliparas.com\/#\/schema\/logo\/image\/","url":"https:\/\/fliparas.com\/wp-content\/uploads\/2024\/03\/Logo-Fliparas.png","contentUrl":"https:\/\/fliparas.com\/wp-content\/uploads\/2024\/03\/Logo-Fliparas.png","width":1024,"height":1024,"caption":"Fliparas"},"image":{"@id":"https:\/\/fliparas.com\/#\/schema\/logo\/image\/"}}]},"product_price_amount":"95.00","product_price_currency":"EUR","og_availability":"instock","product_availability":"instock","product_condition":"new"},"_links":{"self":[{"href":"https:\/\/fliparas.com\/da\/wp-json\/wp\/v2\/product\/1422","targetHints":{"allow":["GET"]}}],"collection":[{"href":"https:\/\/fliparas.com\/da\/wp-json\/wp\/v2\/product"}],"about":[{"href":"https:\/\/fliparas.com\/da\/wp-json\/wp\/v2\/types\/product"}],"wp:featuredmedia":[{"embeddable":true,"href":"https:\/\/fliparas.com\/da\/wp-json\/wp\/v2\/media\/882"}],"wp:attachment":[{"href":"https:\/\/fliparas.com\/da\/wp-json\/wp\/v2\/media?parent=1422"}],"wp:term":[{"taxonomy":"product_brand","embeddable":true,"href":"https:\/\/fliparas.com\/da\/wp-json\/wp\/v2\/product_brand?post=1422"},{"taxonomy":"product_cat","embeddable":true,"href":"https:\/\/fliparas.com\/da\/wp-json\/wp\/v2\/product_cat?post=1422"},{"taxonomy":"product_tag","embeddable":true,"href":"https:\/\/fliparas.com\/da\/wp-json\/wp\/v2\/product_tag?post=1422"}],"curies":[{"name":"wp","href":"https:\/\/api.w.org\/{rel}","templated":true}]}}