{"id":1428,"date":"2024-03-26T12:32:00","date_gmt":"2024-03-26T12:32:00","guid":{"rendered":"https:\/\/fliparas.com\/?post_type=product&#038;p=1428"},"modified":"2025-01-31T11:26:03","modified_gmt":"2025-01-31T10:26:03","slug":"jeep-safari-ibiza","status":"publish","type":"product","link":"https:\/\/fliparas.com\/da\/aktivitet\/jeep-safari-ibiza\/","title":{"rendered":"Jeep-safari p\u00e5 Ibiza"},"content":{"rendered":"<p>Jeep-safari p\u00e5 Ibiza<\/p>\n<p>De bedste polterabender med <a href=\"https:\/\/fliparas.com\/da\/polterabend-2\/\">Polterabend<\/a>! <a href=\"https:\/\/fliparas.com\/da\/polterabend\/\">Polterabend<\/a>!<\/p>\n<h2 style=\"text-align: center;\">Jeep-safari p\u00e5 Ibiza<\/h2>\n<h4>\ud83d\ude99 <strong>Udforsk Ibiza i jeep: Et uforglemmeligt offroad-eventyr!<\/strong> \ud83c\udf1f<\/h4>\n<p>Forbered dig p\u00e5 et uforglemmeligt eventyr med vores 4-timers jeeptur fra Ibiza!<\/p>\n<p>\ud83c\udfde\ufe0f Hop om bord p\u00e5 din terr\u00e6ng\u00e5ende jeep, og kast dig ud i en unik oplevelse i hjertet af Ibizas storsl\u00e5ede landskaber.<\/p>\n<p>Dit eventyr begynder med, at du henter din jeep og er klar til at erobre de snoede veje og f\u00e6ngslende stier p\u00e5 Ibiza. Vores omfattende pakke indeholder alt n\u00f8dvendigt udstyr, som sikrer en problemfri oplevelse. Hjelme, detaljeret briefing og alt, hvad du har brug for til et vellykket off-road-eventyr. \ud83c\udf04\ud83d\uddfa\ufe0f<\/p>\n<p>I fire timer kan du udforske de mest hemmelige hj\u00f8rner af \u00f8en! Oplev betagende udsigter, og f\u00f8l sp\u00e6ndingen ved at k\u00f8re en jeep gennem varierede landskaber. Vores omhyggeligt planlagte rute byder p\u00e5 en mangfoldighed af terr\u00e6n, fra glitrende strande til bjergrige stier, hvilket skaber det perfekte eventyr mellem sp\u00e6nding og udforskning. \ud83c\udfdc\ufe0f\ud83d\ude99<\/p>\n<p>Tag med p\u00e5 en uforglemmelig jeep-oplevelse, der kombinerer eventyr, udforskning og spektakul\u00e6re landskaber. Book nu, og g\u00f8r dig klar til et sp\u00e6ndende eventyr p\u00e5 <strong>Ibiza<\/strong>! \ud83c\udf1e\ud83d\ude99<\/p>\n<p><strong>RESERVERING MULIG FOR GRUPPER P\u00c5: 4 til 8 PERSONER.<\/strong><\/p>","protected":false},"excerpt":{"rendered":"<p style=\"text-align: center;\">Jeep-safari p\u00e5 Ibiza. Nyd en fire timers jeeptur p\u00e5 Ibiza.<br \/>\n<strong>RESERVERING MULIG FOR GRUPPER P\u00c5: 4 til 8 PERSONER.<\/strong><\/p>","protected":false},"featured_media":765,"template":"","meta":[],"product_brand":[425],"product_cat":[266,265,267],"product_tag":[215,314,354,353],"class_list":{"0":"post-1428","1":"product","2":"type-product","3":"status-publish","4":"has-post-thumbnail","6":"product_brand-fliparas-inc","7":"product_cat-hen-party-ibiza-activities","8":"product_cat-ibiza","9":"product_cat-stag-party-ibiza-activities","10":"product_tag-driving-a-jeep","11":"product_tag-driving-a-jeep-ibiza","12":"product_tag-jeep-safari-ibiza","13":"product_tag-safari-jeep","15":"first","16":"instock","17":"virtual","18":"sold-individually","19":"purchasable","20":"product-type-booking"},"yoast_head":"<!-- This site is optimized with the Yoast SEO plugin v26.9 - https:\/\/yoast.com\/product\/yoast-seo-wordpress\/ -->\n<title>Jeep Safari Ibiza<\/title>\n<meta name=\"description\" content=\"Jeep Safari Ibiza. Enjoy a four-hour Jeep tour in Ibiza. Jeep Safari Tour Ibiza. Jeep Ibiza. Have fun with your friends in Ibiza! \ud83c\udf34\u200b\ud83c\udf79\u200b\" \/>\n<meta name=\"robots\" content=\"index, follow, max-snippet:-1, max-image-preview:large, max-video-preview:-1\" \/>\n<link rel=\"canonical\" href=\"https:\/\/fliparas.com\/da\/aktivitet\/jeep-safari-ibiza\/\" \/>\n<meta property=\"og:locale\" content=\"da_DK\" \/>\n<meta property=\"og:type\" content=\"article\" \/>\n<meta property=\"og:title\" content=\"Jeep Safari Ibiza\" \/>\n<meta property=\"og:description\" content=\"Jeep Safari Ibiza. Enjoy a four-hour Jeep tour in Ibiza. Jeep Safari Tour Ibiza. Jeep Ibiza. Have fun with your friends in Ibiza! \ud83c\udf34\u200b\ud83c\udf79\u200b\" \/>\n<meta property=\"og:url\" content=\"https:\/\/fliparas.com\/da\/aktivitet\/jeep-safari-ibiza\/\" \/>\n<meta property=\"og:site_name\" content=\"Agency Specialised in Stag and Hen Parties\" \/>\n<meta property=\"article:modified_time\" content=\"2025-01-31T10:26:03+00:00\" \/>\n<meta property=\"og:image\" content=\"https:\/\/fliparas.com\/wp-content\/uploads\/2024\/03\/Driving-a-Jeep-Mallorca-img.jpeg\" \/>\n\t<meta property=\"og:image:width\" content=\"1024\" \/>\n\t<meta property=\"og:image:height\" content=\"1024\" \/>\n\t<meta property=\"og:image:type\" content=\"image\/jpeg\" \/>\n<meta name=\"twitter:card\" content=\"summary_large_image\" \/>\n<meta name=\"twitter:label1\" content=\"Pris\" \/>\n\t<meta name=\"twitter:data1\" content=\"190,00&nbsp;&euro;\" \/>\n\t<meta name=\"twitter:label2\" content=\"Tilg\u00e6ngelighed\" \/>\n\t<meta name=\"twitter:data2\" content=\"P\u00e5 lager\" \/>\n<script type=\"application\/ld+json\" class=\"yoast-schema-graph\">{\"@context\":\"https:\/\/schema.org\",\"@graph\":[{\"@type\":\"WebPage\",\"@id\":\"https:\/\/fliparas.com\/activity\/jeep-safari-ibiza\/\",\"url\":\"https:\/\/fliparas.com\/activity\/jeep-safari-ibiza\/\",\"name\":\"Jeep Safari Ibiza\",\"isPartOf\":{\"@id\":\"https:\/\/fliparas.com\/#website\"},\"primaryImageOfPage\":{\"@id\":\"https:\/\/fliparas.com\/activity\/jeep-safari-ibiza\/#primaryimage\"},\"image\":{\"@id\":\"https:\/\/fliparas.com\/activity\/jeep-safari-ibiza\/#primaryimage\"},\"thumbnailUrl\":\"https:\/\/fliparas.com\/wp-content\/uploads\/2024\/03\/Driving-a-Jeep-Mallorca-img.jpeg\",\"datePublished\":\"2024-03-26T12:32:00+00:00\",\"dateModified\":\"2025-01-31T10:26:03+00:00\",\"description\":\"Jeep Safari Ibiza. Enjoy a four-hour Jeep tour in Ibiza. Jeep Safari Tour Ibiza. Jeep Ibiza. Have fun with your friends in Ibiza! \ud83c\udf34\u200b\ud83c\udf79\u200b\",\"breadcrumb\":{\"@id\":\"https:\/\/fliparas.com\/activity\/jeep-safari-ibiza\/#breadcrumb\"},\"inLanguage\":\"da-DK\",\"potentialAction\":[{\"@type\":\"ReadAction\",\"target\":[\"https:\/\/fliparas.com\/activity\/jeep-safari-ibiza\/\"]}]},{\"@type\":\"ImageObject\",\"inLanguage\":\"da-DK\",\"@id\":\"https:\/\/fliparas.com\/activity\/jeep-safari-ibiza\/#primaryimage\",\"url\":\"https:\/\/fliparas.com\/wp-content\/uploads\/2024\/03\/Driving-a-Jeep-Mallorca-img.jpeg\",\"contentUrl\":\"https:\/\/fliparas.com\/wp-content\/uploads\/2024\/03\/Driving-a-Jeep-Mallorca-img.jpeg\",\"width\":1024,\"height\":1024},{\"@type\":\"BreadcrumbList\",\"@id\":\"https:\/\/fliparas.com\/activity\/jeep-safari-ibiza\/#breadcrumb\",\"itemListElement\":[{\"@type\":\"ListItem\",\"position\":1,\"name\":\"Home\",\"item\":\"https:\/\/fliparas.com\/\"},{\"@type\":\"ListItem\",\"position\":2,\"name\":\"Shop\",\"item\":\"https:\/\/fliparas.com\/shop\/\"},{\"@type\":\"ListItem\",\"position\":3,\"name\":\"Jeep Safari Ibiza\"}]},{\"@type\":\"WebSite\",\"@id\":\"https:\/\/fliparas.com\/#website\",\"url\":\"https:\/\/fliparas.com\/\",\"name\":\"Agency Specialised in Stag and Hen Parties\",\"description\":\"Trust the highest rated agency to organize an unforgettable stag and hen parties in Europe\",\"publisher\":{\"@id\":\"https:\/\/fliparas.com\/#organization\"},\"alternateName\":\"Fliparas Agency Specialised in Stag and Hen Parties\",\"potentialAction\":[{\"@type\":\"SearchAction\",\"target\":{\"@type\":\"EntryPoint\",\"urlTemplate\":\"https:\/\/fliparas.com\/?s={search_term_string}\"},\"query-input\":{\"@type\":\"PropertyValueSpecification\",\"valueRequired\":true,\"valueName\":\"search_term_string\"}}],\"inLanguage\":\"da-DK\"},{\"@type\":\"Organization\",\"@id\":\"https:\/\/fliparas.com\/#organization\",\"name\":\"Fliparas\",\"alternateName\":\"Agency Specialised in Stag and Hen Parties\",\"url\":\"https:\/\/fliparas.com\/\",\"logo\":{\"@type\":\"ImageObject\",\"inLanguage\":\"da-DK\",\"@id\":\"https:\/\/fliparas.com\/#\/schema\/logo\/image\/\",\"url\":\"https:\/\/fliparas.com\/wp-content\/uploads\/2024\/03\/Logo-Fliparas.png\",\"contentUrl\":\"https:\/\/fliparas.com\/wp-content\/uploads\/2024\/03\/Logo-Fliparas.png\",\"width\":1024,\"height\":1024,\"caption\":\"Fliparas\"},\"image\":{\"@id\":\"https:\/\/fliparas.com\/#\/schema\/logo\/image\/\"}}]}<\/script>\n<meta property=\"product:price:amount\" content=\"190.00\" \/>\n<meta property=\"product:price:currency\" content=\"EUR\" \/>\n<meta property=\"og:availability\" content=\"instock\" \/>\n<meta property=\"product:availability\" content=\"instock\" \/>\n<meta property=\"product:condition\" content=\"new\" \/>\n<!-- \/ Yoast SEO plugin. -->","yoast_head_json":{"title":"Jeep-safari p\u00e5 Ibiza","description":"Jeep-safari p\u00e5 Ibiza. Nyd en fire timers jeeptur p\u00e5 Ibiza. Jeep Safari Tour Ibiza. Jeep Ibiza. Hav det sjovt med dine venner p\u00e5 Ibiza! \ud83c\udf34\ud83c\udf79","robots":{"index":"index","follow":"follow","max-snippet":"max-snippet:-1","max-image-preview":"max-image-preview:large","max-video-preview":"max-video-preview:-1"},"canonical":"https:\/\/fliparas.com\/da\/aktivitet\/jeep-safari-ibiza\/","og_locale":"da_DK","og_type":"article","og_title":"Jeep Safari Ibiza","og_description":"Jeep Safari Ibiza. Enjoy a four-hour Jeep tour in Ibiza. Jeep Safari Tour Ibiza. Jeep Ibiza. Have fun with your friends in Ibiza! \ud83c\udf34\u200b\ud83c\udf79\u200b","og_url":"https:\/\/fliparas.com\/da\/aktivitet\/jeep-safari-ibiza\/","og_site_name":"Agency Specialised in Stag and Hen Parties","article_modified_time":"2025-01-31T10:26:03+00:00","og_image":[{"width":1024,"height":1024,"url":"https:\/\/fliparas.com\/wp-content\/uploads\/2024\/03\/Driving-a-Jeep-Mallorca-img.jpeg","type":"image\/jpeg"}],"twitter_card":"summary_large_image","twitter_misc":{"Pris":"190,00&nbsp;&euro;","Tilg\u00e6ngelighed":"P\u00e5 lager"},"schema":{"@context":"https:\/\/schema.org","@graph":[{"@type":"WebPage","@id":"https:\/\/fliparas.com\/activity\/jeep-safari-ibiza\/","url":"https:\/\/fliparas.com\/activity\/jeep-safari-ibiza\/","name":"Jeep-safari p\u00e5 Ibiza","isPartOf":{"@id":"https:\/\/fliparas.com\/#website"},"primaryImageOfPage":{"@id":"https:\/\/fliparas.com\/activity\/jeep-safari-ibiza\/#primaryimage"},"image":{"@id":"https:\/\/fliparas.com\/activity\/jeep-safari-ibiza\/#primaryimage"},"thumbnailUrl":"https:\/\/fliparas.com\/wp-content\/uploads\/2024\/03\/Driving-a-Jeep-Mallorca-img.jpeg","datePublished":"2024-03-26T12:32:00+00:00","dateModified":"2025-01-31T10:26:03+00:00","description":"Jeep-safari p\u00e5 Ibiza. Nyd en fire timers jeeptur p\u00e5 Ibiza. Jeep Safari Tour Ibiza. Jeep Ibiza. Hav det sjovt med dine venner p\u00e5 Ibiza! \ud83c\udf34\ud83c\udf79","breadcrumb":{"@id":"https:\/\/fliparas.com\/activity\/jeep-safari-ibiza\/#breadcrumb"},"inLanguage":"da-DK","potentialAction":[{"@type":"ReadAction","target":["https:\/\/fliparas.com\/activity\/jeep-safari-ibiza\/"]}]},{"@type":"ImageObject","inLanguage":"da-DK","@id":"https:\/\/fliparas.com\/activity\/jeep-safari-ibiza\/#primaryimage","url":"https:\/\/fliparas.com\/wp-content\/uploads\/2024\/03\/Driving-a-Jeep-Mallorca-img.jpeg","contentUrl":"https:\/\/fliparas.com\/wp-content\/uploads\/2024\/03\/Driving-a-Jeep-Mallorca-img.jpeg","width":1024,"height":1024},{"@type":"BreadcrumbList","@id":"https:\/\/fliparas.com\/activity\/jeep-safari-ibiza\/#breadcrumb","itemListElement":[{"@type":"ListItem","position":1,"name":"Home","item":"https:\/\/fliparas.com\/"},{"@type":"ListItem","position":2,"name":"Shop","item":"https:\/\/fliparas.com\/shop\/"},{"@type":"ListItem","position":3,"name":"Jeep Safari Ibiza"}]},{"@type":"WebSite","@id":"https:\/\/fliparas.com\/#website","url":"https:\/\/fliparas.com\/","name":"Agentur specialiseret i polterabend og h\u00f8nefest","description":"Stol p\u00e5 det bedst bed\u00f8mte bureau til at arrangere en uforglemmelig polterabend i Europa","publisher":{"@id":"https:\/\/fliparas.com\/#organization"},"alternateName":"Fliparas Agency Specialised in Stag and Hen Parties","potentialAction":[{"@type":"SearchAction","target":{"@type":"EntryPoint","urlTemplate":"https:\/\/fliparas.com\/?s={search_term_string}"},"query-input":{"@type":"PropertyValueSpecification","valueRequired":true,"valueName":"search_term_string"}}],"inLanguage":"da-DK"},{"@type":"Organization","@id":"https:\/\/fliparas.com\/#organization","name":"Fliparas","alternateName":"Agency Specialised in Stag and Hen Parties","url":"https:\/\/fliparas.com\/","logo":{"@type":"ImageObject","inLanguage":"da-DK","@id":"https:\/\/fliparas.com\/#\/schema\/logo\/image\/","url":"https:\/\/fliparas.com\/wp-content\/uploads\/2024\/03\/Logo-Fliparas.png","contentUrl":"https:\/\/fliparas.com\/wp-content\/uploads\/2024\/03\/Logo-Fliparas.png","width":1024,"height":1024,"caption":"Fliparas"},"image":{"@id":"https:\/\/fliparas.com\/#\/schema\/logo\/image\/"}}]},"product_price_amount":"190.00","product_price_currency":"EUR","og_availability":"instock","product_availability":"instock","product_condition":"new"},"_links":{"self":[{"href":"https:\/\/fliparas.com\/da\/wp-json\/wp\/v2\/product\/1428","targetHints":{"allow":["GET"]}}],"collection":[{"href":"https:\/\/fliparas.com\/da\/wp-json\/wp\/v2\/product"}],"about":[{"href":"https:\/\/fliparas.com\/da\/wp-json\/wp\/v2\/types\/product"}],"wp:featuredmedia":[{"embeddable":true,"href":"https:\/\/fliparas.com\/da\/wp-json\/wp\/v2\/media\/765"}],"wp:attachment":[{"href":"https:\/\/fliparas.com\/da\/wp-json\/wp\/v2\/media?parent=1428"}],"wp:term":[{"taxonomy":"product_brand","embeddable":true,"href":"https:\/\/fliparas.com\/da\/wp-json\/wp\/v2\/product_brand?post=1428"},{"taxonomy":"product_cat","embeddable":true,"href":"https:\/\/fliparas.com\/da\/wp-json\/wp\/v2\/product_cat?post=1428"},{"taxonomy":"product_tag","embeddable":true,"href":"https:\/\/fliparas.com\/da\/wp-json\/wp\/v2\/product_tag?post=1428"}],"curies":[{"name":"wp","href":"https:\/\/api.w.org\/{rel}","templated":true}]}}