{"id":1443,"date":"2024-03-26T13:01:39","date_gmt":"2024-03-26T13:01:39","guid":{"rendered":"https:\/\/fliparas.com\/?post_type=product&#038;p=1443"},"modified":"2025-01-31T11:26:03","modified_gmt":"2025-01-31T10:26:03","slug":"dykning-ibiza","status":"publish","type":"product","link":"https:\/\/fliparas.com\/da\/aktivitet\/dykning-ibiza\/","title":{"rendered":"Dykning p\u00e5 Ibiza"},"content":{"rendered":"<p style=\"text-align: center;\">Dykning p\u00e5 Ibiza. Nyd det krystalklare vand p\u00e5 Ibiza sammen med en instrukt\u00f8r. En uforglemmelig oplevelse for dem, der elsker det marine dyreliv!<\/p>\n<p style=\"text-align: center;\">De bedste polterabender med <a href=\"https:\/\/fliparas.com\/da\/polterabend-2\/\">Polterabend<\/a>! <a href=\"https:\/\/fliparas.com\/da\/polterabend\/\">Polterabend<\/a>!<\/p>\n<h2 style=\"text-align: center;\">Scuba Diving Ibiza \ud83c\udf0a.<\/h2>\n<h4 style=\"text-align: center;\"><strong>Oplev Middelhavets undervandsskatte!<\/strong> \ud83d\udc20<\/h4>\n<p style=\"text-align: center;\">Tag p\u00e5 et uforglemmeligt vandeventyr med vores snorkelaktivitet p\u00e5 Ibiza! Nyd to timers udforskning af det krystalklare vand, en times snorkling efterfulgt af en afslappet b\u00e5dtur. Lad dig transportere af Middelhavets unikke sk\u00f8nhed under denne fascinerende oplevelse.<\/p>\n<p style=\"text-align: center;\">Vores all-inclusive pakke inkluderer b\u00e5dtransfer, en ekspertinstrukt\u00f8r og alt n\u00f8dvendigt udstyr, hvilket sikrer sikker dykning p\u00e5 Ibizas mest maleriske steder. Lad dig guide gennem ekstraordin\u00e6r havbund, hvor farverige fisk og koralformationer vil forbl\u00f8ffe dig.\ud83c\udf05<\/p>\n<p style=\"text-align: center;\">Efter udforskningen under vandet kan du slappe af p\u00e5 b\u00e5den, mens vores guide deler fascinerende information om det lokale marineliv og hemmelighederne i det omkringliggende omr\u00e5de. Nyd det storsl\u00e5ede landskab, mens I udveksler minder om dette enest\u00e5ende eventyr \ud83c\udf0a.<\/p>\n<p style=\"text-align: center;\">Book nu for at fordybe dig i denne v\u00e6rdifulde og unikke oplevelse p\u00e5 Ibiza.<\/p>\n<p style=\"text-align: center;\">Beundr det rige havliv, og skab uforglemmelige minder i hjertet af Middelhavet.<\/p>\n<p style=\"text-align: center;\">Dykning p\u00e5 Ibiza! Et f\u00e6ngslende eventyr venter p\u00e5 dig! \ud83d\udc2c\ud83c\udf05<\/p>\n<p>&nbsp;<\/p>\n<p class=\"p1\" style=\"text-align: center;\"><strong>RESERVERING MULIG FOR GRUPPER P\u00c5: 4 til 24 PERSONER.<\/strong><\/p>\n<p class=\"p1\" style=\"text-align: center;\">","protected":false},"excerpt":{"rendered":"<p>Dykning p\u00e5 Ibiza. Nyd det krystalklare vand p\u00e5 Ibiza sammen med en instrukt\u00f8r. En uforglemmelig oplevelse for dem, der elsker det marine dyreliv!<br \/>\n<strong>RESERVERING MULIG FOR GRUPPER P\u00c5: 4 til 24 PERSONER.<\/strong><\/p>","protected":false},"featured_media":1444,"template":"","meta":[],"product_brand":[425],"product_cat":[266,265,267],"product_tag":[202,323,310],"class_list":{"0":"post-1443","1":"product","2":"type-product","3":"status-publish","4":"has-post-thumbnail","6":"product_brand-fliparas-inc","7":"product_cat-hen-party-ibiza-activities","8":"product_cat-ibiza","9":"product_cat-stag-party-ibiza-activities","10":"product_tag-diving-snorkelling","11":"product_tag-diving-snorkelling-ibiza","12":"product_tag-kayak-tour-ibiza","14":"first","15":"instock","16":"virtual","17":"sold-individually","18":"purchasable","19":"product-type-booking"},"yoast_head":"<!-- This site is optimized with the Yoast SEO plugin v26.9 - https:\/\/yoast.com\/product\/yoast-seo-wordpress\/ -->\n<title>Scuba Diving Ibiza<\/title>\n<meta name=\"description\" content=\"Scuba Diving Ibiza. Enjoy the crystal clear waters with an instructor. An unforgettable experience for lovers of marine wildlife.\" \/>\n<meta name=\"robots\" content=\"index, follow, max-snippet:-1, max-image-preview:large, max-video-preview:-1\" \/>\n<link rel=\"canonical\" href=\"https:\/\/fliparas.com\/da\/aktivitet\/dykning-ibiza\/\" \/>\n<meta property=\"og:locale\" content=\"da_DK\" \/>\n<meta property=\"og:type\" content=\"article\" \/>\n<meta property=\"og:title\" content=\"Scuba Diving Ibiza\" \/>\n<meta property=\"og:description\" content=\"Scuba Diving Ibiza. Enjoy the crystal clear waters with an instructor. An unforgettable experience for lovers of marine wildlife.\" \/>\n<meta property=\"og:url\" content=\"https:\/\/fliparas.com\/da\/aktivitet\/dykning-ibiza\/\" \/>\n<meta property=\"og:site_name\" content=\"Agency Specialised in Stag and Hen Parties\" \/>\n<meta property=\"article:modified_time\" content=\"2025-01-31T10:26:03+00:00\" \/>\n<meta property=\"og:image\" content=\"https:\/\/fliparas.com\/wp-content\/uploads\/2024\/03\/Diseno-sin-titulo-11-1.png\" \/>\n\t<meta property=\"og:image:width\" content=\"498\" \/>\n\t<meta property=\"og:image:height\" content=\"330\" \/>\n\t<meta property=\"og:image:type\" content=\"image\/png\" \/>\n<meta name=\"twitter:card\" content=\"summary_large_image\" \/>\n<meta name=\"twitter:label1\" content=\"Pris\" \/>\n\t<meta name=\"twitter:data1\" content=\"160,00&nbsp;&euro;\" \/>\n\t<meta name=\"twitter:label2\" content=\"Tilg\u00e6ngelighed\" \/>\n\t<meta name=\"twitter:data2\" content=\"P\u00e5 lager\" \/>\n<script type=\"application\/ld+json\" class=\"yoast-schema-graph\">{\"@context\":\"https:\/\/schema.org\",\"@graph\":[{\"@type\":\"WebPage\",\"@id\":\"https:\/\/fliparas.com\/activity\/scuba-diving-ibiza\/\",\"url\":\"https:\/\/fliparas.com\/activity\/scuba-diving-ibiza\/\",\"name\":\"Scuba Diving Ibiza\",\"isPartOf\":{\"@id\":\"https:\/\/fliparas.com\/#website\"},\"primaryImageOfPage\":{\"@id\":\"https:\/\/fliparas.com\/activity\/scuba-diving-ibiza\/#primaryimage\"},\"image\":{\"@id\":\"https:\/\/fliparas.com\/activity\/scuba-diving-ibiza\/#primaryimage\"},\"thumbnailUrl\":\"https:\/\/fliparas.com\/wp-content\/uploads\/2024\/03\/Diseno-sin-titulo-11-1.png\",\"datePublished\":\"2024-03-26T13:01:39+00:00\",\"dateModified\":\"2025-01-31T10:26:03+00:00\",\"description\":\"Scuba Diving Ibiza. Enjoy the crystal clear waters with an instructor. An unforgettable experience for lovers of marine wildlife.\",\"breadcrumb\":{\"@id\":\"https:\/\/fliparas.com\/activity\/scuba-diving-ibiza\/#breadcrumb\"},\"inLanguage\":\"da-DK\",\"potentialAction\":[{\"@type\":\"ReadAction\",\"target\":[\"https:\/\/fliparas.com\/activity\/scuba-diving-ibiza\/\"]}]},{\"@type\":\"ImageObject\",\"inLanguage\":\"da-DK\",\"@id\":\"https:\/\/fliparas.com\/activity\/scuba-diving-ibiza\/#primaryimage\",\"url\":\"https:\/\/fliparas.com\/wp-content\/uploads\/2024\/03\/Diseno-sin-titulo-11-1.png\",\"contentUrl\":\"https:\/\/fliparas.com\/wp-content\/uploads\/2024\/03\/Diseno-sin-titulo-11-1.png\",\"width\":498,\"height\":330,\"caption\":\"Scuba Diving Products Image\"},{\"@type\":\"BreadcrumbList\",\"@id\":\"https:\/\/fliparas.com\/activity\/scuba-diving-ibiza\/#breadcrumb\",\"itemListElement\":[{\"@type\":\"ListItem\",\"position\":1,\"name\":\"Home\",\"item\":\"https:\/\/fliparas.com\/\"},{\"@type\":\"ListItem\",\"position\":2,\"name\":\"Shop\",\"item\":\"https:\/\/fliparas.com\/shop\/\"},{\"@type\":\"ListItem\",\"position\":3,\"name\":\"Scuba Diving Ibiza\"}]},{\"@type\":\"WebSite\",\"@id\":\"https:\/\/fliparas.com\/#website\",\"url\":\"https:\/\/fliparas.com\/\",\"name\":\"Agency Specialised in Stag and Hen Parties\",\"description\":\"Trust the highest rated agency to organize an unforgettable stag and hen parties in Europe\",\"publisher\":{\"@id\":\"https:\/\/fliparas.com\/#organization\"},\"alternateName\":\"Fliparas Agency Specialised in Stag and Hen Parties\",\"potentialAction\":[{\"@type\":\"SearchAction\",\"target\":{\"@type\":\"EntryPoint\",\"urlTemplate\":\"https:\/\/fliparas.com\/?s={search_term_string}\"},\"query-input\":{\"@type\":\"PropertyValueSpecification\",\"valueRequired\":true,\"valueName\":\"search_term_string\"}}],\"inLanguage\":\"da-DK\"},{\"@type\":\"Organization\",\"@id\":\"https:\/\/fliparas.com\/#organization\",\"name\":\"Fliparas\",\"alternateName\":\"Agency Specialised in Stag and Hen Parties\",\"url\":\"https:\/\/fliparas.com\/\",\"logo\":{\"@type\":\"ImageObject\",\"inLanguage\":\"da-DK\",\"@id\":\"https:\/\/fliparas.com\/#\/schema\/logo\/image\/\",\"url\":\"https:\/\/fliparas.com\/wp-content\/uploads\/2024\/03\/Logo-Fliparas.png\",\"contentUrl\":\"https:\/\/fliparas.com\/wp-content\/uploads\/2024\/03\/Logo-Fliparas.png\",\"width\":1024,\"height\":1024,\"caption\":\"Fliparas\"},\"image\":{\"@id\":\"https:\/\/fliparas.com\/#\/schema\/logo\/image\/\"}}]}<\/script>\n<meta property=\"product:price:amount\" content=\"160.00\" \/>\n<meta property=\"product:price:currency\" content=\"EUR\" \/>\n<meta property=\"og:availability\" content=\"instock\" \/>\n<meta property=\"product:availability\" content=\"instock\" \/>\n<meta property=\"product:condition\" content=\"new\" \/>\n<!-- \/ Yoast SEO plugin. -->","yoast_head_json":{"title":"Dykning p\u00e5 Ibiza","description":"Dykning p\u00e5 Ibiza. Nyd det krystalklare vand sammen med en instrukt\u00f8r. En uforglemmelig oplevelse for dem, der elsker havets dyreliv.","robots":{"index":"index","follow":"follow","max-snippet":"max-snippet:-1","max-image-preview":"max-image-preview:large","max-video-preview":"max-video-preview:-1"},"canonical":"https:\/\/fliparas.com\/da\/aktivitet\/dykning-ibiza\/","og_locale":"da_DK","og_type":"article","og_title":"Scuba Diving Ibiza","og_description":"Scuba Diving Ibiza. Enjoy the crystal clear waters with an instructor. An unforgettable experience for lovers of marine wildlife.","og_url":"https:\/\/fliparas.com\/da\/aktivitet\/dykning-ibiza\/","og_site_name":"Agency Specialised in Stag and Hen Parties","article_modified_time":"2025-01-31T10:26:03+00:00","og_image":[{"width":498,"height":330,"url":"https:\/\/fliparas.com\/wp-content\/uploads\/2024\/03\/Diseno-sin-titulo-11-1.png","type":"image\/png"}],"twitter_card":"summary_large_image","twitter_misc":{"Pris":"160,00&nbsp;&euro;","Tilg\u00e6ngelighed":"P\u00e5 lager"},"schema":{"@context":"https:\/\/schema.org","@graph":[{"@type":"WebPage","@id":"https:\/\/fliparas.com\/activity\/scuba-diving-ibiza\/","url":"https:\/\/fliparas.com\/activity\/scuba-diving-ibiza\/","name":"Dykning p\u00e5 Ibiza","isPartOf":{"@id":"https:\/\/fliparas.com\/#website"},"primaryImageOfPage":{"@id":"https:\/\/fliparas.com\/activity\/scuba-diving-ibiza\/#primaryimage"},"image":{"@id":"https:\/\/fliparas.com\/activity\/scuba-diving-ibiza\/#primaryimage"},"thumbnailUrl":"https:\/\/fliparas.com\/wp-content\/uploads\/2024\/03\/Diseno-sin-titulo-11-1.png","datePublished":"2024-03-26T13:01:39+00:00","dateModified":"2025-01-31T10:26:03+00:00","description":"Dykning p\u00e5 Ibiza. Nyd det krystalklare vand sammen med en instrukt\u00f8r. En uforglemmelig oplevelse for dem, der elsker havets dyreliv.","breadcrumb":{"@id":"https:\/\/fliparas.com\/activity\/scuba-diving-ibiza\/#breadcrumb"},"inLanguage":"da-DK","potentialAction":[{"@type":"ReadAction","target":["https:\/\/fliparas.com\/activity\/scuba-diving-ibiza\/"]}]},{"@type":"ImageObject","inLanguage":"da-DK","@id":"https:\/\/fliparas.com\/activity\/scuba-diving-ibiza\/#primaryimage","url":"https:\/\/fliparas.com\/wp-content\/uploads\/2024\/03\/Diseno-sin-titulo-11-1.png","contentUrl":"https:\/\/fliparas.com\/wp-content\/uploads\/2024\/03\/Diseno-sin-titulo-11-1.png","width":498,"height":330,"caption":"Scuba Diving Products Image"},{"@type":"BreadcrumbList","@id":"https:\/\/fliparas.com\/activity\/scuba-diving-ibiza\/#breadcrumb","itemListElement":[{"@type":"ListItem","position":1,"name":"Home","item":"https:\/\/fliparas.com\/"},{"@type":"ListItem","position":2,"name":"Shop","item":"https:\/\/fliparas.com\/shop\/"},{"@type":"ListItem","position":3,"name":"Scuba Diving Ibiza"}]},{"@type":"WebSite","@id":"https:\/\/fliparas.com\/#website","url":"https:\/\/fliparas.com\/","name":"Agentur specialiseret i polterabend og h\u00f8nefest","description":"Stol p\u00e5 det bedst bed\u00f8mte bureau til at arrangere en uforglemmelig polterabend i Europa","publisher":{"@id":"https:\/\/fliparas.com\/#organization"},"alternateName":"Fliparas Agency Specialised in Stag and Hen Parties","potentialAction":[{"@type":"SearchAction","target":{"@type":"EntryPoint","urlTemplate":"https:\/\/fliparas.com\/?s={search_term_string}"},"query-input":{"@type":"PropertyValueSpecification","valueRequired":true,"valueName":"search_term_string"}}],"inLanguage":"da-DK"},{"@type":"Organization","@id":"https:\/\/fliparas.com\/#organization","name":"Fliparas","alternateName":"Agency Specialised in Stag and Hen Parties","url":"https:\/\/fliparas.com\/","logo":{"@type":"ImageObject","inLanguage":"da-DK","@id":"https:\/\/fliparas.com\/#\/schema\/logo\/image\/","url":"https:\/\/fliparas.com\/wp-content\/uploads\/2024\/03\/Logo-Fliparas.png","contentUrl":"https:\/\/fliparas.com\/wp-content\/uploads\/2024\/03\/Logo-Fliparas.png","width":1024,"height":1024,"caption":"Fliparas"},"image":{"@id":"https:\/\/fliparas.com\/#\/schema\/logo\/image\/"}}]},"product_price_amount":"160.00","product_price_currency":"EUR","og_availability":"instock","product_availability":"instock","product_condition":"new"},"_links":{"self":[{"href":"https:\/\/fliparas.com\/da\/wp-json\/wp\/v2\/product\/1443","targetHints":{"allow":["GET"]}}],"collection":[{"href":"https:\/\/fliparas.com\/da\/wp-json\/wp\/v2\/product"}],"about":[{"href":"https:\/\/fliparas.com\/da\/wp-json\/wp\/v2\/types\/product"}],"wp:featuredmedia":[{"embeddable":true,"href":"https:\/\/fliparas.com\/da\/wp-json\/wp\/v2\/media\/1444"}],"wp:attachment":[{"href":"https:\/\/fliparas.com\/da\/wp-json\/wp\/v2\/media?parent=1443"}],"wp:term":[{"taxonomy":"product_brand","embeddable":true,"href":"https:\/\/fliparas.com\/da\/wp-json\/wp\/v2\/product_brand?post=1443"},{"taxonomy":"product_cat","embeddable":true,"href":"https:\/\/fliparas.com\/da\/wp-json\/wp\/v2\/product_cat?post=1443"},{"taxonomy":"product_tag","embeddable":true,"href":"https:\/\/fliparas.com\/da\/wp-json\/wp\/v2\/product_tag?post=1443"}],"curies":[{"name":"wp","href":"https:\/\/api.w.org\/{rel}","templated":true}]}}