{"id":1450,"date":"2024-03-26T14:51:12","date_gmt":"2024-03-26T14:51:12","guid":{"rendered":"https:\/\/fliparas.com\/?post_type=product&#038;p=1450"},"modified":"2025-01-31T11:26:03","modified_gmt":"2025-01-31T10:26:03","slug":"privat-katamaran-ibiza","status":"publish","type":"product","link":"https:\/\/fliparas.com\/da\/aktivitet\/privat-katamaran-ibiza\/","title":{"rendered":"Privat katamaran Ibiza"},"content":{"rendered":"<ul>\n<li>Privat katamaran p\u00e5 Ibiza. Nyd fem timers privat sejlads for dig og dine venner. Nyd det krystalklare vand p\u00e5 Ibiza.<\/li>\n<\/ul>\n<p>De bedste bachelor- og polterabends med <a href=\"https:\/\/fliparas.com\/da\/polterabend-2\/\">Polterabend<\/a>! <a href=\"https:\/\/fliparas.com\/da\/polterabend\/\">Polterabend<\/a>!<\/p>\n<h2 style=\"text-align: center;\">Privat katamaran Ibiza \ud83d\udea2<\/h2>\n<p>\ud83c\udfdd\ufe0f Udforsk Ibiza med stil om bord p\u00e5 vores katamaran!\ud83d\udea4<\/p>\n<p>\ud83c\udf0a G\u00f8r dig klar til et uforglemmeligt eventyr ved at leje vores eksklusive katamaran p\u00e5 Ibiza! \ud83c\udf34<\/p>\n<p>\ud83d\udd52 Den 5-timers charterpakke tager dig gennem Ibizas krystalklare vand og byder p\u00e5 absolut luksus med en professionel kaptajn ved roret. Nyd solen, havbrisen og dine k\u00e6res selskab under denne unikke oplevelse.<\/p>\n<p>\u2693 All-inclusive-pakken inkluderer br\u00e6ndstof og forsikring, s\u00e5 du kan slappe af og nyde turen. \ud83c\udf79 Forfriskende drikkevarer og m\u00e5ltider kan tilf\u00f8jes for at g\u00f8re oplevelsen endnu sjovere.<\/p>\n<p>\ud83c\udfb5 Udstyr dig selv med dine yndlingssange via vores Bluetooth-lydsystem om bord, s\u00e5 du kan skabe den perfekte stemning til din dag p\u00e5 havet. \ud83c\udfb6 Desuden kan du personligg\u00f8re din rejseplan ved at tilf\u00f8je stop p\u00e5 \u00e5bent hav til forfriskende sv\u00f8mmeture.<\/p>\n<p>\ud83d\udee5\ufe0f Book din katamaran p\u00e5 Ibiza nu til et eksklusivt eventyr!<\/p>\n<p>\ud83c\udf1f G\u00e5 ikke glip af denne mulighed for at skabe ekstraordin\u00e6re minder med dine k\u00e6re. Tag p\u00e5 en dag med afslapning, sjov og udforskning p\u00e5 Ibizas smukke vand! \ud83c\udf1e<\/p>\n<p class=\"p1\" style=\"text-align: center;\"><strong>RESERVERING MULIG FOR GRUPPER P\u00c5: 8 til 11 PERSONER.<\/strong><\/p>","protected":false},"excerpt":{"rendered":"<p>Sejl p\u00e5 Middelhavets krystalklare vand p\u00e5 en tur, der varer 3 timer eller mere.<br \/>\nKaptajn, forsikring og br\u00e6ndstof er inkluderet.<br \/>\n<strong>RESERVERING MULIG FOR GRUPPER P\u00c5: 8 til 11 PERSONER.<\/strong><\/p>","protected":false},"featured_media":1451,"template":"","meta":[],"product_brand":[425],"product_cat":[266,265,267],"product_tag":[299,248,308],"class_list":{"0":"post-1450","1":"product","2":"type-product","3":"status-publish","4":"has-post-thumbnail","6":"product_brand-fliparas-inc","7":"product_cat-hen-party-ibiza-activities","8":"product_cat-ibiza","9":"product_cat-stag-party-ibiza-activities","10":"product_tag-catamaran-dinner-ibiza","11":"product_tag-private-brunch-in-catamaran","12":"product_tag-private-brunch-in-catamaran-ibiza","14":"first","15":"instock","16":"virtual","17":"sold-individually","18":"purchasable","19":"product-type-booking"},"yoast_head":"<!-- This site is optimized with the Yoast SEO plugin v26.9 - https:\/\/yoast.com\/product\/yoast-seo-wordpress\/ -->\n<title>Private Catamaran Ibiza<\/title>\n<meta name=\"description\" content=\"Private Catamaran Ibiza. Private Catamaran Ibiza. Enjoy five hours of private boating for you and your friends. Enjoy the crystal clear waters of Ibiza.\" \/>\n<meta name=\"robots\" content=\"index, follow, max-snippet:-1, max-image-preview:large, max-video-preview:-1\" \/>\n<link rel=\"canonical\" href=\"https:\/\/fliparas.com\/da\/aktivitet\/privat-katamaran-ibiza\/\" \/>\n<meta property=\"og:locale\" content=\"da_DK\" \/>\n<meta property=\"og:type\" content=\"article\" \/>\n<meta property=\"og:title\" content=\"Private Catamaran Ibiza\" \/>\n<meta property=\"og:description\" content=\"Private Catamaran Ibiza. Private Catamaran Ibiza. Enjoy five hours of private boating for you and your friends. Enjoy the crystal clear waters of Ibiza.\" \/>\n<meta property=\"og:url\" content=\"https:\/\/fliparas.com\/da\/aktivitet\/privat-katamaran-ibiza\/\" \/>\n<meta property=\"og:site_name\" content=\"Agency Specialised in Stag and Hen Parties\" \/>\n<meta property=\"article:modified_time\" content=\"2025-01-31T10:26:03+00:00\" \/>\n<meta property=\"og:image\" content=\"https:\/\/fliparas.com\/wp-content\/uploads\/2024\/03\/Diseno-sin-titulo-15-1.png\" \/>\n\t<meta property=\"og:image:width\" content=\"501\" \/>\n\t<meta property=\"og:image:height\" content=\"637\" \/>\n\t<meta property=\"og:image:type\" content=\"image\/png\" \/>\n<meta name=\"twitter:card\" content=\"summary_large_image\" \/>\n<meta name=\"twitter:label1\" content=\"Pris\" \/>\n\t<meta name=\"twitter:data1\" content=\"300,00&nbsp;&euro;\" \/>\n\t<meta name=\"twitter:label2\" content=\"Tilg\u00e6ngelighed\" \/>\n\t<meta name=\"twitter:data2\" content=\"P\u00e5 lager\" \/>\n<script type=\"application\/ld+json\" class=\"yoast-schema-graph\">{\"@context\":\"https:\/\/schema.org\",\"@graph\":[{\"@type\":\"WebPage\",\"@id\":\"https:\/\/fliparas.com\/activity\/private-catamaran-ibiza\/\",\"url\":\"https:\/\/fliparas.com\/activity\/private-catamaran-ibiza\/\",\"name\":\"Private Catamaran Ibiza\",\"isPartOf\":{\"@id\":\"https:\/\/fliparas.com\/#website\"},\"primaryImageOfPage\":{\"@id\":\"https:\/\/fliparas.com\/activity\/private-catamaran-ibiza\/#primaryimage\"},\"image\":{\"@id\":\"https:\/\/fliparas.com\/activity\/private-catamaran-ibiza\/#primaryimage\"},\"thumbnailUrl\":\"https:\/\/fliparas.com\/wp-content\/uploads\/2024\/03\/Diseno-sin-titulo-15-1.png\",\"datePublished\":\"2024-03-26T14:51:12+00:00\",\"dateModified\":\"2025-01-31T10:26:03+00:00\",\"description\":\"Private Catamaran Ibiza. Private Catamaran Ibiza. Enjoy five hours of private boating for you and your friends. Enjoy the crystal clear waters of Ibiza.\",\"breadcrumb\":{\"@id\":\"https:\/\/fliparas.com\/activity\/private-catamaran-ibiza\/#breadcrumb\"},\"inLanguage\":\"da-DK\",\"potentialAction\":[{\"@type\":\"ReadAction\",\"target\":[\"https:\/\/fliparas.com\/activity\/private-catamaran-ibiza\/\"]}]},{\"@type\":\"ImageObject\",\"inLanguage\":\"da-DK\",\"@id\":\"https:\/\/fliparas.com\/activity\/private-catamaran-ibiza\/#primaryimage\",\"url\":\"https:\/\/fliparas.com\/wp-content\/uploads\/2024\/03\/Diseno-sin-titulo-15-1.png\",\"contentUrl\":\"https:\/\/fliparas.com\/wp-content\/uploads\/2024\/03\/Diseno-sin-titulo-15-1.png\",\"width\":501,\"height\":637,\"caption\":\"Private Catamaran Ibiza IMAGE\"},{\"@type\":\"BreadcrumbList\",\"@id\":\"https:\/\/fliparas.com\/activity\/private-catamaran-ibiza\/#breadcrumb\",\"itemListElement\":[{\"@type\":\"ListItem\",\"position\":1,\"name\":\"Home\",\"item\":\"https:\/\/fliparas.com\/\"},{\"@type\":\"ListItem\",\"position\":2,\"name\":\"Shop\",\"item\":\"https:\/\/fliparas.com\/shop\/\"},{\"@type\":\"ListItem\",\"position\":3,\"name\":\"Private Catamaran Ibiza\"}]},{\"@type\":\"WebSite\",\"@id\":\"https:\/\/fliparas.com\/#website\",\"url\":\"https:\/\/fliparas.com\/\",\"name\":\"Agency Specialised in Stag and Hen Parties\",\"description\":\"Trust the highest rated agency to organize an unforgettable stag and hen parties in Europe\",\"publisher\":{\"@id\":\"https:\/\/fliparas.com\/#organization\"},\"alternateName\":\"Fliparas Agency Specialised in Stag and Hen Parties\",\"potentialAction\":[{\"@type\":\"SearchAction\",\"target\":{\"@type\":\"EntryPoint\",\"urlTemplate\":\"https:\/\/fliparas.com\/?s={search_term_string}\"},\"query-input\":{\"@type\":\"PropertyValueSpecification\",\"valueRequired\":true,\"valueName\":\"search_term_string\"}}],\"inLanguage\":\"da-DK\"},{\"@type\":\"Organization\",\"@id\":\"https:\/\/fliparas.com\/#organization\",\"name\":\"Fliparas\",\"alternateName\":\"Agency Specialised in Stag and Hen Parties\",\"url\":\"https:\/\/fliparas.com\/\",\"logo\":{\"@type\":\"ImageObject\",\"inLanguage\":\"da-DK\",\"@id\":\"https:\/\/fliparas.com\/#\/schema\/logo\/image\/\",\"url\":\"https:\/\/fliparas.com\/wp-content\/uploads\/2024\/03\/Logo-Fliparas.png\",\"contentUrl\":\"https:\/\/fliparas.com\/wp-content\/uploads\/2024\/03\/Logo-Fliparas.png\",\"width\":1024,\"height\":1024,\"caption\":\"Fliparas\"},\"image\":{\"@id\":\"https:\/\/fliparas.com\/#\/schema\/logo\/image\/\"}}]}<\/script>\n<meta property=\"product:price:amount\" content=\"300.00\" \/>\n<meta property=\"product:price:currency\" content=\"EUR\" \/>\n<meta property=\"og:availability\" content=\"instock\" \/>\n<meta property=\"product:availability\" content=\"instock\" \/>\n<meta property=\"product:condition\" content=\"new\" \/>\n<!-- \/ Yoast SEO plugin. -->","yoast_head_json":{"title":"Privat katamaran Ibiza","description":"Privat katamaran Ibiza. Privat katamaran Ibiza. Nyd fem timers privat sejlads for dig og dine venner. Nyd det krystalklare vand p\u00e5 Ibiza.","robots":{"index":"index","follow":"follow","max-snippet":"max-snippet:-1","max-image-preview":"max-image-preview:large","max-video-preview":"max-video-preview:-1"},"canonical":"https:\/\/fliparas.com\/da\/aktivitet\/privat-katamaran-ibiza\/","og_locale":"da_DK","og_type":"article","og_title":"Private Catamaran Ibiza","og_description":"Private Catamaran Ibiza. Private Catamaran Ibiza. Enjoy five hours of private boating for you and your friends. Enjoy the crystal clear waters of Ibiza.","og_url":"https:\/\/fliparas.com\/da\/aktivitet\/privat-katamaran-ibiza\/","og_site_name":"Agency Specialised in Stag and Hen Parties","article_modified_time":"2025-01-31T10:26:03+00:00","og_image":[{"width":501,"height":637,"url":"https:\/\/fliparas.com\/wp-content\/uploads\/2024\/03\/Diseno-sin-titulo-15-1.png","type":"image\/png"}],"twitter_card":"summary_large_image","twitter_misc":{"Pris":"300,00&nbsp;&euro;","Tilg\u00e6ngelighed":"P\u00e5 lager"},"schema":{"@context":"https:\/\/schema.org","@graph":[{"@type":"WebPage","@id":"https:\/\/fliparas.com\/activity\/private-catamaran-ibiza\/","url":"https:\/\/fliparas.com\/activity\/private-catamaran-ibiza\/","name":"Privat katamaran Ibiza","isPartOf":{"@id":"https:\/\/fliparas.com\/#website"},"primaryImageOfPage":{"@id":"https:\/\/fliparas.com\/activity\/private-catamaran-ibiza\/#primaryimage"},"image":{"@id":"https:\/\/fliparas.com\/activity\/private-catamaran-ibiza\/#primaryimage"},"thumbnailUrl":"https:\/\/fliparas.com\/wp-content\/uploads\/2024\/03\/Diseno-sin-titulo-15-1.png","datePublished":"2024-03-26T14:51:12+00:00","dateModified":"2025-01-31T10:26:03+00:00","description":"Privat katamaran Ibiza. Privat katamaran Ibiza. Nyd fem timers privat sejlads for dig og dine venner. Nyd det krystalklare vand p\u00e5 Ibiza.","breadcrumb":{"@id":"https:\/\/fliparas.com\/activity\/private-catamaran-ibiza\/#breadcrumb"},"inLanguage":"da-DK","potentialAction":[{"@type":"ReadAction","target":["https:\/\/fliparas.com\/activity\/private-catamaran-ibiza\/"]}]},{"@type":"ImageObject","inLanguage":"da-DK","@id":"https:\/\/fliparas.com\/activity\/private-catamaran-ibiza\/#primaryimage","url":"https:\/\/fliparas.com\/wp-content\/uploads\/2024\/03\/Diseno-sin-titulo-15-1.png","contentUrl":"https:\/\/fliparas.com\/wp-content\/uploads\/2024\/03\/Diseno-sin-titulo-15-1.png","width":501,"height":637,"caption":"Private Catamaran Ibiza IMAGE"},{"@type":"BreadcrumbList","@id":"https:\/\/fliparas.com\/activity\/private-catamaran-ibiza\/#breadcrumb","itemListElement":[{"@type":"ListItem","position":1,"name":"Home","item":"https:\/\/fliparas.com\/"},{"@type":"ListItem","position":2,"name":"Shop","item":"https:\/\/fliparas.com\/shop\/"},{"@type":"ListItem","position":3,"name":"Private Catamaran Ibiza"}]},{"@type":"WebSite","@id":"https:\/\/fliparas.com\/#website","url":"https:\/\/fliparas.com\/","name":"Agentur specialiseret i polterabend og h\u00f8nefest","description":"Stol p\u00e5 det bedst bed\u00f8mte bureau til at arrangere en uforglemmelig polterabend i Europa","publisher":{"@id":"https:\/\/fliparas.com\/#organization"},"alternateName":"Fliparas Agency Specialised in Stag and Hen Parties","potentialAction":[{"@type":"SearchAction","target":{"@type":"EntryPoint","urlTemplate":"https:\/\/fliparas.com\/?s={search_term_string}"},"query-input":{"@type":"PropertyValueSpecification","valueRequired":true,"valueName":"search_term_string"}}],"inLanguage":"da-DK"},{"@type":"Organization","@id":"https:\/\/fliparas.com\/#organization","name":"Fliparas","alternateName":"Agency Specialised in Stag and Hen Parties","url":"https:\/\/fliparas.com\/","logo":{"@type":"ImageObject","inLanguage":"da-DK","@id":"https:\/\/fliparas.com\/#\/schema\/logo\/image\/","url":"https:\/\/fliparas.com\/wp-content\/uploads\/2024\/03\/Logo-Fliparas.png","contentUrl":"https:\/\/fliparas.com\/wp-content\/uploads\/2024\/03\/Logo-Fliparas.png","width":1024,"height":1024,"caption":"Fliparas"},"image":{"@id":"https:\/\/fliparas.com\/#\/schema\/logo\/image\/"}}]},"product_price_amount":"300.00","product_price_currency":"EUR","og_availability":"instock","product_availability":"instock","product_condition":"new"},"_links":{"self":[{"href":"https:\/\/fliparas.com\/da\/wp-json\/wp\/v2\/product\/1450","targetHints":{"allow":["GET"]}}],"collection":[{"href":"https:\/\/fliparas.com\/da\/wp-json\/wp\/v2\/product"}],"about":[{"href":"https:\/\/fliparas.com\/da\/wp-json\/wp\/v2\/types\/product"}],"wp:featuredmedia":[{"embeddable":true,"href":"https:\/\/fliparas.com\/da\/wp-json\/wp\/v2\/media\/1451"}],"wp:attachment":[{"href":"https:\/\/fliparas.com\/da\/wp-json\/wp\/v2\/media?parent=1450"}],"wp:term":[{"taxonomy":"product_brand","embeddable":true,"href":"https:\/\/fliparas.com\/da\/wp-json\/wp\/v2\/product_brand?post=1450"},{"taxonomy":"product_cat","embeddable":true,"href":"https:\/\/fliparas.com\/da\/wp-json\/wp\/v2\/product_cat?post=1450"},{"taxonomy":"product_tag","embeddable":true,"href":"https:\/\/fliparas.com\/da\/wp-json\/wp\/v2\/product_tag?post=1450"}],"curies":[{"name":"wp","href":"https:\/\/api.w.org\/{rel}","templated":true}]}}