{"id":1454,"date":"2024-03-26T15:10:34","date_gmt":"2024-03-26T15:10:34","guid":{"rendered":"https:\/\/fliparas.com\/?post_type=product&#038;p=1454"},"modified":"2025-01-31T11:26:03","modified_gmt":"2025-01-31T10:26:03","slug":"sexet-butler-ibiza","status":"publish","type":"product","link":"https:\/\/fliparas.com\/da\/aktivitet\/sexet-butler-ibiza\/","title":{"rendered":"Sexet butler Ibiza"},"content":{"rendered":"<p style=\"text-align: center;\">Sexet butler p\u00e5 Ibiza. Er du klar til at nyde en time med en afkl\u00e6dt butler, der er klar til at betjene dig?<\/p>\n<p style=\"text-align: center;\">Privat og hjemme-service.<\/p>\n<p style=\"text-align: center;\">De bedste bachelor- og polterabends med <a href=\"https:\/\/fliparas.com\/da\/polterabend-2\/\">Polterabend<\/a>! <a href=\"https:\/\/fliparas.com\/da\/polterabend\/\">Polterabend<\/a>!<\/p>\n<h2 style=\"text-align: center;\">\ud83d\udd25 Sexet Ibiza Butler\ud83d\udd25<\/h2>\n<p style=\"text-align: center;\">Nyd en time med en butler, der st\u00e5r til r\u00e5dighed for dig, uanset hvad du har brug for ... Hvordan?<\/p>\n<p style=\"text-align: center;\">Vi kan forsikre dig om, at vores butler vil g\u00f8re dig m\u00e5ll\u00f8s og h\u00e6ve temperaturen i rummet, s\u00e5 snart han tr\u00e6der ind ad d\u00f8ren.<\/p>\n<p style=\"text-align: center;\">En erotisk fantasi, der g\u00e5r i opfyldelse: en mand med rene muskler og ild og meget lidt t\u00f8j. Vores butler har kun et forkl\u00e6de p\u00e5 (som kun d\u00e6kker forsiden af hans krop...), en butterfly og intet undert\u00f8j.<\/p>\n<p style=\"text-align: center;\">Hvem ville ikke gerne have en butler uden t\u00f8j p\u00e5 i en time?<\/p>\n<p style=\"text-align: center;\">Og du, hvorn\u00e5r ville du g\u00f8re det?<\/p>\n<p style=\"text-align: center;\">Under din ferie p\u00e5 Ibiza. \u00d8en er et sandt fyrv\u00e6rkeri. Butleren er til r\u00e5dighed hver dag og n\u00e5r som helst. T\u00e6nk ikke to gange, og g\u00f8r din Ibiza-ferie til en dr\u00f8m, der g\u00e5r i opfyldelse.<\/p>\n<p style=\"text-align: center;\">Hvad er det? \u2708\ufe0f<\/p>\n<p style=\"text-align: center;\">Vores butler er s\u00e5 opm\u00e6rksom ... Han kommer til dit hotel eller din villa. En helt privat service.<\/p>\n<p style=\"text-align: center;\">Hvorfor?<\/p>\n<p style=\"text-align: center;\">Alle kvinder vil gerne have en mand, der st\u00e5r helt til deres r\u00e5dighed i en time. Men hvis vi tager t\u00f8jet af ham ... er det endnu bedre!<\/p>\n<ul style=\"text-align: center;\">\n<li>En erotisk, sjov og unik oplevelse for at nyde Ibiza p\u00e5 en meget original m\u00e5de \ud83d\udd25.<\/li>\n<\/ul>\n<p style=\"text-align: center;\">\n<p style=\"text-align: center;\">Book Sexy Butler Ibiza!\ud83d\udd25<\/p>\n<p style=\"text-align: center;\">","protected":false},"excerpt":{"rendered":"<p>Sexet butler Ibiza. Sexet butler Ibiza. Er du klar til at nyde en time med en afkl\u00e6dt butler, der er klar til at betjene dig?<\/p>\n<p>Privat og hjemme-service.<\/p>","protected":false},"featured_media":868,"template":"","meta":[],"product_brand":[425],"product_cat":[266,265],"product_tag":[242,241],"class_list":{"0":"post-1454","1":"product","2":"type-product","3":"status-publish","4":"has-post-thumbnail","6":"product_brand-fliparas-inc","7":"product_cat-hen-party-ibiza-activities","8":"product_cat-ibiza","9":"product_tag-sexy-butler","10":"product_tag-sexy-butler-mallorca","12":"first","13":"instock","14":"virtual","15":"sold-individually","16":"purchasable","17":"product-type-booking"},"yoast_head":"<!-- This site is optimized with the Yoast SEO plugin v26.9 - https:\/\/yoast.com\/product\/yoast-seo-wordpress\/ -->\n<title>Sexy Butler Ibiza \ud83e\udd35\ud83c\udffb\u200b<\/title>\n<meta name=\"description\" content=\"Sexy butler Ibiza. Are you ready to enjoy an hour with an undressed butler ready to serve you? Private and home service. \ud83e\udd35\" \/>\n<meta name=\"robots\" content=\"index, follow, max-snippet:-1, max-image-preview:large, max-video-preview:-1\" \/>\n<link rel=\"canonical\" href=\"https:\/\/fliparas.com\/da\/aktivitet\/sexet-butler-ibiza\/\" \/>\n<meta property=\"og:locale\" content=\"da_DK\" \/>\n<meta property=\"og:type\" content=\"article\" \/>\n<meta property=\"og:title\" content=\"Sexy Butler Ibiza \ud83e\udd35\ud83c\udffb\u200b\" \/>\n<meta property=\"og:description\" content=\"Sexy butler Ibiza. Are you ready to enjoy an hour with an undressed butler ready to serve you? Private and home service. \ud83e\udd35\" \/>\n<meta property=\"og:url\" content=\"https:\/\/fliparas.com\/da\/aktivitet\/sexet-butler-ibiza\/\" \/>\n<meta property=\"og:site_name\" content=\"Agency Specialised in Stag and Hen Parties\" \/>\n<meta property=\"article:modified_time\" content=\"2025-01-31T10:26:03+00:00\" \/>\n<meta property=\"og:image\" content=\"https:\/\/fliparas.com\/wp-content\/uploads\/2024\/03\/Sexy-butler-img.jpeg\" \/>\n\t<meta property=\"og:image:width\" content=\"1024\" \/>\n\t<meta property=\"og:image:height\" content=\"1024\" \/>\n\t<meta property=\"og:image:type\" content=\"image\/jpeg\" \/>\n<meta name=\"twitter:card\" content=\"summary_large_image\" \/>\n<meta name=\"twitter:label1\" content=\"Pris\" \/>\n\t<meta name=\"twitter:data1\" content=\"220,00&nbsp;&euro;\" \/>\n\t<meta name=\"twitter:label2\" content=\"Tilg\u00e6ngelighed\" \/>\n\t<meta name=\"twitter:data2\" content=\"P\u00e5 lager\" \/>\n<script type=\"application\/ld+json\" class=\"yoast-schema-graph\">{\"@context\":\"https:\/\/schema.org\",\"@graph\":[{\"@type\":\"WebPage\",\"@id\":\"https:\/\/fliparas.com\/activity\/sexy-butler-ibiza\/\",\"url\":\"https:\/\/fliparas.com\/activity\/sexy-butler-ibiza\/\",\"name\":\"Sexy Butler Ibiza \ud83e\udd35\ud83c\udffb\u200b\",\"isPartOf\":{\"@id\":\"https:\/\/fliparas.com\/#website\"},\"primaryImageOfPage\":{\"@id\":\"https:\/\/fliparas.com\/activity\/sexy-butler-ibiza\/#primaryimage\"},\"image\":{\"@id\":\"https:\/\/fliparas.com\/activity\/sexy-butler-ibiza\/#primaryimage\"},\"thumbnailUrl\":\"https:\/\/fliparas.com\/wp-content\/uploads\/2024\/03\/Sexy-butler-img.jpeg\",\"datePublished\":\"2024-03-26T15:10:34+00:00\",\"dateModified\":\"2025-01-31T10:26:03+00:00\",\"description\":\"Sexy butler Ibiza. Are you ready to enjoy an hour with an undressed butler ready to serve you? Private and home service. \ud83e\udd35\",\"breadcrumb\":{\"@id\":\"https:\/\/fliparas.com\/activity\/sexy-butler-ibiza\/#breadcrumb\"},\"inLanguage\":\"da-DK\",\"potentialAction\":[{\"@type\":\"ReadAction\",\"target\":[\"https:\/\/fliparas.com\/activity\/sexy-butler-ibiza\/\"]}]},{\"@type\":\"ImageObject\",\"inLanguage\":\"da-DK\",\"@id\":\"https:\/\/fliparas.com\/activity\/sexy-butler-ibiza\/#primaryimage\",\"url\":\"https:\/\/fliparas.com\/wp-content\/uploads\/2024\/03\/Sexy-butler-img.jpeg\",\"contentUrl\":\"https:\/\/fliparas.com\/wp-content\/uploads\/2024\/03\/Sexy-butler-img.jpeg\",\"width\":1024,\"height\":1024,\"caption\":\"Sexy butler img\"},{\"@type\":\"BreadcrumbList\",\"@id\":\"https:\/\/fliparas.com\/activity\/sexy-butler-ibiza\/#breadcrumb\",\"itemListElement\":[{\"@type\":\"ListItem\",\"position\":1,\"name\":\"Home\",\"item\":\"https:\/\/fliparas.com\/\"},{\"@type\":\"ListItem\",\"position\":2,\"name\":\"Shop\",\"item\":\"https:\/\/fliparas.com\/shop\/\"},{\"@type\":\"ListItem\",\"position\":3,\"name\":\"Sexy Butler Ibiza\"}]},{\"@type\":\"WebSite\",\"@id\":\"https:\/\/fliparas.com\/#website\",\"url\":\"https:\/\/fliparas.com\/\",\"name\":\"Agency Specialised in Stag and Hen Parties\",\"description\":\"Trust the highest rated agency to organize an unforgettable stag and hen parties in Europe\",\"publisher\":{\"@id\":\"https:\/\/fliparas.com\/#organization\"},\"alternateName\":\"Fliparas Agency Specialised in Stag and Hen Parties\",\"potentialAction\":[{\"@type\":\"SearchAction\",\"target\":{\"@type\":\"EntryPoint\",\"urlTemplate\":\"https:\/\/fliparas.com\/?s={search_term_string}\"},\"query-input\":{\"@type\":\"PropertyValueSpecification\",\"valueRequired\":true,\"valueName\":\"search_term_string\"}}],\"inLanguage\":\"da-DK\"},{\"@type\":\"Organization\",\"@id\":\"https:\/\/fliparas.com\/#organization\",\"name\":\"Fliparas\",\"alternateName\":\"Agency Specialised in Stag and Hen Parties\",\"url\":\"https:\/\/fliparas.com\/\",\"logo\":{\"@type\":\"ImageObject\",\"inLanguage\":\"da-DK\",\"@id\":\"https:\/\/fliparas.com\/#\/schema\/logo\/image\/\",\"url\":\"https:\/\/fliparas.com\/wp-content\/uploads\/2024\/03\/Logo-Fliparas.png\",\"contentUrl\":\"https:\/\/fliparas.com\/wp-content\/uploads\/2024\/03\/Logo-Fliparas.png\",\"width\":1024,\"height\":1024,\"caption\":\"Fliparas\"},\"image\":{\"@id\":\"https:\/\/fliparas.com\/#\/schema\/logo\/image\/\"}}]}<\/script>\n<meta property=\"product:price:amount\" content=\"220.00\" \/>\n<meta property=\"product:price:currency\" content=\"EUR\" \/>\n<meta property=\"og:availability\" content=\"instock\" \/>\n<meta property=\"product:availability\" content=\"instock\" \/>\n<meta property=\"product:condition\" content=\"new\" \/>\n<!-- \/ Yoast SEO plugin. -->","yoast_head_json":{"title":"Sexet butler Ibiza \ud83e\udd35\ud83c\udffb","description":"Sexet butler p\u00e5 Ibiza. Er du klar til at nyde en time med en afkl\u00e6dt butler, der er klar til at betjene dig? Privat og hjemme service. \ud83e\udd35","robots":{"index":"index","follow":"follow","max-snippet":"max-snippet:-1","max-image-preview":"max-image-preview:large","max-video-preview":"max-video-preview:-1"},"canonical":"https:\/\/fliparas.com\/da\/aktivitet\/sexet-butler-ibiza\/","og_locale":"da_DK","og_type":"article","og_title":"Sexy Butler Ibiza \ud83e\udd35\ud83c\udffb\u200b","og_description":"Sexy butler Ibiza. Are you ready to enjoy an hour with an undressed butler ready to serve you? Private and home service. \ud83e\udd35","og_url":"https:\/\/fliparas.com\/da\/aktivitet\/sexet-butler-ibiza\/","og_site_name":"Agency Specialised in Stag and Hen Parties","article_modified_time":"2025-01-31T10:26:03+00:00","og_image":[{"width":1024,"height":1024,"url":"https:\/\/fliparas.com\/wp-content\/uploads\/2024\/03\/Sexy-butler-img.jpeg","type":"image\/jpeg"}],"twitter_card":"summary_large_image","twitter_misc":{"Pris":"220,00&nbsp;&euro;","Tilg\u00e6ngelighed":"P\u00e5 lager"},"schema":{"@context":"https:\/\/schema.org","@graph":[{"@type":"WebPage","@id":"https:\/\/fliparas.com\/activity\/sexy-butler-ibiza\/","url":"https:\/\/fliparas.com\/activity\/sexy-butler-ibiza\/","name":"Sexet butler Ibiza \ud83e\udd35\ud83c\udffb","isPartOf":{"@id":"https:\/\/fliparas.com\/#website"},"primaryImageOfPage":{"@id":"https:\/\/fliparas.com\/activity\/sexy-butler-ibiza\/#primaryimage"},"image":{"@id":"https:\/\/fliparas.com\/activity\/sexy-butler-ibiza\/#primaryimage"},"thumbnailUrl":"https:\/\/fliparas.com\/wp-content\/uploads\/2024\/03\/Sexy-butler-img.jpeg","datePublished":"2024-03-26T15:10:34+00:00","dateModified":"2025-01-31T10:26:03+00:00","description":"Sexet butler p\u00e5 Ibiza. Er du klar til at nyde en time med en afkl\u00e6dt butler, der er klar til at betjene dig? Privat og hjemme service. \ud83e\udd35","breadcrumb":{"@id":"https:\/\/fliparas.com\/activity\/sexy-butler-ibiza\/#breadcrumb"},"inLanguage":"da-DK","potentialAction":[{"@type":"ReadAction","target":["https:\/\/fliparas.com\/activity\/sexy-butler-ibiza\/"]}]},{"@type":"ImageObject","inLanguage":"da-DK","@id":"https:\/\/fliparas.com\/activity\/sexy-butler-ibiza\/#primaryimage","url":"https:\/\/fliparas.com\/wp-content\/uploads\/2024\/03\/Sexy-butler-img.jpeg","contentUrl":"https:\/\/fliparas.com\/wp-content\/uploads\/2024\/03\/Sexy-butler-img.jpeg","width":1024,"height":1024,"caption":"Sexy butler img"},{"@type":"BreadcrumbList","@id":"https:\/\/fliparas.com\/activity\/sexy-butler-ibiza\/#breadcrumb","itemListElement":[{"@type":"ListItem","position":1,"name":"Home","item":"https:\/\/fliparas.com\/"},{"@type":"ListItem","position":2,"name":"Shop","item":"https:\/\/fliparas.com\/shop\/"},{"@type":"ListItem","position":3,"name":"Sexy Butler Ibiza"}]},{"@type":"WebSite","@id":"https:\/\/fliparas.com\/#website","url":"https:\/\/fliparas.com\/","name":"Agentur specialiseret i polterabend og h\u00f8nefest","description":"Stol p\u00e5 det bedst bed\u00f8mte bureau til at arrangere en uforglemmelig polterabend i Europa","publisher":{"@id":"https:\/\/fliparas.com\/#organization"},"alternateName":"Fliparas Agency Specialised in Stag and Hen Parties","potentialAction":[{"@type":"SearchAction","target":{"@type":"EntryPoint","urlTemplate":"https:\/\/fliparas.com\/?s={search_term_string}"},"query-input":{"@type":"PropertyValueSpecification","valueRequired":true,"valueName":"search_term_string"}}],"inLanguage":"da-DK"},{"@type":"Organization","@id":"https:\/\/fliparas.com\/#organization","name":"Fliparas","alternateName":"Agency Specialised in Stag and Hen Parties","url":"https:\/\/fliparas.com\/","logo":{"@type":"ImageObject","inLanguage":"da-DK","@id":"https:\/\/fliparas.com\/#\/schema\/logo\/image\/","url":"https:\/\/fliparas.com\/wp-content\/uploads\/2024\/03\/Logo-Fliparas.png","contentUrl":"https:\/\/fliparas.com\/wp-content\/uploads\/2024\/03\/Logo-Fliparas.png","width":1024,"height":1024,"caption":"Fliparas"},"image":{"@id":"https:\/\/fliparas.com\/#\/schema\/logo\/image\/"}}]},"product_price_amount":"220.00","product_price_currency":"EUR","og_availability":"instock","product_availability":"instock","product_condition":"new"},"_links":{"self":[{"href":"https:\/\/fliparas.com\/da\/wp-json\/wp\/v2\/product\/1454","targetHints":{"allow":["GET"]}}],"collection":[{"href":"https:\/\/fliparas.com\/da\/wp-json\/wp\/v2\/product"}],"about":[{"href":"https:\/\/fliparas.com\/da\/wp-json\/wp\/v2\/types\/product"}],"wp:featuredmedia":[{"embeddable":true,"href":"https:\/\/fliparas.com\/da\/wp-json\/wp\/v2\/media\/868"}],"wp:attachment":[{"href":"https:\/\/fliparas.com\/da\/wp-json\/wp\/v2\/media?parent=1454"}],"wp:term":[{"taxonomy":"product_brand","embeddable":true,"href":"https:\/\/fliparas.com\/da\/wp-json\/wp\/v2\/product_brand?post=1454"},{"taxonomy":"product_cat","embeddable":true,"href":"https:\/\/fliparas.com\/da\/wp-json\/wp\/v2\/product_cat?post=1454"},{"taxonomy":"product_tag","embeddable":true,"href":"https:\/\/fliparas.com\/da\/wp-json\/wp\/v2\/product_tag?post=1454"}],"curies":[{"name":"wp","href":"https:\/\/api.w.org\/{rel}","templated":true}]}}