{"id":1461,"date":"2024-03-26T16:01:22","date_gmt":"2024-03-26T16:01:22","guid":{"rendered":"https:\/\/fliparas.com\/?post_type=product&#038;p=1461"},"modified":"2025-01-31T11:26:02","modified_gmt":"2025-01-31T10:26:02","slug":"bundlos-frokost-pa-ibiza","status":"publish","type":"product","link":"https:\/\/fliparas.com\/da\/aktivitet\/bundlos-frokost-pa-ibiza\/","title":{"rendered":"Bundl\u00f8s frokost p\u00e5 Ibiza"},"content":{"rendered":"<ul>\n<li style=\"text-align: center;\">\n<h2 style=\"text-align: center;\">\ud83e\udd42\ud83e\udd50 Oplev: BottomLess Lunch Ibiza \ud83e\udd42\ud83e\udd50<\/h2>\n<p>De bedste polterabender med <a href=\"https:\/\/fliparas.com\/da\/polterabend-2\/\">Polterabend<\/a>! <a href=\"https:\/\/fliparas.com\/da\/polterabend\/\">Polterabend<\/a>!<\/li>\n<\/ul>\n<p style=\"text-align: center;\">Er du klar til den <span style=\"font-size: 14.4px;\">Erfaring med BottomLess Lunch?<br \/>\n<\/span><\/p>\n<p style=\"text-align: center;\"><strong><br \/>\nUdforsk Ibiza med stil med vores bundl\u00f8se frokost!<\/strong><\/p>\n<div style=\"text-align: center;\">\n<p>\ud83d\udd38 L\u00e6kker mad, forfriskende drinks og Ibiza som kulisse! Det er s\u00e5dan, din BottomLess Lunch bliver!<\/p>\n<\/div>\n<div style=\"text-align: center;\">\ud83d\udd38 Brunchmenuen er varieret og henvender sig til folk med forskellig smag og pr\u00e6ferencer.<\/div>\n<div><\/div>\n<div style=\"text-align: center;\">\ud83d\udd38 Stemningen er livlig og festlig, men rolig! Frokosten og dagen kombineres med en livlig smagning og derefter overgangen til en god fest (hvem ved?).<\/div>\n<div><\/div>\n<div style=\"text-align: center;\">\ud83d\udd38 Drikkevarerne er ubegr\u00e6nsede!!! Med mimosaer, sangria, \u00f8l og meget mere!<\/div>\n<div style=\"text-align: center;\"><\/div>\n<div style=\"text-align: center;\">\n<p><strong><br \/>\nBalancen mellem mad og drikke er vigtig, ikke sandt?<\/strong><\/p>\n<\/div>\n<div style=\"text-align: center;\">Her f\u00e5r du alle de bedste muligheder for mad og drikke, og alt dette sammen med dine s\u00e6rlige venner og den naturlige luft p\u00e5 Ibiza!<\/div>\n<div>\n<div style=\"text-align: center;\">\n<p>&nbsp;<\/p>\n<p>Skab uforglemmelige minder med dine venner i en livlig og festlig atmosf\u00e6re.<br \/>\n<span style=\"color: #555555;\">Kom og v\u00e6r med til at fejre livet med en uforglemmelig frokost!<\/span><\/p>\n<\/div>\n<\/div>\n<h4><\/h4>\n<h3 style=\"text-align: center;\">\ud83e\udd42\u00a0<strong>Mere end en frokost: En uundg\u00e5elig oplevelse i BottomLess Lunch Ibiza! <\/strong>\ud83e\udd42<\/h3>\n<p>&nbsp;<\/p>\n<p class=\"p1\" style=\"text-align: center;\"><strong>RESERVERING MULIG FOR GRUPPER P\u00c5: 6 til 12 PERSONER.<\/strong><\/p>","protected":false},"excerpt":{"rendered":"<p>BottomLess frokost p\u00e5 Ibiza. Her f\u00e5r du alle de bedste muligheder for mad og drikke, og alt dette sammen med dine s\u00e6rlige venner og den naturlige luft p\u00e5 Ibiza!<br \/>\n<strong>RESERVERING MULIG FOR GRUPPER P\u00c5: 6 til 12 PERSONER.<\/strong><\/p>","protected":false},"featured_media":1462,"template":"","meta":[],"product_brand":[425],"product_cat":[266,265,267],"product_tag":[362,363,361],"class_list":{"0":"post-1461","1":"product","2":"type-product","3":"status-publish","4":"has-post-thumbnail","6":"product_brand-fliparas-inc","7":"product_cat-hen-party-ibiza-activities","8":"product_cat-ibiza","9":"product_cat-stag-party-ibiza-activities","10":"product_tag-brunch-ibiza","11":"product_tag-ibiza-brunch","12":"product_tag-the-bottomless-brunch-in-ibiza","14":"first","15":"instock","16":"virtual","17":"sold-individually","18":"purchasable","19":"product-type-booking"},"yoast_head":"<!-- This site is optimized with the Yoast SEO plugin v26.9 - https:\/\/yoast.com\/product\/yoast-seo-wordpress\/ -->\n<title>BottomLess Lunch In Ibiza \ud83e\udd42\u200b\ud83e\udd50<\/title>\n<meta name=\"description\" content=\"BottomLess Lunch In Ibiza. Here you&#039;ll have all the best food and drink options and all this with your special friends and the natural air of Ibiza! \ud83e\udd50\" \/>\n<meta name=\"robots\" content=\"index, follow, max-snippet:-1, max-image-preview:large, max-video-preview:-1\" \/>\n<link rel=\"canonical\" href=\"https:\/\/fliparas.com\/da\/aktivitet\/bundlos-frokost-pa-ibiza\/\" \/>\n<meta property=\"og:locale\" content=\"da_DK\" \/>\n<meta property=\"og:type\" content=\"article\" \/>\n<meta property=\"og:title\" content=\"BottomLess Lunch In Ibiza \ud83e\udd42\u200b\ud83e\udd50\" \/>\n<meta property=\"og:description\" content=\"BottomLess Lunch In Ibiza. Here you&#039;ll have all the best food and drink options and all this with your special friends and the natural air of Ibiza! \ud83e\udd50\" \/>\n<meta property=\"og:url\" content=\"https:\/\/fliparas.com\/da\/aktivitet\/bundlos-frokost-pa-ibiza\/\" \/>\n<meta property=\"og:site_name\" content=\"Agency Specialised in Stag and Hen Parties\" \/>\n<meta property=\"article:modified_time\" content=\"2025-01-31T10:26:02+00:00\" \/>\n<meta property=\"og:image\" content=\"https:\/\/fliparas.com\/wp-content\/uploads\/2024\/03\/Diseno-sin-titulo-19-1-1.png\" \/>\n\t<meta property=\"og:image:width\" content=\"875\" \/>\n\t<meta property=\"og:image:height\" content=\"522\" \/>\n\t<meta property=\"og:image:type\" content=\"image\/png\" \/>\n<meta name=\"twitter:card\" content=\"summary_large_image\" \/>\n<meta name=\"twitter:label1\" content=\"Pris\" \/>\n\t<meta name=\"twitter:data1\" content=\"45,00&nbsp;&euro;\" \/>\n\t<meta name=\"twitter:label2\" content=\"Tilg\u00e6ngelighed\" \/>\n\t<meta name=\"twitter:data2\" content=\"P\u00e5 lager\" \/>\n<script type=\"application\/ld+json\" class=\"yoast-schema-graph\">{\"@context\":\"https:\/\/schema.org\",\"@graph\":[{\"@type\":\"WebPage\",\"@id\":\"https:\/\/fliparas.com\/activity\/bottomless-lunch-in-ibiza\/\",\"url\":\"https:\/\/fliparas.com\/activity\/bottomless-lunch-in-ibiza\/\",\"name\":\"BottomLess Lunch In Ibiza \ud83e\udd42\u200b\ud83e\udd50\",\"isPartOf\":{\"@id\":\"https:\/\/fliparas.com\/#website\"},\"primaryImageOfPage\":{\"@id\":\"https:\/\/fliparas.com\/activity\/bottomless-lunch-in-ibiza\/#primaryimage\"},\"image\":{\"@id\":\"https:\/\/fliparas.com\/activity\/bottomless-lunch-in-ibiza\/#primaryimage\"},\"thumbnailUrl\":\"https:\/\/fliparas.com\/wp-content\/uploads\/2024\/03\/Diseno-sin-titulo-19-1-1.png\",\"datePublished\":\"2024-03-26T16:01:22+00:00\",\"dateModified\":\"2025-01-31T10:26:02+00:00\",\"description\":\"BottomLess Lunch In Ibiza. Here you'll have all the best food and drink options and all this with your special friends and the natural air of Ibiza! \ud83e\udd50\",\"breadcrumb\":{\"@id\":\"https:\/\/fliparas.com\/activity\/bottomless-lunch-in-ibiza\/#breadcrumb\"},\"inLanguage\":\"da-DK\",\"potentialAction\":[{\"@type\":\"ReadAction\",\"target\":[\"https:\/\/fliparas.com\/activity\/bottomless-lunch-in-ibiza\/\"]}]},{\"@type\":\"ImageObject\",\"inLanguage\":\"da-DK\",\"@id\":\"https:\/\/fliparas.com\/activity\/bottomless-lunch-in-ibiza\/#primaryimage\",\"url\":\"https:\/\/fliparas.com\/wp-content\/uploads\/2024\/03\/Diseno-sin-titulo-19-1-1.png\",\"contentUrl\":\"https:\/\/fliparas.com\/wp-content\/uploads\/2024\/03\/Diseno-sin-titulo-19-1-1.png\",\"width\":875,\"height\":522,\"caption\":\"BottomLess Lunch In Ibiza image\"},{\"@type\":\"BreadcrumbList\",\"@id\":\"https:\/\/fliparas.com\/activity\/bottomless-lunch-in-ibiza\/#breadcrumb\",\"itemListElement\":[{\"@type\":\"ListItem\",\"position\":1,\"name\":\"Home\",\"item\":\"https:\/\/fliparas.com\/\"},{\"@type\":\"ListItem\",\"position\":2,\"name\":\"Shop\",\"item\":\"https:\/\/fliparas.com\/shop\/\"},{\"@type\":\"ListItem\",\"position\":3,\"name\":\"BottomLess Lunch In Ibiza\"}]},{\"@type\":\"WebSite\",\"@id\":\"https:\/\/fliparas.com\/#website\",\"url\":\"https:\/\/fliparas.com\/\",\"name\":\"Agency Specialised in Stag and Hen Parties\",\"description\":\"Trust the highest rated agency to organize an unforgettable stag and hen parties in Europe\",\"publisher\":{\"@id\":\"https:\/\/fliparas.com\/#organization\"},\"alternateName\":\"Fliparas Agency Specialised in Stag and Hen Parties\",\"potentialAction\":[{\"@type\":\"SearchAction\",\"target\":{\"@type\":\"EntryPoint\",\"urlTemplate\":\"https:\/\/fliparas.com\/?s={search_term_string}\"},\"query-input\":{\"@type\":\"PropertyValueSpecification\",\"valueRequired\":true,\"valueName\":\"search_term_string\"}}],\"inLanguage\":\"da-DK\"},{\"@type\":\"Organization\",\"@id\":\"https:\/\/fliparas.com\/#organization\",\"name\":\"Fliparas\",\"alternateName\":\"Agency Specialised in Stag and Hen Parties\",\"url\":\"https:\/\/fliparas.com\/\",\"logo\":{\"@type\":\"ImageObject\",\"inLanguage\":\"da-DK\",\"@id\":\"https:\/\/fliparas.com\/#\/schema\/logo\/image\/\",\"url\":\"https:\/\/fliparas.com\/wp-content\/uploads\/2024\/03\/Logo-Fliparas.png\",\"contentUrl\":\"https:\/\/fliparas.com\/wp-content\/uploads\/2024\/03\/Logo-Fliparas.png\",\"width\":1024,\"height\":1024,\"caption\":\"Fliparas\"},\"image\":{\"@id\":\"https:\/\/fliparas.com\/#\/schema\/logo\/image\/\"}}]}<\/script>\n<meta property=\"product:price:amount\" content=\"45.00\" \/>\n<meta property=\"product:price:currency\" content=\"EUR\" \/>\n<meta property=\"og:availability\" content=\"instock\" \/>\n<meta property=\"product:availability\" content=\"instock\" \/>\n<meta property=\"product:condition\" content=\"new\" \/>\n<!-- \/ Yoast SEO plugin. -->","yoast_head_json":{"title":"Bundl\u00f8s frokost p\u00e5 Ibiza \ud83e\udd42\ud83e\udd50","description":"BottomLess frokost p\u00e5 Ibiza. Her f\u00e5r du alle de bedste muligheder for mad og drikke, og alt dette sammen med dine s\u00e6rlige venner og den naturlige luft p\u00e5 Ibiza! \ud83e\udd50","robots":{"index":"index","follow":"follow","max-snippet":"max-snippet:-1","max-image-preview":"max-image-preview:large","max-video-preview":"max-video-preview:-1"},"canonical":"https:\/\/fliparas.com\/da\/aktivitet\/bundlos-frokost-pa-ibiza\/","og_locale":"da_DK","og_type":"article","og_title":"BottomLess Lunch In Ibiza \ud83e\udd42\u200b\ud83e\udd50","og_description":"BottomLess Lunch In Ibiza. Here you'll have all the best food and drink options and all this with your special friends and the natural air of Ibiza! \ud83e\udd50","og_url":"https:\/\/fliparas.com\/da\/aktivitet\/bundlos-frokost-pa-ibiza\/","og_site_name":"Agency Specialised in Stag and Hen Parties","article_modified_time":"2025-01-31T10:26:02+00:00","og_image":[{"width":875,"height":522,"url":"https:\/\/fliparas.com\/wp-content\/uploads\/2024\/03\/Diseno-sin-titulo-19-1-1.png","type":"image\/png"}],"twitter_card":"summary_large_image","twitter_misc":{"Pris":"45,00&nbsp;&euro;","Tilg\u00e6ngelighed":"P\u00e5 lager"},"schema":{"@context":"https:\/\/schema.org","@graph":[{"@type":"WebPage","@id":"https:\/\/fliparas.com\/activity\/bottomless-lunch-in-ibiza\/","url":"https:\/\/fliparas.com\/activity\/bottomless-lunch-in-ibiza\/","name":"Bundl\u00f8s frokost p\u00e5 Ibiza \ud83e\udd42\ud83e\udd50","isPartOf":{"@id":"https:\/\/fliparas.com\/#website"},"primaryImageOfPage":{"@id":"https:\/\/fliparas.com\/activity\/bottomless-lunch-in-ibiza\/#primaryimage"},"image":{"@id":"https:\/\/fliparas.com\/activity\/bottomless-lunch-in-ibiza\/#primaryimage"},"thumbnailUrl":"https:\/\/fliparas.com\/wp-content\/uploads\/2024\/03\/Diseno-sin-titulo-19-1-1.png","datePublished":"2024-03-26T16:01:22+00:00","dateModified":"2025-01-31T10:26:02+00:00","description":"BottomLess frokost p\u00e5 Ibiza. Her f\u00e5r du alle de bedste muligheder for mad og drikke, og alt dette sammen med dine s\u00e6rlige venner og den naturlige luft p\u00e5 Ibiza! \ud83e\udd50","breadcrumb":{"@id":"https:\/\/fliparas.com\/activity\/bottomless-lunch-in-ibiza\/#breadcrumb"},"inLanguage":"da-DK","potentialAction":[{"@type":"ReadAction","target":["https:\/\/fliparas.com\/activity\/bottomless-lunch-in-ibiza\/"]}]},{"@type":"ImageObject","inLanguage":"da-DK","@id":"https:\/\/fliparas.com\/activity\/bottomless-lunch-in-ibiza\/#primaryimage","url":"https:\/\/fliparas.com\/wp-content\/uploads\/2024\/03\/Diseno-sin-titulo-19-1-1.png","contentUrl":"https:\/\/fliparas.com\/wp-content\/uploads\/2024\/03\/Diseno-sin-titulo-19-1-1.png","width":875,"height":522,"caption":"BottomLess Lunch In Ibiza image"},{"@type":"BreadcrumbList","@id":"https:\/\/fliparas.com\/activity\/bottomless-lunch-in-ibiza\/#breadcrumb","itemListElement":[{"@type":"ListItem","position":1,"name":"Home","item":"https:\/\/fliparas.com\/"},{"@type":"ListItem","position":2,"name":"Shop","item":"https:\/\/fliparas.com\/shop\/"},{"@type":"ListItem","position":3,"name":"BottomLess Lunch In Ibiza"}]},{"@type":"WebSite","@id":"https:\/\/fliparas.com\/#website","url":"https:\/\/fliparas.com\/","name":"Agentur specialiseret i polterabend og h\u00f8nefest","description":"Stol p\u00e5 det bedst bed\u00f8mte bureau til at arrangere en uforglemmelig polterabend i Europa","publisher":{"@id":"https:\/\/fliparas.com\/#organization"},"alternateName":"Fliparas Agency Specialised in Stag and Hen Parties","potentialAction":[{"@type":"SearchAction","target":{"@type":"EntryPoint","urlTemplate":"https:\/\/fliparas.com\/?s={search_term_string}"},"query-input":{"@type":"PropertyValueSpecification","valueRequired":true,"valueName":"search_term_string"}}],"inLanguage":"da-DK"},{"@type":"Organization","@id":"https:\/\/fliparas.com\/#organization","name":"Fliparas","alternateName":"Agency Specialised in Stag and Hen Parties","url":"https:\/\/fliparas.com\/","logo":{"@type":"ImageObject","inLanguage":"da-DK","@id":"https:\/\/fliparas.com\/#\/schema\/logo\/image\/","url":"https:\/\/fliparas.com\/wp-content\/uploads\/2024\/03\/Logo-Fliparas.png","contentUrl":"https:\/\/fliparas.com\/wp-content\/uploads\/2024\/03\/Logo-Fliparas.png","width":1024,"height":1024,"caption":"Fliparas"},"image":{"@id":"https:\/\/fliparas.com\/#\/schema\/logo\/image\/"}}]},"product_price_amount":"45.00","product_price_currency":"EUR","og_availability":"instock","product_availability":"instock","product_condition":"new"},"_links":{"self":[{"href":"https:\/\/fliparas.com\/da\/wp-json\/wp\/v2\/product\/1461","targetHints":{"allow":["GET"]}}],"collection":[{"href":"https:\/\/fliparas.com\/da\/wp-json\/wp\/v2\/product"}],"about":[{"href":"https:\/\/fliparas.com\/da\/wp-json\/wp\/v2\/types\/product"}],"wp:featuredmedia":[{"embeddable":true,"href":"https:\/\/fliparas.com\/da\/wp-json\/wp\/v2\/media\/1462"}],"wp:attachment":[{"href":"https:\/\/fliparas.com\/da\/wp-json\/wp\/v2\/media?parent=1461"}],"wp:term":[{"taxonomy":"product_brand","embeddable":true,"href":"https:\/\/fliparas.com\/da\/wp-json\/wp\/v2\/product_brand?post=1461"},{"taxonomy":"product_cat","embeddable":true,"href":"https:\/\/fliparas.com\/da\/wp-json\/wp\/v2\/product_cat?post=1461"},{"taxonomy":"product_tag","embeddable":true,"href":"https:\/\/fliparas.com\/da\/wp-json\/wp\/v2\/product_tag?post=1461"}],"curies":[{"name":"wp","href":"https:\/\/api.w.org\/{rel}","templated":true}]}}