{"id":1550,"date":"2024-03-27T14:40:10","date_gmt":"2024-03-27T14:40:10","guid":{"rendered":"https:\/\/fliparas.com\/?post_type=product&#038;p=1550"},"modified":"2025-01-31T11:26:02","modified_gmt":"2025-01-31T10:26:02","slug":"cocktailkursus-i-valencia","status":"publish","type":"product","link":"https:\/\/fliparas.com\/da\/aktivitet\/cocktailkursus-i-valencia\/","title":{"rendered":"Cocktailkursus i Valencia"},"content":{"rendered":"<p>Cocktailkursus i Valencia. Bliv en ekspert. Tilbered dine egne cocktails med udsigt over Middelhavet, og drik dem!<\/p>\n<p>De bedste polterabender med <a href=\"https:\/\/fliparas.com\/da\/polterabend-2\/\">Polterabend<\/a>! <a href=\"https:\/\/fliparas.com\/da\/polterabend\/\">Polterabend<\/a>!<\/p>\n<h2 style=\"text-align: center;\">Cocktailkursus i Valencia \ud83c\udf79<\/h2>\n<h5>Cocktail-workshop i Valencia: Skab og nyd dine egne delikatesser p\u00e5 en terrasse med udsigt over Middelhavet!<\/h5>\n<p>\ud83c\udf05 Tag p\u00e5 en smagsrejse til Valencia med vores cocktailworkshop. Tilbered tre l\u00e6kre drinks under vejledning af vores mestermixolog.<\/p>\n<p>\ud83c\udf78 P\u00e5 en spektakul\u00e6r terrasse med udsigt over Middelhavet kan du opdage mixologiens kunst i fortryllende omgivelser.<\/p>\n<p>\ud83c\udf79 Mingle med uds\u00f8gte aromaer og l\u00e6r teknikker til at lave cocktails, fra tidl\u00f8se klassikere til moderne kreationer.<\/p>\n<p>\ud83c\udf34 Lad dig inspirere af \u00f8ens atmosf\u00e6re, n\u00e5r du tilbereder dine egne flydende mesterv\u00e6rker. Gl\u00e6d dine smagsl\u00f8g med en betagende panoramaudsigt.<\/p>\n<p>\ud83c\udf78 N\u00e5r cocktailsene er tilberedt, kan du l\u00e6ne dig tilbage og nyde dine kreationer. F\u00f8l tilfredsstillelsen ved at nyde en perfekt orkestreret cocktail, lavet med dine egne h\u00e6nder.<\/p>\n<p>\ud83c\udf0a Oplevelsen i Valencia er unik.<\/p>\n<p>\ud83e\udd42 Reserver din plads til en uforglemmelig aften, der kombinerer kunst, udsigt og gl\u00e6den ved at kreere cocktails i Valencia. Skab l\u00e6kre minder i disse enest\u00e5ende omgivelser. \ud83c\udf05\ud83c\udf79<\/p>\n<ul>\n<li>Tid: 2 timer.<\/li>\n<\/ul>\n<p class=\"p1\" style=\"text-align: center;\"><strong>MINIMUMSSALG: 10 PERSONER.<\/strong><\/p>","protected":false},"excerpt":{"rendered":"<p>Cocktailkursus i Valencia. Bliv en ekspert. Tilbered dine egne cocktails med udsigt over Middelhavet, og drik dem!<br \/>\n<strong>MINIMUMSSALG: 10 PERSONER.<\/strong><\/p>","protected":false},"featured_media":1551,"template":"","meta":[],"product_brand":[425],"product_cat":[370,371,369],"product_tag":[251,384],"class_list":{"0":"post-1550","1":"product","2":"type-product","3":"status-publish","4":"has-post-thumbnail","6":"product_brand-fliparas-inc","7":"product_cat-hen-party-valencia-activities","8":"product_cat-stag-party-valencia-activities","9":"product_cat-valencia","10":"product_tag-cocktail-class","11":"product_tag-valencia-cocktail-class","13":"first","14":"instock","15":"virtual","16":"sold-individually","17":"purchasable","18":"product-type-booking"},"yoast_head":"<!-- This site is optimized with the Yoast SEO plugin v26.9 - https:\/\/yoast.com\/product\/yoast-seo-wordpress\/ -->\n<title>Valencia Cocktail Class<\/title>\n<meta name=\"description\" content=\"Valencia Cocktail Class. Become an expert. Prepare your own cocktails with a view of the Mediterranean and drink them! \ud83c\udf34\u200b\ud83c\udf79\u200b\" \/>\n<meta name=\"robots\" content=\"index, follow, max-snippet:-1, max-image-preview:large, max-video-preview:-1\" \/>\n<link rel=\"canonical\" href=\"https:\/\/fliparas.com\/da\/aktivitet\/cocktailkursus-i-valencia\/\" \/>\n<meta property=\"og:locale\" content=\"da_DK\" \/>\n<meta property=\"og:type\" content=\"article\" \/>\n<meta property=\"og:title\" content=\"Valencia Cocktail Class\" \/>\n<meta property=\"og:description\" content=\"Valencia Cocktail Class. Become an expert. Prepare your own cocktails with a view of the Mediterranean and drink them! \ud83c\udf34\u200b\ud83c\udf79\u200b\" \/>\n<meta property=\"og:url\" content=\"https:\/\/fliparas.com\/da\/aktivitet\/cocktailkursus-i-valencia\/\" \/>\n<meta property=\"og:site_name\" content=\"Agency Specialised in Stag and Hen Parties\" \/>\n<meta property=\"article:modified_time\" content=\"2025-01-31T10:26:02+00:00\" \/>\n<meta property=\"og:image\" content=\"https:\/\/fliparas.com\/wp-content\/uploads\/2024\/03\/Diseno-sin-titulo-30.jpg\" \/>\n\t<meta property=\"og:image:width\" content=\"1000\" \/>\n\t<meta property=\"og:image:height\" content=\"1000\" \/>\n\t<meta property=\"og:image:type\" content=\"image\/jpeg\" \/>\n<meta name=\"twitter:card\" content=\"summary_large_image\" \/>\n<meta name=\"twitter:label1\" content=\"Pris\" \/>\n\t<meta name=\"twitter:data1\" content=\"50,00&nbsp;&euro;\" \/>\n\t<meta name=\"twitter:label2\" content=\"Tilg\u00e6ngelighed\" \/>\n\t<meta name=\"twitter:data2\" content=\"P\u00e5 lager\" \/>\n<script type=\"application\/ld+json\" class=\"yoast-schema-graph\">{\"@context\":\"https:\/\/schema.org\",\"@graph\":[{\"@type\":\"WebPage\",\"@id\":\"https:\/\/fliparas.com\/activity\/valencia-cocktail-class\/\",\"url\":\"https:\/\/fliparas.com\/activity\/valencia-cocktail-class\/\",\"name\":\"Valencia Cocktail Class\",\"isPartOf\":{\"@id\":\"https:\/\/fliparas.com\/#website\"},\"primaryImageOfPage\":{\"@id\":\"https:\/\/fliparas.com\/activity\/valencia-cocktail-class\/#primaryimage\"},\"image\":{\"@id\":\"https:\/\/fliparas.com\/activity\/valencia-cocktail-class\/#primaryimage\"},\"thumbnailUrl\":\"https:\/\/fliparas.com\/wp-content\/uploads\/2024\/03\/Diseno-sin-titulo-30.jpg\",\"datePublished\":\"2024-03-27T14:40:10+00:00\",\"dateModified\":\"2025-01-31T10:26:02+00:00\",\"description\":\"Valencia Cocktail Class. Become an expert. Prepare your own cocktails with a view of the Mediterranean and drink them! \ud83c\udf34\u200b\ud83c\udf79\u200b\",\"breadcrumb\":{\"@id\":\"https:\/\/fliparas.com\/activity\/valencia-cocktail-class\/#breadcrumb\"},\"inLanguage\":\"da-DK\",\"potentialAction\":[{\"@type\":\"ReadAction\",\"target\":[\"https:\/\/fliparas.com\/activity\/valencia-cocktail-class\/\"]}]},{\"@type\":\"ImageObject\",\"inLanguage\":\"da-DK\",\"@id\":\"https:\/\/fliparas.com\/activity\/valencia-cocktail-class\/#primaryimage\",\"url\":\"https:\/\/fliparas.com\/wp-content\/uploads\/2024\/03\/Diseno-sin-titulo-30.jpg\",\"contentUrl\":\"https:\/\/fliparas.com\/wp-content\/uploads\/2024\/03\/Diseno-sin-titulo-30.jpg\",\"width\":1000,\"height\":1000,\"caption\":\"Valencia Cocktail Class Image 1\"},{\"@type\":\"BreadcrumbList\",\"@id\":\"https:\/\/fliparas.com\/activity\/valencia-cocktail-class\/#breadcrumb\",\"itemListElement\":[{\"@type\":\"ListItem\",\"position\":1,\"name\":\"Home\",\"item\":\"https:\/\/fliparas.com\/\"},{\"@type\":\"ListItem\",\"position\":2,\"name\":\"Shop\",\"item\":\"https:\/\/fliparas.com\/shop\/\"},{\"@type\":\"ListItem\",\"position\":3,\"name\":\"Valencia Cocktail Class\"}]},{\"@type\":\"WebSite\",\"@id\":\"https:\/\/fliparas.com\/#website\",\"url\":\"https:\/\/fliparas.com\/\",\"name\":\"Agency Specialised in Stag and Hen Parties\",\"description\":\"Trust the highest rated agency to organize an unforgettable stag and hen parties in Europe\",\"publisher\":{\"@id\":\"https:\/\/fliparas.com\/#organization\"},\"alternateName\":\"Fliparas Agency Specialised in Stag and Hen Parties\",\"potentialAction\":[{\"@type\":\"SearchAction\",\"target\":{\"@type\":\"EntryPoint\",\"urlTemplate\":\"https:\/\/fliparas.com\/?s={search_term_string}\"},\"query-input\":{\"@type\":\"PropertyValueSpecification\",\"valueRequired\":true,\"valueName\":\"search_term_string\"}}],\"inLanguage\":\"da-DK\"},{\"@type\":\"Organization\",\"@id\":\"https:\/\/fliparas.com\/#organization\",\"name\":\"Fliparas\",\"alternateName\":\"Agency Specialised in Stag and Hen Parties\",\"url\":\"https:\/\/fliparas.com\/\",\"logo\":{\"@type\":\"ImageObject\",\"inLanguage\":\"da-DK\",\"@id\":\"https:\/\/fliparas.com\/#\/schema\/logo\/image\/\",\"url\":\"https:\/\/fliparas.com\/wp-content\/uploads\/2024\/03\/Logo-Fliparas.png\",\"contentUrl\":\"https:\/\/fliparas.com\/wp-content\/uploads\/2024\/03\/Logo-Fliparas.png\",\"width\":1024,\"height\":1024,\"caption\":\"Fliparas\"},\"image\":{\"@id\":\"https:\/\/fliparas.com\/#\/schema\/logo\/image\/\"}}]}<\/script>\n<meta property=\"product:price:amount\" content=\"50.00\" \/>\n<meta property=\"product:price:currency\" content=\"EUR\" \/>\n<meta property=\"og:availability\" content=\"instock\" \/>\n<meta property=\"product:availability\" content=\"instock\" \/>\n<meta property=\"product:condition\" content=\"new\" \/>\n<!-- \/ Yoast SEO plugin. -->","yoast_head_json":{"title":"Cocktailkursus i Valencia","description":"Cocktailkursus i Valencia. Bliv en ekspert. Tilbered dine egne cocktails med udsigt over Middelhavet, og drik dem! \ud83c\udf34\ud83c\udf79","robots":{"index":"index","follow":"follow","max-snippet":"max-snippet:-1","max-image-preview":"max-image-preview:large","max-video-preview":"max-video-preview:-1"},"canonical":"https:\/\/fliparas.com\/da\/aktivitet\/cocktailkursus-i-valencia\/","og_locale":"da_DK","og_type":"article","og_title":"Valencia Cocktail Class","og_description":"Valencia Cocktail Class. Become an expert. Prepare your own cocktails with a view of the Mediterranean and drink them! \ud83c\udf34\u200b\ud83c\udf79\u200b","og_url":"https:\/\/fliparas.com\/da\/aktivitet\/cocktailkursus-i-valencia\/","og_site_name":"Agency Specialised in Stag and Hen Parties","article_modified_time":"2025-01-31T10:26:02+00:00","og_image":[{"width":1000,"height":1000,"url":"https:\/\/fliparas.com\/wp-content\/uploads\/2024\/03\/Diseno-sin-titulo-30.jpg","type":"image\/jpeg"}],"twitter_card":"summary_large_image","twitter_misc":{"Pris":"50,00&nbsp;&euro;","Tilg\u00e6ngelighed":"P\u00e5 lager"},"schema":{"@context":"https:\/\/schema.org","@graph":[{"@type":"WebPage","@id":"https:\/\/fliparas.com\/activity\/valencia-cocktail-class\/","url":"https:\/\/fliparas.com\/activity\/valencia-cocktail-class\/","name":"Cocktailkursus i Valencia","isPartOf":{"@id":"https:\/\/fliparas.com\/#website"},"primaryImageOfPage":{"@id":"https:\/\/fliparas.com\/activity\/valencia-cocktail-class\/#primaryimage"},"image":{"@id":"https:\/\/fliparas.com\/activity\/valencia-cocktail-class\/#primaryimage"},"thumbnailUrl":"https:\/\/fliparas.com\/wp-content\/uploads\/2024\/03\/Diseno-sin-titulo-30.jpg","datePublished":"2024-03-27T14:40:10+00:00","dateModified":"2025-01-31T10:26:02+00:00","description":"Cocktailkursus i Valencia. Bliv en ekspert. Tilbered dine egne cocktails med udsigt over Middelhavet, og drik dem! \ud83c\udf34\ud83c\udf79","breadcrumb":{"@id":"https:\/\/fliparas.com\/activity\/valencia-cocktail-class\/#breadcrumb"},"inLanguage":"da-DK","potentialAction":[{"@type":"ReadAction","target":["https:\/\/fliparas.com\/activity\/valencia-cocktail-class\/"]}]},{"@type":"ImageObject","inLanguage":"da-DK","@id":"https:\/\/fliparas.com\/activity\/valencia-cocktail-class\/#primaryimage","url":"https:\/\/fliparas.com\/wp-content\/uploads\/2024\/03\/Diseno-sin-titulo-30.jpg","contentUrl":"https:\/\/fliparas.com\/wp-content\/uploads\/2024\/03\/Diseno-sin-titulo-30.jpg","width":1000,"height":1000,"caption":"Valencia Cocktail Class Image 1"},{"@type":"BreadcrumbList","@id":"https:\/\/fliparas.com\/activity\/valencia-cocktail-class\/#breadcrumb","itemListElement":[{"@type":"ListItem","position":1,"name":"Home","item":"https:\/\/fliparas.com\/"},{"@type":"ListItem","position":2,"name":"Shop","item":"https:\/\/fliparas.com\/shop\/"},{"@type":"ListItem","position":3,"name":"Valencia Cocktail Class"}]},{"@type":"WebSite","@id":"https:\/\/fliparas.com\/#website","url":"https:\/\/fliparas.com\/","name":"Agentur specialiseret i polterabend og h\u00f8nefest","description":"Stol p\u00e5 det bedst bed\u00f8mte bureau til at arrangere en uforglemmelig polterabend i Europa","publisher":{"@id":"https:\/\/fliparas.com\/#organization"},"alternateName":"Fliparas Agency Specialised in Stag and Hen Parties","potentialAction":[{"@type":"SearchAction","target":{"@type":"EntryPoint","urlTemplate":"https:\/\/fliparas.com\/?s={search_term_string}"},"query-input":{"@type":"PropertyValueSpecification","valueRequired":true,"valueName":"search_term_string"}}],"inLanguage":"da-DK"},{"@type":"Organization","@id":"https:\/\/fliparas.com\/#organization","name":"Fliparas","alternateName":"Agency Specialised in Stag and Hen Parties","url":"https:\/\/fliparas.com\/","logo":{"@type":"ImageObject","inLanguage":"da-DK","@id":"https:\/\/fliparas.com\/#\/schema\/logo\/image\/","url":"https:\/\/fliparas.com\/wp-content\/uploads\/2024\/03\/Logo-Fliparas.png","contentUrl":"https:\/\/fliparas.com\/wp-content\/uploads\/2024\/03\/Logo-Fliparas.png","width":1024,"height":1024,"caption":"Fliparas"},"image":{"@id":"https:\/\/fliparas.com\/#\/schema\/logo\/image\/"}}]},"product_price_amount":"50.00","product_price_currency":"EUR","og_availability":"instock","product_availability":"instock","product_condition":"new"},"_links":{"self":[{"href":"https:\/\/fliparas.com\/da\/wp-json\/wp\/v2\/product\/1550","targetHints":{"allow":["GET"]}}],"collection":[{"href":"https:\/\/fliparas.com\/da\/wp-json\/wp\/v2\/product"}],"about":[{"href":"https:\/\/fliparas.com\/da\/wp-json\/wp\/v2\/types\/product"}],"wp:featuredmedia":[{"embeddable":true,"href":"https:\/\/fliparas.com\/da\/wp-json\/wp\/v2\/media\/1551"}],"wp:attachment":[{"href":"https:\/\/fliparas.com\/da\/wp-json\/wp\/v2\/media?parent=1550"}],"wp:term":[{"taxonomy":"product_brand","embeddable":true,"href":"https:\/\/fliparas.com\/da\/wp-json\/wp\/v2\/product_brand?post=1550"},{"taxonomy":"product_cat","embeddable":true,"href":"https:\/\/fliparas.com\/da\/wp-json\/wp\/v2\/product_cat?post=1550"},{"taxonomy":"product_tag","embeddable":true,"href":"https:\/\/fliparas.com\/da\/wp-json\/wp\/v2\/product_tag?post=1550"}],"curies":[{"name":"wp","href":"https:\/\/api.w.org\/{rel}","templated":true}]}}