{"id":1565,"date":"2024-03-27T16:11:52","date_gmt":"2024-03-27T16:11:52","guid":{"rendered":"https:\/\/fliparas.com\/?post_type=product&#038;p=1565"},"modified":"2025-01-31T11:26:13","modified_gmt":"2025-01-31T10:26:13","slug":"paella-kursus-i-valencia","status":"publish","type":"product","link":"https:\/\/fliparas.com\/da\/aktivitet\/paella-kursus-i-valencia\/","title":{"rendered":"Kursus i fremstilling af paella i Valencia"},"content":{"rendered":"<p>Kursus i at lave paella i Valencia.<\/p>\n<p>Vi er <a href=\"https:\/\/fliparas.com\/da\/polterabend-2\/\">Polterabend<\/a>! <a href=\"https:\/\/fliparas.com\/da\/polterabend\/\">Polterabend<\/a>! og vi arrangerer din polterabend<\/p>\n<p>Bliv professionel inden for paella i Valencia!<\/p>\n<ul>\n<li style=\"text-align: center;\">Frig\u00f8r kokken i dig, og opdag Spaniens mest elskede k\u00f8kken: paella!<br \/>\n<span style=\"font-size: 23.04px; text-align: center; color: #333333;\"><br \/>\nKursus i at lave paella i Valencia \ud83e\udd58<br \/>\n<\/span><\/li>\n<\/ul>\n<div>\n<h4 style=\"text-align: center;\">Gode grunde til at deltage i Paella Valencia:<\/h4>\n<div>\n<p>* <strong>K\u00f8kkenet som bindeled:<\/strong> Denne oplevelse g\u00e5r langt ud over bare at l\u00e6re en ret, det er en mulighed for at knytte b\u00e5nd med vores k\u00e6re, m\u00f8de nye mennesker og skabe forskellige minder. At lave mad, grine og dele.<\/p>\n<\/div>\n<div>\n<p>*<strong> For alle niveauer:<\/strong> Det er ligegyldigt, om du ikke ved, hvordan man koger ris, eller om du er den mest kendte kok i din by - den paella, vi underviser i, kan laves af alle!<\/p>\n<\/div>\n<div>\n<p>* <strong>Erfarne kokke:<\/strong> Kokkene er professionelle, som br\u00e6nder for paellak\u00f8kkenet, s\u00e5 du l\u00e6rer af de bedste. De vil fort\u00e6lle dig om deres viden og traditioner inden for paella. Din paella bliver autentisk!<\/p>\n<\/div>\n<div>* <strong>Fuldt ud interaktiv:<\/strong> Undervisningen er tilrettelagt p\u00e5 en s\u00e5dan m\u00e5de, at du er med fra begyndelsen og ikke har tid til at spekulere over, om du forst\u00e5r eller ikke forst\u00e5r et trin! Alle vil v\u00e6re involveret i hvert trin, indtil resultatet er opn\u00e5et! En fordybende oplevelse.<\/div>\n<\/div>\n<h3 style=\"text-align: center;\">\ud83c\udf89 Oplev Paella Making Class Valencia!<\/h3>\n<p style=\"text-align: center;\"><strong>MINIMUMSSALG: 6 PERSONER.<br \/>\n<\/strong><strong>TID: 4 TIMER.\u00a0<\/strong><\/p>","protected":false},"excerpt":{"rendered":"<p>Kursus i at lave paella i Valencia! Slip kokken i dig l\u00f8s, og opdag Spaniens mest elskede k\u00f8kken: paella! \ud83e\udd58 Kontakt os!<\/p>\n<p><strong>MINIMUMSSALG: 6 PERSONER.<br \/>\n<\/strong><strong>TID: 4 TIMER.\u00a0<\/strong><\/p>","protected":false},"featured_media":1566,"template":"","meta":[],"product_brand":[425],"product_cat":[370,371,369],"product_tag":[376,374,375],"class_list":{"0":"post-1565","1":"product","2":"type-product","3":"status-publish","4":"has-post-thumbnail","6":"product_brand-fliparas-inc","7":"product_cat-hen-party-valencia-activities","8":"product_cat-stag-party-valencia-activities","9":"product_cat-valencia","10":"product_tag-paella-class-valencia","11":"product_tag-paella-making-class-valencia","12":"product_tag-paella-valencia","14":"first","15":"instock","16":"virtual","17":"sold-individually","18":"purchasable","19":"product-type-booking"},"yoast_head":"<!-- This site is optimized with the Yoast SEO plugin v26.9 - https:\/\/yoast.com\/product\/yoast-seo-wordpress\/ -->\n<title>Paella Making Class Valencia \ud83e\udd58\u200b<\/title>\n<meta name=\"description\" content=\"Paella Making Class Valencia! Unlock the chef in you and discover Spain&#039;s most beloved cuisine: paella!\u00a0\ud83e\udd58\ud83e\udd58\u200b\ud83e\udd58\u200b Contact Us! \u200b\" \/>\n<meta name=\"robots\" content=\"index, follow, max-snippet:-1, max-image-preview:large, max-video-preview:-1\" \/>\n<link rel=\"canonical\" href=\"https:\/\/fliparas.com\/da\/aktivitet\/paella-kursus-i-valencia\/\" \/>\n<meta property=\"og:locale\" content=\"da_DK\" \/>\n<meta property=\"og:type\" content=\"article\" \/>\n<meta property=\"og:title\" content=\"Paella Making Class Valencia \ud83e\udd58\u200b\" \/>\n<meta property=\"og:description\" content=\"Paella Making Class Valencia! Unlock the chef in you and discover Spain&#039;s most beloved cuisine: paella!\u00a0\ud83e\udd58\ud83e\udd58\u200b\ud83e\udd58\u200b Contact Us! \u200b\" \/>\n<meta property=\"og:url\" content=\"https:\/\/fliparas.com\/da\/aktivitet\/paella-kursus-i-valencia\/\" \/>\n<meta property=\"og:site_name\" content=\"Agency Specialised in Stag and Hen Parties\" \/>\n<meta property=\"article:modified_time\" content=\"2025-01-31T10:26:13+00:00\" \/>\n<meta property=\"og:image\" content=\"https:\/\/fliparas.com\/wp-content\/uploads\/2024\/03\/Diseno-sin-titulo-36-1.jpg\" \/>\n\t<meta property=\"og:image:width\" content=\"1188\" \/>\n\t<meta property=\"og:image:height\" content=\"785\" \/>\n\t<meta property=\"og:image:type\" content=\"image\/jpeg\" \/>\n<meta name=\"twitter:card\" content=\"summary_large_image\" \/>\n<meta name=\"twitter:label1\" content=\"Pris\" \/>\n\t<meta name=\"twitter:data1\" content=\"80,00&nbsp;&euro;\" \/>\n\t<meta name=\"twitter:label2\" content=\"Tilg\u00e6ngelighed\" \/>\n\t<meta name=\"twitter:data2\" content=\"P\u00e5 lager\" \/>\n<script type=\"application\/ld+json\" class=\"yoast-schema-graph\">{\"@context\":\"https:\/\/schema.org\",\"@graph\":[{\"@type\":\"WebPage\",\"@id\":\"https:\/\/fliparas.com\/activity\/paella-making-class-valencia\/\",\"url\":\"https:\/\/fliparas.com\/activity\/paella-making-class-valencia\/\",\"name\":\"Paella Making Class Valencia \ud83e\udd58\u200b\",\"isPartOf\":{\"@id\":\"https:\/\/fliparas.com\/#website\"},\"primaryImageOfPage\":{\"@id\":\"https:\/\/fliparas.com\/activity\/paella-making-class-valencia\/#primaryimage\"},\"image\":{\"@id\":\"https:\/\/fliparas.com\/activity\/paella-making-class-valencia\/#primaryimage\"},\"thumbnailUrl\":\"https:\/\/fliparas.com\/wp-content\/uploads\/2024\/03\/Diseno-sin-titulo-36-1.jpg\",\"datePublished\":\"2024-03-27T16:11:52+00:00\",\"dateModified\":\"2025-01-31T10:26:13+00:00\",\"description\":\"Paella Making Class Valencia! Unlock the chef in you and discover Spain's most beloved cuisine: paella!\u00a0\ud83e\udd58\ud83e\udd58\u200b\ud83e\udd58\u200b Contact Us! \u200b\",\"breadcrumb\":{\"@id\":\"https:\/\/fliparas.com\/activity\/paella-making-class-valencia\/#breadcrumb\"},\"inLanguage\":\"da-DK\",\"potentialAction\":[{\"@type\":\"ReadAction\",\"target\":[\"https:\/\/fliparas.com\/activity\/paella-making-class-valencia\/\"]}]},{\"@type\":\"ImageObject\",\"inLanguage\":\"da-DK\",\"@id\":\"https:\/\/fliparas.com\/activity\/paella-making-class-valencia\/#primaryimage\",\"url\":\"https:\/\/fliparas.com\/wp-content\/uploads\/2024\/03\/Diseno-sin-titulo-36-1.jpg\",\"contentUrl\":\"https:\/\/fliparas.com\/wp-content\/uploads\/2024\/03\/Diseno-sin-titulo-36-1.jpg\",\"width\":1188,\"height\":785,\"caption\":\"Paella Making Class Valencia Image Product\"},{\"@type\":\"BreadcrumbList\",\"@id\":\"https:\/\/fliparas.com\/activity\/paella-making-class-valencia\/#breadcrumb\",\"itemListElement\":[{\"@type\":\"ListItem\",\"position\":1,\"name\":\"Home\",\"item\":\"https:\/\/fliparas.com\/\"},{\"@type\":\"ListItem\",\"position\":2,\"name\":\"Shop\",\"item\":\"https:\/\/fliparas.com\/shop\/\"},{\"@type\":\"ListItem\",\"position\":3,\"name\":\"Paella Making Class Valencia\"}]},{\"@type\":\"WebSite\",\"@id\":\"https:\/\/fliparas.com\/#website\",\"url\":\"https:\/\/fliparas.com\/\",\"name\":\"Agency Specialised in Stag and Hen Parties\",\"description\":\"Trust the highest rated agency to organize an unforgettable stag and hen parties in Europe\",\"publisher\":{\"@id\":\"https:\/\/fliparas.com\/#organization\"},\"alternateName\":\"Fliparas Agency Specialised in Stag and Hen Parties\",\"potentialAction\":[{\"@type\":\"SearchAction\",\"target\":{\"@type\":\"EntryPoint\",\"urlTemplate\":\"https:\/\/fliparas.com\/?s={search_term_string}\"},\"query-input\":{\"@type\":\"PropertyValueSpecification\",\"valueRequired\":true,\"valueName\":\"search_term_string\"}}],\"inLanguage\":\"da-DK\"},{\"@type\":\"Organization\",\"@id\":\"https:\/\/fliparas.com\/#organization\",\"name\":\"Fliparas\",\"alternateName\":\"Agency Specialised in Stag and Hen Parties\",\"url\":\"https:\/\/fliparas.com\/\",\"logo\":{\"@type\":\"ImageObject\",\"inLanguage\":\"da-DK\",\"@id\":\"https:\/\/fliparas.com\/#\/schema\/logo\/image\/\",\"url\":\"https:\/\/fliparas.com\/wp-content\/uploads\/2024\/03\/Logo-Fliparas.png\",\"contentUrl\":\"https:\/\/fliparas.com\/wp-content\/uploads\/2024\/03\/Logo-Fliparas.png\",\"width\":1024,\"height\":1024,\"caption\":\"Fliparas\"},\"image\":{\"@id\":\"https:\/\/fliparas.com\/#\/schema\/logo\/image\/\"}}]}<\/script>\n<meta property=\"product:price:amount\" content=\"80.00\" \/>\n<meta property=\"product:price:currency\" content=\"EUR\" \/>\n<meta property=\"og:availability\" content=\"instock\" \/>\n<meta property=\"product:availability\" content=\"instock\" \/>\n<meta property=\"product:condition\" content=\"new\" \/>\n<!-- \/ Yoast SEO plugin. -->","yoast_head_json":{"title":"Kursus i at lave paella i Valencia \ud83e\udd58","description":"Kursus i at lave paella i Valencia! Frig\u00f8r kokken i dig og opdag Spaniens mest elskede k\u00f8kken: paella! \ud83e\udd58\ud83e\udd58\ud83e\udd58 Kontakt os!","robots":{"index":"index","follow":"follow","max-snippet":"max-snippet:-1","max-image-preview":"max-image-preview:large","max-video-preview":"max-video-preview:-1"},"canonical":"https:\/\/fliparas.com\/da\/aktivitet\/paella-kursus-i-valencia\/","og_locale":"da_DK","og_type":"article","og_title":"Paella Making Class Valencia \ud83e\udd58\u200b","og_description":"Paella Making Class Valencia! Unlock the chef in you and discover Spain's most beloved cuisine: paella!\u00a0\ud83e\udd58\ud83e\udd58\u200b\ud83e\udd58\u200b Contact Us! \u200b","og_url":"https:\/\/fliparas.com\/da\/aktivitet\/paella-kursus-i-valencia\/","og_site_name":"Agency Specialised in Stag and Hen Parties","article_modified_time":"2025-01-31T10:26:13+00:00","og_image":[{"width":1188,"height":785,"url":"https:\/\/fliparas.com\/wp-content\/uploads\/2024\/03\/Diseno-sin-titulo-36-1.jpg","type":"image\/jpeg"}],"twitter_card":"summary_large_image","twitter_misc":{"Pris":"80,00&nbsp;&euro;","Tilg\u00e6ngelighed":"P\u00e5 lager"},"schema":{"@context":"https:\/\/schema.org","@graph":[{"@type":"WebPage","@id":"https:\/\/fliparas.com\/activity\/paella-making-class-valencia\/","url":"https:\/\/fliparas.com\/activity\/paella-making-class-valencia\/","name":"Kursus i at lave paella i Valencia \ud83e\udd58","isPartOf":{"@id":"https:\/\/fliparas.com\/#website"},"primaryImageOfPage":{"@id":"https:\/\/fliparas.com\/activity\/paella-making-class-valencia\/#primaryimage"},"image":{"@id":"https:\/\/fliparas.com\/activity\/paella-making-class-valencia\/#primaryimage"},"thumbnailUrl":"https:\/\/fliparas.com\/wp-content\/uploads\/2024\/03\/Diseno-sin-titulo-36-1.jpg","datePublished":"2024-03-27T16:11:52+00:00","dateModified":"2025-01-31T10:26:13+00:00","description":"Kursus i at lave paella i Valencia! Frig\u00f8r kokken i dig og opdag Spaniens mest elskede k\u00f8kken: paella! \ud83e\udd58\ud83e\udd58\ud83e\udd58 Kontakt os!","breadcrumb":{"@id":"https:\/\/fliparas.com\/activity\/paella-making-class-valencia\/#breadcrumb"},"inLanguage":"da-DK","potentialAction":[{"@type":"ReadAction","target":["https:\/\/fliparas.com\/activity\/paella-making-class-valencia\/"]}]},{"@type":"ImageObject","inLanguage":"da-DK","@id":"https:\/\/fliparas.com\/activity\/paella-making-class-valencia\/#primaryimage","url":"https:\/\/fliparas.com\/wp-content\/uploads\/2024\/03\/Diseno-sin-titulo-36-1.jpg","contentUrl":"https:\/\/fliparas.com\/wp-content\/uploads\/2024\/03\/Diseno-sin-titulo-36-1.jpg","width":1188,"height":785,"caption":"Paella Making Class Valencia Image Product"},{"@type":"BreadcrumbList","@id":"https:\/\/fliparas.com\/activity\/paella-making-class-valencia\/#breadcrumb","itemListElement":[{"@type":"ListItem","position":1,"name":"Home","item":"https:\/\/fliparas.com\/"},{"@type":"ListItem","position":2,"name":"Shop","item":"https:\/\/fliparas.com\/shop\/"},{"@type":"ListItem","position":3,"name":"Paella Making Class Valencia"}]},{"@type":"WebSite","@id":"https:\/\/fliparas.com\/#website","url":"https:\/\/fliparas.com\/","name":"Agentur specialiseret i polterabend og h\u00f8nefest","description":"Stol p\u00e5 det bedst bed\u00f8mte bureau til at arrangere en uforglemmelig polterabend i Europa","publisher":{"@id":"https:\/\/fliparas.com\/#organization"},"alternateName":"Fliparas Agency Specialised in Stag and Hen Parties","potentialAction":[{"@type":"SearchAction","target":{"@type":"EntryPoint","urlTemplate":"https:\/\/fliparas.com\/?s={search_term_string}"},"query-input":{"@type":"PropertyValueSpecification","valueRequired":true,"valueName":"search_term_string"}}],"inLanguage":"da-DK"},{"@type":"Organization","@id":"https:\/\/fliparas.com\/#organization","name":"Fliparas","alternateName":"Agency Specialised in Stag and Hen Parties","url":"https:\/\/fliparas.com\/","logo":{"@type":"ImageObject","inLanguage":"da-DK","@id":"https:\/\/fliparas.com\/#\/schema\/logo\/image\/","url":"https:\/\/fliparas.com\/wp-content\/uploads\/2024\/03\/Logo-Fliparas.png","contentUrl":"https:\/\/fliparas.com\/wp-content\/uploads\/2024\/03\/Logo-Fliparas.png","width":1024,"height":1024,"caption":"Fliparas"},"image":{"@id":"https:\/\/fliparas.com\/#\/schema\/logo\/image\/"}}]},"product_price_amount":"80.00","product_price_currency":"EUR","og_availability":"instock","product_availability":"instock","product_condition":"new"},"_links":{"self":[{"href":"https:\/\/fliparas.com\/da\/wp-json\/wp\/v2\/product\/1565","targetHints":{"allow":["GET"]}}],"collection":[{"href":"https:\/\/fliparas.com\/da\/wp-json\/wp\/v2\/product"}],"about":[{"href":"https:\/\/fliparas.com\/da\/wp-json\/wp\/v2\/types\/product"}],"wp:featuredmedia":[{"embeddable":true,"href":"https:\/\/fliparas.com\/da\/wp-json\/wp\/v2\/media\/1566"}],"wp:attachment":[{"href":"https:\/\/fliparas.com\/da\/wp-json\/wp\/v2\/media?parent=1565"}],"wp:term":[{"taxonomy":"product_brand","embeddable":true,"href":"https:\/\/fliparas.com\/da\/wp-json\/wp\/v2\/product_brand?post=1565"},{"taxonomy":"product_cat","embeddable":true,"href":"https:\/\/fliparas.com\/da\/wp-json\/wp\/v2\/product_cat?post=1565"},{"taxonomy":"product_tag","embeddable":true,"href":"https:\/\/fliparas.com\/da\/wp-json\/wp\/v2\/product_tag?post=1565"}],"curies":[{"name":"wp","href":"https:\/\/api.w.org\/{rel}","templated":true}]}}