{"id":1587,"date":"2024-03-28T11:09:53","date_gmt":"2024-03-28T11:09:53","guid":{"rendered":"https:\/\/fliparas.com\/?post_type=product&#038;p=1587"},"modified":"2025-01-31T11:26:13","modified_gmt":"2025-01-31T10:26:13","slug":"oksekast-valencia","status":"publish","type":"product","link":"https:\/\/fliparas.com\/da\/aktivitet\/oksekast-valencia\/","title":{"rendered":"\u00d8ksekast Valencia"},"content":{"rendered":"<p style=\"text-align: center;\">\u00d8ksekast Valencia<\/p>\n<p style=\"text-align: center;\">Vi er <a href=\"https:\/\/fliparas.com\/da\/polterabend-2\/\">Polterabend<\/a>! <a href=\"https:\/\/fliparas.com\/da\/polterabend\/\">Polterabend<\/a>! og vi arrangerer din polterabend.<\/p>\n<p style=\"text-align: center;\"><span style=\"font-size: 23.04px; text-align: center; color: #333333;\">\u00d8ksekast Valencia \u26a1\ud83e\ude93<\/span><span style=\"font-size: 23.04px; text-align: center; color: #333333;\">\u200b<\/span><\/p>\n<div>\n<div>\n<div style=\"text-align: center;\">\n<div>Oplev dette uforglemmelige eventyr i Valencia! Kombiner pr\u00e6cision med masser af sjov!<br \/>\n<em><strong>Her kan du skyde hachas i et sikkert milj\u00f8, der er designet til at give dig den bedste underholdning!<\/strong><\/em><\/div>\n<\/div>\n<div><\/div>\n<div style=\"text-align: center;\">\n<ul>\n<li style=\"text-align: left;\"><strong>Sikkert milj\u00f8:<\/strong> Vi f\u00f8lger alle protokoller og prioriterer altid din sikkerhed! <strong>Sjov i et kontrolleret milj\u00f8! \u2600\ufe0f<\/strong><\/li>\n<\/ul>\n<\/div>\n<\/div>\n<p>&nbsp;<\/p>\n<div>\n<ul>\n<li><strong>Uforglemmelige minder:<\/strong> En anderledes aktivitet, som du vil huske for evigt, og det vil v\u00e6re fantastisk at v\u00e6re sammen med dine venner og opleve denne sp\u00e6nding! \ud83d\uddbc\ufe0f<\/li>\n<\/ul>\n<p>&nbsp;<\/p>\n<ul>\n<li>Lanza de Hachas er en moderne og sp\u00e6ndende oplevelse med <strong>forf\u00e6dres r\u00f8dder<\/strong>s\u00e5 oplev denne kunst! <span style=\"font-size: 23.04px; text-align: center; color: #333333;\">\ud83e\ude93<\/span><\/li>\n<\/ul>\n<p>&nbsp;<\/p>\n<ul>\n<li><strong>Venskabelig konkurrence:<\/strong> Et udvalg af spil og konkurrencer, der vil begejstre alle og g\u00f8re det hele mere sp\u00e6ndende! \ud83d\udcab<\/li>\n<\/ul>\n<p>&nbsp;<\/p>\n<ul>\n<li><strong>For alle!<\/strong> Uanset om du har pr\u00f8vet det f\u00f8r, eller det er f\u00f8rste gang, har vi skr\u00e6ddersyede aktiviteter til alle! Vores m\u00e5l er, at alle skal udfordre sig selv og nyde det! \ud83d\udca1<\/li>\n<\/ul>\n<p>&nbsp;<\/p>\n<div style=\"text-align: center;\">\n<div>\u2800\u2800\u2800\u2800\u2800<\/div>\n<\/div>\n<div style=\"text-align: center;\">\u2800\u2800\u2800\u2800\u2800\u2800\u2800\u2800 Lad ikke denne mulighed g\u00e5 dig forbi! Book din <strong>\u00d8ksekast <\/strong>eventyr og g\u00f8r dig klar til at grine meget!<\/div>\n<div style=\"text-align: center;\">Er du klar til udfordringen?<br \/>\n\u2800\u2800\u2800\u2800\u2800\u2800\u2800\u2800<\/div>\n<\/div>\n<\/div>\n<h3 style=\"text-align: center;\">\ud83c\udf89 <span style=\"font-size: 23.04px; text-align: center; color: #333333;\">\u00d8ksekast<\/span>!<\/h3>\n<p class=\"p1\" style=\"text-align: center;\"><b>RESERVERING MULIG FOR GRUPPER P\u00c5: 8 til 12 PERSONER.<\/b><\/p>","protected":false},"excerpt":{"rendered":"<p style=\"text-align: center;\">\u00d8ksekast Valencia - Oplev dette uforglemmelige eventyr i Valencia!<br \/>\nKombin\u00e9r pr\u00e6cision med masser af sjov! \u26a1 Kontakt os!<\/p>\n<p class=\"p1\" style=\"text-align: center;\"><b>RESERVERING MULIG FOR GRUPPER P\u00c5: 8 til 12 PERSONER.<\/b><\/p>","protected":false},"featured_media":1589,"template":"","meta":[],"product_brand":[425],"product_cat":[370,371,369],"product_tag":[378],"class_list":{"0":"post-1587","1":"product","2":"type-product","3":"status-publish","4":"has-post-thumbnail","6":"product_brand-fliparas-inc","7":"product_cat-hen-party-valencia-activities","8":"product_cat-stag-party-valencia-activities","9":"product_cat-valencia","10":"product_tag-axe-throwing-valencia","12":"first","13":"instock","14":"virtual","15":"sold-individually","16":"purchasable","17":"product-type-booking"},"yoast_head":"<!-- This site is optimized with the Yoast SEO plugin v26.9 - https:\/\/yoast.com\/product\/yoast-seo-wordpress\/ -->\n<title>Axe Throwing Valencia \u26a1\u200b<\/title>\n<meta name=\"description\" content=\"Axe Throwing Valencia - \u200bExperience this unforgettable adventure in Valencia! Combine precision with lots of fun! \u26a1 Contact us!\" \/>\n<meta name=\"robots\" content=\"index, follow, max-snippet:-1, max-image-preview:large, max-video-preview:-1\" \/>\n<link rel=\"canonical\" href=\"https:\/\/fliparas.com\/da\/aktivitet\/oksekast-valencia\/\" \/>\n<meta property=\"og:locale\" content=\"da_DK\" \/>\n<meta property=\"og:type\" content=\"article\" \/>\n<meta property=\"og:title\" content=\"Axe Throwing Valencia \u26a1\u200b\" \/>\n<meta property=\"og:description\" content=\"Axe Throwing Valencia - \u200bExperience this unforgettable adventure in Valencia! Combine precision with lots of fun! \u26a1 Contact us!\" \/>\n<meta property=\"og:url\" content=\"https:\/\/fliparas.com\/da\/aktivitet\/oksekast-valencia\/\" \/>\n<meta property=\"og:site_name\" content=\"Agency Specialised in Stag and Hen Parties\" \/>\n<meta property=\"article:modified_time\" content=\"2025-01-31T10:26:13+00:00\" \/>\n<meta property=\"og:image\" content=\"https:\/\/fliparas.com\/wp-content\/uploads\/2024\/03\/1.3-Optimizacion-Web-Cusco-Creativos-1-1.jpg\" \/>\n\t<meta property=\"og:image:width\" content=\"1316\" \/>\n\t<meta property=\"og:image:height\" content=\"930\" \/>\n\t<meta property=\"og:image:type\" content=\"image\/jpeg\" \/>\n<meta name=\"twitter:card\" content=\"summary_large_image\" \/>\n<meta name=\"twitter:label1\" content=\"Pris\" \/>\n\t<meta name=\"twitter:data1\" content=\"45,00&nbsp;&euro;\" \/>\n\t<meta name=\"twitter:label2\" content=\"Tilg\u00e6ngelighed\" \/>\n\t<meta name=\"twitter:data2\" content=\"P\u00e5 lager\" \/>\n<script type=\"application\/ld+json\" class=\"yoast-schema-graph\">{\"@context\":\"https:\/\/schema.org\",\"@graph\":[{\"@type\":\"WebPage\",\"@id\":\"https:\/\/fliparas.com\/activity\/axe-throwing-valencia\/\",\"url\":\"https:\/\/fliparas.com\/activity\/axe-throwing-valencia\/\",\"name\":\"Axe Throwing Valencia \u26a1\u200b\",\"isPartOf\":{\"@id\":\"https:\/\/fliparas.com\/#website\"},\"primaryImageOfPage\":{\"@id\":\"https:\/\/fliparas.com\/activity\/axe-throwing-valencia\/#primaryimage\"},\"image\":{\"@id\":\"https:\/\/fliparas.com\/activity\/axe-throwing-valencia\/#primaryimage\"},\"thumbnailUrl\":\"https:\/\/fliparas.com\/wp-content\/uploads\/2024\/03\/1.3-Optimizacion-Web-Cusco-Creativos-1-1.jpg\",\"datePublished\":\"2024-03-28T11:09:53+00:00\",\"dateModified\":\"2025-01-31T10:26:13+00:00\",\"description\":\"Axe Throwing Valencia - \u200bExperience this unforgettable adventure in Valencia! Combine precision with lots of fun! \u26a1 Contact us!\",\"breadcrumb\":{\"@id\":\"https:\/\/fliparas.com\/activity\/axe-throwing-valencia\/#breadcrumb\"},\"inLanguage\":\"da-DK\",\"potentialAction\":[{\"@type\":\"ReadAction\",\"target\":[\"https:\/\/fliparas.com\/activity\/axe-throwing-valencia\/\"]}]},{\"@type\":\"ImageObject\",\"inLanguage\":\"da-DK\",\"@id\":\"https:\/\/fliparas.com\/activity\/axe-throwing-valencia\/#primaryimage\",\"url\":\"https:\/\/fliparas.com\/wp-content\/uploads\/2024\/03\/1.3-Optimizacion-Web-Cusco-Creativos-1-1.jpg\",\"contentUrl\":\"https:\/\/fliparas.com\/wp-content\/uploads\/2024\/03\/1.3-Optimizacion-Web-Cusco-Creativos-1-1.jpg\",\"width\":1316,\"height\":930,\"caption\":\"Axe Throwing Valencia Image 1\"},{\"@type\":\"BreadcrumbList\",\"@id\":\"https:\/\/fliparas.com\/activity\/axe-throwing-valencia\/#breadcrumb\",\"itemListElement\":[{\"@type\":\"ListItem\",\"position\":1,\"name\":\"Home\",\"item\":\"https:\/\/fliparas.com\/\"},{\"@type\":\"ListItem\",\"position\":2,\"name\":\"Shop\",\"item\":\"https:\/\/fliparas.com\/shop\/\"},{\"@type\":\"ListItem\",\"position\":3,\"name\":\"Axe Throwing Valencia\"}]},{\"@type\":\"WebSite\",\"@id\":\"https:\/\/fliparas.com\/#website\",\"url\":\"https:\/\/fliparas.com\/\",\"name\":\"Agency Specialised in Stag and Hen Parties\",\"description\":\"Trust the highest rated agency to organize an unforgettable stag and hen parties in Europe\",\"publisher\":{\"@id\":\"https:\/\/fliparas.com\/#organization\"},\"alternateName\":\"Fliparas Agency Specialised in Stag and Hen Parties\",\"potentialAction\":[{\"@type\":\"SearchAction\",\"target\":{\"@type\":\"EntryPoint\",\"urlTemplate\":\"https:\/\/fliparas.com\/?s={search_term_string}\"},\"query-input\":{\"@type\":\"PropertyValueSpecification\",\"valueRequired\":true,\"valueName\":\"search_term_string\"}}],\"inLanguage\":\"da-DK\"},{\"@type\":\"Organization\",\"@id\":\"https:\/\/fliparas.com\/#organization\",\"name\":\"Fliparas\",\"alternateName\":\"Agency Specialised in Stag and Hen Parties\",\"url\":\"https:\/\/fliparas.com\/\",\"logo\":{\"@type\":\"ImageObject\",\"inLanguage\":\"da-DK\",\"@id\":\"https:\/\/fliparas.com\/#\/schema\/logo\/image\/\",\"url\":\"https:\/\/fliparas.com\/wp-content\/uploads\/2024\/03\/Logo-Fliparas.png\",\"contentUrl\":\"https:\/\/fliparas.com\/wp-content\/uploads\/2024\/03\/Logo-Fliparas.png\",\"width\":1024,\"height\":1024,\"caption\":\"Fliparas\"},\"image\":{\"@id\":\"https:\/\/fliparas.com\/#\/schema\/logo\/image\/\"}}]}<\/script>\n<meta property=\"product:price:amount\" content=\"45.00\" \/>\n<meta property=\"product:price:currency\" content=\"EUR\" \/>\n<meta property=\"og:availability\" content=\"instock\" \/>\n<meta property=\"product:availability\" content=\"instock\" \/>\n<meta property=\"product:condition\" content=\"new\" \/>\n<!-- \/ Yoast SEO plugin. -->","yoast_head_json":{"title":"\u00d8ksekast i Valencia \u26a1","description":"\u00d8ksekast Valencia - Oplev dette uforglemmelige eventyr i Valencia! Kombiner pr\u00e6cision med masser af sjov! \u26a1 Kontakt os!","robots":{"index":"index","follow":"follow","max-snippet":"max-snippet:-1","max-image-preview":"max-image-preview:large","max-video-preview":"max-video-preview:-1"},"canonical":"https:\/\/fliparas.com\/da\/aktivitet\/oksekast-valencia\/","og_locale":"da_DK","og_type":"article","og_title":"Axe Throwing Valencia \u26a1\u200b","og_description":"Axe Throwing Valencia - \u200bExperience this unforgettable adventure in Valencia! Combine precision with lots of fun! \u26a1 Contact us!","og_url":"https:\/\/fliparas.com\/da\/aktivitet\/oksekast-valencia\/","og_site_name":"Agency Specialised in Stag and Hen Parties","article_modified_time":"2025-01-31T10:26:13+00:00","og_image":[{"width":1316,"height":930,"url":"https:\/\/fliparas.com\/wp-content\/uploads\/2024\/03\/1.3-Optimizacion-Web-Cusco-Creativos-1-1.jpg","type":"image\/jpeg"}],"twitter_card":"summary_large_image","twitter_misc":{"Pris":"45,00&nbsp;&euro;","Tilg\u00e6ngelighed":"P\u00e5 lager"},"schema":{"@context":"https:\/\/schema.org","@graph":[{"@type":"WebPage","@id":"https:\/\/fliparas.com\/activity\/axe-throwing-valencia\/","url":"https:\/\/fliparas.com\/activity\/axe-throwing-valencia\/","name":"\u00d8ksekast i Valencia \u26a1","isPartOf":{"@id":"https:\/\/fliparas.com\/#website"},"primaryImageOfPage":{"@id":"https:\/\/fliparas.com\/activity\/axe-throwing-valencia\/#primaryimage"},"image":{"@id":"https:\/\/fliparas.com\/activity\/axe-throwing-valencia\/#primaryimage"},"thumbnailUrl":"https:\/\/fliparas.com\/wp-content\/uploads\/2024\/03\/1.3-Optimizacion-Web-Cusco-Creativos-1-1.jpg","datePublished":"2024-03-28T11:09:53+00:00","dateModified":"2025-01-31T10:26:13+00:00","description":"\u00d8ksekast Valencia - Oplev dette uforglemmelige eventyr i Valencia! Kombiner pr\u00e6cision med masser af sjov! \u26a1 Kontakt os!","breadcrumb":{"@id":"https:\/\/fliparas.com\/activity\/axe-throwing-valencia\/#breadcrumb"},"inLanguage":"da-DK","potentialAction":[{"@type":"ReadAction","target":["https:\/\/fliparas.com\/activity\/axe-throwing-valencia\/"]}]},{"@type":"ImageObject","inLanguage":"da-DK","@id":"https:\/\/fliparas.com\/activity\/axe-throwing-valencia\/#primaryimage","url":"https:\/\/fliparas.com\/wp-content\/uploads\/2024\/03\/1.3-Optimizacion-Web-Cusco-Creativos-1-1.jpg","contentUrl":"https:\/\/fliparas.com\/wp-content\/uploads\/2024\/03\/1.3-Optimizacion-Web-Cusco-Creativos-1-1.jpg","width":1316,"height":930,"caption":"Axe Throwing Valencia Image 1"},{"@type":"BreadcrumbList","@id":"https:\/\/fliparas.com\/activity\/axe-throwing-valencia\/#breadcrumb","itemListElement":[{"@type":"ListItem","position":1,"name":"Home","item":"https:\/\/fliparas.com\/"},{"@type":"ListItem","position":2,"name":"Shop","item":"https:\/\/fliparas.com\/shop\/"},{"@type":"ListItem","position":3,"name":"Axe Throwing Valencia"}]},{"@type":"WebSite","@id":"https:\/\/fliparas.com\/#website","url":"https:\/\/fliparas.com\/","name":"Agentur specialiseret i polterabend og h\u00f8nefest","description":"Stol p\u00e5 det bedst bed\u00f8mte bureau til at arrangere en uforglemmelig polterabend i Europa","publisher":{"@id":"https:\/\/fliparas.com\/#organization"},"alternateName":"Fliparas Agency Specialised in Stag and Hen Parties","potentialAction":[{"@type":"SearchAction","target":{"@type":"EntryPoint","urlTemplate":"https:\/\/fliparas.com\/?s={search_term_string}"},"query-input":{"@type":"PropertyValueSpecification","valueRequired":true,"valueName":"search_term_string"}}],"inLanguage":"da-DK"},{"@type":"Organization","@id":"https:\/\/fliparas.com\/#organization","name":"Fliparas","alternateName":"Agency Specialised in Stag and Hen Parties","url":"https:\/\/fliparas.com\/","logo":{"@type":"ImageObject","inLanguage":"da-DK","@id":"https:\/\/fliparas.com\/#\/schema\/logo\/image\/","url":"https:\/\/fliparas.com\/wp-content\/uploads\/2024\/03\/Logo-Fliparas.png","contentUrl":"https:\/\/fliparas.com\/wp-content\/uploads\/2024\/03\/Logo-Fliparas.png","width":1024,"height":1024,"caption":"Fliparas"},"image":{"@id":"https:\/\/fliparas.com\/#\/schema\/logo\/image\/"}}]},"product_price_amount":"45.00","product_price_currency":"EUR","og_availability":"instock","product_availability":"instock","product_condition":"new"},"_links":{"self":[{"href":"https:\/\/fliparas.com\/da\/wp-json\/wp\/v2\/product\/1587","targetHints":{"allow":["GET"]}}],"collection":[{"href":"https:\/\/fliparas.com\/da\/wp-json\/wp\/v2\/product"}],"about":[{"href":"https:\/\/fliparas.com\/da\/wp-json\/wp\/v2\/types\/product"}],"wp:featuredmedia":[{"embeddable":true,"href":"https:\/\/fliparas.com\/da\/wp-json\/wp\/v2\/media\/1589"}],"wp:attachment":[{"href":"https:\/\/fliparas.com\/da\/wp-json\/wp\/v2\/media?parent=1587"}],"wp:term":[{"taxonomy":"product_brand","embeddable":true,"href":"https:\/\/fliparas.com\/da\/wp-json\/wp\/v2\/product_brand?post=1587"},{"taxonomy":"product_cat","embeddable":true,"href":"https:\/\/fliparas.com\/da\/wp-json\/wp\/v2\/product_cat?post=1587"},{"taxonomy":"product_tag","embeddable":true,"href":"https:\/\/fliparas.com\/da\/wp-json\/wp\/v2\/product_tag?post=1587"}],"curies":[{"name":"wp","href":"https:\/\/api.w.org\/{rel}","templated":true}]}}