{"id":2066,"date":"2024-07-25T15:49:31","date_gmt":"2024-07-25T13:49:31","guid":{"rendered":"https:\/\/fliparas.com\/?post_type=product&#038;p=2066"},"modified":"2025-03-10T16:14:16","modified_gmt":"2025-03-10T15:14:16","slug":"stripper-man-ibiza-2","status":"publish","type":"product","link":"https:\/\/fliparas.com\/da\/aktivitet\/stripper-man-ibiza-2\/","title":{"rendered":"Stripper Man Barcelona"},"content":{"rendered":"<p>Stripper Man Barcelona. Mandlig striptease. Barcelona stripper. Skru op for varmen med den sexede danser, der vil f\u00e5 bruden til at overveje at blive gift. Rene muskler og ild.<\/p>\n<p>De bedste bachelor- og polterabends med <a href=\"https:\/\/fliparas.com\/da\/polterabend-2\/\">Polterabend<\/a>! <a href=\"https:\/\/fliparas.com\/da\/polterabend\/\">Polterabend<\/a>!<\/p>\n<h2 style=\"text-align: center;\">Stripper Man Barcelona \ud83d\udd25<\/h2>\n<h4>Oplev sensualitet og sjov: en virkelig sexet mand, der er klar til at forf\u00f8re sin brud! \ud83c\udfb6<\/h4>\n<p>Book et \u00f8jeblik af ren erotik og nydelse med vores eksklusive femten minutters sensuelle danseshow. En mand med en fantastisk krop, der er klar til at vise bruden, at det m\u00e5ske ikke er den bedste id\u00e9 at blive gift....<\/p>\n<p>\ud83c\udf1f Erotik i sin reneste form:<\/p>\n<p>Vores mand vil ikke kun bruge en stol til at byde bruden velkommen, han vil ogs\u00e5 f\u00e5 hende til at danse til rytmen af den mest sensuelle musik. Temperaturen vil stige s\u00e5 meget, at han bliver n\u00f8dt til at begynde at kl\u00e6de sig af....<\/p>\n<p>\ud83d\udc83 En skr\u00e6ddersyet oplevelse:<\/p>\n<p>Dette show drejer sig om bruden. Danseren bev\u00e6ger sig, hvor du vil, og garanterer en personlig og unik oplevelse. I intime omgivelser derhjemme eller p\u00e5 et s\u00e6rligt sted kan du forberede dig p\u00e5 at blive stjernen i et uforglemmeligt show.<\/p>\n<p>\ud83d\udd25 Et show, der efterlader et varigt indtryk:<\/p>\n<p>Den sensuelle atmosf\u00e6re, den stigende temperatur og alle dine veninder, der ser p\u00e5 fyrens sexede bev\u00e6gelser. Hver eneste bev\u00e6gelse er designet til at ophidse...<\/p>\n<p>Nyd solen i Barcelona.<\/p>\n<p style=\"text-align: center;\">Book Striper Man Barcelona!<\/p>\n<p>&nbsp;<\/p>","protected":false},"excerpt":{"rendered":"<p>Stripper Man Barcelona. Mandlig striptease. Barcelona stripper. Skru op for varmen med den sexede danser, der vil f\u00e5 bruden til at overveje at blive gift. Rene muskler og ild.<\/p>","protected":false},"featured_media":872,"template":"","meta":[],"product_brand":[425],"product_cat":[63,332,62],"product_tag":[418],"class_list":{"0":"post-2066","1":"product","2":"type-product","3":"status-publish","4":"has-post-thumbnail","6":"product_brand-fliparas-inc","7":"product_cat-barcelona","8":"product_cat-benidorm","9":"product_cat-hen-party-barcelona-activities","10":"product_tag-striper-man-barcelona","12":"first","13":"instock","14":"virtual","15":"sold-individually","16":"purchasable","17":"product-type-booking"},"yoast_head":"<!-- This site is optimized with the Yoast SEO plugin v26.9 - https:\/\/yoast.com\/product\/yoast-seo-wordpress\/ -->\n<title>Striper Man Barcelona<\/title>\n<meta name=\"description\" content=\"Striper Man Barcelon. Male striptease. Turn up the heat with the sexy dancer who will make the bride think about getting married.\" \/>\n<meta name=\"robots\" content=\"index, follow, max-snippet:-1, max-image-preview:large, max-video-preview:-1\" \/>\n<link rel=\"canonical\" href=\"https:\/\/fliparas.com\/da\/aktivitet\/stripper-man-ibiza-2\/\" \/>\n<meta property=\"og:locale\" content=\"da_DK\" \/>\n<meta property=\"og:type\" content=\"article\" \/>\n<meta property=\"og:title\" content=\"Striper Man Barcelona\" \/>\n<meta property=\"og:description\" content=\"Striper Man Barcelon. Male striptease. Turn up the heat with the sexy dancer who will make the bride think about getting married.\" \/>\n<meta property=\"og:url\" content=\"https:\/\/fliparas.com\/da\/aktivitet\/stripper-man-ibiza-2\/\" \/>\n<meta property=\"og:site_name\" content=\"Agency Specialised in Stag and Hen Parties\" \/>\n<meta property=\"article:modified_time\" content=\"2025-03-10T15:14:16+00:00\" \/>\n<meta property=\"og:image\" content=\"https:\/\/fliparas.com\/wp-content\/uploads\/2024\/03\/Striper-Man-img.jpeg\" \/>\n\t<meta property=\"og:image:width\" content=\"1080\" \/>\n\t<meta property=\"og:image:height\" content=\"1080\" \/>\n\t<meta property=\"og:image:type\" content=\"image\/jpeg\" \/>\n<meta name=\"twitter:card\" content=\"summary_large_image\" \/>\n<meta name=\"twitter:label1\" content=\"Pris\" \/>\n\t<meta name=\"twitter:data1\" content=\"200,00&nbsp;&euro;\" \/>\n\t<meta name=\"twitter:label2\" content=\"Tilg\u00e6ngelighed\" \/>\n\t<meta name=\"twitter:data2\" content=\"P\u00e5 lager\" \/>\n<script type=\"application\/ld+json\" class=\"yoast-schema-graph\">{\"@context\":\"https:\/\/schema.org\",\"@graph\":[{\"@type\":\"WebPage\",\"@id\":\"https:\/\/fliparas.com\/activity\/striper-man-barcelona\/\",\"url\":\"https:\/\/fliparas.com\/activity\/striper-man-barcelona\/\",\"name\":\"Striper Man Barcelona\",\"isPartOf\":{\"@id\":\"https:\/\/fliparas.com\/#website\"},\"primaryImageOfPage\":{\"@id\":\"https:\/\/fliparas.com\/activity\/striper-man-barcelona\/#primaryimage\"},\"image\":{\"@id\":\"https:\/\/fliparas.com\/activity\/striper-man-barcelona\/#primaryimage\"},\"thumbnailUrl\":\"https:\/\/fliparas.com\/wp-content\/uploads\/2024\/03\/Striper-Man-img.jpeg\",\"datePublished\":\"2024-07-25T13:49:31+00:00\",\"dateModified\":\"2025-03-10T15:14:16+00:00\",\"description\":\"Striper Man Barcelon. Male striptease. Turn up the heat with the sexy dancer who will make the bride think about getting married.\",\"breadcrumb\":{\"@id\":\"https:\/\/fliparas.com\/activity\/striper-man-barcelona\/#breadcrumb\"},\"inLanguage\":\"da-DK\",\"potentialAction\":[{\"@type\":\"ReadAction\",\"target\":[\"https:\/\/fliparas.com\/activity\/striper-man-barcelona\/\"]}]},{\"@type\":\"ImageObject\",\"inLanguage\":\"da-DK\",\"@id\":\"https:\/\/fliparas.com\/activity\/striper-man-barcelona\/#primaryimage\",\"url\":\"https:\/\/fliparas.com\/wp-content\/uploads\/2024\/03\/Striper-Man-img.jpeg\",\"contentUrl\":\"https:\/\/fliparas.com\/wp-content\/uploads\/2024\/03\/Striper-Man-img.jpeg\",\"width\":1080,\"height\":1080},{\"@type\":\"BreadcrumbList\",\"@id\":\"https:\/\/fliparas.com\/activity\/striper-man-barcelona\/#breadcrumb\",\"itemListElement\":[{\"@type\":\"ListItem\",\"position\":1,\"name\":\"Home\",\"item\":\"https:\/\/fliparas.com\/\"},{\"@type\":\"ListItem\",\"position\":2,\"name\":\"Shop\",\"item\":\"https:\/\/fliparas.com\/shop\/\"},{\"@type\":\"ListItem\",\"position\":3,\"name\":\"Striper Man Barcelona\"}]},{\"@type\":\"WebSite\",\"@id\":\"https:\/\/fliparas.com\/#website\",\"url\":\"https:\/\/fliparas.com\/\",\"name\":\"Agency Specialised in Stag and Hen Parties\",\"description\":\"Trust the highest rated agency to organize an unforgettable stag and hen parties in Europe\",\"publisher\":{\"@id\":\"https:\/\/fliparas.com\/#organization\"},\"alternateName\":\"Fliparas Agency Specialised in Stag and Hen Parties\",\"potentialAction\":[{\"@type\":\"SearchAction\",\"target\":{\"@type\":\"EntryPoint\",\"urlTemplate\":\"https:\/\/fliparas.com\/?s={search_term_string}\"},\"query-input\":{\"@type\":\"PropertyValueSpecification\",\"valueRequired\":true,\"valueName\":\"search_term_string\"}}],\"inLanguage\":\"da-DK\"},{\"@type\":\"Organization\",\"@id\":\"https:\/\/fliparas.com\/#organization\",\"name\":\"Fliparas\",\"alternateName\":\"Agency Specialised in Stag and Hen Parties\",\"url\":\"https:\/\/fliparas.com\/\",\"logo\":{\"@type\":\"ImageObject\",\"inLanguage\":\"da-DK\",\"@id\":\"https:\/\/fliparas.com\/#\/schema\/logo\/image\/\",\"url\":\"https:\/\/fliparas.com\/wp-content\/uploads\/2024\/03\/Logo-Fliparas.png\",\"contentUrl\":\"https:\/\/fliparas.com\/wp-content\/uploads\/2024\/03\/Logo-Fliparas.png\",\"width\":1024,\"height\":1024,\"caption\":\"Fliparas\"},\"image\":{\"@id\":\"https:\/\/fliparas.com\/#\/schema\/logo\/image\/\"}}]}<\/script>\n<meta property=\"product:price:amount\" content=\"200.00\" \/>\n<meta property=\"product:price:currency\" content=\"EUR\" \/>\n<meta property=\"og:availability\" content=\"instock\" \/>\n<meta property=\"product:availability\" content=\"instock\" \/>\n<meta property=\"product:condition\" content=\"new\" \/>\n<!-- \/ Yoast SEO plugin. -->","yoast_head_json":{"title":"Stripper Man Barcelona","description":"Stripper Man Barcelon. Mandlig striptease. Skru op for varmen med den sexede danser, som vil f\u00e5 bruden til at overveje at blive gift.","robots":{"index":"index","follow":"follow","max-snippet":"max-snippet:-1","max-image-preview":"max-image-preview:large","max-video-preview":"max-video-preview:-1"},"canonical":"https:\/\/fliparas.com\/da\/aktivitet\/stripper-man-ibiza-2\/","og_locale":"da_DK","og_type":"article","og_title":"Striper Man Barcelona","og_description":"Striper Man Barcelon. Male striptease. Turn up the heat with the sexy dancer who will make the bride think about getting married.","og_url":"https:\/\/fliparas.com\/da\/aktivitet\/stripper-man-ibiza-2\/","og_site_name":"Agency Specialised in Stag and Hen Parties","article_modified_time":"2025-03-10T15:14:16+00:00","og_image":[{"width":1080,"height":1080,"url":"https:\/\/fliparas.com\/wp-content\/uploads\/2024\/03\/Striper-Man-img.jpeg","type":"image\/jpeg"}],"twitter_card":"summary_large_image","twitter_misc":{"Pris":"200,00&nbsp;&euro;","Tilg\u00e6ngelighed":"P\u00e5 lager"},"schema":{"@context":"https:\/\/schema.org","@graph":[{"@type":"WebPage","@id":"https:\/\/fliparas.com\/activity\/striper-man-barcelona\/","url":"https:\/\/fliparas.com\/activity\/striper-man-barcelona\/","name":"Stripper Man Barcelona","isPartOf":{"@id":"https:\/\/fliparas.com\/#website"},"primaryImageOfPage":{"@id":"https:\/\/fliparas.com\/activity\/striper-man-barcelona\/#primaryimage"},"image":{"@id":"https:\/\/fliparas.com\/activity\/striper-man-barcelona\/#primaryimage"},"thumbnailUrl":"https:\/\/fliparas.com\/wp-content\/uploads\/2024\/03\/Striper-Man-img.jpeg","datePublished":"2024-07-25T13:49:31+00:00","dateModified":"2025-03-10T15:14:16+00:00","description":"Stripper Man Barcelon. Mandlig striptease. Skru op for varmen med den sexede danser, som vil f\u00e5 bruden til at overveje at blive gift.","breadcrumb":{"@id":"https:\/\/fliparas.com\/activity\/striper-man-barcelona\/#breadcrumb"},"inLanguage":"da-DK","potentialAction":[{"@type":"ReadAction","target":["https:\/\/fliparas.com\/activity\/striper-man-barcelona\/"]}]},{"@type":"ImageObject","inLanguage":"da-DK","@id":"https:\/\/fliparas.com\/activity\/striper-man-barcelona\/#primaryimage","url":"https:\/\/fliparas.com\/wp-content\/uploads\/2024\/03\/Striper-Man-img.jpeg","contentUrl":"https:\/\/fliparas.com\/wp-content\/uploads\/2024\/03\/Striper-Man-img.jpeg","width":1080,"height":1080},{"@type":"BreadcrumbList","@id":"https:\/\/fliparas.com\/activity\/striper-man-barcelona\/#breadcrumb","itemListElement":[{"@type":"ListItem","position":1,"name":"Home","item":"https:\/\/fliparas.com\/"},{"@type":"ListItem","position":2,"name":"Shop","item":"https:\/\/fliparas.com\/shop\/"},{"@type":"ListItem","position":3,"name":"Striper Man Barcelona"}]},{"@type":"WebSite","@id":"https:\/\/fliparas.com\/#website","url":"https:\/\/fliparas.com\/","name":"Agentur specialiseret i polterabend og h\u00f8nefest","description":"Stol p\u00e5 det bedst bed\u00f8mte bureau til at arrangere en uforglemmelig polterabend i Europa","publisher":{"@id":"https:\/\/fliparas.com\/#organization"},"alternateName":"Fliparas Agency Specialised in Stag and Hen Parties","potentialAction":[{"@type":"SearchAction","target":{"@type":"EntryPoint","urlTemplate":"https:\/\/fliparas.com\/?s={search_term_string}"},"query-input":{"@type":"PropertyValueSpecification","valueRequired":true,"valueName":"search_term_string"}}],"inLanguage":"da-DK"},{"@type":"Organization","@id":"https:\/\/fliparas.com\/#organization","name":"Fliparas","alternateName":"Agency Specialised in Stag and Hen Parties","url":"https:\/\/fliparas.com\/","logo":{"@type":"ImageObject","inLanguage":"da-DK","@id":"https:\/\/fliparas.com\/#\/schema\/logo\/image\/","url":"https:\/\/fliparas.com\/wp-content\/uploads\/2024\/03\/Logo-Fliparas.png","contentUrl":"https:\/\/fliparas.com\/wp-content\/uploads\/2024\/03\/Logo-Fliparas.png","width":1024,"height":1024,"caption":"Fliparas"},"image":{"@id":"https:\/\/fliparas.com\/#\/schema\/logo\/image\/"}}]},"product_price_amount":"200.00","product_price_currency":"EUR","og_availability":"instock","product_availability":"instock","product_condition":"new"},"_links":{"self":[{"href":"https:\/\/fliparas.com\/da\/wp-json\/wp\/v2\/product\/2066","targetHints":{"allow":["GET"]}}],"collection":[{"href":"https:\/\/fliparas.com\/da\/wp-json\/wp\/v2\/product"}],"about":[{"href":"https:\/\/fliparas.com\/da\/wp-json\/wp\/v2\/types\/product"}],"wp:featuredmedia":[{"embeddable":true,"href":"https:\/\/fliparas.com\/da\/wp-json\/wp\/v2\/media\/872"}],"wp:attachment":[{"href":"https:\/\/fliparas.com\/da\/wp-json\/wp\/v2\/media?parent=2066"}],"wp:term":[{"taxonomy":"product_brand","embeddable":true,"href":"https:\/\/fliparas.com\/da\/wp-json\/wp\/v2\/product_brand?post=2066"},{"taxonomy":"product_cat","embeddable":true,"href":"https:\/\/fliparas.com\/da\/wp-json\/wp\/v2\/product_cat?post=2066"},{"taxonomy":"product_tag","embeddable":true,"href":"https:\/\/fliparas.com\/da\/wp-json\/wp\/v2\/product_tag?post=2066"}],"curies":[{"name":"wp","href":"https:\/\/api.w.org\/{rel}","templated":true}]}}