{"id":428,"date":"2024-03-19T12:24:07","date_gmt":"2024-03-19T12:24:07","guid":{"rendered":"https:\/\/fliparas.com\/?post_type=product&#038;p=428"},"modified":"2025-01-31T11:26:10","modified_gmt":"2025-01-31T10:26:10","slug":"lesbisk-strip-pa-mallorca","status":"publish","type":"product","link":"https:\/\/fliparas.com\/da\/aktivitet\/lesbisk-strip-pa-mallorca\/","title":{"rendered":"Lesbisk strip p\u00e5 Mallorca"},"content":{"rendered":"<p>Lesbisk strip p\u00e5 Mallorca. Overrask brudgommen med et unikt og specielt lesbisk show. Erotisk, sjovt og involverende show. Mulighed for at v\u00e6lge strippere. Mulighed for at rejse til din lejlighed, villa, restaurant, bar med privat lounge eller endda med limousine.<\/p>\n<p>De bedste polterabender <a href=\"https:\/\/fliparas.com\/da\/polterabend-2\/\">Polterabend<\/a>!<\/p>\n<h2 style=\"text-align: center;\"><span style=\"vertical-align: inherit;\"><span style=\"vertical-align: inherit;\">Lesbisk strip p\u00e5 Mallorca\ud83d\udd25<\/span> <\/span><\/h2>\n<h4>Oplev sensualitet og sjov: en striptease ikke af \u00e9n pige, men af to! \ud83d\udd25<\/h4>\n<p>Book et \u00f8jeblik af ren erotik og nydelse med vores eksklusive femten minutters sensuelle danseshow. To dansere eksklusivt for dig, der bringer et strejf af sensualitet og nydelse, hvor end du \u00f8nsker det, ledsaget af deres musik valgt til lejligheden.<\/p>\n<p>Hvis den ene er sexet, er de to sammen erotik i sin reneste form:<\/p>\n<p>Vi ved alle, hvor sexet en striptease er og h\u00e6ver temperaturen hos danseren, s\u00e5 forestil dig, hvordan det er for to. De er meget k\u00e6rlige over for hinanden, r\u00f8rer, gnider og hj\u00e6lper endda hinanden med at kl\u00e6de sig af....<\/p>\n<p>\ud83d\udc83 En oplevelse, der er skr\u00e6ddersyet til dig:<\/p>\n<p>Dette show drejer sig om brudgommen. Danserne bev\u00e6ger sig, hvor du vil, og sikrer en personlig og unik oplevelse. I intime omgivelser derhjemme eller p\u00e5 et s\u00e6rligt sted kan du forberede dig p\u00e5 at blive stjernen i et uforglemmeligt show.<\/p>\n<p>\ud83d\udd25 Et show, der efterlader et varigt indtryk:<\/p>\n<p>Den sensuelle atmosf\u00e6re, den stigende temperatur og alle dine venner, som undrer sig over dansens kvalitet og dansernes hengivenhed. Hver bev\u00e6gelse er designet til at v\u00e6kke... \u00a1<\/p>\n<p>Nyd synden i <a href=\"https:\/\/es.wikipedia.org\/wiki\/Palma_de_Mallorca\">Palma de Mallorca<\/a> eller Magaluf!<\/p>\n<p>Book vores lesbiske strip p\u00e5 Mallorca nu!<\/p>","protected":false},"excerpt":{"rendered":"<p><span style=\"vertical-align: inherit;\"><span style=\"vertical-align: inherit;\">V\u00e6r opm\u00e6rksom p\u00e5, at din bedste vens begivenhed er speciel og unik. <\/span><span style=\"vertical-align: inherit;\">Den lesbiske striptease er en sensuel, erotisk, festlig og deltagende forestilling. <\/span><span style=\"vertical-align: inherit;\">Vis \u00f8jeblikket frem, og opbevar det i lang tid.<\/span><\/span><\/p>","protected":false},"featured_media":456,"template":"","meta":[],"product_brand":[425],"product_cat":[165,194],"product_tag":[172,173,174,175],"class_list":{"0":"post-428","1":"product","2":"type-product","3":"status-publish","4":"has-post-thumbnail","6":"product_brand-fliparas-inc","7":"product_cat-mallorca","8":"product_cat-stag-party-mallorca","9":"product_tag-lesbian-girls-in-mallorca","10":"product_tag-lesbian-show-mallorca","11":"product_tag-lesbian-strip-in-mallorca","12":"product_tag-lesbians-in-mallorca","14":"first","15":"instock","16":"virtual","17":"sold-individually","18":"purchasable","19":"product-type-booking"},"yoast_head":"<!-- This site is optimized with the Yoast SEO plugin v26.9 - https:\/\/yoast.com\/product\/yoast-seo-wordpress\/ -->\n<title>Lesbian strip in Mallorca<\/title>\n<meta name=\"description\" content=\"Lesbian strip in Mallorca - Lesbian striptease is a sensual, erotic, festive and participatory show - Streaptease lesbico - Hot Girls - Mallorca\" \/>\n<meta name=\"robots\" content=\"index, follow, max-snippet:-1, max-image-preview:large, max-video-preview:-1\" \/>\n<link rel=\"canonical\" href=\"https:\/\/fliparas.com\/da\/aktivitet\/lesbisk-strip-pa-mallorca\/\" \/>\n<meta property=\"og:locale\" content=\"da_DK\" \/>\n<meta property=\"og:type\" content=\"article\" \/>\n<meta property=\"og:title\" content=\"Lesbian strip in Mallorca\" \/>\n<meta property=\"og:description\" content=\"Lesbian strip in Mallorca - Lesbian striptease is a sensual, erotic, festive and participatory show - Streaptease lesbico - Hot Girls - Mallorca\" \/>\n<meta property=\"og:url\" content=\"https:\/\/fliparas.com\/da\/aktivitet\/lesbisk-strip-pa-mallorca\/\" \/>\n<meta property=\"og:site_name\" content=\"Agency Specialised in Stag and Hen Parties\" \/>\n<meta property=\"article:modified_time\" content=\"2025-01-31T10:26:10+00:00\" \/>\n<meta property=\"og:image\" content=\"https:\/\/fliparas.com\/wp-content\/uploads\/2024\/03\/lesbian-show-1.jpg\" \/>\n\t<meta property=\"og:image:width\" content=\"919\" \/>\n\t<meta property=\"og:image:height\" content=\"1074\" \/>\n\t<meta property=\"og:image:type\" content=\"image\/jpeg\" \/>\n<meta name=\"twitter:card\" content=\"summary_large_image\" \/>\n<meta name=\"twitter:label1\" content=\"Pris\" \/>\n\t<meta name=\"twitter:data1\" content=\"550,00&nbsp;&euro;\" \/>\n\t<meta name=\"twitter:label2\" content=\"Tilg\u00e6ngelighed\" \/>\n\t<meta name=\"twitter:data2\" content=\"P\u00e5 lager\" \/>\n<script type=\"application\/ld+json\" class=\"yoast-schema-graph\">{\"@context\":\"https:\/\/schema.org\",\"@graph\":[{\"@type\":\"WebPage\",\"@id\":\"https:\/\/fliparas.com\/activity\/lesbian-strip-in-mallorca\/\",\"url\":\"https:\/\/fliparas.com\/activity\/lesbian-strip-in-mallorca\/\",\"name\":\"Lesbian strip in Mallorca\",\"isPartOf\":{\"@id\":\"https:\/\/fliparas.com\/#website\"},\"primaryImageOfPage\":{\"@id\":\"https:\/\/fliparas.com\/activity\/lesbian-strip-in-mallorca\/#primaryimage\"},\"image\":{\"@id\":\"https:\/\/fliparas.com\/activity\/lesbian-strip-in-mallorca\/#primaryimage\"},\"thumbnailUrl\":\"https:\/\/fliparas.com\/wp-content\/uploads\/2024\/03\/lesbian-show-1.jpg\",\"datePublished\":\"2024-03-19T12:24:07+00:00\",\"dateModified\":\"2025-01-31T10:26:10+00:00\",\"description\":\"Lesbian strip in Mallorca - Lesbian striptease is a sensual, erotic, festive and participatory show - Streaptease lesbico - Hot Girls - Mallorca\",\"breadcrumb\":{\"@id\":\"https:\/\/fliparas.com\/activity\/lesbian-strip-in-mallorca\/#breadcrumb\"},\"inLanguage\":\"da-DK\",\"potentialAction\":[{\"@type\":\"ReadAction\",\"target\":[\"https:\/\/fliparas.com\/activity\/lesbian-strip-in-mallorca\/\"]}]},{\"@type\":\"ImageObject\",\"inLanguage\":\"da-DK\",\"@id\":\"https:\/\/fliparas.com\/activity\/lesbian-strip-in-mallorca\/#primaryimage\",\"url\":\"https:\/\/fliparas.com\/wp-content\/uploads\/2024\/03\/lesbian-show-1.jpg\",\"contentUrl\":\"https:\/\/fliparas.com\/wp-content\/uploads\/2024\/03\/lesbian-show-1.jpg\",\"width\":919,\"height\":1074},{\"@type\":\"BreadcrumbList\",\"@id\":\"https:\/\/fliparas.com\/activity\/lesbian-strip-in-mallorca\/#breadcrumb\",\"itemListElement\":[{\"@type\":\"ListItem\",\"position\":1,\"name\":\"Home\",\"item\":\"https:\/\/fliparas.com\/\"},{\"@type\":\"ListItem\",\"position\":2,\"name\":\"Shop\",\"item\":\"https:\/\/fliparas.com\/shop\/\"},{\"@type\":\"ListItem\",\"position\":3,\"name\":\"Lesbian strip in Mallorca\"}]},{\"@type\":\"WebSite\",\"@id\":\"https:\/\/fliparas.com\/#website\",\"url\":\"https:\/\/fliparas.com\/\",\"name\":\"Agency Specialised in Stag and Hen Parties\",\"description\":\"Trust the highest rated agency to organize an unforgettable stag and hen parties in Europe\",\"publisher\":{\"@id\":\"https:\/\/fliparas.com\/#organization\"},\"alternateName\":\"Fliparas Agency Specialised in Stag and Hen Parties\",\"potentialAction\":[{\"@type\":\"SearchAction\",\"target\":{\"@type\":\"EntryPoint\",\"urlTemplate\":\"https:\/\/fliparas.com\/?s={search_term_string}\"},\"query-input\":{\"@type\":\"PropertyValueSpecification\",\"valueRequired\":true,\"valueName\":\"search_term_string\"}}],\"inLanguage\":\"da-DK\"},{\"@type\":\"Organization\",\"@id\":\"https:\/\/fliparas.com\/#organization\",\"name\":\"Fliparas\",\"alternateName\":\"Agency Specialised in Stag and Hen Parties\",\"url\":\"https:\/\/fliparas.com\/\",\"logo\":{\"@type\":\"ImageObject\",\"inLanguage\":\"da-DK\",\"@id\":\"https:\/\/fliparas.com\/#\/schema\/logo\/image\/\",\"url\":\"https:\/\/fliparas.com\/wp-content\/uploads\/2024\/03\/Logo-Fliparas.png\",\"contentUrl\":\"https:\/\/fliparas.com\/wp-content\/uploads\/2024\/03\/Logo-Fliparas.png\",\"width\":1024,\"height\":1024,\"caption\":\"Fliparas\"},\"image\":{\"@id\":\"https:\/\/fliparas.com\/#\/schema\/logo\/image\/\"}}]}<\/script>\n<meta property=\"product:price:amount\" content=\"550.00\" \/>\n<meta property=\"product:price:currency\" content=\"EUR\" \/>\n<meta property=\"og:availability\" content=\"instock\" \/>\n<meta property=\"product:availability\" content=\"instock\" \/>\n<meta property=\"product:condition\" content=\"new\" \/>\n<!-- \/ Yoast SEO plugin. -->","yoast_head_json":{"title":"Lesbisk strip p\u00e5 Mallorca","description":"Lesbisk strip p\u00e5 Mallorca - Lesbisk striptease er et sensuelt, erotisk, festligt og deltagende show - Streaptease lesbico - Hot Girls - Mallorca","robots":{"index":"index","follow":"follow","max-snippet":"max-snippet:-1","max-image-preview":"max-image-preview:large","max-video-preview":"max-video-preview:-1"},"canonical":"https:\/\/fliparas.com\/da\/aktivitet\/lesbisk-strip-pa-mallorca\/","og_locale":"da_DK","og_type":"article","og_title":"Lesbian strip in Mallorca","og_description":"Lesbian strip in Mallorca - Lesbian striptease is a sensual, erotic, festive and participatory show - Streaptease lesbico - Hot Girls - Mallorca","og_url":"https:\/\/fliparas.com\/da\/aktivitet\/lesbisk-strip-pa-mallorca\/","og_site_name":"Agency Specialised in Stag and Hen Parties","article_modified_time":"2025-01-31T10:26:10+00:00","og_image":[{"width":919,"height":1074,"url":"https:\/\/fliparas.com\/wp-content\/uploads\/2024\/03\/lesbian-show-1.jpg","type":"image\/jpeg"}],"twitter_card":"summary_large_image","twitter_misc":{"Pris":"550,00&nbsp;&euro;","Tilg\u00e6ngelighed":"P\u00e5 lager"},"schema":{"@context":"https:\/\/schema.org","@graph":[{"@type":"WebPage","@id":"https:\/\/fliparas.com\/activity\/lesbian-strip-in-mallorca\/","url":"https:\/\/fliparas.com\/activity\/lesbian-strip-in-mallorca\/","name":"Lesbisk strip p\u00e5 Mallorca","isPartOf":{"@id":"https:\/\/fliparas.com\/#website"},"primaryImageOfPage":{"@id":"https:\/\/fliparas.com\/activity\/lesbian-strip-in-mallorca\/#primaryimage"},"image":{"@id":"https:\/\/fliparas.com\/activity\/lesbian-strip-in-mallorca\/#primaryimage"},"thumbnailUrl":"https:\/\/fliparas.com\/wp-content\/uploads\/2024\/03\/lesbian-show-1.jpg","datePublished":"2024-03-19T12:24:07+00:00","dateModified":"2025-01-31T10:26:10+00:00","description":"Lesbisk strip p\u00e5 Mallorca - Lesbisk striptease er et sensuelt, erotisk, festligt og deltagende show - Streaptease lesbico - Hot Girls - Mallorca","breadcrumb":{"@id":"https:\/\/fliparas.com\/activity\/lesbian-strip-in-mallorca\/#breadcrumb"},"inLanguage":"da-DK","potentialAction":[{"@type":"ReadAction","target":["https:\/\/fliparas.com\/activity\/lesbian-strip-in-mallorca\/"]}]},{"@type":"ImageObject","inLanguage":"da-DK","@id":"https:\/\/fliparas.com\/activity\/lesbian-strip-in-mallorca\/#primaryimage","url":"https:\/\/fliparas.com\/wp-content\/uploads\/2024\/03\/lesbian-show-1.jpg","contentUrl":"https:\/\/fliparas.com\/wp-content\/uploads\/2024\/03\/lesbian-show-1.jpg","width":919,"height":1074},{"@type":"BreadcrumbList","@id":"https:\/\/fliparas.com\/activity\/lesbian-strip-in-mallorca\/#breadcrumb","itemListElement":[{"@type":"ListItem","position":1,"name":"Home","item":"https:\/\/fliparas.com\/"},{"@type":"ListItem","position":2,"name":"Shop","item":"https:\/\/fliparas.com\/shop\/"},{"@type":"ListItem","position":3,"name":"Lesbian strip in Mallorca"}]},{"@type":"WebSite","@id":"https:\/\/fliparas.com\/#website","url":"https:\/\/fliparas.com\/","name":"Agentur specialiseret i polterabend og h\u00f8nefest","description":"Stol p\u00e5 det bedst bed\u00f8mte bureau til at arrangere en uforglemmelig polterabend i Europa","publisher":{"@id":"https:\/\/fliparas.com\/#organization"},"alternateName":"Fliparas Agency Specialised in Stag and Hen Parties","potentialAction":[{"@type":"SearchAction","target":{"@type":"EntryPoint","urlTemplate":"https:\/\/fliparas.com\/?s={search_term_string}"},"query-input":{"@type":"PropertyValueSpecification","valueRequired":true,"valueName":"search_term_string"}}],"inLanguage":"da-DK"},{"@type":"Organization","@id":"https:\/\/fliparas.com\/#organization","name":"Fliparas","alternateName":"Agency Specialised in Stag and Hen Parties","url":"https:\/\/fliparas.com\/","logo":{"@type":"ImageObject","inLanguage":"da-DK","@id":"https:\/\/fliparas.com\/#\/schema\/logo\/image\/","url":"https:\/\/fliparas.com\/wp-content\/uploads\/2024\/03\/Logo-Fliparas.png","contentUrl":"https:\/\/fliparas.com\/wp-content\/uploads\/2024\/03\/Logo-Fliparas.png","width":1024,"height":1024,"caption":"Fliparas"},"image":{"@id":"https:\/\/fliparas.com\/#\/schema\/logo\/image\/"}}]},"product_price_amount":"550.00","product_price_currency":"EUR","og_availability":"instock","product_availability":"instock","product_condition":"new"},"_links":{"self":[{"href":"https:\/\/fliparas.com\/da\/wp-json\/wp\/v2\/product\/428","targetHints":{"allow":["GET"]}}],"collection":[{"href":"https:\/\/fliparas.com\/da\/wp-json\/wp\/v2\/product"}],"about":[{"href":"https:\/\/fliparas.com\/da\/wp-json\/wp\/v2\/types\/product"}],"wp:featuredmedia":[{"embeddable":true,"href":"https:\/\/fliparas.com\/da\/wp-json\/wp\/v2\/media\/456"}],"wp:attachment":[{"href":"https:\/\/fliparas.com\/da\/wp-json\/wp\/v2\/media?parent=428"}],"wp:term":[{"taxonomy":"product_brand","embeddable":true,"href":"https:\/\/fliparas.com\/da\/wp-json\/wp\/v2\/product_brand?post=428"},{"taxonomy":"product_cat","embeddable":true,"href":"https:\/\/fliparas.com\/da\/wp-json\/wp\/v2\/product_cat?post=428"},{"taxonomy":"product_tag","embeddable":true,"href":"https:\/\/fliparas.com\/da\/wp-json\/wp\/v2\/product_tag?post=428"}],"curies":[{"name":"wp","href":"https:\/\/api.w.org\/{rel}","templated":true}]}}