{"id":442,"date":"2024-03-19T12:24:08","date_gmt":"2024-03-19T12:24:08","guid":{"rendered":"https:\/\/fliparas.com\/?post_type=product&#038;p=442"},"modified":"2025-01-31T11:27:04","modified_gmt":"2025-01-31T10:27:04","slug":"badaften-pa-mallorca","status":"publish","type":"product","link":"https:\/\/fliparas.com\/da\/aktivitet\/badaften-pa-mallorca\/","title":{"rendered":"B\u00e5daften p\u00e5 Mallorca"},"content":{"rendered":"<p>B\u00e5daften p\u00e5 Mallorca. Nyd en 2,5-timers aftenfest om bord p\u00e5 en b\u00e5d. DJ, bar, pizza.<\/p>\n<p>De bedste polterabender med <a href=\"https:\/\/fliparas.com\/da\/polterabend-2\/\">Polterabend<\/a>! <a href=\"https:\/\/fliparas.com\/da\/polterabend\/\">Polterabend<\/a>!<\/p>\n<h2 style=\"text-align: center;\">B\u00e5daften p\u00e5 Mallorca \ud83d\udea4.<\/h2>\n<p style=\"text-align: center;\">MINIMUMSSALG: 3 PERSONER.<\/p>\n<h5>\ud83c\udf19 Night Boat Party m\u00e5 du ikke g\u00e5 glip af! \ud83d\udea2\ud83c\udf89<\/h5>\n<p>Tag med til en magisk aften om bord p\u00e5 vores natlige b\u00e5dfest, en uforglemmelig oplevelse, der forvandler Middelhavets glitrende vand til dit personlige dansegulv! \ud83c\udf0a\ud83d\udd7a<\/p>\n<p>\ud83c\udf1f Festen starter kl. 22.30 og varer to en halv time, hvor energien n\u00e5r sit h\u00f8jdepunkt under Mallorcas stjernehimmel. Lad dig rive med af de hypnotiserende rytmer fra vores live-DJ, som forvandler b\u00e5den til et flydende dansegulv.<\/p>\n<p>\ud83c\udf55 Hver g\u00e6st nyder et l\u00e6kkert stykke pizza ledsaget af en forfriskende drink. Vores cocktailbar tilbyder et udvalg af uds\u00f8gte drinks til enhver smag.<\/p>\n<p>\ud83c\udf79 Dansegulvet er klar til dine mest vovede bev\u00e6gelser, med blinkende lys og en elektrificerende atmosf\u00e6re. Dans under stjernerne, og m\u00e6rk sp\u00e6ndingen ved en nat p\u00e5 havet.<\/p>\n<p>\ud83c\udf05 Book nu til en uforglemmelig nat i <a href=\"https:\/\/es.wikipedia.org\/wiki\/Palma_de_Mallorca\">Palma de Mallorca<\/a>!<\/p>\n<p>\ud83c\udf8a G\u00e5 ikke glip af denne mulighed for at opleve en sp\u00e6ndende b\u00e5dfest p\u00e5 Mallorca. Magiske \u00f8jeblikke venter p\u00e5 dig mellem livlig musik, kulinariske l\u00e6kkerier og b\u00f8lgernes sk\u00e6r under m\u00e5nens sk\u00e6r. Tag p\u00e5 en natlig oplevelse, som du vil huske for evigt! \ud83c\udf1f<\/p>","protected":false},"excerpt":{"rendered":"<p>B\u00e5daften p\u00e5 Mallorca. Nyd en 2,5-timers aftenfest om bord p\u00e5 en b\u00e5d. DJ, bar, pizza.<\/p>\n<p>MINIMUMSSALG: 3 PERSONER.<\/p>","protected":false},"featured_media":889,"template":"","meta":[],"product_brand":[425],"product_cat":[193,165,194],"product_tag":[257,256],"class_list":{"0":"post-442","1":"product","2":"type-product","3":"status-publish","4":"has-post-thumbnail","6":"product_brand-fliparas-inc","7":"product_cat-hen-party-mallorca","8":"product_cat-mallorca","9":"product_cat-stag-party-mallorca","10":"product_tag-boat-evening","11":"product_tag-boat-evening-in-mallorca","13":"first","14":"instock","15":"virtual","16":"sold-individually","17":"purchasable","18":"product-type-booking"},"yoast_head":"<!-- This site is optimized with the Yoast SEO plugin v26.9 - https:\/\/yoast.com\/product\/yoast-seo-wordpress\/ -->\n<title>Boat evening in Mallorca<\/title>\n<meta name=\"description\" content=\"Boat evening in Mallorca. Enjoy a 2.5-hour evening party aboard a boat. DJ, Bar, Pizza. BoatParty Mallorca.\" \/>\n<meta name=\"robots\" content=\"index, follow, max-snippet:-1, max-image-preview:large, max-video-preview:-1\" \/>\n<link rel=\"canonical\" href=\"https:\/\/fliparas.com\/da\/aktivitet\/badaften-pa-mallorca\/\" \/>\n<meta property=\"og:locale\" content=\"da_DK\" \/>\n<meta property=\"og:type\" content=\"article\" \/>\n<meta property=\"og:title\" content=\"Boat evening in Mallorca\" \/>\n<meta property=\"og:description\" content=\"Boat evening in Mallorca. Enjoy a 2.5-hour evening party aboard a boat. DJ, Bar, Pizza. BoatParty Mallorca.\" \/>\n<meta property=\"og:url\" content=\"https:\/\/fliparas.com\/da\/aktivitet\/badaften-pa-mallorca\/\" \/>\n<meta property=\"og:site_name\" content=\"Agency Specialised in Stag and Hen Parties\" \/>\n<meta property=\"article:modified_time\" content=\"2025-01-31T10:27:04+00:00\" \/>\n<meta property=\"og:image\" content=\"https:\/\/fliparas.com\/wp-content\/uploads\/2024\/03\/Boat-evening-img.jpeg\" \/>\n\t<meta property=\"og:image:width\" content=\"1024\" \/>\n\t<meta property=\"og:image:height\" content=\"1024\" \/>\n\t<meta property=\"og:image:type\" content=\"image\/jpeg\" \/>\n<meta name=\"twitter:card\" content=\"summary_large_image\" \/>\n<meta name=\"twitter:label1\" content=\"Pris\" \/>\n\t<meta name=\"twitter:data1\" content=\"55,00&nbsp;&euro;\" \/>\n\t<meta name=\"twitter:label2\" content=\"Tilg\u00e6ngelighed\" \/>\n\t<meta name=\"twitter:data2\" content=\"P\u00e5 lager\" \/>\n<script type=\"application\/ld+json\" class=\"yoast-schema-graph\">{\"@context\":\"https:\/\/schema.org\",\"@graph\":[{\"@type\":\"WebPage\",\"@id\":\"https:\/\/fliparas.com\/activity\/boat-evening-in-mallorca\/\",\"url\":\"https:\/\/fliparas.com\/activity\/boat-evening-in-mallorca\/\",\"name\":\"Boat evening in Mallorca\",\"isPartOf\":{\"@id\":\"https:\/\/fliparas.com\/#website\"},\"primaryImageOfPage\":{\"@id\":\"https:\/\/fliparas.com\/activity\/boat-evening-in-mallorca\/#primaryimage\"},\"image\":{\"@id\":\"https:\/\/fliparas.com\/activity\/boat-evening-in-mallorca\/#primaryimage\"},\"thumbnailUrl\":\"https:\/\/fliparas.com\/wp-content\/uploads\/2024\/03\/Boat-evening-img.jpeg\",\"datePublished\":\"2024-03-19T12:24:08+00:00\",\"dateModified\":\"2025-01-31T10:27:04+00:00\",\"description\":\"Boat evening in Mallorca. Enjoy a 2.5-hour evening party aboard a boat. DJ, Bar, Pizza. BoatParty Mallorca.\",\"breadcrumb\":{\"@id\":\"https:\/\/fliparas.com\/activity\/boat-evening-in-mallorca\/#breadcrumb\"},\"inLanguage\":\"da-DK\",\"potentialAction\":[{\"@type\":\"ReadAction\",\"target\":[\"https:\/\/fliparas.com\/activity\/boat-evening-in-mallorca\/\"]}]},{\"@type\":\"ImageObject\",\"inLanguage\":\"da-DK\",\"@id\":\"https:\/\/fliparas.com\/activity\/boat-evening-in-mallorca\/#primaryimage\",\"url\":\"https:\/\/fliparas.com\/wp-content\/uploads\/2024\/03\/Boat-evening-img.jpeg\",\"contentUrl\":\"https:\/\/fliparas.com\/wp-content\/uploads\/2024\/03\/Boat-evening-img.jpeg\",\"width\":1024,\"height\":1024},{\"@type\":\"BreadcrumbList\",\"@id\":\"https:\/\/fliparas.com\/activity\/boat-evening-in-mallorca\/#breadcrumb\",\"itemListElement\":[{\"@type\":\"ListItem\",\"position\":1,\"name\":\"Home\",\"item\":\"https:\/\/fliparas.com\/\"},{\"@type\":\"ListItem\",\"position\":2,\"name\":\"Shop\",\"item\":\"https:\/\/fliparas.com\/shop\/\"},{\"@type\":\"ListItem\",\"position\":3,\"name\":\"Boat evening in Mallorca\"}]},{\"@type\":\"WebSite\",\"@id\":\"https:\/\/fliparas.com\/#website\",\"url\":\"https:\/\/fliparas.com\/\",\"name\":\"Agency Specialised in Stag and Hen Parties\",\"description\":\"Trust the highest rated agency to organize an unforgettable stag and hen parties in Europe\",\"publisher\":{\"@id\":\"https:\/\/fliparas.com\/#organization\"},\"alternateName\":\"Fliparas Agency Specialised in Stag and Hen Parties\",\"potentialAction\":[{\"@type\":\"SearchAction\",\"target\":{\"@type\":\"EntryPoint\",\"urlTemplate\":\"https:\/\/fliparas.com\/?s={search_term_string}\"},\"query-input\":{\"@type\":\"PropertyValueSpecification\",\"valueRequired\":true,\"valueName\":\"search_term_string\"}}],\"inLanguage\":\"da-DK\"},{\"@type\":\"Organization\",\"@id\":\"https:\/\/fliparas.com\/#organization\",\"name\":\"Fliparas\",\"alternateName\":\"Agency Specialised in Stag and Hen Parties\",\"url\":\"https:\/\/fliparas.com\/\",\"logo\":{\"@type\":\"ImageObject\",\"inLanguage\":\"da-DK\",\"@id\":\"https:\/\/fliparas.com\/#\/schema\/logo\/image\/\",\"url\":\"https:\/\/fliparas.com\/wp-content\/uploads\/2024\/03\/Logo-Fliparas.png\",\"contentUrl\":\"https:\/\/fliparas.com\/wp-content\/uploads\/2024\/03\/Logo-Fliparas.png\",\"width\":1024,\"height\":1024,\"caption\":\"Fliparas\"},\"image\":{\"@id\":\"https:\/\/fliparas.com\/#\/schema\/logo\/image\/\"}}]}<\/script>\n<meta property=\"product:price:amount\" content=\"55.00\" \/>\n<meta property=\"product:price:currency\" content=\"EUR\" \/>\n<meta property=\"og:availability\" content=\"instock\" \/>\n<meta property=\"product:availability\" content=\"instock\" \/>\n<meta property=\"product:condition\" content=\"new\" \/>\n<!-- \/ Yoast SEO plugin. -->","yoast_head_json":{"title":"B\u00e5daften p\u00e5 Mallorca","description":"B\u00e5daften p\u00e5 Mallorca. Nyd en 2,5-timers aftenfest om bord p\u00e5 en b\u00e5d. DJ, bar, pizza. B\u00e5dfest p\u00e5 Mallorca.","robots":{"index":"index","follow":"follow","max-snippet":"max-snippet:-1","max-image-preview":"max-image-preview:large","max-video-preview":"max-video-preview:-1"},"canonical":"https:\/\/fliparas.com\/da\/aktivitet\/badaften-pa-mallorca\/","og_locale":"da_DK","og_type":"article","og_title":"Boat evening in Mallorca","og_description":"Boat evening in Mallorca. Enjoy a 2.5-hour evening party aboard a boat. DJ, Bar, Pizza. BoatParty Mallorca.","og_url":"https:\/\/fliparas.com\/da\/aktivitet\/badaften-pa-mallorca\/","og_site_name":"Agency Specialised in Stag and Hen Parties","article_modified_time":"2025-01-31T10:27:04+00:00","og_image":[{"width":1024,"height":1024,"url":"https:\/\/fliparas.com\/wp-content\/uploads\/2024\/03\/Boat-evening-img.jpeg","type":"image\/jpeg"}],"twitter_card":"summary_large_image","twitter_misc":{"Pris":"55,00&nbsp;&euro;","Tilg\u00e6ngelighed":"P\u00e5 lager"},"schema":{"@context":"https:\/\/schema.org","@graph":[{"@type":"WebPage","@id":"https:\/\/fliparas.com\/activity\/boat-evening-in-mallorca\/","url":"https:\/\/fliparas.com\/activity\/boat-evening-in-mallorca\/","name":"B\u00e5daften p\u00e5 Mallorca","isPartOf":{"@id":"https:\/\/fliparas.com\/#website"},"primaryImageOfPage":{"@id":"https:\/\/fliparas.com\/activity\/boat-evening-in-mallorca\/#primaryimage"},"image":{"@id":"https:\/\/fliparas.com\/activity\/boat-evening-in-mallorca\/#primaryimage"},"thumbnailUrl":"https:\/\/fliparas.com\/wp-content\/uploads\/2024\/03\/Boat-evening-img.jpeg","datePublished":"2024-03-19T12:24:08+00:00","dateModified":"2025-01-31T10:27:04+00:00","description":"B\u00e5daften p\u00e5 Mallorca. Nyd en 2,5-timers aftenfest om bord p\u00e5 en b\u00e5d. DJ, bar, pizza. B\u00e5dfest p\u00e5 Mallorca.","breadcrumb":{"@id":"https:\/\/fliparas.com\/activity\/boat-evening-in-mallorca\/#breadcrumb"},"inLanguage":"da-DK","potentialAction":[{"@type":"ReadAction","target":["https:\/\/fliparas.com\/activity\/boat-evening-in-mallorca\/"]}]},{"@type":"ImageObject","inLanguage":"da-DK","@id":"https:\/\/fliparas.com\/activity\/boat-evening-in-mallorca\/#primaryimage","url":"https:\/\/fliparas.com\/wp-content\/uploads\/2024\/03\/Boat-evening-img.jpeg","contentUrl":"https:\/\/fliparas.com\/wp-content\/uploads\/2024\/03\/Boat-evening-img.jpeg","width":1024,"height":1024},{"@type":"BreadcrumbList","@id":"https:\/\/fliparas.com\/activity\/boat-evening-in-mallorca\/#breadcrumb","itemListElement":[{"@type":"ListItem","position":1,"name":"Home","item":"https:\/\/fliparas.com\/"},{"@type":"ListItem","position":2,"name":"Shop","item":"https:\/\/fliparas.com\/shop\/"},{"@type":"ListItem","position":3,"name":"Boat evening in Mallorca"}]},{"@type":"WebSite","@id":"https:\/\/fliparas.com\/#website","url":"https:\/\/fliparas.com\/","name":"Agentur specialiseret i polterabend og h\u00f8nefest","description":"Stol p\u00e5 det bedst bed\u00f8mte bureau til at arrangere en uforglemmelig polterabend i Europa","publisher":{"@id":"https:\/\/fliparas.com\/#organization"},"alternateName":"Fliparas Agency Specialised in Stag and Hen Parties","potentialAction":[{"@type":"SearchAction","target":{"@type":"EntryPoint","urlTemplate":"https:\/\/fliparas.com\/?s={search_term_string}"},"query-input":{"@type":"PropertyValueSpecification","valueRequired":true,"valueName":"search_term_string"}}],"inLanguage":"da-DK"},{"@type":"Organization","@id":"https:\/\/fliparas.com\/#organization","name":"Fliparas","alternateName":"Agency Specialised in Stag and Hen Parties","url":"https:\/\/fliparas.com\/","logo":{"@type":"ImageObject","inLanguage":"da-DK","@id":"https:\/\/fliparas.com\/#\/schema\/logo\/image\/","url":"https:\/\/fliparas.com\/wp-content\/uploads\/2024\/03\/Logo-Fliparas.png","contentUrl":"https:\/\/fliparas.com\/wp-content\/uploads\/2024\/03\/Logo-Fliparas.png","width":1024,"height":1024,"caption":"Fliparas"},"image":{"@id":"https:\/\/fliparas.com\/#\/schema\/logo\/image\/"}}]},"product_price_amount":"55.00","product_price_currency":"EUR","og_availability":"instock","product_availability":"instock","product_condition":"new"},"_links":{"self":[{"href":"https:\/\/fliparas.com\/da\/wp-json\/wp\/v2\/product\/442","targetHints":{"allow":["GET"]}}],"collection":[{"href":"https:\/\/fliparas.com\/da\/wp-json\/wp\/v2\/product"}],"about":[{"href":"https:\/\/fliparas.com\/da\/wp-json\/wp\/v2\/types\/product"}],"wp:featuredmedia":[{"embeddable":true,"href":"https:\/\/fliparas.com\/da\/wp-json\/wp\/v2\/media\/889"}],"wp:attachment":[{"href":"https:\/\/fliparas.com\/da\/wp-json\/wp\/v2\/media?parent=442"}],"wp:term":[{"taxonomy":"product_brand","embeddable":true,"href":"https:\/\/fliparas.com\/da\/wp-json\/wp\/v2\/product_brand?post=442"},{"taxonomy":"product_cat","embeddable":true,"href":"https:\/\/fliparas.com\/da\/wp-json\/wp\/v2\/product_cat?post=442"},{"taxonomy":"product_tag","embeddable":true,"href":"https:\/\/fliparas.com\/da\/wp-json\/wp\/v2\/product_tag?post=442"}],"curies":[{"name":"wp","href":"https:\/\/api.w.org\/{rel}","templated":true}]}}