{"id":445,"date":"2024-03-19T12:24:08","date_gmt":"2024-03-19T12:24:08","guid":{"rendered":"https:\/\/fliparas.com\/?post_type=product&#038;p=445"},"modified":"2025-01-31T11:27:04","modified_gmt":"2025-01-31T10:27:04","slug":"frokost-pa-bad-mallorca","status":"publish","type":"product","link":"https:\/\/fliparas.com\/da\/aktivitet\/frokost-pa-bad-mallorca\/","title":{"rendered":"Frokost p\u00e5 b\u00e5den Mallorca"},"content":{"rendered":"<p>Frokost p\u00e5 b\u00e5den p\u00e5 Mallorca. Nyd en fem timers b\u00e5dtur med musik og frokost inkluderet.<\/p>\n<p>De bedste polterabender med <a href=\"https:\/\/fliparas.com\/da\/polterabend-2\/\">Polterabend<\/a>! <a href=\"https:\/\/fliparas.com\/da\/polterabend\/\">Polterabend<\/a>!<\/p>\n<h2 style=\"text-align: center;\">Frokost p\u00e5 b\u00e5den p\u00e5 Mallorca \ud83c\udf7d\ufe0f<\/h2>\n<h4>\ud83c\udf0a Udforsk katamaranens herligheder i hjertet af Middelhavet! \u26f5\ud83c\udf7d\ufe0f<\/h4>\n<p>Tag p\u00e5 en 5-timers katamaranudflugt, der starter kl. 10 fra havnen, et s\u00f8eventyr, der kombinerer afslapning, udforskning og en unik gastronomisk oplevelse.<\/p>\n<p>\ud83c\udfb6 Oplev en overfart til musik, solbade p\u00e5 d\u00e6kket, beundre kystlandskabet, danse til b\u00f8lgernes rytme eller bare nyde at sejle i det fri.<\/p>\n<p>\ud83c\udfdd\ufe0f Vi ankrer op i det krystalklare vand i Cala Blava, hvilket giver en perfekt mulighed for at udforske undervandsrigdommene, sv\u00f8mme, snorkle eller bare slappe af i solen p\u00e5 ford\u00e6kkets net.<\/p>\n<p>\ud83c\udf7d\ufe0f Nyd en enest\u00e5ende madoplevelse p\u00e5 det \u00e5bne hav. Vores uds\u00f8gte catering omfatter friske br\u00f8dkurve, hjemmelavet ali-oli, pestofocaccia og guacamole med spr\u00f8de chips.<\/p>\n<p>\ud83e\udd57 Gl\u00e6d dine smagsl\u00f8g med friske salater som r\u00f8get quinoa og r\u00f8dbede, spinat og appelsin. Nyd skaldyrsdelikatesser som wrap med r\u00f8get laks, caprese-spyd og aubergine parmigiana.<\/p>\n<p>\ud83c\udf54 For k\u00f8delskere, opdag vores mini-okseburgere og piadina med skinke, rucola og ost. Hvis du er til eksotiske smage, m\u00e5 du ikke g\u00e5 glip af kylling tikka masala-spyddet.<\/p>\n<p>\ud83c\udf6e Og til dessert er der mini-cr\u00e8me br\u00fbl\u00e9es med r\u00f8de frugter og en uimodst\u00e5elig chokoladebrownie (vegansk mulighed).<\/p>\n<p>\ud83c\udf1f Book nu til en uforglemmelig dag til s\u00f8s!<\/p>\n<p>\ud83d\udea4 Nyd hvert \u00f8jeblik af denne unikke ferie, der kombinerer afslapning, eventyr og gastronomiske l\u00e6kkerier i hjertet af Middelhavet. En uforglemmelig katamaranoplevelse i Palma de Mallorca venter p\u00e5 dig! \ud83c\udf1e\ud83c\udf0a<\/p>","protected":false},"excerpt":{"rendered":"<p>Frokost p\u00e5 b\u00e5den p\u00e5 Mallorca. Nyd en fem timers b\u00e5dtur med musik og frokost inkluderet.<\/p>","protected":false},"featured_media":848,"template":"","meta":[],"product_brand":[425],"product_cat":[193,165,194],"product_tag":[234,233],"class_list":{"0":"post-445","1":"product","2":"type-product","3":"status-publish","4":"has-post-thumbnail","6":"product_brand-fliparas-inc","7":"product_cat-hen-party-mallorca","8":"product_cat-mallorca","9":"product_cat-stag-party-mallorca","10":"product_tag-lunch-on-boat","11":"product_tag-lunch-on-boat-mallorca","13":"first","14":"instock","15":"virtual","16":"sold-individually","17":"purchasable","18":"product-type-booking"},"yoast_head":"<!-- This site is optimized with the Yoast SEO plugin v26.9 - https:\/\/yoast.com\/product\/yoast-seo-wordpress\/ -->\n<title>Lunch on boat Mallorca<\/title>\n<meta name=\"description\" content=\"Lunch on boat in Mallorca. Enjoy a five-hour boat tour with music and lunch included. Launch in Catamaran Mallorca\" \/>\n<meta name=\"robots\" content=\"index, follow, max-snippet:-1, max-image-preview:large, max-video-preview:-1\" \/>\n<link rel=\"canonical\" href=\"https:\/\/fliparas.com\/da\/aktivitet\/frokost-pa-bad-mallorca\/\" \/>\n<meta property=\"og:locale\" content=\"da_DK\" \/>\n<meta property=\"og:type\" content=\"article\" \/>\n<meta property=\"og:title\" content=\"Lunch on boat Mallorca\" \/>\n<meta property=\"og:description\" content=\"Lunch on boat in Mallorca. Enjoy a five-hour boat tour with music and lunch included. Launch in Catamaran Mallorca\" \/>\n<meta property=\"og:url\" content=\"https:\/\/fliparas.com\/da\/aktivitet\/frokost-pa-bad-mallorca\/\" \/>\n<meta property=\"og:site_name\" content=\"Agency Specialised in Stag and Hen Parties\" \/>\n<meta property=\"article:modified_time\" content=\"2025-01-31T10:27:04+00:00\" \/>\n<meta property=\"og:image\" content=\"https:\/\/fliparas.com\/wp-content\/uploads\/2024\/03\/Lunch-on-boat-img.jpeg\" \/>\n\t<meta property=\"og:image:width\" content=\"1024\" \/>\n\t<meta property=\"og:image:height\" content=\"1024\" \/>\n\t<meta property=\"og:image:type\" content=\"image\/jpeg\" \/>\n<meta name=\"twitter:card\" content=\"summary_large_image\" \/>\n<meta name=\"twitter:label1\" content=\"Pris\" \/>\n\t<meta name=\"twitter:data1\" content=\"88,00&nbsp;&euro;\" \/>\n\t<meta name=\"twitter:label2\" content=\"Tilg\u00e6ngelighed\" \/>\n\t<meta name=\"twitter:data2\" content=\"P\u00e5 lager\" \/>\n<script type=\"application\/ld+json\" class=\"yoast-schema-graph\">{\"@context\":\"https:\/\/schema.org\",\"@graph\":[{\"@type\":\"WebPage\",\"@id\":\"https:\/\/fliparas.com\/activity\/lunch-on-boat-mallorca\/\",\"url\":\"https:\/\/fliparas.com\/activity\/lunch-on-boat-mallorca\/\",\"name\":\"Lunch on boat Mallorca\",\"isPartOf\":{\"@id\":\"https:\/\/fliparas.com\/#website\"},\"primaryImageOfPage\":{\"@id\":\"https:\/\/fliparas.com\/activity\/lunch-on-boat-mallorca\/#primaryimage\"},\"image\":{\"@id\":\"https:\/\/fliparas.com\/activity\/lunch-on-boat-mallorca\/#primaryimage\"},\"thumbnailUrl\":\"https:\/\/fliparas.com\/wp-content\/uploads\/2024\/03\/Lunch-on-boat-img.jpeg\",\"datePublished\":\"2024-03-19T12:24:08+00:00\",\"dateModified\":\"2025-01-31T10:27:04+00:00\",\"description\":\"Lunch on boat in Mallorca. Enjoy a five-hour boat tour with music and lunch included. Launch in Catamaran Mallorca\",\"breadcrumb\":{\"@id\":\"https:\/\/fliparas.com\/activity\/lunch-on-boat-mallorca\/#breadcrumb\"},\"inLanguage\":\"da-DK\",\"potentialAction\":[{\"@type\":\"ReadAction\",\"target\":[\"https:\/\/fliparas.com\/activity\/lunch-on-boat-mallorca\/\"]}]},{\"@type\":\"ImageObject\",\"inLanguage\":\"da-DK\",\"@id\":\"https:\/\/fliparas.com\/activity\/lunch-on-boat-mallorca\/#primaryimage\",\"url\":\"https:\/\/fliparas.com\/wp-content\/uploads\/2024\/03\/Lunch-on-boat-img.jpeg\",\"contentUrl\":\"https:\/\/fliparas.com\/wp-content\/uploads\/2024\/03\/Lunch-on-boat-img.jpeg\",\"width\":1024,\"height\":1024},{\"@type\":\"BreadcrumbList\",\"@id\":\"https:\/\/fliparas.com\/activity\/lunch-on-boat-mallorca\/#breadcrumb\",\"itemListElement\":[{\"@type\":\"ListItem\",\"position\":1,\"name\":\"Home\",\"item\":\"https:\/\/fliparas.com\/\"},{\"@type\":\"ListItem\",\"position\":2,\"name\":\"Shop\",\"item\":\"https:\/\/fliparas.com\/shop\/\"},{\"@type\":\"ListItem\",\"position\":3,\"name\":\"Lunch on boat Mallorca\"}]},{\"@type\":\"WebSite\",\"@id\":\"https:\/\/fliparas.com\/#website\",\"url\":\"https:\/\/fliparas.com\/\",\"name\":\"Agency Specialised in Stag and Hen Parties\",\"description\":\"Trust the highest rated agency to organize an unforgettable stag and hen parties in Europe\",\"publisher\":{\"@id\":\"https:\/\/fliparas.com\/#organization\"},\"alternateName\":\"Fliparas Agency Specialised in Stag and Hen Parties\",\"potentialAction\":[{\"@type\":\"SearchAction\",\"target\":{\"@type\":\"EntryPoint\",\"urlTemplate\":\"https:\/\/fliparas.com\/?s={search_term_string}\"},\"query-input\":{\"@type\":\"PropertyValueSpecification\",\"valueRequired\":true,\"valueName\":\"search_term_string\"}}],\"inLanguage\":\"da-DK\"},{\"@type\":\"Organization\",\"@id\":\"https:\/\/fliparas.com\/#organization\",\"name\":\"Fliparas\",\"alternateName\":\"Agency Specialised in Stag and Hen Parties\",\"url\":\"https:\/\/fliparas.com\/\",\"logo\":{\"@type\":\"ImageObject\",\"inLanguage\":\"da-DK\",\"@id\":\"https:\/\/fliparas.com\/#\/schema\/logo\/image\/\",\"url\":\"https:\/\/fliparas.com\/wp-content\/uploads\/2024\/03\/Logo-Fliparas.png\",\"contentUrl\":\"https:\/\/fliparas.com\/wp-content\/uploads\/2024\/03\/Logo-Fliparas.png\",\"width\":1024,\"height\":1024,\"caption\":\"Fliparas\"},\"image\":{\"@id\":\"https:\/\/fliparas.com\/#\/schema\/logo\/image\/\"}}]}<\/script>\n<meta property=\"product:price:amount\" content=\"88.00\" \/>\n<meta property=\"product:price:currency\" content=\"EUR\" \/>\n<meta property=\"og:availability\" content=\"instock\" \/>\n<meta property=\"product:availability\" content=\"instock\" \/>\n<meta property=\"product:condition\" content=\"new\" \/>\n<!-- \/ Yoast SEO plugin. -->","yoast_head_json":{"title":"Frokost p\u00e5 b\u00e5den Mallorca","description":"Frokost p\u00e5 b\u00e5den p\u00e5 Mallorca. Nyd en fem timers b\u00e5dtur med musik og frokost inkluderet. Lancering i katamaran Mallorca","robots":{"index":"index","follow":"follow","max-snippet":"max-snippet:-1","max-image-preview":"max-image-preview:large","max-video-preview":"max-video-preview:-1"},"canonical":"https:\/\/fliparas.com\/da\/aktivitet\/frokost-pa-bad-mallorca\/","og_locale":"da_DK","og_type":"article","og_title":"Lunch on boat Mallorca","og_description":"Lunch on boat in Mallorca. Enjoy a five-hour boat tour with music and lunch included. Launch in Catamaran Mallorca","og_url":"https:\/\/fliparas.com\/da\/aktivitet\/frokost-pa-bad-mallorca\/","og_site_name":"Agency Specialised in Stag and Hen Parties","article_modified_time":"2025-01-31T10:27:04+00:00","og_image":[{"width":1024,"height":1024,"url":"https:\/\/fliparas.com\/wp-content\/uploads\/2024\/03\/Lunch-on-boat-img.jpeg","type":"image\/jpeg"}],"twitter_card":"summary_large_image","twitter_misc":{"Pris":"88,00&nbsp;&euro;","Tilg\u00e6ngelighed":"P\u00e5 lager"},"schema":{"@context":"https:\/\/schema.org","@graph":[{"@type":"WebPage","@id":"https:\/\/fliparas.com\/activity\/lunch-on-boat-mallorca\/","url":"https:\/\/fliparas.com\/activity\/lunch-on-boat-mallorca\/","name":"Frokost p\u00e5 b\u00e5den Mallorca","isPartOf":{"@id":"https:\/\/fliparas.com\/#website"},"primaryImageOfPage":{"@id":"https:\/\/fliparas.com\/activity\/lunch-on-boat-mallorca\/#primaryimage"},"image":{"@id":"https:\/\/fliparas.com\/activity\/lunch-on-boat-mallorca\/#primaryimage"},"thumbnailUrl":"https:\/\/fliparas.com\/wp-content\/uploads\/2024\/03\/Lunch-on-boat-img.jpeg","datePublished":"2024-03-19T12:24:08+00:00","dateModified":"2025-01-31T10:27:04+00:00","description":"Frokost p\u00e5 b\u00e5den p\u00e5 Mallorca. Nyd en fem timers b\u00e5dtur med musik og frokost inkluderet. Lancering i katamaran Mallorca","breadcrumb":{"@id":"https:\/\/fliparas.com\/activity\/lunch-on-boat-mallorca\/#breadcrumb"},"inLanguage":"da-DK","potentialAction":[{"@type":"ReadAction","target":["https:\/\/fliparas.com\/activity\/lunch-on-boat-mallorca\/"]}]},{"@type":"ImageObject","inLanguage":"da-DK","@id":"https:\/\/fliparas.com\/activity\/lunch-on-boat-mallorca\/#primaryimage","url":"https:\/\/fliparas.com\/wp-content\/uploads\/2024\/03\/Lunch-on-boat-img.jpeg","contentUrl":"https:\/\/fliparas.com\/wp-content\/uploads\/2024\/03\/Lunch-on-boat-img.jpeg","width":1024,"height":1024},{"@type":"BreadcrumbList","@id":"https:\/\/fliparas.com\/activity\/lunch-on-boat-mallorca\/#breadcrumb","itemListElement":[{"@type":"ListItem","position":1,"name":"Home","item":"https:\/\/fliparas.com\/"},{"@type":"ListItem","position":2,"name":"Shop","item":"https:\/\/fliparas.com\/shop\/"},{"@type":"ListItem","position":3,"name":"Lunch on boat Mallorca"}]},{"@type":"WebSite","@id":"https:\/\/fliparas.com\/#website","url":"https:\/\/fliparas.com\/","name":"Agentur specialiseret i polterabend og h\u00f8nefest","description":"Stol p\u00e5 det bedst bed\u00f8mte bureau til at arrangere en uforglemmelig polterabend i Europa","publisher":{"@id":"https:\/\/fliparas.com\/#organization"},"alternateName":"Fliparas Agency Specialised in Stag and Hen Parties","potentialAction":[{"@type":"SearchAction","target":{"@type":"EntryPoint","urlTemplate":"https:\/\/fliparas.com\/?s={search_term_string}"},"query-input":{"@type":"PropertyValueSpecification","valueRequired":true,"valueName":"search_term_string"}}],"inLanguage":"da-DK"},{"@type":"Organization","@id":"https:\/\/fliparas.com\/#organization","name":"Fliparas","alternateName":"Agency Specialised in Stag and Hen Parties","url":"https:\/\/fliparas.com\/","logo":{"@type":"ImageObject","inLanguage":"da-DK","@id":"https:\/\/fliparas.com\/#\/schema\/logo\/image\/","url":"https:\/\/fliparas.com\/wp-content\/uploads\/2024\/03\/Logo-Fliparas.png","contentUrl":"https:\/\/fliparas.com\/wp-content\/uploads\/2024\/03\/Logo-Fliparas.png","width":1024,"height":1024,"caption":"Fliparas"},"image":{"@id":"https:\/\/fliparas.com\/#\/schema\/logo\/image\/"}}]},"product_price_amount":"88.00","product_price_currency":"EUR","og_availability":"instock","product_availability":"instock","product_condition":"new"},"_links":{"self":[{"href":"https:\/\/fliparas.com\/da\/wp-json\/wp\/v2\/product\/445","targetHints":{"allow":["GET"]}}],"collection":[{"href":"https:\/\/fliparas.com\/da\/wp-json\/wp\/v2\/product"}],"about":[{"href":"https:\/\/fliparas.com\/da\/wp-json\/wp\/v2\/types\/product"}],"wp:featuredmedia":[{"embeddable":true,"href":"https:\/\/fliparas.com\/da\/wp-json\/wp\/v2\/media\/848"}],"wp:attachment":[{"href":"https:\/\/fliparas.com\/da\/wp-json\/wp\/v2\/media?parent=445"}],"wp:term":[{"taxonomy":"product_brand","embeddable":true,"href":"https:\/\/fliparas.com\/da\/wp-json\/wp\/v2\/product_brand?post=445"},{"taxonomy":"product_cat","embeddable":true,"href":"https:\/\/fliparas.com\/da\/wp-json\/wp\/v2\/product_cat?post=445"},{"taxonomy":"product_tag","embeddable":true,"href":"https:\/\/fliparas.com\/da\/wp-json\/wp\/v2\/product_tag?post=445"}],"curies":[{"name":"wp","href":"https:\/\/api.w.org\/{rel}","templated":true}]}}