{"id":451,"date":"2024-03-19T12:24:08","date_gmt":"2024-03-19T12:24:08","guid":{"rendered":"https:\/\/fliparas.com\/?post_type=product&#038;p=451"},"modified":"2025-01-31T11:28:28","modified_gmt":"2025-01-31T10:28:28","slug":"spa-arabiske-bade-mallorca","status":"publish","type":"product","link":"https:\/\/fliparas.com\/da\/aktivitet\/spa-arabiske-bade-mallorca\/","title":{"rendered":"SPA Arab Baths Mallorca"},"content":{"rendered":"<p>SPA Arab Baths Mallorca. En times arabisk bad, femten minutters massage og femten minutters hot stone-seng. En oplevelse p\u00e5 halvanden time.<\/p>\n<p>De bedste polterabender med <a href=\"https:\/\/fliparas.com\/da\/polterabend-2\/\">Polterabend<\/a>! <a href=\"https:\/\/fliparas.com\/da\/polterabend\/\">Polterabend<\/a>!<\/p>\n<h2 style=\"text-align: center;\">SPA Arab Baths Mallorca \ud83d\udec1<\/h2>\n<p style=\"text-align: center;\">MINIMUMSSALG: 6 PERSONER.<\/p>\n<h5>\ud83c\udf3a Velkommen til wellness-oasen i Palma de Mallorca!\ud83c\udf34\ud83c\udf3f<\/h5>\n<p>Oplev et \u00f8jebliks ren lykke med vores eksklusive spa-oplevelse i Palma de Mallorca! \ud83c\udf0a\ud83d\udc86\u200d\u2640\ufe0f<\/p>\n<p>\ud83d\udca7 Uds\u00f8gte arabiske bade: Fordyb dig i en times total afslapning med vores luksuri\u00f8se arabiske bade. Lad det beroligende vand omslutte dig og skabe en eskapistisk atmosf\u00e6re, hvor stress smelter v\u00e6k.<\/p>\n<p>\ud83d\udc50 15 minutters afslappende massage: Nyd en femten minutters ekspertmassage, der er designet til at fjerne muskelsp\u00e6ndinger og give dyb afslapning. Lad vores terapeuters eksperth\u00e6nder guide dig mod en tilstand af ro.<\/p>\n<p>\ud83c\udf0b Varm stenseng til udrensning: Afslut din oplevelse med femten minutter p\u00e5 en hot stone bed, et rensende ritual, der revitaliserer krop og sind. M\u00e6rk den beroligende varme, der frig\u00f8r ophobede sp\u00e6ndinger.<\/p>\n<p>\ud83c\udf75*Relaxation Area &amp; Transformer: Efter din behandling kan du slappe af i vores rum, der er dedikeret til ro. Nyd en beroligende kop te, mens du lader fordelene ved din spa-oplevelse tr\u00e6nge ind i dit v\u00e6sen.<\/p>\n<p>\ud83c\udf1f Book dit uforglemmelige \u00f8jeblik af afslapning!<\/p>\n<p>Fork\u00e6l dig selv med halvanden times ren ro i vores oase af fred i <a href=\"https:\/\/es.wikipedia.org\/wiki\/Palma_de_Mallorca\">Palma de Mallorca<\/a>. Vores spa-oplevelse er designet til at give dig dyb afslapning og forvandle hvert \u00f8jeblik til en unik sanselig rejse. \ud83c\udf3a\u2728<\/p>","protected":false},"excerpt":{"rendered":"<p>SPA Arab Baths Mallorca. En times arabisk bad, femten minutters massage og femten minutters hot stone-seng. En oplevelse p\u00e5 halvanden time.<\/p>\n<p>MINIMUMSSALG: 6 PERSONER.<\/p>","protected":false},"featured_media":876,"template":"","meta":[],"product_brand":[425],"product_cat":[193,165,194],"product_tag":[246,245],"class_list":{"0":"post-451","1":"product","2":"type-product","3":"status-publish","4":"has-post-thumbnail","6":"product_brand-fliparas-inc","7":"product_cat-hen-party-mallorca","8":"product_cat-mallorca","9":"product_cat-stag-party-mallorca","10":"product_tag-spa-arab-baths","11":"product_tag-spa-arab-baths-mallorca","13":"first","14":"instock","15":"virtual","16":"sold-individually","17":"purchasable","18":"product-type-booking"},"yoast_head":"<!-- This site is optimized with the Yoast SEO plugin v26.9 - https:\/\/yoast.com\/product\/yoast-seo-wordpress\/ -->\n<title>SPA Arab Baths Mallorca<\/title>\n<meta name=\"description\" content=\"SPA Arab Baths Mallorca. One hour of Arab bath, fifteen minutes of massage and fifteen minutes of hot stone bed. An hour and a half experience.\" \/>\n<meta name=\"robots\" content=\"index, follow, max-snippet:-1, max-image-preview:large, max-video-preview:-1\" \/>\n<link rel=\"canonical\" href=\"https:\/\/fliparas.com\/da\/aktivitet\/spa-arabiske-bade-mallorca\/\" \/>\n<meta property=\"og:locale\" content=\"da_DK\" \/>\n<meta property=\"og:type\" content=\"article\" \/>\n<meta property=\"og:title\" content=\"SPA Arab Baths Mallorca\" \/>\n<meta property=\"og:description\" content=\"SPA Arab Baths Mallorca. One hour of Arab bath, fifteen minutes of massage and fifteen minutes of hot stone bed. An hour and a half experience.\" \/>\n<meta property=\"og:url\" content=\"https:\/\/fliparas.com\/da\/aktivitet\/spa-arabiske-bade-mallorca\/\" \/>\n<meta property=\"og:site_name\" content=\"Agency Specialised in Stag and Hen Parties\" \/>\n<meta property=\"article:modified_time\" content=\"2025-01-31T10:28:28+00:00\" \/>\n<meta property=\"og:image\" content=\"https:\/\/fliparas.com\/wp-content\/uploads\/2024\/03\/SPA-Arab-Baths-img.jpeg\" \/>\n\t<meta property=\"og:image:width\" content=\"1024\" \/>\n\t<meta property=\"og:image:height\" content=\"1024\" \/>\n\t<meta property=\"og:image:type\" content=\"image\/jpeg\" \/>\n<meta name=\"twitter:card\" content=\"summary_large_image\" \/>\n<meta name=\"twitter:label1\" content=\"Pris\" \/>\n\t<meta name=\"twitter:data1\" content=\"60,00&nbsp;&euro;\" \/>\n\t<meta name=\"twitter:label2\" content=\"Tilg\u00e6ngelighed\" \/>\n\t<meta name=\"twitter:data2\" content=\"P\u00e5 lager\" \/>\n<script type=\"application\/ld+json\" class=\"yoast-schema-graph\">{\"@context\":\"https:\/\/schema.org\",\"@graph\":[{\"@type\":\"WebPage\",\"@id\":\"https:\/\/fliparas.com\/activity\/spa-arab-baths-mallorca\/\",\"url\":\"https:\/\/fliparas.com\/activity\/spa-arab-baths-mallorca\/\",\"name\":\"SPA Arab Baths Mallorca\",\"isPartOf\":{\"@id\":\"https:\/\/fliparas.com\/#website\"},\"primaryImageOfPage\":{\"@id\":\"https:\/\/fliparas.com\/activity\/spa-arab-baths-mallorca\/#primaryimage\"},\"image\":{\"@id\":\"https:\/\/fliparas.com\/activity\/spa-arab-baths-mallorca\/#primaryimage\"},\"thumbnailUrl\":\"https:\/\/fliparas.com\/wp-content\/uploads\/2024\/03\/SPA-Arab-Baths-img.jpeg\",\"datePublished\":\"2024-03-19T12:24:08+00:00\",\"dateModified\":\"2025-01-31T10:28:28+00:00\",\"description\":\"SPA Arab Baths Mallorca. One hour of Arab bath, fifteen minutes of massage and fifteen minutes of hot stone bed. An hour and a half experience.\",\"breadcrumb\":{\"@id\":\"https:\/\/fliparas.com\/activity\/spa-arab-baths-mallorca\/#breadcrumb\"},\"inLanguage\":\"da-DK\",\"potentialAction\":[{\"@type\":\"ReadAction\",\"target\":[\"https:\/\/fliparas.com\/activity\/spa-arab-baths-mallorca\/\"]}]},{\"@type\":\"ImageObject\",\"inLanguage\":\"da-DK\",\"@id\":\"https:\/\/fliparas.com\/activity\/spa-arab-baths-mallorca\/#primaryimage\",\"url\":\"https:\/\/fliparas.com\/wp-content\/uploads\/2024\/03\/SPA-Arab-Baths-img.jpeg\",\"contentUrl\":\"https:\/\/fliparas.com\/wp-content\/uploads\/2024\/03\/SPA-Arab-Baths-img.jpeg\",\"width\":1024,\"height\":1024},{\"@type\":\"BreadcrumbList\",\"@id\":\"https:\/\/fliparas.com\/activity\/spa-arab-baths-mallorca\/#breadcrumb\",\"itemListElement\":[{\"@type\":\"ListItem\",\"position\":1,\"name\":\"Home\",\"item\":\"https:\/\/fliparas.com\/\"},{\"@type\":\"ListItem\",\"position\":2,\"name\":\"Shop\",\"item\":\"https:\/\/fliparas.com\/shop\/\"},{\"@type\":\"ListItem\",\"position\":3,\"name\":\"SPA Arab Baths Mallorca\"}]},{\"@type\":\"WebSite\",\"@id\":\"https:\/\/fliparas.com\/#website\",\"url\":\"https:\/\/fliparas.com\/\",\"name\":\"Agency Specialised in Stag and Hen Parties\",\"description\":\"Trust the highest rated agency to organize an unforgettable stag and hen parties in Europe\",\"publisher\":{\"@id\":\"https:\/\/fliparas.com\/#organization\"},\"alternateName\":\"Fliparas Agency Specialised in Stag and Hen Parties\",\"potentialAction\":[{\"@type\":\"SearchAction\",\"target\":{\"@type\":\"EntryPoint\",\"urlTemplate\":\"https:\/\/fliparas.com\/?s={search_term_string}\"},\"query-input\":{\"@type\":\"PropertyValueSpecification\",\"valueRequired\":true,\"valueName\":\"search_term_string\"}}],\"inLanguage\":\"da-DK\"},{\"@type\":\"Organization\",\"@id\":\"https:\/\/fliparas.com\/#organization\",\"name\":\"Fliparas\",\"alternateName\":\"Agency Specialised in Stag and Hen Parties\",\"url\":\"https:\/\/fliparas.com\/\",\"logo\":{\"@type\":\"ImageObject\",\"inLanguage\":\"da-DK\",\"@id\":\"https:\/\/fliparas.com\/#\/schema\/logo\/image\/\",\"url\":\"https:\/\/fliparas.com\/wp-content\/uploads\/2024\/03\/Logo-Fliparas.png\",\"contentUrl\":\"https:\/\/fliparas.com\/wp-content\/uploads\/2024\/03\/Logo-Fliparas.png\",\"width\":1024,\"height\":1024,\"caption\":\"Fliparas\"},\"image\":{\"@id\":\"https:\/\/fliparas.com\/#\/schema\/logo\/image\/\"}}]}<\/script>\n<meta property=\"product:price:amount\" content=\"60.00\" \/>\n<meta property=\"product:price:currency\" content=\"EUR\" \/>\n<meta property=\"og:availability\" content=\"instock\" \/>\n<meta property=\"product:availability\" content=\"instock\" \/>\n<meta property=\"product:condition\" content=\"new\" \/>\n<!-- \/ Yoast SEO plugin. -->","yoast_head_json":{"title":"SPA Arab Baths Mallorca","description":"SPA Arab Baths Mallorca. En times arabisk bad, femten minutters massage og femten minutters hot stone-seng. En oplevelse p\u00e5 halvanden time.","robots":{"index":"index","follow":"follow","max-snippet":"max-snippet:-1","max-image-preview":"max-image-preview:large","max-video-preview":"max-video-preview:-1"},"canonical":"https:\/\/fliparas.com\/da\/aktivitet\/spa-arabiske-bade-mallorca\/","og_locale":"da_DK","og_type":"article","og_title":"SPA Arab Baths Mallorca","og_description":"SPA Arab Baths Mallorca. One hour of Arab bath, fifteen minutes of massage and fifteen minutes of hot stone bed. An hour and a half experience.","og_url":"https:\/\/fliparas.com\/da\/aktivitet\/spa-arabiske-bade-mallorca\/","og_site_name":"Agency Specialised in Stag and Hen Parties","article_modified_time":"2025-01-31T10:28:28+00:00","og_image":[{"width":1024,"height":1024,"url":"https:\/\/fliparas.com\/wp-content\/uploads\/2024\/03\/SPA-Arab-Baths-img.jpeg","type":"image\/jpeg"}],"twitter_card":"summary_large_image","twitter_misc":{"Pris":"60,00&nbsp;&euro;","Tilg\u00e6ngelighed":"P\u00e5 lager"},"schema":{"@context":"https:\/\/schema.org","@graph":[{"@type":"WebPage","@id":"https:\/\/fliparas.com\/activity\/spa-arab-baths-mallorca\/","url":"https:\/\/fliparas.com\/activity\/spa-arab-baths-mallorca\/","name":"SPA Arab Baths Mallorca","isPartOf":{"@id":"https:\/\/fliparas.com\/#website"},"primaryImageOfPage":{"@id":"https:\/\/fliparas.com\/activity\/spa-arab-baths-mallorca\/#primaryimage"},"image":{"@id":"https:\/\/fliparas.com\/activity\/spa-arab-baths-mallorca\/#primaryimage"},"thumbnailUrl":"https:\/\/fliparas.com\/wp-content\/uploads\/2024\/03\/SPA-Arab-Baths-img.jpeg","datePublished":"2024-03-19T12:24:08+00:00","dateModified":"2025-01-31T10:28:28+00:00","description":"SPA Arab Baths Mallorca. En times arabisk bad, femten minutters massage og femten minutters hot stone-seng. En oplevelse p\u00e5 halvanden time.","breadcrumb":{"@id":"https:\/\/fliparas.com\/activity\/spa-arab-baths-mallorca\/#breadcrumb"},"inLanguage":"da-DK","potentialAction":[{"@type":"ReadAction","target":["https:\/\/fliparas.com\/activity\/spa-arab-baths-mallorca\/"]}]},{"@type":"ImageObject","inLanguage":"da-DK","@id":"https:\/\/fliparas.com\/activity\/spa-arab-baths-mallorca\/#primaryimage","url":"https:\/\/fliparas.com\/wp-content\/uploads\/2024\/03\/SPA-Arab-Baths-img.jpeg","contentUrl":"https:\/\/fliparas.com\/wp-content\/uploads\/2024\/03\/SPA-Arab-Baths-img.jpeg","width":1024,"height":1024},{"@type":"BreadcrumbList","@id":"https:\/\/fliparas.com\/activity\/spa-arab-baths-mallorca\/#breadcrumb","itemListElement":[{"@type":"ListItem","position":1,"name":"Home","item":"https:\/\/fliparas.com\/"},{"@type":"ListItem","position":2,"name":"Shop","item":"https:\/\/fliparas.com\/shop\/"},{"@type":"ListItem","position":3,"name":"SPA Arab Baths Mallorca"}]},{"@type":"WebSite","@id":"https:\/\/fliparas.com\/#website","url":"https:\/\/fliparas.com\/","name":"Agentur specialiseret i polterabend og h\u00f8nefest","description":"Stol p\u00e5 det bedst bed\u00f8mte bureau til at arrangere en uforglemmelig polterabend i Europa","publisher":{"@id":"https:\/\/fliparas.com\/#organization"},"alternateName":"Fliparas Agency Specialised in Stag and Hen Parties","potentialAction":[{"@type":"SearchAction","target":{"@type":"EntryPoint","urlTemplate":"https:\/\/fliparas.com\/?s={search_term_string}"},"query-input":{"@type":"PropertyValueSpecification","valueRequired":true,"valueName":"search_term_string"}}],"inLanguage":"da-DK"},{"@type":"Organization","@id":"https:\/\/fliparas.com\/#organization","name":"Fliparas","alternateName":"Agency Specialised in Stag and Hen Parties","url":"https:\/\/fliparas.com\/","logo":{"@type":"ImageObject","inLanguage":"da-DK","@id":"https:\/\/fliparas.com\/#\/schema\/logo\/image\/","url":"https:\/\/fliparas.com\/wp-content\/uploads\/2024\/03\/Logo-Fliparas.png","contentUrl":"https:\/\/fliparas.com\/wp-content\/uploads\/2024\/03\/Logo-Fliparas.png","width":1024,"height":1024,"caption":"Fliparas"},"image":{"@id":"https:\/\/fliparas.com\/#\/schema\/logo\/image\/"}}]},"product_price_amount":"60.00","product_price_currency":"EUR","og_availability":"instock","product_availability":"instock","product_condition":"new"},"_links":{"self":[{"href":"https:\/\/fliparas.com\/da\/wp-json\/wp\/v2\/product\/451","targetHints":{"allow":["GET"]}}],"collection":[{"href":"https:\/\/fliparas.com\/da\/wp-json\/wp\/v2\/product"}],"about":[{"href":"https:\/\/fliparas.com\/da\/wp-json\/wp\/v2\/types\/product"}],"wp:featuredmedia":[{"embeddable":true,"href":"https:\/\/fliparas.com\/da\/wp-json\/wp\/v2\/media\/876"}],"wp:attachment":[{"href":"https:\/\/fliparas.com\/da\/wp-json\/wp\/v2\/media?parent=451"}],"wp:term":[{"taxonomy":"product_brand","embeddable":true,"href":"https:\/\/fliparas.com\/da\/wp-json\/wp\/v2\/product_brand?post=451"},{"taxonomy":"product_cat","embeddable":true,"href":"https:\/\/fliparas.com\/da\/wp-json\/wp\/v2\/product_cat?post=451"},{"taxonomy":"product_tag","embeddable":true,"href":"https:\/\/fliparas.com\/da\/wp-json\/wp\/v2\/product_tag?post=451"}],"curies":[{"name":"wp","href":"https:\/\/api.w.org\/{rel}","templated":true}]}}