{"id":465,"date":"2024-03-19T12:24:33","date_gmt":"2024-03-19T12:24:33","guid":{"rendered":"https:\/\/fliparas.com\/?post_type=product&#038;p=465"},"modified":"2025-01-31T11:28:28","modified_gmt":"2025-01-31T10:28:28","slug":"kajaktur-pa-mallorca","status":"publish","type":"product","link":"https:\/\/fliparas.com\/da\/aktivitet\/kajaktur-pa-mallorca\/","title":{"rendered":"Kajak-tur p\u00e5 Mallorca"},"content":{"rendered":"<p>Kajak-tur p\u00e5 Mallorca. Tre og en halv times udflugt langs Palma de Mallorcas kyst med en instrukt\u00f8r.<\/p>\n<p>De bedste polterabender med <a href=\"https:\/\/fliparas.com\/da\/polterabend-2\/\">Polterabend<\/a>! <a href=\"https:\/\/fliparas.com\/da\/polterabend\/\">Polterabend<\/a>!<\/p>\n<h2 style=\"text-align: center;\">Kajak-tur p\u00e5 Mallorca \ud83c\udf0a.<\/h2>\n<h4>\ud83d\udea3\u200d\u2642\ufe0f <strong>Oplev et uforglemmeligt kajakeventyr i Palma de Mallorca!<\/strong> \ud83c\udf0a\ud83c\udfdd\ufe0f<\/h4>\n<p>Oplev pragtfuldheden af det krystalklare vand i Palma de Mallorca med vores 3,5-timers kajakudflugt, overv\u00e5get af vores ekspertinstrukt\u00f8rer! \ud83d\udea3\u200d\u2640\ufe0f\ud83c\udf1e<\/p>\n<p>\ud83c\udf10 <strong>Vejledt udforskning:<\/strong> Lad dig guide gennem de maleriske hj\u00f8rner af Palmas kyst, hvor du udforsker skjulte bugter, klippeformationer og betagende havlandskaber. Vores erfarne instrukt\u00f8rer deler ud af deres lokale viden, s\u00e5 du f\u00e5r en berigende oplevelse.<\/p>\n<p>\ud83d\udc68\u200d\ud83c\udfeb <strong>Kvalificerede instrukt\u00f8rer:<\/strong> Drag fordel af ekspertisen hos vores kvalificerede instrukt\u00f8rer, som vil give dig praktiske r\u00e5d, padleteknikker og information om det lokale havliv. Uanset om du er nybegynder eller en erfaren entusiast, er denne udflugt velegnet til alle niveauer.<\/p>\n<p>\ud83d\udea3\u200d\u2640\ufe0f <strong>Kajak med alt inklusive:<\/strong> Vi s\u00f8rger for alt det n\u00f8dvendige udstyr, fra kvalitetskajakker til pagajer, s\u00e5 du kan nyde hele oplevelsen uden problemer. Du skal bare fokusere p\u00e5 at padle og have det sjovt!<\/p>\n<p>\ud83c\udfd6\ufe0f <strong>Langvarig sjov:<\/strong> Brug n\u00e6sten fire timer p\u00e5 at padle gennem det glitrende vand ved Palma de Mallorca. Nyd middelhavssolen, ind\u00e5nd den friske havluft, og skab uforglemmelige minder med dine kajakkammerater.<\/p>\n<p>\ud83c\udf05 <strong>Book dit vandeventyr nu!<\/strong><\/p>\n<p>Begiv dig ud p\u00e5 et kajakeventyr, der kombinerer udforskning, l\u00e6ring og sjov. Oplev den naturlige sk\u00f8nhed i <a href=\"https:\/\/es.wikipedia.org\/wiki\/Palma_de_Mallorca\">Palma de Mallorca<\/a> p\u00e5 en unik og aktiv m\u00e5de. En mindev\u00e6rdig vandoplevelse venter p\u00e5 dig! \ud83c\udfde\ufe0f\ud83c\udf0a<\/p>","protected":false},"excerpt":{"rendered":"<p>Kajak-tur p\u00e5 Mallorca. Tre og en halv times udflugt langs Palma de Mallorcas kyst med en instrukt\u00f8r.<\/p>","protected":false},"featured_media":757,"template":"","meta":[],"product_brand":[425],"product_cat":[193,165,194],"product_tag":[214,213],"class_list":{"0":"post-465","1":"product","2":"type-product","3":"status-publish","4":"has-post-thumbnail","6":"product_brand-fliparas-inc","7":"product_cat-hen-party-mallorca","8":"product_cat-mallorca","9":"product_cat-stag-party-mallorca","10":"product_tag-kayak-tour","11":"product_tag-kayak-tour-mallorca","13":"first","14":"instock","15":"virtual","16":"sold-individually","17":"purchasable","18":"product-type-booking"},"yoast_head":"<!-- This site is optimized with the Yoast SEO plugin v26.9 - https:\/\/yoast.com\/product\/yoast-seo-wordpress\/ -->\n<title>Kayak Tour Mallorca<\/title>\n<meta name=\"description\" content=\"Kayak Tour Mallorca. Three and a half hour excursion along the coast of Palma de Mallorca with an instructor. Kayaking Mallorca\" \/>\n<meta name=\"robots\" content=\"index, follow, max-snippet:-1, max-image-preview:large, max-video-preview:-1\" \/>\n<link rel=\"canonical\" href=\"https:\/\/fliparas.com\/da\/aktivitet\/kajaktur-pa-mallorca\/\" \/>\n<meta property=\"og:locale\" content=\"da_DK\" \/>\n<meta property=\"og:type\" content=\"article\" \/>\n<meta property=\"og:title\" content=\"Kayak Tour Mallorca\" \/>\n<meta property=\"og:description\" content=\"Kayak Tour Mallorca. Three and a half hour excursion along the coast of Palma de Mallorca with an instructor. Kayaking Mallorca\" \/>\n<meta property=\"og:url\" content=\"https:\/\/fliparas.com\/da\/aktivitet\/kajaktur-pa-mallorca\/\" \/>\n<meta property=\"og:site_name\" content=\"Agency Specialised in Stag and Hen Parties\" \/>\n<meta property=\"article:modified_time\" content=\"2025-01-31T10:28:28+00:00\" \/>\n<meta property=\"og:image\" content=\"https:\/\/fliparas.com\/wp-content\/uploads\/2024\/03\/Kayak-Tour-Mallorca-img.jpeg\" \/>\n\t<meta property=\"og:image:width\" content=\"1024\" \/>\n\t<meta property=\"og:image:height\" content=\"1024\" \/>\n\t<meta property=\"og:image:type\" content=\"image\/jpeg\" \/>\n<meta name=\"twitter:card\" content=\"summary_large_image\" \/>\n<meta name=\"twitter:label1\" content=\"Pris\" \/>\n\t<meta name=\"twitter:data1\" content=\"64,00&nbsp;&euro;\" \/>\n\t<meta name=\"twitter:label2\" content=\"Tilg\u00e6ngelighed\" \/>\n\t<meta name=\"twitter:data2\" content=\"P\u00e5 lager\" \/>\n<script type=\"application\/ld+json\" class=\"yoast-schema-graph\">{\"@context\":\"https:\/\/schema.org\",\"@graph\":[{\"@type\":\"WebPage\",\"@id\":\"https:\/\/fliparas.com\/activity\/kayak-tour-mallorca\/\",\"url\":\"https:\/\/fliparas.com\/activity\/kayak-tour-mallorca\/\",\"name\":\"Kayak Tour Mallorca\",\"isPartOf\":{\"@id\":\"https:\/\/fliparas.com\/#website\"},\"primaryImageOfPage\":{\"@id\":\"https:\/\/fliparas.com\/activity\/kayak-tour-mallorca\/#primaryimage\"},\"image\":{\"@id\":\"https:\/\/fliparas.com\/activity\/kayak-tour-mallorca\/#primaryimage\"},\"thumbnailUrl\":\"https:\/\/fliparas.com\/wp-content\/uploads\/2024\/03\/Kayak-Tour-Mallorca-img.jpeg\",\"datePublished\":\"2024-03-19T12:24:33+00:00\",\"dateModified\":\"2025-01-31T10:28:28+00:00\",\"description\":\"Kayak Tour Mallorca. Three and a half hour excursion along the coast of Palma de Mallorca with an instructor. Kayaking Mallorca\",\"breadcrumb\":{\"@id\":\"https:\/\/fliparas.com\/activity\/kayak-tour-mallorca\/#breadcrumb\"},\"inLanguage\":\"da-DK\",\"potentialAction\":[{\"@type\":\"ReadAction\",\"target\":[\"https:\/\/fliparas.com\/activity\/kayak-tour-mallorca\/\"]}]},{\"@type\":\"ImageObject\",\"inLanguage\":\"da-DK\",\"@id\":\"https:\/\/fliparas.com\/activity\/kayak-tour-mallorca\/#primaryimage\",\"url\":\"https:\/\/fliparas.com\/wp-content\/uploads\/2024\/03\/Kayak-Tour-Mallorca-img.jpeg\",\"contentUrl\":\"https:\/\/fliparas.com\/wp-content\/uploads\/2024\/03\/Kayak-Tour-Mallorca-img.jpeg\",\"width\":1024,\"height\":1024},{\"@type\":\"BreadcrumbList\",\"@id\":\"https:\/\/fliparas.com\/activity\/kayak-tour-mallorca\/#breadcrumb\",\"itemListElement\":[{\"@type\":\"ListItem\",\"position\":1,\"name\":\"Home\",\"item\":\"https:\/\/fliparas.com\/\"},{\"@type\":\"ListItem\",\"position\":2,\"name\":\"Shop\",\"item\":\"https:\/\/fliparas.com\/shop\/\"},{\"@type\":\"ListItem\",\"position\":3,\"name\":\"Kayak Tour Mallorca\"}]},{\"@type\":\"WebSite\",\"@id\":\"https:\/\/fliparas.com\/#website\",\"url\":\"https:\/\/fliparas.com\/\",\"name\":\"Agency Specialised in Stag and Hen Parties\",\"description\":\"Trust the highest rated agency to organize an unforgettable stag and hen parties in Europe\",\"publisher\":{\"@id\":\"https:\/\/fliparas.com\/#organization\"},\"alternateName\":\"Fliparas Agency Specialised in Stag and Hen Parties\",\"potentialAction\":[{\"@type\":\"SearchAction\",\"target\":{\"@type\":\"EntryPoint\",\"urlTemplate\":\"https:\/\/fliparas.com\/?s={search_term_string}\"},\"query-input\":{\"@type\":\"PropertyValueSpecification\",\"valueRequired\":true,\"valueName\":\"search_term_string\"}}],\"inLanguage\":\"da-DK\"},{\"@type\":\"Organization\",\"@id\":\"https:\/\/fliparas.com\/#organization\",\"name\":\"Fliparas\",\"alternateName\":\"Agency Specialised in Stag and Hen Parties\",\"url\":\"https:\/\/fliparas.com\/\",\"logo\":{\"@type\":\"ImageObject\",\"inLanguage\":\"da-DK\",\"@id\":\"https:\/\/fliparas.com\/#\/schema\/logo\/image\/\",\"url\":\"https:\/\/fliparas.com\/wp-content\/uploads\/2024\/03\/Logo-Fliparas.png\",\"contentUrl\":\"https:\/\/fliparas.com\/wp-content\/uploads\/2024\/03\/Logo-Fliparas.png\",\"width\":1024,\"height\":1024,\"caption\":\"Fliparas\"},\"image\":{\"@id\":\"https:\/\/fliparas.com\/#\/schema\/logo\/image\/\"}}]}<\/script>\n<meta property=\"product:price:amount\" content=\"64.00\" \/>\n<meta property=\"product:price:currency\" content=\"EUR\" \/>\n<meta property=\"og:availability\" content=\"instock\" \/>\n<meta property=\"product:availability\" content=\"instock\" \/>\n<meta property=\"product:condition\" content=\"new\" \/>\n<!-- \/ Yoast SEO plugin. -->","yoast_head_json":{"title":"Kajak-tur p\u00e5 Mallorca","description":"Kajak-tur p\u00e5 Mallorca. Tre og en halv times udflugt langs Palma de Mallorcas kyst med en instrukt\u00f8r. Kajaksejlads p\u00e5 Mallorca","robots":{"index":"index","follow":"follow","max-snippet":"max-snippet:-1","max-image-preview":"max-image-preview:large","max-video-preview":"max-video-preview:-1"},"canonical":"https:\/\/fliparas.com\/da\/aktivitet\/kajaktur-pa-mallorca\/","og_locale":"da_DK","og_type":"article","og_title":"Kayak Tour Mallorca","og_description":"Kayak Tour Mallorca. Three and a half hour excursion along the coast of Palma de Mallorca with an instructor. Kayaking Mallorca","og_url":"https:\/\/fliparas.com\/da\/aktivitet\/kajaktur-pa-mallorca\/","og_site_name":"Agency Specialised in Stag and Hen Parties","article_modified_time":"2025-01-31T10:28:28+00:00","og_image":[{"width":1024,"height":1024,"url":"https:\/\/fliparas.com\/wp-content\/uploads\/2024\/03\/Kayak-Tour-Mallorca-img.jpeg","type":"image\/jpeg"}],"twitter_card":"summary_large_image","twitter_misc":{"Pris":"64,00&nbsp;&euro;","Tilg\u00e6ngelighed":"P\u00e5 lager"},"schema":{"@context":"https:\/\/schema.org","@graph":[{"@type":"WebPage","@id":"https:\/\/fliparas.com\/activity\/kayak-tour-mallorca\/","url":"https:\/\/fliparas.com\/activity\/kayak-tour-mallorca\/","name":"Kajak-tur p\u00e5 Mallorca","isPartOf":{"@id":"https:\/\/fliparas.com\/#website"},"primaryImageOfPage":{"@id":"https:\/\/fliparas.com\/activity\/kayak-tour-mallorca\/#primaryimage"},"image":{"@id":"https:\/\/fliparas.com\/activity\/kayak-tour-mallorca\/#primaryimage"},"thumbnailUrl":"https:\/\/fliparas.com\/wp-content\/uploads\/2024\/03\/Kayak-Tour-Mallorca-img.jpeg","datePublished":"2024-03-19T12:24:33+00:00","dateModified":"2025-01-31T10:28:28+00:00","description":"Kajak-tur p\u00e5 Mallorca. Tre og en halv times udflugt langs Palma de Mallorcas kyst med en instrukt\u00f8r. Kajaksejlads p\u00e5 Mallorca","breadcrumb":{"@id":"https:\/\/fliparas.com\/activity\/kayak-tour-mallorca\/#breadcrumb"},"inLanguage":"da-DK","potentialAction":[{"@type":"ReadAction","target":["https:\/\/fliparas.com\/activity\/kayak-tour-mallorca\/"]}]},{"@type":"ImageObject","inLanguage":"da-DK","@id":"https:\/\/fliparas.com\/activity\/kayak-tour-mallorca\/#primaryimage","url":"https:\/\/fliparas.com\/wp-content\/uploads\/2024\/03\/Kayak-Tour-Mallorca-img.jpeg","contentUrl":"https:\/\/fliparas.com\/wp-content\/uploads\/2024\/03\/Kayak-Tour-Mallorca-img.jpeg","width":1024,"height":1024},{"@type":"BreadcrumbList","@id":"https:\/\/fliparas.com\/activity\/kayak-tour-mallorca\/#breadcrumb","itemListElement":[{"@type":"ListItem","position":1,"name":"Home","item":"https:\/\/fliparas.com\/"},{"@type":"ListItem","position":2,"name":"Shop","item":"https:\/\/fliparas.com\/shop\/"},{"@type":"ListItem","position":3,"name":"Kayak Tour Mallorca"}]},{"@type":"WebSite","@id":"https:\/\/fliparas.com\/#website","url":"https:\/\/fliparas.com\/","name":"Agentur specialiseret i polterabend og h\u00f8nefest","description":"Stol p\u00e5 det bedst bed\u00f8mte bureau til at arrangere en uforglemmelig polterabend i Europa","publisher":{"@id":"https:\/\/fliparas.com\/#organization"},"alternateName":"Fliparas Agency Specialised in Stag and Hen Parties","potentialAction":[{"@type":"SearchAction","target":{"@type":"EntryPoint","urlTemplate":"https:\/\/fliparas.com\/?s={search_term_string}"},"query-input":{"@type":"PropertyValueSpecification","valueRequired":true,"valueName":"search_term_string"}}],"inLanguage":"da-DK"},{"@type":"Organization","@id":"https:\/\/fliparas.com\/#organization","name":"Fliparas","alternateName":"Agency Specialised in Stag and Hen Parties","url":"https:\/\/fliparas.com\/","logo":{"@type":"ImageObject","inLanguage":"da-DK","@id":"https:\/\/fliparas.com\/#\/schema\/logo\/image\/","url":"https:\/\/fliparas.com\/wp-content\/uploads\/2024\/03\/Logo-Fliparas.png","contentUrl":"https:\/\/fliparas.com\/wp-content\/uploads\/2024\/03\/Logo-Fliparas.png","width":1024,"height":1024,"caption":"Fliparas"},"image":{"@id":"https:\/\/fliparas.com\/#\/schema\/logo\/image\/"}}]},"product_price_amount":"64.00","product_price_currency":"EUR","og_availability":"instock","product_availability":"instock","product_condition":"new"},"_links":{"self":[{"href":"https:\/\/fliparas.com\/da\/wp-json\/wp\/v2\/product\/465","targetHints":{"allow":["GET"]}}],"collection":[{"href":"https:\/\/fliparas.com\/da\/wp-json\/wp\/v2\/product"}],"about":[{"href":"https:\/\/fliparas.com\/da\/wp-json\/wp\/v2\/types\/product"}],"wp:featuredmedia":[{"embeddable":true,"href":"https:\/\/fliparas.com\/da\/wp-json\/wp\/v2\/media\/757"}],"wp:attachment":[{"href":"https:\/\/fliparas.com\/da\/wp-json\/wp\/v2\/media?parent=465"}],"wp:term":[{"taxonomy":"product_brand","embeddable":true,"href":"https:\/\/fliparas.com\/da\/wp-json\/wp\/v2\/product_brand?post=465"},{"taxonomy":"product_cat","embeddable":true,"href":"https:\/\/fliparas.com\/da\/wp-json\/wp\/v2\/product_cat?post=465"},{"taxonomy":"product_tag","embeddable":true,"href":"https:\/\/fliparas.com\/da\/wp-json\/wp\/v2\/product_tag?post=465"}],"curies":[{"name":"wp","href":"https:\/\/api.w.org\/{rel}","templated":true}]}}