{"id":466,"date":"2024-03-19T12:24:33","date_gmt":"2024-03-19T12:24:33","guid":{"rendered":"https:\/\/fliparas.com\/?post_type=product&#038;p=466"},"modified":"2025-01-31T11:28:28","modified_gmt":"2025-01-31T10:28:28","slug":"paddle-surf-sup-mallorca","status":"publish","type":"product","link":"https:\/\/fliparas.com\/da\/aktivitet\/paddle-surf-sup-mallorca\/","title":{"rendered":"Paddle Surf SUP Mallorca"},"content":{"rendered":"<p>Paddle Surf SUP Mallorca. Nyd en time med denne sjove vandaktivitet p\u00e5 Mallorca.<\/p>\n<p>De bedste polterabender med <a href=\"https:\/\/fliparas.com\/da\/polterabend-2\/\">Polterabend<\/a>! <a href=\"https:\/\/fliparas.com\/da\/polterabend\/\">Polterabend<\/a>!<\/p>\n<h2 style=\"text-align: center;\">Paddle Surf SUP Mallorca \ud83c\udfc4\u200d\u2642\ufe0f<\/h2>\n<p style=\"text-align: center;\">MINIMUMSSALG: 4 PERSONER.<\/p>\n<h4>\ud83c\udf1f Oplev padlesurfing i Palma de Mallorca: Et uforglemmeligt eventyr!<\/h4>\n<p>Velkommen til det ultimative eventyr i det krystalklare vand ved Palma de Mallorca!<\/p>\n<p>\ud83c\udf0a Tag med os p\u00e5 en eksklusiv paddle surfing-oplevelse, hvor du og din gruppe kan udforske byens smukke strande i fuld frihed i en hel time.<\/p>\n<p>\ud83c\udfc4\u200d\u2642\ufe0f G\u00e5 ombord p\u00e5 vores rummelige boards, der er designet til at rumme to personer, og som giver en unik og underholdende glideoplevelse. Paddelsurfing er den perfekte kombination af sjov og sport, ideel til alle niveauer.<\/p>\n<p>Sejl i dit eget tempo, m\u00e6rk havbrisen k\u00e6rtegne dit ansigt, mens du beundrer de betagende landskaber ved Palmas kyst. Vores eksklusive udlejning garanterer dig fuldst\u00e6ndigt privatliv, s\u00e5 du kan nyde denne vandoplevelse med dine venner eller familie, langt fra menneskem\u00e6ngden. \ud83c\udf34<\/p>\n<p>Book nu til et uforglemmeligt eventyr under Middelhavets sol. Oplev magien ved paddelsurfing p\u00e5 <a href=\"https:\/\/es.wikipedia.org\/wiki\/Palma_de_Mallorca\">Palma de Mallorca<\/a>a, hvor hav, sol og sjov m\u00f8des for at skabe uforglemmelige minder. Lev i nuet, og lad dig rive med af den naturlige sk\u00f8nhed p\u00e5 denne himmelske destination. Nyd Paddle Surf SUP Mallorca! P\u00e5 med padlerne, afsted! \ud83c\udf1e\ud83c\udf0a<\/p>","protected":false},"excerpt":{"rendered":"<p>Paddle Surf SUP Mallorca. Nyd en time med denne sjove vandaktivitet p\u00e5 Mallorca.<\/p>\n<p>MINIMUMSSALG: 4 PERSONER.<\/p>","protected":false},"featured_media":755,"template":"","meta":[],"product_brand":[425],"product_cat":[193,165,194],"product_tag":[211,212],"class_list":{"0":"post-466","1":"product","2":"type-product","3":"status-publish","4":"has-post-thumbnail","6":"product_brand-fliparas-inc","7":"product_cat-hen-party-mallorca","8":"product_cat-mallorca","9":"product_cat-stag-party-mallorca","10":"product_tag-paddle-surf","11":"product_tag-paddle-surf-sup-mallorca","13":"first","14":"instock","15":"virtual","16":"sold-individually","17":"purchasable","18":"product-type-booking"},"yoast_head":"<!-- This site is optimized with the Yoast SEO plugin v26.9 - https:\/\/yoast.com\/product\/yoast-seo-wordpress\/ -->\n<title>Paddle Surf SUP Mallorca<\/title>\n<meta name=\"description\" content=\"Paddle Surf SUP Mallorca. Enjoy an hour of this fun water activity in Mallorca. Paddle surfing Mallorca. Surfing Palma.\" \/>\n<meta name=\"robots\" content=\"index, follow, max-snippet:-1, max-image-preview:large, max-video-preview:-1\" \/>\n<link rel=\"canonical\" href=\"https:\/\/fliparas.com\/da\/aktivitet\/paddle-surf-sup-mallorca\/\" \/>\n<meta property=\"og:locale\" content=\"da_DK\" \/>\n<meta property=\"og:type\" content=\"article\" \/>\n<meta property=\"og:title\" content=\"Paddle Surf SUP Mallorca\" \/>\n<meta property=\"og:description\" content=\"Paddle Surf SUP Mallorca. Enjoy an hour of this fun water activity in Mallorca. Paddle surfing Mallorca. Surfing Palma.\" \/>\n<meta property=\"og:url\" content=\"https:\/\/fliparas.com\/da\/aktivitet\/paddle-surf-sup-mallorca\/\" \/>\n<meta property=\"og:site_name\" content=\"Agency Specialised in Stag and Hen Parties\" \/>\n<meta property=\"article:modified_time\" content=\"2025-01-31T10:28:28+00:00\" \/>\n<meta property=\"og:image\" content=\"https:\/\/fliparas.com\/wp-content\/uploads\/2024\/03\/Paddle-Surf-Mallorca-img.jpeg\" \/>\n\t<meta property=\"og:image:width\" content=\"1024\" \/>\n\t<meta property=\"og:image:height\" content=\"1024\" \/>\n\t<meta property=\"og:image:type\" content=\"image\/jpeg\" \/>\n<meta name=\"twitter:card\" content=\"summary_large_image\" \/>\n<meta name=\"twitter:label1\" content=\"Pris\" \/>\n\t<meta name=\"twitter:data1\" content=\"30,00&nbsp;&euro;\" \/>\n\t<meta name=\"twitter:label2\" content=\"Tilg\u00e6ngelighed\" \/>\n\t<meta name=\"twitter:data2\" content=\"P\u00e5 lager\" \/>\n<script type=\"application\/ld+json\" class=\"yoast-schema-graph\">{\"@context\":\"https:\/\/schema.org\",\"@graph\":[{\"@type\":\"WebPage\",\"@id\":\"https:\/\/fliparas.com\/activity\/paddle-surf-sup-mallorca\/\",\"url\":\"https:\/\/fliparas.com\/activity\/paddle-surf-sup-mallorca\/\",\"name\":\"Paddle Surf SUP Mallorca\",\"isPartOf\":{\"@id\":\"https:\/\/fliparas.com\/#website\"},\"primaryImageOfPage\":{\"@id\":\"https:\/\/fliparas.com\/activity\/paddle-surf-sup-mallorca\/#primaryimage\"},\"image\":{\"@id\":\"https:\/\/fliparas.com\/activity\/paddle-surf-sup-mallorca\/#primaryimage\"},\"thumbnailUrl\":\"https:\/\/fliparas.com\/wp-content\/uploads\/2024\/03\/Paddle-Surf-Mallorca-img.jpeg\",\"datePublished\":\"2024-03-19T12:24:33+00:00\",\"dateModified\":\"2025-01-31T10:28:28+00:00\",\"description\":\"Paddle Surf SUP Mallorca. Enjoy an hour of this fun water activity in Mallorca. Paddle surfing Mallorca. Surfing Palma.\",\"breadcrumb\":{\"@id\":\"https:\/\/fliparas.com\/activity\/paddle-surf-sup-mallorca\/#breadcrumb\"},\"inLanguage\":\"da-DK\",\"potentialAction\":[{\"@type\":\"ReadAction\",\"target\":[\"https:\/\/fliparas.com\/activity\/paddle-surf-sup-mallorca\/\"]}]},{\"@type\":\"ImageObject\",\"inLanguage\":\"da-DK\",\"@id\":\"https:\/\/fliparas.com\/activity\/paddle-surf-sup-mallorca\/#primaryimage\",\"url\":\"https:\/\/fliparas.com\/wp-content\/uploads\/2024\/03\/Paddle-Surf-Mallorca-img.jpeg\",\"contentUrl\":\"https:\/\/fliparas.com\/wp-content\/uploads\/2024\/03\/Paddle-Surf-Mallorca-img.jpeg\",\"width\":1024,\"height\":1024},{\"@type\":\"BreadcrumbList\",\"@id\":\"https:\/\/fliparas.com\/activity\/paddle-surf-sup-mallorca\/#breadcrumb\",\"itemListElement\":[{\"@type\":\"ListItem\",\"position\":1,\"name\":\"Home\",\"item\":\"https:\/\/fliparas.com\/\"},{\"@type\":\"ListItem\",\"position\":2,\"name\":\"Shop\",\"item\":\"https:\/\/fliparas.com\/shop\/\"},{\"@type\":\"ListItem\",\"position\":3,\"name\":\"Paddle Surf SUP Mallorca\"}]},{\"@type\":\"WebSite\",\"@id\":\"https:\/\/fliparas.com\/#website\",\"url\":\"https:\/\/fliparas.com\/\",\"name\":\"Agency Specialised in Stag and Hen Parties\",\"description\":\"Trust the highest rated agency to organize an unforgettable stag and hen parties in Europe\",\"publisher\":{\"@id\":\"https:\/\/fliparas.com\/#organization\"},\"alternateName\":\"Fliparas Agency Specialised in Stag and Hen Parties\",\"potentialAction\":[{\"@type\":\"SearchAction\",\"target\":{\"@type\":\"EntryPoint\",\"urlTemplate\":\"https:\/\/fliparas.com\/?s={search_term_string}\"},\"query-input\":{\"@type\":\"PropertyValueSpecification\",\"valueRequired\":true,\"valueName\":\"search_term_string\"}}],\"inLanguage\":\"da-DK\"},{\"@type\":\"Organization\",\"@id\":\"https:\/\/fliparas.com\/#organization\",\"name\":\"Fliparas\",\"alternateName\":\"Agency Specialised in Stag and Hen Parties\",\"url\":\"https:\/\/fliparas.com\/\",\"logo\":{\"@type\":\"ImageObject\",\"inLanguage\":\"da-DK\",\"@id\":\"https:\/\/fliparas.com\/#\/schema\/logo\/image\/\",\"url\":\"https:\/\/fliparas.com\/wp-content\/uploads\/2024\/03\/Logo-Fliparas.png\",\"contentUrl\":\"https:\/\/fliparas.com\/wp-content\/uploads\/2024\/03\/Logo-Fliparas.png\",\"width\":1024,\"height\":1024,\"caption\":\"Fliparas\"},\"image\":{\"@id\":\"https:\/\/fliparas.com\/#\/schema\/logo\/image\/\"}}]}<\/script>\n<meta property=\"product:price:amount\" content=\"30.00\" \/>\n<meta property=\"product:price:currency\" content=\"EUR\" \/>\n<meta property=\"og:availability\" content=\"instock\" \/>\n<meta property=\"product:availability\" content=\"instock\" \/>\n<meta property=\"product:condition\" content=\"new\" \/>\n<!-- \/ Yoast SEO plugin. -->","yoast_head_json":{"title":"Paddle Surf SUP Mallorca","description":"Paddle Surf SUP Mallorca. Nyd en time med denne sjove vandaktivitet p\u00e5 Mallorca. Paddle surfing Mallorca. Surfing i Palma.","robots":{"index":"index","follow":"follow","max-snippet":"max-snippet:-1","max-image-preview":"max-image-preview:large","max-video-preview":"max-video-preview:-1"},"canonical":"https:\/\/fliparas.com\/da\/aktivitet\/paddle-surf-sup-mallorca\/","og_locale":"da_DK","og_type":"article","og_title":"Paddle Surf SUP Mallorca","og_description":"Paddle Surf SUP Mallorca. Enjoy an hour of this fun water activity in Mallorca. Paddle surfing Mallorca. Surfing Palma.","og_url":"https:\/\/fliparas.com\/da\/aktivitet\/paddle-surf-sup-mallorca\/","og_site_name":"Agency Specialised in Stag and Hen Parties","article_modified_time":"2025-01-31T10:28:28+00:00","og_image":[{"width":1024,"height":1024,"url":"https:\/\/fliparas.com\/wp-content\/uploads\/2024\/03\/Paddle-Surf-Mallorca-img.jpeg","type":"image\/jpeg"}],"twitter_card":"summary_large_image","twitter_misc":{"Pris":"30,00&nbsp;&euro;","Tilg\u00e6ngelighed":"P\u00e5 lager"},"schema":{"@context":"https:\/\/schema.org","@graph":[{"@type":"WebPage","@id":"https:\/\/fliparas.com\/activity\/paddle-surf-sup-mallorca\/","url":"https:\/\/fliparas.com\/activity\/paddle-surf-sup-mallorca\/","name":"Paddle Surf SUP Mallorca","isPartOf":{"@id":"https:\/\/fliparas.com\/#website"},"primaryImageOfPage":{"@id":"https:\/\/fliparas.com\/activity\/paddle-surf-sup-mallorca\/#primaryimage"},"image":{"@id":"https:\/\/fliparas.com\/activity\/paddle-surf-sup-mallorca\/#primaryimage"},"thumbnailUrl":"https:\/\/fliparas.com\/wp-content\/uploads\/2024\/03\/Paddle-Surf-Mallorca-img.jpeg","datePublished":"2024-03-19T12:24:33+00:00","dateModified":"2025-01-31T10:28:28+00:00","description":"Paddle Surf SUP Mallorca. Nyd en time med denne sjove vandaktivitet p\u00e5 Mallorca. Paddle surfing Mallorca. Surfing i Palma.","breadcrumb":{"@id":"https:\/\/fliparas.com\/activity\/paddle-surf-sup-mallorca\/#breadcrumb"},"inLanguage":"da-DK","potentialAction":[{"@type":"ReadAction","target":["https:\/\/fliparas.com\/activity\/paddle-surf-sup-mallorca\/"]}]},{"@type":"ImageObject","inLanguage":"da-DK","@id":"https:\/\/fliparas.com\/activity\/paddle-surf-sup-mallorca\/#primaryimage","url":"https:\/\/fliparas.com\/wp-content\/uploads\/2024\/03\/Paddle-Surf-Mallorca-img.jpeg","contentUrl":"https:\/\/fliparas.com\/wp-content\/uploads\/2024\/03\/Paddle-Surf-Mallorca-img.jpeg","width":1024,"height":1024},{"@type":"BreadcrumbList","@id":"https:\/\/fliparas.com\/activity\/paddle-surf-sup-mallorca\/#breadcrumb","itemListElement":[{"@type":"ListItem","position":1,"name":"Home","item":"https:\/\/fliparas.com\/"},{"@type":"ListItem","position":2,"name":"Shop","item":"https:\/\/fliparas.com\/shop\/"},{"@type":"ListItem","position":3,"name":"Paddle Surf SUP Mallorca"}]},{"@type":"WebSite","@id":"https:\/\/fliparas.com\/#website","url":"https:\/\/fliparas.com\/","name":"Agentur specialiseret i polterabend og h\u00f8nefest","description":"Stol p\u00e5 det bedst bed\u00f8mte bureau til at arrangere en uforglemmelig polterabend i Europa","publisher":{"@id":"https:\/\/fliparas.com\/#organization"},"alternateName":"Fliparas Agency Specialised in Stag and Hen Parties","potentialAction":[{"@type":"SearchAction","target":{"@type":"EntryPoint","urlTemplate":"https:\/\/fliparas.com\/?s={search_term_string}"},"query-input":{"@type":"PropertyValueSpecification","valueRequired":true,"valueName":"search_term_string"}}],"inLanguage":"da-DK"},{"@type":"Organization","@id":"https:\/\/fliparas.com\/#organization","name":"Fliparas","alternateName":"Agency Specialised in Stag and Hen Parties","url":"https:\/\/fliparas.com\/","logo":{"@type":"ImageObject","inLanguage":"da-DK","@id":"https:\/\/fliparas.com\/#\/schema\/logo\/image\/","url":"https:\/\/fliparas.com\/wp-content\/uploads\/2024\/03\/Logo-Fliparas.png","contentUrl":"https:\/\/fliparas.com\/wp-content\/uploads\/2024\/03\/Logo-Fliparas.png","width":1024,"height":1024,"caption":"Fliparas"},"image":{"@id":"https:\/\/fliparas.com\/#\/schema\/logo\/image\/"}}]},"product_price_amount":"30.00","product_price_currency":"EUR","og_availability":"instock","product_availability":"instock","product_condition":"new"},"_links":{"self":[{"href":"https:\/\/fliparas.com\/da\/wp-json\/wp\/v2\/product\/466","targetHints":{"allow":["GET"]}}],"collection":[{"href":"https:\/\/fliparas.com\/da\/wp-json\/wp\/v2\/product"}],"about":[{"href":"https:\/\/fliparas.com\/da\/wp-json\/wp\/v2\/types\/product"}],"wp:featuredmedia":[{"embeddable":true,"href":"https:\/\/fliparas.com\/da\/wp-json\/wp\/v2\/media\/755"}],"wp:attachment":[{"href":"https:\/\/fliparas.com\/da\/wp-json\/wp\/v2\/media?parent=466"}],"wp:term":[{"taxonomy":"product_brand","embeddable":true,"href":"https:\/\/fliparas.com\/da\/wp-json\/wp\/v2\/product_brand?post=466"},{"taxonomy":"product_cat","embeddable":true,"href":"https:\/\/fliparas.com\/da\/wp-json\/wp\/v2\/product_cat?post=466"},{"taxonomy":"product_tag","embeddable":true,"href":"https:\/\/fliparas.com\/da\/wp-json\/wp\/v2\/product_tag?post=466"}],"curies":[{"name":"wp","href":"https:\/\/api.w.org\/{rel}","templated":true}]}}