{"id":468,"date":"2024-03-19T12:24:33","date_gmt":"2024-03-19T12:24:33","guid":{"rendered":"https:\/\/fliparas.com\/?post_type=product&#038;p=468"},"modified":"2025-01-31T11:28:28","modified_gmt":"2025-01-31T10:28:28","slug":"kor-en-quad-mallorca","status":"publish","type":"product","link":"https:\/\/fliparas.com\/da\/aktivitet\/kor-en-quad-mallorca\/","title":{"rendered":"K\u00f8r en quad p\u00e5 Mallorca"},"content":{"rendered":"<p>K\u00f8r en quad p\u00e5 Mallorca. Fire timers k\u00f8rsel og quad-cykling omkring Cala Millor.<\/p>\n<p>De bedste polterabender med <a href=\"https:\/\/fliparas.com\/da\/polterabend-2\/\">Polterabend<\/a>! <a href=\"https:\/\/fliparas.com\/da\/polterabend\/\">Polterabend<\/a>!<\/p>\n<h2 style=\"text-align: center;\">K\u00f8r en Quad Mallorca \ud83c\udfcd\ufe0f<\/h2>\n<p style=\"text-align: center;\">MINIMUMSSALG: 4 PERSONER.<\/p>\n<h4>\ud83c\udfcd\ufe0f <strong>L\u00e6nge leve quad-eventyret: Udforsk Cala Millor med stil!<\/strong> \ud83c\udf1f<\/h4>\n<p>G\u00f8r dig klar til et sp\u00e6ndende eventyr med vores fire timers quad-tur fra Cala Millor!<\/p>\n<p>\ud83c\udfde\ufe0f Stig om bord p\u00e5 din terr\u00e6ng\u00e5ende quad. Fordyb dig i en unik oplevelse i hjertet af Mallorcas storsl\u00e5ede landskaber.<\/p>\n<p>Dit eventyr begynder med, at du tager ansvaret for din quad og er klar til at udfordre de snoede veje og f\u00e6ngslende stier i Cala Millor. Vores omfattende pakke indeholder alt n\u00f8dvendigt udstyr, som sikrer en problemfri oplevelse. Hjelme, beskyttelsesbriller og detaljeret briefing: Vi s\u00f8rger for, at du er optimalt forberedt til action. \ud83d\uded1\ud83d\udd27<\/p>\n<p>I fire timer kan du udforske de mest hemmelige hj\u00f8rner af \u00f8en, opdage betagende udsigter og m\u00e6rke adrenalinen ved at k\u00f8re quad gennem varierede landskaber. Vores omhyggeligt planlagte rute byder p\u00e5 en mangfoldighed af terr\u00e6n, fra glitrende strande til bjergrige stier, hvilket skaber det perfekte eventyr mellem sp\u00e6nding og udforskning. \ud83c\udf05\ud83c\udfde\ufe0f<\/p>\n<p>Tag med p\u00e5 en uforglemmelig quad-oplevelse, der kombinerer eventyr, udforskning og spektakul\u00e6re landskaber. Book nu, og g\u00f8r dig klar til et sp\u00e6ndende eventyr p\u00e5 <a href=\"https:\/\/es.wikipedia.org\/wiki\/Cala_Millor\">Cala Millor<\/a>! \ud83c\udf1e\ud83c\udfcd\ufe0f<\/p>\n<p>Book nu, og k\u00f8r en Quad Mallorca!<\/p>","protected":false},"excerpt":{"rendered":"<p>K\u00f8r en quad p\u00e5 Mallorca. Fire timers k\u00f8rsel og quad-cykling omkring Cala Millor.<\/p>\n<p>MINIMUMSSALG: 4 PERSONER.<\/p>","protected":false},"featured_media":749,"template":"","meta":[],"product_brand":[425],"product_cat":[193,165,194],"product_tag":[208,207],"class_list":{"0":"post-468","1":"product","2":"type-product","3":"status-publish","4":"has-post-thumbnail","6":"product_brand-fliparas-inc","7":"product_cat-hen-party-mallorca","8":"product_cat-mallorca","9":"product_cat-stag-party-mallorca","10":"product_tag-drive-a-quad","11":"product_tag-drive-a-quad-mallorca","13":"first","14":"instock","15":"virtual","16":"sold-individually","17":"purchasable","18":"product-type-booking"},"yoast_head":"<!-- This site is optimized with the Yoast SEO plugin v26.9 - https:\/\/yoast.com\/product\/yoast-seo-wordpress\/ -->\n<title>Drive a Quad Mallorca<\/title>\n<meta name=\"description\" content=\"Drive a Quad Mallorca. Four hours of driving and quad biking around Cala Millor. Quad in Mallorca. Quad in Mallorca. Spain.\" \/>\n<meta name=\"robots\" content=\"index, follow, max-snippet:-1, max-image-preview:large, max-video-preview:-1\" \/>\n<link rel=\"canonical\" href=\"https:\/\/fliparas.com\/da\/aktivitet\/kor-en-quad-mallorca\/\" \/>\n<meta property=\"og:locale\" content=\"da_DK\" \/>\n<meta property=\"og:type\" content=\"article\" \/>\n<meta property=\"og:title\" content=\"Drive a Quad Mallorca\" \/>\n<meta property=\"og:description\" content=\"Drive a Quad Mallorca. Four hours of driving and quad biking around Cala Millor. Quad in Mallorca. Quad in Mallorca. Spain.\" \/>\n<meta property=\"og:url\" content=\"https:\/\/fliparas.com\/da\/aktivitet\/kor-en-quad-mallorca\/\" \/>\n<meta property=\"og:site_name\" content=\"Agency Specialised in Stag and Hen Parties\" \/>\n<meta property=\"article:modified_time\" content=\"2025-01-31T10:28:28+00:00\" \/>\n<meta property=\"og:image\" content=\"https:\/\/fliparas.com\/wp-content\/uploads\/2024\/03\/Drive-a-Quad-img-1.jpeg\" \/>\n\t<meta property=\"og:image:width\" content=\"1024\" \/>\n\t<meta property=\"og:image:height\" content=\"1024\" \/>\n\t<meta property=\"og:image:type\" content=\"image\/jpeg\" \/>\n<meta name=\"twitter:card\" content=\"summary_large_image\" \/>\n<meta name=\"twitter:label1\" content=\"Pris\" \/>\n\t<meta name=\"twitter:data1\" content=\"110,00&nbsp;&euro;\" \/>\n\t<meta name=\"twitter:label2\" content=\"Tilg\u00e6ngelighed\" \/>\n\t<meta name=\"twitter:data2\" content=\"P\u00e5 lager\" \/>\n<script type=\"application\/ld+json\" class=\"yoast-schema-graph\">{\"@context\":\"https:\/\/schema.org\",\"@graph\":[{\"@type\":\"WebPage\",\"@id\":\"https:\/\/fliparas.com\/activity\/drive-a-quad-mallorca\/\",\"url\":\"https:\/\/fliparas.com\/activity\/drive-a-quad-mallorca\/\",\"name\":\"Drive a Quad Mallorca\",\"isPartOf\":{\"@id\":\"https:\/\/fliparas.com\/#website\"},\"primaryImageOfPage\":{\"@id\":\"https:\/\/fliparas.com\/activity\/drive-a-quad-mallorca\/#primaryimage\"},\"image\":{\"@id\":\"https:\/\/fliparas.com\/activity\/drive-a-quad-mallorca\/#primaryimage\"},\"thumbnailUrl\":\"https:\/\/fliparas.com\/wp-content\/uploads\/2024\/03\/Drive-a-Quad-img-1.jpeg\",\"datePublished\":\"2024-03-19T12:24:33+00:00\",\"dateModified\":\"2025-01-31T10:28:28+00:00\",\"description\":\"Drive a Quad Mallorca. Four hours of driving and quad biking around Cala Millor. Quad in Mallorca. Quad in Mallorca. Spain.\",\"breadcrumb\":{\"@id\":\"https:\/\/fliparas.com\/activity\/drive-a-quad-mallorca\/#breadcrumb\"},\"inLanguage\":\"da-DK\",\"potentialAction\":[{\"@type\":\"ReadAction\",\"target\":[\"https:\/\/fliparas.com\/activity\/drive-a-quad-mallorca\/\"]}]},{\"@type\":\"ImageObject\",\"inLanguage\":\"da-DK\",\"@id\":\"https:\/\/fliparas.com\/activity\/drive-a-quad-mallorca\/#primaryimage\",\"url\":\"https:\/\/fliparas.com\/wp-content\/uploads\/2024\/03\/Drive-a-Quad-img-1.jpeg\",\"contentUrl\":\"https:\/\/fliparas.com\/wp-content\/uploads\/2024\/03\/Drive-a-Quad-img-1.jpeg\",\"width\":1024,\"height\":1024},{\"@type\":\"BreadcrumbList\",\"@id\":\"https:\/\/fliparas.com\/activity\/drive-a-quad-mallorca\/#breadcrumb\",\"itemListElement\":[{\"@type\":\"ListItem\",\"position\":1,\"name\":\"Home\",\"item\":\"https:\/\/fliparas.com\/\"},{\"@type\":\"ListItem\",\"position\":2,\"name\":\"Shop\",\"item\":\"https:\/\/fliparas.com\/shop\/\"},{\"@type\":\"ListItem\",\"position\":3,\"name\":\"Drive a Quad Mallorca\"}]},{\"@type\":\"WebSite\",\"@id\":\"https:\/\/fliparas.com\/#website\",\"url\":\"https:\/\/fliparas.com\/\",\"name\":\"Agency Specialised in Stag and Hen Parties\",\"description\":\"Trust the highest rated agency to organize an unforgettable stag and hen parties in Europe\",\"publisher\":{\"@id\":\"https:\/\/fliparas.com\/#organization\"},\"alternateName\":\"Fliparas Agency Specialised in Stag and Hen Parties\",\"potentialAction\":[{\"@type\":\"SearchAction\",\"target\":{\"@type\":\"EntryPoint\",\"urlTemplate\":\"https:\/\/fliparas.com\/?s={search_term_string}\"},\"query-input\":{\"@type\":\"PropertyValueSpecification\",\"valueRequired\":true,\"valueName\":\"search_term_string\"}}],\"inLanguage\":\"da-DK\"},{\"@type\":\"Organization\",\"@id\":\"https:\/\/fliparas.com\/#organization\",\"name\":\"Fliparas\",\"alternateName\":\"Agency Specialised in Stag and Hen Parties\",\"url\":\"https:\/\/fliparas.com\/\",\"logo\":{\"@type\":\"ImageObject\",\"inLanguage\":\"da-DK\",\"@id\":\"https:\/\/fliparas.com\/#\/schema\/logo\/image\/\",\"url\":\"https:\/\/fliparas.com\/wp-content\/uploads\/2024\/03\/Logo-Fliparas.png\",\"contentUrl\":\"https:\/\/fliparas.com\/wp-content\/uploads\/2024\/03\/Logo-Fliparas.png\",\"width\":1024,\"height\":1024,\"caption\":\"Fliparas\"},\"image\":{\"@id\":\"https:\/\/fliparas.com\/#\/schema\/logo\/image\/\"}}]}<\/script>\n<meta property=\"product:price:amount\" content=\"110.00\" \/>\n<meta property=\"product:price:currency\" content=\"EUR\" \/>\n<meta property=\"og:availability\" content=\"instock\" \/>\n<meta property=\"product:availability\" content=\"instock\" \/>\n<meta property=\"product:condition\" content=\"new\" \/>\n<!-- \/ Yoast SEO plugin. -->","yoast_head_json":{"title":"K\u00f8r en quad p\u00e5 Mallorca","description":"K\u00f8r en quad p\u00e5 Mallorca. Fire timers k\u00f8rsel og quad-cykling omkring Cala Millor. Quad p\u00e5 Mallorca. Quad p\u00e5 Mallorca. I Spanien.","robots":{"index":"index","follow":"follow","max-snippet":"max-snippet:-1","max-image-preview":"max-image-preview:large","max-video-preview":"max-video-preview:-1"},"canonical":"https:\/\/fliparas.com\/da\/aktivitet\/kor-en-quad-mallorca\/","og_locale":"da_DK","og_type":"article","og_title":"Drive a Quad Mallorca","og_description":"Drive a Quad Mallorca. Four hours of driving and quad biking around Cala Millor. Quad in Mallorca. Quad in Mallorca. Spain.","og_url":"https:\/\/fliparas.com\/da\/aktivitet\/kor-en-quad-mallorca\/","og_site_name":"Agency Specialised in Stag and Hen Parties","article_modified_time":"2025-01-31T10:28:28+00:00","og_image":[{"width":1024,"height":1024,"url":"https:\/\/fliparas.com\/wp-content\/uploads\/2024\/03\/Drive-a-Quad-img-1.jpeg","type":"image\/jpeg"}],"twitter_card":"summary_large_image","twitter_misc":{"Pris":"110,00&nbsp;&euro;","Tilg\u00e6ngelighed":"P\u00e5 lager"},"schema":{"@context":"https:\/\/schema.org","@graph":[{"@type":"WebPage","@id":"https:\/\/fliparas.com\/activity\/drive-a-quad-mallorca\/","url":"https:\/\/fliparas.com\/activity\/drive-a-quad-mallorca\/","name":"K\u00f8r en quad p\u00e5 Mallorca","isPartOf":{"@id":"https:\/\/fliparas.com\/#website"},"primaryImageOfPage":{"@id":"https:\/\/fliparas.com\/activity\/drive-a-quad-mallorca\/#primaryimage"},"image":{"@id":"https:\/\/fliparas.com\/activity\/drive-a-quad-mallorca\/#primaryimage"},"thumbnailUrl":"https:\/\/fliparas.com\/wp-content\/uploads\/2024\/03\/Drive-a-Quad-img-1.jpeg","datePublished":"2024-03-19T12:24:33+00:00","dateModified":"2025-01-31T10:28:28+00:00","description":"K\u00f8r en quad p\u00e5 Mallorca. Fire timers k\u00f8rsel og quad-cykling omkring Cala Millor. Quad p\u00e5 Mallorca. Quad p\u00e5 Mallorca. I Spanien.","breadcrumb":{"@id":"https:\/\/fliparas.com\/activity\/drive-a-quad-mallorca\/#breadcrumb"},"inLanguage":"da-DK","potentialAction":[{"@type":"ReadAction","target":["https:\/\/fliparas.com\/activity\/drive-a-quad-mallorca\/"]}]},{"@type":"ImageObject","inLanguage":"da-DK","@id":"https:\/\/fliparas.com\/activity\/drive-a-quad-mallorca\/#primaryimage","url":"https:\/\/fliparas.com\/wp-content\/uploads\/2024\/03\/Drive-a-Quad-img-1.jpeg","contentUrl":"https:\/\/fliparas.com\/wp-content\/uploads\/2024\/03\/Drive-a-Quad-img-1.jpeg","width":1024,"height":1024},{"@type":"BreadcrumbList","@id":"https:\/\/fliparas.com\/activity\/drive-a-quad-mallorca\/#breadcrumb","itemListElement":[{"@type":"ListItem","position":1,"name":"Home","item":"https:\/\/fliparas.com\/"},{"@type":"ListItem","position":2,"name":"Shop","item":"https:\/\/fliparas.com\/shop\/"},{"@type":"ListItem","position":3,"name":"Drive a Quad Mallorca"}]},{"@type":"WebSite","@id":"https:\/\/fliparas.com\/#website","url":"https:\/\/fliparas.com\/","name":"Agentur specialiseret i polterabend og h\u00f8nefest","description":"Stol p\u00e5 det bedst bed\u00f8mte bureau til at arrangere en uforglemmelig polterabend i Europa","publisher":{"@id":"https:\/\/fliparas.com\/#organization"},"alternateName":"Fliparas Agency Specialised in Stag and Hen Parties","potentialAction":[{"@type":"SearchAction","target":{"@type":"EntryPoint","urlTemplate":"https:\/\/fliparas.com\/?s={search_term_string}"},"query-input":{"@type":"PropertyValueSpecification","valueRequired":true,"valueName":"search_term_string"}}],"inLanguage":"da-DK"},{"@type":"Organization","@id":"https:\/\/fliparas.com\/#organization","name":"Fliparas","alternateName":"Agency Specialised in Stag and Hen Parties","url":"https:\/\/fliparas.com\/","logo":{"@type":"ImageObject","inLanguage":"da-DK","@id":"https:\/\/fliparas.com\/#\/schema\/logo\/image\/","url":"https:\/\/fliparas.com\/wp-content\/uploads\/2024\/03\/Logo-Fliparas.png","contentUrl":"https:\/\/fliparas.com\/wp-content\/uploads\/2024\/03\/Logo-Fliparas.png","width":1024,"height":1024,"caption":"Fliparas"},"image":{"@id":"https:\/\/fliparas.com\/#\/schema\/logo\/image\/"}}]},"product_price_amount":"110.00","product_price_currency":"EUR","og_availability":"instock","product_availability":"instock","product_condition":"new"},"_links":{"self":[{"href":"https:\/\/fliparas.com\/da\/wp-json\/wp\/v2\/product\/468","targetHints":{"allow":["GET"]}}],"collection":[{"href":"https:\/\/fliparas.com\/da\/wp-json\/wp\/v2\/product"}],"about":[{"href":"https:\/\/fliparas.com\/da\/wp-json\/wp\/v2\/types\/product"}],"wp:featuredmedia":[{"embeddable":true,"href":"https:\/\/fliparas.com\/da\/wp-json\/wp\/v2\/media\/749"}],"wp:attachment":[{"href":"https:\/\/fliparas.com\/da\/wp-json\/wp\/v2\/media?parent=468"}],"wp:term":[{"taxonomy":"product_brand","embeddable":true,"href":"https:\/\/fliparas.com\/da\/wp-json\/wp\/v2\/product_brand?post=468"},{"taxonomy":"product_cat","embeddable":true,"href":"https:\/\/fliparas.com\/da\/wp-json\/wp\/v2\/product_cat?post=468"},{"taxonomy":"product_tag","embeddable":true,"href":"https:\/\/fliparas.com\/da\/wp-json\/wp\/v2\/product_tag?post=468"}],"curies":[{"name":"wp","href":"https:\/\/api.w.org\/{rel}","templated":true}]}}