{"id":470,"date":"2024-03-19T12:24:33","date_gmt":"2024-03-19T12:24:33","guid":{"rendered":"https:\/\/fliparas.com\/?post_type=product&#038;p=470"},"modified":"2025-01-31T11:28:27","modified_gmt":"2025-01-31T10:28:27","slug":"piger-i-bikini-mallorca","status":"publish","type":"product","link":"https:\/\/fliparas.com\/da\/aktivitet\/piger-i-bikini-mallorca\/","title":{"rendered":"Piger i bikini Mallorca"},"content":{"rendered":"<p>Piger i bikini p\u00e5 Mallorca. Hvis du overvejer at leje en b\u00e5d p\u00e5 Mallorca, m\u00e5 du ikke g\u00e5 glip af pigerne i bikini!<\/p>\n<p>De bedste polterabender med <a href=\"https:\/\/fliparas.com\/da\/polterabend-2\/\">Polterabend<\/a>!<\/p>\n<h2 style=\"text-align: center;\">Piger i bikini p\u00e5 Mallorca\ud83d\udc59<\/h2>\n<h4>Den ultimative badeoplevelse p\u00e5 Mallorca venter p\u00e5 dig med vores eksklusive service med charmerende bikinikl\u00e6dte v\u00e6rtinder, der kan forbedre din sejltur! \u26f5<\/h4>\n<p>Forestil dig, at du sejler p\u00e5 Mallorcas krystalklare vand ... Omgivet af betagende landskaber, i selskab med smukke stewardesser kl\u00e6dt i sexede bikinier.<\/p>\n<p>Vores professionelle og opm\u00e6rksomme v\u00e6rtinder vil g\u00f8re din dag til s\u00f8s endnu mere speciel. De vil ledsage dig p\u00e5 hele rejsen! De tager billeder og s\u00f8rger for, at din oplevelse p\u00e5 b\u00e5den bliver uforglemmelig.<\/p>\n<p>Uanset om det er en udflugt med vennerne, en s\u00e6rlig fest eller bare en afslappende dag til s\u00f8s, vil vores bikinipiger tilf\u00f8je et strejf af sensualitet og sjov til dit eventyr til s\u00f8s. Deres bem\u00e6rkelsesv\u00e6rdige tilstedev\u00e6relse og deres up\u00e5klagelige image vil hj\u00e6lpe dig med at slappe af og nyde hvert \u00f8jeblik.<\/p>\n<p>Book nu til en eksklusiv sejladsoplevelse i <a href=\"https:\/\/es.wikipedia.org\/wiki\/Mallorca\">Mallorca<\/a>hvor luksus, sensualitet og enest\u00e5ende service g\u00e5r op i en h\u00f8jere enhed og skaber uforglemmelige minder. Tag med os til en dr\u00f8mmedag p\u00e5 havet, omgivet af sk\u00f8nhed og bikinier. \ud83c\udf1e\u26f5\ud83d\udc59<\/p>\n<p>T\u00f8r du sejle omgivet af sexede piger? Nyd Mallorcas bikinipiger!<\/p>","protected":false},"excerpt":{"rendered":"<p>Piger i bikini p\u00e5 Mallorca. Hvis du overvejer at leje en b\u00e5d p\u00e5 Mallorca, m\u00e5 du ikke g\u00e5 glip af pigerne i bikini!<\/p>","protected":false},"featured_media":838,"template":"","meta":[],"product_brand":[425],"product_cat":[165,194],"product_tag":[218,217],"class_list":{"0":"post-470","1":"product","2":"type-product","3":"status-publish","4":"has-post-thumbnail","6":"product_brand-fliparas-inc","7":"product_cat-mallorca","8":"product_cat-stag-party-mallorca","9":"product_tag-girls-in-bikinis","10":"product_tag-girls-in-bikinis-mallorca","12":"first","13":"instock","14":"virtual","15":"sold-individually","16":"purchasable","17":"product-type-booking"},"yoast_head":"<!-- This site is optimized with the Yoast SEO plugin v26.9 - https:\/\/yoast.com\/product\/yoast-seo-wordpress\/ -->\n<title>Girls in Bikinis Mallorca<\/title>\n<meta name=\"description\" content=\"Girls in Bikini Mallorca. If you are thinking of renting a boat in Mallorca, you can&#039;t miss the girls in bikinis! Bikini Girls Mallorca.\" \/>\n<meta name=\"robots\" content=\"index, follow, max-snippet:-1, max-image-preview:large, max-video-preview:-1\" \/>\n<link rel=\"canonical\" href=\"https:\/\/fliparas.com\/da\/aktivitet\/piger-i-bikini-mallorca\/\" \/>\n<meta property=\"og:locale\" content=\"da_DK\" \/>\n<meta property=\"og:type\" content=\"article\" \/>\n<meta property=\"og:title\" content=\"Girls in Bikinis Mallorca\" \/>\n<meta property=\"og:description\" content=\"Girls in Bikini Mallorca. If you are thinking of renting a boat in Mallorca, you can&#039;t miss the girls in bikinis! Bikini Girls Mallorca.\" \/>\n<meta property=\"og:url\" content=\"https:\/\/fliparas.com\/da\/aktivitet\/piger-i-bikini-mallorca\/\" \/>\n<meta property=\"og:site_name\" content=\"Agency Specialised in Stag and Hen Parties\" \/>\n<meta property=\"article:modified_time\" content=\"2025-01-31T10:28:27+00:00\" \/>\n<meta property=\"og:image\" content=\"https:\/\/fliparas.com\/wp-content\/uploads\/2024\/03\/Girls-in-Bikinis-Mallorca-img.jpeg\" \/>\n\t<meta property=\"og:image:width\" content=\"1024\" \/>\n\t<meta property=\"og:image:height\" content=\"1024\" \/>\n\t<meta property=\"og:image:type\" content=\"image\/jpeg\" \/>\n<meta name=\"twitter:card\" content=\"summary_large_image\" \/>\n<meta name=\"twitter:label1\" content=\"Pris\" \/>\n\t<meta name=\"twitter:data1\" content=\"370,00&nbsp;&euro;\" \/>\n\t<meta name=\"twitter:label2\" content=\"Tilg\u00e6ngelighed\" \/>\n\t<meta name=\"twitter:data2\" content=\"P\u00e5 lager\" \/>\n<script type=\"application\/ld+json\" class=\"yoast-schema-graph\">{\"@context\":\"https:\/\/schema.org\",\"@graph\":[{\"@type\":\"WebPage\",\"@id\":\"https:\/\/fliparas.com\/activity\/girls-in-bikinis-mallorca\/\",\"url\":\"https:\/\/fliparas.com\/activity\/girls-in-bikinis-mallorca\/\",\"name\":\"Girls in Bikinis Mallorca\",\"isPartOf\":{\"@id\":\"https:\/\/fliparas.com\/#website\"},\"primaryImageOfPage\":{\"@id\":\"https:\/\/fliparas.com\/activity\/girls-in-bikinis-mallorca\/#primaryimage\"},\"image\":{\"@id\":\"https:\/\/fliparas.com\/activity\/girls-in-bikinis-mallorca\/#primaryimage\"},\"thumbnailUrl\":\"https:\/\/fliparas.com\/wp-content\/uploads\/2024\/03\/Girls-in-Bikinis-Mallorca-img.jpeg\",\"datePublished\":\"2024-03-19T12:24:33+00:00\",\"dateModified\":\"2025-01-31T10:28:27+00:00\",\"description\":\"Girls in Bikini Mallorca. If you are thinking of renting a boat in Mallorca, you can't miss the girls in bikinis! Bikini Girls Mallorca.\",\"breadcrumb\":{\"@id\":\"https:\/\/fliparas.com\/activity\/girls-in-bikinis-mallorca\/#breadcrumb\"},\"inLanguage\":\"da-DK\",\"potentialAction\":[{\"@type\":\"ReadAction\",\"target\":[\"https:\/\/fliparas.com\/activity\/girls-in-bikinis-mallorca\/\"]}]},{\"@type\":\"ImageObject\",\"inLanguage\":\"da-DK\",\"@id\":\"https:\/\/fliparas.com\/activity\/girls-in-bikinis-mallorca\/#primaryimage\",\"url\":\"https:\/\/fliparas.com\/wp-content\/uploads\/2024\/03\/Girls-in-Bikinis-Mallorca-img.jpeg\",\"contentUrl\":\"https:\/\/fliparas.com\/wp-content\/uploads\/2024\/03\/Girls-in-Bikinis-Mallorca-img.jpeg\",\"width\":1024,\"height\":1024},{\"@type\":\"BreadcrumbList\",\"@id\":\"https:\/\/fliparas.com\/activity\/girls-in-bikinis-mallorca\/#breadcrumb\",\"itemListElement\":[{\"@type\":\"ListItem\",\"position\":1,\"name\":\"Home\",\"item\":\"https:\/\/fliparas.com\/\"},{\"@type\":\"ListItem\",\"position\":2,\"name\":\"Shop\",\"item\":\"https:\/\/fliparas.com\/shop\/\"},{\"@type\":\"ListItem\",\"position\":3,\"name\":\"Girls in Bikinis Mallorca\"}]},{\"@type\":\"WebSite\",\"@id\":\"https:\/\/fliparas.com\/#website\",\"url\":\"https:\/\/fliparas.com\/\",\"name\":\"Agency Specialised in Stag and Hen Parties\",\"description\":\"Trust the highest rated agency to organize an unforgettable stag and hen parties in Europe\",\"publisher\":{\"@id\":\"https:\/\/fliparas.com\/#organization\"},\"alternateName\":\"Fliparas Agency Specialised in Stag and Hen Parties\",\"potentialAction\":[{\"@type\":\"SearchAction\",\"target\":{\"@type\":\"EntryPoint\",\"urlTemplate\":\"https:\/\/fliparas.com\/?s={search_term_string}\"},\"query-input\":{\"@type\":\"PropertyValueSpecification\",\"valueRequired\":true,\"valueName\":\"search_term_string\"}}],\"inLanguage\":\"da-DK\"},{\"@type\":\"Organization\",\"@id\":\"https:\/\/fliparas.com\/#organization\",\"name\":\"Fliparas\",\"alternateName\":\"Agency Specialised in Stag and Hen Parties\",\"url\":\"https:\/\/fliparas.com\/\",\"logo\":{\"@type\":\"ImageObject\",\"inLanguage\":\"da-DK\",\"@id\":\"https:\/\/fliparas.com\/#\/schema\/logo\/image\/\",\"url\":\"https:\/\/fliparas.com\/wp-content\/uploads\/2024\/03\/Logo-Fliparas.png\",\"contentUrl\":\"https:\/\/fliparas.com\/wp-content\/uploads\/2024\/03\/Logo-Fliparas.png\",\"width\":1024,\"height\":1024,\"caption\":\"Fliparas\"},\"image\":{\"@id\":\"https:\/\/fliparas.com\/#\/schema\/logo\/image\/\"}}]}<\/script>\n<meta property=\"product:price:amount\" content=\"370.00\" \/>\n<meta property=\"product:price:currency\" content=\"EUR\" \/>\n<meta property=\"og:availability\" content=\"instock\" \/>\n<meta property=\"product:availability\" content=\"instock\" \/>\n<meta property=\"product:condition\" content=\"new\" \/>\n<!-- \/ Yoast SEO plugin. -->","yoast_head_json":{"title":"Piger i bikini Mallorca","description":"Piger i bikini p\u00e5 Mallorca. Hvis du overvejer at leje en b\u00e5d p\u00e5 Mallorca, m\u00e5 du ikke g\u00e5 glip af pigerne i bikini! Bikinipiger p\u00e5 Mallorca.","robots":{"index":"index","follow":"follow","max-snippet":"max-snippet:-1","max-image-preview":"max-image-preview:large","max-video-preview":"max-video-preview:-1"},"canonical":"https:\/\/fliparas.com\/da\/aktivitet\/piger-i-bikini-mallorca\/","og_locale":"da_DK","og_type":"article","og_title":"Girls in Bikinis Mallorca","og_description":"Girls in Bikini Mallorca. If you are thinking of renting a boat in Mallorca, you can't miss the girls in bikinis! Bikini Girls Mallorca.","og_url":"https:\/\/fliparas.com\/da\/aktivitet\/piger-i-bikini-mallorca\/","og_site_name":"Agency Specialised in Stag and Hen Parties","article_modified_time":"2025-01-31T10:28:27+00:00","og_image":[{"width":1024,"height":1024,"url":"https:\/\/fliparas.com\/wp-content\/uploads\/2024\/03\/Girls-in-Bikinis-Mallorca-img.jpeg","type":"image\/jpeg"}],"twitter_card":"summary_large_image","twitter_misc":{"Pris":"370,00&nbsp;&euro;","Tilg\u00e6ngelighed":"P\u00e5 lager"},"schema":{"@context":"https:\/\/schema.org","@graph":[{"@type":"WebPage","@id":"https:\/\/fliparas.com\/activity\/girls-in-bikinis-mallorca\/","url":"https:\/\/fliparas.com\/activity\/girls-in-bikinis-mallorca\/","name":"Piger i bikini Mallorca","isPartOf":{"@id":"https:\/\/fliparas.com\/#website"},"primaryImageOfPage":{"@id":"https:\/\/fliparas.com\/activity\/girls-in-bikinis-mallorca\/#primaryimage"},"image":{"@id":"https:\/\/fliparas.com\/activity\/girls-in-bikinis-mallorca\/#primaryimage"},"thumbnailUrl":"https:\/\/fliparas.com\/wp-content\/uploads\/2024\/03\/Girls-in-Bikinis-Mallorca-img.jpeg","datePublished":"2024-03-19T12:24:33+00:00","dateModified":"2025-01-31T10:28:27+00:00","description":"Piger i bikini p\u00e5 Mallorca. Hvis du overvejer at leje en b\u00e5d p\u00e5 Mallorca, m\u00e5 du ikke g\u00e5 glip af pigerne i bikini! Bikinipiger p\u00e5 Mallorca.","breadcrumb":{"@id":"https:\/\/fliparas.com\/activity\/girls-in-bikinis-mallorca\/#breadcrumb"},"inLanguage":"da-DK","potentialAction":[{"@type":"ReadAction","target":["https:\/\/fliparas.com\/activity\/girls-in-bikinis-mallorca\/"]}]},{"@type":"ImageObject","inLanguage":"da-DK","@id":"https:\/\/fliparas.com\/activity\/girls-in-bikinis-mallorca\/#primaryimage","url":"https:\/\/fliparas.com\/wp-content\/uploads\/2024\/03\/Girls-in-Bikinis-Mallorca-img.jpeg","contentUrl":"https:\/\/fliparas.com\/wp-content\/uploads\/2024\/03\/Girls-in-Bikinis-Mallorca-img.jpeg","width":1024,"height":1024},{"@type":"BreadcrumbList","@id":"https:\/\/fliparas.com\/activity\/girls-in-bikinis-mallorca\/#breadcrumb","itemListElement":[{"@type":"ListItem","position":1,"name":"Home","item":"https:\/\/fliparas.com\/"},{"@type":"ListItem","position":2,"name":"Shop","item":"https:\/\/fliparas.com\/shop\/"},{"@type":"ListItem","position":3,"name":"Girls in Bikinis Mallorca"}]},{"@type":"WebSite","@id":"https:\/\/fliparas.com\/#website","url":"https:\/\/fliparas.com\/","name":"Agentur specialiseret i polterabend og h\u00f8nefest","description":"Stol p\u00e5 det bedst bed\u00f8mte bureau til at arrangere en uforglemmelig polterabend i Europa","publisher":{"@id":"https:\/\/fliparas.com\/#organization"},"alternateName":"Fliparas Agency Specialised in Stag and Hen Parties","potentialAction":[{"@type":"SearchAction","target":{"@type":"EntryPoint","urlTemplate":"https:\/\/fliparas.com\/?s={search_term_string}"},"query-input":{"@type":"PropertyValueSpecification","valueRequired":true,"valueName":"search_term_string"}}],"inLanguage":"da-DK"},{"@type":"Organization","@id":"https:\/\/fliparas.com\/#organization","name":"Fliparas","alternateName":"Agency Specialised in Stag and Hen Parties","url":"https:\/\/fliparas.com\/","logo":{"@type":"ImageObject","inLanguage":"da-DK","@id":"https:\/\/fliparas.com\/#\/schema\/logo\/image\/","url":"https:\/\/fliparas.com\/wp-content\/uploads\/2024\/03\/Logo-Fliparas.png","contentUrl":"https:\/\/fliparas.com\/wp-content\/uploads\/2024\/03\/Logo-Fliparas.png","width":1024,"height":1024,"caption":"Fliparas"},"image":{"@id":"https:\/\/fliparas.com\/#\/schema\/logo\/image\/"}}]},"product_price_amount":"370.00","product_price_currency":"EUR","og_availability":"instock","product_availability":"instock","product_condition":"new"},"_links":{"self":[{"href":"https:\/\/fliparas.com\/da\/wp-json\/wp\/v2\/product\/470","targetHints":{"allow":["GET"]}}],"collection":[{"href":"https:\/\/fliparas.com\/da\/wp-json\/wp\/v2\/product"}],"about":[{"href":"https:\/\/fliparas.com\/da\/wp-json\/wp\/v2\/types\/product"}],"wp:featuredmedia":[{"embeddable":true,"href":"https:\/\/fliparas.com\/da\/wp-json\/wp\/v2\/media\/838"}],"wp:attachment":[{"href":"https:\/\/fliparas.com\/da\/wp-json\/wp\/v2\/media?parent=470"}],"wp:term":[{"taxonomy":"product_brand","embeddable":true,"href":"https:\/\/fliparas.com\/da\/wp-json\/wp\/v2\/product_brand?post=470"},{"taxonomy":"product_cat","embeddable":true,"href":"https:\/\/fliparas.com\/da\/wp-json\/wp\/v2\/product_cat?post=470"},{"taxonomy":"product_tag","embeddable":true,"href":"https:\/\/fliparas.com\/da\/wp-json\/wp\/v2\/product_tag?post=470"}],"curies":[{"name":"wp","href":"https:\/\/api.w.org\/{rel}","templated":true}]}}