{"id":472,"date":"2024-03-19T12:24:33","date_gmt":"2024-03-19T12:24:33","guid":{"rendered":"https:\/\/fliparas.com\/?post_type=product&#038;p=472"},"modified":"2025-01-31T11:28:27","modified_gmt":"2025-01-31T10:28:27","slug":"bananbad-mallorca","status":"publish","type":"product","link":"https:\/\/fliparas.com\/da\/aktivitet\/bananbad-mallorca\/","title":{"rendered":"Banana Boat Mallorca"},"content":{"rendered":"<p>Bananb\u00e5d p\u00e5 Mallorca. En sjov vandoplevelse - kan du undg\u00e5 at falde i vandet?<\/p>\n<p>De bedste polterabender med <a href=\"https:\/\/fliparas.com\/da\/polterabend-2\/\">Polterabend<\/a>! <a href=\"https:\/\/fliparas.com\/da\/polterabend\/\">Polterabend<\/a>!<\/p>\n<h2 style=\"text-align: center;\">Banana Boat Mallorca \ud83c\udf4c<\/h2>\n<p style=\"text-align: center;\">MINIMUMSSALG: 4 PERSONER.<\/p>\n<h4>\ud83c\udf0a <strong>Banana Boat i Palma de Mallorca: Hav det sjovt p\u00e5 de krystallinske b\u00f8lger!<\/strong> \ud83c\udf4c<\/h4>\n<p>G\u00f8r dig klar til et uforglemmeligt vandeventyr i <a href=\"https:\/\/es.wikipedia.org\/wiki\/Palma_de_Mallorca\">Palma de Mallorca<\/a> med vores Banana Boat-oplevelse! \ud83d\udea4<\/p>\n<p>Tag med p\u00e5 et eventyr fuld af grin og udfordringer, n\u00e5r du fors\u00f8ger at holde balancen p\u00e5 vores oppustelige banan, mens du glider hen over Palmas krystalklare vand.<\/p>\n<p>G\u00e5 om bord med dine venner til en sp\u00e6ndende oplevelse, hvor sjov og sp\u00e6nding m\u00f8des til rytmen af Middelhavets b\u00f8lger. Sp\u00f8rgsm\u00e5let er: Kan du holde fast og undg\u00e5 at falde i Palmas forfriskende vand? \ud83c\udf1e<\/p>\n<p>Vores erfarne team s\u00f8rger for din sikkerhed og garanterer samtidig en maksimal dosis forn\u00f8jelse. Uanset om du er sammen med familie, venner eller en gruppe, byder bananb\u00e5den p\u00e5 et akvatisk eventyr, der passer til alle niveauer.<\/p>\n<p>Book nu til en dag med latter, venskabelig konkurrence og uforglemmelige minder. G\u00e5 ikke glip af denne mulighed for at have det sjovt med dine k\u00e6re p\u00e5 det glitrende vand i Palma de Mallorca. G\u00f8r dig klar til latter og sp\u00e6nding p\u00e5 vores bananb\u00e5d! \ud83c\udf0a\ud83c\udf4c<\/p>\n<p>Book Mallorca Banana Boat-oplevelsen nu!<\/p>","protected":false},"excerpt":{"rendered":"<p>Bananb\u00e5d p\u00e5 Mallorca. En sjov vandoplevelse - kan du undg\u00e5 at falde i vandet?<\/p>\n<p>MINIMUMSSALG: 4 PERSONER.<\/p>","protected":false},"featured_media":840,"template":"","meta":[],"product_brand":[425],"product_cat":[193,165,194],"product_tag":[222,221],"class_list":{"0":"post-472","1":"product","2":"type-product","3":"status-publish","4":"has-post-thumbnail","6":"product_brand-fliparas-inc","7":"product_cat-hen-party-mallorca","8":"product_cat-mallorca","9":"product_cat-stag-party-mallorca","10":"product_tag-banana-boat","11":"product_tag-banana-boat-mallorca","13":"first","14":"instock","15":"virtual","16":"sold-individually","17":"purchasable","18":"product-type-booking"},"yoast_head":"<!-- This site is optimized with the Yoast SEO plugin v26.9 - https:\/\/yoast.com\/product\/yoast-seo-wordpress\/ -->\n<title>Banana Boat Mallorca<\/title>\n<meta name=\"description\" content=\"Banana Boat Mallorca. A fun water experience - can you avoid falling into the water? Banana Boat Mallorca.\" \/>\n<meta name=\"robots\" content=\"index, follow, max-snippet:-1, max-image-preview:large, max-video-preview:-1\" \/>\n<link rel=\"canonical\" href=\"https:\/\/fliparas.com\/da\/aktivitet\/bananbad-mallorca\/\" \/>\n<meta property=\"og:locale\" content=\"da_DK\" \/>\n<meta property=\"og:type\" content=\"article\" \/>\n<meta property=\"og:title\" content=\"Banana Boat Mallorca\" \/>\n<meta property=\"og:description\" content=\"Banana Boat Mallorca. A fun water experience - can you avoid falling into the water? Banana Boat Mallorca.\" \/>\n<meta property=\"og:url\" content=\"https:\/\/fliparas.com\/da\/aktivitet\/bananbad-mallorca\/\" \/>\n<meta property=\"og:site_name\" content=\"Agency Specialised in Stag and Hen Parties\" \/>\n<meta property=\"article:modified_time\" content=\"2025-01-31T10:28:27+00:00\" \/>\n<meta property=\"og:image\" content=\"https:\/\/fliparas.com\/wp-content\/uploads\/2024\/03\/Banana-Boat-Mallorca-img.jpeg\" \/>\n\t<meta property=\"og:image:width\" content=\"1024\" \/>\n\t<meta property=\"og:image:height\" content=\"1024\" \/>\n\t<meta property=\"og:image:type\" content=\"image\/jpeg\" \/>\n<meta name=\"twitter:card\" content=\"summary_large_image\" \/>\n<meta name=\"twitter:label1\" content=\"Pris\" \/>\n\t<meta name=\"twitter:data1\" content=\"28,00&nbsp;&euro;\" \/>\n\t<meta name=\"twitter:label2\" content=\"Tilg\u00e6ngelighed\" \/>\n\t<meta name=\"twitter:data2\" content=\"P\u00e5 lager\" \/>\n<script type=\"application\/ld+json\" class=\"yoast-schema-graph\">{\"@context\":\"https:\/\/schema.org\",\"@graph\":[{\"@type\":\"WebPage\",\"@id\":\"https:\/\/fliparas.com\/activity\/banana-boat-mallorca\/\",\"url\":\"https:\/\/fliparas.com\/activity\/banana-boat-mallorca\/\",\"name\":\"Banana Boat Mallorca\",\"isPartOf\":{\"@id\":\"https:\/\/fliparas.com\/#website\"},\"primaryImageOfPage\":{\"@id\":\"https:\/\/fliparas.com\/activity\/banana-boat-mallorca\/#primaryimage\"},\"image\":{\"@id\":\"https:\/\/fliparas.com\/activity\/banana-boat-mallorca\/#primaryimage\"},\"thumbnailUrl\":\"https:\/\/fliparas.com\/wp-content\/uploads\/2024\/03\/Banana-Boat-Mallorca-img.jpeg\",\"datePublished\":\"2024-03-19T12:24:33+00:00\",\"dateModified\":\"2025-01-31T10:28:27+00:00\",\"description\":\"Banana Boat Mallorca. A fun water experience - can you avoid falling into the water? Banana Boat Mallorca.\",\"breadcrumb\":{\"@id\":\"https:\/\/fliparas.com\/activity\/banana-boat-mallorca\/#breadcrumb\"},\"inLanguage\":\"da-DK\",\"potentialAction\":[{\"@type\":\"ReadAction\",\"target\":[\"https:\/\/fliparas.com\/activity\/banana-boat-mallorca\/\"]}]},{\"@type\":\"ImageObject\",\"inLanguage\":\"da-DK\",\"@id\":\"https:\/\/fliparas.com\/activity\/banana-boat-mallorca\/#primaryimage\",\"url\":\"https:\/\/fliparas.com\/wp-content\/uploads\/2024\/03\/Banana-Boat-Mallorca-img.jpeg\",\"contentUrl\":\"https:\/\/fliparas.com\/wp-content\/uploads\/2024\/03\/Banana-Boat-Mallorca-img.jpeg\",\"width\":1024,\"height\":1024},{\"@type\":\"BreadcrumbList\",\"@id\":\"https:\/\/fliparas.com\/activity\/banana-boat-mallorca\/#breadcrumb\",\"itemListElement\":[{\"@type\":\"ListItem\",\"position\":1,\"name\":\"Home\",\"item\":\"https:\/\/fliparas.com\/\"},{\"@type\":\"ListItem\",\"position\":2,\"name\":\"Shop\",\"item\":\"https:\/\/fliparas.com\/shop\/\"},{\"@type\":\"ListItem\",\"position\":3,\"name\":\"Banana Boat Mallorca\"}]},{\"@type\":\"WebSite\",\"@id\":\"https:\/\/fliparas.com\/#website\",\"url\":\"https:\/\/fliparas.com\/\",\"name\":\"Agency Specialised in Stag and Hen Parties\",\"description\":\"Trust the highest rated agency to organize an unforgettable stag and hen parties in Europe\",\"publisher\":{\"@id\":\"https:\/\/fliparas.com\/#organization\"},\"alternateName\":\"Fliparas Agency Specialised in Stag and Hen Parties\",\"potentialAction\":[{\"@type\":\"SearchAction\",\"target\":{\"@type\":\"EntryPoint\",\"urlTemplate\":\"https:\/\/fliparas.com\/?s={search_term_string}\"},\"query-input\":{\"@type\":\"PropertyValueSpecification\",\"valueRequired\":true,\"valueName\":\"search_term_string\"}}],\"inLanguage\":\"da-DK\"},{\"@type\":\"Organization\",\"@id\":\"https:\/\/fliparas.com\/#organization\",\"name\":\"Fliparas\",\"alternateName\":\"Agency Specialised in Stag and Hen Parties\",\"url\":\"https:\/\/fliparas.com\/\",\"logo\":{\"@type\":\"ImageObject\",\"inLanguage\":\"da-DK\",\"@id\":\"https:\/\/fliparas.com\/#\/schema\/logo\/image\/\",\"url\":\"https:\/\/fliparas.com\/wp-content\/uploads\/2024\/03\/Logo-Fliparas.png\",\"contentUrl\":\"https:\/\/fliparas.com\/wp-content\/uploads\/2024\/03\/Logo-Fliparas.png\",\"width\":1024,\"height\":1024,\"caption\":\"Fliparas\"},\"image\":{\"@id\":\"https:\/\/fliparas.com\/#\/schema\/logo\/image\/\"}}]}<\/script>\n<meta property=\"product:price:amount\" content=\"28.00\" \/>\n<meta property=\"product:price:currency\" content=\"EUR\" \/>\n<meta property=\"og:availability\" content=\"instock\" \/>\n<meta property=\"product:availability\" content=\"instock\" \/>\n<meta property=\"product:condition\" content=\"new\" \/>\n<!-- \/ Yoast SEO plugin. -->","yoast_head_json":{"title":"Banana Boat Mallorca","description":"Bananb\u00e5d p\u00e5 Mallorca. En sjov vandoplevelse - kan du undg\u00e5 at falde i vandet? Bananb\u00e5d Mallorca.","robots":{"index":"index","follow":"follow","max-snippet":"max-snippet:-1","max-image-preview":"max-image-preview:large","max-video-preview":"max-video-preview:-1"},"canonical":"https:\/\/fliparas.com\/da\/aktivitet\/bananbad-mallorca\/","og_locale":"da_DK","og_type":"article","og_title":"Banana Boat Mallorca","og_description":"Banana Boat Mallorca. A fun water experience - can you avoid falling into the water? Banana Boat Mallorca.","og_url":"https:\/\/fliparas.com\/da\/aktivitet\/bananbad-mallorca\/","og_site_name":"Agency Specialised in Stag and Hen Parties","article_modified_time":"2025-01-31T10:28:27+00:00","og_image":[{"width":1024,"height":1024,"url":"https:\/\/fliparas.com\/wp-content\/uploads\/2024\/03\/Banana-Boat-Mallorca-img.jpeg","type":"image\/jpeg"}],"twitter_card":"summary_large_image","twitter_misc":{"Pris":"28,00&nbsp;&euro;","Tilg\u00e6ngelighed":"P\u00e5 lager"},"schema":{"@context":"https:\/\/schema.org","@graph":[{"@type":"WebPage","@id":"https:\/\/fliparas.com\/activity\/banana-boat-mallorca\/","url":"https:\/\/fliparas.com\/activity\/banana-boat-mallorca\/","name":"Banana Boat Mallorca","isPartOf":{"@id":"https:\/\/fliparas.com\/#website"},"primaryImageOfPage":{"@id":"https:\/\/fliparas.com\/activity\/banana-boat-mallorca\/#primaryimage"},"image":{"@id":"https:\/\/fliparas.com\/activity\/banana-boat-mallorca\/#primaryimage"},"thumbnailUrl":"https:\/\/fliparas.com\/wp-content\/uploads\/2024\/03\/Banana-Boat-Mallorca-img.jpeg","datePublished":"2024-03-19T12:24:33+00:00","dateModified":"2025-01-31T10:28:27+00:00","description":"Bananb\u00e5d p\u00e5 Mallorca. En sjov vandoplevelse - kan du undg\u00e5 at falde i vandet? Bananb\u00e5d Mallorca.","breadcrumb":{"@id":"https:\/\/fliparas.com\/activity\/banana-boat-mallorca\/#breadcrumb"},"inLanguage":"da-DK","potentialAction":[{"@type":"ReadAction","target":["https:\/\/fliparas.com\/activity\/banana-boat-mallorca\/"]}]},{"@type":"ImageObject","inLanguage":"da-DK","@id":"https:\/\/fliparas.com\/activity\/banana-boat-mallorca\/#primaryimage","url":"https:\/\/fliparas.com\/wp-content\/uploads\/2024\/03\/Banana-Boat-Mallorca-img.jpeg","contentUrl":"https:\/\/fliparas.com\/wp-content\/uploads\/2024\/03\/Banana-Boat-Mallorca-img.jpeg","width":1024,"height":1024},{"@type":"BreadcrumbList","@id":"https:\/\/fliparas.com\/activity\/banana-boat-mallorca\/#breadcrumb","itemListElement":[{"@type":"ListItem","position":1,"name":"Home","item":"https:\/\/fliparas.com\/"},{"@type":"ListItem","position":2,"name":"Shop","item":"https:\/\/fliparas.com\/shop\/"},{"@type":"ListItem","position":3,"name":"Banana Boat Mallorca"}]},{"@type":"WebSite","@id":"https:\/\/fliparas.com\/#website","url":"https:\/\/fliparas.com\/","name":"Agentur specialiseret i polterabend og h\u00f8nefest","description":"Stol p\u00e5 det bedst bed\u00f8mte bureau til at arrangere en uforglemmelig polterabend i Europa","publisher":{"@id":"https:\/\/fliparas.com\/#organization"},"alternateName":"Fliparas Agency Specialised in Stag and Hen Parties","potentialAction":[{"@type":"SearchAction","target":{"@type":"EntryPoint","urlTemplate":"https:\/\/fliparas.com\/?s={search_term_string}"},"query-input":{"@type":"PropertyValueSpecification","valueRequired":true,"valueName":"search_term_string"}}],"inLanguage":"da-DK"},{"@type":"Organization","@id":"https:\/\/fliparas.com\/#organization","name":"Fliparas","alternateName":"Agency Specialised in Stag and Hen Parties","url":"https:\/\/fliparas.com\/","logo":{"@type":"ImageObject","inLanguage":"da-DK","@id":"https:\/\/fliparas.com\/#\/schema\/logo\/image\/","url":"https:\/\/fliparas.com\/wp-content\/uploads\/2024\/03\/Logo-Fliparas.png","contentUrl":"https:\/\/fliparas.com\/wp-content\/uploads\/2024\/03\/Logo-Fliparas.png","width":1024,"height":1024,"caption":"Fliparas"},"image":{"@id":"https:\/\/fliparas.com\/#\/schema\/logo\/image\/"}}]},"product_price_amount":"28.00","product_price_currency":"EUR","og_availability":"instock","product_availability":"instock","product_condition":"new"},"_links":{"self":[{"href":"https:\/\/fliparas.com\/da\/wp-json\/wp\/v2\/product\/472","targetHints":{"allow":["GET"]}}],"collection":[{"href":"https:\/\/fliparas.com\/da\/wp-json\/wp\/v2\/product"}],"about":[{"href":"https:\/\/fliparas.com\/da\/wp-json\/wp\/v2\/types\/product"}],"wp:featuredmedia":[{"embeddable":true,"href":"https:\/\/fliparas.com\/da\/wp-json\/wp\/v2\/media\/840"}],"wp:attachment":[{"href":"https:\/\/fliparas.com\/da\/wp-json\/wp\/v2\/media?parent=472"}],"wp:term":[{"taxonomy":"product_brand","embeddable":true,"href":"https:\/\/fliparas.com\/da\/wp-json\/wp\/v2\/product_brand?post=472"},{"taxonomy":"product_cat","embeddable":true,"href":"https:\/\/fliparas.com\/da\/wp-json\/wp\/v2\/product_cat?post=472"},{"taxonomy":"product_tag","embeddable":true,"href":"https:\/\/fliparas.com\/da\/wp-json\/wp\/v2\/product_tag?post=472"}],"curies":[{"name":"wp","href":"https:\/\/api.w.org\/{rel}","templated":true}]}}