{"id":490,"date":"2024-03-19T12:24:55","date_gmt":"2024-03-19T12:24:55","guid":{"rendered":"https:\/\/fliparas.com\/?post_type=product&#038;p=490"},"modified":"2025-01-31T11:30:07","modified_gmt":"2025-01-31T10:30:07","slug":"vip-natklub-palma-mallorca","status":"publish","type":"product","link":"https:\/\/fliparas.com\/da\/aktivitet\/vip-natklub-palma-mallorca\/","title":{"rendered":"VIP-natklub Palma Mallorca"},"content":{"rendered":"<p>VIP-natklub Palma Mallorca. Denne aften p\u00e5 Mallorca m\u00e5 du ikke g\u00e5 glip af. Book dine billetter nu med drikkevarer inkluderet (VIP-bord muligt)!<\/p>\n<p>De bedste polterabender med <a href=\"https:\/\/fliparas.com\/da\/polterabend-2\/\">Polterabend<\/a>! <a href=\"https:\/\/fliparas.com\/da\/polterabend\/\">Polterabend<\/a>!<\/p>\n<h2 style=\"text-align: center;\">Palma Mallorca VIP-natklub \ud83c\udf89<\/h2>\n<h4>\ud83c\udf89 <strong>Fordyb dig i den mallorcinske nats udstr\u00e5ling! Book din VIP-aften!<\/strong> \ud83c\udf34<\/h4>\n<p>Oplev essensen af Palma de Mallorcas natteliv! Vores eksklusive tilbud om adgang til en af byens mest trendy natklubber! \ud83d\udd7a<\/p>\n<p>Book hos os for at f\u00e5 tidlig adgang, herunder privilegeret adgang og gratis drinks, hvilket lover dig en uforglemmelig aften med fest p\u00e5 denne ikoniske destination.<\/p>\n<p>Lad dig rive med af den elektrificerende energi p\u00e5 dansegulvet, hvor live-DJ's s\u00f8rger for, at du danser til langt ud p\u00e5 natten. Vores tilbud omfatter ogs\u00e5 muligheden for at reservere et VIP-bord med en eksklusiv flaske til hver gruppe p\u00e5 fire personer, hvilket giver dig en endnu mere luksuri\u00f8s og personlig oplevelse.<\/p>\n<p>Sug til dig af den pulserende atmosf\u00e6re, hvor livlig musik og fascinerende lys skaber en unik sanseoplevelse. Nyd den mallorcinske nat i vores VIP-omr\u00e5de eller p\u00e5 det livlige dansegulv.<\/p>\n<p>Book nu for at garantere din plads p\u00e5 dette fest-hotspot i <a href=\"https:\/\/es.wikipedia.org\/wiki\/Palma_de_Mallorca\">Palma<\/a>. Book VIP-diskotek Palma Mallorca!<\/p>\n<p>Fork\u00e6l dig selv med en enest\u00e5ende aften, med venner eller k\u00e6rester, i en fyrig atmosf\u00e6re, hvor den mallorcinske nats magi v\u00e6kkes til live. \ud83c\udf1f\ud83c\udfb6\ud83c\udf7e<\/p>","protected":false},"excerpt":{"rendered":"<p>VIP-natklub Palma Mallorca. Denne aften p\u00e5 Mallorca m\u00e5 du ikke g\u00e5 glip af. Book dine billetter nu med drikkevarer inkluderet (VIP-bord muligt)!<\/p>","protected":false},"featured_media":695,"template":"","meta":[],"product_brand":[425],"product_cat":[193,165,194],"product_tag":[199,198],"class_list":{"0":"post-490","1":"product","2":"type-product","3":"status-publish","4":"has-post-thumbnail","6":"product_brand-fliparas-inc","7":"product_cat-hen-party-mallorca","8":"product_cat-mallorca","9":"product_cat-stag-party-mallorca","10":"product_tag-vip-nightclub","11":"product_tag-vip-nightclub-palma","13":"first","14":"instock","15":"virtual","16":"sold-individually","17":"purchasable","18":"product-type-booking"},"yoast_head":"<!-- This site is optimized with the Yoast SEO plugin v26.9 - https:\/\/yoast.com\/product\/yoast-seo-wordpress\/ -->\n<title>VIP Nightclub Palma Mallorca<\/title>\n<meta name=\"description\" content=\"VIP nightclub Palma Mallorca . The night in Mallorca is unmissable. Book your tickets now with drinks included (VIP table possible).\" \/>\n<meta name=\"robots\" content=\"index, follow, max-snippet:-1, max-image-preview:large, max-video-preview:-1\" \/>\n<link rel=\"canonical\" href=\"https:\/\/fliparas.com\/da\/aktivitet\/vip-natklub-palma-mallorca\/\" \/>\n<meta property=\"og:locale\" content=\"da_DK\" \/>\n<meta property=\"og:type\" content=\"article\" \/>\n<meta property=\"og:title\" content=\"VIP Nightclub Palma Mallorca\" \/>\n<meta property=\"og:description\" content=\"VIP nightclub Palma Mallorca . The night in Mallorca is unmissable. Book your tickets now with drinks included (VIP table possible).\" \/>\n<meta property=\"og:url\" content=\"https:\/\/fliparas.com\/da\/aktivitet\/vip-natklub-palma-mallorca\/\" \/>\n<meta property=\"og:site_name\" content=\"Agency Specialised in Stag and Hen Parties\" \/>\n<meta property=\"article:modified_time\" content=\"2025-01-31T10:30:07+00:00\" \/>\n<meta property=\"og:image\" content=\"https:\/\/fliparas.com\/wp-content\/uploads\/2024\/03\/VIP-Nightclub-Mallorca.jpeg\" \/>\n\t<meta property=\"og:image:width\" content=\"1024\" \/>\n\t<meta property=\"og:image:height\" content=\"1024\" \/>\n\t<meta property=\"og:image:type\" content=\"image\/jpeg\" \/>\n<meta name=\"twitter:card\" content=\"summary_large_image\" \/>\n<meta name=\"twitter:label1\" content=\"Pris\" \/>\n\t<meta name=\"twitter:data1\" content=\"350,00&nbsp;&euro;\" \/>\n\t<meta name=\"twitter:label2\" content=\"Tilg\u00e6ngelighed\" \/>\n\t<meta name=\"twitter:data2\" content=\"P\u00e5 lager\" \/>\n<script type=\"application\/ld+json\" class=\"yoast-schema-graph\">{\"@context\":\"https:\/\/schema.org\",\"@graph\":[{\"@type\":\"WebPage\",\"@id\":\"https:\/\/fliparas.com\/activity\/vip-nightclub-palma-mallorca\/\",\"url\":\"https:\/\/fliparas.com\/activity\/vip-nightclub-palma-mallorca\/\",\"name\":\"VIP Nightclub Palma Mallorca\",\"isPartOf\":{\"@id\":\"https:\/\/fliparas.com\/#website\"},\"primaryImageOfPage\":{\"@id\":\"https:\/\/fliparas.com\/activity\/vip-nightclub-palma-mallorca\/#primaryimage\"},\"image\":{\"@id\":\"https:\/\/fliparas.com\/activity\/vip-nightclub-palma-mallorca\/#primaryimage\"},\"thumbnailUrl\":\"https:\/\/fliparas.com\/wp-content\/uploads\/2024\/03\/VIP-Nightclub-Mallorca.jpeg\",\"datePublished\":\"2024-03-19T12:24:55+00:00\",\"dateModified\":\"2025-01-31T10:30:07+00:00\",\"description\":\"VIP nightclub Palma Mallorca . The night in Mallorca is unmissable. Book your tickets now with drinks included (VIP table possible).\",\"breadcrumb\":{\"@id\":\"https:\/\/fliparas.com\/activity\/vip-nightclub-palma-mallorca\/#breadcrumb\"},\"inLanguage\":\"da-DK\",\"potentialAction\":[{\"@type\":\"ReadAction\",\"target\":[\"https:\/\/fliparas.com\/activity\/vip-nightclub-palma-mallorca\/\"]}]},{\"@type\":\"ImageObject\",\"inLanguage\":\"da-DK\",\"@id\":\"https:\/\/fliparas.com\/activity\/vip-nightclub-palma-mallorca\/#primaryimage\",\"url\":\"https:\/\/fliparas.com\/wp-content\/uploads\/2024\/03\/VIP-Nightclub-Mallorca.jpeg\",\"contentUrl\":\"https:\/\/fliparas.com\/wp-content\/uploads\/2024\/03\/VIP-Nightclub-Mallorca.jpeg\",\"width\":1024,\"height\":1024},{\"@type\":\"BreadcrumbList\",\"@id\":\"https:\/\/fliparas.com\/activity\/vip-nightclub-palma-mallorca\/#breadcrumb\",\"itemListElement\":[{\"@type\":\"ListItem\",\"position\":1,\"name\":\"Home\",\"item\":\"https:\/\/fliparas.com\/\"},{\"@type\":\"ListItem\",\"position\":2,\"name\":\"Shop\",\"item\":\"https:\/\/fliparas.com\/shop\/\"},{\"@type\":\"ListItem\",\"position\":3,\"name\":\"VIP Nightclub Palma Mallorca\"}]},{\"@type\":\"WebSite\",\"@id\":\"https:\/\/fliparas.com\/#website\",\"url\":\"https:\/\/fliparas.com\/\",\"name\":\"Agency Specialised in Stag and Hen Parties\",\"description\":\"Trust the highest rated agency to organize an unforgettable stag and hen parties in Europe\",\"publisher\":{\"@id\":\"https:\/\/fliparas.com\/#organization\"},\"alternateName\":\"Fliparas Agency Specialised in Stag and Hen Parties\",\"potentialAction\":[{\"@type\":\"SearchAction\",\"target\":{\"@type\":\"EntryPoint\",\"urlTemplate\":\"https:\/\/fliparas.com\/?s={search_term_string}\"},\"query-input\":{\"@type\":\"PropertyValueSpecification\",\"valueRequired\":true,\"valueName\":\"search_term_string\"}}],\"inLanguage\":\"da-DK\"},{\"@type\":\"Organization\",\"@id\":\"https:\/\/fliparas.com\/#organization\",\"name\":\"Fliparas\",\"alternateName\":\"Agency Specialised in Stag and Hen Parties\",\"url\":\"https:\/\/fliparas.com\/\",\"logo\":{\"@type\":\"ImageObject\",\"inLanguage\":\"da-DK\",\"@id\":\"https:\/\/fliparas.com\/#\/schema\/logo\/image\/\",\"url\":\"https:\/\/fliparas.com\/wp-content\/uploads\/2024\/03\/Logo-Fliparas.png\",\"contentUrl\":\"https:\/\/fliparas.com\/wp-content\/uploads\/2024\/03\/Logo-Fliparas.png\",\"width\":1024,\"height\":1024,\"caption\":\"Fliparas\"},\"image\":{\"@id\":\"https:\/\/fliparas.com\/#\/schema\/logo\/image\/\"}}]}<\/script>\n<meta property=\"product:price:amount\" content=\"350.00\" \/>\n<meta property=\"product:price:currency\" content=\"EUR\" \/>\n<meta property=\"og:availability\" content=\"instock\" \/>\n<meta property=\"product:availability\" content=\"instock\" \/>\n<meta property=\"product:condition\" content=\"new\" \/>\n<!-- \/ Yoast SEO plugin. -->","yoast_head_json":{"title":"VIP-natklub Palma Mallorca","description":"VIP-natklub Palma Mallorca . Natten p\u00e5 Mallorca er ikke til at komme udenom. Book dine billetter nu med drikkevarer inkluderet (VIP-bord muligt).","robots":{"index":"index","follow":"follow","max-snippet":"max-snippet:-1","max-image-preview":"max-image-preview:large","max-video-preview":"max-video-preview:-1"},"canonical":"https:\/\/fliparas.com\/da\/aktivitet\/vip-natklub-palma-mallorca\/","og_locale":"da_DK","og_type":"article","og_title":"VIP Nightclub Palma Mallorca","og_description":"VIP nightclub Palma Mallorca . The night in Mallorca is unmissable. Book your tickets now with drinks included (VIP table possible).","og_url":"https:\/\/fliparas.com\/da\/aktivitet\/vip-natklub-palma-mallorca\/","og_site_name":"Agency Specialised in Stag and Hen Parties","article_modified_time":"2025-01-31T10:30:07+00:00","og_image":[{"width":1024,"height":1024,"url":"https:\/\/fliparas.com\/wp-content\/uploads\/2024\/03\/VIP-Nightclub-Mallorca.jpeg","type":"image\/jpeg"}],"twitter_card":"summary_large_image","twitter_misc":{"Pris":"350,00&nbsp;&euro;","Tilg\u00e6ngelighed":"P\u00e5 lager"},"schema":{"@context":"https:\/\/schema.org","@graph":[{"@type":"WebPage","@id":"https:\/\/fliparas.com\/activity\/vip-nightclub-palma-mallorca\/","url":"https:\/\/fliparas.com\/activity\/vip-nightclub-palma-mallorca\/","name":"VIP-natklub Palma Mallorca","isPartOf":{"@id":"https:\/\/fliparas.com\/#website"},"primaryImageOfPage":{"@id":"https:\/\/fliparas.com\/activity\/vip-nightclub-palma-mallorca\/#primaryimage"},"image":{"@id":"https:\/\/fliparas.com\/activity\/vip-nightclub-palma-mallorca\/#primaryimage"},"thumbnailUrl":"https:\/\/fliparas.com\/wp-content\/uploads\/2024\/03\/VIP-Nightclub-Mallorca.jpeg","datePublished":"2024-03-19T12:24:55+00:00","dateModified":"2025-01-31T10:30:07+00:00","description":"VIP-natklub Palma Mallorca . Natten p\u00e5 Mallorca er ikke til at komme udenom. Book dine billetter nu med drikkevarer inkluderet (VIP-bord muligt).","breadcrumb":{"@id":"https:\/\/fliparas.com\/activity\/vip-nightclub-palma-mallorca\/#breadcrumb"},"inLanguage":"da-DK","potentialAction":[{"@type":"ReadAction","target":["https:\/\/fliparas.com\/activity\/vip-nightclub-palma-mallorca\/"]}]},{"@type":"ImageObject","inLanguage":"da-DK","@id":"https:\/\/fliparas.com\/activity\/vip-nightclub-palma-mallorca\/#primaryimage","url":"https:\/\/fliparas.com\/wp-content\/uploads\/2024\/03\/VIP-Nightclub-Mallorca.jpeg","contentUrl":"https:\/\/fliparas.com\/wp-content\/uploads\/2024\/03\/VIP-Nightclub-Mallorca.jpeg","width":1024,"height":1024},{"@type":"BreadcrumbList","@id":"https:\/\/fliparas.com\/activity\/vip-nightclub-palma-mallorca\/#breadcrumb","itemListElement":[{"@type":"ListItem","position":1,"name":"Home","item":"https:\/\/fliparas.com\/"},{"@type":"ListItem","position":2,"name":"Shop","item":"https:\/\/fliparas.com\/shop\/"},{"@type":"ListItem","position":3,"name":"VIP Nightclub Palma Mallorca"}]},{"@type":"WebSite","@id":"https:\/\/fliparas.com\/#website","url":"https:\/\/fliparas.com\/","name":"Agentur specialiseret i polterabend og h\u00f8nefest","description":"Stol p\u00e5 det bedst bed\u00f8mte bureau til at arrangere en uforglemmelig polterabend i Europa","publisher":{"@id":"https:\/\/fliparas.com\/#organization"},"alternateName":"Fliparas Agency Specialised in Stag and Hen Parties","potentialAction":[{"@type":"SearchAction","target":{"@type":"EntryPoint","urlTemplate":"https:\/\/fliparas.com\/?s={search_term_string}"},"query-input":{"@type":"PropertyValueSpecification","valueRequired":true,"valueName":"search_term_string"}}],"inLanguage":"da-DK"},{"@type":"Organization","@id":"https:\/\/fliparas.com\/#organization","name":"Fliparas","alternateName":"Agency Specialised in Stag and Hen Parties","url":"https:\/\/fliparas.com\/","logo":{"@type":"ImageObject","inLanguage":"da-DK","@id":"https:\/\/fliparas.com\/#\/schema\/logo\/image\/","url":"https:\/\/fliparas.com\/wp-content\/uploads\/2024\/03\/Logo-Fliparas.png","contentUrl":"https:\/\/fliparas.com\/wp-content\/uploads\/2024\/03\/Logo-Fliparas.png","width":1024,"height":1024,"caption":"Fliparas"},"image":{"@id":"https:\/\/fliparas.com\/#\/schema\/logo\/image\/"}}]},"product_price_amount":"350.00","product_price_currency":"EUR","og_availability":"instock","product_availability":"instock","product_condition":"new"},"_links":{"self":[{"href":"https:\/\/fliparas.com\/da\/wp-json\/wp\/v2\/product\/490","targetHints":{"allow":["GET"]}}],"collection":[{"href":"https:\/\/fliparas.com\/da\/wp-json\/wp\/v2\/product"}],"about":[{"href":"https:\/\/fliparas.com\/da\/wp-json\/wp\/v2\/types\/product"}],"wp:featuredmedia":[{"embeddable":true,"href":"https:\/\/fliparas.com\/da\/wp-json\/wp\/v2\/media\/695"}],"wp:attachment":[{"href":"https:\/\/fliparas.com\/da\/wp-json\/wp\/v2\/media?parent=490"}],"wp:term":[{"taxonomy":"product_brand","embeddable":true,"href":"https:\/\/fliparas.com\/da\/wp-json\/wp\/v2\/product_brand?post=490"},{"taxonomy":"product_cat","embeddable":true,"href":"https:\/\/fliparas.com\/da\/wp-json\/wp\/v2\/product_cat?post=490"},{"taxonomy":"product_tag","embeddable":true,"href":"https:\/\/fliparas.com\/da\/wp-json\/wp\/v2\/product_tag?post=490"}],"curies":[{"name":"wp","href":"https:\/\/api.w.org\/{rel}","templated":true}]}}