{"id":493,"date":"2024-03-19T12:24:55","date_gmt":"2024-03-19T12:24:55","guid":{"rendered":"https:\/\/fliparas.com\/?post_type=product&#038;p=493"},"modified":"2025-01-31T11:30:07","modified_gmt":"2025-01-31T10:30:07","slug":"handlaenket-dvaerg-mallorca","status":"publish","type":"product","link":"https:\/\/fliparas.com\/da\/aktivitet\/handlaenket-dvaerg-mallorca\/","title":{"rendered":"Dv\u00e6rg med h\u00e5ndjern p\u00e5 Mallorca"},"content":{"rendered":"<p>Dv\u00e6rg i h\u00e5ndjern p\u00e5 Mallorca. En helt us\u00e6dvanlig og sjov aktivitet til din polterabend p\u00e5 Mallorca! Lej en dv\u00e6rg til at ledsage dig i 1 time, l\u00e6nket til dig! Grin garanteret.<\/p>\n<p>De bedste polterabender med <a href=\"https:\/\/fliparas.com\/da\/polterabend\/\">Polterabend<\/a>!<\/p>\n<h2 style=\"text-align: center;\">Dv\u00e6rg i h\u00e5ndjern Mallorca\ud83d\udc66<\/h2>\n<p>Den kommende brudgom arrangerer sin polterabend p\u00e5 Mallorca uden at tage h\u00f8jde for, at der kan komme overraskelser.<\/p>\n<p>Den kommende brudgom vil v\u00e6re klar til at tilbringe en nat p\u00e5 \u00f8en, f\u00e5 et par drinks og nyde sin sidste aften som ungkarl, men forestil dig hans ansigt, n\u00e5r han m\u00f8der vores dv\u00e6rg! Han er en professionel skuespiller, som er vant til at lave sjove og underholdende shows. Dv\u00e6rgen vil l\u00e6gge den kommende brudgom i h\u00e5ndjern i en time. Hvis den kommende brudgom g\u00e5r p\u00e5 toilettet, g\u00e5r dv\u00e6rgen ogs\u00e5. Hvis han vil tale med en pige, bliver han n\u00f8dt til at tale med dv\u00e6rgen!<\/p>\n<p>Et \u00f8jeblik med stor latter er garanteret! M\u00e5ske synes den kommende brudgom ikke, at det er sjovt, men alle hans venner vil elske det!<\/p>\n<p>Denne gnom i h\u00e5ndjern er en levende, sjov og original aktivitet til polterabender - det er ikke alle, der kan sige, at de har v\u00e6ret l\u00e6nket til en gnom i en time! Dette er uden tvivl en af de mest originale aktiviteter til en polterabend.<\/p>\n<p>Du kan lave en god joke med den kommende brudgom ved at overraske ham med en dv\u00e6rg i h\u00e5ndjern!<\/p>\n<p>Det er ikke s\u00e6rlig sjovt, men det vil v\u00e6re et uforglemmeligt minde for den kommende brudgom under hans polterabend p\u00e5 Mallorca.<\/p>\n<p>Derfor b\u00f8r dv\u00e6rgaktiviteten med h\u00e5ndjern f\u00f8jes til dit ophold, hvis du vil lave en god joke med den kommende brudgom.<\/p>\n<p style=\"text-align: center;\">Book nu Dv\u00e6rg i h\u00e5ndjern <a href=\"https:\/\/es.wikipedia.org\/wiki\/Mallorca\">Mallorca<\/a> \ud83c\udf89<\/p>","protected":false},"excerpt":{"rendered":"<p>Dv\u00e6rg i h\u00e5ndjern p\u00e5 Mallorca. En helt us\u00e6dvanlig og sjov aktivitet til din polterabend p\u00e5 Mallorca! Lej en dv\u00e6rg til at ledsage dig i 1 time, l\u00e6nket til dig! Grin garanteret.<\/p>","protected":false},"featured_media":726,"template":"","meta":[],"product_brand":[425],"product_cat":[193,165],"product_tag":[204,203],"class_list":{"0":"post-493","1":"product","2":"type-product","3":"status-publish","4":"has-post-thumbnail","6":"product_brand-fliparas-inc","7":"product_cat-hen-party-mallorca","8":"product_cat-mallorca","9":"product_tag-handcuffed-dwarf","10":"product_tag-handcuffed-dwarf-mallorca","12":"first","13":"instock","14":"virtual","15":"sold-individually","16":"purchasable","17":"product-type-booking"},"yoast_head":"<!-- This site is optimized with the Yoast SEO plugin v26.9 - https:\/\/yoast.com\/product\/yoast-seo-wordpress\/ -->\n<title>Handcuffed Dwarf Mallorca<\/title>\n<meta name=\"description\" content=\"Handcuffed Dwarf Mallorca. A fun activity for your bachelor party in Mallorca: dwarf to accompany you for 1 hour, handcuffed to you!\" \/>\n<meta name=\"robots\" content=\"index, follow, max-snippet:-1, max-image-preview:large, max-video-preview:-1\" \/>\n<link rel=\"canonical\" href=\"https:\/\/fliparas.com\/da\/aktivitet\/handlaenket-dvaerg-mallorca\/\" \/>\n<meta property=\"og:locale\" content=\"da_DK\" \/>\n<meta property=\"og:type\" content=\"article\" \/>\n<meta property=\"og:title\" content=\"Handcuffed Dwarf Mallorca\" \/>\n<meta property=\"og:description\" content=\"Handcuffed Dwarf Mallorca. A fun activity for your bachelor party in Mallorca: dwarf to accompany you for 1 hour, handcuffed to you!\" \/>\n<meta property=\"og:url\" content=\"https:\/\/fliparas.com\/da\/aktivitet\/handlaenket-dvaerg-mallorca\/\" \/>\n<meta property=\"og:site_name\" content=\"Agency Specialised in Stag and Hen Parties\" \/>\n<meta property=\"article:modified_time\" content=\"2025-01-31T10:30:07+00:00\" \/>\n<meta property=\"og:image\" content=\"https:\/\/fliparas.com\/wp-content\/uploads\/2024\/03\/Handcuffed-Dwarf-Mallorca-img.jpeg\" \/>\n\t<meta property=\"og:image:width\" content=\"1024\" \/>\n\t<meta property=\"og:image:height\" content=\"1024\" \/>\n\t<meta property=\"og:image:type\" content=\"image\/jpeg\" \/>\n<meta name=\"twitter:card\" content=\"summary_large_image\" \/>\n<meta name=\"twitter:label1\" content=\"Pris\" \/>\n\t<meta name=\"twitter:data1\" content=\"600,00&nbsp;&euro;\" \/>\n\t<meta name=\"twitter:label2\" content=\"Tilg\u00e6ngelighed\" \/>\n\t<meta name=\"twitter:data2\" content=\"P\u00e5 lager\" \/>\n<script type=\"application\/ld+json\" class=\"yoast-schema-graph\">{\"@context\":\"https:\/\/schema.org\",\"@graph\":[{\"@type\":\"WebPage\",\"@id\":\"https:\/\/fliparas.com\/activity\/handcuffed-dwarf-mallorca\/\",\"url\":\"https:\/\/fliparas.com\/activity\/handcuffed-dwarf-mallorca\/\",\"name\":\"Handcuffed Dwarf Mallorca\",\"isPartOf\":{\"@id\":\"https:\/\/fliparas.com\/#website\"},\"primaryImageOfPage\":{\"@id\":\"https:\/\/fliparas.com\/activity\/handcuffed-dwarf-mallorca\/#primaryimage\"},\"image\":{\"@id\":\"https:\/\/fliparas.com\/activity\/handcuffed-dwarf-mallorca\/#primaryimage\"},\"thumbnailUrl\":\"https:\/\/fliparas.com\/wp-content\/uploads\/2024\/03\/Handcuffed-Dwarf-Mallorca-img.jpeg\",\"datePublished\":\"2024-03-19T12:24:55+00:00\",\"dateModified\":\"2025-01-31T10:30:07+00:00\",\"description\":\"Handcuffed Dwarf Mallorca. A fun activity for your bachelor party in Mallorca: dwarf to accompany you for 1 hour, handcuffed to you!\",\"breadcrumb\":{\"@id\":\"https:\/\/fliparas.com\/activity\/handcuffed-dwarf-mallorca\/#breadcrumb\"},\"inLanguage\":\"da-DK\",\"potentialAction\":[{\"@type\":\"ReadAction\",\"target\":[\"https:\/\/fliparas.com\/activity\/handcuffed-dwarf-mallorca\/\"]}]},{\"@type\":\"ImageObject\",\"inLanguage\":\"da-DK\",\"@id\":\"https:\/\/fliparas.com\/activity\/handcuffed-dwarf-mallorca\/#primaryimage\",\"url\":\"https:\/\/fliparas.com\/wp-content\/uploads\/2024\/03\/Handcuffed-Dwarf-Mallorca-img.jpeg\",\"contentUrl\":\"https:\/\/fliparas.com\/wp-content\/uploads\/2024\/03\/Handcuffed-Dwarf-Mallorca-img.jpeg\",\"width\":1024,\"height\":1024},{\"@type\":\"BreadcrumbList\",\"@id\":\"https:\/\/fliparas.com\/activity\/handcuffed-dwarf-mallorca\/#breadcrumb\",\"itemListElement\":[{\"@type\":\"ListItem\",\"position\":1,\"name\":\"Home\",\"item\":\"https:\/\/fliparas.com\/\"},{\"@type\":\"ListItem\",\"position\":2,\"name\":\"Shop\",\"item\":\"https:\/\/fliparas.com\/shop\/\"},{\"@type\":\"ListItem\",\"position\":3,\"name\":\"Handcuffed Dwarf Mallorca\"}]},{\"@type\":\"WebSite\",\"@id\":\"https:\/\/fliparas.com\/#website\",\"url\":\"https:\/\/fliparas.com\/\",\"name\":\"Agency Specialised in Stag and Hen Parties\",\"description\":\"Trust the highest rated agency to organize an unforgettable stag and hen parties in Europe\",\"publisher\":{\"@id\":\"https:\/\/fliparas.com\/#organization\"},\"alternateName\":\"Fliparas Agency Specialised in Stag and Hen Parties\",\"potentialAction\":[{\"@type\":\"SearchAction\",\"target\":{\"@type\":\"EntryPoint\",\"urlTemplate\":\"https:\/\/fliparas.com\/?s={search_term_string}\"},\"query-input\":{\"@type\":\"PropertyValueSpecification\",\"valueRequired\":true,\"valueName\":\"search_term_string\"}}],\"inLanguage\":\"da-DK\"},{\"@type\":\"Organization\",\"@id\":\"https:\/\/fliparas.com\/#organization\",\"name\":\"Fliparas\",\"alternateName\":\"Agency Specialised in Stag and Hen Parties\",\"url\":\"https:\/\/fliparas.com\/\",\"logo\":{\"@type\":\"ImageObject\",\"inLanguage\":\"da-DK\",\"@id\":\"https:\/\/fliparas.com\/#\/schema\/logo\/image\/\",\"url\":\"https:\/\/fliparas.com\/wp-content\/uploads\/2024\/03\/Logo-Fliparas.png\",\"contentUrl\":\"https:\/\/fliparas.com\/wp-content\/uploads\/2024\/03\/Logo-Fliparas.png\",\"width\":1024,\"height\":1024,\"caption\":\"Fliparas\"},\"image\":{\"@id\":\"https:\/\/fliparas.com\/#\/schema\/logo\/image\/\"}}]}<\/script>\n<meta property=\"product:price:amount\" content=\"600.00\" \/>\n<meta property=\"product:price:currency\" content=\"EUR\" \/>\n<meta property=\"og:availability\" content=\"instock\" \/>\n<meta property=\"product:availability\" content=\"instock\" \/>\n<meta property=\"product:condition\" content=\"new\" \/>\n<!-- \/ Yoast SEO plugin. -->","yoast_head_json":{"title":"Dv\u00e6rg med h\u00e5ndjern p\u00e5 Mallorca","description":"Dv\u00e6rg i h\u00e5ndjern p\u00e5 Mallorca. En sjov aktivitet til din polterabend p\u00e5 Mallorca: en dv\u00e6rg, der ledsager dig i 1 time, l\u00e6nket til dig!","robots":{"index":"index","follow":"follow","max-snippet":"max-snippet:-1","max-image-preview":"max-image-preview:large","max-video-preview":"max-video-preview:-1"},"canonical":"https:\/\/fliparas.com\/da\/aktivitet\/handlaenket-dvaerg-mallorca\/","og_locale":"da_DK","og_type":"article","og_title":"Handcuffed Dwarf Mallorca","og_description":"Handcuffed Dwarf Mallorca. A fun activity for your bachelor party in Mallorca: dwarf to accompany you for 1 hour, handcuffed to you!","og_url":"https:\/\/fliparas.com\/da\/aktivitet\/handlaenket-dvaerg-mallorca\/","og_site_name":"Agency Specialised in Stag and Hen Parties","article_modified_time":"2025-01-31T10:30:07+00:00","og_image":[{"width":1024,"height":1024,"url":"https:\/\/fliparas.com\/wp-content\/uploads\/2024\/03\/Handcuffed-Dwarf-Mallorca-img.jpeg","type":"image\/jpeg"}],"twitter_card":"summary_large_image","twitter_misc":{"Pris":"600,00&nbsp;&euro;","Tilg\u00e6ngelighed":"P\u00e5 lager"},"schema":{"@context":"https:\/\/schema.org","@graph":[{"@type":"WebPage","@id":"https:\/\/fliparas.com\/activity\/handcuffed-dwarf-mallorca\/","url":"https:\/\/fliparas.com\/activity\/handcuffed-dwarf-mallorca\/","name":"Dv\u00e6rg med h\u00e5ndjern p\u00e5 Mallorca","isPartOf":{"@id":"https:\/\/fliparas.com\/#website"},"primaryImageOfPage":{"@id":"https:\/\/fliparas.com\/activity\/handcuffed-dwarf-mallorca\/#primaryimage"},"image":{"@id":"https:\/\/fliparas.com\/activity\/handcuffed-dwarf-mallorca\/#primaryimage"},"thumbnailUrl":"https:\/\/fliparas.com\/wp-content\/uploads\/2024\/03\/Handcuffed-Dwarf-Mallorca-img.jpeg","datePublished":"2024-03-19T12:24:55+00:00","dateModified":"2025-01-31T10:30:07+00:00","description":"Dv\u00e6rg i h\u00e5ndjern p\u00e5 Mallorca. En sjov aktivitet til din polterabend p\u00e5 Mallorca: en dv\u00e6rg, der ledsager dig i 1 time, l\u00e6nket til dig!","breadcrumb":{"@id":"https:\/\/fliparas.com\/activity\/handcuffed-dwarf-mallorca\/#breadcrumb"},"inLanguage":"da-DK","potentialAction":[{"@type":"ReadAction","target":["https:\/\/fliparas.com\/activity\/handcuffed-dwarf-mallorca\/"]}]},{"@type":"ImageObject","inLanguage":"da-DK","@id":"https:\/\/fliparas.com\/activity\/handcuffed-dwarf-mallorca\/#primaryimage","url":"https:\/\/fliparas.com\/wp-content\/uploads\/2024\/03\/Handcuffed-Dwarf-Mallorca-img.jpeg","contentUrl":"https:\/\/fliparas.com\/wp-content\/uploads\/2024\/03\/Handcuffed-Dwarf-Mallorca-img.jpeg","width":1024,"height":1024},{"@type":"BreadcrumbList","@id":"https:\/\/fliparas.com\/activity\/handcuffed-dwarf-mallorca\/#breadcrumb","itemListElement":[{"@type":"ListItem","position":1,"name":"Home","item":"https:\/\/fliparas.com\/"},{"@type":"ListItem","position":2,"name":"Shop","item":"https:\/\/fliparas.com\/shop\/"},{"@type":"ListItem","position":3,"name":"Handcuffed Dwarf Mallorca"}]},{"@type":"WebSite","@id":"https:\/\/fliparas.com\/#website","url":"https:\/\/fliparas.com\/","name":"Agentur specialiseret i polterabend og h\u00f8nefest","description":"Stol p\u00e5 det bedst bed\u00f8mte bureau til at arrangere en uforglemmelig polterabend i Europa","publisher":{"@id":"https:\/\/fliparas.com\/#organization"},"alternateName":"Fliparas Agency Specialised in Stag and Hen Parties","potentialAction":[{"@type":"SearchAction","target":{"@type":"EntryPoint","urlTemplate":"https:\/\/fliparas.com\/?s={search_term_string}"},"query-input":{"@type":"PropertyValueSpecification","valueRequired":true,"valueName":"search_term_string"}}],"inLanguage":"da-DK"},{"@type":"Organization","@id":"https:\/\/fliparas.com\/#organization","name":"Fliparas","alternateName":"Agency Specialised in Stag and Hen Parties","url":"https:\/\/fliparas.com\/","logo":{"@type":"ImageObject","inLanguage":"da-DK","@id":"https:\/\/fliparas.com\/#\/schema\/logo\/image\/","url":"https:\/\/fliparas.com\/wp-content\/uploads\/2024\/03\/Logo-Fliparas.png","contentUrl":"https:\/\/fliparas.com\/wp-content\/uploads\/2024\/03\/Logo-Fliparas.png","width":1024,"height":1024,"caption":"Fliparas"},"image":{"@id":"https:\/\/fliparas.com\/#\/schema\/logo\/image\/"}}]},"product_price_amount":"600.00","product_price_currency":"EUR","og_availability":"instock","product_availability":"instock","product_condition":"new"},"_links":{"self":[{"href":"https:\/\/fliparas.com\/da\/wp-json\/wp\/v2\/product\/493","targetHints":{"allow":["GET"]}}],"collection":[{"href":"https:\/\/fliparas.com\/da\/wp-json\/wp\/v2\/product"}],"about":[{"href":"https:\/\/fliparas.com\/da\/wp-json\/wp\/v2\/types\/product"}],"wp:featuredmedia":[{"embeddable":true,"href":"https:\/\/fliparas.com\/da\/wp-json\/wp\/v2\/media\/726"}],"wp:attachment":[{"href":"https:\/\/fliparas.com\/da\/wp-json\/wp\/v2\/media?parent=493"}],"wp:term":[{"taxonomy":"product_brand","embeddable":true,"href":"https:\/\/fliparas.com\/da\/wp-json\/wp\/v2\/product_brand?post=493"},{"taxonomy":"product_cat","embeddable":true,"href":"https:\/\/fliparas.com\/da\/wp-json\/wp\/v2\/product_cat?post=493"},{"taxonomy":"product_tag","embeddable":true,"href":"https:\/\/fliparas.com\/da\/wp-json\/wp\/v2\/product_tag?post=493"}],"curies":[{"name":"wp","href":"https:\/\/api.w.org\/{rel}","templated":true}]}}