{"id":494,"date":"2024-03-19T12:24:55","date_gmt":"2024-03-19T12:24:55","guid":{"rendered":"https:\/\/fliparas.com\/?post_type=product&#038;p=494"},"modified":"2025-03-10T16:19:05","modified_gmt":"2025-03-10T15:19:05","slug":"mallorca-dvaergstriber","status":"publish","type":"product","link":"https:\/\/fliparas.com\/da\/aktivitet\/mallorca-dvaergstriber\/","title":{"rendered":"Mallorca dv\u00e6rgstriber"},"content":{"rendered":"<p>Mallorca Dwarf Striper. En lille gave til den kommende brudgom. Lille Stripper. Sjov og overraskelse garanteret. Privat show.<\/p>\n<p>De bedste polterabender med <a href=\"https:\/\/fliparas.com\/da\/polterabend-2\/\">Polterabend<\/a>!<\/p>\n<h2 style=\"text-align: center;\">Mallorca dv\u00e6rgstriber\ud83c\udf89.<\/h2>\n<p>Giv den kommende brudgom en lille striptease i gave, s\u00e5 han f\u00e5r sit livs overraskelse p\u00e5 sin polterabend p\u00e5 Mallorca med vores Little Stripper!<\/p>\n<p>Den typiske polterabend-aktivitet er striptease. Striptease er altid en succes, en klassiker til polterabender. Men hvis du ikke kan lide det typiske, og du virkelig vil overraske gommen, er dette aktiviteten for dig!\ud83e\udd73<\/p>\n<p>Hvis du vil garantere en stor overraskelse (eller en lille en i dette tilf\u00e6lde), skal du ikke v\u00e6lge en typisk stripper med en utrolig krop, der skruer op for varmen (selvom vi ogs\u00e5 har den mulighed i vores agentur, hvis du \u00f8nsker det). V\u00e6lg i stedet en lille stripper, der vil kunne tilbyde din ven et sexet og sensuelt show, hvor overraskelsen er helt garanteret. \ud83d\udd25<\/p>\n<p>Overrask gommen og hans venner med dv\u00e6rgstripperen. Tag billeder og g\u00f8r grin med den originale tur, du har planlagt!\ud83d\udcf7<\/p>\n<p style=\"text-align: center;\">\u2b50Book det mest originale show p\u00e5 Mallorca\u2b50<\/p>\n<p>Reserver dv\u00e6rgstripper Mallorca<\/p>","protected":false},"excerpt":{"rendered":"<p>Mallorca Dwarf Striper. En lille gave til den kommende brudgom. Lille Stripper. Sjov og overraskelse garanteret. Privat show.<\/p>","protected":false},"featured_media":657,"template":"","meta":[],"product_brand":[425],"product_cat":[165,194],"product_tag":[205],"class_list":{"0":"post-494","1":"product","2":"type-product","3":"status-publish","4":"has-post-thumbnail","6":"product_brand-fliparas-inc","7":"product_cat-mallorca","8":"product_cat-stag-party-mallorca","9":"product_tag-dwarf-striper","11":"first","12":"instock","13":"virtual","14":"sold-individually","15":"purchasable","16":"product-type-booking"},"yoast_head":"<!-- This site is optimized with the Yoast SEO plugin v26.9 - https:\/\/yoast.com\/product\/yoast-seo-wordpress\/ -->\n<title>Mallorca Dwarf Striper<\/title>\n<meta name=\"description\" content=\"Mallorcan Dwarf Striper. A small gift for the future groom. Little Stripper. Fun and surprise guaranteed. Private show.\" \/>\n<meta name=\"robots\" content=\"index, follow, max-snippet:-1, max-image-preview:large, max-video-preview:-1\" \/>\n<link rel=\"canonical\" href=\"https:\/\/fliparas.com\/da\/aktivitet\/mallorca-dvaergstriber\/\" \/>\n<meta property=\"og:locale\" content=\"da_DK\" \/>\n<meta property=\"og:type\" content=\"article\" \/>\n<meta property=\"og:title\" content=\"Mallorca Dwarf Striper\" \/>\n<meta property=\"og:description\" content=\"Mallorcan Dwarf Striper. A small gift for the future groom. Little Stripper. Fun and surprise guaranteed. Private show.\" \/>\n<meta property=\"og:url\" content=\"https:\/\/fliparas.com\/da\/aktivitet\/mallorca-dvaergstriber\/\" \/>\n<meta property=\"og:site_name\" content=\"Agency Specialised in Stag and Hen Parties\" \/>\n<meta property=\"article:modified_time\" content=\"2025-03-10T15:19:05+00:00\" \/>\n<meta property=\"og:image\" content=\"https:\/\/fliparas.com\/wp-content\/uploads\/2024\/03\/Striptease-Mallorca-VIP.jpg\" \/>\n\t<meta property=\"og:image:width\" content=\"1080\" \/>\n\t<meta property=\"og:image:height\" content=\"1080\" \/>\n\t<meta property=\"og:image:type\" content=\"image\/jpeg\" \/>\n<meta name=\"twitter:card\" content=\"summary_large_image\" \/>\n<meta name=\"twitter:label1\" content=\"Pris\" \/>\n\t<meta name=\"twitter:data1\" content=\"1.000,00&nbsp;&euro;\" \/>\n\t<meta name=\"twitter:label2\" content=\"Tilg\u00e6ngelighed\" \/>\n\t<meta name=\"twitter:data2\" content=\"P\u00e5 lager\" \/>\n<script type=\"application\/ld+json\" class=\"yoast-schema-graph\">{\"@context\":\"https:\/\/schema.org\",\"@graph\":[{\"@type\":\"WebPage\",\"@id\":\"https:\/\/fliparas.com\/activity\/mallorca-dwarf-striper\/\",\"url\":\"https:\/\/fliparas.com\/activity\/mallorca-dwarf-striper\/\",\"name\":\"Mallorca Dwarf Striper\",\"isPartOf\":{\"@id\":\"https:\/\/fliparas.com\/#website\"},\"primaryImageOfPage\":{\"@id\":\"https:\/\/fliparas.com\/activity\/mallorca-dwarf-striper\/#primaryimage\"},\"image\":{\"@id\":\"https:\/\/fliparas.com\/activity\/mallorca-dwarf-striper\/#primaryimage\"},\"thumbnailUrl\":\"https:\/\/fliparas.com\/wp-content\/uploads\/2024\/03\/Striptease-Mallorca-VIP.jpg\",\"datePublished\":\"2024-03-19T12:24:55+00:00\",\"dateModified\":\"2025-03-10T15:19:05+00:00\",\"description\":\"Mallorcan Dwarf Striper. A small gift for the future groom. Little Stripper. Fun and surprise guaranteed. Private show.\",\"breadcrumb\":{\"@id\":\"https:\/\/fliparas.com\/activity\/mallorca-dwarf-striper\/#breadcrumb\"},\"inLanguage\":\"da-DK\",\"potentialAction\":[{\"@type\":\"ReadAction\",\"target\":[\"https:\/\/fliparas.com\/activity\/mallorca-dwarf-striper\/\"]}]},{\"@type\":\"ImageObject\",\"inLanguage\":\"da-DK\",\"@id\":\"https:\/\/fliparas.com\/activity\/mallorca-dwarf-striper\/#primaryimage\",\"url\":\"https:\/\/fliparas.com\/wp-content\/uploads\/2024\/03\/Striptease-Mallorca-VIP.jpg\",\"contentUrl\":\"https:\/\/fliparas.com\/wp-content\/uploads\/2024\/03\/Striptease-Mallorca-VIP.jpg\",\"width\":1080,\"height\":1080},{\"@type\":\"BreadcrumbList\",\"@id\":\"https:\/\/fliparas.com\/activity\/mallorca-dwarf-striper\/#breadcrumb\",\"itemListElement\":[{\"@type\":\"ListItem\",\"position\":1,\"name\":\"Home\",\"item\":\"https:\/\/fliparas.com\/\"},{\"@type\":\"ListItem\",\"position\":2,\"name\":\"Shop\",\"item\":\"https:\/\/fliparas.com\/shop\/\"},{\"@type\":\"ListItem\",\"position\":3,\"name\":\"Mallorca Dwarf Striper\"}]},{\"@type\":\"WebSite\",\"@id\":\"https:\/\/fliparas.com\/#website\",\"url\":\"https:\/\/fliparas.com\/\",\"name\":\"Agency Specialised in Stag and Hen Parties\",\"description\":\"Trust the highest rated agency to organize an unforgettable stag and hen parties in Europe\",\"publisher\":{\"@id\":\"https:\/\/fliparas.com\/#organization\"},\"alternateName\":\"Fliparas Agency Specialised in Stag and Hen Parties\",\"potentialAction\":[{\"@type\":\"SearchAction\",\"target\":{\"@type\":\"EntryPoint\",\"urlTemplate\":\"https:\/\/fliparas.com\/?s={search_term_string}\"},\"query-input\":{\"@type\":\"PropertyValueSpecification\",\"valueRequired\":true,\"valueName\":\"search_term_string\"}}],\"inLanguage\":\"da-DK\"},{\"@type\":\"Organization\",\"@id\":\"https:\/\/fliparas.com\/#organization\",\"name\":\"Fliparas\",\"alternateName\":\"Agency Specialised in Stag and Hen Parties\",\"url\":\"https:\/\/fliparas.com\/\",\"logo\":{\"@type\":\"ImageObject\",\"inLanguage\":\"da-DK\",\"@id\":\"https:\/\/fliparas.com\/#\/schema\/logo\/image\/\",\"url\":\"https:\/\/fliparas.com\/wp-content\/uploads\/2024\/03\/Logo-Fliparas.png\",\"contentUrl\":\"https:\/\/fliparas.com\/wp-content\/uploads\/2024\/03\/Logo-Fliparas.png\",\"width\":1024,\"height\":1024,\"caption\":\"Fliparas\"},\"image\":{\"@id\":\"https:\/\/fliparas.com\/#\/schema\/logo\/image\/\"}}]}<\/script>\n<meta property=\"product:price:amount\" content=\"1000.00\" \/>\n<meta property=\"product:price:currency\" content=\"EUR\" \/>\n<meta property=\"og:availability\" content=\"instock\" \/>\n<meta property=\"product:availability\" content=\"instock\" \/>\n<meta property=\"product:condition\" content=\"new\" \/>\n<!-- \/ Yoast SEO plugin. -->","yoast_head_json":{"title":"Mallorca dv\u00e6rgstriber","description":"Mallorcinsk dv\u00e6rgstribe. En lille gave til den kommende brudgom. Lille Stripper. Sjov og overraskelse garanteret. Privat show.","robots":{"index":"index","follow":"follow","max-snippet":"max-snippet:-1","max-image-preview":"max-image-preview:large","max-video-preview":"max-video-preview:-1"},"canonical":"https:\/\/fliparas.com\/da\/aktivitet\/mallorca-dvaergstriber\/","og_locale":"da_DK","og_type":"article","og_title":"Mallorca Dwarf Striper","og_description":"Mallorcan Dwarf Striper. A small gift for the future groom. Little Stripper. Fun and surprise guaranteed. Private show.","og_url":"https:\/\/fliparas.com\/da\/aktivitet\/mallorca-dvaergstriber\/","og_site_name":"Agency Specialised in Stag and Hen Parties","article_modified_time":"2025-03-10T15:19:05+00:00","og_image":[{"width":1080,"height":1080,"url":"https:\/\/fliparas.com\/wp-content\/uploads\/2024\/03\/Striptease-Mallorca-VIP.jpg","type":"image\/jpeg"}],"twitter_card":"summary_large_image","twitter_misc":{"Pris":"1.000,00&nbsp;&euro;","Tilg\u00e6ngelighed":"P\u00e5 lager"},"schema":{"@context":"https:\/\/schema.org","@graph":[{"@type":"WebPage","@id":"https:\/\/fliparas.com\/activity\/mallorca-dwarf-striper\/","url":"https:\/\/fliparas.com\/activity\/mallorca-dwarf-striper\/","name":"Mallorca dv\u00e6rgstriber","isPartOf":{"@id":"https:\/\/fliparas.com\/#website"},"primaryImageOfPage":{"@id":"https:\/\/fliparas.com\/activity\/mallorca-dwarf-striper\/#primaryimage"},"image":{"@id":"https:\/\/fliparas.com\/activity\/mallorca-dwarf-striper\/#primaryimage"},"thumbnailUrl":"https:\/\/fliparas.com\/wp-content\/uploads\/2024\/03\/Striptease-Mallorca-VIP.jpg","datePublished":"2024-03-19T12:24:55+00:00","dateModified":"2025-03-10T15:19:05+00:00","description":"Mallorcinsk dv\u00e6rgstribe. En lille gave til den kommende brudgom. Lille Stripper. Sjov og overraskelse garanteret. Privat show.","breadcrumb":{"@id":"https:\/\/fliparas.com\/activity\/mallorca-dwarf-striper\/#breadcrumb"},"inLanguage":"da-DK","potentialAction":[{"@type":"ReadAction","target":["https:\/\/fliparas.com\/activity\/mallorca-dwarf-striper\/"]}]},{"@type":"ImageObject","inLanguage":"da-DK","@id":"https:\/\/fliparas.com\/activity\/mallorca-dwarf-striper\/#primaryimage","url":"https:\/\/fliparas.com\/wp-content\/uploads\/2024\/03\/Striptease-Mallorca-VIP.jpg","contentUrl":"https:\/\/fliparas.com\/wp-content\/uploads\/2024\/03\/Striptease-Mallorca-VIP.jpg","width":1080,"height":1080},{"@type":"BreadcrumbList","@id":"https:\/\/fliparas.com\/activity\/mallorca-dwarf-striper\/#breadcrumb","itemListElement":[{"@type":"ListItem","position":1,"name":"Home","item":"https:\/\/fliparas.com\/"},{"@type":"ListItem","position":2,"name":"Shop","item":"https:\/\/fliparas.com\/shop\/"},{"@type":"ListItem","position":3,"name":"Mallorca Dwarf Striper"}]},{"@type":"WebSite","@id":"https:\/\/fliparas.com\/#website","url":"https:\/\/fliparas.com\/","name":"Agentur specialiseret i polterabend og h\u00f8nefest","description":"Stol p\u00e5 det bedst bed\u00f8mte bureau til at arrangere en uforglemmelig polterabend i Europa","publisher":{"@id":"https:\/\/fliparas.com\/#organization"},"alternateName":"Fliparas Agency Specialised in Stag and Hen Parties","potentialAction":[{"@type":"SearchAction","target":{"@type":"EntryPoint","urlTemplate":"https:\/\/fliparas.com\/?s={search_term_string}"},"query-input":{"@type":"PropertyValueSpecification","valueRequired":true,"valueName":"search_term_string"}}],"inLanguage":"da-DK"},{"@type":"Organization","@id":"https:\/\/fliparas.com\/#organization","name":"Fliparas","alternateName":"Agency Specialised in Stag and Hen Parties","url":"https:\/\/fliparas.com\/","logo":{"@type":"ImageObject","inLanguage":"da-DK","@id":"https:\/\/fliparas.com\/#\/schema\/logo\/image\/","url":"https:\/\/fliparas.com\/wp-content\/uploads\/2024\/03\/Logo-Fliparas.png","contentUrl":"https:\/\/fliparas.com\/wp-content\/uploads\/2024\/03\/Logo-Fliparas.png","width":1024,"height":1024,"caption":"Fliparas"},"image":{"@id":"https:\/\/fliparas.com\/#\/schema\/logo\/image\/"}}]},"product_price_amount":"1000.00","product_price_currency":"EUR","og_availability":"instock","product_availability":"instock","product_condition":"new"},"_links":{"self":[{"href":"https:\/\/fliparas.com\/da\/wp-json\/wp\/v2\/product\/494","targetHints":{"allow":["GET"]}}],"collection":[{"href":"https:\/\/fliparas.com\/da\/wp-json\/wp\/v2\/product"}],"about":[{"href":"https:\/\/fliparas.com\/da\/wp-json\/wp\/v2\/types\/product"}],"wp:featuredmedia":[{"embeddable":true,"href":"https:\/\/fliparas.com\/da\/wp-json\/wp\/v2\/media\/657"}],"wp:attachment":[{"href":"https:\/\/fliparas.com\/da\/wp-json\/wp\/v2\/media?parent=494"}],"wp:term":[{"taxonomy":"product_brand","embeddable":true,"href":"https:\/\/fliparas.com\/da\/wp-json\/wp\/v2\/product_brand?post=494"},{"taxonomy":"product_cat","embeddable":true,"href":"https:\/\/fliparas.com\/da\/wp-json\/wp\/v2\/product_cat?post=494"},{"taxonomy":"product_tag","embeddable":true,"href":"https:\/\/fliparas.com\/da\/wp-json\/wp\/v2\/product_tag?post=494"}],"curies":[{"name":"wp","href":"https:\/\/api.w.org\/{rel}","templated":true}]}}