{"id":495,"date":"2024-03-19T12:24:55","date_gmt":"2024-03-19T12:24:55","guid":{"rendered":"https:\/\/fliparas.com\/?post_type=product&#038;p=495"},"modified":"2025-01-31T11:30:07","modified_gmt":"2025-01-31T10:30:07","slug":"tegning-af-nogenmodel-mallorca","status":"publish","type":"product","link":"https:\/\/fliparas.com\/da\/aktivitet\/tegning-af-nogenmodel-mallorca\/","title":{"rendered":"Tegning af n\u00f8genmodel Mallorca"},"content":{"rendered":"<p>Tegning af n\u00f8genmodel p\u00e5 Mallorca. Tegning af n\u00f8genmodel p\u00e5 Mallorca. Hvis du kan lide at blande kunst og sensualitet, er dette en aktivitet for dig!<\/p>\n<p>De bedste polterabender med <a href=\"https:\/\/fliparas.com\/da\/polterabend-2\/\">Polterabend<\/a>!<\/p>\n<h2 style=\"text-align: center;\">Tegning af n\u00f8genmodel p\u00e5 Mallorca \ud83c\udfa8<\/h2>\n<p style=\"text-align: center;\">MINIMUMSSALG: 8 PERSONER.<\/p>\n<p>Malerier, l\u00e6rreder og en spektakul\u00e6r kvindelig n\u00f8genmodel\ud83d\udd25.<\/p>\n<p>Der er mange typer rejser og mange typer polterabender. Men hos Stagparty har vi noget for enhver smag! Hvis du elsker kunst, men ogs\u00e5 s\u00e6tter pris p\u00e5 smukke kvindekroppe, s\u00e5 stop med at t\u00e6nke og book denne aktivitet.<\/p>\n<p>En original og sjov aktivitet. Vil en af dine venner v\u00e6re i stand til at holde fokus og lave en smuk tegning, mens han kigger p\u00e5 vores smukke models n\u00f8gne krop?<\/p>\n<p>Aktiviteten omfatter alle de n\u00f8dvendige materialer: v\u00e6rksted, maling, l\u00e6rred og frem for alt en n\u00f8gen kvinde! Modellen vil st\u00e5 midt i gruppen uden t\u00f8j, v\u00e6lge en positur og st\u00e5 stille indtil slutningen. Kan du st\u00e5 stille?<\/p>\n<p>Du kan inkludere champagne eller vin for at g\u00f8re aktiviteten mere elegant og sensuel \ud83c\udf77.<\/p>\n<p>En sjov og original aktivitet med vennerne, hvor man med garanti vil grine! N\u00e5r aktiviteten er slut, kan du selvf\u00f8lgelig tage din klud med hjem (og s\u00f8rge for at gemme den godt).<\/p>\n<p style=\"text-align: center;\">\ud83d\udd25Bog Sensualitet og kunst\ud83d\udd25<\/p>\n<p style=\"text-align: center;\">Book tegning af n\u00f8genmodel Palma Mallorca<\/p>","protected":false},"excerpt":{"rendered":"<p>Tegning af n\u00f8genmodel p\u00e5 Mallorca. Tegning af n\u00f8genmodel p\u00e5 Mallorca. Hvis du kan lide at blande kunst og sensualitet, er dette en aktivitet for dig!<\/p>\n<p>MINIMUMSSALG: 8 PERSONER.<\/p>","protected":false},"featured_media":742,"template":"","meta":[],"product_brand":[425],"product_cat":[165,194],"product_tag":[206],"class_list":{"0":"post-495","1":"product","2":"type-product","3":"status-publish","4":"has-post-thumbnail","6":"product_brand-fliparas-inc","7":"product_cat-mallorca","8":"product_cat-stag-party-mallorca","9":"product_tag-drawing-of-nude-model","11":"first","12":"instock","13":"virtual","14":"sold-individually","15":"purchasable","16":"product-type-booking"},"yoast_head":"<!-- This site is optimized with the Yoast SEO plugin v26.9 - https:\/\/yoast.com\/product\/yoast-seo-wordpress\/ -->\n<title>Drawing of Nude Model Mallorca<\/title>\n<meta name=\"description\" content=\"Drawing of Nude Model Mallorca. Nude model drawing in Mallorca. If you like mixing art and sensuality, this is the activity for you!\" \/>\n<meta name=\"robots\" content=\"index, follow, max-snippet:-1, max-image-preview:large, max-video-preview:-1\" \/>\n<link rel=\"canonical\" href=\"https:\/\/fliparas.com\/da\/aktivitet\/tegning-af-nogenmodel-mallorca\/\" \/>\n<meta property=\"og:locale\" content=\"da_DK\" \/>\n<meta property=\"og:type\" content=\"article\" \/>\n<meta property=\"og:title\" content=\"Drawing of Nude Model Mallorca\" \/>\n<meta property=\"og:description\" content=\"Drawing of Nude Model Mallorca. Nude model drawing in Mallorca. If you like mixing art and sensuality, this is the activity for you!\" \/>\n<meta property=\"og:url\" content=\"https:\/\/fliparas.com\/da\/aktivitet\/tegning-af-nogenmodel-mallorca\/\" \/>\n<meta property=\"og:site_name\" content=\"Agency Specialised in Stag and Hen Parties\" \/>\n<meta property=\"article:modified_time\" content=\"2025-01-31T10:30:07+00:00\" \/>\n<meta property=\"og:image\" content=\"https:\/\/fliparas.com\/wp-content\/uploads\/2024\/03\/Drawing-of-Nude-Model-img.jpeg\" \/>\n\t<meta property=\"og:image:width\" content=\"1080\" \/>\n\t<meta property=\"og:image:height\" content=\"1080\" \/>\n\t<meta property=\"og:image:type\" content=\"image\/jpeg\" \/>\n<meta name=\"twitter:card\" content=\"summary_large_image\" \/>\n<meta name=\"twitter:label1\" content=\"Pris\" \/>\n\t<meta name=\"twitter:data1\" content=\"50,00&nbsp;&euro;\" \/>\n\t<meta name=\"twitter:label2\" content=\"Tilg\u00e6ngelighed\" \/>\n\t<meta name=\"twitter:data2\" content=\"P\u00e5 lager\" \/>\n<script type=\"application\/ld+json\" class=\"yoast-schema-graph\">{\"@context\":\"https:\/\/schema.org\",\"@graph\":[{\"@type\":\"WebPage\",\"@id\":\"https:\/\/fliparas.com\/activity\/drawing-of-nude-model-mallorca\/\",\"url\":\"https:\/\/fliparas.com\/activity\/drawing-of-nude-model-mallorca\/\",\"name\":\"Drawing of Nude Model Mallorca\",\"isPartOf\":{\"@id\":\"https:\/\/fliparas.com\/#website\"},\"primaryImageOfPage\":{\"@id\":\"https:\/\/fliparas.com\/activity\/drawing-of-nude-model-mallorca\/#primaryimage\"},\"image\":{\"@id\":\"https:\/\/fliparas.com\/activity\/drawing-of-nude-model-mallorca\/#primaryimage\"},\"thumbnailUrl\":\"https:\/\/fliparas.com\/wp-content\/uploads\/2024\/03\/Drawing-of-Nude-Model-img.jpeg\",\"datePublished\":\"2024-03-19T12:24:55+00:00\",\"dateModified\":\"2025-01-31T10:30:07+00:00\",\"description\":\"Drawing of Nude Model Mallorca. Nude model drawing in Mallorca. If you like mixing art and sensuality, this is the activity for you!\",\"breadcrumb\":{\"@id\":\"https:\/\/fliparas.com\/activity\/drawing-of-nude-model-mallorca\/#breadcrumb\"},\"inLanguage\":\"da-DK\",\"potentialAction\":[{\"@type\":\"ReadAction\",\"target\":[\"https:\/\/fliparas.com\/activity\/drawing-of-nude-model-mallorca\/\"]}]},{\"@type\":\"ImageObject\",\"inLanguage\":\"da-DK\",\"@id\":\"https:\/\/fliparas.com\/activity\/drawing-of-nude-model-mallorca\/#primaryimage\",\"url\":\"https:\/\/fliparas.com\/wp-content\/uploads\/2024\/03\/Drawing-of-Nude-Model-img.jpeg\",\"contentUrl\":\"https:\/\/fliparas.com\/wp-content\/uploads\/2024\/03\/Drawing-of-Nude-Model-img.jpeg\",\"width\":1080,\"height\":1080},{\"@type\":\"BreadcrumbList\",\"@id\":\"https:\/\/fliparas.com\/activity\/drawing-of-nude-model-mallorca\/#breadcrumb\",\"itemListElement\":[{\"@type\":\"ListItem\",\"position\":1,\"name\":\"Home\",\"item\":\"https:\/\/fliparas.com\/\"},{\"@type\":\"ListItem\",\"position\":2,\"name\":\"Shop\",\"item\":\"https:\/\/fliparas.com\/shop\/\"},{\"@type\":\"ListItem\",\"position\":3,\"name\":\"Drawing of Nude Model Mallorca\"}]},{\"@type\":\"WebSite\",\"@id\":\"https:\/\/fliparas.com\/#website\",\"url\":\"https:\/\/fliparas.com\/\",\"name\":\"Agency Specialised in Stag and Hen Parties\",\"description\":\"Trust the highest rated agency to organize an unforgettable stag and hen parties in Europe\",\"publisher\":{\"@id\":\"https:\/\/fliparas.com\/#organization\"},\"alternateName\":\"Fliparas Agency Specialised in Stag and Hen Parties\",\"potentialAction\":[{\"@type\":\"SearchAction\",\"target\":{\"@type\":\"EntryPoint\",\"urlTemplate\":\"https:\/\/fliparas.com\/?s={search_term_string}\"},\"query-input\":{\"@type\":\"PropertyValueSpecification\",\"valueRequired\":true,\"valueName\":\"search_term_string\"}}],\"inLanguage\":\"da-DK\"},{\"@type\":\"Organization\",\"@id\":\"https:\/\/fliparas.com\/#organization\",\"name\":\"Fliparas\",\"alternateName\":\"Agency Specialised in Stag and Hen Parties\",\"url\":\"https:\/\/fliparas.com\/\",\"logo\":{\"@type\":\"ImageObject\",\"inLanguage\":\"da-DK\",\"@id\":\"https:\/\/fliparas.com\/#\/schema\/logo\/image\/\",\"url\":\"https:\/\/fliparas.com\/wp-content\/uploads\/2024\/03\/Logo-Fliparas.png\",\"contentUrl\":\"https:\/\/fliparas.com\/wp-content\/uploads\/2024\/03\/Logo-Fliparas.png\",\"width\":1024,\"height\":1024,\"caption\":\"Fliparas\"},\"image\":{\"@id\":\"https:\/\/fliparas.com\/#\/schema\/logo\/image\/\"}}]}<\/script>\n<meta property=\"product:price:amount\" content=\"50.00\" \/>\n<meta property=\"product:price:currency\" content=\"EUR\" \/>\n<meta property=\"og:availability\" content=\"instock\" \/>\n<meta property=\"product:availability\" content=\"instock\" \/>\n<meta property=\"product:condition\" content=\"new\" \/>\n<!-- \/ Yoast SEO plugin. -->","yoast_head_json":{"title":"Tegning af n\u00f8genmodel Mallorca","description":"Tegning af n\u00f8genmodel p\u00e5 Mallorca. Tegning af n\u00f8genmodel p\u00e5 Mallorca. Hvis du kan lide at blande kunst og sensualitet, er dette en aktivitet for dig!","robots":{"index":"index","follow":"follow","max-snippet":"max-snippet:-1","max-image-preview":"max-image-preview:large","max-video-preview":"max-video-preview:-1"},"canonical":"https:\/\/fliparas.com\/da\/aktivitet\/tegning-af-nogenmodel-mallorca\/","og_locale":"da_DK","og_type":"article","og_title":"Drawing of Nude Model Mallorca","og_description":"Drawing of Nude Model Mallorca. Nude model drawing in Mallorca. If you like mixing art and sensuality, this is the activity for you!","og_url":"https:\/\/fliparas.com\/da\/aktivitet\/tegning-af-nogenmodel-mallorca\/","og_site_name":"Agency Specialised in Stag and Hen Parties","article_modified_time":"2025-01-31T10:30:07+00:00","og_image":[{"width":1080,"height":1080,"url":"https:\/\/fliparas.com\/wp-content\/uploads\/2024\/03\/Drawing-of-Nude-Model-img.jpeg","type":"image\/jpeg"}],"twitter_card":"summary_large_image","twitter_misc":{"Pris":"50,00&nbsp;&euro;","Tilg\u00e6ngelighed":"P\u00e5 lager"},"schema":{"@context":"https:\/\/schema.org","@graph":[{"@type":"WebPage","@id":"https:\/\/fliparas.com\/activity\/drawing-of-nude-model-mallorca\/","url":"https:\/\/fliparas.com\/activity\/drawing-of-nude-model-mallorca\/","name":"Tegning af n\u00f8genmodel Mallorca","isPartOf":{"@id":"https:\/\/fliparas.com\/#website"},"primaryImageOfPage":{"@id":"https:\/\/fliparas.com\/activity\/drawing-of-nude-model-mallorca\/#primaryimage"},"image":{"@id":"https:\/\/fliparas.com\/activity\/drawing-of-nude-model-mallorca\/#primaryimage"},"thumbnailUrl":"https:\/\/fliparas.com\/wp-content\/uploads\/2024\/03\/Drawing-of-Nude-Model-img.jpeg","datePublished":"2024-03-19T12:24:55+00:00","dateModified":"2025-01-31T10:30:07+00:00","description":"Tegning af n\u00f8genmodel p\u00e5 Mallorca. Tegning af n\u00f8genmodel p\u00e5 Mallorca. Hvis du kan lide at blande kunst og sensualitet, er dette en aktivitet for dig!","breadcrumb":{"@id":"https:\/\/fliparas.com\/activity\/drawing-of-nude-model-mallorca\/#breadcrumb"},"inLanguage":"da-DK","potentialAction":[{"@type":"ReadAction","target":["https:\/\/fliparas.com\/activity\/drawing-of-nude-model-mallorca\/"]}]},{"@type":"ImageObject","inLanguage":"da-DK","@id":"https:\/\/fliparas.com\/activity\/drawing-of-nude-model-mallorca\/#primaryimage","url":"https:\/\/fliparas.com\/wp-content\/uploads\/2024\/03\/Drawing-of-Nude-Model-img.jpeg","contentUrl":"https:\/\/fliparas.com\/wp-content\/uploads\/2024\/03\/Drawing-of-Nude-Model-img.jpeg","width":1080,"height":1080},{"@type":"BreadcrumbList","@id":"https:\/\/fliparas.com\/activity\/drawing-of-nude-model-mallorca\/#breadcrumb","itemListElement":[{"@type":"ListItem","position":1,"name":"Home","item":"https:\/\/fliparas.com\/"},{"@type":"ListItem","position":2,"name":"Shop","item":"https:\/\/fliparas.com\/shop\/"},{"@type":"ListItem","position":3,"name":"Drawing of Nude Model Mallorca"}]},{"@type":"WebSite","@id":"https:\/\/fliparas.com\/#website","url":"https:\/\/fliparas.com\/","name":"Agentur specialiseret i polterabend og h\u00f8nefest","description":"Stol p\u00e5 det bedst bed\u00f8mte bureau til at arrangere en uforglemmelig polterabend i Europa","publisher":{"@id":"https:\/\/fliparas.com\/#organization"},"alternateName":"Fliparas Agency Specialised in Stag and Hen Parties","potentialAction":[{"@type":"SearchAction","target":{"@type":"EntryPoint","urlTemplate":"https:\/\/fliparas.com\/?s={search_term_string}"},"query-input":{"@type":"PropertyValueSpecification","valueRequired":true,"valueName":"search_term_string"}}],"inLanguage":"da-DK"},{"@type":"Organization","@id":"https:\/\/fliparas.com\/#organization","name":"Fliparas","alternateName":"Agency Specialised in Stag and Hen Parties","url":"https:\/\/fliparas.com\/","logo":{"@type":"ImageObject","inLanguage":"da-DK","@id":"https:\/\/fliparas.com\/#\/schema\/logo\/image\/","url":"https:\/\/fliparas.com\/wp-content\/uploads\/2024\/03\/Logo-Fliparas.png","contentUrl":"https:\/\/fliparas.com\/wp-content\/uploads\/2024\/03\/Logo-Fliparas.png","width":1024,"height":1024,"caption":"Fliparas"},"image":{"@id":"https:\/\/fliparas.com\/#\/schema\/logo\/image\/"}}]},"product_price_amount":"50.00","product_price_currency":"EUR","og_availability":"instock","product_availability":"instock","product_condition":"new"},"_links":{"self":[{"href":"https:\/\/fliparas.com\/da\/wp-json\/wp\/v2\/product\/495","targetHints":{"allow":["GET"]}}],"collection":[{"href":"https:\/\/fliparas.com\/da\/wp-json\/wp\/v2\/product"}],"about":[{"href":"https:\/\/fliparas.com\/da\/wp-json\/wp\/v2\/types\/product"}],"wp:featuredmedia":[{"embeddable":true,"href":"https:\/\/fliparas.com\/da\/wp-json\/wp\/v2\/media\/742"}],"wp:attachment":[{"href":"https:\/\/fliparas.com\/da\/wp-json\/wp\/v2\/media?parent=495"}],"wp:term":[{"taxonomy":"product_brand","embeddable":true,"href":"https:\/\/fliparas.com\/da\/wp-json\/wp\/v2\/product_brand?post=495"},{"taxonomy":"product_cat","embeddable":true,"href":"https:\/\/fliparas.com\/da\/wp-json\/wp\/v2\/product_cat?post=495"},{"taxonomy":"product_tag","embeddable":true,"href":"https:\/\/fliparas.com\/da\/wp-json\/wp\/v2\/product_tag?post=495"}],"curies":[{"name":"wp","href":"https:\/\/api.w.org\/{rel}","templated":true}]}}