{"id":496,"date":"2024-03-19T12:24:55","date_gmt":"2024-03-19T12:24:55","guid":{"rendered":"https:\/\/fliparas.com\/?post_type=product&#038;p=496"},"modified":"2025-01-31T11:30:07","modified_gmt":"2025-01-31T10:30:07","slug":"limousine-striptease-mallorca","status":"publish","type":"product","link":"https:\/\/fliparas.com\/da\/aktivitet\/limousine-striptease-mallorca\/","title":{"rendered":"Limousine &amp; Striptease Mallorca"},"content":{"rendered":"<div>Limousine og striptease p\u00e5 Mallorca. En times limousineservice med 2 flasker cava inkluderet og striptease inde i \"max 8 s\u00e6der\". Sensualitet og luksus.<\/div>\n<div><\/div>\n<div>De bedste polterabender med <a href=\"https:\/\/fliparas.com\/da\/polterabend-2\/\">Polterabend <\/a>!<\/div>\n<div><\/div>\n<h2 style=\"text-align: center;\">Limousine &amp; Striptease Mallorca<\/h2>\n<div>\ud83d\ude97 Oplev luksus med vores limousine- og stripperservice p\u00e5 Mallorca! \ud83c\udf7e<\/div>\n<div><\/div>\n<div>Oplev glamour og komfort, n\u00e5r du udforsker den smukke \u00f8 Mallorca med vores eksklusive limousineservice. I en time vil du ikke kun f\u00f8le dig luksuri\u00f8s i den rummelige og elegante limousine, men der vil ogs\u00e5 v\u00e6re en pige indeni, som f\u00e5r dig til at nyde turen fuldt ud...\u2728<\/div>\n<div><\/div>\n<div>Hvis det at k\u00f8re i limousine allerede er en oplevelse, der f\u00e5r dig til at f\u00f8le dig st\u00e6rk, s\u00e5 forestil dig, at du har et erotisk spektakel indeni. Med to flasker cava inkluderet og en smuk, letp\u00e5kl\u00e6dt pige ... bliver turen til en luksusfest! Slap af, nyd selskabet og sk\u00e5l med stil, mens du s\u00e6tter kursen mod dine yndlingsdestinationer. \ud83d\udd25<\/div>\n<div><\/div>\n<div>\n<p>Vores limousineservice er designet til at g\u00f8re din oplevelse p\u00e5 Mallorca uforglemmelig. Uanset om det er en s\u00e6rlig lejlighed, en polterabend eller bare en klassetur, er vi her for at g\u00f8re dine dr\u00f8mme om en luksus\u00f8 til virkelighed. Nyd synden p\u00e5 \u00f8en med karriere og sexede kvinder \ud83c\udf34.<\/p>\n<\/div>\n<div>Book nu, og lad os tage dig til det n\u00e6ste niveau af sensualitet og nydelse p\u00e5 Mallorca, og opdag gl\u00e6den ved eksklusivitet, mens du slentrer rundt i gaderne i Palma de Mallorca og Magaluf!<\/div>\n<div>\n<div style=\"text-align: center;\"><\/div>\n<div style=\"text-align: center;\">V\u00e6lg sensualitet, v\u00e6lg luksus<\/div>\n<div style=\"text-align: center;\">Book nu Limousine &amp; Striptease <a href=\"https:\/\/es.wikipedia.org\/wiki\/Mallorca\">Mallorca<\/a>. \ud83d\udd25<\/div>\n<\/div>","protected":false},"excerpt":{"rendered":"<p>Limousine og striptease p\u00e5 Mallorca. En times limousineservice med 2 flasker cava inkluderet og striptease inde i \"max 8 s\u00e6der\". Sensualitet og luksus.<\/p>\n<p>MINIMUMSSALG: 8 PERSONER.<\/p>","protected":false},"featured_media":657,"template":"","meta":[],"product_brand":[425],"product_cat":[193,165,194],"product_tag":[190,191,192],"class_list":{"0":"post-496","1":"product","2":"type-product","3":"status-publish","4":"has-post-thumbnail","6":"product_brand-fliparas-inc","7":"product_cat-hen-party-mallorca","8":"product_cat-mallorca","9":"product_cat-stag-party-mallorca","10":"product_tag-limousine-striptease-mallorca","11":"product_tag-limousine-mallorca","12":"product_tag-striptease-mallorca","14":"first","15":"instock","16":"virtual","17":"sold-individually","18":"purchasable","19":"product-type-booking"},"yoast_head":"<!-- This site is optimized with the Yoast SEO plugin v26.9 - https:\/\/yoast.com\/product\/yoast-seo-wordpress\/ -->\n<title>Limousine &amp; Striptease Mallorca<\/title>\n<meta name=\"description\" content=\"Limousine &amp; Striptease Mallorca. One-hour limousine service with 2 bottles of cava included and striptease inside &quot;maximum 8 seats&quot;.\" \/>\n<meta name=\"robots\" content=\"index, follow, max-snippet:-1, max-image-preview:large, max-video-preview:-1\" \/>\n<link rel=\"canonical\" href=\"https:\/\/fliparas.com\/da\/aktivitet\/limousine-striptease-mallorca\/\" \/>\n<meta property=\"og:locale\" content=\"da_DK\" \/>\n<meta property=\"og:type\" content=\"article\" \/>\n<meta property=\"og:title\" content=\"Limousine &amp; Striptease Mallorca\" \/>\n<meta property=\"og:description\" content=\"Limousine &amp; Striptease Mallorca. One-hour limousine service with 2 bottles of cava included and striptease inside &quot;maximum 8 seats&quot;.\" \/>\n<meta property=\"og:url\" content=\"https:\/\/fliparas.com\/da\/aktivitet\/limousine-striptease-mallorca\/\" \/>\n<meta property=\"og:site_name\" content=\"Agency Specialised in Stag and Hen Parties\" \/>\n<meta property=\"article:modified_time\" content=\"2025-01-31T10:30:07+00:00\" \/>\n<meta property=\"og:image\" content=\"https:\/\/fliparas.com\/wp-content\/uploads\/2024\/03\/Striptease-Mallorca-VIP.jpg\" \/>\n\t<meta property=\"og:image:width\" content=\"1080\" \/>\n\t<meta property=\"og:image:height\" content=\"1080\" \/>\n\t<meta property=\"og:image:type\" content=\"image\/jpeg\" \/>\n<meta name=\"twitter:card\" content=\"summary_large_image\" \/>\n<meta name=\"twitter:label1\" content=\"Pris\" \/>\n\t<meta name=\"twitter:data1\" content=\"70,00&nbsp;&euro;\" \/>\n\t<meta name=\"twitter:label2\" content=\"Tilg\u00e6ngelighed\" \/>\n\t<meta name=\"twitter:data2\" content=\"P\u00e5 lager\" \/>\n<script type=\"application\/ld+json\" class=\"yoast-schema-graph\">{\"@context\":\"https:\/\/schema.org\",\"@graph\":[{\"@type\":\"WebPage\",\"@id\":\"https:\/\/fliparas.com\/activity\/limousine-striptease-mallorca\/\",\"url\":\"https:\/\/fliparas.com\/activity\/limousine-striptease-mallorca\/\",\"name\":\"Limousine & Striptease Mallorca\",\"isPartOf\":{\"@id\":\"https:\/\/fliparas.com\/#website\"},\"primaryImageOfPage\":{\"@id\":\"https:\/\/fliparas.com\/activity\/limousine-striptease-mallorca\/#primaryimage\"},\"image\":{\"@id\":\"https:\/\/fliparas.com\/activity\/limousine-striptease-mallorca\/#primaryimage\"},\"thumbnailUrl\":\"https:\/\/fliparas.com\/wp-content\/uploads\/2024\/03\/Striptease-Mallorca-VIP.jpg\",\"datePublished\":\"2024-03-19T12:24:55+00:00\",\"dateModified\":\"2025-01-31T10:30:07+00:00\",\"description\":\"Limousine & Striptease Mallorca. One-hour limousine service with 2 bottles of cava included and striptease inside \\\"maximum 8 seats\\\".\",\"breadcrumb\":{\"@id\":\"https:\/\/fliparas.com\/activity\/limousine-striptease-mallorca\/#breadcrumb\"},\"inLanguage\":\"da-DK\",\"potentialAction\":[{\"@type\":\"ReadAction\",\"target\":[\"https:\/\/fliparas.com\/activity\/limousine-striptease-mallorca\/\"]}]},{\"@type\":\"ImageObject\",\"inLanguage\":\"da-DK\",\"@id\":\"https:\/\/fliparas.com\/activity\/limousine-striptease-mallorca\/#primaryimage\",\"url\":\"https:\/\/fliparas.com\/wp-content\/uploads\/2024\/03\/Striptease-Mallorca-VIP.jpg\",\"contentUrl\":\"https:\/\/fliparas.com\/wp-content\/uploads\/2024\/03\/Striptease-Mallorca-VIP.jpg\",\"width\":1080,\"height\":1080},{\"@type\":\"BreadcrumbList\",\"@id\":\"https:\/\/fliparas.com\/activity\/limousine-striptease-mallorca\/#breadcrumb\",\"itemListElement\":[{\"@type\":\"ListItem\",\"position\":1,\"name\":\"Home\",\"item\":\"https:\/\/fliparas.com\/\"},{\"@type\":\"ListItem\",\"position\":2,\"name\":\"Shop\",\"item\":\"https:\/\/fliparas.com\/shop\/\"},{\"@type\":\"ListItem\",\"position\":3,\"name\":\"Limousine &#038; Striptease Mallorca\"}]},{\"@type\":\"WebSite\",\"@id\":\"https:\/\/fliparas.com\/#website\",\"url\":\"https:\/\/fliparas.com\/\",\"name\":\"Agency Specialised in Stag and Hen Parties\",\"description\":\"Trust the highest rated agency to organize an unforgettable stag and hen parties in Europe\",\"publisher\":{\"@id\":\"https:\/\/fliparas.com\/#organization\"},\"alternateName\":\"Fliparas Agency Specialised in Stag and Hen Parties\",\"potentialAction\":[{\"@type\":\"SearchAction\",\"target\":{\"@type\":\"EntryPoint\",\"urlTemplate\":\"https:\/\/fliparas.com\/?s={search_term_string}\"},\"query-input\":{\"@type\":\"PropertyValueSpecification\",\"valueRequired\":true,\"valueName\":\"search_term_string\"}}],\"inLanguage\":\"da-DK\"},{\"@type\":\"Organization\",\"@id\":\"https:\/\/fliparas.com\/#organization\",\"name\":\"Fliparas\",\"alternateName\":\"Agency Specialised in Stag and Hen Parties\",\"url\":\"https:\/\/fliparas.com\/\",\"logo\":{\"@type\":\"ImageObject\",\"inLanguage\":\"da-DK\",\"@id\":\"https:\/\/fliparas.com\/#\/schema\/logo\/image\/\",\"url\":\"https:\/\/fliparas.com\/wp-content\/uploads\/2024\/03\/Logo-Fliparas.png\",\"contentUrl\":\"https:\/\/fliparas.com\/wp-content\/uploads\/2024\/03\/Logo-Fliparas.png\",\"width\":1024,\"height\":1024,\"caption\":\"Fliparas\"},\"image\":{\"@id\":\"https:\/\/fliparas.com\/#\/schema\/logo\/image\/\"}}]}<\/script>\n<meta property=\"product:price:amount\" content=\"70.00\" \/>\n<meta property=\"product:price:currency\" content=\"EUR\" \/>\n<meta property=\"og:availability\" content=\"instock\" \/>\n<meta property=\"product:availability\" content=\"instock\" \/>\n<meta property=\"product:condition\" content=\"new\" \/>\n<!-- \/ Yoast SEO plugin. -->","yoast_head_json":{"title":"Limousine &amp; Striptease Mallorca","description":"Limousine og striptease p\u00e5 Mallorca. En times limousineservice med 2 flasker cava inkluderet og striptease inde i \"maks. 8 s\u00e6der\".","robots":{"index":"index","follow":"follow","max-snippet":"max-snippet:-1","max-image-preview":"max-image-preview:large","max-video-preview":"max-video-preview:-1"},"canonical":"https:\/\/fliparas.com\/da\/aktivitet\/limousine-striptease-mallorca\/","og_locale":"da_DK","og_type":"article","og_title":"Limousine & Striptease Mallorca","og_description":"Limousine & Striptease Mallorca. One-hour limousine service with 2 bottles of cava included and striptease inside \"maximum 8 seats\".","og_url":"https:\/\/fliparas.com\/da\/aktivitet\/limousine-striptease-mallorca\/","og_site_name":"Agency Specialised in Stag and Hen Parties","article_modified_time":"2025-01-31T10:30:07+00:00","og_image":[{"width":1080,"height":1080,"url":"https:\/\/fliparas.com\/wp-content\/uploads\/2024\/03\/Striptease-Mallorca-VIP.jpg","type":"image\/jpeg"}],"twitter_card":"summary_large_image","twitter_misc":{"Pris":"70,00&nbsp;&euro;","Tilg\u00e6ngelighed":"P\u00e5 lager"},"schema":{"@context":"https:\/\/schema.org","@graph":[{"@type":"WebPage","@id":"https:\/\/fliparas.com\/activity\/limousine-striptease-mallorca\/","url":"https:\/\/fliparas.com\/activity\/limousine-striptease-mallorca\/","name":"Limousine &amp; Striptease Mallorca","isPartOf":{"@id":"https:\/\/fliparas.com\/#website"},"primaryImageOfPage":{"@id":"https:\/\/fliparas.com\/activity\/limousine-striptease-mallorca\/#primaryimage"},"image":{"@id":"https:\/\/fliparas.com\/activity\/limousine-striptease-mallorca\/#primaryimage"},"thumbnailUrl":"https:\/\/fliparas.com\/wp-content\/uploads\/2024\/03\/Striptease-Mallorca-VIP.jpg","datePublished":"2024-03-19T12:24:55+00:00","dateModified":"2025-01-31T10:30:07+00:00","description":"Limousine og striptease p\u00e5 Mallorca. En times limousineservice med 2 flasker cava inkluderet og striptease inde i \"maks. 8 s\u00e6der\".","breadcrumb":{"@id":"https:\/\/fliparas.com\/activity\/limousine-striptease-mallorca\/#breadcrumb"},"inLanguage":"da-DK","potentialAction":[{"@type":"ReadAction","target":["https:\/\/fliparas.com\/activity\/limousine-striptease-mallorca\/"]}]},{"@type":"ImageObject","inLanguage":"da-DK","@id":"https:\/\/fliparas.com\/activity\/limousine-striptease-mallorca\/#primaryimage","url":"https:\/\/fliparas.com\/wp-content\/uploads\/2024\/03\/Striptease-Mallorca-VIP.jpg","contentUrl":"https:\/\/fliparas.com\/wp-content\/uploads\/2024\/03\/Striptease-Mallorca-VIP.jpg","width":1080,"height":1080},{"@type":"BreadcrumbList","@id":"https:\/\/fliparas.com\/activity\/limousine-striptease-mallorca\/#breadcrumb","itemListElement":[{"@type":"ListItem","position":1,"name":"Home","item":"https:\/\/fliparas.com\/"},{"@type":"ListItem","position":2,"name":"Shop","item":"https:\/\/fliparas.com\/shop\/"},{"@type":"ListItem","position":3,"name":"Limousine &#038; Striptease Mallorca"}]},{"@type":"WebSite","@id":"https:\/\/fliparas.com\/#website","url":"https:\/\/fliparas.com\/","name":"Agentur specialiseret i polterabend og h\u00f8nefest","description":"Stol p\u00e5 det bedst bed\u00f8mte bureau til at arrangere en uforglemmelig polterabend i Europa","publisher":{"@id":"https:\/\/fliparas.com\/#organization"},"alternateName":"Fliparas Agency Specialised in Stag and Hen Parties","potentialAction":[{"@type":"SearchAction","target":{"@type":"EntryPoint","urlTemplate":"https:\/\/fliparas.com\/?s={search_term_string}"},"query-input":{"@type":"PropertyValueSpecification","valueRequired":true,"valueName":"search_term_string"}}],"inLanguage":"da-DK"},{"@type":"Organization","@id":"https:\/\/fliparas.com\/#organization","name":"Fliparas","alternateName":"Agency Specialised in Stag and Hen Parties","url":"https:\/\/fliparas.com\/","logo":{"@type":"ImageObject","inLanguage":"da-DK","@id":"https:\/\/fliparas.com\/#\/schema\/logo\/image\/","url":"https:\/\/fliparas.com\/wp-content\/uploads\/2024\/03\/Logo-Fliparas.png","contentUrl":"https:\/\/fliparas.com\/wp-content\/uploads\/2024\/03\/Logo-Fliparas.png","width":1024,"height":1024,"caption":"Fliparas"},"image":{"@id":"https:\/\/fliparas.com\/#\/schema\/logo\/image\/"}}]},"product_price_amount":"70.00","product_price_currency":"EUR","og_availability":"instock","product_availability":"instock","product_condition":"new"},"_links":{"self":[{"href":"https:\/\/fliparas.com\/da\/wp-json\/wp\/v2\/product\/496","targetHints":{"allow":["GET"]}}],"collection":[{"href":"https:\/\/fliparas.com\/da\/wp-json\/wp\/v2\/product"}],"about":[{"href":"https:\/\/fliparas.com\/da\/wp-json\/wp\/v2\/types\/product"}],"wp:featuredmedia":[{"embeddable":true,"href":"https:\/\/fliparas.com\/da\/wp-json\/wp\/v2\/media\/657"}],"wp:attachment":[{"href":"https:\/\/fliparas.com\/da\/wp-json\/wp\/v2\/media?parent=496"}],"wp:term":[{"taxonomy":"product_brand","embeddable":true,"href":"https:\/\/fliparas.com\/da\/wp-json\/wp\/v2\/product_brand?post=496"},{"taxonomy":"product_cat","embeddable":true,"href":"https:\/\/fliparas.com\/da\/wp-json\/wp\/v2\/product_cat?post=496"},{"taxonomy":"product_tag","embeddable":true,"href":"https:\/\/fliparas.com\/da\/wp-json\/wp\/v2\/product_tag?post=496"}],"curies":[{"name":"wp","href":"https:\/\/api.w.org\/{rel}","templated":true}]}}