{"id":5370,"date":"2025-03-14T12:15:59","date_gmt":"2025-03-14T11:15:59","guid":{"rendered":"https:\/\/fliparas.com\/?page_id=5370"},"modified":"2025-03-14T12:19:15","modified_gmt":"2025-03-14T11:19:15","slug":"atemberaubende-braut-outfits-fur-junggesellinnenabschiede-ultimativer-style-guide-inspiration","status":"publish","type":"page","link":"https:\/\/fliparas.com\/de\/atemberaubende-braut-outfits-fur-junggesellinnenabschiede-ultimativer-style-guide-inspiration\/","title":{"rendered":"Atemberaubende Braut-Outfits f\u00fcr Junggesellinnenabschiede: Ultimativer Style Guide &amp; Inspiration"},"content":{"rendered":"<h1>Braut Outfits f\u00fcr <a href=\"https:\/\/fliparas.com\/de\/junggesellinnenabschied\/\">Junggesellinnenabschied<\/a><\/h1>\n<p>Willkommen bei der ultimativen Adresse f\u00fcr atemberaubende Braut-Outfits, die speziell f\u00fcr Ihren unvergesslichen Junggesellinnenabschied entworfen wurden! Hier zelebrieren wir den lebendigen Geist der zuk\u00fcnftigen Braut mit einer Reihe einzigartiger Outfit-Optionen, die Spa\u00df, Flair und Mode nahtlos miteinander verbinden. Tauchen Sie ein in eine Welt, in der jedes Outfit eine Geschichte erz\u00e4hlt und den Ton f\u00fcr die bevorstehenden Feierlichkeiten angibt.<\/p>\n<h2>Entdecken Sie unsere exquisite Kollektion f\u00fcr <span class=\"___SText_anxqe-kmt_\" data-ui-name=\"Link.Text\">Braut Outfits f\u00fcr Junggesellinnenabschied<\/span><\/h2>\n<p>G\u00f6nnen Sie sich eine sorgf\u00e4ltig zusammengestellte Auswahl an Brautkleidern, die der Pers\u00f6nlichkeit und dem Stil jeder Braut gerecht werden. Entdecken Sie St\u00fccke, die nicht nur ein Statement setzen, sondern auch f\u00fcr Komfort und Bequemlichkeit w\u00e4hrend Ihres Junggesellinnenabschieds sorgen. Hier ist, was Sie erwarten k\u00f6nnen:<\/p>\n<ul>\n<li><strong>Schicke Kleider:<\/strong> Von koketten Minikleidern mit Spitzenbesatz bis hin zu eleganten Maxikleidern <a href=\"https:\/\/es.wikipedia.org\/wiki\/Vestido_(indumentaria)\">Kleider<\/a> die bei jeder Bewegung mitflie\u00dfen. Unsere Kollektion verspricht, f\u00fcr jedes Thema etwas zu bieten.<\/li>\n<li><strong>Stilvolle Jumpsuits:<\/strong> F\u00fcr die moderne Braut, die auffallen m\u00f6chte, bieten unsere Jumpsuits eine Mischung aus Raffinesse und verspielten Silhouetten, die perfekt sind, um die Nacht durchzutanzen.<\/li>\n<li><strong>Personalisiertes Zubeh\u00f6r:<\/strong> Erg\u00e4nzen Sie Ihr Outfit mit ma\u00dfgeschneiderten Sch\u00e4rpen, Schleiern und Kronen, die Ihnen das Gef\u00fchl geben, eine K\u00f6nigin zu sein. Pers\u00f6nliche Akzente, die einen Hauch von Spa\u00df bringen!<\/li>\n<li><strong>Partytaugliche Outfits:<\/strong> Kombinieren Sie mit unseren trendigen zweiteiligen Sets, die sich von der Masse abheben und es Ihnen leicht machen, die perfekte Partystimmung zu erzeugen.<\/li>\n<li><strong>Thematische Kleidung:<\/strong> Ganz gleich, ob Sie sich f\u00fcr einen b\u00f6hmischen Festival-Look oder eine glamour\u00f6se Abendgarderobe entscheiden, wir haben spezielle Outfits, die Ihre einzigartige Vision widerspiegeln.<\/li>\n<\/ul>\n<h2>Warum unsere Braut-Outfits w\u00e4hlen?<\/h2>\n<p>Jedes Detail ist wichtig, wenn es darum geht, einen der denkw\u00fcrdigsten Tage in Ihrem Leben zu feiern. Hier sehen Sie, warum unsere Kollektion so besonders ist:<\/p>\n<ul>\n<li><strong>Hochwertige Stoffe:<\/strong> Jedes Outfit ist aus hochwertigen Materialien gefertigt, die daf\u00fcr sorgen, dass Sie sich fabelhaft f\u00fchlen, ohne auf Komfort verzichten zu m\u00fcssen.<\/li>\n<li><strong>Vielseitige Stile:<\/strong> Unsere Kleidungsst\u00fccke lassen sich problemlos von tags\u00fcber bis nachts tragen, so dass Sie das Beste aus Ihrem Junggesellinnenabschied machen k\u00f6nnen!<\/li>\n<li><strong>Inklusive Gr\u00f6\u00dfenbestimmung:<\/strong> Wir sind der Meinung, dass jede Braut es verdient, umwerfend auszusehen, und bieten daher eine Reihe von Gr\u00f6\u00dfen an, die jedem K\u00f6rpertyp entsprechen.<\/li>\n<li><strong>Budget-freundliche Optionen:<\/strong> Genie\u00dfen Sie modische Looks, die nicht zu teuer sind, und haben Sie mehr Zeit, sich anderen Aspekten Ihrer Feier zu widmen.<\/li>\n<li><strong>Beratung durch Experten:<\/strong> Unsere Stilberaterinnen helfen Ihnen dabei, einen stimmigen Look zu kreieren, der zu Ihrer Pers\u00f6nlichkeit und der Stimmung Ihrer Hochzeitsgesellschaft passt.<\/li>\n<\/ul>\n<h2>Machen Sie Ihren Junggesellinnenabschied unvergesslich<\/h2>\n<p>Die Wahl des richtigen Outfits f\u00fcr Ihren Junggesellinnenabschied ist mehr als nur ein modisches Statement; es geht darum, Erinnerungen zu schaffen, die ein Leben lang halten. Ihr Look ist ein Spiegelbild Ihrer Aufregung und Freude, und mit unserer exquisiten Kollektion k\u00f6nnen Sie diesen besonderen Anlass mit Stil und Anmut feiern. Lassen Sie uns Ihnen helfen, auf dieser aufregenden Reise bis zu Ihrem gro\u00dfen Tag zu gl\u00e4nzen!<\/p>","protected":false},"excerpt":{"rendered":"<p> Entdecken Sie den ultimativen Leitfaden f\u00fcr Braut-Outfits f\u00fcr Junggesellinnenabschiede, der eine Vielzahl von stilvollen und lustigen Optionen zeigt, die die Feier aufwerten. Unsere Kollektion bietet einzigartige Themen, die von schick und elegant bis hin zu verspielt und frech reichen, um sicherzustellen, dass jede Braut bei ihrer besonderen Verabschiedung heraussticht. Entdecken Sie vielseitige Outfits, die zu verschiedenen Veranstaltungsorten, Wetterbedingungen und Gruppendynamiken passen, erg\u00e4nzt durch wichtige Styling-Tipps. Mit dem Schwerpunkt auf Komfort und Trendigkeit unterstreichen diese Ensembles nicht nur die festliche Stimmung, sondern erlauben der Braut auch, ihre Pers\u00f6nlichkeit zum Ausdruck zu bringen. Steigern Sie Ihr Junggesellinnenabschiedserlebnis mit Outfits, die bleibende Erinnerungen und unvergessliche Fotos schaffen.<\/p>","protected":false},"author":1,"featured_media":5096,"parent":0,"menu_order":0,"comment_status":"closed","ping_status":"closed","template":"","meta":{"footnotes":""},"class_list":["post-5370","page","type-page","status-publish","has-post-thumbnail","hentry"],"yoast_head":"<!-- This site is optimized with the Yoast SEO plugin v26.9 - https:\/\/yoast.com\/product\/yoast-seo-wordpress\/ -->\n<title>Stunning Bride Outfits for Hen Parties: Ultimate<\/title>\n<meta name=\"description\" content=\"Discover the ultimate guide to bride outfits for hen parties, showcasing a variety of stylish and fun options that elevate the celebration. Our collection features unique themes ranging from chic and elegant to playful and bold, ensuring every bride stands out during her special send-off. Explore versatile outfits that suit different venues, weather, and group dynamics, complemented by essential styling tips. With an emphasis on comfort and trendiness, these ensembles not only enhance the festive spirit but also allow the bride to express her personality. Elevate your hen party experience with outfits that create lasting memories and unforgettable photos.\" \/>\n<meta name=\"robots\" content=\"index, follow, max-snippet:-1, max-image-preview:large, max-video-preview:-1\" \/>\n<link rel=\"canonical\" href=\"https:\/\/fliparas.com\/de\/atemberaubende-braut-outfits-fur-junggesellinnenabschiede-ultimativer-style-guide-inspiration\/\" \/>\n<meta property=\"og:locale\" content=\"de_DE\" \/>\n<meta property=\"og:type\" content=\"article\" \/>\n<meta property=\"og:title\" content=\"Stunning Bride Outfits for Hen Parties: Ultimate\" \/>\n<meta property=\"og:description\" content=\"Discover the ultimate guide to bride outfits for hen parties, showcasing a variety of stylish and fun options that elevate the celebration. Our collection features unique themes ranging from chic and elegant to playful and bold, ensuring every bride stands out during her special send-off. Explore versatile outfits that suit different venues, weather, and group dynamics, complemented by essential styling tips. With an emphasis on comfort and trendiness, these ensembles not only enhance the festive spirit but also allow the bride to express her personality. Elevate your hen party experience with outfits that create lasting memories and unforgettable photos.\" \/>\n<meta property=\"og:url\" content=\"https:\/\/fliparas.com\/de\/atemberaubende-braut-outfits-fur-junggesellinnenabschiede-ultimativer-style-guide-inspiration\/\" \/>\n<meta property=\"og:site_name\" content=\"Agency Specialised in Stag and Hen Parties\" \/>\n<meta property=\"article:modified_time\" content=\"2025-03-14T11:19:15+00:00\" \/>\n<meta property=\"og:image\" content=\"https:\/\/fliparas.com\/wp-content\/uploads\/2025\/02\/5095-marbellas-allure-event-strippers-unveiled.jpg\" \/>\n\t<meta property=\"og:image:width\" content=\"1920\" \/>\n\t<meta property=\"og:image:height\" content=\"1536\" \/>\n\t<meta property=\"og:image:type\" content=\"image\/jpeg\" \/>\n<meta name=\"twitter:card\" content=\"summary_large_image\" \/>\n<meta name=\"twitter:label1\" content=\"Gesch\u00e4tzte Lesezeit\" \/>\n\t<meta name=\"twitter:data1\" content=\"3\u00a0Minuten\" \/>\n<script type=\"application\/ld+json\" class=\"yoast-schema-graph\">{\"@context\":\"https:\/\/schema.org\",\"@graph\":[{\"@type\":\"WebPage\",\"@id\":\"https:\/\/fliparas.com\/stunning-bride-outfits-for-hen-parties-ultimate-style-guide-inspiration\/\",\"url\":\"https:\/\/fliparas.com\/stunning-bride-outfits-for-hen-parties-ultimate-style-guide-inspiration\/\",\"name\":\"Stunning Bride Outfits for Hen Parties: Ultimate\",\"isPartOf\":{\"@id\":\"https:\/\/fliparas.com\/#website\"},\"primaryImageOfPage\":{\"@id\":\"https:\/\/fliparas.com\/stunning-bride-outfits-for-hen-parties-ultimate-style-guide-inspiration\/#primaryimage\"},\"image\":{\"@id\":\"https:\/\/fliparas.com\/stunning-bride-outfits-for-hen-parties-ultimate-style-guide-inspiration\/#primaryimage\"},\"thumbnailUrl\":\"https:\/\/fliparas.com\/wp-content\/uploads\/2025\/02\/5095-marbellas-allure-event-strippers-unveiled.jpg\",\"datePublished\":\"2025-03-14T11:15:59+00:00\",\"dateModified\":\"2025-03-14T11:19:15+00:00\",\"description\":\"Discover the ultimate guide to bride outfits for hen parties, showcasing a variety of stylish and fun options that elevate the celebration. Our collection features unique themes ranging from chic and elegant to playful and bold, ensuring every bride stands out during her special send-off. Explore versatile outfits that suit different venues, weather, and group dynamics, complemented by essential styling tips. With an emphasis on comfort and trendiness, these ensembles not only enhance the festive spirit but also allow the bride to express her personality. Elevate your hen party experience with outfits that create lasting memories and unforgettable photos.\",\"breadcrumb\":{\"@id\":\"https:\/\/fliparas.com\/stunning-bride-outfits-for-hen-parties-ultimate-style-guide-inspiration\/#breadcrumb\"},\"inLanguage\":\"de\",\"potentialAction\":[{\"@type\":\"ReadAction\",\"target\":[\"https:\/\/fliparas.com\/stunning-bride-outfits-for-hen-parties-ultimate-style-guide-inspiration\/\"]}]},{\"@type\":\"ImageObject\",\"inLanguage\":\"de\",\"@id\":\"https:\/\/fliparas.com\/stunning-bride-outfits-for-hen-parties-ultimate-style-guide-inspiration\/#primaryimage\",\"url\":\"https:\/\/fliparas.com\/wp-content\/uploads\/2025\/02\/5095-marbellas-allure-event-strippers-unveiled.jpg\",\"contentUrl\":\"https:\/\/fliparas.com\/wp-content\/uploads\/2025\/02\/5095-marbellas-allure-event-strippers-unveiled.jpg\",\"width\":1920,\"height\":1536,\"caption\":\"bride outfits for hen party\"},{\"@type\":\"BreadcrumbList\",\"@id\":\"https:\/\/fliparas.com\/stunning-bride-outfits-for-hen-parties-ultimate-style-guide-inspiration\/#breadcrumb\",\"itemListElement\":[{\"@type\":\"ListItem\",\"position\":1,\"name\":\"Home\",\"item\":\"https:\/\/fliparas.com\/\"},{\"@type\":\"ListItem\",\"position\":2,\"name\":\"Stunning Bride Outfits for Hen Parties: Ultimate Style Guide &#038; Inspiration\"}]},{\"@type\":\"WebSite\",\"@id\":\"https:\/\/fliparas.com\/#website\",\"url\":\"https:\/\/fliparas.com\/\",\"name\":\"Agency Specialised in Stag and Hen Parties\",\"description\":\"Trust the highest rated agency to organize an unforgettable stag and hen parties in Europe\",\"publisher\":{\"@id\":\"https:\/\/fliparas.com\/#organization\"},\"alternateName\":\"Fliparas Agency Specialised in Stag and Hen Parties\",\"potentialAction\":[{\"@type\":\"SearchAction\",\"target\":{\"@type\":\"EntryPoint\",\"urlTemplate\":\"https:\/\/fliparas.com\/?s={search_term_string}\"},\"query-input\":{\"@type\":\"PropertyValueSpecification\",\"valueRequired\":true,\"valueName\":\"search_term_string\"}}],\"inLanguage\":\"de\"},{\"@type\":\"Organization\",\"@id\":\"https:\/\/fliparas.com\/#organization\",\"name\":\"Fliparas\",\"alternateName\":\"Agency Specialised in Stag and Hen Parties\",\"url\":\"https:\/\/fliparas.com\/\",\"logo\":{\"@type\":\"ImageObject\",\"inLanguage\":\"de\",\"@id\":\"https:\/\/fliparas.com\/#\/schema\/logo\/image\/\",\"url\":\"https:\/\/fliparas.com\/wp-content\/uploads\/2024\/03\/Logo-Fliparas.png\",\"contentUrl\":\"https:\/\/fliparas.com\/wp-content\/uploads\/2024\/03\/Logo-Fliparas.png\",\"width\":1024,\"height\":1024,\"caption\":\"Fliparas\"},\"image\":{\"@id\":\"https:\/\/fliparas.com\/#\/schema\/logo\/image\/\"}}]}<\/script>\n<!-- \/ Yoast SEO plugin. -->","yoast_head_json":{"title":"Atemberaubende Braut-Outfits f\u00fcr Junggesellinnenabschiede: Ultimativ","description":"Entdecken Sie den ultimativen Leitfaden f\u00fcr Braut-Outfits f\u00fcr Junggesellinnenabschiede, der eine Vielzahl von stilvollen und lustigen Optionen zeigt, die die Feier aufwerten. Unsere Kollektion bietet einzigartige Themen, die von schick und elegant bis hin zu verspielt und frech reichen, um sicherzustellen, dass jede Braut bei ihrer besonderen Verabschiedung heraussticht. Entdecken Sie vielseitige Outfits, die zu verschiedenen Veranstaltungsorten, Wetterbedingungen und Gruppendynamiken passen, erg\u00e4nzt durch wichtige Styling-Tipps. Mit dem Schwerpunkt auf Komfort und Trendigkeit unterstreichen diese Ensembles nicht nur die festliche Stimmung, sondern erlauben der Braut auch, ihre Pers\u00f6nlichkeit zum Ausdruck zu bringen. Steigern Sie Ihr Junggesellinnenabschiedserlebnis mit Outfits, die bleibende Erinnerungen und unvergessliche Fotos schaffen.","robots":{"index":"index","follow":"follow","max-snippet":"max-snippet:-1","max-image-preview":"max-image-preview:large","max-video-preview":"max-video-preview:-1"},"canonical":"https:\/\/fliparas.com\/de\/atemberaubende-braut-outfits-fur-junggesellinnenabschiede-ultimativer-style-guide-inspiration\/","og_locale":"de_DE","og_type":"article","og_title":"Stunning Bride Outfits for Hen Parties: Ultimate","og_description":"Discover the ultimate guide to bride outfits for hen parties, showcasing a variety of stylish and fun options that elevate the celebration. Our collection features unique themes ranging from chic and elegant to playful and bold, ensuring every bride stands out during her special send-off. Explore versatile outfits that suit different venues, weather, and group dynamics, complemented by essential styling tips. With an emphasis on comfort and trendiness, these ensembles not only enhance the festive spirit but also allow the bride to express her personality. Elevate your hen party experience with outfits that create lasting memories and unforgettable photos.","og_url":"https:\/\/fliparas.com\/de\/atemberaubende-braut-outfits-fur-junggesellinnenabschiede-ultimativer-style-guide-inspiration\/","og_site_name":"Agency Specialised in Stag and Hen Parties","article_modified_time":"2025-03-14T11:19:15+00:00","og_image":[{"width":1920,"height":1536,"url":"https:\/\/fliparas.com\/wp-content\/uploads\/2025\/02\/5095-marbellas-allure-event-strippers-unveiled.jpg","type":"image\/jpeg"}],"twitter_card":"summary_large_image","twitter_misc":{"Gesch\u00e4tzte Lesezeit":"3\u00a0Minuten"},"schema":{"@context":"https:\/\/schema.org","@graph":[{"@type":"WebPage","@id":"https:\/\/fliparas.com\/stunning-bride-outfits-for-hen-parties-ultimate-style-guide-inspiration\/","url":"https:\/\/fliparas.com\/stunning-bride-outfits-for-hen-parties-ultimate-style-guide-inspiration\/","name":"Atemberaubende Braut-Outfits f\u00fcr Junggesellinnenabschiede: Ultimativ","isPartOf":{"@id":"https:\/\/fliparas.com\/#website"},"primaryImageOfPage":{"@id":"https:\/\/fliparas.com\/stunning-bride-outfits-for-hen-parties-ultimate-style-guide-inspiration\/#primaryimage"},"image":{"@id":"https:\/\/fliparas.com\/stunning-bride-outfits-for-hen-parties-ultimate-style-guide-inspiration\/#primaryimage"},"thumbnailUrl":"https:\/\/fliparas.com\/wp-content\/uploads\/2025\/02\/5095-marbellas-allure-event-strippers-unveiled.jpg","datePublished":"2025-03-14T11:15:59+00:00","dateModified":"2025-03-14T11:19:15+00:00","description":"Entdecken Sie den ultimativen Leitfaden f\u00fcr Braut-Outfits f\u00fcr Junggesellinnenabschiede, der eine Vielzahl von stilvollen und lustigen Optionen zeigt, die die Feier aufwerten. Unsere Kollektion bietet einzigartige Themen, die von schick und elegant bis hin zu verspielt und frech reichen, um sicherzustellen, dass jede Braut bei ihrer besonderen Verabschiedung heraussticht. Entdecken Sie vielseitige Outfits, die zu verschiedenen Veranstaltungsorten, Wetterbedingungen und Gruppendynamiken passen, erg\u00e4nzt durch wichtige Styling-Tipps. Mit dem Schwerpunkt auf Komfort und Trendigkeit unterstreichen diese Ensembles nicht nur die festliche Stimmung, sondern erlauben der Braut auch, ihre Pers\u00f6nlichkeit zum Ausdruck zu bringen. Steigern Sie Ihr Junggesellinnenabschiedserlebnis mit Outfits, die bleibende Erinnerungen und unvergessliche Fotos schaffen.","breadcrumb":{"@id":"https:\/\/fliparas.com\/stunning-bride-outfits-for-hen-parties-ultimate-style-guide-inspiration\/#breadcrumb"},"inLanguage":"de","potentialAction":[{"@type":"ReadAction","target":["https:\/\/fliparas.com\/stunning-bride-outfits-for-hen-parties-ultimate-style-guide-inspiration\/"]}]},{"@type":"ImageObject","inLanguage":"de","@id":"https:\/\/fliparas.com\/stunning-bride-outfits-for-hen-parties-ultimate-style-guide-inspiration\/#primaryimage","url":"https:\/\/fliparas.com\/wp-content\/uploads\/2025\/02\/5095-marbellas-allure-event-strippers-unveiled.jpg","contentUrl":"https:\/\/fliparas.com\/wp-content\/uploads\/2025\/02\/5095-marbellas-allure-event-strippers-unveiled.jpg","width":1920,"height":1536,"caption":"bride outfits for hen party"},{"@type":"BreadcrumbList","@id":"https:\/\/fliparas.com\/stunning-bride-outfits-for-hen-parties-ultimate-style-guide-inspiration\/#breadcrumb","itemListElement":[{"@type":"ListItem","position":1,"name":"Home","item":"https:\/\/fliparas.com\/"},{"@type":"ListItem","position":2,"name":"Stunning Bride Outfits for Hen Parties: Ultimate Style Guide &#038; Inspiration"}]},{"@type":"WebSite","@id":"https:\/\/fliparas.com\/#website","url":"https:\/\/fliparas.com\/","name":"Auf Junggesellen- und Junggesellinnenabschiede spezialisierte Agentur","description":"Vertrauen Sie der bestbewerteten Agentur, um einen unvergesslichen Junggesellenabschied in Europa zu organisieren","publisher":{"@id":"https:\/\/fliparas.com\/#organization"},"alternateName":"Fliparas Agency Specialised in Stag and Hen Parties","potentialAction":[{"@type":"SearchAction","target":{"@type":"EntryPoint","urlTemplate":"https:\/\/fliparas.com\/?s={search_term_string}"},"query-input":{"@type":"PropertyValueSpecification","valueRequired":true,"valueName":"search_term_string"}}],"inLanguage":"de"},{"@type":"Organization","@id":"https:\/\/fliparas.com\/#organization","name":"Fliparas","alternateName":"Agency Specialised in Stag and Hen Parties","url":"https:\/\/fliparas.com\/","logo":{"@type":"ImageObject","inLanguage":"de","@id":"https:\/\/fliparas.com\/#\/schema\/logo\/image\/","url":"https:\/\/fliparas.com\/wp-content\/uploads\/2024\/03\/Logo-Fliparas.png","contentUrl":"https:\/\/fliparas.com\/wp-content\/uploads\/2024\/03\/Logo-Fliparas.png","width":1024,"height":1024,"caption":"Fliparas"},"image":{"@id":"https:\/\/fliparas.com\/#\/schema\/logo\/image\/"}}]}},"_links":{"self":[{"href":"https:\/\/fliparas.com\/de\/wp-json\/wp\/v2\/pages\/5370","targetHints":{"allow":["GET"]}}],"collection":[{"href":"https:\/\/fliparas.com\/de\/wp-json\/wp\/v2\/pages"}],"about":[{"href":"https:\/\/fliparas.com\/de\/wp-json\/wp\/v2\/types\/page"}],"author":[{"embeddable":true,"href":"https:\/\/fliparas.com\/de\/wp-json\/wp\/v2\/users\/1"}],"replies":[{"embeddable":true,"href":"https:\/\/fliparas.com\/de\/wp-json\/wp\/v2\/comments?post=5370"}],"version-history":[{"count":4,"href":"https:\/\/fliparas.com\/de\/wp-json\/wp\/v2\/pages\/5370\/revisions"}],"predecessor-version":[{"id":5374,"href":"https:\/\/fliparas.com\/de\/wp-json\/wp\/v2\/pages\/5370\/revisions\/5374"}],"wp:featuredmedia":[{"embeddable":true,"href":"https:\/\/fliparas.com\/de\/wp-json\/wp\/v2\/media\/5096"}],"wp:attachment":[{"href":"https:\/\/fliparas.com\/de\/wp-json\/wp\/v2\/media?parent=5370"}],"curies":[{"name":"wp","href":"https:\/\/api.w.org\/{rel}","templated":true}]}}