{"id":1370,"date":"2024-03-25T13:57:31","date_gmt":"2024-03-25T13:57:31","guid":{"rendered":"https:\/\/fliparas.com\/?post_type=product&#038;p=1370"},"modified":"2025-01-31T11:30:07","modified_gmt":"2025-01-31T10:30:07","slug":"einen-jeep-ibiza-fahren","status":"publish","type":"product","link":"https:\/\/fliparas.com\/de\/tatigkeit\/einen-jeep-ibiza-fahren\/","title":{"rendered":"Einen Jeep Ibiza fahren"},"content":{"rendered":"<p>Jeep fahren Ibiza. Genie\u00dfen Sie eine vierst\u00fcndige Jeeptour auf Ibiza.<\/p>\n<p>Die besten Junggesellenabschiede mit <a href=\"https:\/\/fliparas.com\/de\/junggesellenabschied\/\">Junggesellenabschied<\/a>! <a href=\"https:\/\/fliparas.com\/de\/junggesellinnenabschied\/\">Junggesellinnenabschied<\/a>!<\/p>\n<h2 style=\"text-align: center;\">Einen Jeep Ibiza fahren<\/h2>\n<h4>\ud83d\ude99 <strong>Ibiza mit dem Jeep erkunden: Ein unvergessliches Off-Road-Abenteuer!<\/strong> \ud83c\udf1f<\/h4>\n<p>Bereiten Sie sich auf ein unvergessliches Abenteuer mit unserer 4-st\u00fcndigen Jeep-Tour ab Ibiza vor!<\/p>\n<p>\ud83c\udfde\ufe0f Steigen Sie in Ihren gel\u00e4ndeg\u00e4ngigen Jeep und tauchen Sie ein in ein einzigartiges Erlebnis inmitten der herrlichen Landschaften Ibizas.<\/p>\n<p>Ihr Abenteuer beginnt damit, dass Sie Ihren Jeep abholen, bereit, die kurvenreichen Stra\u00dfen und fesselnden Pfade Ibizas zu erobern. Unser umfassendes Paket beinhaltet die gesamte Ausr\u00fcstung, die Sie ben\u00f6tigen, um ein problemloses Erlebnis zu haben. Helme, eine ausf\u00fchrliche Einweisung und alles, was Sie f\u00fcr ein erfolgreiches Offroad-Abenteuer brauchen. \ud83c\udf04\ud83d\uddfa\ufe0f<\/p>\n<p>Erkunden Sie vier Stunden lang die geheimsten Ecken der Insel! Entdecken Sie atemberaubende Aussichten und erleben Sie den Nervenkitzel einer Jeepfahrt durch abwechslungsreiche Landschaften. Unsere sorgf\u00e4ltig geplante Route bietet ein abwechslungsreiches Terrain, von glitzernden Str\u00e4nden bis zu bergigen Pfaden, und schafft so das perfekte Abenteuer zwischen Nervenkitzel und Erkundung. \ud83c\udfdc\ufe0f\ud83d\ude99<\/p>\n<p>Erleben Sie mit uns ein unvergessliches Jeep-Erlebnis, das Abenteuer, Erkundung und spektakul\u00e4re Landschaften miteinander verbindet. Buchen Sie jetzt und machen Sie sich bereit f\u00fcr ein aufregendes Abenteuer bei <strong>Ibiza<\/strong>! \ud83c\udf1e\ud83d\ude99<\/p>\n<p><strong>RESERVIERUNG M\u00d6GLICH F\u00dcR GRUPPEN VON: 4 bis 14 PERSONEN.<\/strong><\/p>","protected":false},"excerpt":{"rendered":"<p style=\"text-align: center;\">Jeep fahren Ibiza. Genie\u00dfen Sie eine vierst\u00fcndige Jeeptour auf Ibiza.<br \/>\n<strong>RESERVIERUNG M\u00d6GLICH F\u00dcR GRUPPEN VON: 4 bis 14 PERSONEN.<\/strong><\/p>","protected":false},"featured_media":765,"template":"","meta":[],"product_brand":[425],"product_cat":[266,265,267],"product_tag":[215,314],"class_list":{"0":"post-1370","1":"product","2":"type-product","3":"status-publish","4":"has-post-thumbnail","6":"product_brand-fliparas-inc","7":"product_cat-hen-party-ibiza-activities","8":"product_cat-ibiza","9":"product_cat-stag-party-ibiza-activities","10":"product_tag-driving-a-jeep","11":"product_tag-driving-a-jeep-ibiza","13":"first","14":"instock","15":"virtual","16":"sold-individually","17":"purchasable","18":"product-type-booking"},"yoast_head":"<!-- This site is optimized with the Yoast SEO plugin v26.9 - https:\/\/yoast.com\/product\/yoast-seo-wordpress\/ -->\n<title>Driving a Jeep Ibiza<\/title>\n<meta name=\"description\" content=\"Driving a Jeep Ibiza. Enjoy a four-hour Jeep tour in Ibiza. Jeep Tour Ibiza. Jeep Ibiza. Have fun with your friends in Ibiza! \ud83c\udf34\u200b\ud83c\udf79\u200b\" \/>\n<meta name=\"robots\" content=\"index, follow, max-snippet:-1, max-image-preview:large, max-video-preview:-1\" \/>\n<link rel=\"canonical\" href=\"https:\/\/fliparas.com\/de\/tatigkeit\/einen-jeep-ibiza-fahren\/\" \/>\n<meta property=\"og:locale\" content=\"de_DE\" \/>\n<meta property=\"og:type\" content=\"article\" \/>\n<meta property=\"og:title\" content=\"Driving a Jeep Ibiza\" \/>\n<meta property=\"og:description\" content=\"Driving a Jeep Ibiza. Enjoy a four-hour Jeep tour in Ibiza. Jeep Tour Ibiza. Jeep Ibiza. Have fun with your friends in Ibiza! \ud83c\udf34\u200b\ud83c\udf79\u200b\" \/>\n<meta property=\"og:url\" content=\"https:\/\/fliparas.com\/de\/tatigkeit\/einen-jeep-ibiza-fahren\/\" \/>\n<meta property=\"og:site_name\" content=\"Agency Specialised in Stag and Hen Parties\" \/>\n<meta property=\"article:modified_time\" content=\"2025-01-31T10:30:07+00:00\" \/>\n<meta property=\"og:image\" content=\"https:\/\/fliparas.com\/wp-content\/uploads\/2024\/03\/Driving-a-Jeep-Mallorca-img.jpeg\" \/>\n\t<meta property=\"og:image:width\" content=\"1024\" \/>\n\t<meta property=\"og:image:height\" content=\"1024\" \/>\n\t<meta property=\"og:image:type\" content=\"image\/jpeg\" \/>\n<meta name=\"twitter:card\" content=\"summary_large_image\" \/>\n<meta name=\"twitter:label1\" content=\"Price\" \/>\n\t<meta name=\"twitter:data1\" content=\"180,00&nbsp;&euro;\" \/>\n\t<meta name=\"twitter:label2\" content=\"Availability\" \/>\n\t<meta name=\"twitter:data2\" content=\"In stock\" \/>\n<script type=\"application\/ld+json\" class=\"yoast-schema-graph\">{\"@context\":\"https:\/\/schema.org\",\"@graph\":[{\"@type\":\"WebPage\",\"@id\":\"https:\/\/fliparas.com\/activity\/driving-a-jeep-ibiza\/\",\"url\":\"https:\/\/fliparas.com\/activity\/driving-a-jeep-ibiza\/\",\"name\":\"Driving a Jeep Ibiza\",\"isPartOf\":{\"@id\":\"https:\/\/fliparas.com\/#website\"},\"primaryImageOfPage\":{\"@id\":\"https:\/\/fliparas.com\/activity\/driving-a-jeep-ibiza\/#primaryimage\"},\"image\":{\"@id\":\"https:\/\/fliparas.com\/activity\/driving-a-jeep-ibiza\/#primaryimage\"},\"thumbnailUrl\":\"https:\/\/fliparas.com\/wp-content\/uploads\/2024\/03\/Driving-a-Jeep-Mallorca-img.jpeg\",\"datePublished\":\"2024-03-25T13:57:31+00:00\",\"dateModified\":\"2025-01-31T10:30:07+00:00\",\"description\":\"Driving a Jeep Ibiza. Enjoy a four-hour Jeep tour in Ibiza. Jeep Tour Ibiza. Jeep Ibiza. Have fun with your friends in Ibiza! \ud83c\udf34\u200b\ud83c\udf79\u200b\",\"breadcrumb\":{\"@id\":\"https:\/\/fliparas.com\/activity\/driving-a-jeep-ibiza\/#breadcrumb\"},\"inLanguage\":\"de\",\"potentialAction\":[{\"@type\":\"ReadAction\",\"target\":[\"https:\/\/fliparas.com\/activity\/driving-a-jeep-ibiza\/\"]}]},{\"@type\":\"ImageObject\",\"inLanguage\":\"de\",\"@id\":\"https:\/\/fliparas.com\/activity\/driving-a-jeep-ibiza\/#primaryimage\",\"url\":\"https:\/\/fliparas.com\/wp-content\/uploads\/2024\/03\/Driving-a-Jeep-Mallorca-img.jpeg\",\"contentUrl\":\"https:\/\/fliparas.com\/wp-content\/uploads\/2024\/03\/Driving-a-Jeep-Mallorca-img.jpeg\",\"width\":1024,\"height\":1024},{\"@type\":\"BreadcrumbList\",\"@id\":\"https:\/\/fliparas.com\/activity\/driving-a-jeep-ibiza\/#breadcrumb\",\"itemListElement\":[{\"@type\":\"ListItem\",\"position\":1,\"name\":\"Home\",\"item\":\"https:\/\/fliparas.com\/\"},{\"@type\":\"ListItem\",\"position\":2,\"name\":\"Shop\",\"item\":\"https:\/\/fliparas.com\/shop\/\"},{\"@type\":\"ListItem\",\"position\":3,\"name\":\"Driving a Jeep Ibiza\"}]},{\"@type\":\"WebSite\",\"@id\":\"https:\/\/fliparas.com\/#website\",\"url\":\"https:\/\/fliparas.com\/\",\"name\":\"Agency Specialised in Stag and Hen Parties\",\"description\":\"Trust the highest rated agency to organize an unforgettable stag and hen parties in Europe\",\"publisher\":{\"@id\":\"https:\/\/fliparas.com\/#organization\"},\"alternateName\":\"Fliparas Agency Specialised in Stag and Hen Parties\",\"potentialAction\":[{\"@type\":\"SearchAction\",\"target\":{\"@type\":\"EntryPoint\",\"urlTemplate\":\"https:\/\/fliparas.com\/?s={search_term_string}\"},\"query-input\":{\"@type\":\"PropertyValueSpecification\",\"valueRequired\":true,\"valueName\":\"search_term_string\"}}],\"inLanguage\":\"de\"},{\"@type\":\"Organization\",\"@id\":\"https:\/\/fliparas.com\/#organization\",\"name\":\"Fliparas\",\"alternateName\":\"Agency Specialised in Stag and Hen Parties\",\"url\":\"https:\/\/fliparas.com\/\",\"logo\":{\"@type\":\"ImageObject\",\"inLanguage\":\"de\",\"@id\":\"https:\/\/fliparas.com\/#\/schema\/logo\/image\/\",\"url\":\"https:\/\/fliparas.com\/wp-content\/uploads\/2024\/03\/Logo-Fliparas.png\",\"contentUrl\":\"https:\/\/fliparas.com\/wp-content\/uploads\/2024\/03\/Logo-Fliparas.png\",\"width\":1024,\"height\":1024,\"caption\":\"Fliparas\"},\"image\":{\"@id\":\"https:\/\/fliparas.com\/#\/schema\/logo\/image\/\"}}]}<\/script>\n<meta property=\"product:price:amount\" content=\"180.00\" \/>\n<meta property=\"product:price:currency\" content=\"EUR\" \/>\n<meta property=\"og:availability\" content=\"instock\" \/>\n<meta property=\"product:availability\" content=\"instock\" \/>\n<meta property=\"product:condition\" content=\"new\" \/>\n<!-- \/ Yoast SEO plugin. -->","yoast_head_json":{"title":"Einen Jeep Ibiza fahren","description":"Jeep fahren Ibiza. Genie\u00dfen Sie eine vierst\u00fcndige Jeeptour auf Ibiza. Jeep-Tour Ibiza. Jeep Ibiza. Viel Spa\u00df mit deinen Freunden auf Ibiza! \ud83c\udf34\ud83c\udf79","robots":{"index":"index","follow":"follow","max-snippet":"max-snippet:-1","max-image-preview":"max-image-preview:large","max-video-preview":"max-video-preview:-1"},"canonical":"https:\/\/fliparas.com\/de\/tatigkeit\/einen-jeep-ibiza-fahren\/","og_locale":"de_DE","og_type":"article","og_title":"Driving a Jeep Ibiza","og_description":"Driving a Jeep Ibiza. Enjoy a four-hour Jeep tour in Ibiza. Jeep Tour Ibiza. Jeep Ibiza. Have fun with your friends in Ibiza! \ud83c\udf34\u200b\ud83c\udf79\u200b","og_url":"https:\/\/fliparas.com\/de\/tatigkeit\/einen-jeep-ibiza-fahren\/","og_site_name":"Agency Specialised in Stag and Hen Parties","article_modified_time":"2025-01-31T10:30:07+00:00","og_image":[{"width":1024,"height":1024,"url":"https:\/\/fliparas.com\/wp-content\/uploads\/2024\/03\/Driving-a-Jeep-Mallorca-img.jpeg","type":"image\/jpeg"}],"twitter_card":"summary_large_image","twitter_misc":{"Price":"180,00&nbsp;&euro;","Availability":"In stock"},"schema":{"@context":"https:\/\/schema.org","@graph":[{"@type":"WebPage","@id":"https:\/\/fliparas.com\/activity\/driving-a-jeep-ibiza\/","url":"https:\/\/fliparas.com\/activity\/driving-a-jeep-ibiza\/","name":"Einen Jeep Ibiza fahren","isPartOf":{"@id":"https:\/\/fliparas.com\/#website"},"primaryImageOfPage":{"@id":"https:\/\/fliparas.com\/activity\/driving-a-jeep-ibiza\/#primaryimage"},"image":{"@id":"https:\/\/fliparas.com\/activity\/driving-a-jeep-ibiza\/#primaryimage"},"thumbnailUrl":"https:\/\/fliparas.com\/wp-content\/uploads\/2024\/03\/Driving-a-Jeep-Mallorca-img.jpeg","datePublished":"2024-03-25T13:57:31+00:00","dateModified":"2025-01-31T10:30:07+00:00","description":"Jeep fahren Ibiza. Genie\u00dfen Sie eine vierst\u00fcndige Jeeptour auf Ibiza. Jeep-Tour Ibiza. Jeep Ibiza. Viel Spa\u00df mit deinen Freunden auf Ibiza! \ud83c\udf34\ud83c\udf79","breadcrumb":{"@id":"https:\/\/fliparas.com\/activity\/driving-a-jeep-ibiza\/#breadcrumb"},"inLanguage":"de","potentialAction":[{"@type":"ReadAction","target":["https:\/\/fliparas.com\/activity\/driving-a-jeep-ibiza\/"]}]},{"@type":"ImageObject","inLanguage":"de","@id":"https:\/\/fliparas.com\/activity\/driving-a-jeep-ibiza\/#primaryimage","url":"https:\/\/fliparas.com\/wp-content\/uploads\/2024\/03\/Driving-a-Jeep-Mallorca-img.jpeg","contentUrl":"https:\/\/fliparas.com\/wp-content\/uploads\/2024\/03\/Driving-a-Jeep-Mallorca-img.jpeg","width":1024,"height":1024},{"@type":"BreadcrumbList","@id":"https:\/\/fliparas.com\/activity\/driving-a-jeep-ibiza\/#breadcrumb","itemListElement":[{"@type":"ListItem","position":1,"name":"Home","item":"https:\/\/fliparas.com\/"},{"@type":"ListItem","position":2,"name":"Shop","item":"https:\/\/fliparas.com\/shop\/"},{"@type":"ListItem","position":3,"name":"Driving a Jeep Ibiza"}]},{"@type":"WebSite","@id":"https:\/\/fliparas.com\/#website","url":"https:\/\/fliparas.com\/","name":"Auf Junggesellen- und Junggesellinnenabschiede spezialisierte Agentur","description":"Vertrauen Sie der bestbewerteten Agentur, um einen unvergesslichen Junggesellenabschied in Europa zu organisieren","publisher":{"@id":"https:\/\/fliparas.com\/#organization"},"alternateName":"Fliparas Agency Specialised in Stag and Hen Parties","potentialAction":[{"@type":"SearchAction","target":{"@type":"EntryPoint","urlTemplate":"https:\/\/fliparas.com\/?s={search_term_string}"},"query-input":{"@type":"PropertyValueSpecification","valueRequired":true,"valueName":"search_term_string"}}],"inLanguage":"de"},{"@type":"Organization","@id":"https:\/\/fliparas.com\/#organization","name":"Fliparas","alternateName":"Agency Specialised in Stag and Hen Parties","url":"https:\/\/fliparas.com\/","logo":{"@type":"ImageObject","inLanguage":"de","@id":"https:\/\/fliparas.com\/#\/schema\/logo\/image\/","url":"https:\/\/fliparas.com\/wp-content\/uploads\/2024\/03\/Logo-Fliparas.png","contentUrl":"https:\/\/fliparas.com\/wp-content\/uploads\/2024\/03\/Logo-Fliparas.png","width":1024,"height":1024,"caption":"Fliparas"},"image":{"@id":"https:\/\/fliparas.com\/#\/schema\/logo\/image\/"}}]},"product_price_amount":"180.00","product_price_currency":"EUR","og_availability":"instock","product_availability":"instock","product_condition":"new"},"_links":{"self":[{"href":"https:\/\/fliparas.com\/de\/wp-json\/wp\/v2\/product\/1370","targetHints":{"allow":["GET"]}}],"collection":[{"href":"https:\/\/fliparas.com\/de\/wp-json\/wp\/v2\/product"}],"about":[{"href":"https:\/\/fliparas.com\/de\/wp-json\/wp\/v2\/types\/product"}],"wp:featuredmedia":[{"embeddable":true,"href":"https:\/\/fliparas.com\/de\/wp-json\/wp\/v2\/media\/765"}],"wp:attachment":[{"href":"https:\/\/fliparas.com\/de\/wp-json\/wp\/v2\/media?parent=1370"}],"wp:term":[{"taxonomy":"product_brand","embeddable":true,"href":"https:\/\/fliparas.com\/de\/wp-json\/wp\/v2\/product_brand?post=1370"},{"taxonomy":"product_cat","embeddable":true,"href":"https:\/\/fliparas.com\/de\/wp-json\/wp\/v2\/product_cat?post=1370"},{"taxonomy":"product_tag","embeddable":true,"href":"https:\/\/fliparas.com\/de\/wp-json\/wp\/v2\/product_tag?post=1370"}],"curies":[{"name":"wp","href":"https:\/\/api.w.org\/{rel}","templated":true}]}}