{"id":1374,"date":"2024-03-25T14:32:03","date_gmt":"2024-03-25T14:32:03","guid":{"rendered":"https:\/\/fliparas.com\/?post_type=product&#038;p=1374"},"modified":"2025-01-31T11:30:07","modified_gmt":"2025-01-31T10:30:07","slug":"parasailing-ibiza","status":"publish","type":"product","link":"https:\/\/fliparas.com\/de\/tatigkeit\/parasailing-ibiza\/","title":{"rendered":"Parasailing Ibiza"},"content":{"rendered":"<p>Parasailing Ibiza. Es fliegt \u00fcber Ibiza mehr als f\u00fcnfzig Meter \u00fcber dem Wasser. M\u00f6glichkeit, es bei Sonnenuntergang zu tun!<\/p>\n<p>Die besten Junggesellenabschiede mit <a href=\"https:\/\/fliparas.com\/de\/junggesellenabschied\/\">Junggesellenabschied<\/a>! <a href=\"https:\/\/fliparas.com\/de\/junggesellinnenabschied\/\">Junggesellinnenabschied<\/a>!<\/p>\n<h2 style=\"text-align: center;\">Parasailing Ibiza \ud83e\ude82<\/h2>\n<h4>\ud83c\udf0a <strong>Parasailing auf Ibiza: Erleben Sie die Emotionen des Mittelmeerhimmels!<\/strong> \ud83e\ude82<\/h4>\n<p>Bereiten Sie sich mit unserem Parasailing-Erlebnis auf ein sensationelles Abenteuer in der Luft auf Ibiza vor!<\/p>\n<p>\ud83c\udf1e Begleiten Sie uns zu einem einzigartigen Erlebnis, bei dem Sie zehn Minuten lang in 50 Metern H\u00f6he \u00fcber das kristallklare Wasser Ibizas fliegen und einen unvergesslichen Panoramablick auf die Sch\u00f6nheit des Mittelmeers genie\u00dfen k\u00f6nnen.<\/p>\n<p>H\u00e4ngen Sie sich an Ihren Fallschirm und lassen Sie sich vom Seewind treiben, w\u00e4hrend Sie das Gef\u00fchl der reinen Freiheit genie\u00dfen. Das glitzernde Wasser von Ibiza wird sich unter Ihren F\u00fc\u00dfen entfalten und unausl\u00f6schliche Erinnerungen an dieses au\u00dfergew\u00f6hnliche Erlebnis in der Luft schaffen.<\/p>\n<p>Unser qualifiziertes Team sorgt w\u00e4hrend des gesamten Abenteuers f\u00fcr Ihre Sicherheit, so dass Sie sich entspannen und sich von der Aufregung mitrei\u00dfen lassen k\u00f6nnen. Egal, ob Sie alleine, zu zweit oder in einer Gruppe den Nervenkitzel suchen, Parasailing ist ein Erlebnis f\u00fcr alle Abenteuerlustigen.<\/p>\n<p>Buchen Sie jetzt f\u00fcr ein unvergessliches Erlebnis, bei dem Adrenalin, Ruhe und Sch\u00f6nheit am Himmel von Ibiza verschmelzen.<\/p>\n<p>Verpassen Sie nicht diese einzigartige Gelegenheit, die Wolken zu ber\u00fchren und unvergessliche Erinnerungen aus der Luft zu schaffen! \ud83c\udf0a\ud83e\ude82\ud83c\udf1f<\/p>\n<p>Buchen Sie jetzt und genie\u00dfen Sie Parasailing Ibiza!<\/p>\n<p>&nbsp;<\/p>\n<p class=\"p1\" style=\"text-align: center;\"><strong>RESERVIERUNG F\u00dcR GRUPPEN VON 4 PERSONEN M\u00d6GLICH.<\/strong><\/p>","protected":false},"excerpt":{"rendered":"<p>Parasailing Mallorca. Es fliegt \u00fcber Palma mehr als f\u00fcnfzig Meter \u00fcber dem Wasser. M\u00f6glichkeit, es bei Sonnenuntergang zu tun!<br \/>\n<strong>RESERVIERUNG F\u00dcR GRUPPEN VON 4 PERSONEN M\u00d6GLICH.<\/strong><\/p>","protected":false},"featured_media":841,"template":"","meta":[],"product_brand":[425],"product_cat":[266,265,267],"product_tag":[224,318],"class_list":{"0":"post-1374","1":"product","2":"type-product","3":"status-publish","4":"has-post-thumbnail","6":"product_brand-fliparas-inc","7":"product_cat-hen-party-ibiza-activities","8":"product_cat-ibiza","9":"product_cat-stag-party-ibiza-activities","10":"product_tag-parasailing","11":"product_tag-parasailing-ibiza","13":"first","14":"instock","15":"virtual","16":"sold-individually","17":"purchasable","18":"product-type-booking"},"yoast_head":"<!-- This site is optimized with the Yoast SEO plugin v26.9 - https:\/\/yoast.com\/product\/yoast-seo-wordpress\/ -->\n<title>Parasailing Mallorca<\/title>\n<meta name=\"description\" content=\"Parasailing Mallorca. It flies over Palma more than fifty meters above the water. Possibility of doing it at sunset.\" \/>\n<meta name=\"robots\" content=\"index, follow, max-snippet:-1, max-image-preview:large, max-video-preview:-1\" \/>\n<link rel=\"canonical\" href=\"https:\/\/fliparas.com\/de\/tatigkeit\/parasailing-ibiza\/\" \/>\n<meta property=\"og:locale\" content=\"de_DE\" \/>\n<meta property=\"og:type\" content=\"article\" \/>\n<meta property=\"og:title\" content=\"Parasailing Mallorca\" \/>\n<meta property=\"og:description\" content=\"Parasailing Mallorca. It flies over Palma more than fifty meters above the water. Possibility of doing it at sunset.\" \/>\n<meta property=\"og:url\" content=\"https:\/\/fliparas.com\/de\/tatigkeit\/parasailing-ibiza\/\" \/>\n<meta property=\"og:site_name\" content=\"Agency Specialised in Stag and Hen Parties\" \/>\n<meta property=\"article:modified_time\" content=\"2025-01-31T10:30:07+00:00\" \/>\n<meta property=\"og:image\" content=\"https:\/\/fliparas.com\/wp-content\/uploads\/2024\/03\/Parasailing-img.jpeg\" \/>\n\t<meta property=\"og:image:width\" content=\"1024\" \/>\n\t<meta property=\"og:image:height\" content=\"1024\" \/>\n\t<meta property=\"og:image:type\" content=\"image\/jpeg\" \/>\n<meta name=\"twitter:card\" content=\"summary_large_image\" \/>\n<meta name=\"twitter:label1\" content=\"Price\" \/>\n\t<meta name=\"twitter:data1\" content=\"110,00&nbsp;&euro;\" \/>\n\t<meta name=\"twitter:label2\" content=\"Availability\" \/>\n\t<meta name=\"twitter:data2\" content=\"In stock\" \/>\n<script type=\"application\/ld+json\" class=\"yoast-schema-graph\">{\"@context\":\"https:\/\/schema.org\",\"@graph\":[{\"@type\":\"WebPage\",\"@id\":\"https:\/\/fliparas.com\/activity\/parasailing-ibiza\/\",\"url\":\"https:\/\/fliparas.com\/activity\/parasailing-ibiza\/\",\"name\":\"Parasailing Mallorca\",\"isPartOf\":{\"@id\":\"https:\/\/fliparas.com\/#website\"},\"primaryImageOfPage\":{\"@id\":\"https:\/\/fliparas.com\/activity\/parasailing-ibiza\/#primaryimage\"},\"image\":{\"@id\":\"https:\/\/fliparas.com\/activity\/parasailing-ibiza\/#primaryimage\"},\"thumbnailUrl\":\"https:\/\/fliparas.com\/wp-content\/uploads\/2024\/03\/Parasailing-img.jpeg\",\"datePublished\":\"2024-03-25T14:32:03+00:00\",\"dateModified\":\"2025-01-31T10:30:07+00:00\",\"description\":\"Parasailing Mallorca. It flies over Palma more than fifty meters above the water. Possibility of doing it at sunset.\",\"breadcrumb\":{\"@id\":\"https:\/\/fliparas.com\/activity\/parasailing-ibiza\/#breadcrumb\"},\"inLanguage\":\"de\",\"potentialAction\":[{\"@type\":\"ReadAction\",\"target\":[\"https:\/\/fliparas.com\/activity\/parasailing-ibiza\/\"]}]},{\"@type\":\"ImageObject\",\"inLanguage\":\"de\",\"@id\":\"https:\/\/fliparas.com\/activity\/parasailing-ibiza\/#primaryimage\",\"url\":\"https:\/\/fliparas.com\/wp-content\/uploads\/2024\/03\/Parasailing-img.jpeg\",\"contentUrl\":\"https:\/\/fliparas.com\/wp-content\/uploads\/2024\/03\/Parasailing-img.jpeg\",\"width\":1024,\"height\":1024},{\"@type\":\"BreadcrumbList\",\"@id\":\"https:\/\/fliparas.com\/activity\/parasailing-ibiza\/#breadcrumb\",\"itemListElement\":[{\"@type\":\"ListItem\",\"position\":1,\"name\":\"Home\",\"item\":\"https:\/\/fliparas.com\/\"},{\"@type\":\"ListItem\",\"position\":2,\"name\":\"Shop\",\"item\":\"https:\/\/fliparas.com\/shop\/\"},{\"@type\":\"ListItem\",\"position\":3,\"name\":\"Parasailing Ibiza\"}]},{\"@type\":\"WebSite\",\"@id\":\"https:\/\/fliparas.com\/#website\",\"url\":\"https:\/\/fliparas.com\/\",\"name\":\"Agency Specialised in Stag and Hen Parties\",\"description\":\"Trust the highest rated agency to organize an unforgettable stag and hen parties in Europe\",\"publisher\":{\"@id\":\"https:\/\/fliparas.com\/#organization\"},\"alternateName\":\"Fliparas Agency Specialised in Stag and Hen Parties\",\"potentialAction\":[{\"@type\":\"SearchAction\",\"target\":{\"@type\":\"EntryPoint\",\"urlTemplate\":\"https:\/\/fliparas.com\/?s={search_term_string}\"},\"query-input\":{\"@type\":\"PropertyValueSpecification\",\"valueRequired\":true,\"valueName\":\"search_term_string\"}}],\"inLanguage\":\"de\"},{\"@type\":\"Organization\",\"@id\":\"https:\/\/fliparas.com\/#organization\",\"name\":\"Fliparas\",\"alternateName\":\"Agency Specialised in Stag and Hen Parties\",\"url\":\"https:\/\/fliparas.com\/\",\"logo\":{\"@type\":\"ImageObject\",\"inLanguage\":\"de\",\"@id\":\"https:\/\/fliparas.com\/#\/schema\/logo\/image\/\",\"url\":\"https:\/\/fliparas.com\/wp-content\/uploads\/2024\/03\/Logo-Fliparas.png\",\"contentUrl\":\"https:\/\/fliparas.com\/wp-content\/uploads\/2024\/03\/Logo-Fliparas.png\",\"width\":1024,\"height\":1024,\"caption\":\"Fliparas\"},\"image\":{\"@id\":\"https:\/\/fliparas.com\/#\/schema\/logo\/image\/\"}}]}<\/script>\n<meta property=\"product:price:amount\" content=\"110.00\" \/>\n<meta property=\"product:price:currency\" content=\"EUR\" \/>\n<meta property=\"og:availability\" content=\"instock\" \/>\n<meta property=\"product:availability\" content=\"instock\" \/>\n<meta property=\"product:condition\" content=\"new\" \/>\n<!-- \/ Yoast SEO plugin. -->","yoast_head_json":{"title":"Parasailing Mallorca","description":"Parasailing Mallorca. Es fliegt \u00fcber Palma mehr als f\u00fcnfzig Meter \u00fcber dem Wasser. M\u00f6glichkeit, es bei Sonnenuntergang zu tun.","robots":{"index":"index","follow":"follow","max-snippet":"max-snippet:-1","max-image-preview":"max-image-preview:large","max-video-preview":"max-video-preview:-1"},"canonical":"https:\/\/fliparas.com\/de\/tatigkeit\/parasailing-ibiza\/","og_locale":"de_DE","og_type":"article","og_title":"Parasailing Mallorca","og_description":"Parasailing Mallorca. It flies over Palma more than fifty meters above the water. Possibility of doing it at sunset.","og_url":"https:\/\/fliparas.com\/de\/tatigkeit\/parasailing-ibiza\/","og_site_name":"Agency Specialised in Stag and Hen Parties","article_modified_time":"2025-01-31T10:30:07+00:00","og_image":[{"width":1024,"height":1024,"url":"https:\/\/fliparas.com\/wp-content\/uploads\/2024\/03\/Parasailing-img.jpeg","type":"image\/jpeg"}],"twitter_card":"summary_large_image","twitter_misc":{"Price":"110,00&nbsp;&euro;","Availability":"In stock"},"schema":{"@context":"https:\/\/schema.org","@graph":[{"@type":"WebPage","@id":"https:\/\/fliparas.com\/activity\/parasailing-ibiza\/","url":"https:\/\/fliparas.com\/activity\/parasailing-ibiza\/","name":"Parasailing Mallorca","isPartOf":{"@id":"https:\/\/fliparas.com\/#website"},"primaryImageOfPage":{"@id":"https:\/\/fliparas.com\/activity\/parasailing-ibiza\/#primaryimage"},"image":{"@id":"https:\/\/fliparas.com\/activity\/parasailing-ibiza\/#primaryimage"},"thumbnailUrl":"https:\/\/fliparas.com\/wp-content\/uploads\/2024\/03\/Parasailing-img.jpeg","datePublished":"2024-03-25T14:32:03+00:00","dateModified":"2025-01-31T10:30:07+00:00","description":"Parasailing Mallorca. Es fliegt \u00fcber Palma mehr als f\u00fcnfzig Meter \u00fcber dem Wasser. M\u00f6glichkeit, es bei Sonnenuntergang zu tun.","breadcrumb":{"@id":"https:\/\/fliparas.com\/activity\/parasailing-ibiza\/#breadcrumb"},"inLanguage":"de","potentialAction":[{"@type":"ReadAction","target":["https:\/\/fliparas.com\/activity\/parasailing-ibiza\/"]}]},{"@type":"ImageObject","inLanguage":"de","@id":"https:\/\/fliparas.com\/activity\/parasailing-ibiza\/#primaryimage","url":"https:\/\/fliparas.com\/wp-content\/uploads\/2024\/03\/Parasailing-img.jpeg","contentUrl":"https:\/\/fliparas.com\/wp-content\/uploads\/2024\/03\/Parasailing-img.jpeg","width":1024,"height":1024},{"@type":"BreadcrumbList","@id":"https:\/\/fliparas.com\/activity\/parasailing-ibiza\/#breadcrumb","itemListElement":[{"@type":"ListItem","position":1,"name":"Home","item":"https:\/\/fliparas.com\/"},{"@type":"ListItem","position":2,"name":"Shop","item":"https:\/\/fliparas.com\/shop\/"},{"@type":"ListItem","position":3,"name":"Parasailing Ibiza"}]},{"@type":"WebSite","@id":"https:\/\/fliparas.com\/#website","url":"https:\/\/fliparas.com\/","name":"Auf Junggesellen- und Junggesellinnenabschiede spezialisierte Agentur","description":"Vertrauen Sie der bestbewerteten Agentur, um einen unvergesslichen Junggesellenabschied in Europa zu organisieren","publisher":{"@id":"https:\/\/fliparas.com\/#organization"},"alternateName":"Fliparas Agency Specialised in Stag and Hen Parties","potentialAction":[{"@type":"SearchAction","target":{"@type":"EntryPoint","urlTemplate":"https:\/\/fliparas.com\/?s={search_term_string}"},"query-input":{"@type":"PropertyValueSpecification","valueRequired":true,"valueName":"search_term_string"}}],"inLanguage":"de"},{"@type":"Organization","@id":"https:\/\/fliparas.com\/#organization","name":"Fliparas","alternateName":"Agency Specialised in Stag and Hen Parties","url":"https:\/\/fliparas.com\/","logo":{"@type":"ImageObject","inLanguage":"de","@id":"https:\/\/fliparas.com\/#\/schema\/logo\/image\/","url":"https:\/\/fliparas.com\/wp-content\/uploads\/2024\/03\/Logo-Fliparas.png","contentUrl":"https:\/\/fliparas.com\/wp-content\/uploads\/2024\/03\/Logo-Fliparas.png","width":1024,"height":1024,"caption":"Fliparas"},"image":{"@id":"https:\/\/fliparas.com\/#\/schema\/logo\/image\/"}}]},"product_price_amount":"110.00","product_price_currency":"EUR","og_availability":"instock","product_availability":"instock","product_condition":"new"},"_links":{"self":[{"href":"https:\/\/fliparas.com\/de\/wp-json\/wp\/v2\/product\/1374","targetHints":{"allow":["GET"]}}],"collection":[{"href":"https:\/\/fliparas.com\/de\/wp-json\/wp\/v2\/product"}],"about":[{"href":"https:\/\/fliparas.com\/de\/wp-json\/wp\/v2\/types\/product"}],"wp:featuredmedia":[{"embeddable":true,"href":"https:\/\/fliparas.com\/de\/wp-json\/wp\/v2\/media\/841"}],"wp:attachment":[{"href":"https:\/\/fliparas.com\/de\/wp-json\/wp\/v2\/media?parent=1374"}],"wp:term":[{"taxonomy":"product_brand","embeddable":true,"href":"https:\/\/fliparas.com\/de\/wp-json\/wp\/v2\/product_brand?post=1374"},{"taxonomy":"product_cat","embeddable":true,"href":"https:\/\/fliparas.com\/de\/wp-json\/wp\/v2\/product_cat?post=1374"},{"taxonomy":"product_tag","embeddable":true,"href":"https:\/\/fliparas.com\/de\/wp-json\/wp\/v2\/product_tag?post=1374"}],"curies":[{"name":"wp","href":"https:\/\/api.w.org\/{rel}","templated":true}]}}