{"id":1376,"date":"2024-03-25T14:50:26","date_gmt":"2024-03-25T14:50:26","guid":{"rendered":"https:\/\/fliparas.com\/?post_type=product&#038;p=1376"},"modified":"2025-01-31T11:30:06","modified_gmt":"2025-01-31T10:30:06","slug":"jetski-ibiza","status":"publish","type":"product","link":"https:\/\/fliparas.com\/de\/tatigkeit\/jetski-ibiza\/","title":{"rendered":"Jet Ski Ibiza"},"content":{"rendered":"<p>Jet Ski Ibiza. Genie\u00dfen Sie eine halbe Stunde lang die lustigste Wasseraktivit\u00e4t: Jetski fahren.<\/p>\n<p>Die besten Junggesellenabschiede mit <a href=\"https:\/\/fliparas.com\/de\/junggesellenabschied\/\">Junggesellenabschied<\/a>! <a href=\"https:\/\/fliparas.com\/de\/junggesellinnenabschied\/\">Junggesellinnenabschied<\/a>!<\/p>\n<h2 style=\"text-align: center;\">Jet Ski Ibiza \ud83c\udf0a<\/h2>\n<h5>\ud83c\udf0a Entdecken Sie das Adrenalin im Wasser! \ud83d\udea4\ud83d\udca6<\/h5>\n<p>Erleben Sie eine halbe Stunde unvergesslichen Nervenkitzel auf dem kristallklaren Wasser Ibizas mit unserer unglaublichen Wassermotorrad-Aktivit\u00e4t! \ud83c\udf34\ud83c\udf0a<\/p>\n<p>Steigen Sie auf Ihr Wasserfahrrad und erleben Sie das aufregende Gef\u00fchl, auf den Wellen des Mittelmeers zu reiten.<\/p>\n<p>\ud83d\udc6c Ob Sie die Unabh\u00e4ngigkeit eines Einzelerlebnisses oder das gemeinsame Abenteuer als Paar bevorzugen, Sie haben die Freiheit zu w\u00e4hlen. Paare k\u00f6nnen sich in der Rolle des Fahrers abwechseln, um den Spa\u00df zu verdoppeln und den Nervenkitzel des Fahrens auf See zu erleben.<\/p>\n<p>\ud83d\udca8 Gleiten Sie mit voller Geschwindigkeit, sp\u00fcren Sie den Wind in Ihren Haaren und genie\u00dfen Sie jeden Moment dieses aufregenden Wassererlebnisses. Vor der pr\u00e4chtigen Kulisse Ibizas wird jede Kurve zu einem unvergesslichen Abenteuer.<\/p>\n<p>\ud83c\udf05 Buchen Sie jetzt und erleben Sie ein unvergessliches Abenteuer im Wasser!<\/p>\n<p>\ud83c\udf1f G\u00f6nnen Sie sich eine halbe Stunde Spa\u00df unter der Sonne Ibizas. Lassen Sie sich vom Meer in ein Abenteuer voller Lachen, Nervenkitzel und unvergesslicher Erinnerungen f\u00fchren. Begeben Sie sich auf ein Erlebnis mit einem Wassermotorrad, das Ihnen in Erinnerung bleiben wird! \ud83c\udfc4\u200d\u2642\ufe0f\ud83c\udfc4\u200d\u2640\ufe0f<\/p>\n<p style=\"text-align: center;\"><strong>MINDESTUMSATZ: 10 PERSONEN.<\/strong><\/p>","protected":false},"excerpt":{"rendered":"<p>Jet Ski Ibiza. Genie\u00dfen Sie eine halbe Stunde lang die lustigste Wasseraktivit\u00e4t: Jetski fahren.<br \/>\n<strong>MINDESTUMSATZ: 10 PERSONEN.<\/strong><\/p>","protected":false},"featured_media":899,"template":"","meta":[],"product_brand":[425],"product_cat":[266,265,267],"product_tag":[259,298],"class_list":{"0":"post-1376","1":"product","2":"type-product","3":"status-publish","4":"has-post-thumbnail","6":"product_brand-fliparas-inc","7":"product_cat-hen-party-ibiza-activities","8":"product_cat-ibiza","9":"product_cat-stag-party-ibiza-activities","10":"product_tag-jet-ski","11":"product_tag-jet-ski-ibiza","13":"first","14":"instock","15":"virtual","16":"sold-individually","17":"purchasable","18":"product-type-booking"},"yoast_head":"<!-- This site is optimized with the Yoast SEO plugin v26.9 - https:\/\/yoast.com\/product\/yoast-seo-wordpress\/ -->\n<title>Jet Ski Ibiza - IBIZA Jet Ski!<\/title>\n<meta name=\"description\" content=\"Jet Ski Ibiza. Enjoy half an hour of the most fun water activity: jet skiing. Jet Ski Ibiza. Ibiza Jet Ski! Have fun with your friends!!!\" \/>\n<meta name=\"robots\" content=\"index, follow, max-snippet:-1, max-image-preview:large, max-video-preview:-1\" \/>\n<link rel=\"canonical\" href=\"https:\/\/fliparas.com\/de\/tatigkeit\/jetski-ibiza\/\" \/>\n<meta property=\"og:locale\" content=\"de_DE\" \/>\n<meta property=\"og:type\" content=\"article\" \/>\n<meta property=\"og:title\" content=\"Jet Ski Ibiza - IBIZA Jet Ski!\" \/>\n<meta property=\"og:description\" content=\"Jet Ski Ibiza. Enjoy half an hour of the most fun water activity: jet skiing. Jet Ski Ibiza. Ibiza Jet Ski! Have fun with your friends!!!\" \/>\n<meta property=\"og:url\" content=\"https:\/\/fliparas.com\/de\/tatigkeit\/jetski-ibiza\/\" \/>\n<meta property=\"og:site_name\" content=\"Agency Specialised in Stag and Hen Parties\" \/>\n<meta property=\"article:modified_time\" content=\"2025-01-31T10:30:06+00:00\" \/>\n<meta property=\"og:image\" content=\"https:\/\/fliparas.com\/wp-content\/uploads\/2024\/03\/Jet-Ski-img.jpeg\" \/>\n\t<meta property=\"og:image:width\" content=\"1024\" \/>\n\t<meta property=\"og:image:height\" content=\"1024\" \/>\n\t<meta property=\"og:image:type\" content=\"image\/jpeg\" \/>\n<meta name=\"twitter:card\" content=\"summary_large_image\" \/>\n<meta name=\"twitter:label1\" content=\"Price\" \/>\n\t<meta name=\"twitter:data1\" content=\"110,00&nbsp;&euro;\" \/>\n\t<meta name=\"twitter:label2\" content=\"Availability\" \/>\n\t<meta name=\"twitter:data2\" content=\"In stock\" \/>\n<script type=\"application\/ld+json\" class=\"yoast-schema-graph\">{\"@context\":\"https:\/\/schema.org\",\"@graph\":[{\"@type\":\"WebPage\",\"@id\":\"https:\/\/fliparas.com\/activity\/jet-ski-ibiza\/\",\"url\":\"https:\/\/fliparas.com\/activity\/jet-ski-ibiza\/\",\"name\":\"Jet Ski Ibiza - IBIZA Jet Ski!\",\"isPartOf\":{\"@id\":\"https:\/\/fliparas.com\/#website\"},\"primaryImageOfPage\":{\"@id\":\"https:\/\/fliparas.com\/activity\/jet-ski-ibiza\/#primaryimage\"},\"image\":{\"@id\":\"https:\/\/fliparas.com\/activity\/jet-ski-ibiza\/#primaryimage\"},\"thumbnailUrl\":\"https:\/\/fliparas.com\/wp-content\/uploads\/2024\/03\/Jet-Ski-img.jpeg\",\"datePublished\":\"2024-03-25T14:50:26+00:00\",\"dateModified\":\"2025-01-31T10:30:06+00:00\",\"description\":\"Jet Ski Ibiza. Enjoy half an hour of the most fun water activity: jet skiing. Jet Ski Ibiza. Ibiza Jet Ski! Have fun with your friends!!!\",\"breadcrumb\":{\"@id\":\"https:\/\/fliparas.com\/activity\/jet-ski-ibiza\/#breadcrumb\"},\"inLanguage\":\"de\",\"potentialAction\":[{\"@type\":\"ReadAction\",\"target\":[\"https:\/\/fliparas.com\/activity\/jet-ski-ibiza\/\"]}]},{\"@type\":\"ImageObject\",\"inLanguage\":\"de\",\"@id\":\"https:\/\/fliparas.com\/activity\/jet-ski-ibiza\/#primaryimage\",\"url\":\"https:\/\/fliparas.com\/wp-content\/uploads\/2024\/03\/Jet-Ski-img.jpeg\",\"contentUrl\":\"https:\/\/fliparas.com\/wp-content\/uploads\/2024\/03\/Jet-Ski-img.jpeg\",\"width\":1024,\"height\":1024},{\"@type\":\"BreadcrumbList\",\"@id\":\"https:\/\/fliparas.com\/activity\/jet-ski-ibiza\/#breadcrumb\",\"itemListElement\":[{\"@type\":\"ListItem\",\"position\":1,\"name\":\"Home\",\"item\":\"https:\/\/fliparas.com\/\"},{\"@type\":\"ListItem\",\"position\":2,\"name\":\"Shop\",\"item\":\"https:\/\/fliparas.com\/shop\/\"},{\"@type\":\"ListItem\",\"position\":3,\"name\":\"Jet Ski Ibiza\"}]},{\"@type\":\"WebSite\",\"@id\":\"https:\/\/fliparas.com\/#website\",\"url\":\"https:\/\/fliparas.com\/\",\"name\":\"Agency Specialised in Stag and Hen Parties\",\"description\":\"Trust the highest rated agency to organize an unforgettable stag and hen parties in Europe\",\"publisher\":{\"@id\":\"https:\/\/fliparas.com\/#organization\"},\"alternateName\":\"Fliparas Agency Specialised in Stag and Hen Parties\",\"potentialAction\":[{\"@type\":\"SearchAction\",\"target\":{\"@type\":\"EntryPoint\",\"urlTemplate\":\"https:\/\/fliparas.com\/?s={search_term_string}\"},\"query-input\":{\"@type\":\"PropertyValueSpecification\",\"valueRequired\":true,\"valueName\":\"search_term_string\"}}],\"inLanguage\":\"de\"},{\"@type\":\"Organization\",\"@id\":\"https:\/\/fliparas.com\/#organization\",\"name\":\"Fliparas\",\"alternateName\":\"Agency Specialised in Stag and Hen Parties\",\"url\":\"https:\/\/fliparas.com\/\",\"logo\":{\"@type\":\"ImageObject\",\"inLanguage\":\"de\",\"@id\":\"https:\/\/fliparas.com\/#\/schema\/logo\/image\/\",\"url\":\"https:\/\/fliparas.com\/wp-content\/uploads\/2024\/03\/Logo-Fliparas.png\",\"contentUrl\":\"https:\/\/fliparas.com\/wp-content\/uploads\/2024\/03\/Logo-Fliparas.png\",\"width\":1024,\"height\":1024,\"caption\":\"Fliparas\"},\"image\":{\"@id\":\"https:\/\/fliparas.com\/#\/schema\/logo\/image\/\"}}]}<\/script>\n<meta property=\"product:price:amount\" content=\"110.00\" \/>\n<meta property=\"product:price:currency\" content=\"EUR\" \/>\n<meta property=\"og:availability\" content=\"instock\" \/>\n<meta property=\"product:availability\" content=\"instock\" \/>\n<meta property=\"product:condition\" content=\"new\" \/>\n<!-- \/ Yoast SEO plugin. -->","yoast_head_json":{"title":"Jet Ski Ibiza - IBIZA Jet Ski!","description":"Jet Ski Ibiza. Genie\u00dfen Sie eine halbe Stunde lang die lustigste Wasseraktivit\u00e4t: Jetski fahren. Jetski Ibiza. Ibiza Jet Ski! Haben Sie Spa\u00df mit Ihren Freunden!!!","robots":{"index":"index","follow":"follow","max-snippet":"max-snippet:-1","max-image-preview":"max-image-preview:large","max-video-preview":"max-video-preview:-1"},"canonical":"https:\/\/fliparas.com\/de\/tatigkeit\/jetski-ibiza\/","og_locale":"de_DE","og_type":"article","og_title":"Jet Ski Ibiza - IBIZA Jet Ski!","og_description":"Jet Ski Ibiza. Enjoy half an hour of the most fun water activity: jet skiing. Jet Ski Ibiza. Ibiza Jet Ski! Have fun with your friends!!!","og_url":"https:\/\/fliparas.com\/de\/tatigkeit\/jetski-ibiza\/","og_site_name":"Agency Specialised in Stag and Hen Parties","article_modified_time":"2025-01-31T10:30:06+00:00","og_image":[{"width":1024,"height":1024,"url":"https:\/\/fliparas.com\/wp-content\/uploads\/2024\/03\/Jet-Ski-img.jpeg","type":"image\/jpeg"}],"twitter_card":"summary_large_image","twitter_misc":{"Price":"110,00&nbsp;&euro;","Availability":"In stock"},"schema":{"@context":"https:\/\/schema.org","@graph":[{"@type":"WebPage","@id":"https:\/\/fliparas.com\/activity\/jet-ski-ibiza\/","url":"https:\/\/fliparas.com\/activity\/jet-ski-ibiza\/","name":"Jet Ski Ibiza - IBIZA Jet Ski!","isPartOf":{"@id":"https:\/\/fliparas.com\/#website"},"primaryImageOfPage":{"@id":"https:\/\/fliparas.com\/activity\/jet-ski-ibiza\/#primaryimage"},"image":{"@id":"https:\/\/fliparas.com\/activity\/jet-ski-ibiza\/#primaryimage"},"thumbnailUrl":"https:\/\/fliparas.com\/wp-content\/uploads\/2024\/03\/Jet-Ski-img.jpeg","datePublished":"2024-03-25T14:50:26+00:00","dateModified":"2025-01-31T10:30:06+00:00","description":"Jet Ski Ibiza. Genie\u00dfen Sie eine halbe Stunde lang die lustigste Wasseraktivit\u00e4t: Jetski fahren. Jetski Ibiza. Ibiza Jet Ski! Haben Sie Spa\u00df mit Ihren Freunden!!!","breadcrumb":{"@id":"https:\/\/fliparas.com\/activity\/jet-ski-ibiza\/#breadcrumb"},"inLanguage":"de","potentialAction":[{"@type":"ReadAction","target":["https:\/\/fliparas.com\/activity\/jet-ski-ibiza\/"]}]},{"@type":"ImageObject","inLanguage":"de","@id":"https:\/\/fliparas.com\/activity\/jet-ski-ibiza\/#primaryimage","url":"https:\/\/fliparas.com\/wp-content\/uploads\/2024\/03\/Jet-Ski-img.jpeg","contentUrl":"https:\/\/fliparas.com\/wp-content\/uploads\/2024\/03\/Jet-Ski-img.jpeg","width":1024,"height":1024},{"@type":"BreadcrumbList","@id":"https:\/\/fliparas.com\/activity\/jet-ski-ibiza\/#breadcrumb","itemListElement":[{"@type":"ListItem","position":1,"name":"Home","item":"https:\/\/fliparas.com\/"},{"@type":"ListItem","position":2,"name":"Shop","item":"https:\/\/fliparas.com\/shop\/"},{"@type":"ListItem","position":3,"name":"Jet Ski Ibiza"}]},{"@type":"WebSite","@id":"https:\/\/fliparas.com\/#website","url":"https:\/\/fliparas.com\/","name":"Auf Junggesellen- und Junggesellinnenabschiede spezialisierte Agentur","description":"Vertrauen Sie der bestbewerteten Agentur, um einen unvergesslichen Junggesellenabschied in Europa zu organisieren","publisher":{"@id":"https:\/\/fliparas.com\/#organization"},"alternateName":"Fliparas Agency Specialised in Stag and Hen Parties","potentialAction":[{"@type":"SearchAction","target":{"@type":"EntryPoint","urlTemplate":"https:\/\/fliparas.com\/?s={search_term_string}"},"query-input":{"@type":"PropertyValueSpecification","valueRequired":true,"valueName":"search_term_string"}}],"inLanguage":"de"},{"@type":"Organization","@id":"https:\/\/fliparas.com\/#organization","name":"Fliparas","alternateName":"Agency Specialised in Stag and Hen Parties","url":"https:\/\/fliparas.com\/","logo":{"@type":"ImageObject","inLanguage":"de","@id":"https:\/\/fliparas.com\/#\/schema\/logo\/image\/","url":"https:\/\/fliparas.com\/wp-content\/uploads\/2024\/03\/Logo-Fliparas.png","contentUrl":"https:\/\/fliparas.com\/wp-content\/uploads\/2024\/03\/Logo-Fliparas.png","width":1024,"height":1024,"caption":"Fliparas"},"image":{"@id":"https:\/\/fliparas.com\/#\/schema\/logo\/image\/"}}]},"product_price_amount":"110.00","product_price_currency":"EUR","og_availability":"instock","product_availability":"instock","product_condition":"new"},"_links":{"self":[{"href":"https:\/\/fliparas.com\/de\/wp-json\/wp\/v2\/product\/1376","targetHints":{"allow":["GET"]}}],"collection":[{"href":"https:\/\/fliparas.com\/de\/wp-json\/wp\/v2\/product"}],"about":[{"href":"https:\/\/fliparas.com\/de\/wp-json\/wp\/v2\/types\/product"}],"wp:featuredmedia":[{"embeddable":true,"href":"https:\/\/fliparas.com\/de\/wp-json\/wp\/v2\/media\/899"}],"wp:attachment":[{"href":"https:\/\/fliparas.com\/de\/wp-json\/wp\/v2\/media?parent=1376"}],"wp:term":[{"taxonomy":"product_brand","embeddable":true,"href":"https:\/\/fliparas.com\/de\/wp-json\/wp\/v2\/product_brand?post=1376"},{"taxonomy":"product_cat","embeddable":true,"href":"https:\/\/fliparas.com\/de\/wp-json\/wp\/v2\/product_cat?post=1376"},{"taxonomy":"product_tag","embeddable":true,"href":"https:\/\/fliparas.com\/de\/wp-json\/wp\/v2\/product_tag?post=1376"}],"curies":[{"name":"wp","href":"https:\/\/api.w.org\/{rel}","templated":true}]}}