{"id":1378,"date":"2024-03-25T15:12:39","date_gmt":"2024-03-25T15:12:39","guid":{"rendered":"https:\/\/fliparas.com\/?post_type=product&#038;p=1378"},"modified":"2025-01-31T11:30:06","modified_gmt":"2025-01-31T10:30:06","slug":"flyboard-ibiza","status":"publish","type":"product","link":"https:\/\/fliparas.com\/de\/tatigkeit\/flyboard-ibiza\/","title":{"rendered":"Flugbrett Ibiza"},"content":{"rendered":"<p style=\"text-align: center;\">Flyboard Ibiza. Genie\u00dfen Sie zehn Minuten Adrenalin und halten Sie sich am Wasser fest, um Ihre St\u00e4rke zu zeigen!<\/p>\n<p style=\"text-align: center;\">Die besten Junggesellenabschiede mit <a href=\"https:\/\/fliparas.com\/de\/junggesellenabschied\/\">Junggesellenabschied<\/a>! <a href=\"https:\/\/fliparas.com\/de\/junggesellinnenabschied\/\">Junggesellinnenabschied<\/a>!<\/p>\n<h2 style=\"text-align: center;\">Flyboard Ibiza \ud83c\udf0a<\/h2>\n<h4 style=\"text-align: center;\"><strong>\ud83d\udea4 Flyboard Ibiza: Nervenkitzel in der Luft f\u00fcr Adrenalin-Liebhaber! \ud83c\udf0a<\/strong><\/h4>\n<p style=\"text-align: center;\">Machen Sie sich bereit f\u00fcr ein episches Wasserabenteuer auf Ibiza mit unserem Flyboard-Erlebnis! \ud83e\ude82<\/p>\n<p style=\"text-align: center;\">Diese Attraktion ist f\u00fcr echte Adrenalinjunkies reserviert. Sie werden zehn Meter \u00fcber das glitzernde Wasser geschleudert und m\u00fcssen das Gleichgewicht halten, um ein aufregendes Erlebnis zu haben.<\/p>\n<p style=\"text-align: center;\">Halten Sie sich an unserem aufblasbaren Flyboard fest und lassen Sie sich \u00fcber die Wellen gleiten, entgegen den Gesetzen der Schwerkraft. Sie erleben zehn Minuten pure Aufregung, w\u00e4hrend Sie \u00fcber das kristallklare Wasser Ibizas fliegen. Die Herausforderung? Halten Sie das Gleichgewicht angesichts der Kurven und Drehungen!<\/p>\n<p style=\"text-align: center;\">Dieses Erlebnis ist f\u00fcr unerschrockene Abenteurer gedacht, die auf der Suche nach der perfekten Mischung aus Emotion und Lachen sind. Ob Sie allein oder mit Freunden unterwegs sind, das Flyboard verspricht Ihnen ein unvergessliches Wasserabenteuer.<\/p>\n<p style=\"text-align: center;\">Buchen Sie jetzt f\u00fcr ein einzigartiges Erlebnis, bei dem sich Himmel und Meer f\u00fcr ein schwereloses Abenteuer treffen. \u00dcberwinden Sie die Schwerkraft und erleben Sie aufregende Momente auf Ibiza mit unserem Flyboard-Erlebnis.<\/p>\n<p style=\"text-align: center;\">Flyboard Ibiza jetzt buchen!<\/p>\n<p style=\"text-align: center;\">Sind Sie bereit f\u00fcr den Abflug? \ud83c\udf0a\ud83e\ude82\ud83d\ude80<\/p>\n<p>&nbsp;<\/p>\n<p class=\"p1\" style=\"text-align: center;\"><strong>RESERVIERUNG M\u00d6GLICH F\u00dcR GRUPPEN VON: 8 bis 12 PERSONEN.<\/strong><\/p>","protected":false},"excerpt":{"rendered":"<p>Flyboard Ibiza. Genie\u00dfen Sie zehn Minuten Adrenalin und halten Sie sich am Wasser fest, um Ihre St\u00e4rke zu zeigen!<br \/>\n<strong>RESERVIERUNG M\u00d6GLICH F\u00dcR GRUPPEN VON: 8 bis 12 PERSONEN.<\/strong><\/p>","protected":false},"featured_media":843,"template":"","meta":[],"product_brand":[425],"product_cat":[266,265,267],"product_tag":[339,340],"class_list":{"0":"post-1378","1":"product","2":"type-product","3":"status-publish","4":"has-post-thumbnail","6":"product_brand-fliparas-inc","7":"product_cat-hen-party-ibiza-activities","8":"product_cat-ibiza","9":"product_cat-stag-party-ibiza-activities","10":"product_tag-flyboard","11":"product_tag-flyboard-ibiza","13":"first","14":"instock","15":"virtual","16":"sold-individually","17":"purchasable","18":"product-type-booking"},"yoast_head":"<!-- This site is optimized with the Yoast SEO plugin v26.9 - https:\/\/yoast.com\/product\/yoast-seo-wordpress\/ -->\n<title>Flyboard Ibiza - IBIZA: Flyboard!<\/title>\n<meta name=\"description\" content=\"Flyboard Ibiza. Enjoy ten minutes of adrenaline and hold on to the water to show your strength! Flyboard Ibiza. Have fun with your friends!\" \/>\n<meta name=\"robots\" content=\"index, follow, max-snippet:-1, max-image-preview:large, max-video-preview:-1\" \/>\n<link rel=\"canonical\" href=\"https:\/\/fliparas.com\/de\/tatigkeit\/flyboard-ibiza\/\" \/>\n<meta property=\"og:locale\" content=\"de_DE\" \/>\n<meta property=\"og:type\" content=\"article\" \/>\n<meta property=\"og:title\" content=\"Flyboard Ibiza - IBIZA: Flyboard!\" \/>\n<meta property=\"og:description\" content=\"Flyboard Ibiza. Enjoy ten minutes of adrenaline and hold on to the water to show your strength! Flyboard Ibiza. Have fun with your friends!\" \/>\n<meta property=\"og:url\" content=\"https:\/\/fliparas.com\/de\/tatigkeit\/flyboard-ibiza\/\" \/>\n<meta property=\"og:site_name\" content=\"Agency Specialised in Stag and Hen Parties\" \/>\n<meta property=\"article:modified_time\" content=\"2025-01-31T10:30:06+00:00\" \/>\n<meta property=\"og:image\" content=\"https:\/\/fliparas.com\/wp-content\/uploads\/2024\/03\/Flyfish-img.jpeg\" \/>\n\t<meta property=\"og:image:width\" content=\"1024\" \/>\n\t<meta property=\"og:image:height\" content=\"1024\" \/>\n\t<meta property=\"og:image:type\" content=\"image\/jpeg\" \/>\n<meta name=\"twitter:card\" content=\"summary_large_image\" \/>\n<meta name=\"twitter:label1\" content=\"Price\" \/>\n\t<meta name=\"twitter:data1\" content=\"40,00&nbsp;&euro;\" \/>\n\t<meta name=\"twitter:label2\" content=\"Availability\" \/>\n\t<meta name=\"twitter:data2\" content=\"In stock\" \/>\n<script type=\"application\/ld+json\" class=\"yoast-schema-graph\">{\"@context\":\"https:\/\/schema.org\",\"@graph\":[{\"@type\":\"WebPage\",\"@id\":\"https:\/\/fliparas.com\/activity\/flyboard-ibiza\/\",\"url\":\"https:\/\/fliparas.com\/activity\/flyboard-ibiza\/\",\"name\":\"Flyboard Ibiza - IBIZA: Flyboard!\",\"isPartOf\":{\"@id\":\"https:\/\/fliparas.com\/#website\"},\"primaryImageOfPage\":{\"@id\":\"https:\/\/fliparas.com\/activity\/flyboard-ibiza\/#primaryimage\"},\"image\":{\"@id\":\"https:\/\/fliparas.com\/activity\/flyboard-ibiza\/#primaryimage\"},\"thumbnailUrl\":\"https:\/\/fliparas.com\/wp-content\/uploads\/2024\/03\/Flyfish-img.jpeg\",\"datePublished\":\"2024-03-25T15:12:39+00:00\",\"dateModified\":\"2025-01-31T10:30:06+00:00\",\"description\":\"Flyboard Ibiza. Enjoy ten minutes of adrenaline and hold on to the water to show your strength! Flyboard Ibiza. Have fun with your friends!\",\"breadcrumb\":{\"@id\":\"https:\/\/fliparas.com\/activity\/flyboard-ibiza\/#breadcrumb\"},\"inLanguage\":\"de\",\"potentialAction\":[{\"@type\":\"ReadAction\",\"target\":[\"https:\/\/fliparas.com\/activity\/flyboard-ibiza\/\"]}]},{\"@type\":\"ImageObject\",\"inLanguage\":\"de\",\"@id\":\"https:\/\/fliparas.com\/activity\/flyboard-ibiza\/#primaryimage\",\"url\":\"https:\/\/fliparas.com\/wp-content\/uploads\/2024\/03\/Flyfish-img.jpeg\",\"contentUrl\":\"https:\/\/fliparas.com\/wp-content\/uploads\/2024\/03\/Flyfish-img.jpeg\",\"width\":1024,\"height\":1024},{\"@type\":\"BreadcrumbList\",\"@id\":\"https:\/\/fliparas.com\/activity\/flyboard-ibiza\/#breadcrumb\",\"itemListElement\":[{\"@type\":\"ListItem\",\"position\":1,\"name\":\"Home\",\"item\":\"https:\/\/fliparas.com\/\"},{\"@type\":\"ListItem\",\"position\":2,\"name\":\"Shop\",\"item\":\"https:\/\/fliparas.com\/shop\/\"},{\"@type\":\"ListItem\",\"position\":3,\"name\":\"Flyboard Ibiza\"}]},{\"@type\":\"WebSite\",\"@id\":\"https:\/\/fliparas.com\/#website\",\"url\":\"https:\/\/fliparas.com\/\",\"name\":\"Agency Specialised in Stag and Hen Parties\",\"description\":\"Trust the highest rated agency to organize an unforgettable stag and hen parties in Europe\",\"publisher\":{\"@id\":\"https:\/\/fliparas.com\/#organization\"},\"alternateName\":\"Fliparas Agency Specialised in Stag and Hen Parties\",\"potentialAction\":[{\"@type\":\"SearchAction\",\"target\":{\"@type\":\"EntryPoint\",\"urlTemplate\":\"https:\/\/fliparas.com\/?s={search_term_string}\"},\"query-input\":{\"@type\":\"PropertyValueSpecification\",\"valueRequired\":true,\"valueName\":\"search_term_string\"}}],\"inLanguage\":\"de\"},{\"@type\":\"Organization\",\"@id\":\"https:\/\/fliparas.com\/#organization\",\"name\":\"Fliparas\",\"alternateName\":\"Agency Specialised in Stag and Hen Parties\",\"url\":\"https:\/\/fliparas.com\/\",\"logo\":{\"@type\":\"ImageObject\",\"inLanguage\":\"de\",\"@id\":\"https:\/\/fliparas.com\/#\/schema\/logo\/image\/\",\"url\":\"https:\/\/fliparas.com\/wp-content\/uploads\/2024\/03\/Logo-Fliparas.png\",\"contentUrl\":\"https:\/\/fliparas.com\/wp-content\/uploads\/2024\/03\/Logo-Fliparas.png\",\"width\":1024,\"height\":1024,\"caption\":\"Fliparas\"},\"image\":{\"@id\":\"https:\/\/fliparas.com\/#\/schema\/logo\/image\/\"}}]}<\/script>\n<meta property=\"product:price:amount\" content=\"40.00\" \/>\n<meta property=\"product:price:currency\" content=\"EUR\" \/>\n<meta property=\"og:availability\" content=\"instock\" \/>\n<meta property=\"product:availability\" content=\"instock\" \/>\n<meta property=\"product:condition\" content=\"new\" \/>\n<!-- \/ Yoast SEO plugin. -->","yoast_head_json":{"title":"Flyboard Ibiza - IBIZA: Flyboard!","description":"Flyboard Ibiza. Genie\u00dfen Sie zehn Minuten Adrenalin und halten Sie sich am Wasser fest, um Ihre St\u00e4rke zu zeigen! Flyboard Ibiza. Haben Sie Spa\u00df mit Ihren Freunden!","robots":{"index":"index","follow":"follow","max-snippet":"max-snippet:-1","max-image-preview":"max-image-preview:large","max-video-preview":"max-video-preview:-1"},"canonical":"https:\/\/fliparas.com\/de\/tatigkeit\/flyboard-ibiza\/","og_locale":"de_DE","og_type":"article","og_title":"Flyboard Ibiza - IBIZA: Flyboard!","og_description":"Flyboard Ibiza. Enjoy ten minutes of adrenaline and hold on to the water to show your strength! Flyboard Ibiza. Have fun with your friends!","og_url":"https:\/\/fliparas.com\/de\/tatigkeit\/flyboard-ibiza\/","og_site_name":"Agency Specialised in Stag and Hen Parties","article_modified_time":"2025-01-31T10:30:06+00:00","og_image":[{"width":1024,"height":1024,"url":"https:\/\/fliparas.com\/wp-content\/uploads\/2024\/03\/Flyfish-img.jpeg","type":"image\/jpeg"}],"twitter_card":"summary_large_image","twitter_misc":{"Price":"40,00&nbsp;&euro;","Availability":"In stock"},"schema":{"@context":"https:\/\/schema.org","@graph":[{"@type":"WebPage","@id":"https:\/\/fliparas.com\/activity\/flyboard-ibiza\/","url":"https:\/\/fliparas.com\/activity\/flyboard-ibiza\/","name":"Flyboard Ibiza - IBIZA: Flyboard!","isPartOf":{"@id":"https:\/\/fliparas.com\/#website"},"primaryImageOfPage":{"@id":"https:\/\/fliparas.com\/activity\/flyboard-ibiza\/#primaryimage"},"image":{"@id":"https:\/\/fliparas.com\/activity\/flyboard-ibiza\/#primaryimage"},"thumbnailUrl":"https:\/\/fliparas.com\/wp-content\/uploads\/2024\/03\/Flyfish-img.jpeg","datePublished":"2024-03-25T15:12:39+00:00","dateModified":"2025-01-31T10:30:06+00:00","description":"Flyboard Ibiza. Genie\u00dfen Sie zehn Minuten Adrenalin und halten Sie sich am Wasser fest, um Ihre St\u00e4rke zu zeigen! Flyboard Ibiza. Haben Sie Spa\u00df mit Ihren Freunden!","breadcrumb":{"@id":"https:\/\/fliparas.com\/activity\/flyboard-ibiza\/#breadcrumb"},"inLanguage":"de","potentialAction":[{"@type":"ReadAction","target":["https:\/\/fliparas.com\/activity\/flyboard-ibiza\/"]}]},{"@type":"ImageObject","inLanguage":"de","@id":"https:\/\/fliparas.com\/activity\/flyboard-ibiza\/#primaryimage","url":"https:\/\/fliparas.com\/wp-content\/uploads\/2024\/03\/Flyfish-img.jpeg","contentUrl":"https:\/\/fliparas.com\/wp-content\/uploads\/2024\/03\/Flyfish-img.jpeg","width":1024,"height":1024},{"@type":"BreadcrumbList","@id":"https:\/\/fliparas.com\/activity\/flyboard-ibiza\/#breadcrumb","itemListElement":[{"@type":"ListItem","position":1,"name":"Home","item":"https:\/\/fliparas.com\/"},{"@type":"ListItem","position":2,"name":"Shop","item":"https:\/\/fliparas.com\/shop\/"},{"@type":"ListItem","position":3,"name":"Flyboard Ibiza"}]},{"@type":"WebSite","@id":"https:\/\/fliparas.com\/#website","url":"https:\/\/fliparas.com\/","name":"Auf Junggesellen- und Junggesellinnenabschiede spezialisierte Agentur","description":"Vertrauen Sie der bestbewerteten Agentur, um einen unvergesslichen Junggesellenabschied in Europa zu organisieren","publisher":{"@id":"https:\/\/fliparas.com\/#organization"},"alternateName":"Fliparas Agency Specialised in Stag and Hen Parties","potentialAction":[{"@type":"SearchAction","target":{"@type":"EntryPoint","urlTemplate":"https:\/\/fliparas.com\/?s={search_term_string}"},"query-input":{"@type":"PropertyValueSpecification","valueRequired":true,"valueName":"search_term_string"}}],"inLanguage":"de"},{"@type":"Organization","@id":"https:\/\/fliparas.com\/#organization","name":"Fliparas","alternateName":"Agency Specialised in Stag and Hen Parties","url":"https:\/\/fliparas.com\/","logo":{"@type":"ImageObject","inLanguage":"de","@id":"https:\/\/fliparas.com\/#\/schema\/logo\/image\/","url":"https:\/\/fliparas.com\/wp-content\/uploads\/2024\/03\/Logo-Fliparas.png","contentUrl":"https:\/\/fliparas.com\/wp-content\/uploads\/2024\/03\/Logo-Fliparas.png","width":1024,"height":1024,"caption":"Fliparas"},"image":{"@id":"https:\/\/fliparas.com\/#\/schema\/logo\/image\/"}}]},"product_price_amount":"40.00","product_price_currency":"EUR","og_availability":"instock","product_availability":"instock","product_condition":"new"},"_links":{"self":[{"href":"https:\/\/fliparas.com\/de\/wp-json\/wp\/v2\/product\/1378","targetHints":{"allow":["GET"]}}],"collection":[{"href":"https:\/\/fliparas.com\/de\/wp-json\/wp\/v2\/product"}],"about":[{"href":"https:\/\/fliparas.com\/de\/wp-json\/wp\/v2\/types\/product"}],"wp:featuredmedia":[{"embeddable":true,"href":"https:\/\/fliparas.com\/de\/wp-json\/wp\/v2\/media\/843"}],"wp:attachment":[{"href":"https:\/\/fliparas.com\/de\/wp-json\/wp\/v2\/media?parent=1378"}],"wp:term":[{"taxonomy":"product_brand","embeddable":true,"href":"https:\/\/fliparas.com\/de\/wp-json\/wp\/v2\/product_brand?post=1378"},{"taxonomy":"product_cat","embeddable":true,"href":"https:\/\/fliparas.com\/de\/wp-json\/wp\/v2\/product_cat?post=1378"},{"taxonomy":"product_tag","embeddable":true,"href":"https:\/\/fliparas.com\/de\/wp-json\/wp\/v2\/product_tag?post=1378"}],"curies":[{"name":"wp","href":"https:\/\/api.w.org\/{rel}","templated":true}]}}