{"id":1380,"date":"2024-03-25T15:27:03","date_gmt":"2024-03-25T15:27:03","guid":{"rendered":"https:\/\/fliparas.com\/?post_type=product&#038;p=1380"},"modified":"2025-01-31T11:26:04","modified_gmt":"2025-01-31T10:26:04","slug":"lesbenshow-auf-ibiza","status":"publish","type":"product","link":"https:\/\/fliparas.com\/de\/tatigkeit\/lesbenshow-auf-ibiza\/","title":{"rendered":"Lesbische Show auf Ibiza"},"content":{"rendered":"<p>Lesben-Show auf Ibiza. \u00dcberraschen Sie den Br\u00e4utigam mit einer einzigartigen und besonderen Lesbenshow. Erotische, lustige und partizipative Show. M\u00f6glichkeit der Auswahl der Stripperinnen. M\u00f6glichkeit der Anreise zu Ihrer Wohnung, Villa, Restaurant, Bar mit privatem Salon oder sogar mit einer Limousine.<\/p>\n<p>Die besten Junggesellenabschiede <a href=\"https:\/\/fliparas.com\/de\/junggesellenabschied\/\">Junggesellenabschied<\/a>!<\/p>\n<h2 style=\"text-align: center;\"><span style=\"vertical-align: inherit;\"><span style=\"vertical-align: inherit;\">Lesbenshow auf Ibiza \ud83d\udd25<\/span> <\/span><\/h2>\n<h4>Erleben Sie Sinnlichkeit und Spa\u00df: ein Striptease nicht von einem M\u00e4dchen, sondern von zwei! \ud83d\udd25<\/h4>\n<p>Buchen Sie einen Moment der reinen Erotik und des Vergn\u00fcgens mit unserer exklusiven f\u00fcnfzehnmin\u00fctigen sinnlichen Tanzshow. Zwei T\u00e4nzerinnen exklusiv f\u00fcr Sie, bringen einen Hauch von Sinnlichkeit und Vergn\u00fcgen, wo immer Sie wollen, begleitet von ihrer Musik f\u00fcr die Gelegenheit ausgew\u00e4hlt.<\/p>\n<p>Wenn einer sexy ist, sind beide zusammen Erotik in ihrer reinsten Form:<\/p>\n<p>Wir alle wissen, wie sexy ein Striptease ist und die Temperatur bei der T\u00e4nzerin erh\u00f6ht. Sie sind sehr z\u00e4rtlich zueinander, ber\u00fchren sich, reiben sich, helfen sich sogar beim Ausziehen.....<\/p>\n<p>\ud83d\udc83 Ein auf Sie zugeschnittenes Erlebnis:<\/p>\n<p>Bei dieser Show dreht sich alles um den Br\u00e4utigam. Die T\u00e4nzerinnen und T\u00e4nzer bewegen sich, wo immer Sie wollen, und sorgen so f\u00fcr ein individuelles und einzigartiges Erlebnis. In einem intimen Rahmen zu Hause oder an einem besonderen Ort k\u00f6nnen Sie sich darauf vorbereiten, der Star einer unvergesslichen Show zu sein.<\/p>\n<p>\ud83d\udd25 Eine Show, die einen bleibenden Eindruck hinterl\u00e4sst:<\/p>\n<p>Die sinnliche Atmosph\u00e4re, die steigende Temperatur und alle Ihre Freunde, die die Qualit\u00e4t des Tanzes und die Zuneigung der T\u00e4nzer bewundern. Jede Bewegung ist entworfen, um zu wecken... \u00a1<\/p>\n<p>Genie\u00dfen Sie die Sonne auf Ibiza!<\/p>\n<p>Buchen Sie jetzt unsere Lesben-Show auf Ibiza!<\/p>","protected":false},"excerpt":{"rendered":"<p><span style=\"vertical-align: inherit;\"><span style=\"vertical-align: inherit;\">Haz, dass das Ereignis Ihrer besten Freundin besonders und einzigartig ist. Lesbische Show auf Ibiza<\/span><span style=\"vertical-align: inherit;\">\u00a0ist ein sinnliches, erotisches, festliches und partizipatives Spektakel. <\/span><span style=\"vertical-align: inherit;\">Zeigen Sie den Moment und bewahren Sie ihn f\u00fcr lange Zeit auf.<\/span><\/span><\/p>","protected":false},"featured_media":456,"template":"","meta":[],"product_brand":[425],"product_cat":[265,267],"product_tag":[274,275,276,277],"class_list":{"0":"post-1380","1":"product","2":"type-product","3":"status-publish","4":"has-post-thumbnail","6":"product_brand-fliparas-inc","7":"product_cat-ibiza","8":"product_cat-stag-party-ibiza-activities","9":"product_tag-lesbian-girls-in-ibiza","10":"product_tag-lesbian-show-ibiza","11":"product_tag-lesbian-strip-in-ibiza","12":"product_tag-lesbians-in-ibiza","14":"first","15":"instock","16":"virtual","17":"sold-individually","18":"purchasable","19":"product-type-booking"},"yoast_head":"<!-- This site is optimized with the Yoast SEO plugin v26.9 - https:\/\/yoast.com\/product\/yoast-seo-wordpress\/ -->\n<title>Lesbian Show in Ibiza<\/title>\n<meta name=\"description\" content=\"Lesbian show in Ibiza - Lesbian striptease is a sensual, erotic, festive and participatory show - Streaptease lesbico - Hot Girls Ibiza\" \/>\n<meta name=\"robots\" content=\"index, follow, max-snippet:-1, max-image-preview:large, max-video-preview:-1\" \/>\n<link rel=\"canonical\" href=\"https:\/\/fliparas.com\/de\/tatigkeit\/lesbenshow-auf-ibiza\/\" \/>\n<meta property=\"og:locale\" content=\"de_DE\" \/>\n<meta property=\"og:type\" content=\"article\" \/>\n<meta property=\"og:title\" content=\"Lesbian Show in Ibiza\" \/>\n<meta property=\"og:description\" content=\"Lesbian show in Ibiza - Lesbian striptease is a sensual, erotic, festive and participatory show - Streaptease lesbico - Hot Girls Ibiza\" \/>\n<meta property=\"og:url\" content=\"https:\/\/fliparas.com\/de\/tatigkeit\/lesbenshow-auf-ibiza\/\" \/>\n<meta property=\"og:site_name\" content=\"Agency Specialised in Stag and Hen Parties\" \/>\n<meta property=\"article:modified_time\" content=\"2025-01-31T10:26:04+00:00\" \/>\n<meta property=\"og:image\" content=\"https:\/\/fliparas.com\/wp-content\/uploads\/2024\/03\/lesbian-show-1.jpg\" \/>\n\t<meta property=\"og:image:width\" content=\"919\" \/>\n\t<meta property=\"og:image:height\" content=\"1074\" \/>\n\t<meta property=\"og:image:type\" content=\"image\/jpeg\" \/>\n<meta name=\"twitter:card\" content=\"summary_large_image\" \/>\n<meta name=\"twitter:label1\" content=\"Price\" \/>\n\t<meta name=\"twitter:data1\" content=\"450,00&nbsp;&euro;\" \/>\n\t<meta name=\"twitter:label2\" content=\"Availability\" \/>\n\t<meta name=\"twitter:data2\" content=\"In stock\" \/>\n<script type=\"application\/ld+json\" class=\"yoast-schema-graph\">{\"@context\":\"https:\/\/schema.org\",\"@graph\":[{\"@type\":\"WebPage\",\"@id\":\"https:\/\/fliparas.com\/activity\/lesbian-show-in-ibiza\/\",\"url\":\"https:\/\/fliparas.com\/activity\/lesbian-show-in-ibiza\/\",\"name\":\"Lesbian Show in Ibiza\",\"isPartOf\":{\"@id\":\"https:\/\/fliparas.com\/#website\"},\"primaryImageOfPage\":{\"@id\":\"https:\/\/fliparas.com\/activity\/lesbian-show-in-ibiza\/#primaryimage\"},\"image\":{\"@id\":\"https:\/\/fliparas.com\/activity\/lesbian-show-in-ibiza\/#primaryimage\"},\"thumbnailUrl\":\"https:\/\/fliparas.com\/wp-content\/uploads\/2024\/03\/lesbian-show-1.jpg\",\"datePublished\":\"2024-03-25T15:27:03+00:00\",\"dateModified\":\"2025-01-31T10:26:04+00:00\",\"description\":\"Lesbian show in Ibiza - Lesbian striptease is a sensual, erotic, festive and participatory show - Streaptease lesbico - Hot Girls Ibiza\",\"breadcrumb\":{\"@id\":\"https:\/\/fliparas.com\/activity\/lesbian-show-in-ibiza\/#breadcrumb\"},\"inLanguage\":\"de\",\"potentialAction\":[{\"@type\":\"ReadAction\",\"target\":[\"https:\/\/fliparas.com\/activity\/lesbian-show-in-ibiza\/\"]}]},{\"@type\":\"ImageObject\",\"inLanguage\":\"de\",\"@id\":\"https:\/\/fliparas.com\/activity\/lesbian-show-in-ibiza\/#primaryimage\",\"url\":\"https:\/\/fliparas.com\/wp-content\/uploads\/2024\/03\/lesbian-show-1.jpg\",\"contentUrl\":\"https:\/\/fliparas.com\/wp-content\/uploads\/2024\/03\/lesbian-show-1.jpg\",\"width\":919,\"height\":1074},{\"@type\":\"BreadcrumbList\",\"@id\":\"https:\/\/fliparas.com\/activity\/lesbian-show-in-ibiza\/#breadcrumb\",\"itemListElement\":[{\"@type\":\"ListItem\",\"position\":1,\"name\":\"Home\",\"item\":\"https:\/\/fliparas.com\/\"},{\"@type\":\"ListItem\",\"position\":2,\"name\":\"Shop\",\"item\":\"https:\/\/fliparas.com\/shop\/\"},{\"@type\":\"ListItem\",\"position\":3,\"name\":\"Lesbian Show in Ibiza\"}]},{\"@type\":\"WebSite\",\"@id\":\"https:\/\/fliparas.com\/#website\",\"url\":\"https:\/\/fliparas.com\/\",\"name\":\"Agency Specialised in Stag and Hen Parties\",\"description\":\"Trust the highest rated agency to organize an unforgettable stag and hen parties in Europe\",\"publisher\":{\"@id\":\"https:\/\/fliparas.com\/#organization\"},\"alternateName\":\"Fliparas Agency Specialised in Stag and Hen Parties\",\"potentialAction\":[{\"@type\":\"SearchAction\",\"target\":{\"@type\":\"EntryPoint\",\"urlTemplate\":\"https:\/\/fliparas.com\/?s={search_term_string}\"},\"query-input\":{\"@type\":\"PropertyValueSpecification\",\"valueRequired\":true,\"valueName\":\"search_term_string\"}}],\"inLanguage\":\"de\"},{\"@type\":\"Organization\",\"@id\":\"https:\/\/fliparas.com\/#organization\",\"name\":\"Fliparas\",\"alternateName\":\"Agency Specialised in Stag and Hen Parties\",\"url\":\"https:\/\/fliparas.com\/\",\"logo\":{\"@type\":\"ImageObject\",\"inLanguage\":\"de\",\"@id\":\"https:\/\/fliparas.com\/#\/schema\/logo\/image\/\",\"url\":\"https:\/\/fliparas.com\/wp-content\/uploads\/2024\/03\/Logo-Fliparas.png\",\"contentUrl\":\"https:\/\/fliparas.com\/wp-content\/uploads\/2024\/03\/Logo-Fliparas.png\",\"width\":1024,\"height\":1024,\"caption\":\"Fliparas\"},\"image\":{\"@id\":\"https:\/\/fliparas.com\/#\/schema\/logo\/image\/\"}}]}<\/script>\n<meta property=\"product:price:amount\" content=\"450.00\" \/>\n<meta property=\"product:price:currency\" content=\"EUR\" \/>\n<meta property=\"og:availability\" content=\"instock\" \/>\n<meta property=\"product:availability\" content=\"instock\" \/>\n<meta property=\"product:condition\" content=\"new\" \/>\n<!-- \/ Yoast SEO plugin. -->","yoast_head_json":{"title":"Lesbische Show auf Ibiza","description":"Lesbenshow auf Ibiza - Lesbenstriptease ist eine sinnliche, erotische, festliche und mitrei\u00dfende Show - Streaptease lesbico - Hot Girls Ibiza","robots":{"index":"index","follow":"follow","max-snippet":"max-snippet:-1","max-image-preview":"max-image-preview:large","max-video-preview":"max-video-preview:-1"},"canonical":"https:\/\/fliparas.com\/de\/tatigkeit\/lesbenshow-auf-ibiza\/","og_locale":"de_DE","og_type":"article","og_title":"Lesbian Show in Ibiza","og_description":"Lesbian show in Ibiza - Lesbian striptease is a sensual, erotic, festive and participatory show - Streaptease lesbico - Hot Girls Ibiza","og_url":"https:\/\/fliparas.com\/de\/tatigkeit\/lesbenshow-auf-ibiza\/","og_site_name":"Agency Specialised in Stag and Hen Parties","article_modified_time":"2025-01-31T10:26:04+00:00","og_image":[{"width":919,"height":1074,"url":"https:\/\/fliparas.com\/wp-content\/uploads\/2024\/03\/lesbian-show-1.jpg","type":"image\/jpeg"}],"twitter_card":"summary_large_image","twitter_misc":{"Price":"450,00&nbsp;&euro;","Availability":"In stock"},"schema":{"@context":"https:\/\/schema.org","@graph":[{"@type":"WebPage","@id":"https:\/\/fliparas.com\/activity\/lesbian-show-in-ibiza\/","url":"https:\/\/fliparas.com\/activity\/lesbian-show-in-ibiza\/","name":"Lesbische Show auf Ibiza","isPartOf":{"@id":"https:\/\/fliparas.com\/#website"},"primaryImageOfPage":{"@id":"https:\/\/fliparas.com\/activity\/lesbian-show-in-ibiza\/#primaryimage"},"image":{"@id":"https:\/\/fliparas.com\/activity\/lesbian-show-in-ibiza\/#primaryimage"},"thumbnailUrl":"https:\/\/fliparas.com\/wp-content\/uploads\/2024\/03\/lesbian-show-1.jpg","datePublished":"2024-03-25T15:27:03+00:00","dateModified":"2025-01-31T10:26:04+00:00","description":"Lesbenshow auf Ibiza - Lesbenstriptease ist eine sinnliche, erotische, festliche und mitrei\u00dfende Show - Streaptease lesbico - Hot Girls Ibiza","breadcrumb":{"@id":"https:\/\/fliparas.com\/activity\/lesbian-show-in-ibiza\/#breadcrumb"},"inLanguage":"de","potentialAction":[{"@type":"ReadAction","target":["https:\/\/fliparas.com\/activity\/lesbian-show-in-ibiza\/"]}]},{"@type":"ImageObject","inLanguage":"de","@id":"https:\/\/fliparas.com\/activity\/lesbian-show-in-ibiza\/#primaryimage","url":"https:\/\/fliparas.com\/wp-content\/uploads\/2024\/03\/lesbian-show-1.jpg","contentUrl":"https:\/\/fliparas.com\/wp-content\/uploads\/2024\/03\/lesbian-show-1.jpg","width":919,"height":1074},{"@type":"BreadcrumbList","@id":"https:\/\/fliparas.com\/activity\/lesbian-show-in-ibiza\/#breadcrumb","itemListElement":[{"@type":"ListItem","position":1,"name":"Home","item":"https:\/\/fliparas.com\/"},{"@type":"ListItem","position":2,"name":"Shop","item":"https:\/\/fliparas.com\/shop\/"},{"@type":"ListItem","position":3,"name":"Lesbian Show in Ibiza"}]},{"@type":"WebSite","@id":"https:\/\/fliparas.com\/#website","url":"https:\/\/fliparas.com\/","name":"Auf Junggesellen- und Junggesellinnenabschiede spezialisierte Agentur","description":"Vertrauen Sie der bestbewerteten Agentur, um einen unvergesslichen Junggesellenabschied in Europa zu organisieren","publisher":{"@id":"https:\/\/fliparas.com\/#organization"},"alternateName":"Fliparas Agency Specialised in Stag and Hen Parties","potentialAction":[{"@type":"SearchAction","target":{"@type":"EntryPoint","urlTemplate":"https:\/\/fliparas.com\/?s={search_term_string}"},"query-input":{"@type":"PropertyValueSpecification","valueRequired":true,"valueName":"search_term_string"}}],"inLanguage":"de"},{"@type":"Organization","@id":"https:\/\/fliparas.com\/#organization","name":"Fliparas","alternateName":"Agency Specialised in Stag and Hen Parties","url":"https:\/\/fliparas.com\/","logo":{"@type":"ImageObject","inLanguage":"de","@id":"https:\/\/fliparas.com\/#\/schema\/logo\/image\/","url":"https:\/\/fliparas.com\/wp-content\/uploads\/2024\/03\/Logo-Fliparas.png","contentUrl":"https:\/\/fliparas.com\/wp-content\/uploads\/2024\/03\/Logo-Fliparas.png","width":1024,"height":1024,"caption":"Fliparas"},"image":{"@id":"https:\/\/fliparas.com\/#\/schema\/logo\/image\/"}}]},"product_price_amount":"450.00","product_price_currency":"EUR","og_availability":"instock","product_availability":"instock","product_condition":"new"},"_links":{"self":[{"href":"https:\/\/fliparas.com\/de\/wp-json\/wp\/v2\/product\/1380","targetHints":{"allow":["GET"]}}],"collection":[{"href":"https:\/\/fliparas.com\/de\/wp-json\/wp\/v2\/product"}],"about":[{"href":"https:\/\/fliparas.com\/de\/wp-json\/wp\/v2\/types\/product"}],"wp:featuredmedia":[{"embeddable":true,"href":"https:\/\/fliparas.com\/de\/wp-json\/wp\/v2\/media\/456"}],"wp:attachment":[{"href":"https:\/\/fliparas.com\/de\/wp-json\/wp\/v2\/media?parent=1380"}],"wp:term":[{"taxonomy":"product_brand","embeddable":true,"href":"https:\/\/fliparas.com\/de\/wp-json\/wp\/v2\/product_brand?post=1380"},{"taxonomy":"product_cat","embeddable":true,"href":"https:\/\/fliparas.com\/de\/wp-json\/wp\/v2\/product_cat?post=1380"},{"taxonomy":"product_tag","embeddable":true,"href":"https:\/\/fliparas.com\/de\/wp-json\/wp\/v2\/product_tag?post=1380"}],"curies":[{"name":"wp","href":"https:\/\/api.w.org\/{rel}","templated":true}]}}