{"id":1425,"date":"2024-03-26T12:20:02","date_gmt":"2024-03-26T12:20:02","guid":{"rendered":"https:\/\/fliparas.com\/?post_type=product&#038;p=1425"},"modified":"2025-01-31T11:26:03","modified_gmt":"2025-01-31T10:26:03","slug":"vespa-tour-ibiza","status":"publish","type":"product","link":"https:\/\/fliparas.com\/de\/tatigkeit\/vespa-tour-ibiza\/","title":{"rendered":"Vespa-Tour Ibiza"},"content":{"rendered":"<p>Vespa Tour Ibiza.<\/p>\n<p>Die besten Junggesellenabschiede mit <a href=\"https:\/\/fliparas.com\/de\/junggesellenabschied\/\">Junggesellenabschied<\/a>! <a href=\"https:\/\/fliparas.com\/de\/junggesellinnenabschied\/\">Junggesellinnenabschied<\/a>!<\/p>\n<h2 style=\"text-align: center;\">Vespa Tour Ibiza!<\/h2>\n<h4>\ud83d\ude99 <strong>Erkunden Sie Ibiza mit der Vespa: Ein unvergessliches Off-Road-Abenteuer!<\/strong> \ud83c\udf1f<\/h4>\n<p>&nbsp;<\/p>\n<p>\ud83c\udfde\ufe0f Steigen Sie auf Ihre Vespa und tauchen Sie ein in ein einzigartiges Erlebnis inmitten der herrlichen Landschaften Ibizas.<\/p>\n<p>Ihr Abenteuer beginnt damit, dass Sie Ihre Vespa abholen, bereit, die kurvenreichen Stra\u00dfen und bezaubernden Pfade Ibizas zu erobern. Unser umfassendes Paket beinhaltet die gesamte notwendige Ausr\u00fcstung, um ein problemloses Erlebnis zu gew\u00e4hrleisten. Helme, eine ausf\u00fchrliche Einweisung und alles, was Sie f\u00fcr ein erfolgreiches Off-Road-Abenteuer brauchen. \ud83c\udf04\ud83d\uddfa\ufe0f<\/p>\n<p>Erkunden Sie die geheimsten Ecken der Insel! Entdecken Sie atemberaubende Aussichten und erleben Sie die Aufregung beim Fahren einer Vespa durch abwechslungsreiche Landschaften. Unsere sorgf\u00e4ltig geplante Reiseroute bietet ein abwechslungsreiches Terrain, von glitzernden Str\u00e4nden bis zu bergigen Pfaden, und schafft so das perfekte Abenteuer zwischen Nervenkitzel und Erkundung. \ud83c\udfdc\ufe0f\ud83d\ude99<\/p>\n<p>Begleiten Sie uns zu einem unvergesslichen Vespa-Erlebnis, das Abenteuer, Erkundung und spektakul\u00e4re Landschaften miteinander verbindet. Buchen Sie jetzt und machen Sie sich bereit f\u00fcr ein aufregendes Abenteuer unter <strong>Ibiza<\/strong>! \ud83c\udf1e\ud83d\ude99<\/p>\n<p><strong>RESERVIERUNG M\u00d6GLICH F\u00dcR GRUPPEN VON: 4 bis 60 PERSONEN.<\/strong><\/p>","protected":false},"excerpt":{"rendered":"<p style=\"text-align: center;\">VESPA TOUR IBIZA! Genie\u00dfen Sie eine Vespa-Tour auf Ibiza.<br \/>\n<strong>RESERVIERUNG M\u00d6GLICH F\u00dcR GRUPPEN VON: 4 bis 60 PERSONEN.<\/strong><\/p>","protected":false},"featured_media":1431,"template":"","meta":[],"product_brand":[425],"product_cat":[266,265,267],"product_tag":[349,351,350],"class_list":{"0":"post-1425","1":"product","2":"type-product","3":"status-publish","4":"has-post-thumbnail","6":"product_brand-fliparas-inc","7":"product_cat-hen-party-ibiza-activities","8":"product_cat-ibiza","9":"product_cat-stag-party-ibiza-activities","10":"product_tag-ibiza-vespa","11":"product_tag-vespa-ibiza","12":"product_tag-vespa-tour-ibiza","14":"first","15":"instock","16":"virtual","17":"sold-individually","18":"purchasable","19":"product-type-booking"},"yoast_head":"<!-- This site is optimized with the Yoast SEO plugin v26.9 - https:\/\/yoast.com\/product\/yoast-seo-wordpress\/ -->\n<title>Vespa Tour Ibiza \ud83d\udef5\ud83d\udef5\ud83d\udef5<\/title>\n<meta name=\"description\" content=\"VESPA TOUR IBIZA! Enjoy a Vespa tour in Ibiza. Vespa Ibiza. Vespa Ibiza. Have fun with your friends in Ibiza! Look at our services! \ud83d\udef5\" \/>\n<meta name=\"robots\" content=\"index, follow, max-snippet:-1, max-image-preview:large, max-video-preview:-1\" \/>\n<link rel=\"canonical\" href=\"https:\/\/fliparas.com\/de\/tatigkeit\/vespa-tour-ibiza\/\" \/>\n<meta property=\"og:locale\" content=\"de_DE\" \/>\n<meta property=\"og:type\" content=\"article\" \/>\n<meta property=\"og:title\" content=\"Vespa Tour Ibiza \ud83d\udef5\ud83d\udef5\ud83d\udef5\" \/>\n<meta property=\"og:description\" content=\"VESPA TOUR IBIZA! Enjoy a Vespa tour in Ibiza. Vespa Ibiza. Vespa Ibiza. Have fun with your friends in Ibiza! Look at our services! \ud83d\udef5\" \/>\n<meta property=\"og:url\" content=\"https:\/\/fliparas.com\/de\/tatigkeit\/vespa-tour-ibiza\/\" \/>\n<meta property=\"og:site_name\" content=\"Agency Specialised in Stag and Hen Parties\" \/>\n<meta property=\"article:modified_time\" content=\"2025-01-31T10:26:03+00:00\" \/>\n<meta property=\"og:image\" content=\"https:\/\/fliparas.com\/wp-content\/uploads\/2024\/03\/Diseno-sin-titulo-10-1.png\" \/>\n\t<meta property=\"og:image:width\" content=\"500\" \/>\n\t<meta property=\"og:image:height\" content=\"332\" \/>\n\t<meta property=\"og:image:type\" content=\"image\/png\" \/>\n<meta name=\"twitter:card\" content=\"summary_large_image\" \/>\n<meta name=\"twitter:label1\" content=\"Price\" \/>\n\t<meta name=\"twitter:data1\" content=\"95,00&nbsp;&euro;\" \/>\n\t<meta name=\"twitter:label2\" content=\"Availability\" \/>\n\t<meta name=\"twitter:data2\" content=\"In stock\" \/>\n<script type=\"application\/ld+json\" class=\"yoast-schema-graph\">{\"@context\":\"https:\/\/schema.org\",\"@graph\":[{\"@type\":\"WebPage\",\"@id\":\"https:\/\/fliparas.com\/activity\/vespa-tour-ibiza\/\",\"url\":\"https:\/\/fliparas.com\/activity\/vespa-tour-ibiza\/\",\"name\":\"Vespa Tour Ibiza \ud83d\udef5\ud83d\udef5\ud83d\udef5\",\"isPartOf\":{\"@id\":\"https:\/\/fliparas.com\/#website\"},\"primaryImageOfPage\":{\"@id\":\"https:\/\/fliparas.com\/activity\/vespa-tour-ibiza\/#primaryimage\"},\"image\":{\"@id\":\"https:\/\/fliparas.com\/activity\/vespa-tour-ibiza\/#primaryimage\"},\"thumbnailUrl\":\"https:\/\/fliparas.com\/wp-content\/uploads\/2024\/03\/Diseno-sin-titulo-10-1.png\",\"datePublished\":\"2024-03-26T12:20:02+00:00\",\"dateModified\":\"2025-01-31T10:26:03+00:00\",\"description\":\"VESPA TOUR IBIZA! Enjoy a Vespa tour in Ibiza. Vespa Ibiza. Vespa Ibiza. Have fun with your friends in Ibiza! Look at our services! \ud83d\udef5\",\"breadcrumb\":{\"@id\":\"https:\/\/fliparas.com\/activity\/vespa-tour-ibiza\/#breadcrumb\"},\"inLanguage\":\"de\",\"potentialAction\":[{\"@type\":\"ReadAction\",\"target\":[\"https:\/\/fliparas.com\/activity\/vespa-tour-ibiza\/\"]}]},{\"@type\":\"ImageObject\",\"inLanguage\":\"de\",\"@id\":\"https:\/\/fliparas.com\/activity\/vespa-tour-ibiza\/#primaryimage\",\"url\":\"https:\/\/fliparas.com\/wp-content\/uploads\/2024\/03\/Diseno-sin-titulo-10-1.png\",\"contentUrl\":\"https:\/\/fliparas.com\/wp-content\/uploads\/2024\/03\/Diseno-sin-titulo-10-1.png\",\"width\":500,\"height\":332,\"caption\":\"Vespa Tour Ibiza Product Image\"},{\"@type\":\"BreadcrumbList\",\"@id\":\"https:\/\/fliparas.com\/activity\/vespa-tour-ibiza\/#breadcrumb\",\"itemListElement\":[{\"@type\":\"ListItem\",\"position\":1,\"name\":\"Home\",\"item\":\"https:\/\/fliparas.com\/\"},{\"@type\":\"ListItem\",\"position\":2,\"name\":\"Shop\",\"item\":\"https:\/\/fliparas.com\/shop\/\"},{\"@type\":\"ListItem\",\"position\":3,\"name\":\"Vespa Tour Ibiza\"}]},{\"@type\":\"WebSite\",\"@id\":\"https:\/\/fliparas.com\/#website\",\"url\":\"https:\/\/fliparas.com\/\",\"name\":\"Agency Specialised in Stag and Hen Parties\",\"description\":\"Trust the highest rated agency to organize an unforgettable stag and hen parties in Europe\",\"publisher\":{\"@id\":\"https:\/\/fliparas.com\/#organization\"},\"alternateName\":\"Fliparas Agency Specialised in Stag and Hen Parties\",\"potentialAction\":[{\"@type\":\"SearchAction\",\"target\":{\"@type\":\"EntryPoint\",\"urlTemplate\":\"https:\/\/fliparas.com\/?s={search_term_string}\"},\"query-input\":{\"@type\":\"PropertyValueSpecification\",\"valueRequired\":true,\"valueName\":\"search_term_string\"}}],\"inLanguage\":\"de\"},{\"@type\":\"Organization\",\"@id\":\"https:\/\/fliparas.com\/#organization\",\"name\":\"Fliparas\",\"alternateName\":\"Agency Specialised in Stag and Hen Parties\",\"url\":\"https:\/\/fliparas.com\/\",\"logo\":{\"@type\":\"ImageObject\",\"inLanguage\":\"de\",\"@id\":\"https:\/\/fliparas.com\/#\/schema\/logo\/image\/\",\"url\":\"https:\/\/fliparas.com\/wp-content\/uploads\/2024\/03\/Logo-Fliparas.png\",\"contentUrl\":\"https:\/\/fliparas.com\/wp-content\/uploads\/2024\/03\/Logo-Fliparas.png\",\"width\":1024,\"height\":1024,\"caption\":\"Fliparas\"},\"image\":{\"@id\":\"https:\/\/fliparas.com\/#\/schema\/logo\/image\/\"}}]}<\/script>\n<meta property=\"product:price:amount\" content=\"95.00\" \/>\n<meta property=\"product:price:currency\" content=\"EUR\" \/>\n<meta property=\"og:availability\" content=\"instock\" \/>\n<meta property=\"product:availability\" content=\"instock\" \/>\n<meta property=\"product:condition\" content=\"new\" \/>\n<!-- \/ Yoast SEO plugin. -->","yoast_head_json":{"title":"Vespa Tour Ibiza \ud83d\udef5\ud83d\udef5\ud83d\udef5","description":"VESPA TOUR IBIZA! Genie\u00dfen Sie eine Vespa-Tour auf Ibiza. Vespa Ibiza. Vespa Ibiza. Haben Sie Spa\u00df mit Ihren Freunden in Ibiza! Schauen Sie sich unsere Dienstleistungen! \ud83d\udef5","robots":{"index":"index","follow":"follow","max-snippet":"max-snippet:-1","max-image-preview":"max-image-preview:large","max-video-preview":"max-video-preview:-1"},"canonical":"https:\/\/fliparas.com\/de\/tatigkeit\/vespa-tour-ibiza\/","og_locale":"de_DE","og_type":"article","og_title":"Vespa Tour Ibiza \ud83d\udef5\ud83d\udef5\ud83d\udef5","og_description":"VESPA TOUR IBIZA! Enjoy a Vespa tour in Ibiza. Vespa Ibiza. Vespa Ibiza. Have fun with your friends in Ibiza! Look at our services! \ud83d\udef5","og_url":"https:\/\/fliparas.com\/de\/tatigkeit\/vespa-tour-ibiza\/","og_site_name":"Agency Specialised in Stag and Hen Parties","article_modified_time":"2025-01-31T10:26:03+00:00","og_image":[{"width":500,"height":332,"url":"https:\/\/fliparas.com\/wp-content\/uploads\/2024\/03\/Diseno-sin-titulo-10-1.png","type":"image\/png"}],"twitter_card":"summary_large_image","twitter_misc":{"Price":"95,00&nbsp;&euro;","Availability":"In stock"},"schema":{"@context":"https:\/\/schema.org","@graph":[{"@type":"WebPage","@id":"https:\/\/fliparas.com\/activity\/vespa-tour-ibiza\/","url":"https:\/\/fliparas.com\/activity\/vespa-tour-ibiza\/","name":"Vespa Tour Ibiza \ud83d\udef5\ud83d\udef5\ud83d\udef5","isPartOf":{"@id":"https:\/\/fliparas.com\/#website"},"primaryImageOfPage":{"@id":"https:\/\/fliparas.com\/activity\/vespa-tour-ibiza\/#primaryimage"},"image":{"@id":"https:\/\/fliparas.com\/activity\/vespa-tour-ibiza\/#primaryimage"},"thumbnailUrl":"https:\/\/fliparas.com\/wp-content\/uploads\/2024\/03\/Diseno-sin-titulo-10-1.png","datePublished":"2024-03-26T12:20:02+00:00","dateModified":"2025-01-31T10:26:03+00:00","description":"VESPA TOUR IBIZA! Genie\u00dfen Sie eine Vespa-Tour auf Ibiza. Vespa Ibiza. Vespa Ibiza. Haben Sie Spa\u00df mit Ihren Freunden in Ibiza! Schauen Sie sich unsere Dienstleistungen! \ud83d\udef5","breadcrumb":{"@id":"https:\/\/fliparas.com\/activity\/vespa-tour-ibiza\/#breadcrumb"},"inLanguage":"de","potentialAction":[{"@type":"ReadAction","target":["https:\/\/fliparas.com\/activity\/vespa-tour-ibiza\/"]}]},{"@type":"ImageObject","inLanguage":"de","@id":"https:\/\/fliparas.com\/activity\/vespa-tour-ibiza\/#primaryimage","url":"https:\/\/fliparas.com\/wp-content\/uploads\/2024\/03\/Diseno-sin-titulo-10-1.png","contentUrl":"https:\/\/fliparas.com\/wp-content\/uploads\/2024\/03\/Diseno-sin-titulo-10-1.png","width":500,"height":332,"caption":"Vespa Tour Ibiza Product Image"},{"@type":"BreadcrumbList","@id":"https:\/\/fliparas.com\/activity\/vespa-tour-ibiza\/#breadcrumb","itemListElement":[{"@type":"ListItem","position":1,"name":"Home","item":"https:\/\/fliparas.com\/"},{"@type":"ListItem","position":2,"name":"Shop","item":"https:\/\/fliparas.com\/shop\/"},{"@type":"ListItem","position":3,"name":"Vespa Tour Ibiza"}]},{"@type":"WebSite","@id":"https:\/\/fliparas.com\/#website","url":"https:\/\/fliparas.com\/","name":"Auf Junggesellen- und Junggesellinnenabschiede spezialisierte Agentur","description":"Vertrauen Sie der bestbewerteten Agentur, um einen unvergesslichen Junggesellenabschied in Europa zu organisieren","publisher":{"@id":"https:\/\/fliparas.com\/#organization"},"alternateName":"Fliparas Agency Specialised in Stag and Hen Parties","potentialAction":[{"@type":"SearchAction","target":{"@type":"EntryPoint","urlTemplate":"https:\/\/fliparas.com\/?s={search_term_string}"},"query-input":{"@type":"PropertyValueSpecification","valueRequired":true,"valueName":"search_term_string"}}],"inLanguage":"de"},{"@type":"Organization","@id":"https:\/\/fliparas.com\/#organization","name":"Fliparas","alternateName":"Agency Specialised in Stag and Hen Parties","url":"https:\/\/fliparas.com\/","logo":{"@type":"ImageObject","inLanguage":"de","@id":"https:\/\/fliparas.com\/#\/schema\/logo\/image\/","url":"https:\/\/fliparas.com\/wp-content\/uploads\/2024\/03\/Logo-Fliparas.png","contentUrl":"https:\/\/fliparas.com\/wp-content\/uploads\/2024\/03\/Logo-Fliparas.png","width":1024,"height":1024,"caption":"Fliparas"},"image":{"@id":"https:\/\/fliparas.com\/#\/schema\/logo\/image\/"}}]},"product_price_amount":"95.00","product_price_currency":"EUR","og_availability":"instock","product_availability":"instock","product_condition":"new"},"_links":{"self":[{"href":"https:\/\/fliparas.com\/de\/wp-json\/wp\/v2\/product\/1425","targetHints":{"allow":["GET"]}}],"collection":[{"href":"https:\/\/fliparas.com\/de\/wp-json\/wp\/v2\/product"}],"about":[{"href":"https:\/\/fliparas.com\/de\/wp-json\/wp\/v2\/types\/product"}],"wp:featuredmedia":[{"embeddable":true,"href":"https:\/\/fliparas.com\/de\/wp-json\/wp\/v2\/media\/1431"}],"wp:attachment":[{"href":"https:\/\/fliparas.com\/de\/wp-json\/wp\/v2\/media?parent=1425"}],"wp:term":[{"taxonomy":"product_brand","embeddable":true,"href":"https:\/\/fliparas.com\/de\/wp-json\/wp\/v2\/product_brand?post=1425"},{"taxonomy":"product_cat","embeddable":true,"href":"https:\/\/fliparas.com\/de\/wp-json\/wp\/v2\/product_cat?post=1425"},{"taxonomy":"product_tag","embeddable":true,"href":"https:\/\/fliparas.com\/de\/wp-json\/wp\/v2\/product_tag?post=1425"}],"curies":[{"name":"wp","href":"https:\/\/api.w.org\/{rel}","templated":true}]}}