{"id":1446,"date":"2024-03-26T14:04:43","date_gmt":"2024-03-26T14:04:43","guid":{"rendered":"https:\/\/fliparas.com\/?post_type=product&#038;p=1446"},"modified":"2025-01-31T11:26:03","modified_gmt":"2025-01-31T10:26:03","slug":"sonnenuntergangstour-ibiza","status":"publish","type":"product","link":"https:\/\/fliparas.com\/de\/tatigkeit\/sonnenuntergangstour-ibiza\/","title":{"rendered":"Sonnenuntergangstour Ibiza"},"content":{"rendered":"<p style=\"text-align: center;\">Sonnenuntergangstour Ibiza.<\/p>\n<p style=\"text-align: center;\">Die besten Junggesellenabschiede mit <a href=\"https:\/\/fliparas.com\/de\/junggesellenabschied\/\">Junggesellenabschied<\/a>! <a href=\"https:\/\/fliparas.com\/de\/junggesellinnenabschied\/\">Junggesellinnenabschied<\/a>!<\/p>\n<h2 style=\"text-align: center;\">Sonnenuntergangstour Ibiza \ud83c\udf0a<\/h2>\n<ul>\n<li style=\"text-align: center;\"><strong>\ud83c\udf05 Wenn du ein unvergessliches Erlebnis haben willst, sind die Sonnenunterg\u00e4nge auf Ibiza genau das Richtige f\u00fcr dich!!! \ud83c\udf05\u00a0<\/strong>Wir besichtigen <strong>die besten Str\u00e4nde der Insel:<br \/>\n- Cala Comte:<\/strong> Enth\u00e4lt zwei kleine Inseln mit kristallklarem Wasser.<br \/>\n<strong>- Cala Benirr\u00e1s:<\/strong> Bekannt f\u00fcr seine Trommeln bei Sonnenuntergang, seine lebhafte und einzigartige Atmosph\u00e4re.<br \/>\n<strong>- Ses Salines:<\/strong> Sandd\u00fcnen, t\u00fcrkisfarbenes Wasser, ein langer, romantischer Strand.<br \/>\n<strong>- Es Vedr\u00e0:<\/strong> Mystische Umgebung, mit besonderer Energie.<br \/>\n<strong>- Cala d'Hort:<\/strong> Es befindet sich gegen\u00fcber von Es Vedr\u00e0 und bietet einen unglaublichen Blick auf den Sonnenuntergang.<\/li>\n<\/ul>\n<h4 style=\"text-align: center;\">Sie werden von der Magie Ihrer Leute umgeben sein, w\u00e4hrend Sie die unbeschreibliche Sch\u00f6nheit Ibizas bewundern!<\/h4>\n<p><strong>Abschalten und entspannen<\/strong> im Herzen von Ibiza!<br \/>\nWorauf warten Sie noch, um Ihren Sunset auf Ibiza zu buchen?<\/p>\n<h4 style=\"text-align: center;\">Denken Sie an das Ende des Tages... Springen Sie ins Wasser, h\u00f6ren Sie die Musik, die Sie m\u00f6gen, lachen Sie mit Ihren Freunden, machen Sie ein Picknick...<br \/>\nAll diese Aktivit\u00e4ten und alle anderen, die Sie sich w\u00fcnschen, werden w\u00e4hrend des Ibiza-Sonnenuntergangs noch unvergesslicher!<\/h4>\n<p>Buchen Sie jetzt und tauchen Sie ein in diese wertvolle und einzigartige Erfahrung auf Ibiza.<\/p>\n<p style=\"text-align: center;\"><strong><br \/>\n- Sonnenuntergangstour Ibiza!<\/strong> Ein fesselndes Abenteuer wartet auf dich! \ud83d\udc2c<\/p>\n<p class=\"p1\" style=\"text-align: center;\"><strong>RESERVIERUNG M\u00d6GLICH F\u00dcR GRUPPEN VON: 8 bis 30 PERSONEN<\/strong><\/p>","protected":false},"excerpt":{"rendered":"<p style=\"text-align: center;\"><strong>Sonnenuntergangstour Ibiza! Wenn Sie ein unvergessliches Erlebnis w\u00fcnschen, sind die Sonnenunterg\u00e4nge auf Ibiza genau das Richtige f\u00fcr Sie!<br \/>\n<\/strong>Ein fesselndes Abenteuer wartet auf dich! \ud83d\udc2c<\/p>\n<p class=\"p1\" style=\"text-align: center;\"><strong>RESERVIERUNG M\u00d6GLICH F\u00dcR GRUPPEN VON: 8 bis 30 PERSONEN<\/strong><\/p>","protected":false},"featured_media":1447,"template":"","meta":[],"product_brand":[425],"product_cat":[266,265,267],"product_tag":[347,348,214,310],"class_list":{"0":"post-1446","1":"product","2":"type-product","3":"status-publish","4":"has-post-thumbnail","6":"product_brand-fliparas-inc","7":"product_cat-hen-party-ibiza-activities","8":"product_cat-ibiza","9":"product_cat-stag-party-ibiza-activities","10":"product_tag-ibiza-sunset","11":"product_tag-kayak-sunset-ibiza","12":"product_tag-kayak-tour","13":"product_tag-kayak-tour-ibiza","15":"first","16":"instock","17":"virtual","18":"sold-individually","19":"purchasable","20":"product-type-booking"},"yoast_head":"<!-- This site is optimized with the Yoast SEO plugin v26.9 - https:\/\/yoast.com\/product\/yoast-seo-wordpress\/ -->\n<title>Sunset Tour Ibiza \ud83c\udf05\u200b<\/title>\n<meta name=\"description\" content=\"Sunset Tour Ibiza. If you want an unforgettable experience, the sunsets in Ibiza are what you need!!! Contact Us! Sunsets in Ibiza!\" \/>\n<meta name=\"robots\" content=\"index, follow, max-snippet:-1, max-image-preview:large, max-video-preview:-1\" \/>\n<link rel=\"canonical\" href=\"https:\/\/fliparas.com\/de\/tatigkeit\/sonnenuntergangstour-ibiza\/\" \/>\n<meta property=\"og:locale\" content=\"de_DE\" \/>\n<meta property=\"og:type\" content=\"article\" \/>\n<meta property=\"og:title\" content=\"Sunset Tour Ibiza \ud83c\udf05\u200b\" \/>\n<meta property=\"og:description\" content=\"Sunset Tour Ibiza. If you want an unforgettable experience, the sunsets in Ibiza are what you need!!! Contact Us! Sunsets in Ibiza!\" \/>\n<meta property=\"og:url\" content=\"https:\/\/fliparas.com\/de\/tatigkeit\/sonnenuntergangstour-ibiza\/\" \/>\n<meta property=\"og:site_name\" content=\"Agency Specialised in Stag and Hen Parties\" \/>\n<meta property=\"article:modified_time\" content=\"2025-01-31T10:26:03+00:00\" \/>\n<meta property=\"og:image\" content=\"https:\/\/fliparas.com\/wp-content\/uploads\/2024\/03\/Diseno-sin-titulo-12-1.png\" \/>\n\t<meta property=\"og:image:width\" content=\"500\" \/>\n\t<meta property=\"og:image:height\" content=\"457\" \/>\n\t<meta property=\"og:image:type\" content=\"image\/png\" \/>\n<meta name=\"twitter:card\" content=\"summary_large_image\" \/>\n<meta name=\"twitter:label1\" content=\"Price\" \/>\n\t<meta name=\"twitter:data1\" content=\"80,00&nbsp;&euro;\" \/>\n\t<meta name=\"twitter:label2\" content=\"Availability\" \/>\n\t<meta name=\"twitter:data2\" content=\"In stock\" \/>\n<script type=\"application\/ld+json\" class=\"yoast-schema-graph\">{\"@context\":\"https:\/\/schema.org\",\"@graph\":[{\"@type\":\"WebPage\",\"@id\":\"https:\/\/fliparas.com\/activity\/sunset-tour-ibiza\/\",\"url\":\"https:\/\/fliparas.com\/activity\/sunset-tour-ibiza\/\",\"name\":\"Sunset Tour Ibiza \ud83c\udf05\u200b\",\"isPartOf\":{\"@id\":\"https:\/\/fliparas.com\/#website\"},\"primaryImageOfPage\":{\"@id\":\"https:\/\/fliparas.com\/activity\/sunset-tour-ibiza\/#primaryimage\"},\"image\":{\"@id\":\"https:\/\/fliparas.com\/activity\/sunset-tour-ibiza\/#primaryimage\"},\"thumbnailUrl\":\"https:\/\/fliparas.com\/wp-content\/uploads\/2024\/03\/Diseno-sin-titulo-12-1.png\",\"datePublished\":\"2024-03-26T14:04:43+00:00\",\"dateModified\":\"2025-01-31T10:26:03+00:00\",\"description\":\"Sunset Tour Ibiza. If you want an unforgettable experience, the sunsets in Ibiza are what you need!!! Contact Us! Sunsets in Ibiza!\",\"breadcrumb\":{\"@id\":\"https:\/\/fliparas.com\/activity\/sunset-tour-ibiza\/#breadcrumb\"},\"inLanguage\":\"de\",\"potentialAction\":[{\"@type\":\"ReadAction\",\"target\":[\"https:\/\/fliparas.com\/activity\/sunset-tour-ibiza\/\"]}]},{\"@type\":\"ImageObject\",\"inLanguage\":\"de\",\"@id\":\"https:\/\/fliparas.com\/activity\/sunset-tour-ibiza\/#primaryimage\",\"url\":\"https:\/\/fliparas.com\/wp-content\/uploads\/2024\/03\/Diseno-sin-titulo-12-1.png\",\"contentUrl\":\"https:\/\/fliparas.com\/wp-content\/uploads\/2024\/03\/Diseno-sin-titulo-12-1.png\",\"width\":500,\"height\":457,\"caption\":\"Sunset Tour Ibiza Image\"},{\"@type\":\"BreadcrumbList\",\"@id\":\"https:\/\/fliparas.com\/activity\/sunset-tour-ibiza\/#breadcrumb\",\"itemListElement\":[{\"@type\":\"ListItem\",\"position\":1,\"name\":\"Home\",\"item\":\"https:\/\/fliparas.com\/\"},{\"@type\":\"ListItem\",\"position\":2,\"name\":\"Shop\",\"item\":\"https:\/\/fliparas.com\/shop\/\"},{\"@type\":\"ListItem\",\"position\":3,\"name\":\"Sunset Tour Ibiza\"}]},{\"@type\":\"WebSite\",\"@id\":\"https:\/\/fliparas.com\/#website\",\"url\":\"https:\/\/fliparas.com\/\",\"name\":\"Agency Specialised in Stag and Hen Parties\",\"description\":\"Trust the highest rated agency to organize an unforgettable stag and hen parties in Europe\",\"publisher\":{\"@id\":\"https:\/\/fliparas.com\/#organization\"},\"alternateName\":\"Fliparas Agency Specialised in Stag and Hen Parties\",\"potentialAction\":[{\"@type\":\"SearchAction\",\"target\":{\"@type\":\"EntryPoint\",\"urlTemplate\":\"https:\/\/fliparas.com\/?s={search_term_string}\"},\"query-input\":{\"@type\":\"PropertyValueSpecification\",\"valueRequired\":true,\"valueName\":\"search_term_string\"}}],\"inLanguage\":\"de\"},{\"@type\":\"Organization\",\"@id\":\"https:\/\/fliparas.com\/#organization\",\"name\":\"Fliparas\",\"alternateName\":\"Agency Specialised in Stag and Hen Parties\",\"url\":\"https:\/\/fliparas.com\/\",\"logo\":{\"@type\":\"ImageObject\",\"inLanguage\":\"de\",\"@id\":\"https:\/\/fliparas.com\/#\/schema\/logo\/image\/\",\"url\":\"https:\/\/fliparas.com\/wp-content\/uploads\/2024\/03\/Logo-Fliparas.png\",\"contentUrl\":\"https:\/\/fliparas.com\/wp-content\/uploads\/2024\/03\/Logo-Fliparas.png\",\"width\":1024,\"height\":1024,\"caption\":\"Fliparas\"},\"image\":{\"@id\":\"https:\/\/fliparas.com\/#\/schema\/logo\/image\/\"}}]}<\/script>\n<meta property=\"product:price:amount\" content=\"80.00\" \/>\n<meta property=\"product:price:currency\" content=\"EUR\" \/>\n<meta property=\"og:availability\" content=\"instock\" \/>\n<meta property=\"product:availability\" content=\"instock\" \/>\n<meta property=\"product:condition\" content=\"new\" \/>\n<!-- \/ Yoast SEO plugin. -->","yoast_head_json":{"title":"Sonnenuntergangstour Ibiza \ud83c\udf05","description":"Sonnenuntergangstour Ibiza. Wenn Sie ein unvergessliches Erlebnis wollen, sind die Sonnenunterg\u00e4nge auf Ibiza das, was Sie brauchen!!! Kontaktieren Sie uns! Sonnenunterg\u00e4nge auf Ibiza!","robots":{"index":"index","follow":"follow","max-snippet":"max-snippet:-1","max-image-preview":"max-image-preview:large","max-video-preview":"max-video-preview:-1"},"canonical":"https:\/\/fliparas.com\/de\/tatigkeit\/sonnenuntergangstour-ibiza\/","og_locale":"de_DE","og_type":"article","og_title":"Sunset Tour Ibiza \ud83c\udf05\u200b","og_description":"Sunset Tour Ibiza. If you want an unforgettable experience, the sunsets in Ibiza are what you need!!! Contact Us! Sunsets in Ibiza!","og_url":"https:\/\/fliparas.com\/de\/tatigkeit\/sonnenuntergangstour-ibiza\/","og_site_name":"Agency Specialised in Stag and Hen Parties","article_modified_time":"2025-01-31T10:26:03+00:00","og_image":[{"width":500,"height":457,"url":"https:\/\/fliparas.com\/wp-content\/uploads\/2024\/03\/Diseno-sin-titulo-12-1.png","type":"image\/png"}],"twitter_card":"summary_large_image","twitter_misc":{"Price":"80,00&nbsp;&euro;","Availability":"In stock"},"schema":{"@context":"https:\/\/schema.org","@graph":[{"@type":"WebPage","@id":"https:\/\/fliparas.com\/activity\/sunset-tour-ibiza\/","url":"https:\/\/fliparas.com\/activity\/sunset-tour-ibiza\/","name":"Sonnenuntergangstour Ibiza \ud83c\udf05","isPartOf":{"@id":"https:\/\/fliparas.com\/#website"},"primaryImageOfPage":{"@id":"https:\/\/fliparas.com\/activity\/sunset-tour-ibiza\/#primaryimage"},"image":{"@id":"https:\/\/fliparas.com\/activity\/sunset-tour-ibiza\/#primaryimage"},"thumbnailUrl":"https:\/\/fliparas.com\/wp-content\/uploads\/2024\/03\/Diseno-sin-titulo-12-1.png","datePublished":"2024-03-26T14:04:43+00:00","dateModified":"2025-01-31T10:26:03+00:00","description":"Sonnenuntergangstour Ibiza. Wenn Sie ein unvergessliches Erlebnis wollen, sind die Sonnenunterg\u00e4nge auf Ibiza das, was Sie brauchen!!! Kontaktieren Sie uns! Sonnenunterg\u00e4nge auf Ibiza!","breadcrumb":{"@id":"https:\/\/fliparas.com\/activity\/sunset-tour-ibiza\/#breadcrumb"},"inLanguage":"de","potentialAction":[{"@type":"ReadAction","target":["https:\/\/fliparas.com\/activity\/sunset-tour-ibiza\/"]}]},{"@type":"ImageObject","inLanguage":"de","@id":"https:\/\/fliparas.com\/activity\/sunset-tour-ibiza\/#primaryimage","url":"https:\/\/fliparas.com\/wp-content\/uploads\/2024\/03\/Diseno-sin-titulo-12-1.png","contentUrl":"https:\/\/fliparas.com\/wp-content\/uploads\/2024\/03\/Diseno-sin-titulo-12-1.png","width":500,"height":457,"caption":"Sunset Tour Ibiza Image"},{"@type":"BreadcrumbList","@id":"https:\/\/fliparas.com\/activity\/sunset-tour-ibiza\/#breadcrumb","itemListElement":[{"@type":"ListItem","position":1,"name":"Home","item":"https:\/\/fliparas.com\/"},{"@type":"ListItem","position":2,"name":"Shop","item":"https:\/\/fliparas.com\/shop\/"},{"@type":"ListItem","position":3,"name":"Sunset Tour Ibiza"}]},{"@type":"WebSite","@id":"https:\/\/fliparas.com\/#website","url":"https:\/\/fliparas.com\/","name":"Auf Junggesellen- und Junggesellinnenabschiede spezialisierte Agentur","description":"Vertrauen Sie der bestbewerteten Agentur, um einen unvergesslichen Junggesellenabschied in Europa zu organisieren","publisher":{"@id":"https:\/\/fliparas.com\/#organization"},"alternateName":"Fliparas Agency Specialised in Stag and Hen Parties","potentialAction":[{"@type":"SearchAction","target":{"@type":"EntryPoint","urlTemplate":"https:\/\/fliparas.com\/?s={search_term_string}"},"query-input":{"@type":"PropertyValueSpecification","valueRequired":true,"valueName":"search_term_string"}}],"inLanguage":"de"},{"@type":"Organization","@id":"https:\/\/fliparas.com\/#organization","name":"Fliparas","alternateName":"Agency Specialised in Stag and Hen Parties","url":"https:\/\/fliparas.com\/","logo":{"@type":"ImageObject","inLanguage":"de","@id":"https:\/\/fliparas.com\/#\/schema\/logo\/image\/","url":"https:\/\/fliparas.com\/wp-content\/uploads\/2024\/03\/Logo-Fliparas.png","contentUrl":"https:\/\/fliparas.com\/wp-content\/uploads\/2024\/03\/Logo-Fliparas.png","width":1024,"height":1024,"caption":"Fliparas"},"image":{"@id":"https:\/\/fliparas.com\/#\/schema\/logo\/image\/"}}]},"product_price_amount":"80.00","product_price_currency":"EUR","og_availability":"instock","product_availability":"instock","product_condition":"new"},"_links":{"self":[{"href":"https:\/\/fliparas.com\/de\/wp-json\/wp\/v2\/product\/1446","targetHints":{"allow":["GET"]}}],"collection":[{"href":"https:\/\/fliparas.com\/de\/wp-json\/wp\/v2\/product"}],"about":[{"href":"https:\/\/fliparas.com\/de\/wp-json\/wp\/v2\/types\/product"}],"wp:featuredmedia":[{"embeddable":true,"href":"https:\/\/fliparas.com\/de\/wp-json\/wp\/v2\/media\/1447"}],"wp:attachment":[{"href":"https:\/\/fliparas.com\/de\/wp-json\/wp\/v2\/media?parent=1446"}],"wp:term":[{"taxonomy":"product_brand","embeddable":true,"href":"https:\/\/fliparas.com\/de\/wp-json\/wp\/v2\/product_brand?post=1446"},{"taxonomy":"product_cat","embeddable":true,"href":"https:\/\/fliparas.com\/de\/wp-json\/wp\/v2\/product_cat?post=1446"},{"taxonomy":"product_tag","embeddable":true,"href":"https:\/\/fliparas.com\/de\/wp-json\/wp\/v2\/product_tag?post=1446"}],"curies":[{"name":"wp","href":"https:\/\/api.w.org\/{rel}","templated":true}]}}