{"id":1455,"date":"2024-03-26T15:23:28","date_gmt":"2024-03-26T15:23:28","guid":{"rendered":"https:\/\/fliparas.com\/?post_type=product&#038;p=1455"},"modified":"2025-01-31T11:26:03","modified_gmt":"2025-01-31T10:26:03","slug":"sexy-kampf-auf-ibiza","status":"publish","type":"product","link":"https:\/\/fliparas.com\/de\/tatigkeit\/sexy-kampf-auf-ibiza\/","title":{"rendered":"Sexy Fight auf Ibiza"},"content":{"rendered":"<p>Sexy Schl\u00e4gerei auf Ibiza. Ein Kampf in einem Schwimmbad voller Schokolade zwischen zwei Stripperinnen in Bikinis und dem Verlobten. Am Ende finden sich die M\u00e4dchen in der Spitze am wenigsten wieder. Eine lustige und kollaborative Animation.<\/p>\n<ul>\n<li>Die besten Junggesellenabschiede mit <a href=\"https:\/\/fliparas.com\/de\/junggesellenabschied\/\">Junggesellenabschied<\/a>! <a href=\"https:\/\/fliparas.com\/de\/junggesellinnenabschied\/\">Junggesellinnenabschied<\/a>!<\/li>\n<\/ul>\n<h2 style=\"text-align: center;\">Sexy Schl\u00e4gerei auf Ibiza \ud83d\udd25<\/h2>\n<p>Stell dir vor, du lebst den Traum eines jeden. Zwei sch\u00f6ne und mutige Frauen stehen sich in einem gnadenlosen Kampf gegen\u00fcber. Der Schlamm bedeckt sie und macht sie noch sexy und aufreizend. Ein Kampf zwischen zwei explosiven M\u00e4dchen in Bikinis in einem Pool aus Wasser und Schokolade. Der Br\u00e4utigam, unser Protagonist des Junggesellenabschieds, wird sich im Pool befinden. Obwohl der Kampf mit beiden M\u00e4dchen in Bikinis beginnt, wird er ohne die Oberteile enden.<\/p>\n<p>Wir alle wissen, dass es bei einem Kampf viele Ber\u00fchrungen gibt, viele Reibereien.... Was gibt es Besseres, als zu sehen, wie sich diese hinrei\u00dfenden M\u00e4dchen aneinander reiben?<\/p>\n<p>Buchen Sie mit Ihrer Gruppe und verpassen Sie nicht dieses erotische und unterhaltsame Erlebnis.<\/p>\n<p>Der Kampf ist intensiv und leidenschaftlich. Die beiden Frauen k\u00e4mpfen mit aller Kraft und liefern sich ein spektakul\u00e4res und adrenalingeladenes Spektakel.<\/p>\n<p>Schlammcatchen ist ein einzigartiges und wildes Spektakel. Denken Sie daran, bevor Sie gehen, es wird Ihnen den Atem rauben.<\/p>\n<p>Kannst du dir eine bessere Art und Weise vorstellen, deinen Junggesellenabschied zu feiern, als dieses sexy Beisammensein auf Ibiza?<\/p>\n<p style=\"text-align: center;\">\ud83d\udd25 Buche jetzt deinen sexy Kampf auf Ibiza\ud83d\udd25<\/p>","protected":false},"excerpt":{"rendered":"<p>Ein Kampf in einem Schwimmbad voller Schokolade zwischen zwei Stripperinnen in Bikinis und dem Verlobten. Am Ende finden sich die M\u00e4dchen in der Spitze am wenigsten wieder. Lustige und kollaborative Animation.<\/p>","protected":false},"featured_media":0,"template":"","meta":[],"product_brand":[425],"product_cat":[265,267],"product_tag":[189,188],"class_list":{"0":"post-1455","1":"product","2":"type-product","3":"status-publish","5":"product_brand-fliparas-inc","6":"product_cat-ibiza","7":"product_cat-stag-party-ibiza-activities","8":"product_tag-erotic-fight-in-mallorca","9":"product_tag-sexy-fight-in-mallorca","11":"first","12":"instock","13":"virtual","14":"sold-individually","15":"purchasable","16":"product-type-booking"},"yoast_head":"<!-- This site is optimized with the Yoast SEO plugin v26.9 - https:\/\/yoast.com\/product\/yoast-seo-wordpress\/ -->\n<title>Sexy Fight in Ibiza<\/title>\n<meta name=\"description\" content=\"Sexy Fight in Ibiza - A fight in a swimming pool full of chocolate between two strippers in bikinis and the fianc\u00e9. Wrestling in the mud\" \/>\n<meta name=\"robots\" content=\"index, follow, max-snippet:-1, max-image-preview:large, max-video-preview:-1\" \/>\n<link rel=\"canonical\" href=\"https:\/\/fliparas.com\/de\/tatigkeit\/sexy-kampf-auf-ibiza\/\" \/>\n<meta property=\"og:locale\" content=\"de_DE\" \/>\n<meta property=\"og:type\" content=\"article\" \/>\n<meta property=\"og:title\" content=\"Sexy Fight in Ibiza\" \/>\n<meta property=\"og:description\" content=\"Sexy Fight in Ibiza - A fight in a swimming pool full of chocolate between two strippers in bikinis and the fianc\u00e9. Wrestling in the mud\" \/>\n<meta property=\"og:url\" content=\"https:\/\/fliparas.com\/de\/tatigkeit\/sexy-kampf-auf-ibiza\/\" \/>\n<meta property=\"og:site_name\" content=\"Agency Specialised in Stag and Hen Parties\" \/>\n<meta property=\"article:modified_time\" content=\"2025-01-31T10:26:03+00:00\" \/>\n<meta property=\"og:image\" content=\"https:\/\/fliparas.com\/wp-content\/uploads\/2024\/03\/Logo-Fliparas-Rec.png\" \/>\n\t<meta property=\"og:image:width\" content=\"1024\" \/>\n\t<meta property=\"og:image:height\" content=\"576\" \/>\n\t<meta property=\"og:image:type\" content=\"image\/png\" \/>\n<meta name=\"twitter:card\" content=\"summary_large_image\" \/>\n<meta name=\"twitter:label1\" content=\"Price\" \/>\n\t<meta name=\"twitter:data1\" content=\"700,00&nbsp;&euro;\" \/>\n\t<meta name=\"twitter:label2\" content=\"Availability\" \/>\n\t<meta name=\"twitter:data2\" content=\"In stock\" \/>\n<script type=\"application\/ld+json\" class=\"yoast-schema-graph\">{\"@context\":\"https:\/\/schema.org\",\"@graph\":[{\"@type\":\"WebPage\",\"@id\":\"https:\/\/fliparas.com\/activity\/sexy-fight-in-ibiza\/\",\"url\":\"https:\/\/fliparas.com\/activity\/sexy-fight-in-ibiza\/\",\"name\":\"Sexy Fight in Ibiza\",\"isPartOf\":{\"@id\":\"https:\/\/fliparas.com\/#website\"},\"datePublished\":\"2024-03-26T15:23:28+00:00\",\"dateModified\":\"2025-01-31T10:26:03+00:00\",\"description\":\"Sexy Fight in Ibiza - A fight in a swimming pool full of chocolate between two strippers in bikinis and the fianc\u00e9. Wrestling in the mud\",\"breadcrumb\":{\"@id\":\"https:\/\/fliparas.com\/activity\/sexy-fight-in-ibiza\/#breadcrumb\"},\"inLanguage\":\"de\",\"potentialAction\":[{\"@type\":\"ReadAction\",\"target\":[\"https:\/\/fliparas.com\/activity\/sexy-fight-in-ibiza\/\"]}]},{\"@type\":\"BreadcrumbList\",\"@id\":\"https:\/\/fliparas.com\/activity\/sexy-fight-in-ibiza\/#breadcrumb\",\"itemListElement\":[{\"@type\":\"ListItem\",\"position\":1,\"name\":\"Home\",\"item\":\"https:\/\/fliparas.com\/\"},{\"@type\":\"ListItem\",\"position\":2,\"name\":\"Shop\",\"item\":\"https:\/\/fliparas.com\/shop\/\"},{\"@type\":\"ListItem\",\"position\":3,\"name\":\"Sexy Fight in Ibiza\"}]},{\"@type\":\"WebSite\",\"@id\":\"https:\/\/fliparas.com\/#website\",\"url\":\"https:\/\/fliparas.com\/\",\"name\":\"Agency Specialised in Stag and Hen Parties\",\"description\":\"Trust the highest rated agency to organize an unforgettable stag and hen parties in Europe\",\"publisher\":{\"@id\":\"https:\/\/fliparas.com\/#organization\"},\"alternateName\":\"Fliparas Agency Specialised in Stag and Hen Parties\",\"potentialAction\":[{\"@type\":\"SearchAction\",\"target\":{\"@type\":\"EntryPoint\",\"urlTemplate\":\"https:\/\/fliparas.com\/?s={search_term_string}\"},\"query-input\":{\"@type\":\"PropertyValueSpecification\",\"valueRequired\":true,\"valueName\":\"search_term_string\"}}],\"inLanguage\":\"de\"},{\"@type\":\"Organization\",\"@id\":\"https:\/\/fliparas.com\/#organization\",\"name\":\"Fliparas\",\"alternateName\":\"Agency Specialised in Stag and Hen Parties\",\"url\":\"https:\/\/fliparas.com\/\",\"logo\":{\"@type\":\"ImageObject\",\"inLanguage\":\"de\",\"@id\":\"https:\/\/fliparas.com\/#\/schema\/logo\/image\/\",\"url\":\"https:\/\/fliparas.com\/wp-content\/uploads\/2024\/03\/Logo-Fliparas.png\",\"contentUrl\":\"https:\/\/fliparas.com\/wp-content\/uploads\/2024\/03\/Logo-Fliparas.png\",\"width\":1024,\"height\":1024,\"caption\":\"Fliparas\"},\"image\":{\"@id\":\"https:\/\/fliparas.com\/#\/schema\/logo\/image\/\"}}]}<\/script>\n<meta property=\"product:price:amount\" content=\"700.00\" \/>\n<meta property=\"product:price:currency\" content=\"EUR\" \/>\n<meta property=\"og:availability\" content=\"instock\" \/>\n<meta property=\"product:availability\" content=\"instock\" \/>\n<meta property=\"product:condition\" content=\"new\" \/>\n<!-- \/ Yoast SEO plugin. -->","yoast_head_json":{"title":"Sexy Fight auf Ibiza","description":"Sexy Fight in Ibiza - Ein Kampf in einem Schwimmbad voller Schokolade zwischen zwei Stripperinnen in Bikinis und dem Verlobten. Wrestling im Schlamm","robots":{"index":"index","follow":"follow","max-snippet":"max-snippet:-1","max-image-preview":"max-image-preview:large","max-video-preview":"max-video-preview:-1"},"canonical":"https:\/\/fliparas.com\/de\/tatigkeit\/sexy-kampf-auf-ibiza\/","og_locale":"de_DE","og_type":"article","og_title":"Sexy Fight in Ibiza","og_description":"Sexy Fight in Ibiza - A fight in a swimming pool full of chocolate between two strippers in bikinis and the fianc\u00e9. Wrestling in the mud","og_url":"https:\/\/fliparas.com\/de\/tatigkeit\/sexy-kampf-auf-ibiza\/","og_site_name":"Agency Specialised in Stag and Hen Parties","article_modified_time":"2025-01-31T10:26:03+00:00","og_image":[{"width":1024,"height":576,"url":"https:\/\/fliparas.com\/wp-content\/uploads\/2024\/03\/Logo-Fliparas-Rec.png","type":"image\/png"}],"twitter_card":"summary_large_image","twitter_misc":{"Price":"700,00&nbsp;&euro;","Availability":"In stock"},"schema":{"@context":"https:\/\/schema.org","@graph":[{"@type":"WebPage","@id":"https:\/\/fliparas.com\/activity\/sexy-fight-in-ibiza\/","url":"https:\/\/fliparas.com\/activity\/sexy-fight-in-ibiza\/","name":"Sexy Fight auf Ibiza","isPartOf":{"@id":"https:\/\/fliparas.com\/#website"},"datePublished":"2024-03-26T15:23:28+00:00","dateModified":"2025-01-31T10:26:03+00:00","description":"Sexy Fight in Ibiza - Ein Kampf in einem Schwimmbad voller Schokolade zwischen zwei Stripperinnen in Bikinis und dem Verlobten. Wrestling im Schlamm","breadcrumb":{"@id":"https:\/\/fliparas.com\/activity\/sexy-fight-in-ibiza\/#breadcrumb"},"inLanguage":"de","potentialAction":[{"@type":"ReadAction","target":["https:\/\/fliparas.com\/activity\/sexy-fight-in-ibiza\/"]}]},{"@type":"BreadcrumbList","@id":"https:\/\/fliparas.com\/activity\/sexy-fight-in-ibiza\/#breadcrumb","itemListElement":[{"@type":"ListItem","position":1,"name":"Home","item":"https:\/\/fliparas.com\/"},{"@type":"ListItem","position":2,"name":"Shop","item":"https:\/\/fliparas.com\/shop\/"},{"@type":"ListItem","position":3,"name":"Sexy Fight in Ibiza"}]},{"@type":"WebSite","@id":"https:\/\/fliparas.com\/#website","url":"https:\/\/fliparas.com\/","name":"Auf Junggesellen- und Junggesellinnenabschiede spezialisierte Agentur","description":"Vertrauen Sie der bestbewerteten Agentur, um einen unvergesslichen Junggesellenabschied in Europa zu organisieren","publisher":{"@id":"https:\/\/fliparas.com\/#organization"},"alternateName":"Fliparas Agency Specialised in Stag and Hen Parties","potentialAction":[{"@type":"SearchAction","target":{"@type":"EntryPoint","urlTemplate":"https:\/\/fliparas.com\/?s={search_term_string}"},"query-input":{"@type":"PropertyValueSpecification","valueRequired":true,"valueName":"search_term_string"}}],"inLanguage":"de"},{"@type":"Organization","@id":"https:\/\/fliparas.com\/#organization","name":"Fliparas","alternateName":"Agency Specialised in Stag and Hen Parties","url":"https:\/\/fliparas.com\/","logo":{"@type":"ImageObject","inLanguage":"de","@id":"https:\/\/fliparas.com\/#\/schema\/logo\/image\/","url":"https:\/\/fliparas.com\/wp-content\/uploads\/2024\/03\/Logo-Fliparas.png","contentUrl":"https:\/\/fliparas.com\/wp-content\/uploads\/2024\/03\/Logo-Fliparas.png","width":1024,"height":1024,"caption":"Fliparas"},"image":{"@id":"https:\/\/fliparas.com\/#\/schema\/logo\/image\/"}}]},"product_price_amount":"700.00","product_price_currency":"EUR","og_availability":"instock","product_availability":"instock","product_condition":"new"},"_links":{"self":[{"href":"https:\/\/fliparas.com\/de\/wp-json\/wp\/v2\/product\/1455","targetHints":{"allow":["GET"]}}],"collection":[{"href":"https:\/\/fliparas.com\/de\/wp-json\/wp\/v2\/product"}],"about":[{"href":"https:\/\/fliparas.com\/de\/wp-json\/wp\/v2\/types\/product"}],"wp:attachment":[{"href":"https:\/\/fliparas.com\/de\/wp-json\/wp\/v2\/media?parent=1455"}],"wp:term":[{"taxonomy":"product_brand","embeddable":true,"href":"https:\/\/fliparas.com\/de\/wp-json\/wp\/v2\/product_brand?post=1455"},{"taxonomy":"product_cat","embeddable":true,"href":"https:\/\/fliparas.com\/de\/wp-json\/wp\/v2\/product_cat?post=1455"},{"taxonomy":"product_tag","embeddable":true,"href":"https:\/\/fliparas.com\/de\/wp-json\/wp\/v2\/product_tag?post=1455"}],"curies":[{"name":"wp","href":"https:\/\/api.w.org\/{rel}","templated":true}]}}