{"id":1464,"date":"2024-03-26T16:20:38","date_gmt":"2024-03-26T16:20:38","guid":{"rendered":"https:\/\/fliparas.com\/?post_type=product&#038;p=1464"},"modified":"2025-01-31T11:26:02","modified_gmt":"2025-01-31T10:26:02","slug":"tapas-y-sangria-ibiza","status":"publish","type":"product","link":"https:\/\/fliparas.com\/de\/tatigkeit\/tapas-y-sangria-ibiza\/","title":{"rendered":"Tapas und Sangria Ibiza"},"content":{"rendered":"<p>Tapas und Sangria Ibiza.<\/p>\n<p>Die besten Junggesellenabschiede mit <a href=\"https:\/\/fliparas.com\/de\/junggesellenabschied\/\">Junggesellenabschied<\/a>! <a href=\"https:\/\/fliparas.com\/de\/junggesellinnenabschied\/\">Junggesellinnenabschied<\/a>!<\/p>\n<h2 style=\"text-align: center;\">Tapas und Sangria Ibiza \ud83c\udf7d\ufe0f<\/h2>\n<h4>\ud83c\udf0a Entdecken Sie die verschiedenen Tapas auf Ibiza! \u26f5<\/h4>\n<p>Begeben Sie sich auf eine kulinarische Entdeckungsreise durch Ibiza, je nachdem, in welcher Stimmung Sie sich befinden (ob gesch\u00e4ftig oder ruhig, Ibiza bietet f\u00fcr jeden etwas!)<\/p>\n<p>\ud83c\udfb6 Erleben Sie eine \u00dcberfahrt zu Musik, sonnen Sie sich auf dem Deck, bewundern Sie die K\u00fcstenlandschaft, tanzen Sie zum Rhythmus der Wellen oder genie\u00dfen Sie einfach das Segeln unter freiem Himmel bei typischen Tapas und spanischem Sangria.<\/p>\n<p>\ud83e\udd38\u200d\u2642\ufe0f Nach einer der anderen Aktivit\u00e4ten wie Schnorcheln, Tauchen, Flyboarding usw... sind Tapas und Sangria der perfekte Abschluss!<\/p>\n<p>\ud83c\udf7d\ufe0f Tapas essen zu gehen, ist Teil der spanischen Kultur und die perfekte Art, Kontakte zu kn\u00fcpfen und sich zu am\u00fcsieren. Eine andere und sogar informelle Art, sich mit Freunden zu treffen, zu reden, zu teilen und zu genie\u00dfen.<\/p>\n<p>\ud83c\udf5e Die klassischen Tapas sind Tortilla de patatas, pan con jam\u00f3n, patatas brava... Heutzutage gibt es jedoch unz\u00e4hlige andere Tapas, vegetarische, Gourmet-Tapas, kleine Versionen der typischen Gerichte.<\/p>\n<p>\ud83c\udf77 Tapas und Sangria: die perfekte Kombination f\u00fcr die Hitze Ibizas und die unvergesslichen Momente, die Sie dort verbringen werden!<\/p>\n<p>\ud83c\udf1f Buchen Sie jetzt f\u00fcr einen unvergesslichen Tag mit Tapas und Sangria!!!<\/p>\n<p>Genie\u00dfen Sie jeden Moment dieses einzigartigen Urlaubs, der Entspannung, Abenteuer und gastronomische Gen\u00fcsse im Herzen des Mittelmeers vereint. Ein unvergessliches Erlebnis auf Ibiza wartet auf Sie! \ud83c\udf1e\ud83c\udf0a<\/p>\n<ul>\n<li style=\"text-align: center;\"><strong>RESERVIERUNG M\u00d6GLICH F\u00dcR GRUPPEN VON: 6 bis 12 PERSONEN.<\/strong><\/li>\n<\/ul>","protected":false},"excerpt":{"rendered":"<p>Tapas und Sangria Ibiza. Die perfekte Kombination f\u00fcr die Hitze Ibizas und die unvergesslichen Momente, die Sie dort verbringen werden!<\/p>\n<p class=\"p1\"><strong>RESERVIERUNG M\u00d6GLICH F\u00dcR GRUPPEN VON: 6 bis 12 PERSONEN.<\/strong><\/p>","protected":false},"featured_media":1466,"template":"","meta":[],"product_brand":[425],"product_cat":[266,265,267],"product_tag":[365,364,366],"class_list":{"0":"post-1464","1":"product","2":"type-product","3":"status-publish","4":"has-post-thumbnail","6":"product_brand-fliparas-inc","7":"product_cat-hen-party-ibiza-activities","8":"product_cat-ibiza","9":"product_cat-stag-party-ibiza-activities","10":"product_tag-sangria-ibiza","11":"product_tag-tapas-ibiza","12":"product_tag-tapas-y-sangria-ibiza","14":"first","15":"instock","16":"virtual","17":"sold-individually","18":"purchasable","19":"product-type-booking"},"yoast_head":"<!-- This site is optimized with the Yoast SEO plugin v26.9 - https:\/\/yoast.com\/product\/yoast-seo-wordpress\/ -->\n<title>Tapas y Sangria Ibiza<\/title>\n<meta name=\"description\" content=\"Tapas y Sangria Ibiza. The perfect combination for the heat of Ibiza and the unforgettable moments you&#039;ll spend there! \ud83c\udf77\" \/>\n<meta name=\"robots\" content=\"index, follow, max-snippet:-1, max-image-preview:large, max-video-preview:-1\" \/>\n<link rel=\"canonical\" href=\"https:\/\/fliparas.com\/de\/tatigkeit\/tapas-y-sangria-ibiza\/\" \/>\n<meta property=\"og:locale\" content=\"de_DE\" \/>\n<meta property=\"og:type\" content=\"article\" \/>\n<meta property=\"og:title\" content=\"Tapas y Sangria Ibiza\" \/>\n<meta property=\"og:description\" content=\"Tapas y Sangria Ibiza. The perfect combination for the heat of Ibiza and the unforgettable moments you&#039;ll spend there! \ud83c\udf77\" \/>\n<meta property=\"og:url\" content=\"https:\/\/fliparas.com\/de\/tatigkeit\/tapas-y-sangria-ibiza\/\" \/>\n<meta property=\"og:site_name\" content=\"Agency Specialised in Stag and Hen Parties\" \/>\n<meta property=\"article:modified_time\" content=\"2025-01-31T10:26:02+00:00\" \/>\n<meta property=\"og:image\" content=\"https:\/\/fliparas.com\/wp-content\/uploads\/2024\/03\/Diseno-sin-titulo-20-2.jpg\" \/>\n\t<meta property=\"og:image:width\" content=\"1000\" \/>\n\t<meta property=\"og:image:height\" content=\"714\" \/>\n\t<meta property=\"og:image:type\" content=\"image\/jpeg\" \/>\n<meta name=\"twitter:card\" content=\"summary_large_image\" \/>\n<meta name=\"twitter:label1\" content=\"Price\" \/>\n\t<meta name=\"twitter:data1\" content=\"55,00&nbsp;&euro;\" \/>\n\t<meta name=\"twitter:label2\" content=\"Availability\" \/>\n\t<meta name=\"twitter:data2\" content=\"In stock\" \/>\n<script type=\"application\/ld+json\" class=\"yoast-schema-graph\">{\"@context\":\"https:\/\/schema.org\",\"@graph\":[{\"@type\":\"WebPage\",\"@id\":\"https:\/\/fliparas.com\/activity\/tapas-y-sangria-ibiza\/\",\"url\":\"https:\/\/fliparas.com\/activity\/tapas-y-sangria-ibiza\/\",\"name\":\"Tapas y Sangria Ibiza\",\"isPartOf\":{\"@id\":\"https:\/\/fliparas.com\/#website\"},\"primaryImageOfPage\":{\"@id\":\"https:\/\/fliparas.com\/activity\/tapas-y-sangria-ibiza\/#primaryimage\"},\"image\":{\"@id\":\"https:\/\/fliparas.com\/activity\/tapas-y-sangria-ibiza\/#primaryimage\"},\"thumbnailUrl\":\"https:\/\/fliparas.com\/wp-content\/uploads\/2024\/03\/Diseno-sin-titulo-20-2.jpg\",\"datePublished\":\"2024-03-26T16:20:38+00:00\",\"dateModified\":\"2025-01-31T10:26:02+00:00\",\"description\":\"Tapas y Sangria Ibiza. The perfect combination for the heat of Ibiza and the unforgettable moments you'll spend there! \ud83c\udf77\",\"breadcrumb\":{\"@id\":\"https:\/\/fliparas.com\/activity\/tapas-y-sangria-ibiza\/#breadcrumb\"},\"inLanguage\":\"de\",\"potentialAction\":[{\"@type\":\"ReadAction\",\"target\":[\"https:\/\/fliparas.com\/activity\/tapas-y-sangria-ibiza\/\"]}]},{\"@type\":\"ImageObject\",\"inLanguage\":\"de\",\"@id\":\"https:\/\/fliparas.com\/activity\/tapas-y-sangria-ibiza\/#primaryimage\",\"url\":\"https:\/\/fliparas.com\/wp-content\/uploads\/2024\/03\/Diseno-sin-titulo-20-2.jpg\",\"contentUrl\":\"https:\/\/fliparas.com\/wp-content\/uploads\/2024\/03\/Diseno-sin-titulo-20-2.jpg\",\"width\":1000,\"height\":714,\"caption\":\"Tapas y Sangria Ibiza Image Product\"},{\"@type\":\"BreadcrumbList\",\"@id\":\"https:\/\/fliparas.com\/activity\/tapas-y-sangria-ibiza\/#breadcrumb\",\"itemListElement\":[{\"@type\":\"ListItem\",\"position\":1,\"name\":\"Home\",\"item\":\"https:\/\/fliparas.com\/\"},{\"@type\":\"ListItem\",\"position\":2,\"name\":\"Shop\",\"item\":\"https:\/\/fliparas.com\/shop\/\"},{\"@type\":\"ListItem\",\"position\":3,\"name\":\"Tapas y Sangria Ibiza\"}]},{\"@type\":\"WebSite\",\"@id\":\"https:\/\/fliparas.com\/#website\",\"url\":\"https:\/\/fliparas.com\/\",\"name\":\"Agency Specialised in Stag and Hen Parties\",\"description\":\"Trust the highest rated agency to organize an unforgettable stag and hen parties in Europe\",\"publisher\":{\"@id\":\"https:\/\/fliparas.com\/#organization\"},\"alternateName\":\"Fliparas Agency Specialised in Stag and Hen Parties\",\"potentialAction\":[{\"@type\":\"SearchAction\",\"target\":{\"@type\":\"EntryPoint\",\"urlTemplate\":\"https:\/\/fliparas.com\/?s={search_term_string}\"},\"query-input\":{\"@type\":\"PropertyValueSpecification\",\"valueRequired\":true,\"valueName\":\"search_term_string\"}}],\"inLanguage\":\"de\"},{\"@type\":\"Organization\",\"@id\":\"https:\/\/fliparas.com\/#organization\",\"name\":\"Fliparas\",\"alternateName\":\"Agency Specialised in Stag and Hen Parties\",\"url\":\"https:\/\/fliparas.com\/\",\"logo\":{\"@type\":\"ImageObject\",\"inLanguage\":\"de\",\"@id\":\"https:\/\/fliparas.com\/#\/schema\/logo\/image\/\",\"url\":\"https:\/\/fliparas.com\/wp-content\/uploads\/2024\/03\/Logo-Fliparas.png\",\"contentUrl\":\"https:\/\/fliparas.com\/wp-content\/uploads\/2024\/03\/Logo-Fliparas.png\",\"width\":1024,\"height\":1024,\"caption\":\"Fliparas\"},\"image\":{\"@id\":\"https:\/\/fliparas.com\/#\/schema\/logo\/image\/\"}}]}<\/script>\n<meta property=\"product:price:amount\" content=\"55.00\" \/>\n<meta property=\"product:price:currency\" content=\"EUR\" \/>\n<meta property=\"og:availability\" content=\"instock\" \/>\n<meta property=\"product:availability\" content=\"instock\" \/>\n<meta property=\"product:condition\" content=\"new\" \/>\n<!-- \/ Yoast SEO plugin. -->","yoast_head_json":{"title":"Tapas und Sangria Ibiza","description":"Tapas und Sangria Ibiza. Die perfekte Kombination f\u00fcr die Hitze Ibizas und die unvergesslichen Momente, die Sie dort verbringen werden! \ud83c\udf77","robots":{"index":"index","follow":"follow","max-snippet":"max-snippet:-1","max-image-preview":"max-image-preview:large","max-video-preview":"max-video-preview:-1"},"canonical":"https:\/\/fliparas.com\/de\/tatigkeit\/tapas-y-sangria-ibiza\/","og_locale":"de_DE","og_type":"article","og_title":"Tapas y Sangria Ibiza","og_description":"Tapas y Sangria Ibiza. The perfect combination for the heat of Ibiza and the unforgettable moments you'll spend there! \ud83c\udf77","og_url":"https:\/\/fliparas.com\/de\/tatigkeit\/tapas-y-sangria-ibiza\/","og_site_name":"Agency Specialised in Stag and Hen Parties","article_modified_time":"2025-01-31T10:26:02+00:00","og_image":[{"width":1000,"height":714,"url":"https:\/\/fliparas.com\/wp-content\/uploads\/2024\/03\/Diseno-sin-titulo-20-2.jpg","type":"image\/jpeg"}],"twitter_card":"summary_large_image","twitter_misc":{"Price":"55,00&nbsp;&euro;","Availability":"In stock"},"schema":{"@context":"https:\/\/schema.org","@graph":[{"@type":"WebPage","@id":"https:\/\/fliparas.com\/activity\/tapas-y-sangria-ibiza\/","url":"https:\/\/fliparas.com\/activity\/tapas-y-sangria-ibiza\/","name":"Tapas und Sangria Ibiza","isPartOf":{"@id":"https:\/\/fliparas.com\/#website"},"primaryImageOfPage":{"@id":"https:\/\/fliparas.com\/activity\/tapas-y-sangria-ibiza\/#primaryimage"},"image":{"@id":"https:\/\/fliparas.com\/activity\/tapas-y-sangria-ibiza\/#primaryimage"},"thumbnailUrl":"https:\/\/fliparas.com\/wp-content\/uploads\/2024\/03\/Diseno-sin-titulo-20-2.jpg","datePublished":"2024-03-26T16:20:38+00:00","dateModified":"2025-01-31T10:26:02+00:00","description":"Tapas und Sangria Ibiza. Die perfekte Kombination f\u00fcr die Hitze Ibizas und die unvergesslichen Momente, die Sie dort verbringen werden! \ud83c\udf77","breadcrumb":{"@id":"https:\/\/fliparas.com\/activity\/tapas-y-sangria-ibiza\/#breadcrumb"},"inLanguage":"de","potentialAction":[{"@type":"ReadAction","target":["https:\/\/fliparas.com\/activity\/tapas-y-sangria-ibiza\/"]}]},{"@type":"ImageObject","inLanguage":"de","@id":"https:\/\/fliparas.com\/activity\/tapas-y-sangria-ibiza\/#primaryimage","url":"https:\/\/fliparas.com\/wp-content\/uploads\/2024\/03\/Diseno-sin-titulo-20-2.jpg","contentUrl":"https:\/\/fliparas.com\/wp-content\/uploads\/2024\/03\/Diseno-sin-titulo-20-2.jpg","width":1000,"height":714,"caption":"Tapas y Sangria Ibiza Image Product"},{"@type":"BreadcrumbList","@id":"https:\/\/fliparas.com\/activity\/tapas-y-sangria-ibiza\/#breadcrumb","itemListElement":[{"@type":"ListItem","position":1,"name":"Home","item":"https:\/\/fliparas.com\/"},{"@type":"ListItem","position":2,"name":"Shop","item":"https:\/\/fliparas.com\/shop\/"},{"@type":"ListItem","position":3,"name":"Tapas y Sangria Ibiza"}]},{"@type":"WebSite","@id":"https:\/\/fliparas.com\/#website","url":"https:\/\/fliparas.com\/","name":"Auf Junggesellen- und Junggesellinnenabschiede spezialisierte Agentur","description":"Vertrauen Sie der bestbewerteten Agentur, um einen unvergesslichen Junggesellenabschied in Europa zu organisieren","publisher":{"@id":"https:\/\/fliparas.com\/#organization"},"alternateName":"Fliparas Agency Specialised in Stag and Hen Parties","potentialAction":[{"@type":"SearchAction","target":{"@type":"EntryPoint","urlTemplate":"https:\/\/fliparas.com\/?s={search_term_string}"},"query-input":{"@type":"PropertyValueSpecification","valueRequired":true,"valueName":"search_term_string"}}],"inLanguage":"de"},{"@type":"Organization","@id":"https:\/\/fliparas.com\/#organization","name":"Fliparas","alternateName":"Agency Specialised in Stag and Hen Parties","url":"https:\/\/fliparas.com\/","logo":{"@type":"ImageObject","inLanguage":"de","@id":"https:\/\/fliparas.com\/#\/schema\/logo\/image\/","url":"https:\/\/fliparas.com\/wp-content\/uploads\/2024\/03\/Logo-Fliparas.png","contentUrl":"https:\/\/fliparas.com\/wp-content\/uploads\/2024\/03\/Logo-Fliparas.png","width":1024,"height":1024,"caption":"Fliparas"},"image":{"@id":"https:\/\/fliparas.com\/#\/schema\/logo\/image\/"}}]},"product_price_amount":"55.00","product_price_currency":"EUR","og_availability":"instock","product_availability":"instock","product_condition":"new"},"_links":{"self":[{"href":"https:\/\/fliparas.com\/de\/wp-json\/wp\/v2\/product\/1464","targetHints":{"allow":["GET"]}}],"collection":[{"href":"https:\/\/fliparas.com\/de\/wp-json\/wp\/v2\/product"}],"about":[{"href":"https:\/\/fliparas.com\/de\/wp-json\/wp\/v2\/types\/product"}],"wp:featuredmedia":[{"embeddable":true,"href":"https:\/\/fliparas.com\/de\/wp-json\/wp\/v2\/media\/1466"}],"wp:attachment":[{"href":"https:\/\/fliparas.com\/de\/wp-json\/wp\/v2\/media?parent=1464"}],"wp:term":[{"taxonomy":"product_brand","embeddable":true,"href":"https:\/\/fliparas.com\/de\/wp-json\/wp\/v2\/product_brand?post=1464"},{"taxonomy":"product_cat","embeddable":true,"href":"https:\/\/fliparas.com\/de\/wp-json\/wp\/v2\/product_cat?post=1464"},{"taxonomy":"product_tag","embeddable":true,"href":"https:\/\/fliparas.com\/de\/wp-json\/wp\/v2\/product_tag?post=1464"}],"curies":[{"name":"wp","href":"https:\/\/api.w.org\/{rel}","templated":true}]}}