{"id":1565,"date":"2024-03-27T16:11:52","date_gmt":"2024-03-27T16:11:52","guid":{"rendered":"https:\/\/fliparas.com\/?post_type=product&#038;p=1565"},"modified":"2025-01-31T11:26:13","modified_gmt":"2025-01-31T10:26:13","slug":"paella-kochkurs-valencia","status":"publish","type":"product","link":"https:\/\/fliparas.com\/de\/tatigkeit\/paella-kochkurs-valencia\/","title":{"rendered":"Paella-Kurs Valencia"},"content":{"rendered":"<p>Paella-Kurs Valencia.<\/p>\n<p>Wir sind <a href=\"https:\/\/fliparas.com\/de\/junggesellenabschied\/\">Junggesellenabschied<\/a>! <a href=\"https:\/\/fliparas.com\/de\/junggesellinnenabschied\/\">Junggesellinnenabschied<\/a>! und wir organisieren Ihren Junggesellenabschied<\/p>\n<p>Werden Sie ein Paella-Profi in Valencia!<\/p>\n<ul>\n<li style=\"text-align: center;\">Wecken Sie den Koch in sich und entdecken Sie die beliebteste K\u00fcche Spaniens: Paella!<br \/>\n<span style=\"font-size: 23.04px; text-align: center; color: #333333;\"><br \/>\nPaella-Kurs Valencia \ud83e\udd58<br \/>\n<\/span><\/li>\n<\/ul>\n<div>\n<h4 style=\"text-align: center;\">Gute Gr\u00fcnde f\u00fcr die Teilnahme an der Paella Valencia:<\/h4>\n<div>\n<p>* <strong>Die K\u00fcche als Bindeglied:<\/strong> Diese Erfahrung geht weit \u00fcber das Erlernen eines Gerichts hinaus, denn sie ist eine Gelegenheit, sich mit unseren Lieben zu verbinden, neue Leute kennenzulernen und neue Erinnerungen zu schaffen. Kochen, lachen und teilen.<\/p>\n<\/div>\n<div>\n<p>*<strong> F\u00fcr alle Stufen:<\/strong> Es spielt keine Rolle, ob Sie nicht wissen, wie man Reis kocht, oder ob Sie der bekannteste Koch Ihrer Stadt sind, die Paella, die wir Ihnen beibringen, kann von jedem zubereitet werden!<\/p>\n<\/div>\n<div>\n<p>* <strong>Erfahrene K\u00f6che:<\/strong> Die K\u00f6che sind Profis, die sich der Paella-K\u00fcche verschrieben haben, so dass Sie von den Besten lernen k\u00f6nnen. Sie werden Ihnen ihr Wissen und ihre Traditionen der Paella n\u00e4her bringen. Ihre Paella wird authentisch sein!<\/p>\n<\/div>\n<div>* <strong>Vollst\u00e4ndig interaktiv:<\/strong> Der Kurs ist so aufgebaut, dass Sie von Anfang an dabei sind und keine Zeit haben, sich zu fragen, ob Sie einen Schritt verstanden haben oder nicht! Jeder wird an jedem Schritt beteiligt sein, bis das Ergebnis erreicht ist! Eine eindringliche Erfahrung.<\/div>\n<\/div>\n<h3 style=\"text-align: center;\">\ud83c\udf89 Entdecken Sie den Paella-Kurs in Valencia!<\/h3>\n<p style=\"text-align: center;\"><strong>MINDESTUMSATZ: 6 PERSONEN.<br \/>\n<\/strong><strong>ZEIT: 4 STUNDEN.\u00a0<\/strong><\/p>","protected":false},"excerpt":{"rendered":"<p>Paella-Kochkurs in Valencia! Entdecke den Koch in dir und entdecke Spaniens beliebteste K\u00fcche: Paella! \ud83e\udd58 Kontaktieren Sie uns!<\/p>\n<p><strong>MINDESTUMSATZ: 6 PERSONEN.<br \/>\n<\/strong><strong>ZEIT: 4 STUNDEN.\u00a0<\/strong><\/p>","protected":false},"featured_media":1566,"template":"","meta":[],"product_brand":[425],"product_cat":[370,371,369],"product_tag":[376,374,375],"class_list":{"0":"post-1565","1":"product","2":"type-product","3":"status-publish","4":"has-post-thumbnail","6":"product_brand-fliparas-inc","7":"product_cat-hen-party-valencia-activities","8":"product_cat-stag-party-valencia-activities","9":"product_cat-valencia","10":"product_tag-paella-class-valencia","11":"product_tag-paella-making-class-valencia","12":"product_tag-paella-valencia","14":"first","15":"instock","16":"virtual","17":"sold-individually","18":"purchasable","19":"product-type-booking"},"yoast_head":"<!-- This site is optimized with the Yoast SEO plugin v26.9 - https:\/\/yoast.com\/product\/yoast-seo-wordpress\/ -->\n<title>Paella Making Class Valencia \ud83e\udd58\u200b<\/title>\n<meta name=\"description\" content=\"Paella Making Class Valencia! Unlock the chef in you and discover Spain&#039;s most beloved cuisine: paella!\u00a0\ud83e\udd58\ud83e\udd58\u200b\ud83e\udd58\u200b Contact Us! \u200b\" \/>\n<meta name=\"robots\" content=\"index, follow, max-snippet:-1, max-image-preview:large, max-video-preview:-1\" \/>\n<link rel=\"canonical\" href=\"https:\/\/fliparas.com\/de\/tatigkeit\/paella-kochkurs-valencia\/\" \/>\n<meta property=\"og:locale\" content=\"de_DE\" \/>\n<meta property=\"og:type\" content=\"article\" \/>\n<meta property=\"og:title\" content=\"Paella Making Class Valencia \ud83e\udd58\u200b\" \/>\n<meta property=\"og:description\" content=\"Paella Making Class Valencia! Unlock the chef in you and discover Spain&#039;s most beloved cuisine: paella!\u00a0\ud83e\udd58\ud83e\udd58\u200b\ud83e\udd58\u200b Contact Us! \u200b\" \/>\n<meta property=\"og:url\" content=\"https:\/\/fliparas.com\/de\/tatigkeit\/paella-kochkurs-valencia\/\" \/>\n<meta property=\"og:site_name\" content=\"Agency Specialised in Stag and Hen Parties\" \/>\n<meta property=\"article:modified_time\" content=\"2025-01-31T10:26:13+00:00\" \/>\n<meta property=\"og:image\" content=\"https:\/\/fliparas.com\/wp-content\/uploads\/2024\/03\/Diseno-sin-titulo-36-1.jpg\" \/>\n\t<meta property=\"og:image:width\" content=\"1188\" \/>\n\t<meta property=\"og:image:height\" content=\"785\" \/>\n\t<meta property=\"og:image:type\" content=\"image\/jpeg\" \/>\n<meta name=\"twitter:card\" content=\"summary_large_image\" \/>\n<meta name=\"twitter:label1\" content=\"Price\" \/>\n\t<meta name=\"twitter:data1\" content=\"80,00&nbsp;&euro;\" \/>\n\t<meta name=\"twitter:label2\" content=\"Availability\" \/>\n\t<meta name=\"twitter:data2\" content=\"In stock\" \/>\n<script type=\"application\/ld+json\" class=\"yoast-schema-graph\">{\"@context\":\"https:\/\/schema.org\",\"@graph\":[{\"@type\":\"WebPage\",\"@id\":\"https:\/\/fliparas.com\/activity\/paella-making-class-valencia\/\",\"url\":\"https:\/\/fliparas.com\/activity\/paella-making-class-valencia\/\",\"name\":\"Paella Making Class Valencia \ud83e\udd58\u200b\",\"isPartOf\":{\"@id\":\"https:\/\/fliparas.com\/#website\"},\"primaryImageOfPage\":{\"@id\":\"https:\/\/fliparas.com\/activity\/paella-making-class-valencia\/#primaryimage\"},\"image\":{\"@id\":\"https:\/\/fliparas.com\/activity\/paella-making-class-valencia\/#primaryimage\"},\"thumbnailUrl\":\"https:\/\/fliparas.com\/wp-content\/uploads\/2024\/03\/Diseno-sin-titulo-36-1.jpg\",\"datePublished\":\"2024-03-27T16:11:52+00:00\",\"dateModified\":\"2025-01-31T10:26:13+00:00\",\"description\":\"Paella Making Class Valencia! Unlock the chef in you and discover Spain's most beloved cuisine: paella!\u00a0\ud83e\udd58\ud83e\udd58\u200b\ud83e\udd58\u200b Contact Us! \u200b\",\"breadcrumb\":{\"@id\":\"https:\/\/fliparas.com\/activity\/paella-making-class-valencia\/#breadcrumb\"},\"inLanguage\":\"de\",\"potentialAction\":[{\"@type\":\"ReadAction\",\"target\":[\"https:\/\/fliparas.com\/activity\/paella-making-class-valencia\/\"]}]},{\"@type\":\"ImageObject\",\"inLanguage\":\"de\",\"@id\":\"https:\/\/fliparas.com\/activity\/paella-making-class-valencia\/#primaryimage\",\"url\":\"https:\/\/fliparas.com\/wp-content\/uploads\/2024\/03\/Diseno-sin-titulo-36-1.jpg\",\"contentUrl\":\"https:\/\/fliparas.com\/wp-content\/uploads\/2024\/03\/Diseno-sin-titulo-36-1.jpg\",\"width\":1188,\"height\":785,\"caption\":\"Paella Making Class Valencia Image Product\"},{\"@type\":\"BreadcrumbList\",\"@id\":\"https:\/\/fliparas.com\/activity\/paella-making-class-valencia\/#breadcrumb\",\"itemListElement\":[{\"@type\":\"ListItem\",\"position\":1,\"name\":\"Home\",\"item\":\"https:\/\/fliparas.com\/\"},{\"@type\":\"ListItem\",\"position\":2,\"name\":\"Shop\",\"item\":\"https:\/\/fliparas.com\/shop\/\"},{\"@type\":\"ListItem\",\"position\":3,\"name\":\"Paella Making Class Valencia\"}]},{\"@type\":\"WebSite\",\"@id\":\"https:\/\/fliparas.com\/#website\",\"url\":\"https:\/\/fliparas.com\/\",\"name\":\"Agency Specialised in Stag and Hen Parties\",\"description\":\"Trust the highest rated agency to organize an unforgettable stag and hen parties in Europe\",\"publisher\":{\"@id\":\"https:\/\/fliparas.com\/#organization\"},\"alternateName\":\"Fliparas Agency Specialised in Stag and Hen Parties\",\"potentialAction\":[{\"@type\":\"SearchAction\",\"target\":{\"@type\":\"EntryPoint\",\"urlTemplate\":\"https:\/\/fliparas.com\/?s={search_term_string}\"},\"query-input\":{\"@type\":\"PropertyValueSpecification\",\"valueRequired\":true,\"valueName\":\"search_term_string\"}}],\"inLanguage\":\"de\"},{\"@type\":\"Organization\",\"@id\":\"https:\/\/fliparas.com\/#organization\",\"name\":\"Fliparas\",\"alternateName\":\"Agency Specialised in Stag and Hen Parties\",\"url\":\"https:\/\/fliparas.com\/\",\"logo\":{\"@type\":\"ImageObject\",\"inLanguage\":\"de\",\"@id\":\"https:\/\/fliparas.com\/#\/schema\/logo\/image\/\",\"url\":\"https:\/\/fliparas.com\/wp-content\/uploads\/2024\/03\/Logo-Fliparas.png\",\"contentUrl\":\"https:\/\/fliparas.com\/wp-content\/uploads\/2024\/03\/Logo-Fliparas.png\",\"width\":1024,\"height\":1024,\"caption\":\"Fliparas\"},\"image\":{\"@id\":\"https:\/\/fliparas.com\/#\/schema\/logo\/image\/\"}}]}<\/script>\n<meta property=\"product:price:amount\" content=\"80.00\" \/>\n<meta property=\"product:price:currency\" content=\"EUR\" \/>\n<meta property=\"og:availability\" content=\"instock\" \/>\n<meta property=\"product:availability\" content=\"instock\" \/>\n<meta property=\"product:condition\" content=\"new\" \/>\n<!-- \/ Yoast SEO plugin. -->","yoast_head_json":{"title":"Paella-Kurs Valencia \ud83e\udd58","description":"Paella-Kochkurs in Valencia! Entdecke den Koch in dir und entdecke Spaniens beliebteste K\u00fcche: Paella! \ud83e\udd58\ud83e\udd58\ud83e\udd58 Kontaktieren Sie uns!","robots":{"index":"index","follow":"follow","max-snippet":"max-snippet:-1","max-image-preview":"max-image-preview:large","max-video-preview":"max-video-preview:-1"},"canonical":"https:\/\/fliparas.com\/de\/tatigkeit\/paella-kochkurs-valencia\/","og_locale":"de_DE","og_type":"article","og_title":"Paella Making Class Valencia \ud83e\udd58\u200b","og_description":"Paella Making Class Valencia! Unlock the chef in you and discover Spain's most beloved cuisine: paella!\u00a0\ud83e\udd58\ud83e\udd58\u200b\ud83e\udd58\u200b Contact Us! \u200b","og_url":"https:\/\/fliparas.com\/de\/tatigkeit\/paella-kochkurs-valencia\/","og_site_name":"Agency Specialised in Stag and Hen Parties","article_modified_time":"2025-01-31T10:26:13+00:00","og_image":[{"width":1188,"height":785,"url":"https:\/\/fliparas.com\/wp-content\/uploads\/2024\/03\/Diseno-sin-titulo-36-1.jpg","type":"image\/jpeg"}],"twitter_card":"summary_large_image","twitter_misc":{"Price":"80,00&nbsp;&euro;","Availability":"In stock"},"schema":{"@context":"https:\/\/schema.org","@graph":[{"@type":"WebPage","@id":"https:\/\/fliparas.com\/activity\/paella-making-class-valencia\/","url":"https:\/\/fliparas.com\/activity\/paella-making-class-valencia\/","name":"Paella-Kurs Valencia \ud83e\udd58","isPartOf":{"@id":"https:\/\/fliparas.com\/#website"},"primaryImageOfPage":{"@id":"https:\/\/fliparas.com\/activity\/paella-making-class-valencia\/#primaryimage"},"image":{"@id":"https:\/\/fliparas.com\/activity\/paella-making-class-valencia\/#primaryimage"},"thumbnailUrl":"https:\/\/fliparas.com\/wp-content\/uploads\/2024\/03\/Diseno-sin-titulo-36-1.jpg","datePublished":"2024-03-27T16:11:52+00:00","dateModified":"2025-01-31T10:26:13+00:00","description":"Paella-Kochkurs in Valencia! Entdecke den Koch in dir und entdecke Spaniens beliebteste K\u00fcche: Paella! \ud83e\udd58\ud83e\udd58\ud83e\udd58 Kontaktieren Sie uns!","breadcrumb":{"@id":"https:\/\/fliparas.com\/activity\/paella-making-class-valencia\/#breadcrumb"},"inLanguage":"de","potentialAction":[{"@type":"ReadAction","target":["https:\/\/fliparas.com\/activity\/paella-making-class-valencia\/"]}]},{"@type":"ImageObject","inLanguage":"de","@id":"https:\/\/fliparas.com\/activity\/paella-making-class-valencia\/#primaryimage","url":"https:\/\/fliparas.com\/wp-content\/uploads\/2024\/03\/Diseno-sin-titulo-36-1.jpg","contentUrl":"https:\/\/fliparas.com\/wp-content\/uploads\/2024\/03\/Diseno-sin-titulo-36-1.jpg","width":1188,"height":785,"caption":"Paella Making Class Valencia Image Product"},{"@type":"BreadcrumbList","@id":"https:\/\/fliparas.com\/activity\/paella-making-class-valencia\/#breadcrumb","itemListElement":[{"@type":"ListItem","position":1,"name":"Home","item":"https:\/\/fliparas.com\/"},{"@type":"ListItem","position":2,"name":"Shop","item":"https:\/\/fliparas.com\/shop\/"},{"@type":"ListItem","position":3,"name":"Paella Making Class Valencia"}]},{"@type":"WebSite","@id":"https:\/\/fliparas.com\/#website","url":"https:\/\/fliparas.com\/","name":"Auf Junggesellen- und Junggesellinnenabschiede spezialisierte Agentur","description":"Vertrauen Sie der bestbewerteten Agentur, um einen unvergesslichen Junggesellenabschied in Europa zu organisieren","publisher":{"@id":"https:\/\/fliparas.com\/#organization"},"alternateName":"Fliparas Agency Specialised in Stag and Hen Parties","potentialAction":[{"@type":"SearchAction","target":{"@type":"EntryPoint","urlTemplate":"https:\/\/fliparas.com\/?s={search_term_string}"},"query-input":{"@type":"PropertyValueSpecification","valueRequired":true,"valueName":"search_term_string"}}],"inLanguage":"de"},{"@type":"Organization","@id":"https:\/\/fliparas.com\/#organization","name":"Fliparas","alternateName":"Agency Specialised in Stag and Hen Parties","url":"https:\/\/fliparas.com\/","logo":{"@type":"ImageObject","inLanguage":"de","@id":"https:\/\/fliparas.com\/#\/schema\/logo\/image\/","url":"https:\/\/fliparas.com\/wp-content\/uploads\/2024\/03\/Logo-Fliparas.png","contentUrl":"https:\/\/fliparas.com\/wp-content\/uploads\/2024\/03\/Logo-Fliparas.png","width":1024,"height":1024,"caption":"Fliparas"},"image":{"@id":"https:\/\/fliparas.com\/#\/schema\/logo\/image\/"}}]},"product_price_amount":"80.00","product_price_currency":"EUR","og_availability":"instock","product_availability":"instock","product_condition":"new"},"_links":{"self":[{"href":"https:\/\/fliparas.com\/de\/wp-json\/wp\/v2\/product\/1565","targetHints":{"allow":["GET"]}}],"collection":[{"href":"https:\/\/fliparas.com\/de\/wp-json\/wp\/v2\/product"}],"about":[{"href":"https:\/\/fliparas.com\/de\/wp-json\/wp\/v2\/types\/product"}],"wp:featuredmedia":[{"embeddable":true,"href":"https:\/\/fliparas.com\/de\/wp-json\/wp\/v2\/media\/1566"}],"wp:attachment":[{"href":"https:\/\/fliparas.com\/de\/wp-json\/wp\/v2\/media?parent=1565"}],"wp:term":[{"taxonomy":"product_brand","embeddable":true,"href":"https:\/\/fliparas.com\/de\/wp-json\/wp\/v2\/product_brand?post=1565"},{"taxonomy":"product_cat","embeddable":true,"href":"https:\/\/fliparas.com\/de\/wp-json\/wp\/v2\/product_cat?post=1565"},{"taxonomy":"product_tag","embeddable":true,"href":"https:\/\/fliparas.com\/de\/wp-json\/wp\/v2\/product_tag?post=1565"}],"curies":[{"name":"wp","href":"https:\/\/api.w.org\/{rel}","templated":true}]}}