{"id":1584,"date":"2024-03-28T10:41:30","date_gmt":"2024-03-28T10:41:30","guid":{"rendered":"https:\/\/fliparas.com\/?post_type=product&#038;p=1584"},"modified":"2025-01-31T11:26:13","modified_gmt":"2025-01-31T10:26:13","slug":"bubble-foot-valencia","status":"publish","type":"product","link":"https:\/\/fliparas.com\/de\/tatigkeit\/bubble-foot-valencia\/","title":{"rendered":"Blasenfu\u00df Valencia"},"content":{"rendered":"<p style=\"text-align: center;\">Blasenfu\u00df Valencia<\/p>\n<p style=\"text-align: center;\">Wir sind <a href=\"https:\/\/fliparas.com\/de\/junggesellenabschied\/\">Junggesellenabschied<\/a>! <a href=\"https:\/\/fliparas.com\/de\/junggesellinnenabschied\/\">Junggesellinnenabschied<\/a>! und wir organisieren Ihren Junggesellenabschied.<\/p>\n<p style=\"text-align: center;\"><span style=\"font-size: 23.04px; text-align: center; color: #333333;\">Bubble Foot Valencia \ud83d\udd0d.<\/span><\/p>\n<p>&nbsp;<\/p>\n<div>\n<h4 style=\"text-align: center;\">Entdecken Sie unseren immersiven Spa\u00df: <strong>Blasenfu\u00df!<\/strong><br \/>\nSie wollen eine aufregende Wendung in Ihrem Leben?<br \/>\nBubbleFoot bietet dir eine ganze Stunde voller Lachen, Wettbewerb und unglaublicher Momente!<\/h4>\n<div>\n<h3 style=\"text-align: center;\">Warum sollten Sie diese Erfahrung machen?<\/h3>\n<ul>\n<li><strong>Wir k\u00f6nnen Sie bei besonderen Veranstaltungen unterst\u00fctzen:<\/strong> Junggesellenabschiede, Firmenevents, Geburtstage... Mit Bublle Foot haben Sie garantiert eine Menge Spa\u00df und Lacher! \u2600\ufe0f<br \/>\n\u2800\u2800\u2800\u2800\u2800\u2800\u2800\u2800<\/li>\n<li><strong>Wir sind in Valencia!<\/strong> M\u00f6chten Sie Ihr Leben umkrempeln und am Ende einen bezaubernden Blick auf einen der sch\u00f6nsten Orte der Welt haben? Unser Burle Foot bietet alles! Komm und hab Spa\u00df in Valencia! \ud83c\udf34<br \/>\n\u2800\u2800\u2800\u2800\u2800\u2800\u2800\u2800<\/li>\n<li><strong>2 Stunden voller Freude!<\/strong> Diese 120 Minuten machen den Unterschied zu Ihrem Tag aus! Mit Lachen, Carcajadas und dem sicheren Zusammentreffen mit deinen Freunden... Es wird sicher unvergesslich werden! \ud83d\udca5<br \/>\n\u2800\u2800\u2800\u2800\u2800\u2800\u2800\u2800<\/li>\n<li><strong>Einfach online buchen!<\/strong> Sie k\u00f6nnen schnell und sicher \u00fcber unsere Website buchen. Wenn Sie weitere Fragen haben, kontaktieren Sie uns bitte und wir helfen Ihnen weiter! \ud83d\udccc<\/li>\n<\/ul>\n<div>\u2800\u2800\u2800\u2800\u2800\u2800\u2800\u2800<\/div>\n<div style=\"text-align: center;\">Warten Sie nicht l\u00e4nger!<br \/>\nKomm und hab den gr\u00f6\u00dften Spa\u00df deines Tages oder Lebens hier in Valencia!<\/div>\n<div style=\"text-align: center;\">\u2800\u2800\u2800\u2800\u2800\u2800\u2800\u2800<\/div>\n<div style=\"text-align: center;\">\u2800\u2800\u2800\u2800\u2800\u2800\u2800\u2800<\/div>\n<div style=\"text-align: center;\">Lassen Sie sich diese Gelegenheit nicht entgehen! <strong>Buchen Sie Ihr Bubble Foot Abenteuer und machen Sie sich bereit, viel zu lachen!<\/strong><\/div>\n<div style=\"text-align: center;\">Sind Sie bereit f\u00fcr die Herausforderung?<br \/>\n\u2800\u2800\u2800\u2800\u2800\u2800\u2800\u2800<\/div>\n<\/div>\n<\/div>\n<h3 style=\"text-align: center;\">\ud83c\udf89 Entdecken <span style=\"font-size: 23.04px; text-align: center; color: #333333;\">Blasenfu\u00df<\/span>!<\/h3>\n<p class=\"p1\" style=\"text-align: center;\"><b>MINIMUM: 8 PERSONEN.<\/b><\/p>\n<p style=\"text-align: center;\"><strong>ZEIT: 2 STUNDEN.\u00a0<\/strong><\/p>","protected":false},"excerpt":{"rendered":"<h4 style=\"text-align: center;\">Blasenfu\u00df Valencia!<br \/>\nLust auf eine aufregende Abwechslung in deinem Leben? Bubble Foot Valencia bietet dir zwei Stunden voller Lachen, Wettbewerb und unglaublicher Momente! \u26a1<\/h4>\n<p class=\"p1\" style=\"text-align: center;\">MINIMUM: 8 PERSONEN.<br \/>\nZEIT: 2 STUNDEN.<\/p>","protected":false},"featured_media":1585,"template":"","meta":[],"product_brand":[425],"product_cat":[370,371,369],"product_tag":[377,146],"class_list":{"0":"post-1584","1":"product","2":"type-product","3":"status-publish","4":"has-post-thumbnail","6":"product_brand-fliparas-inc","7":"product_cat-hen-party-valencia-activities","8":"product_cat-stag-party-valencia-activities","9":"product_cat-valencia","10":"product_tag-bubble-foot-valencia","11":"product_tag-bubble-football","13":"first","14":"instock","15":"virtual","16":"sold-individually","17":"purchasable","18":"product-type-booking"},"yoast_head":"<!-- This site is optimized with the Yoast SEO plugin v26.9 - https:\/\/yoast.com\/product\/yoast-seo-wordpress\/ -->\n<title>Bubble Foot Valencia \u26a1\u200b<\/title>\n<meta name=\"description\" content=\"Want an exciting twist in your life? Bubble Foot Valencia offers you two hours of laughter, competition and incredible moments! \u26a1\u200b\" \/>\n<meta name=\"robots\" content=\"index, follow, max-snippet:-1, max-image-preview:large, max-video-preview:-1\" \/>\n<link rel=\"canonical\" href=\"https:\/\/fliparas.com\/de\/tatigkeit\/bubble-foot-valencia\/\" \/>\n<meta property=\"og:locale\" content=\"de_DE\" \/>\n<meta property=\"og:type\" content=\"article\" \/>\n<meta property=\"og:title\" content=\"Bubble Foot Valencia \u26a1\u200b\" \/>\n<meta property=\"og:description\" content=\"Want an exciting twist in your life? Bubble Foot Valencia offers you two hours of laughter, competition and incredible moments! \u26a1\u200b\" \/>\n<meta property=\"og:url\" content=\"https:\/\/fliparas.com\/de\/tatigkeit\/bubble-foot-valencia\/\" \/>\n<meta property=\"og:site_name\" content=\"Agency Specialised in Stag and Hen Parties\" \/>\n<meta property=\"article:modified_time\" content=\"2025-01-31T10:26:13+00:00\" \/>\n<meta property=\"og:image\" content=\"https:\/\/fliparas.com\/wp-content\/uploads\/2024\/03\/1.3-Optimizacion-Web-Cusco-Creativos-3.jpg\" \/>\n\t<meta property=\"og:image:width\" content=\"2046\" \/>\n\t<meta property=\"og:image:height\" content=\"1447\" \/>\n\t<meta property=\"og:image:type\" content=\"image\/jpeg\" \/>\n<meta name=\"twitter:card\" content=\"summary_large_image\" \/>\n<meta name=\"twitter:label1\" content=\"Price\" \/>\n\t<meta name=\"twitter:data1\" content=\"40,00&nbsp;&euro;\" \/>\n\t<meta name=\"twitter:label2\" content=\"Availability\" \/>\n\t<meta name=\"twitter:data2\" content=\"In stock\" \/>\n<script type=\"application\/ld+json\" class=\"yoast-schema-graph\">{\"@context\":\"https:\/\/schema.org\",\"@graph\":[{\"@type\":\"WebPage\",\"@id\":\"https:\/\/fliparas.com\/activity\/bubble-foot-valencia\/\",\"url\":\"https:\/\/fliparas.com\/activity\/bubble-foot-valencia\/\",\"name\":\"Bubble Foot Valencia \u26a1\u200b\",\"isPartOf\":{\"@id\":\"https:\/\/fliparas.com\/#website\"},\"primaryImageOfPage\":{\"@id\":\"https:\/\/fliparas.com\/activity\/bubble-foot-valencia\/#primaryimage\"},\"image\":{\"@id\":\"https:\/\/fliparas.com\/activity\/bubble-foot-valencia\/#primaryimage\"},\"thumbnailUrl\":\"https:\/\/fliparas.com\/wp-content\/uploads\/2024\/03\/1.3-Optimizacion-Web-Cusco-Creativos-3.jpg\",\"datePublished\":\"2024-03-28T10:41:30+00:00\",\"dateModified\":\"2025-01-31T10:26:13+00:00\",\"description\":\"Want an exciting twist in your life? Bubble Foot Valencia offers you two hours of laughter, competition and incredible moments! \u26a1\u200b\",\"breadcrumb\":{\"@id\":\"https:\/\/fliparas.com\/activity\/bubble-foot-valencia\/#breadcrumb\"},\"inLanguage\":\"de\",\"potentialAction\":[{\"@type\":\"ReadAction\",\"target\":[\"https:\/\/fliparas.com\/activity\/bubble-foot-valencia\/\"]}]},{\"@type\":\"ImageObject\",\"inLanguage\":\"de\",\"@id\":\"https:\/\/fliparas.com\/activity\/bubble-foot-valencia\/#primaryimage\",\"url\":\"https:\/\/fliparas.com\/wp-content\/uploads\/2024\/03\/1.3-Optimizacion-Web-Cusco-Creativos-3.jpg\",\"contentUrl\":\"https:\/\/fliparas.com\/wp-content\/uploads\/2024\/03\/1.3-Optimizacion-Web-Cusco-Creativos-3.jpg\",\"width\":2046,\"height\":1447,\"caption\":\"Bubble Foot Valencia Image 1\"},{\"@type\":\"BreadcrumbList\",\"@id\":\"https:\/\/fliparas.com\/activity\/bubble-foot-valencia\/#breadcrumb\",\"itemListElement\":[{\"@type\":\"ListItem\",\"position\":1,\"name\":\"Home\",\"item\":\"https:\/\/fliparas.com\/\"},{\"@type\":\"ListItem\",\"position\":2,\"name\":\"Shop\",\"item\":\"https:\/\/fliparas.com\/shop\/\"},{\"@type\":\"ListItem\",\"position\":3,\"name\":\"Bubble Foot Valencia\"}]},{\"@type\":\"WebSite\",\"@id\":\"https:\/\/fliparas.com\/#website\",\"url\":\"https:\/\/fliparas.com\/\",\"name\":\"Agency Specialised in Stag and Hen Parties\",\"description\":\"Trust the highest rated agency to organize an unforgettable stag and hen parties in Europe\",\"publisher\":{\"@id\":\"https:\/\/fliparas.com\/#organization\"},\"alternateName\":\"Fliparas Agency Specialised in Stag and Hen Parties\",\"potentialAction\":[{\"@type\":\"SearchAction\",\"target\":{\"@type\":\"EntryPoint\",\"urlTemplate\":\"https:\/\/fliparas.com\/?s={search_term_string}\"},\"query-input\":{\"@type\":\"PropertyValueSpecification\",\"valueRequired\":true,\"valueName\":\"search_term_string\"}}],\"inLanguage\":\"de\"},{\"@type\":\"Organization\",\"@id\":\"https:\/\/fliparas.com\/#organization\",\"name\":\"Fliparas\",\"alternateName\":\"Agency Specialised in Stag and Hen Parties\",\"url\":\"https:\/\/fliparas.com\/\",\"logo\":{\"@type\":\"ImageObject\",\"inLanguage\":\"de\",\"@id\":\"https:\/\/fliparas.com\/#\/schema\/logo\/image\/\",\"url\":\"https:\/\/fliparas.com\/wp-content\/uploads\/2024\/03\/Logo-Fliparas.png\",\"contentUrl\":\"https:\/\/fliparas.com\/wp-content\/uploads\/2024\/03\/Logo-Fliparas.png\",\"width\":1024,\"height\":1024,\"caption\":\"Fliparas\"},\"image\":{\"@id\":\"https:\/\/fliparas.com\/#\/schema\/logo\/image\/\"}}]}<\/script>\n<meta property=\"product:price:amount\" content=\"40.00\" \/>\n<meta property=\"product:price:currency\" content=\"EUR\" \/>\n<meta property=\"og:availability\" content=\"instock\" \/>\n<meta property=\"product:availability\" content=\"instock\" \/>\n<meta property=\"product:condition\" content=\"new\" \/>\n<!-- \/ Yoast SEO plugin. -->","yoast_head_json":{"title":"Blasenfu\u00df Valencia \u26a1","description":"Lust auf eine aufregende Abwechslung in deinem Leben? Bubble Foot Valencia bietet dir zwei Stunden voller Lachen, Wettbewerb und unglaublicher Momente! \u26a1","robots":{"index":"index","follow":"follow","max-snippet":"max-snippet:-1","max-image-preview":"max-image-preview:large","max-video-preview":"max-video-preview:-1"},"canonical":"https:\/\/fliparas.com\/de\/tatigkeit\/bubble-foot-valencia\/","og_locale":"de_DE","og_type":"article","og_title":"Bubble Foot Valencia \u26a1\u200b","og_description":"Want an exciting twist in your life? Bubble Foot Valencia offers you two hours of laughter, competition and incredible moments! \u26a1\u200b","og_url":"https:\/\/fliparas.com\/de\/tatigkeit\/bubble-foot-valencia\/","og_site_name":"Agency Specialised in Stag and Hen Parties","article_modified_time":"2025-01-31T10:26:13+00:00","og_image":[{"width":2046,"height":1447,"url":"https:\/\/fliparas.com\/wp-content\/uploads\/2024\/03\/1.3-Optimizacion-Web-Cusco-Creativos-3.jpg","type":"image\/jpeg"}],"twitter_card":"summary_large_image","twitter_misc":{"Price":"40,00&nbsp;&euro;","Availability":"In stock"},"schema":{"@context":"https:\/\/schema.org","@graph":[{"@type":"WebPage","@id":"https:\/\/fliparas.com\/activity\/bubble-foot-valencia\/","url":"https:\/\/fliparas.com\/activity\/bubble-foot-valencia\/","name":"Blasenfu\u00df Valencia \u26a1","isPartOf":{"@id":"https:\/\/fliparas.com\/#website"},"primaryImageOfPage":{"@id":"https:\/\/fliparas.com\/activity\/bubble-foot-valencia\/#primaryimage"},"image":{"@id":"https:\/\/fliparas.com\/activity\/bubble-foot-valencia\/#primaryimage"},"thumbnailUrl":"https:\/\/fliparas.com\/wp-content\/uploads\/2024\/03\/1.3-Optimizacion-Web-Cusco-Creativos-3.jpg","datePublished":"2024-03-28T10:41:30+00:00","dateModified":"2025-01-31T10:26:13+00:00","description":"Lust auf eine aufregende Abwechslung in deinem Leben? Bubble Foot Valencia bietet dir zwei Stunden voller Lachen, Wettbewerb und unglaublicher Momente! \u26a1","breadcrumb":{"@id":"https:\/\/fliparas.com\/activity\/bubble-foot-valencia\/#breadcrumb"},"inLanguage":"de","potentialAction":[{"@type":"ReadAction","target":["https:\/\/fliparas.com\/activity\/bubble-foot-valencia\/"]}]},{"@type":"ImageObject","inLanguage":"de","@id":"https:\/\/fliparas.com\/activity\/bubble-foot-valencia\/#primaryimage","url":"https:\/\/fliparas.com\/wp-content\/uploads\/2024\/03\/1.3-Optimizacion-Web-Cusco-Creativos-3.jpg","contentUrl":"https:\/\/fliparas.com\/wp-content\/uploads\/2024\/03\/1.3-Optimizacion-Web-Cusco-Creativos-3.jpg","width":2046,"height":1447,"caption":"Bubble Foot Valencia Image 1"},{"@type":"BreadcrumbList","@id":"https:\/\/fliparas.com\/activity\/bubble-foot-valencia\/#breadcrumb","itemListElement":[{"@type":"ListItem","position":1,"name":"Home","item":"https:\/\/fliparas.com\/"},{"@type":"ListItem","position":2,"name":"Shop","item":"https:\/\/fliparas.com\/shop\/"},{"@type":"ListItem","position":3,"name":"Bubble Foot Valencia"}]},{"@type":"WebSite","@id":"https:\/\/fliparas.com\/#website","url":"https:\/\/fliparas.com\/","name":"Auf Junggesellen- und Junggesellinnenabschiede spezialisierte Agentur","description":"Vertrauen Sie der bestbewerteten Agentur, um einen unvergesslichen Junggesellenabschied in Europa zu organisieren","publisher":{"@id":"https:\/\/fliparas.com\/#organization"},"alternateName":"Fliparas Agency Specialised in Stag and Hen Parties","potentialAction":[{"@type":"SearchAction","target":{"@type":"EntryPoint","urlTemplate":"https:\/\/fliparas.com\/?s={search_term_string}"},"query-input":{"@type":"PropertyValueSpecification","valueRequired":true,"valueName":"search_term_string"}}],"inLanguage":"de"},{"@type":"Organization","@id":"https:\/\/fliparas.com\/#organization","name":"Fliparas","alternateName":"Agency Specialised in Stag and Hen Parties","url":"https:\/\/fliparas.com\/","logo":{"@type":"ImageObject","inLanguage":"de","@id":"https:\/\/fliparas.com\/#\/schema\/logo\/image\/","url":"https:\/\/fliparas.com\/wp-content\/uploads\/2024\/03\/Logo-Fliparas.png","contentUrl":"https:\/\/fliparas.com\/wp-content\/uploads\/2024\/03\/Logo-Fliparas.png","width":1024,"height":1024,"caption":"Fliparas"},"image":{"@id":"https:\/\/fliparas.com\/#\/schema\/logo\/image\/"}}]},"product_price_amount":"40.00","product_price_currency":"EUR","og_availability":"instock","product_availability":"instock","product_condition":"new"},"_links":{"self":[{"href":"https:\/\/fliparas.com\/de\/wp-json\/wp\/v2\/product\/1584","targetHints":{"allow":["GET"]}}],"collection":[{"href":"https:\/\/fliparas.com\/de\/wp-json\/wp\/v2\/product"}],"about":[{"href":"https:\/\/fliparas.com\/de\/wp-json\/wp\/v2\/types\/product"}],"wp:featuredmedia":[{"embeddable":true,"href":"https:\/\/fliparas.com\/de\/wp-json\/wp\/v2\/media\/1585"}],"wp:attachment":[{"href":"https:\/\/fliparas.com\/de\/wp-json\/wp\/v2\/media?parent=1584"}],"wp:term":[{"taxonomy":"product_brand","embeddable":true,"href":"https:\/\/fliparas.com\/de\/wp-json\/wp\/v2\/product_brand?post=1584"},{"taxonomy":"product_cat","embeddable":true,"href":"https:\/\/fliparas.com\/de\/wp-json\/wp\/v2\/product_cat?post=1584"},{"taxonomy":"product_tag","embeddable":true,"href":"https:\/\/fliparas.com\/de\/wp-json\/wp\/v2\/product_tag?post=1584"}],"curies":[{"name":"wp","href":"https:\/\/api.w.org\/{rel}","templated":true}]}}