{"id":431,"date":"2024-03-19T12:24:07","date_gmt":"2024-03-19T12:24:07","guid":{"rendered":"https:\/\/fliparas.com\/?post_type=product&#038;p=431"},"modified":"2025-01-31T11:26:10","modified_gmt":"2025-01-31T10:26:10","slug":"bootsfest-auf-mallorca","status":"publish","type":"product","link":"https:\/\/fliparas.com\/de\/tatigkeit\/bootsfest-auf-mallorca\/","title":{"rendered":"Bootsfestival auf Mallorca"},"content":{"rendered":"<p>Bootsfest auf Mallorca.<\/p>\n<p>Die besten Junggesellenabschiede mit <a href=\"https:\/\/fliparas.com\/de\/junggesellenabschied\/\">Junggesellenabschied<\/a>! <a href=\"https:\/\/fliparas.com\/de\/junggesellinnenabschied\/\">Junggesellinnenabschied<\/a>!<\/p>\n<h2 style=\"text-align: center;\">Bootsfest auf Mallorca \ud83d\udea4<\/h2>\n<p style=\"text-align: center;\">MINDESTUMSATZ: 3 PERSONEN.<\/p>\n<h5>\ud83c\udf1e Party am glitzernden Meer in Palma de Mallorca! \ud83d\udea2<\/h5>\n<p>\ud83c\udf89 Freuen Sie sich auf einen sensationellen Tag mit unserer Bootsfahrt am Nachmittag in Palma de Mallorca! Begeben Sie sich auf ein dreist\u00fcndiges Abenteuer und segeln Sie bei strahlendem Sonnenschein und in festlicher Atmosph\u00e4re an Bord.<\/p>\n<p>\ud83c\udf7d\ufe0f Verw\u00f6hnen Sie Ihre Geschmacksnerven mit unserem erstklassigen mediterranen Buffet. Begleitet von Bier, Sangria und Erfrischungsgetr\u00e4nken, um Ihren Durst in der Sonne zu stillen.<\/p>\n<p>\ud83c\udfb6 Tanzen Sie zu den Beats unseres DJs! Er schafft eine fr\u00f6hliche Atmosph\u00e4re, die Sie den ganzen Tag \u00fcber in Bewegung h\u00e4lt. \ud83d\udd7a<\/p>\n<p>\ud83c\udf0a Planen Sie einen Stopp auf hoher See ein, eine perfekte Gelegenheit f\u00fcr alle, die in das kristallklare Wasser von Palma eintauchen und sich abk\u00fchlen m\u00f6chten. \ud83c\udfca<\/p>\n<p>Um jeden Moment zu verewigen, wird ein professioneller Fotograf an Bord sein, um Ihr L\u00e4cheln und Lachen an diesem unvergesslichen Tag festzuhalten.<\/p>\n<p>\ud83c\udf1f Reservieren Sie jetzt Ihren Platz f\u00fcr die lebendigste Kreuzfahrt in Palma!<\/p>\n<p>\ud83c\udf1e Verpassen Sie nicht diese einmalige Gelegenheit, die Sonne, lebhafte Musik, k\u00f6stliche Aromen und jede Menge Spa\u00df zu genie\u00dfen. Erleben Sie einen magischen Tag auf See in <a href=\"https:\/\/es.wikipedia.org\/wiki\/Palma_de_Mallorca\">Palma de Mallorca<\/a>! \ud83c\udf0a<\/p>","protected":false},"excerpt":{"rendered":"<p>Party auf einem Katamaran mit mehreren Gruppen. DJ, offene Bar, Barbecue und Unterhaltung inklusive. Stopps am Mittelmeer. Verf\u00fcgbar von Mai bis Mitte Oktober. Maximal 80 Pl\u00e4tze.<\/p>\n<p>MINDESTUMSATZ: 3 PERSONEN.<\/p>","protected":false},"featured_media":925,"template":"","meta":[],"product_brand":[425],"product_cat":[193,165,194],"product_tag":[182,183],"class_list":{"0":"post-431","1":"product","2":"type-product","3":"status-publish","4":"has-post-thumbnail","6":"product_brand-fliparas-inc","7":"product_cat-hen-party-mallorca","8":"product_cat-mallorca","9":"product_cat-stag-party-mallorca","10":"product_tag-boat-party-in-mallorca","11":"product_tag-mallorca-boat-party","13":"first","14":"instock","15":"sold-individually","16":"shipping-taxable","17":"purchasable","18":"product-type-booking"},"yoast_head":"<!-- This site is optimized with the Yoast SEO plugin v26.9 - https:\/\/yoast.com\/product\/yoast-seo-wordpress\/ -->\n<title>Boat Festival in Mallorca<\/title>\n<meta name=\"description\" content=\"Mallorca Boat Party - Party on a catamaran with more groups. DJ, open bar, barbecue and entertainment included. Stops at the Mediterranean Sea.\" \/>\n<meta name=\"robots\" content=\"index, follow, max-snippet:-1, max-image-preview:large, max-video-preview:-1\" \/>\n<link rel=\"canonical\" href=\"https:\/\/fliparas.com\/de\/tatigkeit\/bootsfest-auf-mallorca\/\" \/>\n<meta property=\"og:locale\" content=\"de_DE\" \/>\n<meta property=\"og:type\" content=\"article\" \/>\n<meta property=\"og:title\" content=\"Boat Festival in Mallorca\" \/>\n<meta property=\"og:description\" content=\"Mallorca Boat Party - Party on a catamaran with more groups. DJ, open bar, barbecue and entertainment included. Stops at the Mediterranean Sea.\" \/>\n<meta property=\"og:url\" content=\"https:\/\/fliparas.com\/de\/tatigkeit\/bootsfest-auf-mallorca\/\" \/>\n<meta property=\"og:site_name\" content=\"Agency Specialised in Stag and Hen Parties\" \/>\n<meta property=\"article:modified_time\" content=\"2025-01-31T10:26:10+00:00\" \/>\n<meta property=\"og:image\" content=\"https:\/\/fliparas.com\/wp-content\/uploads\/2024\/03\/Boat-Festival-img.jpeg\" \/>\n\t<meta property=\"og:image:width\" content=\"1024\" \/>\n\t<meta property=\"og:image:height\" content=\"1024\" \/>\n\t<meta property=\"og:image:type\" content=\"image\/jpeg\" \/>\n<meta name=\"twitter:card\" content=\"summary_large_image\" \/>\n<meta name=\"twitter:label1\" content=\"Price\" \/>\n\t<meta name=\"twitter:data1\" content=\"80,00&nbsp;&euro;\" \/>\n\t<meta name=\"twitter:label2\" content=\"Availability\" \/>\n\t<meta name=\"twitter:data2\" content=\"In stock\" \/>\n<script type=\"application\/ld+json\" class=\"yoast-schema-graph\">{\"@context\":\"https:\/\/schema.org\",\"@graph\":[{\"@type\":\"WebPage\",\"@id\":\"https:\/\/fliparas.com\/activity\/boat-festival-in-mallorca\/\",\"url\":\"https:\/\/fliparas.com\/activity\/boat-festival-in-mallorca\/\",\"name\":\"Boat Festival in Mallorca\",\"isPartOf\":{\"@id\":\"https:\/\/fliparas.com\/#website\"},\"primaryImageOfPage\":{\"@id\":\"https:\/\/fliparas.com\/activity\/boat-festival-in-mallorca\/#primaryimage\"},\"image\":{\"@id\":\"https:\/\/fliparas.com\/activity\/boat-festival-in-mallorca\/#primaryimage\"},\"thumbnailUrl\":\"https:\/\/fliparas.com\/wp-content\/uploads\/2024\/03\/Boat-Festival-img.jpeg\",\"datePublished\":\"2024-03-19T12:24:07+00:00\",\"dateModified\":\"2025-01-31T10:26:10+00:00\",\"description\":\"Mallorca Boat Party - Party on a catamaran with more groups. DJ, open bar, barbecue and entertainment included. Stops at the Mediterranean Sea.\",\"breadcrumb\":{\"@id\":\"https:\/\/fliparas.com\/activity\/boat-festival-in-mallorca\/#breadcrumb\"},\"inLanguage\":\"de\",\"potentialAction\":[{\"@type\":\"ReadAction\",\"target\":[\"https:\/\/fliparas.com\/activity\/boat-festival-in-mallorca\/\"]}]},{\"@type\":\"ImageObject\",\"inLanguage\":\"de\",\"@id\":\"https:\/\/fliparas.com\/activity\/boat-festival-in-mallorca\/#primaryimage\",\"url\":\"https:\/\/fliparas.com\/wp-content\/uploads\/2024\/03\/Boat-Festival-img.jpeg\",\"contentUrl\":\"https:\/\/fliparas.com\/wp-content\/uploads\/2024\/03\/Boat-Festival-img.jpeg\",\"width\":1024,\"height\":1024},{\"@type\":\"BreadcrumbList\",\"@id\":\"https:\/\/fliparas.com\/activity\/boat-festival-in-mallorca\/#breadcrumb\",\"itemListElement\":[{\"@type\":\"ListItem\",\"position\":1,\"name\":\"Home\",\"item\":\"https:\/\/fliparas.com\/\"},{\"@type\":\"ListItem\",\"position\":2,\"name\":\"Shop\",\"item\":\"https:\/\/fliparas.com\/shop\/\"},{\"@type\":\"ListItem\",\"position\":3,\"name\":\"Boat Festival in Mallorca\"}]},{\"@type\":\"WebSite\",\"@id\":\"https:\/\/fliparas.com\/#website\",\"url\":\"https:\/\/fliparas.com\/\",\"name\":\"Agency Specialised in Stag and Hen Parties\",\"description\":\"Trust the highest rated agency to organize an unforgettable stag and hen parties in Europe\",\"publisher\":{\"@id\":\"https:\/\/fliparas.com\/#organization\"},\"alternateName\":\"Fliparas Agency Specialised in Stag and Hen Parties\",\"potentialAction\":[{\"@type\":\"SearchAction\",\"target\":{\"@type\":\"EntryPoint\",\"urlTemplate\":\"https:\/\/fliparas.com\/?s={search_term_string}\"},\"query-input\":{\"@type\":\"PropertyValueSpecification\",\"valueRequired\":true,\"valueName\":\"search_term_string\"}}],\"inLanguage\":\"de\"},{\"@type\":\"Organization\",\"@id\":\"https:\/\/fliparas.com\/#organization\",\"name\":\"Fliparas\",\"alternateName\":\"Agency Specialised in Stag and Hen Parties\",\"url\":\"https:\/\/fliparas.com\/\",\"logo\":{\"@type\":\"ImageObject\",\"inLanguage\":\"de\",\"@id\":\"https:\/\/fliparas.com\/#\/schema\/logo\/image\/\",\"url\":\"https:\/\/fliparas.com\/wp-content\/uploads\/2024\/03\/Logo-Fliparas.png\",\"contentUrl\":\"https:\/\/fliparas.com\/wp-content\/uploads\/2024\/03\/Logo-Fliparas.png\",\"width\":1024,\"height\":1024,\"caption\":\"Fliparas\"},\"image\":{\"@id\":\"https:\/\/fliparas.com\/#\/schema\/logo\/image\/\"}}]}<\/script>\n<meta property=\"product:price:amount\" content=\"80.00\" \/>\n<meta property=\"product:price:currency\" content=\"EUR\" \/>\n<meta property=\"og:availability\" content=\"instock\" \/>\n<meta property=\"product:availability\" content=\"instock\" \/>\n<meta property=\"product:condition\" content=\"new\" \/>\n<!-- \/ Yoast SEO plugin. -->","yoast_head_json":{"title":"Bootsfestival auf Mallorca","description":"Mallorca Boat Party - Party auf einem Katamaran mit mehreren Gruppen. DJ, offene Bar, Barbecue und Unterhaltung inklusive. Stoppt am Mittelmeer.","robots":{"index":"index","follow":"follow","max-snippet":"max-snippet:-1","max-image-preview":"max-image-preview:large","max-video-preview":"max-video-preview:-1"},"canonical":"https:\/\/fliparas.com\/de\/tatigkeit\/bootsfest-auf-mallorca\/","og_locale":"de_DE","og_type":"article","og_title":"Boat Festival in Mallorca","og_description":"Mallorca Boat Party - Party on a catamaran with more groups. DJ, open bar, barbecue and entertainment included. Stops at the Mediterranean Sea.","og_url":"https:\/\/fliparas.com\/de\/tatigkeit\/bootsfest-auf-mallorca\/","og_site_name":"Agency Specialised in Stag and Hen Parties","article_modified_time":"2025-01-31T10:26:10+00:00","og_image":[{"width":1024,"height":1024,"url":"https:\/\/fliparas.com\/wp-content\/uploads\/2024\/03\/Boat-Festival-img.jpeg","type":"image\/jpeg"}],"twitter_card":"summary_large_image","twitter_misc":{"Price":"80,00&nbsp;&euro;","Availability":"In stock"},"schema":{"@context":"https:\/\/schema.org","@graph":[{"@type":"WebPage","@id":"https:\/\/fliparas.com\/activity\/boat-festival-in-mallorca\/","url":"https:\/\/fliparas.com\/activity\/boat-festival-in-mallorca\/","name":"Bootsfestival auf Mallorca","isPartOf":{"@id":"https:\/\/fliparas.com\/#website"},"primaryImageOfPage":{"@id":"https:\/\/fliparas.com\/activity\/boat-festival-in-mallorca\/#primaryimage"},"image":{"@id":"https:\/\/fliparas.com\/activity\/boat-festival-in-mallorca\/#primaryimage"},"thumbnailUrl":"https:\/\/fliparas.com\/wp-content\/uploads\/2024\/03\/Boat-Festival-img.jpeg","datePublished":"2024-03-19T12:24:07+00:00","dateModified":"2025-01-31T10:26:10+00:00","description":"Mallorca Boat Party - Party auf einem Katamaran mit mehreren Gruppen. DJ, offene Bar, Barbecue und Unterhaltung inklusive. Stoppt am Mittelmeer.","breadcrumb":{"@id":"https:\/\/fliparas.com\/activity\/boat-festival-in-mallorca\/#breadcrumb"},"inLanguage":"de","potentialAction":[{"@type":"ReadAction","target":["https:\/\/fliparas.com\/activity\/boat-festival-in-mallorca\/"]}]},{"@type":"ImageObject","inLanguage":"de","@id":"https:\/\/fliparas.com\/activity\/boat-festival-in-mallorca\/#primaryimage","url":"https:\/\/fliparas.com\/wp-content\/uploads\/2024\/03\/Boat-Festival-img.jpeg","contentUrl":"https:\/\/fliparas.com\/wp-content\/uploads\/2024\/03\/Boat-Festival-img.jpeg","width":1024,"height":1024},{"@type":"BreadcrumbList","@id":"https:\/\/fliparas.com\/activity\/boat-festival-in-mallorca\/#breadcrumb","itemListElement":[{"@type":"ListItem","position":1,"name":"Home","item":"https:\/\/fliparas.com\/"},{"@type":"ListItem","position":2,"name":"Shop","item":"https:\/\/fliparas.com\/shop\/"},{"@type":"ListItem","position":3,"name":"Boat Festival in Mallorca"}]},{"@type":"WebSite","@id":"https:\/\/fliparas.com\/#website","url":"https:\/\/fliparas.com\/","name":"Auf Junggesellen- und Junggesellinnenabschiede spezialisierte Agentur","description":"Vertrauen Sie der bestbewerteten Agentur, um einen unvergesslichen Junggesellenabschied in Europa zu organisieren","publisher":{"@id":"https:\/\/fliparas.com\/#organization"},"alternateName":"Fliparas Agency Specialised in Stag and Hen Parties","potentialAction":[{"@type":"SearchAction","target":{"@type":"EntryPoint","urlTemplate":"https:\/\/fliparas.com\/?s={search_term_string}"},"query-input":{"@type":"PropertyValueSpecification","valueRequired":true,"valueName":"search_term_string"}}],"inLanguage":"de"},{"@type":"Organization","@id":"https:\/\/fliparas.com\/#organization","name":"Fliparas","alternateName":"Agency Specialised in Stag and Hen Parties","url":"https:\/\/fliparas.com\/","logo":{"@type":"ImageObject","inLanguage":"de","@id":"https:\/\/fliparas.com\/#\/schema\/logo\/image\/","url":"https:\/\/fliparas.com\/wp-content\/uploads\/2024\/03\/Logo-Fliparas.png","contentUrl":"https:\/\/fliparas.com\/wp-content\/uploads\/2024\/03\/Logo-Fliparas.png","width":1024,"height":1024,"caption":"Fliparas"},"image":{"@id":"https:\/\/fliparas.com\/#\/schema\/logo\/image\/"}}]},"product_price_amount":"80.00","product_price_currency":"EUR","og_availability":"instock","product_availability":"instock","product_condition":"new"},"_links":{"self":[{"href":"https:\/\/fliparas.com\/de\/wp-json\/wp\/v2\/product\/431","targetHints":{"allow":["GET"]}}],"collection":[{"href":"https:\/\/fliparas.com\/de\/wp-json\/wp\/v2\/product"}],"about":[{"href":"https:\/\/fliparas.com\/de\/wp-json\/wp\/v2\/types\/product"}],"wp:featuredmedia":[{"embeddable":true,"href":"https:\/\/fliparas.com\/de\/wp-json\/wp\/v2\/media\/925"}],"wp:attachment":[{"href":"https:\/\/fliparas.com\/de\/wp-json\/wp\/v2\/media?parent=431"}],"wp:term":[{"taxonomy":"product_brand","embeddable":true,"href":"https:\/\/fliparas.com\/de\/wp-json\/wp\/v2\/product_brand?post=431"},{"taxonomy":"product_cat","embeddable":true,"href":"https:\/\/fliparas.com\/de\/wp-json\/wp\/v2\/product_cat?post=431"},{"taxonomy":"product_tag","embeddable":true,"href":"https:\/\/fliparas.com\/de\/wp-json\/wp\/v2\/product_tag?post=431"}],"curies":[{"name":"wp","href":"https:\/\/api.w.org\/{rel}","templated":true}]}}