{"id":437,"date":"2024-03-19T12:24:07","date_gmt":"2024-03-19T12:24:07","guid":{"rendered":"https:\/\/fliparas.com\/?post_type=product&#038;p=437"},"modified":"2025-01-31T11:26:09","modified_gmt":"2025-01-31T10:26:09","slug":"sexy-wake-up-mallorca","status":"publish","type":"product","link":"https:\/\/fliparas.com\/de\/tatigkeit\/sexy-wake-up-mallorca\/","title":{"rendered":"Sexy Wake Up Mallorca"},"content":{"rendered":"<p>Sexy Wake Up Mallorca. Aufwachen mit einer sch\u00f6nen Stripperin. K\u00f6nnen Sie sich ein besseres Erwachen vorstellen?<\/p>\n<p>Die besten Junggesellenabschiede mit <a href=\"https:\/\/fliparas.com\/de\/junggesellenabschied\/\">Junggesellenabschied<\/a>! <a href=\"https:\/\/fliparas.com\/de\/junggesellinnenabschied\/\">Junggesellinnenabschied<\/a>!<\/p>\n<h2 style=\"text-align: center;\">Sexy Wake Up Mallorca \ud83d\udd25<\/h2>\n<h5>Das erotischste Erlebnis auf Mallorca\ud83c\udf1f<\/h5>\n<p>Stellen Sie sich einen Moment lang vor, Sie wachen in Ihrem Hotel\/Ihrer Villa\/Ihrem Apartment mit einem schrecklichen Kater auf. Am Tag zuvor haben Sie die Nacht auf Mallorca mit viel Alkohol und vielen Frauen verbracht...<\/p>\n<p>Du wachst m\u00fcde auf und willst wieder ins Bett gehen, aber das Gl\u00fcck l\u00e4chelt dir zu. Eine sch\u00f6ne und hei\u00dfe Frau wartet auf dich, um dich mit viel Zuneigung aufzuwecken.<\/p>\n<p>\ud83d\udecc Unsere sch\u00f6ne Frau wird dorthin gehen, wo du schl\u00e4fst, um dir einen sehr, sehr sexy Weckruf zu geben. Mit wenig Kleidung und viel Lust wird sie dich aufwecken, und der Kater wird nicht mehr so schlimm sein.<\/p>\n<p>\ud83d\udcf7 Die Show ist privat, aber du kannst Fotos machen, um dich an das beste Erwachen deines Lebens zu erinnern.<\/p>\n<p style=\"text-align: center;\">\ud83d\udd25 F\u00fcnfzehn Minuten lang wirst du sehr gl\u00fccklich sein, wunderbare Freunde zu haben, die uns kontaktiert haben, um dich mit einer nackten Frau zu wecken.<\/p>\n<p>Stellen Sie sich vor, Sie \u00f6ffnen Ihre Augen und entdecken dieses Wunder,<\/p>\n<p>Genie\u00dfen Sie <a href=\"https:\/\/es.wikipedia.org\/wiki\/Mallorca\">Mallorca<\/a> mit dem sexiesten Weckruf deines Lebens!<\/p>\n<p>Verf\u00fcgbar f\u00fcr die Region Palma de Mallorca oder Magaluf (andere Regionen auf Anfrage).<\/p>","protected":false},"excerpt":{"rendered":"<p>Sexy Wake Up Mallorca. Aufwachen mit einer sch\u00f6nen Stripperin. K\u00f6nnen Sie sich ein besseres Erwachen vorstellen?<\/p>","protected":false},"featured_media":477,"template":"","meta":[],"product_brand":[425],"product_cat":[193,165,194],"product_tag":[264,263],"class_list":{"0":"post-437","1":"product","2":"type-product","3":"status-publish","4":"has-post-thumbnail","6":"product_brand-fliparas-inc","7":"product_cat-hen-party-mallorca","8":"product_cat-mallorca","9":"product_cat-stag-party-mallorca","10":"product_tag-sexy-wake-up","11":"product_tag-sexy-wake-up-mallorca","13":"first","14":"instock","15":"virtual","16":"sold-individually","17":"purchasable","18":"product-type-booking"},"yoast_head":"<!-- This site is optimized with the Yoast SEO plugin v26.9 - https:\/\/yoast.com\/product\/yoast-seo-wordpress\/ -->\n<title>Sexy Wake Up Mallorca<\/title>\n<meta name=\"description\" content=\"Sexy Wake Up Mallorca. Wake up to a beautiful stripper. Can you imagine a better awakening? Striper Mallorca.\" \/>\n<meta name=\"robots\" content=\"index, follow, max-snippet:-1, max-image-preview:large, max-video-preview:-1\" \/>\n<link rel=\"canonical\" href=\"https:\/\/fliparas.com\/de\/tatigkeit\/sexy-wake-up-mallorca\/\" \/>\n<meta property=\"og:locale\" content=\"de_DE\" \/>\n<meta property=\"og:type\" content=\"article\" \/>\n<meta property=\"og:title\" content=\"Sexy Wake Up Mallorca\" \/>\n<meta property=\"og:description\" content=\"Sexy Wake Up Mallorca. Wake up to a beautiful stripper. Can you imagine a better awakening? Striper Mallorca.\" \/>\n<meta property=\"og:url\" content=\"https:\/\/fliparas.com\/de\/tatigkeit\/sexy-wake-up-mallorca\/\" \/>\n<meta property=\"og:site_name\" content=\"Agency Specialised in Stag and Hen Parties\" \/>\n<meta property=\"article:modified_time\" content=\"2025-01-31T10:26:09+00:00\" \/>\n<meta property=\"og:image\" content=\"https:\/\/fliparas.com\/wp-content\/uploads\/2024\/03\/Girls-9.jpeg\" \/>\n\t<meta property=\"og:image:width\" content=\"300\" \/>\n\t<meta property=\"og:image:height\" content=\"300\" \/>\n\t<meta property=\"og:image:type\" content=\"image\/jpeg\" \/>\n<meta name=\"twitter:card\" content=\"summary_large_image\" \/>\n<meta name=\"twitter:label1\" content=\"Price\" \/>\n\t<meta name=\"twitter:data1\" content=\"260,00&nbsp;&euro;\" \/>\n\t<meta name=\"twitter:label2\" content=\"Availability\" \/>\n\t<meta name=\"twitter:data2\" content=\"In stock\" \/>\n<script type=\"application\/ld+json\" class=\"yoast-schema-graph\">{\"@context\":\"https:\/\/schema.org\",\"@graph\":[{\"@type\":\"WebPage\",\"@id\":\"https:\/\/fliparas.com\/activity\/sexy-wake-up-mallorca\/\",\"url\":\"https:\/\/fliparas.com\/activity\/sexy-wake-up-mallorca\/\",\"name\":\"Sexy Wake Up Mallorca\",\"isPartOf\":{\"@id\":\"https:\/\/fliparas.com\/#website\"},\"primaryImageOfPage\":{\"@id\":\"https:\/\/fliparas.com\/activity\/sexy-wake-up-mallorca\/#primaryimage\"},\"image\":{\"@id\":\"https:\/\/fliparas.com\/activity\/sexy-wake-up-mallorca\/#primaryimage\"},\"thumbnailUrl\":\"https:\/\/fliparas.com\/wp-content\/uploads\/2024\/03\/Girls-9.jpeg\",\"datePublished\":\"2024-03-19T12:24:07+00:00\",\"dateModified\":\"2025-01-31T10:26:09+00:00\",\"description\":\"Sexy Wake Up Mallorca. Wake up to a beautiful stripper. Can you imagine a better awakening? Striper Mallorca.\",\"breadcrumb\":{\"@id\":\"https:\/\/fliparas.com\/activity\/sexy-wake-up-mallorca\/#breadcrumb\"},\"inLanguage\":\"de\",\"potentialAction\":[{\"@type\":\"ReadAction\",\"target\":[\"https:\/\/fliparas.com\/activity\/sexy-wake-up-mallorca\/\"]}]},{\"@type\":\"ImageObject\",\"inLanguage\":\"de\",\"@id\":\"https:\/\/fliparas.com\/activity\/sexy-wake-up-mallorca\/#primaryimage\",\"url\":\"https:\/\/fliparas.com\/wp-content\/uploads\/2024\/03\/Girls-9.jpeg\",\"contentUrl\":\"https:\/\/fliparas.com\/wp-content\/uploads\/2024\/03\/Girls-9.jpeg\",\"width\":300,\"height\":300},{\"@type\":\"BreadcrumbList\",\"@id\":\"https:\/\/fliparas.com\/activity\/sexy-wake-up-mallorca\/#breadcrumb\",\"itemListElement\":[{\"@type\":\"ListItem\",\"position\":1,\"name\":\"Home\",\"item\":\"https:\/\/fliparas.com\/\"},{\"@type\":\"ListItem\",\"position\":2,\"name\":\"Shop\",\"item\":\"https:\/\/fliparas.com\/shop\/\"},{\"@type\":\"ListItem\",\"position\":3,\"name\":\"Sexy Wake Up Mallorca\"}]},{\"@type\":\"WebSite\",\"@id\":\"https:\/\/fliparas.com\/#website\",\"url\":\"https:\/\/fliparas.com\/\",\"name\":\"Agency Specialised in Stag and Hen Parties\",\"description\":\"Trust the highest rated agency to organize an unforgettable stag and hen parties in Europe\",\"publisher\":{\"@id\":\"https:\/\/fliparas.com\/#organization\"},\"alternateName\":\"Fliparas Agency Specialised in Stag and Hen Parties\",\"potentialAction\":[{\"@type\":\"SearchAction\",\"target\":{\"@type\":\"EntryPoint\",\"urlTemplate\":\"https:\/\/fliparas.com\/?s={search_term_string}\"},\"query-input\":{\"@type\":\"PropertyValueSpecification\",\"valueRequired\":true,\"valueName\":\"search_term_string\"}}],\"inLanguage\":\"de\"},{\"@type\":\"Organization\",\"@id\":\"https:\/\/fliparas.com\/#organization\",\"name\":\"Fliparas\",\"alternateName\":\"Agency Specialised in Stag and Hen Parties\",\"url\":\"https:\/\/fliparas.com\/\",\"logo\":{\"@type\":\"ImageObject\",\"inLanguage\":\"de\",\"@id\":\"https:\/\/fliparas.com\/#\/schema\/logo\/image\/\",\"url\":\"https:\/\/fliparas.com\/wp-content\/uploads\/2024\/03\/Logo-Fliparas.png\",\"contentUrl\":\"https:\/\/fliparas.com\/wp-content\/uploads\/2024\/03\/Logo-Fliparas.png\",\"width\":1024,\"height\":1024,\"caption\":\"Fliparas\"},\"image\":{\"@id\":\"https:\/\/fliparas.com\/#\/schema\/logo\/image\/\"}}]}<\/script>\n<meta property=\"product:price:amount\" content=\"260.00\" \/>\n<meta property=\"product:price:currency\" content=\"EUR\" \/>\n<meta property=\"og:availability\" content=\"instock\" \/>\n<meta property=\"product:availability\" content=\"instock\" \/>\n<meta property=\"product:condition\" content=\"new\" \/>\n<!-- \/ Yoast SEO plugin. -->","yoast_head_json":{"title":"Sexy Wake Up Mallorca","description":"Sexy Wake Up Mallorca. Aufwachen mit einer sch\u00f6nen Stripperin. K\u00f6nnen Sie sich ein sch\u00f6neres Aufwachen vorstellen? Stripper Mallorca.","robots":{"index":"index","follow":"follow","max-snippet":"max-snippet:-1","max-image-preview":"max-image-preview:large","max-video-preview":"max-video-preview:-1"},"canonical":"https:\/\/fliparas.com\/de\/tatigkeit\/sexy-wake-up-mallorca\/","og_locale":"de_DE","og_type":"article","og_title":"Sexy Wake Up Mallorca","og_description":"Sexy Wake Up Mallorca. Wake up to a beautiful stripper. Can you imagine a better awakening? Striper Mallorca.","og_url":"https:\/\/fliparas.com\/de\/tatigkeit\/sexy-wake-up-mallorca\/","og_site_name":"Agency Specialised in Stag and Hen Parties","article_modified_time":"2025-01-31T10:26:09+00:00","og_image":[{"width":300,"height":300,"url":"https:\/\/fliparas.com\/wp-content\/uploads\/2024\/03\/Girls-9.jpeg","type":"image\/jpeg"}],"twitter_card":"summary_large_image","twitter_misc":{"Price":"260,00&nbsp;&euro;","Availability":"In stock"},"schema":{"@context":"https:\/\/schema.org","@graph":[{"@type":"WebPage","@id":"https:\/\/fliparas.com\/activity\/sexy-wake-up-mallorca\/","url":"https:\/\/fliparas.com\/activity\/sexy-wake-up-mallorca\/","name":"Sexy Wake Up Mallorca","isPartOf":{"@id":"https:\/\/fliparas.com\/#website"},"primaryImageOfPage":{"@id":"https:\/\/fliparas.com\/activity\/sexy-wake-up-mallorca\/#primaryimage"},"image":{"@id":"https:\/\/fliparas.com\/activity\/sexy-wake-up-mallorca\/#primaryimage"},"thumbnailUrl":"https:\/\/fliparas.com\/wp-content\/uploads\/2024\/03\/Girls-9.jpeg","datePublished":"2024-03-19T12:24:07+00:00","dateModified":"2025-01-31T10:26:09+00:00","description":"Sexy Wake Up Mallorca. Aufwachen mit einer sch\u00f6nen Stripperin. K\u00f6nnen Sie sich ein sch\u00f6neres Aufwachen vorstellen? Stripper Mallorca.","breadcrumb":{"@id":"https:\/\/fliparas.com\/activity\/sexy-wake-up-mallorca\/#breadcrumb"},"inLanguage":"de","potentialAction":[{"@type":"ReadAction","target":["https:\/\/fliparas.com\/activity\/sexy-wake-up-mallorca\/"]}]},{"@type":"ImageObject","inLanguage":"de","@id":"https:\/\/fliparas.com\/activity\/sexy-wake-up-mallorca\/#primaryimage","url":"https:\/\/fliparas.com\/wp-content\/uploads\/2024\/03\/Girls-9.jpeg","contentUrl":"https:\/\/fliparas.com\/wp-content\/uploads\/2024\/03\/Girls-9.jpeg","width":300,"height":300},{"@type":"BreadcrumbList","@id":"https:\/\/fliparas.com\/activity\/sexy-wake-up-mallorca\/#breadcrumb","itemListElement":[{"@type":"ListItem","position":1,"name":"Home","item":"https:\/\/fliparas.com\/"},{"@type":"ListItem","position":2,"name":"Shop","item":"https:\/\/fliparas.com\/shop\/"},{"@type":"ListItem","position":3,"name":"Sexy Wake Up Mallorca"}]},{"@type":"WebSite","@id":"https:\/\/fliparas.com\/#website","url":"https:\/\/fliparas.com\/","name":"Auf Junggesellen- und Junggesellinnenabschiede spezialisierte Agentur","description":"Vertrauen Sie der bestbewerteten Agentur, um einen unvergesslichen Junggesellenabschied in Europa zu organisieren","publisher":{"@id":"https:\/\/fliparas.com\/#organization"},"alternateName":"Fliparas Agency Specialised in Stag and Hen Parties","potentialAction":[{"@type":"SearchAction","target":{"@type":"EntryPoint","urlTemplate":"https:\/\/fliparas.com\/?s={search_term_string}"},"query-input":{"@type":"PropertyValueSpecification","valueRequired":true,"valueName":"search_term_string"}}],"inLanguage":"de"},{"@type":"Organization","@id":"https:\/\/fliparas.com\/#organization","name":"Fliparas","alternateName":"Agency Specialised in Stag and Hen Parties","url":"https:\/\/fliparas.com\/","logo":{"@type":"ImageObject","inLanguage":"de","@id":"https:\/\/fliparas.com\/#\/schema\/logo\/image\/","url":"https:\/\/fliparas.com\/wp-content\/uploads\/2024\/03\/Logo-Fliparas.png","contentUrl":"https:\/\/fliparas.com\/wp-content\/uploads\/2024\/03\/Logo-Fliparas.png","width":1024,"height":1024,"caption":"Fliparas"},"image":{"@id":"https:\/\/fliparas.com\/#\/schema\/logo\/image\/"}}]},"product_price_amount":"260.00","product_price_currency":"EUR","og_availability":"instock","product_availability":"instock","product_condition":"new"},"_links":{"self":[{"href":"https:\/\/fliparas.com\/de\/wp-json\/wp\/v2\/product\/437","targetHints":{"allow":["GET"]}}],"collection":[{"href":"https:\/\/fliparas.com\/de\/wp-json\/wp\/v2\/product"}],"about":[{"href":"https:\/\/fliparas.com\/de\/wp-json\/wp\/v2\/types\/product"}],"wp:featuredmedia":[{"embeddable":true,"href":"https:\/\/fliparas.com\/de\/wp-json\/wp\/v2\/media\/477"}],"wp:attachment":[{"href":"https:\/\/fliparas.com\/de\/wp-json\/wp\/v2\/media?parent=437"}],"wp:term":[{"taxonomy":"product_brand","embeddable":true,"href":"https:\/\/fliparas.com\/de\/wp-json\/wp\/v2\/product_brand?post=437"},{"taxonomy":"product_cat","embeddable":true,"href":"https:\/\/fliparas.com\/de\/wp-json\/wp\/v2\/product_cat?post=437"},{"taxonomy":"product_tag","embeddable":true,"href":"https:\/\/fliparas.com\/de\/wp-json\/wp\/v2\/product_tag?post=437"}],"curies":[{"name":"wp","href":"https:\/\/api.w.org\/{rel}","templated":true}]}}