{"id":439,"date":"2024-03-19T12:24:08","date_gmt":"2024-03-19T12:24:08","guid":{"rendered":"https:\/\/fliparas.com\/?post_type=product&#038;p=439"},"modified":"2025-01-31T11:26:09","modified_gmt":"2025-01-31T10:26:09","slug":"mallorca-cocktail-kurs","status":"publish","type":"product","link":"https:\/\/fliparas.com\/de\/tatigkeit\/mallorca-cocktail-kurs\/","title":{"rendered":"Mallorca-Cocktailkurs"},"content":{"rendered":"<p>Mallorca-Cocktailkurs. Werden Sie ein Experte. Bereiten Sie Ihre eigenen Cocktails mit Blick auf das Mittelmeer zu und trinken Sie sie!<\/p>\n<p>Die besten Junggesellenabschiede mit <a href=\"https:\/\/fliparas.com\/de\/junggesellenabschied\/\">Junggesellenabschied<\/a>! <a href=\"https:\/\/fliparas.com\/de\/junggesellinnenabschied\/\">Junggesellinnenabschied<\/a>!<\/p>\n<h2 style=\"text-align: center;\">Mallorca Cocktailkurs\ud83c\udf79<\/h2>\n<p style=\"text-align: center;\">MINDESTUMSATZ: 10 PERSONEN.<\/p>\n<h5>Cocktail-Workshop auf Mallorca: Kreieren und genie\u00dfen Sie Ihre eigenen K\u00f6stlichkeiten auf einer Terrasse mit Blick auf das Mittelmeer!<\/h5>\n<p>\ud83c\udf05 Begeben Sie sich mit unserem Cocktail-Workshop auf eine Geschmacksreise nach Ibiza. Bereiten Sie drei k\u00f6stliche Drinks unter der Anleitung unseres Meistermixers zu.<\/p>\n<p>\ud83c\udf78 Auf einer spektakul\u00e4ren Terrasse mit Blick auf das Mittelmeer k\u00f6nnen Sie die Kunst des Mixens in einem bezaubernden Rahmen entdecken.<\/p>\n<p>\ud83c\udf79 Mischen Sie sich unter die exquisiten Aromen und lernen Sie, wie man Cocktails zubereitet, von zeitlosen Klassikern bis hin zu modernen Kreationen.<\/p>\n<p>\ud83c\udf34 Lassen Sie sich von der Inselatmosph\u00e4re inspirieren, w\u00e4hrend Sie Ihre eigenen fl\u00fcssigen Meisterwerke zubereiten. Erfreuen Sie Ihre Geschmacksnerven mit einem atemberaubenden Panoramablick.<\/p>\n<p>\ud83c\udf78 Sobald die Cocktails zubereitet sind, lehnen Sie sich zur\u00fcck und genie\u00dfen Ihre Kreationen. Sp\u00fcren Sie die Befriedigung, einen perfekt inszenierten Cocktail zu genie\u00dfen, der mit Ihren eigenen H\u00e4nden gemacht wurde.<\/p>\n<p>\ud83c\udf0aDas einzigartige Ibiza-Erlebnis spiegelt sich in jedem Schluck wider, wenn Sie Ihre Kreationen auf dieser exklusiven Terrasse genie\u00dfen.<\/p>\n<p>\ud83e\udd42 Reservieren Sie sich einen Platz f\u00fcr einen unvergesslichen Abend, der Kunst, Ausblicke und die Freude an der Cocktailkreation vereint <a href=\"https:\/\/es.wikipedia.org\/wiki\/Palma_de_Mallorca\">Palma de Mallorca <\/a>. Schaffen Sie k\u00f6stliche Erinnerungen in dieser au\u00dfergew\u00f6hnlichen Umgebung. \ud83c\udf05\ud83c\udf79<\/p>","protected":false},"excerpt":{"rendered":"<p>Mallorca-Cocktailkurs. Werden Sie ein Experte. Bereiten Sie Ihre eigenen Cocktails mit Blick auf das Mittelmeer zu und trinken Sie sie!<\/p>\n<p>MINDESTUMSATZ: 10 PERSONEN.<\/p>","protected":false},"featured_media":881,"template":"","meta":[],"product_brand":[425],"product_cat":[193,165,194],"product_tag":[251,250],"class_list":{"0":"post-439","1":"product","2":"type-product","3":"status-publish","4":"has-post-thumbnail","6":"product_brand-fliparas-inc","7":"product_cat-hen-party-mallorca","8":"product_cat-mallorca","9":"product_cat-stag-party-mallorca","10":"product_tag-cocktail-class","11":"product_tag-mallorca-cocktail-class","13":"first","14":"instock","15":"virtual","16":"sold-individually","17":"purchasable","18":"product-type-booking"},"yoast_head":"<!-- This site is optimized with the Yoast SEO plugin v26.9 - https:\/\/yoast.com\/product\/yoast-seo-wordpress\/ -->\n<title>Mallorca cocktail class<\/title>\n<meta name=\"description\" content=\"Mallorca cocktail class. Become an expert. Prepare your own cocktails with a view of the Mediterranean and drink them!\" \/>\n<meta name=\"robots\" content=\"index, follow, max-snippet:-1, max-image-preview:large, max-video-preview:-1\" \/>\n<link rel=\"canonical\" href=\"https:\/\/fliparas.com\/de\/tatigkeit\/mallorca-cocktail-kurs\/\" \/>\n<meta property=\"og:locale\" content=\"de_DE\" \/>\n<meta property=\"og:type\" content=\"article\" \/>\n<meta property=\"og:title\" content=\"Mallorca cocktail class\" \/>\n<meta property=\"og:description\" content=\"Mallorca cocktail class. Become an expert. Prepare your own cocktails with a view of the Mediterranean and drink them!\" \/>\n<meta property=\"og:url\" content=\"https:\/\/fliparas.com\/de\/tatigkeit\/mallorca-cocktail-kurs\/\" \/>\n<meta property=\"og:site_name\" content=\"Agency Specialised in Stag and Hen Parties\" \/>\n<meta property=\"article:modified_time\" content=\"2025-01-31T10:26:09+00:00\" \/>\n<meta property=\"og:image\" content=\"https:\/\/fliparas.com\/wp-content\/uploads\/2024\/03\/cocktail-class-img.jpeg\" \/>\n\t<meta property=\"og:image:width\" content=\"1024\" \/>\n\t<meta property=\"og:image:height\" content=\"1024\" \/>\n\t<meta property=\"og:image:type\" content=\"image\/jpeg\" \/>\n<meta name=\"twitter:card\" content=\"summary_large_image\" \/>\n<meta name=\"twitter:label1\" content=\"Price\" \/>\n\t<meta name=\"twitter:data1\" content=\"55,00&nbsp;&euro;\" \/>\n\t<meta name=\"twitter:label2\" content=\"Availability\" \/>\n\t<meta name=\"twitter:data2\" content=\"In stock\" \/>\n<script type=\"application\/ld+json\" class=\"yoast-schema-graph\">{\"@context\":\"https:\/\/schema.org\",\"@graph\":[{\"@type\":\"WebPage\",\"@id\":\"https:\/\/fliparas.com\/activity\/mallorca-cocktail-class\/\",\"url\":\"https:\/\/fliparas.com\/activity\/mallorca-cocktail-class\/\",\"name\":\"Mallorca cocktail class\",\"isPartOf\":{\"@id\":\"https:\/\/fliparas.com\/#website\"},\"primaryImageOfPage\":{\"@id\":\"https:\/\/fliparas.com\/activity\/mallorca-cocktail-class\/#primaryimage\"},\"image\":{\"@id\":\"https:\/\/fliparas.com\/activity\/mallorca-cocktail-class\/#primaryimage\"},\"thumbnailUrl\":\"https:\/\/fliparas.com\/wp-content\/uploads\/2024\/03\/cocktail-class-img.jpeg\",\"datePublished\":\"2024-03-19T12:24:08+00:00\",\"dateModified\":\"2025-01-31T10:26:09+00:00\",\"description\":\"Mallorca cocktail class. Become an expert. Prepare your own cocktails with a view of the Mediterranean and drink them!\",\"breadcrumb\":{\"@id\":\"https:\/\/fliparas.com\/activity\/mallorca-cocktail-class\/#breadcrumb\"},\"inLanguage\":\"de\",\"potentialAction\":[{\"@type\":\"ReadAction\",\"target\":[\"https:\/\/fliparas.com\/activity\/mallorca-cocktail-class\/\"]}]},{\"@type\":\"ImageObject\",\"inLanguage\":\"de\",\"@id\":\"https:\/\/fliparas.com\/activity\/mallorca-cocktail-class\/#primaryimage\",\"url\":\"https:\/\/fliparas.com\/wp-content\/uploads\/2024\/03\/cocktail-class-img.jpeg\",\"contentUrl\":\"https:\/\/fliparas.com\/wp-content\/uploads\/2024\/03\/cocktail-class-img.jpeg\",\"width\":1024,\"height\":1024},{\"@type\":\"BreadcrumbList\",\"@id\":\"https:\/\/fliparas.com\/activity\/mallorca-cocktail-class\/#breadcrumb\",\"itemListElement\":[{\"@type\":\"ListItem\",\"position\":1,\"name\":\"Home\",\"item\":\"https:\/\/fliparas.com\/\"},{\"@type\":\"ListItem\",\"position\":2,\"name\":\"Shop\",\"item\":\"https:\/\/fliparas.com\/shop\/\"},{\"@type\":\"ListItem\",\"position\":3,\"name\":\"Mallorca cocktail class\"}]},{\"@type\":\"WebSite\",\"@id\":\"https:\/\/fliparas.com\/#website\",\"url\":\"https:\/\/fliparas.com\/\",\"name\":\"Agency Specialised in Stag and Hen Parties\",\"description\":\"Trust the highest rated agency to organize an unforgettable stag and hen parties in Europe\",\"publisher\":{\"@id\":\"https:\/\/fliparas.com\/#organization\"},\"alternateName\":\"Fliparas Agency Specialised in Stag and Hen Parties\",\"potentialAction\":[{\"@type\":\"SearchAction\",\"target\":{\"@type\":\"EntryPoint\",\"urlTemplate\":\"https:\/\/fliparas.com\/?s={search_term_string}\"},\"query-input\":{\"@type\":\"PropertyValueSpecification\",\"valueRequired\":true,\"valueName\":\"search_term_string\"}}],\"inLanguage\":\"de\"},{\"@type\":\"Organization\",\"@id\":\"https:\/\/fliparas.com\/#organization\",\"name\":\"Fliparas\",\"alternateName\":\"Agency Specialised in Stag and Hen Parties\",\"url\":\"https:\/\/fliparas.com\/\",\"logo\":{\"@type\":\"ImageObject\",\"inLanguage\":\"de\",\"@id\":\"https:\/\/fliparas.com\/#\/schema\/logo\/image\/\",\"url\":\"https:\/\/fliparas.com\/wp-content\/uploads\/2024\/03\/Logo-Fliparas.png\",\"contentUrl\":\"https:\/\/fliparas.com\/wp-content\/uploads\/2024\/03\/Logo-Fliparas.png\",\"width\":1024,\"height\":1024,\"caption\":\"Fliparas\"},\"image\":{\"@id\":\"https:\/\/fliparas.com\/#\/schema\/logo\/image\/\"}}]}<\/script>\n<meta property=\"product:price:amount\" content=\"55.00\" \/>\n<meta property=\"product:price:currency\" content=\"EUR\" \/>\n<meta property=\"og:availability\" content=\"instock\" \/>\n<meta property=\"product:availability\" content=\"instock\" \/>\n<meta property=\"product:condition\" content=\"new\" \/>\n<!-- \/ Yoast SEO plugin. -->","yoast_head_json":{"title":"Mallorca-Cocktailkurs","description":"Mallorca-Cocktailkurs. Werden Sie ein Experte. Bereiten Sie Ihre eigenen Cocktails mit Blick auf das Mittelmeer zu und trinken Sie sie!","robots":{"index":"index","follow":"follow","max-snippet":"max-snippet:-1","max-image-preview":"max-image-preview:large","max-video-preview":"max-video-preview:-1"},"canonical":"https:\/\/fliparas.com\/de\/tatigkeit\/mallorca-cocktail-kurs\/","og_locale":"de_DE","og_type":"article","og_title":"Mallorca cocktail class","og_description":"Mallorca cocktail class. Become an expert. Prepare your own cocktails with a view of the Mediterranean and drink them!","og_url":"https:\/\/fliparas.com\/de\/tatigkeit\/mallorca-cocktail-kurs\/","og_site_name":"Agency Specialised in Stag and Hen Parties","article_modified_time":"2025-01-31T10:26:09+00:00","og_image":[{"width":1024,"height":1024,"url":"https:\/\/fliparas.com\/wp-content\/uploads\/2024\/03\/cocktail-class-img.jpeg","type":"image\/jpeg"}],"twitter_card":"summary_large_image","twitter_misc":{"Price":"55,00&nbsp;&euro;","Availability":"In stock"},"schema":{"@context":"https:\/\/schema.org","@graph":[{"@type":"WebPage","@id":"https:\/\/fliparas.com\/activity\/mallorca-cocktail-class\/","url":"https:\/\/fliparas.com\/activity\/mallorca-cocktail-class\/","name":"Mallorca-Cocktailkurs","isPartOf":{"@id":"https:\/\/fliparas.com\/#website"},"primaryImageOfPage":{"@id":"https:\/\/fliparas.com\/activity\/mallorca-cocktail-class\/#primaryimage"},"image":{"@id":"https:\/\/fliparas.com\/activity\/mallorca-cocktail-class\/#primaryimage"},"thumbnailUrl":"https:\/\/fliparas.com\/wp-content\/uploads\/2024\/03\/cocktail-class-img.jpeg","datePublished":"2024-03-19T12:24:08+00:00","dateModified":"2025-01-31T10:26:09+00:00","description":"Mallorca-Cocktailkurs. Werden Sie ein Experte. Bereiten Sie Ihre eigenen Cocktails mit Blick auf das Mittelmeer zu und trinken Sie sie!","breadcrumb":{"@id":"https:\/\/fliparas.com\/activity\/mallorca-cocktail-class\/#breadcrumb"},"inLanguage":"de","potentialAction":[{"@type":"ReadAction","target":["https:\/\/fliparas.com\/activity\/mallorca-cocktail-class\/"]}]},{"@type":"ImageObject","inLanguage":"de","@id":"https:\/\/fliparas.com\/activity\/mallorca-cocktail-class\/#primaryimage","url":"https:\/\/fliparas.com\/wp-content\/uploads\/2024\/03\/cocktail-class-img.jpeg","contentUrl":"https:\/\/fliparas.com\/wp-content\/uploads\/2024\/03\/cocktail-class-img.jpeg","width":1024,"height":1024},{"@type":"BreadcrumbList","@id":"https:\/\/fliparas.com\/activity\/mallorca-cocktail-class\/#breadcrumb","itemListElement":[{"@type":"ListItem","position":1,"name":"Home","item":"https:\/\/fliparas.com\/"},{"@type":"ListItem","position":2,"name":"Shop","item":"https:\/\/fliparas.com\/shop\/"},{"@type":"ListItem","position":3,"name":"Mallorca cocktail class"}]},{"@type":"WebSite","@id":"https:\/\/fliparas.com\/#website","url":"https:\/\/fliparas.com\/","name":"Auf Junggesellen- und Junggesellinnenabschiede spezialisierte Agentur","description":"Vertrauen Sie der bestbewerteten Agentur, um einen unvergesslichen Junggesellenabschied in Europa zu organisieren","publisher":{"@id":"https:\/\/fliparas.com\/#organization"},"alternateName":"Fliparas Agency Specialised in Stag and Hen Parties","potentialAction":[{"@type":"SearchAction","target":{"@type":"EntryPoint","urlTemplate":"https:\/\/fliparas.com\/?s={search_term_string}"},"query-input":{"@type":"PropertyValueSpecification","valueRequired":true,"valueName":"search_term_string"}}],"inLanguage":"de"},{"@type":"Organization","@id":"https:\/\/fliparas.com\/#organization","name":"Fliparas","alternateName":"Agency Specialised in Stag and Hen Parties","url":"https:\/\/fliparas.com\/","logo":{"@type":"ImageObject","inLanguage":"de","@id":"https:\/\/fliparas.com\/#\/schema\/logo\/image\/","url":"https:\/\/fliparas.com\/wp-content\/uploads\/2024\/03\/Logo-Fliparas.png","contentUrl":"https:\/\/fliparas.com\/wp-content\/uploads\/2024\/03\/Logo-Fliparas.png","width":1024,"height":1024,"caption":"Fliparas"},"image":{"@id":"https:\/\/fliparas.com\/#\/schema\/logo\/image\/"}}]},"product_price_amount":"55.00","product_price_currency":"EUR","og_availability":"instock","product_availability":"instock","product_condition":"new"},"_links":{"self":[{"href":"https:\/\/fliparas.com\/de\/wp-json\/wp\/v2\/product\/439","targetHints":{"allow":["GET"]}}],"collection":[{"href":"https:\/\/fliparas.com\/de\/wp-json\/wp\/v2\/product"}],"about":[{"href":"https:\/\/fliparas.com\/de\/wp-json\/wp\/v2\/types\/product"}],"wp:featuredmedia":[{"embeddable":true,"href":"https:\/\/fliparas.com\/de\/wp-json\/wp\/v2\/media\/881"}],"wp:attachment":[{"href":"https:\/\/fliparas.com\/de\/wp-json\/wp\/v2\/media?parent=439"}],"wp:term":[{"taxonomy":"product_brand","embeddable":true,"href":"https:\/\/fliparas.com\/de\/wp-json\/wp\/v2\/product_brand?post=439"},{"taxonomy":"product_cat","embeddable":true,"href":"https:\/\/fliparas.com\/de\/wp-json\/wp\/v2\/product_cat?post=439"},{"taxonomy":"product_tag","embeddable":true,"href":"https:\/\/fliparas.com\/de\/wp-json\/wp\/v2\/product_tag?post=439"}],"curies":[{"name":"wp","href":"https:\/\/api.w.org\/{rel}","templated":true}]}}