{"id":441,"date":"2024-03-19T12:24:08","date_gmt":"2024-03-19T12:24:08","guid":{"rendered":"https:\/\/fliparas.com\/?post_type=product&#038;p=441"},"modified":"2025-01-31T11:27:04","modified_gmt":"2025-01-31T10:27:04","slug":"mallorca-beach-club","status":"publish","type":"product","link":"https:\/\/fliparas.com\/de\/tatigkeit\/mallorca-beach-club\/","title":{"rendered":"Mallorca Beach Club"},"content":{"rendered":"<p>Strandclub Mallorca. Beach Club Magaluf. Genie\u00dfen Sie einen hei\u00dfen Tag im Beach Club. Liegest\u00fchle, drei Cocktails und viel Sonne.<\/p>\n<p>Die besten Junggesellenabschiede mit <a href=\"https:\/\/fliparas.com\/de\/junggesellenabschied\/\">Junggesellenabschied<\/a>! <a href=\"https:\/\/fliparas.com\/de\/junggesellinnenabschied\/\">Junggesellinnenabschied<\/a>!<\/p>\n<h2 style=\"text-align: center;\">Mallorca Beach Club \ud83c\udf1e<\/h2>\n<h5>\ud83c\udfd6\ufe0f Willkommen im Beach Club Magaluf o Palma - Ihr Refugium f\u00fcr den Sommerspa\u00df!\ud83c\udf34<\/h5>\n<p>Entdecken Sie das ultimative Entspannungserlebnis auf Mallorca, den Beach Club, der den entspannten Luxus auf Mallorca neu definiert! \ud83c\udf0a<\/p>\n<p>\ud83c\udf1e G\u00f6nnen Sie sich einen sonnigen Ausflug in das Herz der Insel, mit exklusivem Zugang zum Club, VIP-H\u00e4ngematten zum Br\u00e4unen und drei erfrischenden Getr\u00e4nken, die Ihnen den Tag vers\u00fc\u00dfen.<\/p>\n<p>\ud83c\udf05 Tauchen Sie ein in die lebhafte Atmosph\u00e4re des Beach Clubs, wo goldener Sand auf das kristallklare Wasser des Mittelmeers trifft. Genie\u00dfen Sie den Zugang zu unseren VIP-H\u00e4ngematten, die ultimativen Komfort bieten, um sich zu entspannen und jeden Moment unter der strahlenden Sonne von Magaluf oder Palma zu genie\u00dfen.<\/p>\n<p>Drei Getr\u00e4nke Ihrer Wahl vervollst\u00e4ndigen das Erlebnis und bieten eine Palette erlesener Geschmacksrichtungen, die Ihren Gaumen verw\u00f6hnen, w\u00e4hrend Sie die festliche Atmosph\u00e4re genie\u00dfen.<\/p>\n<p>\ud83c\udf34 Ob Sie im Urlaub sind, mit Freunden oder auf der Suche nach einem Moment der Entspannung nach einem Tag des Feierns, Magaluf Beach Club ist der ideale Ort, um das Beste von Mallorca zu genie\u00dfen.<\/p>\n<p>\ud83c\udf1f Buchen Sie jetzt und erleben Sie die Essenz des Sommers im <a href=\"https:\/\/es.wikipedia.org\/wiki\/Magaluf\">Magaluf!<\/a><\/p>\n<p>\ud83c\udf1f Buchen Sie jetzt und erleben Sie die Essenz des Sommers in <a href=\"https:\/\/es.wikipedia.org\/wiki\/Palma_de_Mallorca\">Palma de Mallorca!<\/a><\/p>\n<p>\ud83c\udf89 Unser Beach Club verspricht Ihnen einen unvergesslichen Urlaub, der Raffinesse mit dem entspannten Vergn\u00fcgen des Strandes verbindet. Verpassen Sie nicht die Gelegenheit, bleibende Erinnerungen an einem der beliebtesten Orte der Insel zu schaffen! \ud83c\udfdd\ufe0f<\/p>","protected":false},"excerpt":{"rendered":"<p>Strandclub Mallorca. Beach Club Magaluf. Genie\u00dfen Sie einen hei\u00dfen Tag im Beach Club. Liegest\u00fchle, drei Cocktails und viel Sonne.<\/p>","protected":false},"featured_media":882,"template":"","meta":[],"product_brand":[425],"product_cat":[193,165,194],"product_tag":[255,254],"class_list":{"0":"post-441","1":"product","2":"type-product","3":"status-publish","4":"has-post-thumbnail","6":"product_brand-fliparas-inc","7":"product_cat-hen-party-mallorca","8":"product_cat-mallorca","9":"product_cat-stag-party-mallorca","10":"product_tag-beach-club","11":"product_tag-mallorca-beach-club","13":"first","14":"instock","15":"virtual","16":"sold-individually","17":"purchasable","18":"product-type-booking"},"yoast_head":"<!-- This site is optimized with the Yoast SEO plugin v26.9 - https:\/\/yoast.com\/product\/yoast-seo-wordpress\/ -->\n<title>Mallorca Beach Club<\/title>\n<meta name=\"description\" content=\"Mallorca beach club. Beach Club Magaluf. Enjoy a hot day at the Beach Club. Sun loungers, three cocktails and lots of sun.\" \/>\n<meta name=\"robots\" content=\"index, follow, max-snippet:-1, max-image-preview:large, max-video-preview:-1\" \/>\n<link rel=\"canonical\" href=\"https:\/\/fliparas.com\/de\/tatigkeit\/mallorca-beach-club\/\" \/>\n<meta property=\"og:locale\" content=\"de_DE\" \/>\n<meta property=\"og:type\" content=\"article\" \/>\n<meta property=\"og:title\" content=\"Mallorca Beach Club\" \/>\n<meta property=\"og:description\" content=\"Mallorca beach club. Beach Club Magaluf. Enjoy a hot day at the Beach Club. Sun loungers, three cocktails and lots of sun.\" \/>\n<meta property=\"og:url\" content=\"https:\/\/fliparas.com\/de\/tatigkeit\/mallorca-beach-club\/\" \/>\n<meta property=\"og:site_name\" content=\"Agency Specialised in Stag and Hen Parties\" \/>\n<meta property=\"article:modified_time\" content=\"2025-01-31T10:27:04+00:00\" \/>\n<meta property=\"og:image\" content=\"https:\/\/fliparas.com\/wp-content\/uploads\/2024\/03\/Beach-Club-img.jpeg\" \/>\n\t<meta property=\"og:image:width\" content=\"1024\" \/>\n\t<meta property=\"og:image:height\" content=\"1024\" \/>\n\t<meta property=\"og:image:type\" content=\"image\/jpeg\" \/>\n<meta name=\"twitter:card\" content=\"summary_large_image\" \/>\n<meta name=\"twitter:label1\" content=\"Price\" \/>\n\t<meta name=\"twitter:data1\" content=\"320,00&nbsp;&euro;\" \/>\n\t<meta name=\"twitter:label2\" content=\"Availability\" \/>\n\t<meta name=\"twitter:data2\" content=\"In stock\" \/>\n<script type=\"application\/ld+json\" class=\"yoast-schema-graph\">{\"@context\":\"https:\/\/schema.org\",\"@graph\":[{\"@type\":\"WebPage\",\"@id\":\"https:\/\/fliparas.com\/activity\/mallorca-beach-club\/\",\"url\":\"https:\/\/fliparas.com\/activity\/mallorca-beach-club\/\",\"name\":\"Mallorca Beach Club\",\"isPartOf\":{\"@id\":\"https:\/\/fliparas.com\/#website\"},\"primaryImageOfPage\":{\"@id\":\"https:\/\/fliparas.com\/activity\/mallorca-beach-club\/#primaryimage\"},\"image\":{\"@id\":\"https:\/\/fliparas.com\/activity\/mallorca-beach-club\/#primaryimage\"},\"thumbnailUrl\":\"https:\/\/fliparas.com\/wp-content\/uploads\/2024\/03\/Beach-Club-img.jpeg\",\"datePublished\":\"2024-03-19T12:24:08+00:00\",\"dateModified\":\"2025-01-31T10:27:04+00:00\",\"description\":\"Mallorca beach club. Beach Club Magaluf. Enjoy a hot day at the Beach Club. Sun loungers, three cocktails and lots of sun.\",\"breadcrumb\":{\"@id\":\"https:\/\/fliparas.com\/activity\/mallorca-beach-club\/#breadcrumb\"},\"inLanguage\":\"de\",\"potentialAction\":[{\"@type\":\"ReadAction\",\"target\":[\"https:\/\/fliparas.com\/activity\/mallorca-beach-club\/\"]}]},{\"@type\":\"ImageObject\",\"inLanguage\":\"de\",\"@id\":\"https:\/\/fliparas.com\/activity\/mallorca-beach-club\/#primaryimage\",\"url\":\"https:\/\/fliparas.com\/wp-content\/uploads\/2024\/03\/Beach-Club-img.jpeg\",\"contentUrl\":\"https:\/\/fliparas.com\/wp-content\/uploads\/2024\/03\/Beach-Club-img.jpeg\",\"width\":1024,\"height\":1024},{\"@type\":\"BreadcrumbList\",\"@id\":\"https:\/\/fliparas.com\/activity\/mallorca-beach-club\/#breadcrumb\",\"itemListElement\":[{\"@type\":\"ListItem\",\"position\":1,\"name\":\"Home\",\"item\":\"https:\/\/fliparas.com\/\"},{\"@type\":\"ListItem\",\"position\":2,\"name\":\"Shop\",\"item\":\"https:\/\/fliparas.com\/shop\/\"},{\"@type\":\"ListItem\",\"position\":3,\"name\":\"Mallorca Beach Club\"}]},{\"@type\":\"WebSite\",\"@id\":\"https:\/\/fliparas.com\/#website\",\"url\":\"https:\/\/fliparas.com\/\",\"name\":\"Agency Specialised in Stag and Hen Parties\",\"description\":\"Trust the highest rated agency to organize an unforgettable stag and hen parties in Europe\",\"publisher\":{\"@id\":\"https:\/\/fliparas.com\/#organization\"},\"alternateName\":\"Fliparas Agency Specialised in Stag and Hen Parties\",\"potentialAction\":[{\"@type\":\"SearchAction\",\"target\":{\"@type\":\"EntryPoint\",\"urlTemplate\":\"https:\/\/fliparas.com\/?s={search_term_string}\"},\"query-input\":{\"@type\":\"PropertyValueSpecification\",\"valueRequired\":true,\"valueName\":\"search_term_string\"}}],\"inLanguage\":\"de\"},{\"@type\":\"Organization\",\"@id\":\"https:\/\/fliparas.com\/#organization\",\"name\":\"Fliparas\",\"alternateName\":\"Agency Specialised in Stag and Hen Parties\",\"url\":\"https:\/\/fliparas.com\/\",\"logo\":{\"@type\":\"ImageObject\",\"inLanguage\":\"de\",\"@id\":\"https:\/\/fliparas.com\/#\/schema\/logo\/image\/\",\"url\":\"https:\/\/fliparas.com\/wp-content\/uploads\/2024\/03\/Logo-Fliparas.png\",\"contentUrl\":\"https:\/\/fliparas.com\/wp-content\/uploads\/2024\/03\/Logo-Fliparas.png\",\"width\":1024,\"height\":1024,\"caption\":\"Fliparas\"},\"image\":{\"@id\":\"https:\/\/fliparas.com\/#\/schema\/logo\/image\/\"}}]}<\/script>\n<meta property=\"product:price:amount\" content=\"320.00\" \/>\n<meta property=\"product:price:currency\" content=\"EUR\" \/>\n<meta property=\"og:availability\" content=\"instock\" \/>\n<meta property=\"product:availability\" content=\"instock\" \/>\n<meta property=\"product:condition\" content=\"new\" \/>\n<!-- \/ Yoast SEO plugin. -->","yoast_head_json":{"title":"Mallorca Beach Club","description":"Strandclub Mallorca. Beach Club Magaluf. Genie\u00dfen Sie einen hei\u00dfen Tag im Beach Club. Liegest\u00fchle, drei Cocktails und viel Sonne.","robots":{"index":"index","follow":"follow","max-snippet":"max-snippet:-1","max-image-preview":"max-image-preview:large","max-video-preview":"max-video-preview:-1"},"canonical":"https:\/\/fliparas.com\/de\/tatigkeit\/mallorca-beach-club\/","og_locale":"de_DE","og_type":"article","og_title":"Mallorca Beach Club","og_description":"Mallorca beach club. Beach Club Magaluf. Enjoy a hot day at the Beach Club. Sun loungers, three cocktails and lots of sun.","og_url":"https:\/\/fliparas.com\/de\/tatigkeit\/mallorca-beach-club\/","og_site_name":"Agency Specialised in Stag and Hen Parties","article_modified_time":"2025-01-31T10:27:04+00:00","og_image":[{"width":1024,"height":1024,"url":"https:\/\/fliparas.com\/wp-content\/uploads\/2024\/03\/Beach-Club-img.jpeg","type":"image\/jpeg"}],"twitter_card":"summary_large_image","twitter_misc":{"Price":"320,00&nbsp;&euro;","Availability":"In stock"},"schema":{"@context":"https:\/\/schema.org","@graph":[{"@type":"WebPage","@id":"https:\/\/fliparas.com\/activity\/mallorca-beach-club\/","url":"https:\/\/fliparas.com\/activity\/mallorca-beach-club\/","name":"Mallorca Beach Club","isPartOf":{"@id":"https:\/\/fliparas.com\/#website"},"primaryImageOfPage":{"@id":"https:\/\/fliparas.com\/activity\/mallorca-beach-club\/#primaryimage"},"image":{"@id":"https:\/\/fliparas.com\/activity\/mallorca-beach-club\/#primaryimage"},"thumbnailUrl":"https:\/\/fliparas.com\/wp-content\/uploads\/2024\/03\/Beach-Club-img.jpeg","datePublished":"2024-03-19T12:24:08+00:00","dateModified":"2025-01-31T10:27:04+00:00","description":"Strandclub Mallorca. Beach Club Magaluf. Genie\u00dfen Sie einen hei\u00dfen Tag im Beach Club. Liegest\u00fchle, drei Cocktails und viel Sonne.","breadcrumb":{"@id":"https:\/\/fliparas.com\/activity\/mallorca-beach-club\/#breadcrumb"},"inLanguage":"de","potentialAction":[{"@type":"ReadAction","target":["https:\/\/fliparas.com\/activity\/mallorca-beach-club\/"]}]},{"@type":"ImageObject","inLanguage":"de","@id":"https:\/\/fliparas.com\/activity\/mallorca-beach-club\/#primaryimage","url":"https:\/\/fliparas.com\/wp-content\/uploads\/2024\/03\/Beach-Club-img.jpeg","contentUrl":"https:\/\/fliparas.com\/wp-content\/uploads\/2024\/03\/Beach-Club-img.jpeg","width":1024,"height":1024},{"@type":"BreadcrumbList","@id":"https:\/\/fliparas.com\/activity\/mallorca-beach-club\/#breadcrumb","itemListElement":[{"@type":"ListItem","position":1,"name":"Home","item":"https:\/\/fliparas.com\/"},{"@type":"ListItem","position":2,"name":"Shop","item":"https:\/\/fliparas.com\/shop\/"},{"@type":"ListItem","position":3,"name":"Mallorca Beach Club"}]},{"@type":"WebSite","@id":"https:\/\/fliparas.com\/#website","url":"https:\/\/fliparas.com\/","name":"Auf Junggesellen- und Junggesellinnenabschiede spezialisierte Agentur","description":"Vertrauen Sie der bestbewerteten Agentur, um einen unvergesslichen Junggesellenabschied in Europa zu organisieren","publisher":{"@id":"https:\/\/fliparas.com\/#organization"},"alternateName":"Fliparas Agency Specialised in Stag and Hen Parties","potentialAction":[{"@type":"SearchAction","target":{"@type":"EntryPoint","urlTemplate":"https:\/\/fliparas.com\/?s={search_term_string}"},"query-input":{"@type":"PropertyValueSpecification","valueRequired":true,"valueName":"search_term_string"}}],"inLanguage":"de"},{"@type":"Organization","@id":"https:\/\/fliparas.com\/#organization","name":"Fliparas","alternateName":"Agency Specialised in Stag and Hen Parties","url":"https:\/\/fliparas.com\/","logo":{"@type":"ImageObject","inLanguage":"de","@id":"https:\/\/fliparas.com\/#\/schema\/logo\/image\/","url":"https:\/\/fliparas.com\/wp-content\/uploads\/2024\/03\/Logo-Fliparas.png","contentUrl":"https:\/\/fliparas.com\/wp-content\/uploads\/2024\/03\/Logo-Fliparas.png","width":1024,"height":1024,"caption":"Fliparas"},"image":{"@id":"https:\/\/fliparas.com\/#\/schema\/logo\/image\/"}}]},"product_price_amount":"320.00","product_price_currency":"EUR","og_availability":"instock","product_availability":"instock","product_condition":"new"},"_links":{"self":[{"href":"https:\/\/fliparas.com\/de\/wp-json\/wp\/v2\/product\/441","targetHints":{"allow":["GET"]}}],"collection":[{"href":"https:\/\/fliparas.com\/de\/wp-json\/wp\/v2\/product"}],"about":[{"href":"https:\/\/fliparas.com\/de\/wp-json\/wp\/v2\/types\/product"}],"wp:featuredmedia":[{"embeddable":true,"href":"https:\/\/fliparas.com\/de\/wp-json\/wp\/v2\/media\/882"}],"wp:attachment":[{"href":"https:\/\/fliparas.com\/de\/wp-json\/wp\/v2\/media?parent=441"}],"wp:term":[{"taxonomy":"product_brand","embeddable":true,"href":"https:\/\/fliparas.com\/de\/wp-json\/wp\/v2\/product_brand?post=441"},{"taxonomy":"product_cat","embeddable":true,"href":"https:\/\/fliparas.com\/de\/wp-json\/wp\/v2\/product_cat?post=441"},{"taxonomy":"product_tag","embeddable":true,"href":"https:\/\/fliparas.com\/de\/wp-json\/wp\/v2\/product_tag?post=441"}],"curies":[{"name":"wp","href":"https:\/\/api.w.org\/{rel}","templated":true}]}}