{"id":446,"date":"2024-03-19T12:24:08","date_gmt":"2024-03-19T12:24:08","guid":{"rendered":"https:\/\/fliparas.com\/?post_type=product&#038;p=446"},"modified":"2025-01-31T11:27:03","modified_gmt":"2025-01-31T10:27:03","slug":"discobus-mallorca","status":"publish","type":"product","link":"https:\/\/fliparas.com\/de\/tatigkeit\/discobus-mallorca\/","title":{"rendered":"DiscoBus Mallorca"},"content":{"rendered":"<p>DiscoBus Mallorca: Genie\u00dfen Sie eine Stunde im Bus mit Musik und drei Flaschen Cava.<\/p>\n<p>Die besten Junggesellenabschiede mit <a href=\"https:\/\/fliparas.com\/de\/junggesellenabschied\/\">Junggesellenabschied<\/a>! <a href=\"https:\/\/fliparas.com\/de\/junggesellinnenabschied\/\">Junggesellinnenabschied<\/a>!<\/p>\n<h2 style=\"text-align: center;\">DiscoBus Mallorca \ud83c\udf89<\/h2>\n<h5>\ud83d\ude8c\ud83c\udf89 Willkommen an Bord des Partybus Mallorca! \ud83c\udf34\ud83e\udd42<\/h5>\n<p>Erleben Sie ein unvergessliches Partyerlebnis auf Mallorca mit unserem DiscoBus Mallorca! \ud83d\ude8c\ud83c\udfb6 Versammeln Sie Ihre 16-k\u00f6pfige Gruppe f\u00fcr eine Stunde reinen Bewegungsspa\u00df, bei dem die Party nie aufh\u00f6rt.<\/p>\n<p>\ud83c\udf1f Vollst\u00e4ndige Individualisierung: W\u00e4hlen Sie Ihren Start- und Endpunkt, legen Sie Ihre Lieblingsmusik auf und gestalten Sie das Erlebnis ganz nach Ihren W\u00fcnschen. Der Partybus gibt Ihnen die totale Flexibilit\u00e4t, um eine Party zu gestalten, die zu Ihnen passt.<\/p>\n<p>\ud83e\udd42 Festliche Atmosph\u00e4re: Genie\u00dfen Sie die festliche Atmosph\u00e4re mit einer Stunde schwungvoller Musik und drei Flaschen Cava, um Ihre Reise mit einer prickelnden Note zu versehen. Nichts macht mehr Spa\u00df, als in Bewegung zu feiern!<\/p>\n<p>\ud83c\udf8a Eine denkw\u00fcrdige Reise: Genie\u00dfen Sie die Landschaft Mallorcas, w\u00e4hrend Sie tanzen, lachen und unvergessliche Momente mit Ihren Freunden teilen. Unser Partybus verwandelt einen einfachen Ausflug in ein aufregendes Abenteuer.<\/p>\n<p>\ud83c\udf34 Buchen Sie jetzt f\u00fcr eine Party auf dem Sprung! W\u00e4hlen Sie zwischen dem <a href=\"https:\/\/es.wikipedia.org\/wiki\/Palma_de_Mallorca\">Palma<\/a> oder die Region Magaluf.<\/p>\n<p>Verpassen Sie nicht diese einzigartige Gelegenheit, Reisen und Unterhaltung zu verbinden. Der Partybus Mallorca ist Ihr Ticket f\u00fcr eine Stunde ununterbrochene Party unter der Sonne des Mittelmeers. Begeben Sie sich auf eine einzigartige Erfahrung und reisen Sie mit Stil und Glamour! \ud83c\udf1f\ud83d\ude8c\ud83c\udf8a<\/p>","protected":false},"excerpt":{"rendered":"<p>DiscoBus Mallorca: Genie\u00dfen Sie eine Stunde im Bus mit Musik und drei Flaschen Cava.<\/p>","protected":false},"featured_media":854,"template":"","meta":[],"product_brand":[425],"product_cat":[193,165,194],"product_tag":[236,235],"class_list":{"0":"post-446","1":"product","2":"type-product","3":"status-publish","4":"has-post-thumbnail","6":"product_brand-fliparas-inc","7":"product_cat-hen-party-mallorca","8":"product_cat-mallorca","9":"product_cat-stag-party-mallorca","10":"product_tag-discobus","11":"product_tag-discobus-mallorca","13":"first","14":"instock","15":"virtual","16":"sold-individually","17":"purchasable","18":"product-type-booking"},"yoast_head":"<!-- This site is optimized with the Yoast SEO plugin v26.9 - https:\/\/yoast.com\/product\/yoast-seo-wordpress\/ -->\n<title>DiscoBus Mallorca<\/title>\n<meta name=\"description\" content=\"DiscoBus Mallorca.Enjoy an hour on the bus with music and three bottles of cava. PartyBus Mallorca. Partybus Mallorca.\" \/>\n<meta name=\"robots\" content=\"index, follow, max-snippet:-1, max-image-preview:large, max-video-preview:-1\" \/>\n<link rel=\"canonical\" href=\"https:\/\/fliparas.com\/de\/tatigkeit\/discobus-mallorca\/\" \/>\n<meta property=\"og:locale\" content=\"de_DE\" \/>\n<meta property=\"og:type\" content=\"article\" \/>\n<meta property=\"og:title\" content=\"DiscoBus Mallorca\" \/>\n<meta property=\"og:description\" content=\"DiscoBus Mallorca.Enjoy an hour on the bus with music and three bottles of cava. PartyBus Mallorca. Partybus Mallorca.\" \/>\n<meta property=\"og:url\" content=\"https:\/\/fliparas.com\/de\/tatigkeit\/discobus-mallorca\/\" \/>\n<meta property=\"og:site_name\" content=\"Agency Specialised in Stag and Hen Parties\" \/>\n<meta property=\"article:modified_time\" content=\"2025-01-31T10:27:03+00:00\" \/>\n<meta property=\"og:image\" content=\"https:\/\/fliparas.com\/wp-content\/uploads\/2024\/03\/DiscoBus-img-1.jpeg\" \/>\n\t<meta property=\"og:image:width\" content=\"1024\" \/>\n\t<meta property=\"og:image:height\" content=\"1024\" \/>\n\t<meta property=\"og:image:type\" content=\"image\/jpeg\" \/>\n<meta name=\"twitter:card\" content=\"summary_large_image\" \/>\n<meta name=\"twitter:label1\" content=\"Price\" \/>\n\t<meta name=\"twitter:data1\" content=\"450,00&nbsp;&euro;\" \/>\n\t<meta name=\"twitter:label2\" content=\"Availability\" \/>\n\t<meta name=\"twitter:data2\" content=\"In stock\" \/>\n<script type=\"application\/ld+json\" class=\"yoast-schema-graph\">{\"@context\":\"https:\/\/schema.org\",\"@graph\":[{\"@type\":\"WebPage\",\"@id\":\"https:\/\/fliparas.com\/activity\/discobus-mallorca\/\",\"url\":\"https:\/\/fliparas.com\/activity\/discobus-mallorca\/\",\"name\":\"DiscoBus Mallorca\",\"isPartOf\":{\"@id\":\"https:\/\/fliparas.com\/#website\"},\"primaryImageOfPage\":{\"@id\":\"https:\/\/fliparas.com\/activity\/discobus-mallorca\/#primaryimage\"},\"image\":{\"@id\":\"https:\/\/fliparas.com\/activity\/discobus-mallorca\/#primaryimage\"},\"thumbnailUrl\":\"https:\/\/fliparas.com\/wp-content\/uploads\/2024\/03\/DiscoBus-img-1.jpeg\",\"datePublished\":\"2024-03-19T12:24:08+00:00\",\"dateModified\":\"2025-01-31T10:27:03+00:00\",\"description\":\"DiscoBus Mallorca.Enjoy an hour on the bus with music and three bottles of cava. PartyBus Mallorca. Partybus Mallorca.\",\"breadcrumb\":{\"@id\":\"https:\/\/fliparas.com\/activity\/discobus-mallorca\/#breadcrumb\"},\"inLanguage\":\"de\",\"potentialAction\":[{\"@type\":\"ReadAction\",\"target\":[\"https:\/\/fliparas.com\/activity\/discobus-mallorca\/\"]}]},{\"@type\":\"ImageObject\",\"inLanguage\":\"de\",\"@id\":\"https:\/\/fliparas.com\/activity\/discobus-mallorca\/#primaryimage\",\"url\":\"https:\/\/fliparas.com\/wp-content\/uploads\/2024\/03\/DiscoBus-img-1.jpeg\",\"contentUrl\":\"https:\/\/fliparas.com\/wp-content\/uploads\/2024\/03\/DiscoBus-img-1.jpeg\",\"width\":1024,\"height\":1024},{\"@type\":\"BreadcrumbList\",\"@id\":\"https:\/\/fliparas.com\/activity\/discobus-mallorca\/#breadcrumb\",\"itemListElement\":[{\"@type\":\"ListItem\",\"position\":1,\"name\":\"Home\",\"item\":\"https:\/\/fliparas.com\/\"},{\"@type\":\"ListItem\",\"position\":2,\"name\":\"Shop\",\"item\":\"https:\/\/fliparas.com\/shop\/\"},{\"@type\":\"ListItem\",\"position\":3,\"name\":\"DiscoBus Mallorca\"}]},{\"@type\":\"WebSite\",\"@id\":\"https:\/\/fliparas.com\/#website\",\"url\":\"https:\/\/fliparas.com\/\",\"name\":\"Agency Specialised in Stag and Hen Parties\",\"description\":\"Trust the highest rated agency to organize an unforgettable stag and hen parties in Europe\",\"publisher\":{\"@id\":\"https:\/\/fliparas.com\/#organization\"},\"alternateName\":\"Fliparas Agency Specialised in Stag and Hen Parties\",\"potentialAction\":[{\"@type\":\"SearchAction\",\"target\":{\"@type\":\"EntryPoint\",\"urlTemplate\":\"https:\/\/fliparas.com\/?s={search_term_string}\"},\"query-input\":{\"@type\":\"PropertyValueSpecification\",\"valueRequired\":true,\"valueName\":\"search_term_string\"}}],\"inLanguage\":\"de\"},{\"@type\":\"Organization\",\"@id\":\"https:\/\/fliparas.com\/#organization\",\"name\":\"Fliparas\",\"alternateName\":\"Agency Specialised in Stag and Hen Parties\",\"url\":\"https:\/\/fliparas.com\/\",\"logo\":{\"@type\":\"ImageObject\",\"inLanguage\":\"de\",\"@id\":\"https:\/\/fliparas.com\/#\/schema\/logo\/image\/\",\"url\":\"https:\/\/fliparas.com\/wp-content\/uploads\/2024\/03\/Logo-Fliparas.png\",\"contentUrl\":\"https:\/\/fliparas.com\/wp-content\/uploads\/2024\/03\/Logo-Fliparas.png\",\"width\":1024,\"height\":1024,\"caption\":\"Fliparas\"},\"image\":{\"@id\":\"https:\/\/fliparas.com\/#\/schema\/logo\/image\/\"}}]}<\/script>\n<meta property=\"product:price:amount\" content=\"450.00\" \/>\n<meta property=\"product:price:currency\" content=\"EUR\" \/>\n<meta property=\"og:availability\" content=\"instock\" \/>\n<meta property=\"product:availability\" content=\"instock\" \/>\n<meta property=\"product:condition\" content=\"new\" \/>\n<!-- \/ Yoast SEO plugin. -->","yoast_head_json":{"title":"DiscoBus Mallorca","description":"DiscoBus Mallorca: Genie\u00dfen Sie eine Stunde im Bus mit Musik und drei Flaschen Cava. PartyBus Mallorca. Partybus Mallorca.","robots":{"index":"index","follow":"follow","max-snippet":"max-snippet:-1","max-image-preview":"max-image-preview:large","max-video-preview":"max-video-preview:-1"},"canonical":"https:\/\/fliparas.com\/de\/tatigkeit\/discobus-mallorca\/","og_locale":"de_DE","og_type":"article","og_title":"DiscoBus Mallorca","og_description":"DiscoBus Mallorca.Enjoy an hour on the bus with music and three bottles of cava. PartyBus Mallorca. Partybus Mallorca.","og_url":"https:\/\/fliparas.com\/de\/tatigkeit\/discobus-mallorca\/","og_site_name":"Agency Specialised in Stag and Hen Parties","article_modified_time":"2025-01-31T10:27:03+00:00","og_image":[{"width":1024,"height":1024,"url":"https:\/\/fliparas.com\/wp-content\/uploads\/2024\/03\/DiscoBus-img-1.jpeg","type":"image\/jpeg"}],"twitter_card":"summary_large_image","twitter_misc":{"Price":"450,00&nbsp;&euro;","Availability":"In stock"},"schema":{"@context":"https:\/\/schema.org","@graph":[{"@type":"WebPage","@id":"https:\/\/fliparas.com\/activity\/discobus-mallorca\/","url":"https:\/\/fliparas.com\/activity\/discobus-mallorca\/","name":"DiscoBus Mallorca","isPartOf":{"@id":"https:\/\/fliparas.com\/#website"},"primaryImageOfPage":{"@id":"https:\/\/fliparas.com\/activity\/discobus-mallorca\/#primaryimage"},"image":{"@id":"https:\/\/fliparas.com\/activity\/discobus-mallorca\/#primaryimage"},"thumbnailUrl":"https:\/\/fliparas.com\/wp-content\/uploads\/2024\/03\/DiscoBus-img-1.jpeg","datePublished":"2024-03-19T12:24:08+00:00","dateModified":"2025-01-31T10:27:03+00:00","description":"DiscoBus Mallorca: Genie\u00dfen Sie eine Stunde im Bus mit Musik und drei Flaschen Cava. PartyBus Mallorca. Partybus Mallorca.","breadcrumb":{"@id":"https:\/\/fliparas.com\/activity\/discobus-mallorca\/#breadcrumb"},"inLanguage":"de","potentialAction":[{"@type":"ReadAction","target":["https:\/\/fliparas.com\/activity\/discobus-mallorca\/"]}]},{"@type":"ImageObject","inLanguage":"de","@id":"https:\/\/fliparas.com\/activity\/discobus-mallorca\/#primaryimage","url":"https:\/\/fliparas.com\/wp-content\/uploads\/2024\/03\/DiscoBus-img-1.jpeg","contentUrl":"https:\/\/fliparas.com\/wp-content\/uploads\/2024\/03\/DiscoBus-img-1.jpeg","width":1024,"height":1024},{"@type":"BreadcrumbList","@id":"https:\/\/fliparas.com\/activity\/discobus-mallorca\/#breadcrumb","itemListElement":[{"@type":"ListItem","position":1,"name":"Home","item":"https:\/\/fliparas.com\/"},{"@type":"ListItem","position":2,"name":"Shop","item":"https:\/\/fliparas.com\/shop\/"},{"@type":"ListItem","position":3,"name":"DiscoBus Mallorca"}]},{"@type":"WebSite","@id":"https:\/\/fliparas.com\/#website","url":"https:\/\/fliparas.com\/","name":"Auf Junggesellen- und Junggesellinnenabschiede spezialisierte Agentur","description":"Vertrauen Sie der bestbewerteten Agentur, um einen unvergesslichen Junggesellenabschied in Europa zu organisieren","publisher":{"@id":"https:\/\/fliparas.com\/#organization"},"alternateName":"Fliparas Agency Specialised in Stag and Hen Parties","potentialAction":[{"@type":"SearchAction","target":{"@type":"EntryPoint","urlTemplate":"https:\/\/fliparas.com\/?s={search_term_string}"},"query-input":{"@type":"PropertyValueSpecification","valueRequired":true,"valueName":"search_term_string"}}],"inLanguage":"de"},{"@type":"Organization","@id":"https:\/\/fliparas.com\/#organization","name":"Fliparas","alternateName":"Agency Specialised in Stag and Hen Parties","url":"https:\/\/fliparas.com\/","logo":{"@type":"ImageObject","inLanguage":"de","@id":"https:\/\/fliparas.com\/#\/schema\/logo\/image\/","url":"https:\/\/fliparas.com\/wp-content\/uploads\/2024\/03\/Logo-Fliparas.png","contentUrl":"https:\/\/fliparas.com\/wp-content\/uploads\/2024\/03\/Logo-Fliparas.png","width":1024,"height":1024,"caption":"Fliparas"},"image":{"@id":"https:\/\/fliparas.com\/#\/schema\/logo\/image\/"}}]},"product_price_amount":"450.00","product_price_currency":"EUR","og_availability":"instock","product_availability":"instock","product_condition":"new"},"_links":{"self":[{"href":"https:\/\/fliparas.com\/de\/wp-json\/wp\/v2\/product\/446","targetHints":{"allow":["GET"]}}],"collection":[{"href":"https:\/\/fliparas.com\/de\/wp-json\/wp\/v2\/product"}],"about":[{"href":"https:\/\/fliparas.com\/de\/wp-json\/wp\/v2\/types\/product"}],"wp:featuredmedia":[{"embeddable":true,"href":"https:\/\/fliparas.com\/de\/wp-json\/wp\/v2\/media\/854"}],"wp:attachment":[{"href":"https:\/\/fliparas.com\/de\/wp-json\/wp\/v2\/media?parent=446"}],"wp:term":[{"taxonomy":"product_brand","embeddable":true,"href":"https:\/\/fliparas.com\/de\/wp-json\/wp\/v2\/product_brand?post=446"},{"taxonomy":"product_cat","embeddable":true,"href":"https:\/\/fliparas.com\/de\/wp-json\/wp\/v2\/product_cat?post=446"},{"taxonomy":"product_tag","embeddable":true,"href":"https:\/\/fliparas.com\/de\/wp-json\/wp\/v2\/product_tag?post=446"}],"curies":[{"name":"wp","href":"https:\/\/api.w.org\/{rel}","templated":true}]}}