{"id":450,"date":"2024-03-19T12:24:08","date_gmt":"2024-03-19T12:24:08","guid":{"rendered":"https:\/\/fliparas.com\/?post_type=product&#038;p=450"},"modified":"2025-03-10T16:18:43","modified_gmt":"2025-03-10T15:18:43","slug":"striper-mallorca","status":"publish","type":"product","link":"https:\/\/fliparas.com\/de\/tatigkeit\/striper-mallorca\/","title":{"rendered":"Striper Man Mallorca"},"content":{"rendered":"<p>Striptease Mann Mallorca. M\u00e4nnerstriptease. Mallorca Stripper. Drehen Sie die Hitze mit dem sexy T\u00e4nzer auf, der die Braut dazu bringt, ans Heiraten zu denken. Muskeln und Feuer pur.<\/p>\n<p>Die besten Junggesellen- und Junggesellinnenabschiede mit <a href=\"https:\/\/fliparas.com\/de\/junggesellenabschied\/\">Junggesellenabschied<\/a>! <a href=\"https:\/\/fliparas.com\/de\/junggesellinnenabschied\/\">Junggesellinnenabschied<\/a>!<\/p>\n<h2 style=\"text-align: center;\">Striper Man Mallorca \ud83d\udd25.<\/h2>\n<h4>Erlebe Sinnlichkeit und Spa\u00df: ein wirklich sexy Mann, der bereit ist, seine Braut zu verf\u00fchren! \ud83c\udfb6<\/h4>\n<p>Buchen Sie einen Moment der puren Erotik und des Vergn\u00fcgens mit unserer exklusiven f\u00fcnfzehnmin\u00fctigen sinnlichen Tanzshow. Ein Mann mit einem Killer-K\u00f6rper, der bereit ist, der Braut zu zeigen, dass es vielleicht nicht die beste Idee ist, zu heiraten.....<\/p>\n<p>\ud83c\udf1f Erotik in ihrer reinsten Form:<\/p>\n<p>Unser Mann wird nicht nur einen Stuhl benutzen, um die Braut zu begr\u00fc\u00dfen, er wird sie auch dazu bringen, im Rhythmus der sinnlichsten Musik zu tanzen. Die Temperatur wird so stark ansteigen, dass er sich ausziehen muss....<\/p>\n<p>\ud83d\udc83 Ein ma\u00dfgeschneidertes Erlebnis:<\/p>\n<p>Bei dieser Show dreht sich alles um die Braut. Die T\u00e4nzerin bewegt sich, wohin Sie wollen, und garantiert Ihnen ein pers\u00f6nliches und einzigartiges Erlebnis. In einem intimen Rahmen zu Hause oder an einem besonderen Ort, bereiten Sie sich darauf vor, der Star einer unvergesslichen Show zu sein.<\/p>\n<p>\ud83d\udd25 Eine Show, die einen bleibenden Eindruck hinterl\u00e4sst:<\/p>\n<p>Die sinnliche Atmosph\u00e4re, die steigende Temperatur und all deine Freundinnen, die die sexy Bewegungen des Kerls beobachten. Jede Bewegung ist darauf ausgelegt, zu erregen...<\/p>\n<p>Genie\u00dfen Sie die S\u00fcnde in <a href=\"https:\/\/es.wikipedia.org\/wiki\/Mallorca\">Mallorca. <\/a><\/p>\n<p style=\"text-align: center;\">Wahlm\u00f6glichkeit zwischen Palma und Magaluf (Preise variieren).<\/p>\n<p style=\"text-align: center;\">Buchen Sie Striper Man Mallorca!<\/p>\n<p>&nbsp;<\/p>","protected":false},"excerpt":{"rendered":"<p>Striptease Mann Mallorca. M\u00e4nnerstriptease. Mallorca Stripper. Drehen Sie die Hitze mit dem sexy T\u00e4nzer auf, der die Braut dazu bringt, ans Heiraten zu denken. Muskeln und Feuer pur.<\/p>","protected":false},"featured_media":872,"template":"","meta":[],"product_brand":[425],"product_cat":[193,165,194],"product_tag":[243,244],"class_list":{"0":"post-450","1":"product","2":"type-product","3":"status-publish","4":"has-post-thumbnail","6":"product_brand-fliparas-inc","7":"product_cat-hen-party-mallorca","8":"product_cat-mallorca","9":"product_cat-stag-party-mallorca","10":"product_tag-striper-man-mallorca","11":"product_tag-stripper-man-mallorca","13":"first","14":"instock","15":"virtual","16":"sold-individually","17":"purchasable","18":"product-type-booking"},"yoast_head":"<!-- This site is optimized with the Yoast SEO plugin v26.9 - https:\/\/yoast.com\/product\/yoast-seo-wordpress\/ -->\n<title>Striper Man Mallorca<\/title>\n<meta name=\"description\" content=\"Striper Man Mallorca. Male striptease. Turn up the heat with the sexy dancer who will make the bride think about getting married.\" \/>\n<meta name=\"robots\" content=\"index, follow, max-snippet:-1, max-image-preview:large, max-video-preview:-1\" \/>\n<link rel=\"canonical\" href=\"https:\/\/fliparas.com\/de\/tatigkeit\/striper-mallorca\/\" \/>\n<meta property=\"og:locale\" content=\"de_DE\" \/>\n<meta property=\"og:type\" content=\"article\" \/>\n<meta property=\"og:title\" content=\"Striper Man Mallorca\" \/>\n<meta property=\"og:description\" content=\"Striper Man Mallorca. Male striptease. Turn up the heat with the sexy dancer who will make the bride think about getting married.\" \/>\n<meta property=\"og:url\" content=\"https:\/\/fliparas.com\/de\/tatigkeit\/striper-mallorca\/\" \/>\n<meta property=\"og:site_name\" content=\"Agency Specialised in Stag and Hen Parties\" \/>\n<meta property=\"article:modified_time\" content=\"2025-03-10T15:18:43+00:00\" \/>\n<meta property=\"og:image\" content=\"https:\/\/fliparas.com\/wp-content\/uploads\/2024\/03\/Striper-Man-img.jpeg\" \/>\n\t<meta property=\"og:image:width\" content=\"1080\" \/>\n\t<meta property=\"og:image:height\" content=\"1080\" \/>\n\t<meta property=\"og:image:type\" content=\"image\/jpeg\" \/>\n<meta name=\"twitter:card\" content=\"summary_large_image\" \/>\n<meta name=\"twitter:label1\" content=\"Price\" \/>\n\t<meta name=\"twitter:data1\" content=\"220,00&nbsp;&euro;\" \/>\n\t<meta name=\"twitter:label2\" content=\"Availability\" \/>\n\t<meta name=\"twitter:data2\" content=\"In stock\" \/>\n<script type=\"application\/ld+json\" class=\"yoast-schema-graph\">{\"@context\":\"https:\/\/schema.org\",\"@graph\":[{\"@type\":\"WebPage\",\"@id\":\"https:\/\/fliparas.com\/activity\/striper-man-mallorca\/\",\"url\":\"https:\/\/fliparas.com\/activity\/striper-man-mallorca\/\",\"name\":\"Striper Man Mallorca\",\"isPartOf\":{\"@id\":\"https:\/\/fliparas.com\/#website\"},\"primaryImageOfPage\":{\"@id\":\"https:\/\/fliparas.com\/activity\/striper-man-mallorca\/#primaryimage\"},\"image\":{\"@id\":\"https:\/\/fliparas.com\/activity\/striper-man-mallorca\/#primaryimage\"},\"thumbnailUrl\":\"https:\/\/fliparas.com\/wp-content\/uploads\/2024\/03\/Striper-Man-img.jpeg\",\"datePublished\":\"2024-03-19T12:24:08+00:00\",\"dateModified\":\"2025-03-10T15:18:43+00:00\",\"description\":\"Striper Man Mallorca. Male striptease. Turn up the heat with the sexy dancer who will make the bride think about getting married.\",\"breadcrumb\":{\"@id\":\"https:\/\/fliparas.com\/activity\/striper-man-mallorca\/#breadcrumb\"},\"inLanguage\":\"de\",\"potentialAction\":[{\"@type\":\"ReadAction\",\"target\":[\"https:\/\/fliparas.com\/activity\/striper-man-mallorca\/\"]}]},{\"@type\":\"ImageObject\",\"inLanguage\":\"de\",\"@id\":\"https:\/\/fliparas.com\/activity\/striper-man-mallorca\/#primaryimage\",\"url\":\"https:\/\/fliparas.com\/wp-content\/uploads\/2024\/03\/Striper-Man-img.jpeg\",\"contentUrl\":\"https:\/\/fliparas.com\/wp-content\/uploads\/2024\/03\/Striper-Man-img.jpeg\",\"width\":1080,\"height\":1080},{\"@type\":\"BreadcrumbList\",\"@id\":\"https:\/\/fliparas.com\/activity\/striper-man-mallorca\/#breadcrumb\",\"itemListElement\":[{\"@type\":\"ListItem\",\"position\":1,\"name\":\"Home\",\"item\":\"https:\/\/fliparas.com\/\"},{\"@type\":\"ListItem\",\"position\":2,\"name\":\"Shop\",\"item\":\"https:\/\/fliparas.com\/shop\/\"},{\"@type\":\"ListItem\",\"position\":3,\"name\":\"Striper Man Mallorca\"}]},{\"@type\":\"WebSite\",\"@id\":\"https:\/\/fliparas.com\/#website\",\"url\":\"https:\/\/fliparas.com\/\",\"name\":\"Agency Specialised in Stag and Hen Parties\",\"description\":\"Trust the highest rated agency to organize an unforgettable stag and hen parties in Europe\",\"publisher\":{\"@id\":\"https:\/\/fliparas.com\/#organization\"},\"alternateName\":\"Fliparas Agency Specialised in Stag and Hen Parties\",\"potentialAction\":[{\"@type\":\"SearchAction\",\"target\":{\"@type\":\"EntryPoint\",\"urlTemplate\":\"https:\/\/fliparas.com\/?s={search_term_string}\"},\"query-input\":{\"@type\":\"PropertyValueSpecification\",\"valueRequired\":true,\"valueName\":\"search_term_string\"}}],\"inLanguage\":\"de\"},{\"@type\":\"Organization\",\"@id\":\"https:\/\/fliparas.com\/#organization\",\"name\":\"Fliparas\",\"alternateName\":\"Agency Specialised in Stag and Hen Parties\",\"url\":\"https:\/\/fliparas.com\/\",\"logo\":{\"@type\":\"ImageObject\",\"inLanguage\":\"de\",\"@id\":\"https:\/\/fliparas.com\/#\/schema\/logo\/image\/\",\"url\":\"https:\/\/fliparas.com\/wp-content\/uploads\/2024\/03\/Logo-Fliparas.png\",\"contentUrl\":\"https:\/\/fliparas.com\/wp-content\/uploads\/2024\/03\/Logo-Fliparas.png\",\"width\":1024,\"height\":1024,\"caption\":\"Fliparas\"},\"image\":{\"@id\":\"https:\/\/fliparas.com\/#\/schema\/logo\/image\/\"}}]}<\/script>\n<meta property=\"product:price:amount\" content=\"220.00\" \/>\n<meta property=\"product:price:currency\" content=\"EUR\" \/>\n<meta property=\"og:availability\" content=\"instock\" \/>\n<meta property=\"product:availability\" content=\"instock\" \/>\n<meta property=\"product:condition\" content=\"new\" \/>\n<!-- \/ Yoast SEO plugin. -->","yoast_head_json":{"title":"Striper Man Mallorca","description":"Striptease Mann Mallorca. M\u00e4nnlicher Striptease. Drehen Sie die Hitze mit dem sexy T\u00e4nzer, der die Braut \u00fcber das Heiraten denken wird.","robots":{"index":"index","follow":"follow","max-snippet":"max-snippet:-1","max-image-preview":"max-image-preview:large","max-video-preview":"max-video-preview:-1"},"canonical":"https:\/\/fliparas.com\/de\/tatigkeit\/striper-mallorca\/","og_locale":"de_DE","og_type":"article","og_title":"Striper Man Mallorca","og_description":"Striper Man Mallorca. Male striptease. Turn up the heat with the sexy dancer who will make the bride think about getting married.","og_url":"https:\/\/fliparas.com\/de\/tatigkeit\/striper-mallorca\/","og_site_name":"Agency Specialised in Stag and Hen Parties","article_modified_time":"2025-03-10T15:18:43+00:00","og_image":[{"width":1080,"height":1080,"url":"https:\/\/fliparas.com\/wp-content\/uploads\/2024\/03\/Striper-Man-img.jpeg","type":"image\/jpeg"}],"twitter_card":"summary_large_image","twitter_misc":{"Price":"220,00&nbsp;&euro;","Availability":"In stock"},"schema":{"@context":"https:\/\/schema.org","@graph":[{"@type":"WebPage","@id":"https:\/\/fliparas.com\/activity\/striper-man-mallorca\/","url":"https:\/\/fliparas.com\/activity\/striper-man-mallorca\/","name":"Striper Man Mallorca","isPartOf":{"@id":"https:\/\/fliparas.com\/#website"},"primaryImageOfPage":{"@id":"https:\/\/fliparas.com\/activity\/striper-man-mallorca\/#primaryimage"},"image":{"@id":"https:\/\/fliparas.com\/activity\/striper-man-mallorca\/#primaryimage"},"thumbnailUrl":"https:\/\/fliparas.com\/wp-content\/uploads\/2024\/03\/Striper-Man-img.jpeg","datePublished":"2024-03-19T12:24:08+00:00","dateModified":"2025-03-10T15:18:43+00:00","description":"Striptease Mann Mallorca. M\u00e4nnlicher Striptease. Drehen Sie die Hitze mit dem sexy T\u00e4nzer, der die Braut \u00fcber das Heiraten denken wird.","breadcrumb":{"@id":"https:\/\/fliparas.com\/activity\/striper-man-mallorca\/#breadcrumb"},"inLanguage":"de","potentialAction":[{"@type":"ReadAction","target":["https:\/\/fliparas.com\/activity\/striper-man-mallorca\/"]}]},{"@type":"ImageObject","inLanguage":"de","@id":"https:\/\/fliparas.com\/activity\/striper-man-mallorca\/#primaryimage","url":"https:\/\/fliparas.com\/wp-content\/uploads\/2024\/03\/Striper-Man-img.jpeg","contentUrl":"https:\/\/fliparas.com\/wp-content\/uploads\/2024\/03\/Striper-Man-img.jpeg","width":1080,"height":1080},{"@type":"BreadcrumbList","@id":"https:\/\/fliparas.com\/activity\/striper-man-mallorca\/#breadcrumb","itemListElement":[{"@type":"ListItem","position":1,"name":"Home","item":"https:\/\/fliparas.com\/"},{"@type":"ListItem","position":2,"name":"Shop","item":"https:\/\/fliparas.com\/shop\/"},{"@type":"ListItem","position":3,"name":"Striper Man Mallorca"}]},{"@type":"WebSite","@id":"https:\/\/fliparas.com\/#website","url":"https:\/\/fliparas.com\/","name":"Auf Junggesellen- und Junggesellinnenabschiede spezialisierte Agentur","description":"Vertrauen Sie der bestbewerteten Agentur, um einen unvergesslichen Junggesellenabschied in Europa zu organisieren","publisher":{"@id":"https:\/\/fliparas.com\/#organization"},"alternateName":"Fliparas Agency Specialised in Stag and Hen Parties","potentialAction":[{"@type":"SearchAction","target":{"@type":"EntryPoint","urlTemplate":"https:\/\/fliparas.com\/?s={search_term_string}"},"query-input":{"@type":"PropertyValueSpecification","valueRequired":true,"valueName":"search_term_string"}}],"inLanguage":"de"},{"@type":"Organization","@id":"https:\/\/fliparas.com\/#organization","name":"Fliparas","alternateName":"Agency Specialised in Stag and Hen Parties","url":"https:\/\/fliparas.com\/","logo":{"@type":"ImageObject","inLanguage":"de","@id":"https:\/\/fliparas.com\/#\/schema\/logo\/image\/","url":"https:\/\/fliparas.com\/wp-content\/uploads\/2024\/03\/Logo-Fliparas.png","contentUrl":"https:\/\/fliparas.com\/wp-content\/uploads\/2024\/03\/Logo-Fliparas.png","width":1024,"height":1024,"caption":"Fliparas"},"image":{"@id":"https:\/\/fliparas.com\/#\/schema\/logo\/image\/"}}]},"product_price_amount":"220.00","product_price_currency":"EUR","og_availability":"instock","product_availability":"instock","product_condition":"new"},"_links":{"self":[{"href":"https:\/\/fliparas.com\/de\/wp-json\/wp\/v2\/product\/450","targetHints":{"allow":["GET"]}}],"collection":[{"href":"https:\/\/fliparas.com\/de\/wp-json\/wp\/v2\/product"}],"about":[{"href":"https:\/\/fliparas.com\/de\/wp-json\/wp\/v2\/types\/product"}],"wp:featuredmedia":[{"embeddable":true,"href":"https:\/\/fliparas.com\/de\/wp-json\/wp\/v2\/media\/872"}],"wp:attachment":[{"href":"https:\/\/fliparas.com\/de\/wp-json\/wp\/v2\/media?parent=450"}],"wp:term":[{"taxonomy":"product_brand","embeddable":true,"href":"https:\/\/fliparas.com\/de\/wp-json\/wp\/v2\/product_brand?post=450"},{"taxonomy":"product_cat","embeddable":true,"href":"https:\/\/fliparas.com\/de\/wp-json\/wp\/v2\/product_cat?post=450"},{"taxonomy":"product_tag","embeddable":true,"href":"https:\/\/fliparas.com\/de\/wp-json\/wp\/v2\/product_tag?post=450"}],"curies":[{"name":"wp","href":"https:\/\/api.w.org\/{rel}","templated":true}]}}